{"id":1033,"date":"2016-03-11T09:28:34","date_gmt":"2016-03-11T09:28:34","guid":{"rendered":"http:\/\/www.top10casinowebsites.net\/?page_id=1033"},"modified":"2017-10-06T18:14:01","modified_gmt":"2017-10-06T18:14:01","slug":"uber-uns","status":"publish","type":"page","link":"https:\/\/www.top10casinowebsites.net\/de\/uber-uns","title":{"rendered":"\u00dcber uns"},"content":{"rendered":"<p>Die Website wurde zusammengestellt in der Hoffnung, dass wir Ihnen helfen k\u00f6nnen, schnell und einfach, ein vollkommen lizensiertes und reguliertes, sowie faires Onlinecasino zu finden, in dem Sie spielen. Um uns zu erm\u00f6glichen, dies zu tun, haben wir viele Monate damit zugebracht, eine Menge relevante Daten und Fakten zu sammeln die es uns erm\u00f6glicht haben, unsere Leitf\u00e4den und Onlinecasino-Artikel zu erstellen.<\/p>\n<p>Wir ermutigen unsere Casinobesucher aktiv mit uns in Kontakt zu treten, wenn es spezifische Anregungen f\u00fcr Leitf\u00e4den oder andere Casino-Artikel haben.<\/p>\n<p>Sollten Sie w\u00fcnschen, mit uns in Kontakt zu treten, dann m\u00fcssen Sie nat\u00fcrlich alle unsere Kontaktdaten finden Sie auf der Seite Kontakt dieser Website aufgelistet. Bitte genie\u00dfen Sie Ihren Besuch auf der Top 10 Casino Websites Website f\u00fcr Wir sind stolz auf die Menge der Informationen, die wir unseren Besuchern der Website zur Verf\u00fcgung gestellt haben und die wir st\u00e4ndig Aktualisieren dieser Seite mit noch mehr Informationen.<\/p>\n<p>Wenn Sie mit uns in Kontakt treten wollen, finden Sie alle wichtigen Informationen auf unsere Kontakt-Seite. Bitte genie\u00dfen Sie Ihren Aufenthalt auf Top 10 Casino Websites. Wir sind sehr stolz die auf die Menge von Informationen, die wir bieten und stetig aktualisieren.<\/p>\n","protected":false},"excerpt":{"rendered":"<p>Die Website wurde zusammengestellt in der Hoffnung, dass wir Ihnen helfen k\u00f6nnen, schnell und einfach, ein vollkommen lizensiertes und reguliertes, sowie faires Onlinecasino zu finden, in dem Sie spielen. Um uns zu erm\u00f6glichen, dies zu tun, haben wir viele Monate damit zugebracht, eine Menge relevante Daten und Fakten zu sammeln die es uns erm\u00f6glicht haben, [&hellip;]<\/p>\n","protected":false},"author":4,"featured_media":0,"parent":0,"menu_order":0,"comment_status":"closed","ping_status":"closed","template":"","meta":{"_acf_changed":false,"footnotes":""},"class_list":["post-1033","page","type-page","status-publish","hentry"],"acf":[],"yoast_head":"<!-- This site is optimized with the Yoast SEO plugin v27.4 - https:\/\/yoast.com\/product\/yoast-seo-wordpress\/ -->\n<title>\u00dcber uns<\/title>\n<meta name=\"description\" content=\"Dies ist die \u201e\u00dcber uns\u201c-Seite von Top 10 Casino Websites.\" \/>\n<meta name=\"robots\" content=\"noindex, follow, max-snippet:-1, max-image-preview:large, max-video-preview:-1\" \/>\n<meta property=\"og:locale\" content=\"en_US\" \/>\n<meta property=\"og:type\" content=\"article\" \/>\n<meta property=\"og:title\" content=\"\u00dcber uns\" \/>\n<meta property=\"og:description\" content=\"Dies ist die \u201e\u00dcber uns\u201c-Seite von Top 10 Casino Websites.\" \/>\n<meta property=\"og:url\" content=\"https:\/\/www.top10casinowebsites.net\/de\/uber-uns\" \/>\n<meta property=\"og:site_name\" content=\"DE\" \/>\n<meta property=\"article:modified_time\" content=\"2017-10-06T18:14:01+00:00\" \/>\n<meta name=\"twitter:card\" content=\"summary_large_image\" \/>\n<meta name=\"twitter:label1\" content=\"Est. reading time\" \/>\n\t<meta name=\"twitter:data1\" content=\"1 minute\" \/>\n<script type=\"application\/ld+json\" class=\"yoast-schema-graph\">{\"@context\":\"https:\\\/\\\/schema.org\",\"@graph\":[{\"@type\":\"WebPage\",\"@id\":\"https:\\\/\\\/www.top10casinowebsites.net\\\/de\\\/uber-uns\",\"url\":\"https:\\\/\\\/www.top10casinowebsites.net\\\/de\\\/uber-uns\",\"name\":\"\u00dcber uns\",\"isPartOf\":{\"@id\":\"https:\\\/\\\/www.top10casinowebsites.net\\\/de\\\/#website\"},\"datePublished\":\"2016-03-11T09:28:34+00:00\",\"dateModified\":\"2017-10-06T18:14:01+00:00\",\"description\":\"Dies ist die \u201e\u00dcber uns\u201c-Seite von Top 10 Casino Websites.\",\"breadcrumb\":{\"@id\":\"https:\\\/\\\/www.top10casinowebsites.net\\\/de\\\/uber-uns#breadcrumb\"},\"inLanguage\":\"en-US\",\"potentialAction\":[{\"@type\":\"ReadAction\",\"target\":[\"https:\\\/\\\/www.top10casinowebsites.net\\\/de\\\/uber-uns\"]}]},{\"@type\":\"BreadcrumbList\",\"@id\":\"https:\\\/\\\/www.top10casinowebsites.net\\\/de\\\/uber-uns#breadcrumb\",\"itemListElement\":[{\"@type\":\"ListItem\",\"position\":1,\"name\":\"Home\",\"item\":\"https:\\\/\\\/www.top10casinowebsites.net\\\/de\\\/\"},{\"@type\":\"ListItem\",\"position\":2,\"name\":\"\u00dcber uns\"}]},{\"@type\":\"WebSite\",\"@id\":\"https:\\\/\\\/www.top10casinowebsites.net\\\/de\\\/#website\",\"url\":\"https:\\\/\\\/www.top10casinowebsites.net\\\/de\\\/\",\"name\":\"DE\",\"description\":\"\",\"potentialAction\":[{\"@type\":\"SearchAction\",\"target\":{\"@type\":\"EntryPoint\",\"urlTemplate\":\"https:\\\/\\\/www.top10casinowebsites.net\\\/de\\\/?s={search_term_string}\"},\"query-input\":{\"@type\":\"PropertyValueSpecification\",\"valueRequired\":true,\"valueName\":\"search_term_string\"}}],\"inLanguage\":\"en-US\"}]}<\/script>\n<!-- \/ Yoast SEO plugin. -->","yoast_head_json":{"title":"\u00dcber uns","description":"Dies ist die \u201e\u00dcber uns\u201c-Seite von Top 10 Casino Websites.","robots":{"index":"noindex","follow":"follow","max-snippet":"max-snippet:-1","max-image-preview":"max-image-preview:large","max-video-preview":"max-video-preview:-1"},"og_locale":"en_US","og_type":"article","og_title":"\u00dcber uns","og_description":"Dies ist die \u201e\u00dcber uns\u201c-Seite von Top 10 Casino Websites.","og_url":"https:\/\/www.top10casinowebsites.net\/de\/uber-uns","og_site_name":"DE","article_modified_time":"2017-10-06T18:14:01+00:00","twitter_card":"summary_large_image","twitter_misc":{"Est. reading time":"1 minute"},"schema":{"@context":"https:\/\/schema.org","@graph":[{"@type":"WebPage","@id":"https:\/\/www.top10casinowebsites.net\/de\/uber-uns","url":"https:\/\/www.top10casinowebsites.net\/de\/uber-uns","name":"\u00dcber uns","isPartOf":{"@id":"https:\/\/www.top10casinowebsites.net\/de\/#website"},"datePublished":"2016-03-11T09:28:34+00:00","dateModified":"2017-10-06T18:14:01+00:00","description":"Dies ist die \u201e\u00dcber uns\u201c-Seite von Top 10 Casino Websites.","breadcrumb":{"@id":"https:\/\/www.top10casinowebsites.net\/de\/uber-uns#breadcrumb"},"inLanguage":"en-US","potentialAction":[{"@type":"ReadAction","target":["https:\/\/www.top10casinowebsites.net\/de\/uber-uns"]}]},{"@type":"BreadcrumbList","@id":"https:\/\/www.top10casinowebsites.net\/de\/uber-uns#breadcrumb","itemListElement":[{"@type":"ListItem","position":1,"name":"Home","item":"https:\/\/www.top10casinowebsites.net\/de\/"},{"@type":"ListItem","position":2,"name":"\u00dcber uns"}]},{"@type":"WebSite","@id":"https:\/\/www.top10casinowebsites.net\/de\/#website","url":"https:\/\/www.top10casinowebsites.net\/de\/","name":"DE","description":"","potentialAction":[{"@type":"SearchAction","target":{"@type":"EntryPoint","urlTemplate":"https:\/\/www.top10casinowebsites.net\/de\/?s={search_term_string}"},"query-input":{"@type":"PropertyValueSpecification","valueRequired":true,"valueName":"search_term_string"}}],"inLanguage":"en-US"}]}},"_links":{"self":[{"href":"https:\/\/www.top10casinowebsites.net\/de\/wp-json\/wp\/v2\/pages\/1033","targetHints":{"allow":["GET"]}}],"collection":[{"href":"https:\/\/www.top10casinowebsites.net\/de\/wp-json\/wp\/v2\/pages"}],"about":[{"href":"https:\/\/www.top10casinowebsites.net\/de\/wp-json\/wp\/v2\/types\/page"}],"author":[{"embeddable":true,"href":"https:\/\/www.top10casinowebsites.net\/de\/wp-json\/wp\/v2\/users\/4"}],"replies":[{"embeddable":true,"href":"https:\/\/www.top10casinowebsites.net\/de\/wp-json\/wp\/v2\/comments?post=1033"}],"version-history":[{"count":0,"href":"https:\/\/www.top10casinowebsites.net\/de\/wp-json\/wp\/v2\/pages\/1033\/revisions"}],"wp:attachment":[{"href":"https:\/\/www.top10casinowebsites.net\/de\/wp-json\/wp\/v2\/media?parent=1033"}],"curies":[{"name":"wp","href":"https:\/\/api.w.org\/{rel}","templated":true}]}}