{"id":1035,"date":"2016-03-11T09:29:31","date_gmt":"2016-03-11T09:29:31","guid":{"rendered":"http:\/\/www.top10casinowebsites.net\/?page_id=1035"},"modified":"2017-10-06T18:16:08","modified_gmt":"2017-10-06T18:16:08","slug":"kontakt","status":"publish","type":"page","link":"https:\/\/www.top10casinowebsites.net\/de\/kontakt","title":{"rendered":"Kontaktieren Sie uns"},"content":{"rendered":"<p>Sie sind mehr als willkommen mit uns hier auf Top 10 Casino Website in Kontakt zu treten. Wir haben zwei E-Mail-Adressen zur Verf\u00fcgung, auf der Sie genau das tun k\u00f6nnen.<\/p>\n<p>Sollten Sie Fragen zu unserer Website haben, m\u00f6chten Sie uns Feedback geben, uns ein bestimmtes Online Casino empfehlen oder Nachrichten oder Artikel f\u00fcr unsere Website schicken, so setzen Sie sich bitte mit uns in Verbindung und senden Sie uns einfach eine E-Mail an die folgende E-Mail-Adresse:\u00a0<a href=\"mailto:info@top10casinowebsites.net\"><strong>info@top10casinowebsites.net<\/strong><\/a><\/p>\n<p>Wenn Sie m\u00f6chten, dass wir Ihre Casino-Website auf unserer Website weiterempfeheln, dann k\u00f6nnen Sie uns \u00fcber folgende E-Mail Adresse kontaktieren: <a href=\"mailto:Sales@top10casinowebsites.net\"><strong>Sales@top10casinowebsites.net<\/strong><\/a><\/p>\n<p>Dies ist auch diese E-Mail Adresse, die Sie kontaktieren sollten, wenn Sie Marketing- oder Vertriebsfragen haben.<\/p>\n<p>Wir bem\u00fchen uns, alle Fragen so schnell wie m\u00f6glich per E-Mail zu beantworten. Au\u00dferdem verf\u00fcgen wir \u00fcber strenge Datenschutzrichtlinien.<\/p>\n<p>Daher wird Ihre E-Mail-Adresse niemals f\u00fcr andere Zwecke als zu beantworten Ihrer E-Mail genutzt. Unsere Datenschutzrichtlinien k\u00f6nnen Sie auf der daf\u00fcr entsprechenden Seite durchlesen.<\/p>\n\r\n<!-- Super Simple Contact Form -->\r\n<!-- Support URL: http:\/\/shinraholdings.com\/plugins\/super-simple-contact-form\/ -->\r\n\r\n<div class=\"sscf-wrapper\">\r\n\t<form action=\"\" method=\"post\">\r\n\t\t\r\n\t\t<p id=\"sscf-name-wrapper\" class=\"sscf-input-wrapper\">\r\n\t\t\t<label for=\"sscf_name\">Your name:<\/label>\r\n\t\t\t<input type=\"text\" name=\"sscf_name\" id=\"sscf_name\" value=\"\" \/>\r\n\t\t<\/p>\r\n\r\n\t\t<p id=\"sscf-from-wrapper\" class=\"sscf-input-wrapper\">\r\n\t\t\t<label for=\"sscf_from\">Your email:<\/label>\r\n\t\t\t<input type=\"text\" name=\"sscf_from\" id=\"sscf_from\" value=\"\" \/>\r\n\t\t\t<\/p>\r\n\r\n\t\t<p id=\"sscf-subject-wrapper\" class=\"sscf-input-wrapper\">\r\n\t\t\t<label for=\"sscf_subject\">Subject:<\/label>\r\n\t\t\t<input type=\"text\" name=\"sscf_subject\" id=\"sscf_subject\" value=\"\" \/>\r\n\t\t<\/p>\r\n\r\n\t\t<p id=\"sscf-message-wrapper\" class=\"sscf-input-wrapper\">\r\n\t\t\t<label for=\"sscf_message\">Message:<\/label>\r\n\t\t\t<textarea name=\"sscf_message\" id=\"sscf_message\" cols=\"45\" rows=\"5\"><\/textarea>\r\n\t\t<\/p>\r\n\r\n\t\t<p id=\"sscf-submit-wrapper\">\r\n\t\t\t<input type=\"submit\" name=\"submit\" id=\"submit\" value=\"Send\" class=\"sscf-submit\"\/>\r\n\t\t<\/p>\r\n\r\n\t\t<p class=\"sscf-clear\"><\/p>\r\n\r\n\t<\/form>\r\n<\/div><!-- \/.sscf-wrapper -->\r\n\r\n<!-- \/\/ Super Simple Contact Form -->\r\n\n","protected":false},"excerpt":{"rendered":"<p>Sie sind mehr als willkommen mit uns hier auf Top 10 Casino Website in Kontakt zu treten. Wir haben zwei E-Mail-Adressen zur Verf\u00fcgung, auf der Sie genau das tun k\u00f6nnen. Sollten Sie Fragen zu unserer Website haben, m\u00f6chten Sie uns Feedback geben, uns ein bestimmtes Online Casino empfehlen oder Nachrichten oder Artikel f\u00fcr unsere Website [&hellip;]<\/p>\n","protected":false},"author":4,"featured_media":0,"parent":0,"menu_order":0,"comment_status":"closed","ping_status":"closed","template":"","meta":{"_acf_changed":false,"footnotes":""},"class_list":["post-1035","page","type-page","status-publish","hentry"],"acf":[],"yoast_head":"<!-- This site is optimized with the Yoast SEO plugin v27.4 - https:\/\/yoast.com\/product\/yoast-seo-wordpress\/ -->\n<title>Kontaktieren Sie uns<\/title>\n<meta name=\"description\" content=\"Dies ist die Kontakt-Seite von Top 10 Casino Websites\" \/>\n<meta name=\"robots\" content=\"noindex, follow, max-snippet:-1, max-image-preview:large, max-video-preview:-1\" \/>\n<meta property=\"og:locale\" content=\"en_US\" \/>\n<meta property=\"og:type\" content=\"article\" \/>\n<meta property=\"og:title\" content=\"Kontaktieren Sie uns\" \/>\n<meta property=\"og:description\" content=\"Dies ist die Kontakt-Seite von Top 10 Casino Websites\" \/>\n<meta property=\"og:url\" content=\"https:\/\/www.top10casinowebsites.net\/de\/kontakt\" \/>\n<meta property=\"og:site_name\" content=\"DE\" \/>\n<meta property=\"article:modified_time\" content=\"2017-10-06T18:16:08+00:00\" \/>\n<meta name=\"twitter:card\" content=\"summary_large_image\" \/>\n<meta name=\"twitter:label1\" content=\"Est. reading time\" \/>\n\t<meta name=\"twitter:data1\" content=\"1 minute\" \/>\n<script type=\"application\/ld+json\" class=\"yoast-schema-graph\">{\"@context\":\"https:\\\/\\\/schema.org\",\"@graph\":[{\"@type\":\"WebPage\",\"@id\":\"https:\\\/\\\/www.top10casinowebsites.net\\\/de\\\/kontakt\",\"url\":\"https:\\\/\\\/www.top10casinowebsites.net\\\/de\\\/kontakt\",\"name\":\"Kontaktieren Sie uns\",\"isPartOf\":{\"@id\":\"https:\\\/\\\/www.top10casinowebsites.net\\\/de\\\/#website\"},\"datePublished\":\"2016-03-11T09:29:31+00:00\",\"dateModified\":\"2017-10-06T18:16:08+00:00\",\"description\":\"Dies ist die Kontakt-Seite von Top 10 Casino Websites\",\"breadcrumb\":{\"@id\":\"https:\\\/\\\/www.top10casinowebsites.net\\\/de\\\/kontakt#breadcrumb\"},\"inLanguage\":\"en-US\",\"potentialAction\":[{\"@type\":\"ReadAction\",\"target\":[\"https:\\\/\\\/www.top10casinowebsites.net\\\/de\\\/kontakt\"]}]},{\"@type\":\"BreadcrumbList\",\"@id\":\"https:\\\/\\\/www.top10casinowebsites.net\\\/de\\\/kontakt#breadcrumb\",\"itemListElement\":[{\"@type\":\"ListItem\",\"position\":1,\"name\":\"Home\",\"item\":\"https:\\\/\\\/www.top10casinowebsites.net\\\/de\\\/\"},{\"@type\":\"ListItem\",\"position\":2,\"name\":\"Kontaktieren Sie uns\"}]},{\"@type\":\"WebSite\",\"@id\":\"https:\\\/\\\/www.top10casinowebsites.net\\\/de\\\/#website\",\"url\":\"https:\\\/\\\/www.top10casinowebsites.net\\\/de\\\/\",\"name\":\"DE\",\"description\":\"\",\"potentialAction\":[{\"@type\":\"SearchAction\",\"target\":{\"@type\":\"EntryPoint\",\"urlTemplate\":\"https:\\\/\\\/www.top10casinowebsites.net\\\/de\\\/?s={search_term_string}\"},\"query-input\":{\"@type\":\"PropertyValueSpecification\",\"valueRequired\":true,\"valueName\":\"search_term_string\"}}],\"inLanguage\":\"en-US\"}]}<\/script>\n<!-- \/ Yoast SEO plugin. -->","yoast_head_json":{"title":"Kontaktieren Sie uns","description":"Dies ist die Kontakt-Seite von Top 10 Casino Websites","robots":{"index":"noindex","follow":"follow","max-snippet":"max-snippet:-1","max-image-preview":"max-image-preview:large","max-video-preview":"max-video-preview:-1"},"og_locale":"en_US","og_type":"article","og_title":"Kontaktieren Sie uns","og_description":"Dies ist die Kontakt-Seite von Top 10 Casino Websites","og_url":"https:\/\/www.top10casinowebsites.net\/de\/kontakt","og_site_name":"DE","article_modified_time":"2017-10-06T18:16:08+00:00","twitter_card":"summary_large_image","twitter_misc":{"Est. reading time":"1 minute"},"schema":{"@context":"https:\/\/schema.org","@graph":[{"@type":"WebPage","@id":"https:\/\/www.top10casinowebsites.net\/de\/kontakt","url":"https:\/\/www.top10casinowebsites.net\/de\/kontakt","name":"Kontaktieren Sie uns","isPartOf":{"@id":"https:\/\/www.top10casinowebsites.net\/de\/#website"},"datePublished":"2016-03-11T09:29:31+00:00","dateModified":"2017-10-06T18:16:08+00:00","description":"Dies ist die Kontakt-Seite von Top 10 Casino Websites","breadcrumb":{"@id":"https:\/\/www.top10casinowebsites.net\/de\/kontakt#breadcrumb"},"inLanguage":"en-US","potentialAction":[{"@type":"ReadAction","target":["https:\/\/www.top10casinowebsites.net\/de\/kontakt"]}]},{"@type":"BreadcrumbList","@id":"https:\/\/www.top10casinowebsites.net\/de\/kontakt#breadcrumb","itemListElement":[{"@type":"ListItem","position":1,"name":"Home","item":"https:\/\/www.top10casinowebsites.net\/de\/"},{"@type":"ListItem","position":2,"name":"Kontaktieren Sie uns"}]},{"@type":"WebSite","@id":"https:\/\/www.top10casinowebsites.net\/de\/#website","url":"https:\/\/www.top10casinowebsites.net\/de\/","name":"DE","description":"","potentialAction":[{"@type":"SearchAction","target":{"@type":"EntryPoint","urlTemplate":"https:\/\/www.top10casinowebsites.net\/de\/?s={search_term_string}"},"query-input":{"@type":"PropertyValueSpecification","valueRequired":true,"valueName":"search_term_string"}}],"inLanguage":"en-US"}]}},"_links":{"self":[{"href":"https:\/\/www.top10casinowebsites.net\/de\/wp-json\/wp\/v2\/pages\/1035","targetHints":{"allow":["GET"]}}],"collection":[{"href":"https:\/\/www.top10casinowebsites.net\/de\/wp-json\/wp\/v2\/pages"}],"about":[{"href":"https:\/\/www.top10casinowebsites.net\/de\/wp-json\/wp\/v2\/types\/page"}],"author":[{"embeddable":true,"href":"https:\/\/www.top10casinowebsites.net\/de\/wp-json\/wp\/v2\/users\/4"}],"replies":[{"embeddable":true,"href":"https:\/\/www.top10casinowebsites.net\/de\/wp-json\/wp\/v2\/comments?post=1035"}],"version-history":[{"count":1,"href":"https:\/\/www.top10casinowebsites.net\/de\/wp-json\/wp\/v2\/pages\/1035\/revisions"}],"predecessor-version":[{"id":2169,"href":"https:\/\/www.top10casinowebsites.net\/de\/wp-json\/wp\/v2\/pages\/1035\/revisions\/2169"}],"wp:attachment":[{"href":"https:\/\/www.top10casinowebsites.net\/de\/wp-json\/wp\/v2\/media?parent=1035"}],"curies":[{"name":"wp","href":"https:\/\/api.w.org\/{rel}","templated":true}]}}