{"id":1045,"date":"2016-03-11T09:34:09","date_gmt":"2016-03-11T09:34:09","guid":{"rendered":"http:\/\/www.top10casinowebsites.net\/?page_id=1045"},"modified":"2017-10-06T18:19:32","modified_gmt":"2017-10-06T18:19:32","slug":"datenschutz","status":"publish","type":"page","link":"https:\/\/www.top10casinowebsites.net\/de\/datenschutz","title":{"rendered":"Datenschutz"},"content":{"rendered":"<p>Jeder Besucher unserer Website kann sich sicher sein, dass wir seine Privatsph\u00e4re sehr ernst nehmen. Wenn Sie unsere Website besuchen, brauchen Sie sich niemals anzumelden, um Zugriff auf einen bestimmten Bereich zu erlangen. Dies bedeutet nat\u00fcrlich auch, dass Sie jederzeit kommen und gehen k\u00f6nnen und das vollkommen anonym.<\/p>\n<p>Wir m\u00f6chten auch darauf hinweisen, dass sollten Sie sich mit uns, aus irgendeinem Grund, in Verbindung setzen, Sie die Kontaktinformationen im Bereich &#8220;Kontakt&#8221; auf dieser Website finden. Wir werden Ihre E-Mail niemals f\u00fcr andere Zwecke, als zur Beantwortung der Frage nutzen, die Sie uns gestellt haben.<\/p>\n<p>Wir haben und werden niemals jegliche Art von Marketing- oder Werbe-E-Mails versenden. Au\u00dferdem werden wir Sie niemals anfragen, sich in irgendeinen Bereich unserer Website einzutragen. Jede Seite, die wir verlinken, hat ihre eigenen Datenschutzrichtlinien.<\/p>\n","protected":false},"excerpt":{"rendered":"<p>Jeder Besucher unserer Website kann sich sicher sein, dass wir seine Privatsph\u00e4re sehr ernst nehmen. Wenn Sie unsere Website besuchen, brauchen Sie sich niemals anzumelden, um Zugriff auf einen bestimmten Bereich zu erlangen. Dies bedeutet nat\u00fcrlich auch, dass Sie jederzeit kommen und gehen k\u00f6nnen und das vollkommen anonym. Wir m\u00f6chten auch darauf hinweisen, dass sollten [&hellip;]<\/p>\n","protected":false},"author":4,"featured_media":0,"parent":0,"menu_order":0,"comment_status":"closed","ping_status":"closed","template":"","meta":{"_acf_changed":false,"footnotes":""},"class_list":["post-1045","page","type-page","status-publish","hentry"],"acf":[],"yoast_head":"<!-- This site is optimized with the Yoast SEO plugin v27.4 - https:\/\/yoast.com\/product\/yoast-seo-wordpress\/ -->\n<title>Datenschutz<\/title>\n<meta name=\"description\" content=\"Dies ist die Datenschutzerkl\u00e4rung von Top 10 Casino Websites\" \/>\n<meta name=\"robots\" content=\"noindex, follow, max-snippet:-1, max-image-preview:large, max-video-preview:-1\" \/>\n<meta property=\"og:locale\" content=\"en_US\" \/>\n<meta property=\"og:type\" content=\"article\" \/>\n<meta property=\"og:title\" content=\"Datenschutz\" \/>\n<meta property=\"og:description\" content=\"Dies ist die Datenschutzerkl\u00e4rung von Top 10 Casino Websites\" \/>\n<meta property=\"og:url\" content=\"https:\/\/www.top10casinowebsites.net\/de\/datenschutz\" \/>\n<meta property=\"og:site_name\" content=\"DE\" \/>\n<meta property=\"article:modified_time\" content=\"2017-10-06T18:19:32+00:00\" \/>\n<meta name=\"twitter:card\" content=\"summary_large_image\" \/>\n<meta name=\"twitter:label1\" content=\"Est. reading time\" \/>\n\t<meta name=\"twitter:data1\" content=\"1 minute\" \/>\n<script type=\"application\/ld+json\" class=\"yoast-schema-graph\">{\"@context\":\"https:\\\/\\\/schema.org\",\"@graph\":[{\"@type\":\"WebPage\",\"@id\":\"https:\\\/\\\/www.top10casinowebsites.net\\\/de\\\/datenschutz\",\"url\":\"https:\\\/\\\/www.top10casinowebsites.net\\\/de\\\/datenschutz\",\"name\":\"Datenschutz\",\"isPartOf\":{\"@id\":\"https:\\\/\\\/www.top10casinowebsites.net\\\/de\\\/#website\"},\"datePublished\":\"2016-03-11T09:34:09+00:00\",\"dateModified\":\"2017-10-06T18:19:32+00:00\",\"description\":\"Dies ist die Datenschutzerkl\u00e4rung von Top 10 Casino Websites\",\"breadcrumb\":{\"@id\":\"https:\\\/\\\/www.top10casinowebsites.net\\\/de\\\/datenschutz#breadcrumb\"},\"inLanguage\":\"en-US\",\"potentialAction\":[{\"@type\":\"ReadAction\",\"target\":[\"https:\\\/\\\/www.top10casinowebsites.net\\\/de\\\/datenschutz\"]}]},{\"@type\":\"BreadcrumbList\",\"@id\":\"https:\\\/\\\/www.top10casinowebsites.net\\\/de\\\/datenschutz#breadcrumb\",\"itemListElement\":[{\"@type\":\"ListItem\",\"position\":1,\"name\":\"Home\",\"item\":\"https:\\\/\\\/www.top10casinowebsites.net\\\/de\\\/\"},{\"@type\":\"ListItem\",\"position\":2,\"name\":\"Datenschutz\"}]},{\"@type\":\"WebSite\",\"@id\":\"https:\\\/\\\/www.top10casinowebsites.net\\\/de\\\/#website\",\"url\":\"https:\\\/\\\/www.top10casinowebsites.net\\\/de\\\/\",\"name\":\"DE\",\"description\":\"\",\"potentialAction\":[{\"@type\":\"SearchAction\",\"target\":{\"@type\":\"EntryPoint\",\"urlTemplate\":\"https:\\\/\\\/www.top10casinowebsites.net\\\/de\\\/?s={search_term_string}\"},\"query-input\":{\"@type\":\"PropertyValueSpecification\",\"valueRequired\":true,\"valueName\":\"search_term_string\"}}],\"inLanguage\":\"en-US\"}]}<\/script>\n<!-- \/ Yoast SEO plugin. -->","yoast_head_json":{"title":"Datenschutz","description":"Dies ist die Datenschutzerkl\u00e4rung von Top 10 Casino Websites","robots":{"index":"noindex","follow":"follow","max-snippet":"max-snippet:-1","max-image-preview":"max-image-preview:large","max-video-preview":"max-video-preview:-1"},"og_locale":"en_US","og_type":"article","og_title":"Datenschutz","og_description":"Dies ist die Datenschutzerkl\u00e4rung von Top 10 Casino Websites","og_url":"https:\/\/www.top10casinowebsites.net\/de\/datenschutz","og_site_name":"DE","article_modified_time":"2017-10-06T18:19:32+00:00","twitter_card":"summary_large_image","twitter_misc":{"Est. reading time":"1 minute"},"schema":{"@context":"https:\/\/schema.org","@graph":[{"@type":"WebPage","@id":"https:\/\/www.top10casinowebsites.net\/de\/datenschutz","url":"https:\/\/www.top10casinowebsites.net\/de\/datenschutz","name":"Datenschutz","isPartOf":{"@id":"https:\/\/www.top10casinowebsites.net\/de\/#website"},"datePublished":"2016-03-11T09:34:09+00:00","dateModified":"2017-10-06T18:19:32+00:00","description":"Dies ist die Datenschutzerkl\u00e4rung von Top 10 Casino Websites","breadcrumb":{"@id":"https:\/\/www.top10casinowebsites.net\/de\/datenschutz#breadcrumb"},"inLanguage":"en-US","potentialAction":[{"@type":"ReadAction","target":["https:\/\/www.top10casinowebsites.net\/de\/datenschutz"]}]},{"@type":"BreadcrumbList","@id":"https:\/\/www.top10casinowebsites.net\/de\/datenschutz#breadcrumb","itemListElement":[{"@type":"ListItem","position":1,"name":"Home","item":"https:\/\/www.top10casinowebsites.net\/de\/"},{"@type":"ListItem","position":2,"name":"Datenschutz"}]},{"@type":"WebSite","@id":"https:\/\/www.top10casinowebsites.net\/de\/#website","url":"https:\/\/www.top10casinowebsites.net\/de\/","name":"DE","description":"","potentialAction":[{"@type":"SearchAction","target":{"@type":"EntryPoint","urlTemplate":"https:\/\/www.top10casinowebsites.net\/de\/?s={search_term_string}"},"query-input":{"@type":"PropertyValueSpecification","valueRequired":true,"valueName":"search_term_string"}}],"inLanguage":"en-US"}]}},"_links":{"self":[{"href":"https:\/\/www.top10casinowebsites.net\/de\/wp-json\/wp\/v2\/pages\/1045","targetHints":{"allow":["GET"]}}],"collection":[{"href":"https:\/\/www.top10casinowebsites.net\/de\/wp-json\/wp\/v2\/pages"}],"about":[{"href":"https:\/\/www.top10casinowebsites.net\/de\/wp-json\/wp\/v2\/types\/page"}],"author":[{"embeddable":true,"href":"https:\/\/www.top10casinowebsites.net\/de\/wp-json\/wp\/v2\/users\/4"}],"replies":[{"embeddable":true,"href":"https:\/\/www.top10casinowebsites.net\/de\/wp-json\/wp\/v2\/comments?post=1045"}],"version-history":[{"count":0,"href":"https:\/\/www.top10casinowebsites.net\/de\/wp-json\/wp\/v2\/pages\/1045\/revisions"}],"wp:attachment":[{"href":"https:\/\/www.top10casinowebsites.net\/de\/wp-json\/wp\/v2\/media?parent=1045"}],"curies":[{"name":"wp","href":"https:\/\/api.w.org\/{rel}","templated":true}]}}