{"id":1049,"date":"2016-03-11T09:36:22","date_gmt":"2016-03-11T09:36:22","guid":{"rendered":"http:\/\/www.top10casinowebsites.net\/?page_id=1049"},"modified":"2017-10-06T18:21:53","modified_gmt":"2017-10-06T18:21:53","slug":"agbs","status":"publish","type":"page","link":"https:\/\/www.top10casinowebsites.net\/de\/agbs","title":{"rendered":"AGBs"},"content":{"rendered":"<p>Es steht Ihnen frei, unsere Website jederzeit zu besuchen und zu verlassen. Seien Sie sich bitte bewusst, dass alle hier verwendeten Bilder, Inhalte und Formate, urheberrechtlich gesch\u00fctzt sind und Sie diese nicht, ohne unsere Zustimmung, wiederverwenden oder kopieren d\u00fcrfen. Wenn Sie uns aufgrund dessen kontaktieren m\u00f6chten, finden Sie weitere Informationen auf unsere Kontakt-Seite.<\/p>\n<p>Bitte auch voll und ganz bewusst werden Wir betreiben eine sehr strenge Datenschutzrichtlinien, die durch Klicken auf den jeweiligen Link \u00fcberpr\u00fcft werden k\u00f6nnen, jedoch keine Websites Dritter, die wir haben kann Links auf ihre eigenen Datenschutzgrunds\u00e4tze eingef\u00fchrt haben, und als solcher k\u00f6nnen wir nicht verantwortlich f\u00fcr die Websites Dritter, die wir haben k\u00f6nnen Links zu.<\/p>\n<p>Bitte seien sie sich auch bewusst, dass wir strikt nach unseren Datenschutzrichtlinien handeln, welche auf der entsprechenden Seite einsehbar sind. Alle Websites, die wir verlinkt haben, verf\u00fcgen \u00fcber ihre eigenen Richtlinien. Daher sind wir auch nicht f\u00fcr ihre Inhalte verantwortlich.<\/p>\n<p>Beachten Sie bitte, dass wenn Sie sich f\u00fcr Gl\u00fccksspiel im Internet entscheiden, jederzeit ein gewisses Risiko damit verbunden ist. Daher sollten Sie nicht mit mehr Geld spielen, als ihnen zur Verf\u00fcgung steht.<\/p>\n","protected":false},"excerpt":{"rendered":"<p>Es steht Ihnen frei, unsere Website jederzeit zu besuchen und zu verlassen. Seien Sie sich bitte bewusst, dass alle hier verwendeten Bilder, Inhalte und Formate, urheberrechtlich gesch\u00fctzt sind und Sie diese nicht, ohne unsere Zustimmung, wiederverwenden oder kopieren d\u00fcrfen. Wenn Sie uns aufgrund dessen kontaktieren m\u00f6chten, finden Sie weitere Informationen auf unsere Kontakt-Seite. Bitte auch [&hellip;]<\/p>\n","protected":false},"author":4,"featured_media":0,"parent":0,"menu_order":0,"comment_status":"closed","ping_status":"closed","template":"","meta":{"_acf_changed":false,"footnotes":""},"class_list":["post-1049","page","type-page","status-publish","hentry"],"acf":[],"yoast_head":"<!-- This site is optimized with the Yoast SEO plugin v27.4 - https:\/\/yoast.com\/product\/yoast-seo-wordpress\/ -->\n<title>AGBs<\/title>\n<meta name=\"description\" content=\"Dies ist die AGB-Seite von Top 10 Casino Websites\" \/>\n<meta name=\"robots\" content=\"noindex, follow, max-snippet:-1, max-image-preview:large, max-video-preview:-1\" \/>\n<meta property=\"og:locale\" content=\"en_US\" \/>\n<meta property=\"og:type\" content=\"article\" \/>\n<meta property=\"og:title\" content=\"AGBs\" \/>\n<meta property=\"og:description\" content=\"Dies ist die AGB-Seite von Top 10 Casino Websites\" \/>\n<meta property=\"og:url\" content=\"https:\/\/www.top10casinowebsites.net\/de\/agbs\" \/>\n<meta property=\"og:site_name\" content=\"DE\" \/>\n<meta property=\"article:modified_time\" content=\"2017-10-06T18:21:53+00:00\" \/>\n<meta name=\"twitter:card\" content=\"summary_large_image\" \/>\n<meta name=\"twitter:label1\" content=\"Est. reading time\" \/>\n\t<meta name=\"twitter:data1\" content=\"1 minute\" \/>\n<script type=\"application\/ld+json\" class=\"yoast-schema-graph\">{\"@context\":\"https:\\\/\\\/schema.org\",\"@graph\":[{\"@type\":\"WebPage\",\"@id\":\"https:\\\/\\\/www.top10casinowebsites.net\\\/de\\\/agbs\",\"url\":\"https:\\\/\\\/www.top10casinowebsites.net\\\/de\\\/agbs\",\"name\":\"AGBs\",\"isPartOf\":{\"@id\":\"https:\\\/\\\/www.top10casinowebsites.net\\\/de\\\/#website\"},\"datePublished\":\"2016-03-11T09:36:22+00:00\",\"dateModified\":\"2017-10-06T18:21:53+00:00\",\"description\":\"Dies ist die AGB-Seite von Top 10 Casino Websites\",\"breadcrumb\":{\"@id\":\"https:\\\/\\\/www.top10casinowebsites.net\\\/de\\\/agbs#breadcrumb\"},\"inLanguage\":\"en-US\",\"potentialAction\":[{\"@type\":\"ReadAction\",\"target\":[\"https:\\\/\\\/www.top10casinowebsites.net\\\/de\\\/agbs\"]}]},{\"@type\":\"BreadcrumbList\",\"@id\":\"https:\\\/\\\/www.top10casinowebsites.net\\\/de\\\/agbs#breadcrumb\",\"itemListElement\":[{\"@type\":\"ListItem\",\"position\":1,\"name\":\"Home\",\"item\":\"https:\\\/\\\/www.top10casinowebsites.net\\\/de\\\/\"},{\"@type\":\"ListItem\",\"position\":2,\"name\":\"AGBs\"}]},{\"@type\":\"WebSite\",\"@id\":\"https:\\\/\\\/www.top10casinowebsites.net\\\/de\\\/#website\",\"url\":\"https:\\\/\\\/www.top10casinowebsites.net\\\/de\\\/\",\"name\":\"DE\",\"description\":\"\",\"potentialAction\":[{\"@type\":\"SearchAction\",\"target\":{\"@type\":\"EntryPoint\",\"urlTemplate\":\"https:\\\/\\\/www.top10casinowebsites.net\\\/de\\\/?s={search_term_string}\"},\"query-input\":{\"@type\":\"PropertyValueSpecification\",\"valueRequired\":true,\"valueName\":\"search_term_string\"}}],\"inLanguage\":\"en-US\"}]}<\/script>\n<!-- \/ Yoast SEO plugin. -->","yoast_head_json":{"title":"AGBs","description":"Dies ist die AGB-Seite von Top 10 Casino Websites","robots":{"index":"noindex","follow":"follow","max-snippet":"max-snippet:-1","max-image-preview":"max-image-preview:large","max-video-preview":"max-video-preview:-1"},"og_locale":"en_US","og_type":"article","og_title":"AGBs","og_description":"Dies ist die AGB-Seite von Top 10 Casino Websites","og_url":"https:\/\/www.top10casinowebsites.net\/de\/agbs","og_site_name":"DE","article_modified_time":"2017-10-06T18:21:53+00:00","twitter_card":"summary_large_image","twitter_misc":{"Est. reading time":"1 minute"},"schema":{"@context":"https:\/\/schema.org","@graph":[{"@type":"WebPage","@id":"https:\/\/www.top10casinowebsites.net\/de\/agbs","url":"https:\/\/www.top10casinowebsites.net\/de\/agbs","name":"AGBs","isPartOf":{"@id":"https:\/\/www.top10casinowebsites.net\/de\/#website"},"datePublished":"2016-03-11T09:36:22+00:00","dateModified":"2017-10-06T18:21:53+00:00","description":"Dies ist die AGB-Seite von Top 10 Casino Websites","breadcrumb":{"@id":"https:\/\/www.top10casinowebsites.net\/de\/agbs#breadcrumb"},"inLanguage":"en-US","potentialAction":[{"@type":"ReadAction","target":["https:\/\/www.top10casinowebsites.net\/de\/agbs"]}]},{"@type":"BreadcrumbList","@id":"https:\/\/www.top10casinowebsites.net\/de\/agbs#breadcrumb","itemListElement":[{"@type":"ListItem","position":1,"name":"Home","item":"https:\/\/www.top10casinowebsites.net\/de\/"},{"@type":"ListItem","position":2,"name":"AGBs"}]},{"@type":"WebSite","@id":"https:\/\/www.top10casinowebsites.net\/de\/#website","url":"https:\/\/www.top10casinowebsites.net\/de\/","name":"DE","description":"","potentialAction":[{"@type":"SearchAction","target":{"@type":"EntryPoint","urlTemplate":"https:\/\/www.top10casinowebsites.net\/de\/?s={search_term_string}"},"query-input":{"@type":"PropertyValueSpecification","valueRequired":true,"valueName":"search_term_string"}}],"inLanguage":"en-US"}]}},"_links":{"self":[{"href":"https:\/\/www.top10casinowebsites.net\/de\/wp-json\/wp\/v2\/pages\/1049","targetHints":{"allow":["GET"]}}],"collection":[{"href":"https:\/\/www.top10casinowebsites.net\/de\/wp-json\/wp\/v2\/pages"}],"about":[{"href":"https:\/\/www.top10casinowebsites.net\/de\/wp-json\/wp\/v2\/types\/page"}],"author":[{"embeddable":true,"href":"https:\/\/www.top10casinowebsites.net\/de\/wp-json\/wp\/v2\/users\/4"}],"replies":[{"embeddable":true,"href":"https:\/\/www.top10casinowebsites.net\/de\/wp-json\/wp\/v2\/comments?post=1049"}],"version-history":[{"count":0,"href":"https:\/\/www.top10casinowebsites.net\/de\/wp-json\/wp\/v2\/pages\/1049\/revisions"}],"wp:attachment":[{"href":"https:\/\/www.top10casinowebsites.net\/de\/wp-json\/wp\/v2\/media?parent=1049"}],"curies":[{"name":"wp","href":"https:\/\/api.w.org\/{rel}","templated":true}]}}