{"id":1161,"date":"2016-03-11T10:40:59","date_gmt":"2016-03-11T10:40:59","guid":{"rendered":"http:\/\/www.top10casinowebsites.net\/?page_id=1161"},"modified":"2017-10-06T17:55:33","modified_gmt":"2017-10-06T17:55:33","slug":"top-10-casinos-online-ohne-einzahlung","status":"publish","type":"page","link":"https:\/\/www.top10casinowebsites.net\/de\/top-10-casinos-online-ohne-einzahlung","title":{"rendered":"Top 10 anzahlungsfreie Casino-Websites von Top 10 Casino-Websites"},"content":{"rendered":"<p><img decoding=\"async\" class=\"alignleft size-full\" src=\"https:\/\/www.top10casinowebsites.net\/wp-content\/uploads\/2015\/05\/online-casino.jpg\" alt=\"Online Casino\" width=\"300\" \/>Es gibt mehrere M\u00f6glichkeiten, womit Sie in der Lage sind Zugang Spielen zu erhalten, bei denen sie keine Anzahlung t\u00e4tigen m\u00fcssen und einfach spielen k\u00f6nnen.<\/p>\n<p>Die erste M\u00f6glichkeit, auf die Sie zugreifen k\u00f6nnen und ohne Einzahlung Onlinecasino-Spiele spielen k\u00f6nnen, liegt bei vielen Seiten, die oft v\u00f6llig kostenlos Spiele, die sofort auf ihren Websites zur Verf\u00fcgung stehen anbieten, was bedeutet, dass Sie keine Ihrer pers\u00f6nlichen Daten weitergeben m\u00fcssen und keine Kaution zahlen m\u00fcssen.<\/p>\n<p>Viele Websites bieten auch t\u00e4gliche Freeroll-Slot-Turniere. Diese sind eine gro\u00dfartige M\u00f6glichkeit, keine Kaution-Spiele online zu spielen und gleichzeitig auch eine sehr gute Chance einige echte Geldpreise zu gewinnen. Also suchen Sie auf unserer Website nach freien <a href=\"https:\/\/www.top10casinowebsites.net\/de\/slots\">Slot-Turnieren<\/a>.<\/p>\n<div class=\"grid-contents\" id=\"grid-contents\"><table class=\"cas_table\" ><tbody><tr class=\"rank-1\">\n                                <td class=\"ranking\">1<\/td>\n                                <td class=\"brandcol\">\n                                    <a href=https:\/\/www.top10casinowebsites.net\/de\/review\/888-casino class=\"brand brand-bg\"><img loading=\"lazy\" decoding=\"async\" class=\"group list-group-image\" src=\"https:\/\/static.top10casinowebsites.net\/images\/casino-rooms\/888-casino-logo.png\" width=\"200\" height=\"128\"\/><\/a>\n                                <\/td>\n                                <td class=\"bonus\" data-title=\"Bonus\">\n\t\t\t\t\t               <p class=\"bonus-text\"><strong>$888<\/strong>Welcome Bonus <br>(<a href=\"https:\/\/www.top10casinowebsites.net\/de\/review\/888-casino\">T&Cs apply, 18+<\/a>)<\/p>\n\t\t\t\t                <\/td>\n\t\t\t\t\t            <td class=\"badge_game\" data-title=\"Rating\">\n                                    <div class=\"rating\"><strong>5<\/strong>\/5<\/div>\n                                    <div class=\"rating stars\" style=\"margin-top: 5px;\"><span class=\"icon icon-stars\"><span class=\"icon-stars green\" style=\"width: 100%;\"><\/span><\/span><\/div>\n\t\t\t\t\t            <\/td>\n                               \n                                <td class=\"play\">\n\t\t\t\t\t               <a class=\"button-gold\" rel=\"nofollow\" href=\"https:\/\/www.top10casinowebsites.net\/de\/review\/888-casino\">Visit<\/a>\n\t                               <div class=\"\">\n\t\t\t\t\t                   <a class=\"review-snippet-link-play-now-col\" href=\"https:\/\/www.top10casinowebsites.net\/de\/review\/888-casino\">Read Review<\/a>\n\t\t\t\t\t               <\/div>\n\t\t\t\t\t           <\/td>\n     \t\t\t\t        <\/tr><\/tbody><\/table><\/div>\n<p>Schlie\u00dflich werden Sie \u00fcber mehrere Casinos, die keine Ablagerung Pr\u00e4mien kommen, und wenn Sie sich als neuer Spieler an diese Arten von Casino Sites dann, wenn Sie sich in Ihrem Konto zum ersten Mal anmelden, werden Sie in der Lage, eine v\u00f6llig kostenlos einen No Deposit Bonus in bar verlangen, um sich zu registrieren!<\/p>\n<p>Schlussendlich werden Sie auch auf verschiedene Casinos sto\u00dfen, die keinen Anzahlungsbonus bieten. Wenn Sie sich als neuer Spieler dazu entschlie\u00dfen, sich in solch einem Casino zu registrieren und sich dann zum ersten Mal anmelden, werden Sie einen komplett kostenlosen, anzahlungsfreien Geldbonus, in Anspruch nehmen k\u00f6nnen.<\/p>\n<h2>Vorteile von Spielen auf einer anzahlungsfreien Casinoseite<\/h2>\n<p>Sie werden viele einzigartige Vorteile beim Spielen auf einer Casinoseite, von unserer Liste, finden. Au\u00dferdem finden Sie Details zu unseren Top 10 Casinos, von denen Ihnen alle einen uneingeschr\u00e4nkten Zugang gew\u00e4hren. Sie m\u00fcssen sich nur anmelden und k\u00f6nnen Ihre Spiele kostenlos zu spielen. Au\u00dferdem werden Ihnen viele tats\u00e4chlich einen anzahlungsfreien Geldbonus geben.<\/p>\n<p>Sie werden aus einer riesigen Sammlung verschiedener Spielen profitieren und in der Lage\u00a0sein, <a href=\"https:\/\/www.top10casinowebsites.net\/de\/spiele\">Casinospiele<\/a>\u00a0von vielen verschiedenen Anbietern zu spiele. Auf diese Weise werden sie herausfinden, welche Spiele genau zu Ihrem Spielstil passen.<\/p>\n<h2>H\u00e4ufig gestellte Fragen<\/h2>\n<p>Oft gibt es viele verschiedene Fragen, die sich jeder Onlinecasino-Spieler stellt, wenn er Nutzen aus einem anzahlungsfreien Casino ziehen will. Folgend finden Sie die drei am h\u00e4ufigsten gestellten Fragen mit ihren Antworten.<\/p>\n<div class=\"accordion\"><div class=\"accordion-box\"><a href=\"#\">1. Kann ich die Gewinne wirklich behalten?<\/a><\/div><div class=\"accordion_text\"><\/p>\n<p>Ja, sie werden feststellen, dass alle anzahlungsfreien Casinos Sie Ihre Gewinne behalten lassen, die Sie mit dem Bonus erwirtschaftet haben. Andere Seiten jedoch, lassen Sie nur einen Teil behalten, den sie mit dem Bonus gewonnen haben. Die besten Gesch\u00e4fte werden Sie aber nur finden, wenn Sie auch danach suchen.<\/div><\/div>\n<div class=\"accordion\"><div class=\"accordion-box\"><a href=\"#\">2. Wie viel Geld kann ich in Anspruch nehmen?<\/a><\/div><div class=\"accordion_text\"><\/p>\n<p>Der Betrag weg, als keine Ablagerung Pr\u00e4mien wird von Casino zu Casino Seite variieren, werden Sie h\u00e4ufig den tats\u00e4chlichen Betrag, den Sie als Bonus ohne Einzahlung in Anspruch nehmen kann, wird eine sehr geringe Menge an Bargeld, sondern sehen Sie f\u00fcr eine Stunde kostenlos spielen Boni, die Sie einen riesigen Bonus ohne Einzahlung die Sie dann mit dem Versuch, w\u00e4hrend der 60 Minuten Spielzeit zu erh\u00f6hen betraut sind und diese Boni oft k\u00f6nnen sie alle gewinnen und \u00fcber dem no deposit Betrag geben.<\/div><\/div>\n<div class=\"accordion\"><div class=\"accordion-box\"><a href=\"#\">3. Wie viel Geld kann ich in Anspruch nehmen?<\/a><\/div><div class=\"accordion_text\"><\/p>\n<p>Die Menge des anzahlungsfreien Bonusgeldes, variiert von Casinoseite zu Casinoseite. Sie werden h\u00e4ufig feststellen, dass der tats\u00e4chliche Betrag, den Sie als Bonus ohne Anzahlung in Anspruch nehmen k\u00f6nnen, sehr geringf\u00fcgig ist. Aber suchen Sie nach kostenlosen einst\u00fcndigen Spielen, die einen gro\u00dfen Bonus ohne Anzahlung bieten und versuchen sie diesen, innerhalb der 60 Minuten zu erh\u00f6hen. Solche Boni lassen sie meistens ihre ganzen Gewinne behalten, inklusiver der Boni selbst.<\/div><\/div>\n<div class=\"accordion\"><div class=\"accordion-box\"><a href=\"#\">4. Welche anzahlungsfreien Casinospiele stehen zur Verf\u00fcgung?<\/a><\/div><div class=\"accordion_text\"><\/p>\n<p>Sie sind in der Lage, jedes Onlinecasino-Spiel gratis und ohne Anzahlung zu spielen. Jedoch gibt es keine Ausnahmen f\u00fcr diese Regelung und das macht ein fortschrittliches Spiel aus. Alle fortschrittlichen Onlinecasinos nutzen einen Geldbetrag von jeder Spielwette und damit den Jackpot zu f\u00fcllen. Daher sind solche fortschrittlichen Spiele nicht kostenlos verf\u00fcgbar. Manche Seiten werden Sie auch f\u00fcr einen fortschrittlichen Jackpot spielen lassen. Dieser wird dann jedoch nicht verf\u00fcgbar sein, wenn sie kostenlos spielen.<\/div><\/div>\n","protected":false},"excerpt":{"rendered":"<p>Es gibt mehrere M\u00f6glichkeiten, womit Sie in der Lage sind Zugang Spielen zu erhalten, bei denen sie keine Anzahlung t\u00e4tigen m\u00fcssen und einfach spielen k\u00f6nnen. Die erste M\u00f6glichkeit, auf die Sie zugreifen k\u00f6nnen und ohne Einzahlung Onlinecasino-Spiele spielen k\u00f6nnen, liegt bei vielen Seiten, die oft v\u00f6llig kostenlos Spiele, die sofort auf ihren Websites zur Verf\u00fcgung [&hellip;]<\/p>\n","protected":false},"author":4,"featured_media":0,"parent":0,"menu_order":0,"comment_status":"closed","ping_status":"closed","template":"","meta":{"_acf_changed":false,"footnotes":""},"class_list":["post-1161","page","type-page","status-publish","hentry"],"acf":[],"yoast_head":"<!-- This site is optimized with the Yoast SEO plugin v27.4 - https:\/\/yoast.com\/product\/yoast-seo-wordpress\/ -->\n<title>Top 10 anzahlungsfreie Casino-Websites von Top 10 Casino-Websites<\/title>\n<meta name=\"description\" content=\"Ein Blick auf unsere Liste der besten Onlinecasino-Websites, die wir im Internet gefunden haben. Alle diese Casinos bieten freie Spiele f\u00fcr die Chance, echtes Geld zu gewinnen.\" \/>\n<meta name=\"robots\" content=\"noindex, follow, max-snippet:-1, max-image-preview:large, max-video-preview:-1\" \/>\n<meta property=\"og:locale\" content=\"en_US\" \/>\n<meta property=\"og:type\" content=\"article\" \/>\n<meta property=\"og:title\" content=\"Top 10 anzahlungsfreie Casino-Websites von Top 10 Casino-Websites\" \/>\n<meta property=\"og:description\" content=\"Ein Blick auf unsere Liste der besten Onlinecasino-Websites, die wir im Internet gefunden haben. Alle diese Casinos bieten freie Spiele f\u00fcr die Chance, echtes Geld zu gewinnen.\" \/>\n<meta property=\"og:url\" content=\"https:\/\/www.top10casinowebsites.net\/de\/top-10-casinos-online-ohne-einzahlung\" \/>\n<meta property=\"og:site_name\" content=\"DE\" \/>\n<meta property=\"article:modified_time\" content=\"2017-10-06T17:55:33+00:00\" \/>\n<meta property=\"og:image\" content=\"https:\/\/www.top10casinowebsites.net\/wp-content\/uploads\/2015\/05\/online-casino.jpg\" \/>\n<meta name=\"twitter:card\" content=\"summary_large_image\" \/>\n<meta name=\"twitter:label1\" content=\"Est. reading time\" \/>\n\t<meta name=\"twitter:data1\" content=\"3 minutes\" \/>\n<script type=\"application\/ld+json\" class=\"yoast-schema-graph\">{\"@context\":\"https:\\\/\\\/schema.org\",\"@graph\":[{\"@type\":\"WebPage\",\"@id\":\"https:\\\/\\\/www.top10casinowebsites.net\\\/de\\\/top-10-casinos-online-ohne-einzahlung\",\"url\":\"https:\\\/\\\/www.top10casinowebsites.net\\\/de\\\/top-10-casinos-online-ohne-einzahlung\",\"name\":\"Top 10 anzahlungsfreie Casino-Websites von Top 10 Casino-Websites\",\"isPartOf\":{\"@id\":\"https:\\\/\\\/www.top10casinowebsites.net\\\/de\\\/#website\"},\"primaryImageOfPage\":{\"@id\":\"https:\\\/\\\/www.top10casinowebsites.net\\\/de\\\/top-10-casinos-online-ohne-einzahlung#primaryimage\"},\"image\":{\"@id\":\"https:\\\/\\\/www.top10casinowebsites.net\\\/de\\\/top-10-casinos-online-ohne-einzahlung#primaryimage\"},\"thumbnailUrl\":\"https:\\\/\\\/www.top10casinowebsites.net\\\/wp-content\\\/uploads\\\/2015\\\/05\\\/online-casino.jpg\",\"datePublished\":\"2016-03-11T10:40:59+00:00\",\"dateModified\":\"2017-10-06T17:55:33+00:00\",\"description\":\"Ein Blick auf unsere Liste der besten Onlinecasino-Websites, die wir im Internet gefunden haben. Alle diese Casinos bieten freie Spiele f\u00fcr die Chance, echtes Geld zu gewinnen.\",\"breadcrumb\":{\"@id\":\"https:\\\/\\\/www.top10casinowebsites.net\\\/de\\\/top-10-casinos-online-ohne-einzahlung#breadcrumb\"},\"inLanguage\":\"en-US\",\"potentialAction\":[{\"@type\":\"ReadAction\",\"target\":[\"https:\\\/\\\/www.top10casinowebsites.net\\\/de\\\/top-10-casinos-online-ohne-einzahlung\"]}]},{\"@type\":\"ImageObject\",\"inLanguage\":\"en-US\",\"@id\":\"https:\\\/\\\/www.top10casinowebsites.net\\\/de\\\/top-10-casinos-online-ohne-einzahlung#primaryimage\",\"url\":\"https:\\\/\\\/www.top10casinowebsites.net\\\/wp-content\\\/uploads\\\/2015\\\/05\\\/online-casino.jpg\",\"contentUrl\":\"https:\\\/\\\/www.top10casinowebsites.net\\\/wp-content\\\/uploads\\\/2015\\\/05\\\/online-casino.jpg\"},{\"@type\":\"BreadcrumbList\",\"@id\":\"https:\\\/\\\/www.top10casinowebsites.net\\\/de\\\/top-10-casinos-online-ohne-einzahlung#breadcrumb\",\"itemListElement\":[{\"@type\":\"ListItem\",\"position\":1,\"name\":\"Home\",\"item\":\"https:\\\/\\\/www.top10casinowebsites.net\\\/de\\\/\"},{\"@type\":\"ListItem\",\"position\":2,\"name\":\"Top 10 anzahlungsfreie Casino-Websites von Top 10 Casino-Websites\"}]},{\"@type\":\"WebSite\",\"@id\":\"https:\\\/\\\/www.top10casinowebsites.net\\\/de\\\/#website\",\"url\":\"https:\\\/\\\/www.top10casinowebsites.net\\\/de\\\/\",\"name\":\"DE\",\"description\":\"\",\"potentialAction\":[{\"@type\":\"SearchAction\",\"target\":{\"@type\":\"EntryPoint\",\"urlTemplate\":\"https:\\\/\\\/www.top10casinowebsites.net\\\/de\\\/?s={search_term_string}\"},\"query-input\":{\"@type\":\"PropertyValueSpecification\",\"valueRequired\":true,\"valueName\":\"search_term_string\"}}],\"inLanguage\":\"en-US\"}]}<\/script>\n<!-- \/ Yoast SEO plugin. -->","yoast_head_json":{"title":"Top 10 anzahlungsfreie Casino-Websites von Top 10 Casino-Websites","description":"Ein Blick auf unsere Liste der besten Onlinecasino-Websites, die wir im Internet gefunden haben. Alle diese Casinos bieten freie Spiele f\u00fcr die Chance, echtes Geld zu gewinnen.","robots":{"index":"noindex","follow":"follow","max-snippet":"max-snippet:-1","max-image-preview":"max-image-preview:large","max-video-preview":"max-video-preview:-1"},"og_locale":"en_US","og_type":"article","og_title":"Top 10 anzahlungsfreie Casino-Websites von Top 10 Casino-Websites","og_description":"Ein Blick auf unsere Liste der besten Onlinecasino-Websites, die wir im Internet gefunden haben. Alle diese Casinos bieten freie Spiele f\u00fcr die Chance, echtes Geld zu gewinnen.","og_url":"https:\/\/www.top10casinowebsites.net\/de\/top-10-casinos-online-ohne-einzahlung","og_site_name":"DE","article_modified_time":"2017-10-06T17:55:33+00:00","og_image":[{"url":"https:\/\/www.top10casinowebsites.net\/wp-content\/uploads\/2015\/05\/online-casino.jpg","type":"","width":"","height":""}],"twitter_card":"summary_large_image","twitter_misc":{"Est. reading time":"3 minutes"},"schema":{"@context":"https:\/\/schema.org","@graph":[{"@type":"WebPage","@id":"https:\/\/www.top10casinowebsites.net\/de\/top-10-casinos-online-ohne-einzahlung","url":"https:\/\/www.top10casinowebsites.net\/de\/top-10-casinos-online-ohne-einzahlung","name":"Top 10 anzahlungsfreie Casino-Websites von Top 10 Casino-Websites","isPartOf":{"@id":"https:\/\/www.top10casinowebsites.net\/de\/#website"},"primaryImageOfPage":{"@id":"https:\/\/www.top10casinowebsites.net\/de\/top-10-casinos-online-ohne-einzahlung#primaryimage"},"image":{"@id":"https:\/\/www.top10casinowebsites.net\/de\/top-10-casinos-online-ohne-einzahlung#primaryimage"},"thumbnailUrl":"https:\/\/www.top10casinowebsites.net\/wp-content\/uploads\/2015\/05\/online-casino.jpg","datePublished":"2016-03-11T10:40:59+00:00","dateModified":"2017-10-06T17:55:33+00:00","description":"Ein Blick auf unsere Liste der besten Onlinecasino-Websites, die wir im Internet gefunden haben. Alle diese Casinos bieten freie Spiele f\u00fcr die Chance, echtes Geld zu gewinnen.","breadcrumb":{"@id":"https:\/\/www.top10casinowebsites.net\/de\/top-10-casinos-online-ohne-einzahlung#breadcrumb"},"inLanguage":"en-US","potentialAction":[{"@type":"ReadAction","target":["https:\/\/www.top10casinowebsites.net\/de\/top-10-casinos-online-ohne-einzahlung"]}]},{"@type":"ImageObject","inLanguage":"en-US","@id":"https:\/\/www.top10casinowebsites.net\/de\/top-10-casinos-online-ohne-einzahlung#primaryimage","url":"https:\/\/www.top10casinowebsites.net\/wp-content\/uploads\/2015\/05\/online-casino.jpg","contentUrl":"https:\/\/www.top10casinowebsites.net\/wp-content\/uploads\/2015\/05\/online-casino.jpg"},{"@type":"BreadcrumbList","@id":"https:\/\/www.top10casinowebsites.net\/de\/top-10-casinos-online-ohne-einzahlung#breadcrumb","itemListElement":[{"@type":"ListItem","position":1,"name":"Home","item":"https:\/\/www.top10casinowebsites.net\/de\/"},{"@type":"ListItem","position":2,"name":"Top 10 anzahlungsfreie Casino-Websites von Top 10 Casino-Websites"}]},{"@type":"WebSite","@id":"https:\/\/www.top10casinowebsites.net\/de\/#website","url":"https:\/\/www.top10casinowebsites.net\/de\/","name":"DE","description":"","potentialAction":[{"@type":"SearchAction","target":{"@type":"EntryPoint","urlTemplate":"https:\/\/www.top10casinowebsites.net\/de\/?s={search_term_string}"},"query-input":{"@type":"PropertyValueSpecification","valueRequired":true,"valueName":"search_term_string"}}],"inLanguage":"en-US"}]}},"_links":{"self":[{"href":"https:\/\/www.top10casinowebsites.net\/de\/wp-json\/wp\/v2\/pages\/1161","targetHints":{"allow":["GET"]}}],"collection":[{"href":"https:\/\/www.top10casinowebsites.net\/de\/wp-json\/wp\/v2\/pages"}],"about":[{"href":"https:\/\/www.top10casinowebsites.net\/de\/wp-json\/wp\/v2\/types\/page"}],"author":[{"embeddable":true,"href":"https:\/\/www.top10casinowebsites.net\/de\/wp-json\/wp\/v2\/users\/4"}],"replies":[{"embeddable":true,"href":"https:\/\/www.top10casinowebsites.net\/de\/wp-json\/wp\/v2\/comments?post=1161"}],"version-history":[{"count":2,"href":"https:\/\/www.top10casinowebsites.net\/de\/wp-json\/wp\/v2\/pages\/1161\/revisions"}],"predecessor-version":[{"id":2170,"href":"https:\/\/www.top10casinowebsites.net\/de\/wp-json\/wp\/v2\/pages\/1161\/revisions\/2170"}],"wp:attachment":[{"href":"https:\/\/www.top10casinowebsites.net\/de\/wp-json\/wp\/v2\/media?parent=1161"}],"curies":[{"name":"wp","href":"https:\/\/api.w.org\/{rel}","templated":true}]}}