{"id":1169,"date":"2016-03-11T10:47:51","date_gmt":"2016-03-11T10:47:51","guid":{"rendered":"http:\/\/www.top10casinowebsites.net\/?page_id=1169"},"modified":"2019-11-21T17:29:11","modified_gmt":"2019-11-21T17:29:11","slug":"top-10-real-geld-online-casino-webseiten","status":"publish","type":"page","link":"https:\/\/www.top10casinowebsites.net\/de\/top-10-real-geld-online-casino-webseiten","title":{"rendered":"Top 10 Echtgeld Onlinecasino-Websites von Top 10 Casino Websites"},"content":{"rendered":"<p><img decoding=\"async\" class=\"alignleft size-full\" src=\"https:\/\/www.top10casinowebsites.net\/wp-content\/uploads\/2015\/05\/online-casino.jpg\" alt=\"Online Casino\" width=\"300\" \/>Um jedem suchenden Besucher unserer Website zu helfen, die nach einem anspruchsvollen und ultimativen Spielerlebnis suchen, bieten wir viele, sehr empfehlenswerte Casinos, regelm\u00e4\u00dfige Werbeangebote und schnelle Auszahlungen. Wir laden Sie ein, sich unsere Website einmal anzuschauen, denn wir haben einige einzigartige Artikel, die Jedermann erm\u00f6glichen werden, die Top 10 Onlinecasinos zu finden, die ihnen an ihrem Standort zur Verf\u00fcgung stehen.<\/p>\n<p>Die Umgebung der Onlinecasinos hat sich in den letzten Jahren schnell ver\u00e4ndert und wir sind jetzt in der Situation, wo die besten Echtgeld-Casinos f\u00fcr jeden Spieler verf\u00fcgbar sind, sowie zertifizierte und faire Zufallsspiele bieten. Online-Gl\u00fccksspiel ist nicht l\u00e4nger mehr ein doppeltes Spiel.<\/p>\n<p>Sie werden sicherlich die maximale Spielerfahrung in einer unserer Top 10 Echtgeld-Casinos erhalten. Also lesen Sie weiter um mehr \u00fcber die Vorteile herauszufinden, die sie in der Onlinespiele-Welt erwartet.<\/p>\n<div class=\"grid-contents\" id=\"grid-contents\"><table class=\"cas_table\" ><tbody><tr class=\"rank-1\">\n                                <td class=\"ranking\">1<\/td>\n                                <td class=\"brandcol\">\n                                    <a href=https:\/\/www.top10casinowebsites.net\/de\/review\/888-casino class=\"brand brand-bg\"><img loading=\"lazy\" decoding=\"async\" class=\"group list-group-image\" src=\"https:\/\/static.top10casinowebsites.net\/images\/casino-rooms\/888-casino-logo.png\" width=\"200\" height=\"128\"\/><\/a>\n                                <\/td>\n                                <td class=\"bonus\" data-title=\"Bonus\">\n\t\t\t\t\t               <p class=\"bonus-text\"><strong>$888<\/strong>Welcome Bonus <br>(<a href=\"https:\/\/www.top10casinowebsites.net\/de\/review\/888-casino\">T&Cs apply, 18+<\/a>)<\/p>\n\t\t\t\t                <\/td>\n\t\t\t\t\t            <td class=\"badge_game\" data-title=\"Rating\">\n                                    <div class=\"rating\"><strong>5<\/strong>\/5<\/div>\n                                    <div class=\"rating stars\" style=\"margin-top: 5px;\"><span class=\"icon icon-stars\"><span class=\"icon-stars green\" style=\"width: 100%;\"><\/span><\/span><\/div>\n\t\t\t\t\t            <\/td>\n                               \n                                <td class=\"play\">\n\t\t\t\t\t               <a class=\"button-gold\" rel=\"nofollow\" href=\"https:\/\/www.top10casinowebsites.net\/de\/review\/888-casino\">Visit<\/a>\n\t                               <div class=\"\">\n\t\t\t\t\t                   <a class=\"review-snippet-link-play-now-col\" href=\"https:\/\/www.top10casinowebsites.net\/de\/review\/888-casino\">Read Review<\/a>\n\t\t\t\t\t               <\/div>\n\t\t\t\t\t           <\/td>\n     \t\t\t\t        <\/tr><\/tbody><\/table><\/div>\n<h2>Vorteile von Spielen an einem Casino<\/h2>\n<p>Der offensichtlichste Aspekt, wenn man sich anmeldet und in einem Echtgeld-Casino spielt, ist, dass Sie viel mehr Gewinnoptionen, als in einem lokalen Casino haben.<\/p>\n<p>Viele neue Casino-Spieler haben festgestellt, dass aufgrund der erh\u00f6hten Auszahlungsrate auf Echtgeld in Onlinecasinos und den zus\u00e4tzlichen Boni und Spiels\u00e4tzen, sowie speziellen Angeboten, ihre Budgets dazu neigen, viel gr\u00f6\u00dfer zu wachsen, als sie es jemals in einem lokalen Casino k\u00f6nnten!<\/p>\n<p>Sie sind nicht mehr gezwungen, in nur einer Casino-W\u00e4hrung zu spielen, wie es beim Spielen in Casinos noch vor wenigen Jahren der Fall war. Sie sind nun in der Lage, eine Einzahlung auf Ihr Casino-Konto, in ihrer eigenen W\u00e4hrung vorzunehmen, sowie in dieser W\u00e4hrung zu spielen. Au\u00dferdem sind Sie in der Lage, Geld ein-und auszuzahlen und das auf eine sehr kosteng\u00fcnstige Art.<\/p>\n<h2>H\u00e4ufig gestellte Fragen<\/h2>\n<p>Beim Spielen bei jedem Casino Website spannende kann und oft lohnend sein, haben Sie m\u00f6glicherweise ein paar Fragen \u00fcber so tun, und wenn Sie dann Hier sind die Antworten auf die am h\u00e4ufigsten und die am h\u00e4ufigsten gestellten Fragen durch echtes Geld online Casino Spielern.<\/p>\n<p>Das Spielen auf einer Onlinecasino-Website, kann sehr spannend und gewinnbringend sein. Wenn Sie noch Fragen haben, finden sie unten die meist gestellten Fragen von Onlinecasino-Spielern.<\/p>\n<div class=\"accordion\"><div class=\"accordion-box\"><a href=\"#\">1. Sind Echtgeld-Casinospiele fair?<\/a><\/div><div class=\"accordion_text\"><\/p>\n<p>Die einzige M\u00f6glichkeit herauszufinden, ob das Spiel wirklich fair und ehrlich ist liegt darin, auf die Website des Anbieters zu gehen und zwei verschieden Dinge versuchen herauszufinden.<\/p>\n<p>Zuerst sollten sie danach schauen, ob das Casino eine komplette Online-Gl\u00fccksspiel-Lizenz besitzt und dass diese Lizenz g\u00fcltig, sowie auf der Startseite des Anbieters angezeigt wird. Schauen Sie au\u00dferdem nach dem Logo einer Firma, die Online-Gl\u00fccksspiel testet, und dieses Casino weiterempfehlen.<\/div><\/div>\n<div class=\"accordion\"><div class=\"accordion-box\"><a href=\"#\">2. K\u00f6nnen gro\u00dfe fortschrittliche Jackpots wirklich gewonnen werden?<\/a><\/div><div class=\"accordion_text\"><\/p>\n<p>Sie werden nur wirklich eine Chance haben, den fortschrittlichen Jackpot zu gewinnen, wenn Sie diese Spiele auch spielen. Alle Jackpots auf unserer Seite besitzen die M\u00f6glichkeit geknackt zu werden, also JA, es gibt die M\u00f6glichkeit einen fortschrittlichen Jackpot zu gewinnen.<\/div><\/div>\n<div class=\"accordion\"><div class=\"accordion-box\"><a href=\"#\">2. Wie lange muss ich warten, bis meine Gewinne ausgezahlt werden?<\/a><\/div><div class=\"accordion_text\"><\/p>\n<p>Dies h\u00e4ngt davon ab, welches Casino Sie gew\u00e4hlt haben, sowie von der Zahlungsmethode, mit denen sie Ihre Gewinne abbuchen. Die bei uns gelisteten Casinos, bezahlen ihre Spieler innerhalb von 24 Stunden vollst\u00e4ndig aus. Sie sollten es vermeiden auf Seiten zu spielen, die l\u00e4nger brauchen.<\/div><\/div>\n","protected":false},"excerpt":{"rendered":"<p>Um jedem suchenden Besucher unserer Website zu helfen, die nach einem anspruchsvollen und ultimativen Spielerlebnis suchen, bieten wir viele, sehr empfehlenswerte Casinos, regelm\u00e4\u00dfige Werbeangebote und schnelle Auszahlungen. Wir laden Sie ein, sich unsere Website einmal anzuschauen, denn wir haben einige einzigartige Artikel, die Jedermann erm\u00f6glichen werden, die Top 10 Onlinecasinos zu finden, die ihnen an [&hellip;]<\/p>\n","protected":false},"author":4,"featured_media":0,"parent":0,"menu_order":0,"comment_status":"closed","ping_status":"closed","template":"","meta":{"_acf_changed":false,"footnotes":""},"class_list":["post-1169","page","type-page","status-publish","hentry"],"acf":[],"yoast_head":"<!-- This site is optimized with the Yoast SEO plugin v27.4 - https:\/\/yoast.com\/product\/yoast-seo-wordpress\/ -->\n<title>Top 10 Echtgeld Onlinecasino-Websites von Top 10 Casino Websites<\/title>\n<meta name=\"description\" content=\"Wen sie die Idee des Echtgeld-Onlinecasinos m\u00f6gen, lesen Sie doch unseren exklusiven Leitfaden f\u00fcr Echtgeld-Onlinecasinos, aus dem Sie w\u00e4hlen k\u00f6nnen.\" \/>\n<meta name=\"robots\" content=\"noindex, follow, max-snippet:-1, max-image-preview:large, max-video-preview:-1\" \/>\n<meta property=\"og:locale\" content=\"en_US\" \/>\n<meta property=\"og:type\" content=\"article\" \/>\n<meta property=\"og:title\" content=\"Top 10 Echtgeld Onlinecasino-Websites von Top 10 Casino Websites\" \/>\n<meta property=\"og:description\" content=\"Wen sie die Idee des Echtgeld-Onlinecasinos m\u00f6gen, lesen Sie doch unseren exklusiven Leitfaden f\u00fcr Echtgeld-Onlinecasinos, aus dem Sie w\u00e4hlen k\u00f6nnen.\" \/>\n<meta property=\"og:url\" content=\"https:\/\/www.top10casinowebsites.net\/de\/top-10-real-geld-online-casino-webseiten\" \/>\n<meta property=\"og:site_name\" content=\"DE\" \/>\n<meta property=\"article:modified_time\" content=\"2019-11-21T17:29:11+00:00\" \/>\n<meta property=\"og:image\" content=\"https:\/\/www.top10casinowebsites.net\/wp-content\/uploads\/2015\/05\/online-casino.jpg\" \/>\n<meta name=\"twitter:card\" content=\"summary_large_image\" \/>\n<meta name=\"twitter:label1\" content=\"Est. reading time\" \/>\n\t<meta name=\"twitter:data1\" content=\"3 minutes\" \/>\n<script type=\"application\/ld+json\" class=\"yoast-schema-graph\">{\"@context\":\"https:\\\/\\\/schema.org\",\"@graph\":[{\"@type\":\"WebPage\",\"@id\":\"https:\\\/\\\/www.top10casinowebsites.net\\\/de\\\/top-10-real-geld-online-casino-webseiten\",\"url\":\"https:\\\/\\\/www.top10casinowebsites.net\\\/de\\\/top-10-real-geld-online-casino-webseiten\",\"name\":\"Top 10 Echtgeld Onlinecasino-Websites von Top 10 Casino Websites\",\"isPartOf\":{\"@id\":\"https:\\\/\\\/www.top10casinowebsites.net\\\/de\\\/#website\"},\"primaryImageOfPage\":{\"@id\":\"https:\\\/\\\/www.top10casinowebsites.net\\\/de\\\/top-10-real-geld-online-casino-webseiten#primaryimage\"},\"image\":{\"@id\":\"https:\\\/\\\/www.top10casinowebsites.net\\\/de\\\/top-10-real-geld-online-casino-webseiten#primaryimage\"},\"thumbnailUrl\":\"https:\\\/\\\/www.top10casinowebsites.net\\\/wp-content\\\/uploads\\\/2015\\\/05\\\/online-casino.jpg\",\"datePublished\":\"2016-03-11T10:47:51+00:00\",\"dateModified\":\"2019-11-21T17:29:11+00:00\",\"description\":\"Wen sie die Idee des Echtgeld-Onlinecasinos m\u00f6gen, lesen Sie doch unseren exklusiven Leitfaden f\u00fcr Echtgeld-Onlinecasinos, aus dem Sie w\u00e4hlen k\u00f6nnen.\",\"breadcrumb\":{\"@id\":\"https:\\\/\\\/www.top10casinowebsites.net\\\/de\\\/top-10-real-geld-online-casino-webseiten#breadcrumb\"},\"inLanguage\":\"en-US\",\"potentialAction\":[{\"@type\":\"ReadAction\",\"target\":[\"https:\\\/\\\/www.top10casinowebsites.net\\\/de\\\/top-10-real-geld-online-casino-webseiten\"]}]},{\"@type\":\"ImageObject\",\"inLanguage\":\"en-US\",\"@id\":\"https:\\\/\\\/www.top10casinowebsites.net\\\/de\\\/top-10-real-geld-online-casino-webseiten#primaryimage\",\"url\":\"https:\\\/\\\/www.top10casinowebsites.net\\\/wp-content\\\/uploads\\\/2015\\\/05\\\/online-casino.jpg\",\"contentUrl\":\"https:\\\/\\\/www.top10casinowebsites.net\\\/wp-content\\\/uploads\\\/2015\\\/05\\\/online-casino.jpg\"},{\"@type\":\"BreadcrumbList\",\"@id\":\"https:\\\/\\\/www.top10casinowebsites.net\\\/de\\\/top-10-real-geld-online-casino-webseiten#breadcrumb\",\"itemListElement\":[{\"@type\":\"ListItem\",\"position\":1,\"name\":\"Home\",\"item\":\"https:\\\/\\\/www.top10casinowebsites.net\\\/de\\\/\"},{\"@type\":\"ListItem\",\"position\":2,\"name\":\"Top 10 Echtgeld Onlinecasino-Websites von Top 10 Casino Websites\"}]},{\"@type\":\"WebSite\",\"@id\":\"https:\\\/\\\/www.top10casinowebsites.net\\\/de\\\/#website\",\"url\":\"https:\\\/\\\/www.top10casinowebsites.net\\\/de\\\/\",\"name\":\"DE\",\"description\":\"\",\"potentialAction\":[{\"@type\":\"SearchAction\",\"target\":{\"@type\":\"EntryPoint\",\"urlTemplate\":\"https:\\\/\\\/www.top10casinowebsites.net\\\/de\\\/?s={search_term_string}\"},\"query-input\":{\"@type\":\"PropertyValueSpecification\",\"valueRequired\":true,\"valueName\":\"search_term_string\"}}],\"inLanguage\":\"en-US\"}]}<\/script>\n<!-- \/ Yoast SEO plugin. -->","yoast_head_json":{"title":"Top 10 Echtgeld Onlinecasino-Websites von Top 10 Casino Websites","description":"Wen sie die Idee des Echtgeld-Onlinecasinos m\u00f6gen, lesen Sie doch unseren exklusiven Leitfaden f\u00fcr Echtgeld-Onlinecasinos, aus dem Sie w\u00e4hlen k\u00f6nnen.","robots":{"index":"noindex","follow":"follow","max-snippet":"max-snippet:-1","max-image-preview":"max-image-preview:large","max-video-preview":"max-video-preview:-1"},"og_locale":"en_US","og_type":"article","og_title":"Top 10 Echtgeld Onlinecasino-Websites von Top 10 Casino Websites","og_description":"Wen sie die Idee des Echtgeld-Onlinecasinos m\u00f6gen, lesen Sie doch unseren exklusiven Leitfaden f\u00fcr Echtgeld-Onlinecasinos, aus dem Sie w\u00e4hlen k\u00f6nnen.","og_url":"https:\/\/www.top10casinowebsites.net\/de\/top-10-real-geld-online-casino-webseiten","og_site_name":"DE","article_modified_time":"2019-11-21T17:29:11+00:00","og_image":[{"url":"https:\/\/www.top10casinowebsites.net\/wp-content\/uploads\/2015\/05\/online-casino.jpg","type":"","width":"","height":""}],"twitter_card":"summary_large_image","twitter_misc":{"Est. reading time":"3 minutes"},"schema":{"@context":"https:\/\/schema.org","@graph":[{"@type":"WebPage","@id":"https:\/\/www.top10casinowebsites.net\/de\/top-10-real-geld-online-casino-webseiten","url":"https:\/\/www.top10casinowebsites.net\/de\/top-10-real-geld-online-casino-webseiten","name":"Top 10 Echtgeld Onlinecasino-Websites von Top 10 Casino Websites","isPartOf":{"@id":"https:\/\/www.top10casinowebsites.net\/de\/#website"},"primaryImageOfPage":{"@id":"https:\/\/www.top10casinowebsites.net\/de\/top-10-real-geld-online-casino-webseiten#primaryimage"},"image":{"@id":"https:\/\/www.top10casinowebsites.net\/de\/top-10-real-geld-online-casino-webseiten#primaryimage"},"thumbnailUrl":"https:\/\/www.top10casinowebsites.net\/wp-content\/uploads\/2015\/05\/online-casino.jpg","datePublished":"2016-03-11T10:47:51+00:00","dateModified":"2019-11-21T17:29:11+00:00","description":"Wen sie die Idee des Echtgeld-Onlinecasinos m\u00f6gen, lesen Sie doch unseren exklusiven Leitfaden f\u00fcr Echtgeld-Onlinecasinos, aus dem Sie w\u00e4hlen k\u00f6nnen.","breadcrumb":{"@id":"https:\/\/www.top10casinowebsites.net\/de\/top-10-real-geld-online-casino-webseiten#breadcrumb"},"inLanguage":"en-US","potentialAction":[{"@type":"ReadAction","target":["https:\/\/www.top10casinowebsites.net\/de\/top-10-real-geld-online-casino-webseiten"]}]},{"@type":"ImageObject","inLanguage":"en-US","@id":"https:\/\/www.top10casinowebsites.net\/de\/top-10-real-geld-online-casino-webseiten#primaryimage","url":"https:\/\/www.top10casinowebsites.net\/wp-content\/uploads\/2015\/05\/online-casino.jpg","contentUrl":"https:\/\/www.top10casinowebsites.net\/wp-content\/uploads\/2015\/05\/online-casino.jpg"},{"@type":"BreadcrumbList","@id":"https:\/\/www.top10casinowebsites.net\/de\/top-10-real-geld-online-casino-webseiten#breadcrumb","itemListElement":[{"@type":"ListItem","position":1,"name":"Home","item":"https:\/\/www.top10casinowebsites.net\/de\/"},{"@type":"ListItem","position":2,"name":"Top 10 Echtgeld Onlinecasino-Websites von Top 10 Casino Websites"}]},{"@type":"WebSite","@id":"https:\/\/www.top10casinowebsites.net\/de\/#website","url":"https:\/\/www.top10casinowebsites.net\/de\/","name":"DE","description":"","potentialAction":[{"@type":"SearchAction","target":{"@type":"EntryPoint","urlTemplate":"https:\/\/www.top10casinowebsites.net\/de\/?s={search_term_string}"},"query-input":{"@type":"PropertyValueSpecification","valueRequired":true,"valueName":"search_term_string"}}],"inLanguage":"en-US"}]}},"_links":{"self":[{"href":"https:\/\/www.top10casinowebsites.net\/de\/wp-json\/wp\/v2\/pages\/1169","targetHints":{"allow":["GET"]}}],"collection":[{"href":"https:\/\/www.top10casinowebsites.net\/de\/wp-json\/wp\/v2\/pages"}],"about":[{"href":"https:\/\/www.top10casinowebsites.net\/de\/wp-json\/wp\/v2\/types\/page"}],"author":[{"embeddable":true,"href":"https:\/\/www.top10casinowebsites.net\/de\/wp-json\/wp\/v2\/users\/4"}],"replies":[{"embeddable":true,"href":"https:\/\/www.top10casinowebsites.net\/de\/wp-json\/wp\/v2\/comments?post=1169"}],"version-history":[{"count":2,"href":"https:\/\/www.top10casinowebsites.net\/de\/wp-json\/wp\/v2\/pages\/1169\/revisions"}],"predecessor-version":[{"id":1823,"href":"https:\/\/www.top10casinowebsites.net\/de\/wp-json\/wp\/v2\/pages\/1169\/revisions\/1823"}],"wp:attachment":[{"href":"https:\/\/www.top10casinowebsites.net\/de\/wp-json\/wp\/v2\/media?parent=1169"}],"curies":[{"name":"wp","href":"https:\/\/api.w.org\/{rel}","templated":true}]}}