{"id":141,"date":"2016-01-25T11:12:50","date_gmt":"2016-01-25T11:12:50","guid":{"rendered":"http:\/\/www.top10casinowebsites.net\/?page_id=141"},"modified":"2017-10-06T15:01:14","modified_gmt":"2017-10-06T15:01:14","slug":"live-dealer","status":"publish","type":"page","link":"https:\/\/www.top10casinowebsites.net\/de\/live-dealer","title":{"rendered":"Live Casinos &#8211; Live Online Casinos mit Live Dealer"},"content":{"rendered":"<p><img decoding=\"async\" class=\"alignleft size-full wp-image-1752\" src=\"https:\/\/www.top10casinowebsites.net\/wp-content\/uploads\/2016\/01\/live-casino-dealer.jpg\" alt=\"\" width=\"300\" \/>Haben Sie Lust auf einen Spieltisch oder ein Kartenspiel wie im echten Leben?<\/p>\n<p>Dank der heutigen Technologie m\u00fcssen Sie sich nicht mehr aus dem Haus bewegen.<\/p>\n<p><strong>Top 10 Casino Websites<\/strong> verf\u00fcgt \u00fcber die besten Live Dealer Casinos, die eine einzigartige Erfahrung bieten. Alles, was Sie tun m\u00fcssen, ist sich zu entspannen und die Technologie ihre Arbeit erledigen lassen.<\/p>\n<p>Unser Team von Experten hat alle Register gezogen, um Ihnen die besten Live Dealer Casinos aufzulisten und eine reale Spielwelterfahrung zu erm\u00f6glichen.<\/p>\n<p>Also, wenn Sie bereit sind, die reale Welt der H\u00e4ndler und Croupiers zu erleben, lassen Sie uns anfangen. Wir listen die besten Live Dealer Casinos auf, die Folgendes bieten:<\/p>\n<ul>\n<li>Eine benutzerfreundliche Schnittstelle mit erstklassigen Live Dealer Spielen<\/li>\n<li>Livestreaming in High Definition mit professionellen Croupiers<\/li>\n<li>Anspruchsvolle Software, die das Spielen unterwegs auf einem Smartphone oder Tablet erm\u00f6glicht<\/li>\n<li>Alle Live Dealer Spiele einschlie\u00dflich\u00a0<a href=\"https:\/\/www.top10casinowebsites.net\/de\/live-dealer\/blackjack\"><strong>Blackjack<\/strong><\/a>,\u00a0<a href=\"https:\/\/www.top10casinowebsites.net\/de\/live-dealer\/roulette\"><strong>Roulette<\/strong><\/a>,\u00a0<a href=\"https:\/\/www.top10casinowebsites.net\/live-dealer\/de\/baccarat\"><strong>Baccarat<\/strong><\/a> und\u00a0<a href=\"https:\/\/www.top10casinowebsites.net\/live-dealer\/de\/casino-holdem\"><strong>Casino Hold\u2019em<\/strong><\/a><\/li>\n<\/ul>\n<p>Wenn sie die einzigartige reale Erfahrung und den echten Nervenkitzels eines klassischen Casinospieles suchen, dann sollen sie bei Top 10 Casino Websites starten.<\/p>\n<h2>Wie Live Dealer Casinos arbeiten<\/h2>\n<p>Live Dealer Casinos sind eine der gr\u00f6\u00dften Innovationen in der spielenden Online Industrie mit f\u00fchrenden Software Anbietern wie\u00a0<strong>Microgaming,\u00a0<\/strong><a href=\"https:\/\/www.evolutiongaming.com\/\"><strong>Evolution Gaming<\/strong><\/a><strong>, <\/strong><strong>Playtech und\u00a0<\/strong><a href=\"http:\/\/netent.com\/\"><strong>Net Entertainment<\/strong><\/a>, an der Spitze.<\/p>\n<p>Die Spiele werden live aus dem Studio des Gaming Anbieters gestreamt und sind in einer echten Casino-Atmosph\u00e4re zu sehen mit einem tats\u00e4chlichen zu sehen.<\/p>\n<p>Einige Spiele sind live vom Echtzeitcasino gestreamt.<\/p>\n<p>Sie werden mit dem H\u00e4ndler und den anderen Spielern interagieren und die Wette wird so platziert, als w\u00e4ren Sie mit im Kasino. Wenn Sie Black Jack Spielen, w\u00e4hlt der Dealer beispielsweise die Karten f\u00fcr Sie aus, w\u00e4hrend beim Roulette der Croupier das Rad dreht.<\/p>\n<p>Evolution Gaming. W\u00e4hlen Sie einfach Ihre Wettart und H\u00f6he und lassen den H\u00e4ndler den Rest erledigen. Sie k\u00f6nnen Chips hinzuf\u00fcgen, entfernen oder setzen, je nachdem welche Tabelle Sie spielen. Sie k\u00f6nnen mehre Spiele mit einer Schnittstelle spielen. Dies kann sogar besser sein, weil sie damit mehrere Formate gleichzeitig spielen k\u00f6nnen.<\/p>\n<p>Das Spiel ist fl\u00fcssig, schnell und nahtlos, also f\u00fcr einige High Octane Aktionen in Live Dealer Casinos bestens geeignet.<\/p>\n<h2>Das Live Dealer Nutzer Interface<\/h2>\n<p>Sobald Sie in Ihr Konto einbezahlt haben, k\u00f6nnen Sie \u00fcber die Kopfzeile zum Live Dealer Abschnitt des Casinos klicken.<\/p>\n<p>Warten auf Sie auf den H\u00e4ndler oder den Croupiers, die sowohl die Single- als auch die Multiplayer-Spiele regeln.<\/p>\n<p>Die Live Dealer Schnittstelle verf\u00fcgt in der Regel \u00fcber zwei Anzeigemodi.<\/p>\n<p><strong>Spiel Ansicht<\/strong>: In dieser Ansicht wird das Videofenster\u00a0 kleiner und Sie k\u00f6nnen es oben im Bildschirm zentrieren, zusammen mit einem Dashboard, k\u00f6nnen Sie dann den Spielstatus und H\u00e4ndlerinformationen auf beiden Seiten des Displays sehen. Die Wett-Schnittstelle ist an der Unterseite des Fensters zu sehen, wo Sie Ihren Wetteinsatz \u00e4ndern k\u00f6nnen.<\/p>\n<p><strong>Casino Ansicht<\/strong>: Der Videostream umfasst den Bildschirm mit einem vollst\u00e4ndigen Tabellenlayout und der Ansicht des H\u00e4ndlers. Die Geschichte, di Spielstatistiken und H\u00e4ndlerinformationen sind auf der linken und rechten Ecke des Displays zu sehen.<\/p>\n<p>Beide Ansichten sind Wetten-Layouts, die einfach zu bedienen sind. Die Spieler haben in der Regel 10 bis 15 Sekunden Zeit, Ihre Wetten in Blackjack, Baccarat und Casino Hold\u2019em zu setzen, sowie rund 40 Sekunden Zeit Eins\u00e4tze beim Roulette zu platzieren.<\/p>\n<p>Einige Casinos erlauben Ihnen, mehrere Spiele gleichzeitig zu spielen.<\/p>\n<h2>Die Vorteile von Live Dealer Casinos<\/h2>\n<p>Unsere Experten bei Top 10 Casino Websites empfehlen, dass Sie sich bei Live Dealer Casinos einloggen, da dies eine ganze Menge von Vorteilen bietet, die sie hier im Vergleich zu normalen Spielen haben.<\/p>\n<p>Dazu z\u00e4hlt:<\/p>\n<ul>\n<li>Das Genie\u00dfen von Nervenkitzel und die Stimmung und Eindr\u00fccke von einem echten Kasino, bequem von zu Hause aus in Echtzeit<\/li>\n<li>Das Spielen mit echtem Casino Equipment im Vergleich zum normalen Gaming<\/li>\n<li>Dass Sie einen professionellen und geschulten H\u00e4ndler zum Spielen w\u00e4hlen k\u00f6nnen<\/li>\n<li>Dass Sie die Tabellen f\u00fcr jeden Zahlungstypen w\u00e4hlen k\u00f6nnen<\/li>\n<li>Dass Sie die Wette hinter Funktion verwenden<\/li>\n<\/ul>\n<h2>Live Dealer Casino FAQs<\/h2>\n<div class=\"accordion\"><div class=\"accordion-box\"><a href=\"#\">1. Wo kann ich am besten Live Dealer Casino Spiele finden?<\/a><\/div><div class=\"accordion_text\"><\/p>\n<p>Sie brauchen wirklich nicht weiter als bei Top 10 Casino Webseiten zu suchen. Hier finden Sie einige der besten Live Dealer Casinos im Gesch\u00e4ft. Dar\u00fcber hinaus haben die meisten online Casinos einen Link zum Live Dealer&#8221; auf der Startseite.<\/div><\/div>\n<div class=\"accordion\"><div class=\"accordion-box\"><a href=\"#\">2. Was sind die beliebten Live-Dealer-Spiele?<\/a><\/div><div class=\"accordion_text\"><\/p>\n<p>Derzeit sind dies Live Dealer Blackjack und Live Dealer Roulette mit den am h\u00e4ufigsten gespielten Spiele. Sie sind leicht zu erlernen, weil die Spiele einfach sind. Der Hausvorteil in beiden Spielen ist relativ klein. Weitere aktuelle Spiele sind Baccarat, Casino Hold&#8217;em und 3 Card Poker.<\/div><\/div>\n<div class=\"accordion\"><div class=\"accordion-box\"><a href=\"#\">3. Wie viel muss ich bei Live Dealer Casinos wetten?<\/a><\/div><div class=\"accordion_text\"><\/p>\n<p>Die maximalen und minimalen Wetten variieren. Zwar haben Blackjack-Spiele in der Regel einem Mindesteinsatz von $25 und maximal 500 US-Dollar pro Hand.<\/p>\n<p>Minimale, gerade nach oben, Wetten beim Roulette beginnen ab $0,50 bis $10. Es gibt jedoch viel h\u00f6her wettenden Limits der hohen Rollen, die dann berechnet werden.<\/p>\n<p>Der Mindesteinsatz bei Baccarat betr\u00e4gt in der Regel 10 Dollar und kann bis zu 500 US-Dollar pro Hand gehen.<\/p>\n<p>Mindesteins\u00e4tze der Pokerspiele beginnen ab $1 bis zu $2.500 oder mehr.<\/div><\/div>\n<div class=\"accordion\"><div class=\"accordion-box\"><a href=\"#\">4. Wie gebe ich zu einem Tisch?<\/a><\/div><div class=\"accordion_text\"><\/p>\n<p>Sobald ihr Casinokonto \u00fcber ausreichend Guthaben verf\u00fcgt, k\u00f6nnen Sie einfach\u00a0 den Live Dealer Abschnitt des Casinos anklicken,\u00a0 gehen Sie auf die gew\u00fcnschte Tabelle und\u00a0 platzieren Sie Ihre Wette.<\/p>\n<p>Ja, es gibt einige Casinos, die Live Dealer Spiele kompatibel sind, u.a. bei einer Reihe von Smartphones und Tablets, einschlie\u00dflich\u00a0Apple\u00a0und\u00a0<a href=\"https:\/\/www.top10casinowebsites.net\/de\/handy-casinos\/android\">Android<\/a>.<\/div><\/div>\n<div class=\"accordion\"><div class=\"accordion-box\"><a href=\"#\">5. Welche Art von Internetverbindung brauche ich??<\/a><\/div><div class=\"accordion_text\"><\/p>\n<p>Eine einigerma\u00dfen schnelle Internetverbindung wie Breitband oder eine\u00a0<a href=\"https:\/\/en.wikipedia.org\/wiki\/4G\">4G Verbindung<\/a> gen\u00fcgt, wenn Sie auf Ihrem mobilen Ger\u00e4t spielen wollen.<\/div><\/div>\n<div class=\"accordion\"><div class=\"accordion-box\"><a href=\"#\">6. Muss ich irgendeine Software herunterladen?<\/a><\/div><div class=\"accordion_text\"><\/p>\n<p>Dies h\u00e4ngt vom Casino ab.\u00a0 Einige Casinos erlauben Ihnen, direkt in einem kompatiblen Browser zu spielen, w\u00e4hrend einige verlangen, dass Sie eine Software Client herunterladen.<\/div><\/div>\n<div class=\"accordion\"><div class=\"accordion-box\"><a href=\"#\">7. Was ist, wenn mein Internet w\u00e4hrend des Spiels ausf\u00e4llt?<\/a><\/div><div class=\"accordion_text\"><\/p>\n<p>Casinos haben ihre eigene Unterbrechungsschutzrichtlinie, stellen Sie daher bitte fest, welchen Voraussetzungen und Bedingungen Sie unterliegen oder wenden Sie sich vor dem Spiel an den Kundensupport. In den meisten F\u00e4llen bleibt es im Gleichgewicht, was hei\u00dft, das das, was Sie gewonnen oder verloren haben, Ihrem Konto gutgeschrieben wird, sobald die Verbindung wieder da ist. <\/div><\/div>\n","protected":false},"excerpt":{"rendered":"<p>Haben Sie Lust auf einen Spieltisch oder ein Kartenspiel wie im echten Leben? Dank der heutigen Technologie m\u00fcssen Sie sich nicht mehr aus dem Haus bewegen. Top 10 Casino Websites verf\u00fcgt \u00fcber die besten Live Dealer Casinos, die eine einzigartige Erfahrung bieten. Alles, was Sie tun m\u00fcssen, ist sich zu entspannen und die Technologie ihre [&hellip;]<\/p>\n","protected":false},"author":4,"featured_media":0,"parent":0,"menu_order":0,"comment_status":"closed","ping_status":"closed","template":"","meta":{"_acf_changed":false,"footnotes":""},"class_list":["post-141","page","type-page","status-publish","hentry"],"acf":[],"yoast_head":"<!-- This site is optimized with the Yoast SEO plugin v27.4 - https:\/\/yoast.com\/product\/yoast-seo-wordpress\/ -->\n<title>Live Casinos - Live Online Casinos mit Live Dealer<\/title>\n<meta name=\"description\" content=\"Hier finden Sie eine Liste der besten Live Dealer Casinos, bei denen man Spiele mit Live Dealer findet, die eine reale Welt der Spielerfahrung bietet\" \/>\n<meta name=\"robots\" content=\"noindex, follow, max-snippet:-1, max-image-preview:large, max-video-preview:-1\" \/>\n<meta property=\"og:locale\" content=\"en_US\" \/>\n<meta property=\"og:type\" content=\"article\" \/>\n<meta property=\"og:title\" content=\"Live Casinos - Live Online Casinos mit Live Dealer\" \/>\n<meta property=\"og:description\" content=\"Hier finden Sie eine Liste der besten Live Dealer Casinos, bei denen man Spiele mit Live Dealer findet, die eine reale Welt der Spielerfahrung bietet\" \/>\n<meta property=\"og:url\" content=\"https:\/\/www.top10casinowebsites.net\/de\/live-dealer\" \/>\n<meta property=\"og:site_name\" content=\"DE\" \/>\n<meta property=\"article:modified_time\" content=\"2017-10-06T15:01:14+00:00\" \/>\n<meta name=\"twitter:card\" content=\"summary_large_image\" \/>\n<meta name=\"twitter:label1\" content=\"Est. reading time\" \/>\n\t<meta name=\"twitter:data1\" content=\"5 minutes\" \/>\n<script type=\"application\/ld+json\" class=\"yoast-schema-graph\">{\"@context\":\"https:\\\/\\\/schema.org\",\"@graph\":[{\"@type\":\"WebPage\",\"@id\":\"https:\\\/\\\/www.top10casinowebsites.net\\\/de\\\/live-dealer\",\"url\":\"https:\\\/\\\/www.top10casinowebsites.net\\\/de\\\/live-dealer\",\"name\":\"Live Casinos - Live Online Casinos mit Live Dealer\",\"isPartOf\":{\"@id\":\"https:\\\/\\\/www.top10casinowebsites.net\\\/de\\\/#website\"},\"primaryImageOfPage\":{\"@id\":\"https:\\\/\\\/www.top10casinowebsites.net\\\/de\\\/live-dealer#primaryimage\"},\"image\":{\"@id\":\"https:\\\/\\\/www.top10casinowebsites.net\\\/de\\\/live-dealer#primaryimage\"},\"thumbnailUrl\":\"https:\\\/\\\/www.top10casinowebsites.net\\\/wp-content\\\/uploads\\\/2016\\\/01\\\/live-casino-dealer.jpg\",\"datePublished\":\"2016-01-25T11:12:50+00:00\",\"dateModified\":\"2017-10-06T15:01:14+00:00\",\"description\":\"Hier finden Sie eine Liste der besten Live Dealer Casinos, bei denen man Spiele mit Live Dealer findet, die eine reale Welt der Spielerfahrung bietet\",\"breadcrumb\":{\"@id\":\"https:\\\/\\\/www.top10casinowebsites.net\\\/de\\\/live-dealer#breadcrumb\"},\"inLanguage\":\"en-US\",\"potentialAction\":[{\"@type\":\"ReadAction\",\"target\":[\"https:\\\/\\\/www.top10casinowebsites.net\\\/de\\\/live-dealer\"]}]},{\"@type\":\"ImageObject\",\"inLanguage\":\"en-US\",\"@id\":\"https:\\\/\\\/www.top10casinowebsites.net\\\/de\\\/live-dealer#primaryimage\",\"url\":\"https:\\\/\\\/www.top10casinowebsites.net\\\/wp-content\\\/uploads\\\/2016\\\/01\\\/live-casino-dealer.jpg\",\"contentUrl\":\"https:\\\/\\\/www.top10casinowebsites.net\\\/wp-content\\\/uploads\\\/2016\\\/01\\\/live-casino-dealer.jpg\"},{\"@type\":\"BreadcrumbList\",\"@id\":\"https:\\\/\\\/www.top10casinowebsites.net\\\/de\\\/live-dealer#breadcrumb\",\"itemListElement\":[{\"@type\":\"ListItem\",\"position\":1,\"name\":\"Home\",\"item\":\"https:\\\/\\\/www.top10casinowebsites.net\\\/de\\\/\"},{\"@type\":\"ListItem\",\"position\":2,\"name\":\"Live Casinos &#8211; Live Online Casinos mit Live Dealer\"}]},{\"@type\":\"WebSite\",\"@id\":\"https:\\\/\\\/www.top10casinowebsites.net\\\/de\\\/#website\",\"url\":\"https:\\\/\\\/www.top10casinowebsites.net\\\/de\\\/\",\"name\":\"DE\",\"description\":\"\",\"potentialAction\":[{\"@type\":\"SearchAction\",\"target\":{\"@type\":\"EntryPoint\",\"urlTemplate\":\"https:\\\/\\\/www.top10casinowebsites.net\\\/de\\\/?s={search_term_string}\"},\"query-input\":{\"@type\":\"PropertyValueSpecification\",\"valueRequired\":true,\"valueName\":\"search_term_string\"}}],\"inLanguage\":\"en-US\"}]}<\/script>\n<!-- \/ Yoast SEO plugin. -->","yoast_head_json":{"title":"Live Casinos - Live Online Casinos mit Live Dealer","description":"Hier finden Sie eine Liste der besten Live Dealer Casinos, bei denen man Spiele mit Live Dealer findet, die eine reale Welt der Spielerfahrung bietet","robots":{"index":"noindex","follow":"follow","max-snippet":"max-snippet:-1","max-image-preview":"max-image-preview:large","max-video-preview":"max-video-preview:-1"},"og_locale":"en_US","og_type":"article","og_title":"Live Casinos - Live Online Casinos mit Live Dealer","og_description":"Hier finden Sie eine Liste der besten Live Dealer Casinos, bei denen man Spiele mit Live Dealer findet, die eine reale Welt der Spielerfahrung bietet","og_url":"https:\/\/www.top10casinowebsites.net\/de\/live-dealer","og_site_name":"DE","article_modified_time":"2017-10-06T15:01:14+00:00","twitter_card":"summary_large_image","twitter_misc":{"Est. reading time":"5 minutes"},"schema":{"@context":"https:\/\/schema.org","@graph":[{"@type":"WebPage","@id":"https:\/\/www.top10casinowebsites.net\/de\/live-dealer","url":"https:\/\/www.top10casinowebsites.net\/de\/live-dealer","name":"Live Casinos - Live Online Casinos mit Live Dealer","isPartOf":{"@id":"https:\/\/www.top10casinowebsites.net\/de\/#website"},"primaryImageOfPage":{"@id":"https:\/\/www.top10casinowebsites.net\/de\/live-dealer#primaryimage"},"image":{"@id":"https:\/\/www.top10casinowebsites.net\/de\/live-dealer#primaryimage"},"thumbnailUrl":"https:\/\/www.top10casinowebsites.net\/wp-content\/uploads\/2016\/01\/live-casino-dealer.jpg","datePublished":"2016-01-25T11:12:50+00:00","dateModified":"2017-10-06T15:01:14+00:00","description":"Hier finden Sie eine Liste der besten Live Dealer Casinos, bei denen man Spiele mit Live Dealer findet, die eine reale Welt der Spielerfahrung bietet","breadcrumb":{"@id":"https:\/\/www.top10casinowebsites.net\/de\/live-dealer#breadcrumb"},"inLanguage":"en-US","potentialAction":[{"@type":"ReadAction","target":["https:\/\/www.top10casinowebsites.net\/de\/live-dealer"]}]},{"@type":"ImageObject","inLanguage":"en-US","@id":"https:\/\/www.top10casinowebsites.net\/de\/live-dealer#primaryimage","url":"https:\/\/www.top10casinowebsites.net\/wp-content\/uploads\/2016\/01\/live-casino-dealer.jpg","contentUrl":"https:\/\/www.top10casinowebsites.net\/wp-content\/uploads\/2016\/01\/live-casino-dealer.jpg"},{"@type":"BreadcrumbList","@id":"https:\/\/www.top10casinowebsites.net\/de\/live-dealer#breadcrumb","itemListElement":[{"@type":"ListItem","position":1,"name":"Home","item":"https:\/\/www.top10casinowebsites.net\/de\/"},{"@type":"ListItem","position":2,"name":"Live Casinos &#8211; Live Online Casinos mit Live Dealer"}]},{"@type":"WebSite","@id":"https:\/\/www.top10casinowebsites.net\/de\/#website","url":"https:\/\/www.top10casinowebsites.net\/de\/","name":"DE","description":"","potentialAction":[{"@type":"SearchAction","target":{"@type":"EntryPoint","urlTemplate":"https:\/\/www.top10casinowebsites.net\/de\/?s={search_term_string}"},"query-input":{"@type":"PropertyValueSpecification","valueRequired":true,"valueName":"search_term_string"}}],"inLanguage":"en-US"}]}},"_links":{"self":[{"href":"https:\/\/www.top10casinowebsites.net\/de\/wp-json\/wp\/v2\/pages\/141","targetHints":{"allow":["GET"]}}],"collection":[{"href":"https:\/\/www.top10casinowebsites.net\/de\/wp-json\/wp\/v2\/pages"}],"about":[{"href":"https:\/\/www.top10casinowebsites.net\/de\/wp-json\/wp\/v2\/types\/page"}],"author":[{"embeddable":true,"href":"https:\/\/www.top10casinowebsites.net\/de\/wp-json\/wp\/v2\/users\/4"}],"replies":[{"embeddable":true,"href":"https:\/\/www.top10casinowebsites.net\/de\/wp-json\/wp\/v2\/comments?post=141"}],"version-history":[{"count":2,"href":"https:\/\/www.top10casinowebsites.net\/de\/wp-json\/wp\/v2\/pages\/141\/revisions"}],"predecessor-version":[{"id":2167,"href":"https:\/\/www.top10casinowebsites.net\/de\/wp-json\/wp\/v2\/pages\/141\/revisions\/2167"}],"wp:attachment":[{"href":"https:\/\/www.top10casinowebsites.net\/de\/wp-json\/wp\/v2\/media?parent=141"}],"curies":[{"name":"wp","href":"https:\/\/api.w.org\/{rel}","templated":true}]}}