{"id":145,"date":"2016-01-25T11:14:02","date_gmt":"2016-01-25T11:14:02","guid":{"rendered":"http:\/\/www.top10casinowebsites.net\/?page_id=145"},"modified":"2017-10-06T13:59:52","modified_gmt":"2017-10-06T13:59:52","slug":"handy-casinos","status":"publish","type":"page","link":"https:\/\/www.top10casinowebsites.net\/de\/handy-casinos","title":{"rendered":"Die besten Handy-Casinos f\u00fcr iOS, Android, Blackberry, Windows"},"content":{"rendered":"<h2>Handy-Casinos &#8211; DIE NEUE \u00c4RA DES GL\u00dcCKSSPIELS<\/h2>\n<p><img decoding=\"async\" class=\"alignright size-full wp-image-116\" src=\"https:\/\/www.top10casinowebsites.net\/wp-content\/uploads\/2016\/01\/mobile-platforms.jpg\" alt=\"Mobile Platforms\" width=\"260\" \/>Noch vor ein paar Jahrzehnten, wenn Sie im Casino spielen wollten, mussten Sie zu einem Casino fahren.<\/p>\n<p>Heute ist das anders. Heute k\u00f6nnen Sie in <a href=\"https:\/\/www.top10casinowebsites.net\/de\/casinos\">Onlinecasinos<\/a> bequem von zu Hause aus spielen. Heute k\u00f6nnen Sie ohne Probleme von zu Hause aus, rund um die Welt spielen.<\/p>\n<p>Heute ist es selbstverst\u00e4ndlich mit unseren Smartphones zu kommunizieren, Tag und Nacht und damit k\u00f6nnen Sie jederzeit auch auf die Onlinekasinos zugreifen.<\/p>\n<p>Wenn Sie gerne Onlinekasino spielen dann ist es also nur eine Frage der Zeit, wann Sie sich f\u00fcr die mobile Variante entscheiden.<\/p>\n<p>Wenn Sie keine Erfahrung mit Onlinecasinos haben, aber durchaus erw\u00e4gen dort einzusteigen, dann empfehlen wir Ihnen zun\u00e4chst einmal unseren mobilen Onlineguide f\u00fcr Anf\u00e4nger anzusehen.<\/p>\n<div class=\"grid-contents\" id=\"grid-contents\"><table class=\"cas_table\" ><tbody><tr class=\"rank-1\">\n                                <td class=\"ranking\">1<\/td>\n                                <td class=\"brandcol\">\n                                    <a href=https:\/\/www.top10casinowebsites.net\/de\/review\/888-casino class=\"brand brand-bg\"><img loading=\"lazy\" decoding=\"async\" class=\"group list-group-image\" src=\"https:\/\/static.top10casinowebsites.net\/images\/casino-rooms\/888-casino-logo.png\" width=\"200\" height=\"128\"\/><\/a>\n                                <\/td>\n                                <td class=\"bonus\" data-title=\"Bonus\">\n\t\t\t\t\t               <p class=\"bonus-text\"><strong>$888<\/strong>Welcome Bonus <br>(<a href=\"https:\/\/www.top10casinowebsites.net\/de\/review\/888-casino\">T&Cs apply, 18+<\/a>)<\/p>\n\t\t\t\t                <\/td>\n\t\t\t\t\t            <td class=\"badge_game\" data-title=\"Rating\">\n                                    <div class=\"rating\"><strong>5<\/strong>\/5<\/div>\n                                    <div class=\"rating stars\" style=\"margin-top: 5px;\"><span class=\"icon icon-stars\"><span class=\"icon-stars green\" style=\"width: 100%;\"><\/span><\/span><\/div>\n\t\t\t\t\t            <\/td>\n                               \n                                <td class=\"play\">\n\t\t\t\t\t               <a class=\"button-gold\" rel=\"nofollow\" href=\"https:\/\/www.top10casinowebsites.net\/de\/review\/888-casino\">Visit<\/a>\n\t                               <div class=\"\">\n\t\t\t\t\t                   <a class=\"review-snippet-link-play-now-col\" href=\"https:\/\/www.top10casinowebsites.net\/de\/review\/888-casino\">Read Review<\/a>\n\t\t\t\t\t               <\/div>\n\t\t\t\t\t           <\/td>\n     \t\t\t\t        <\/tr><\/tbody><\/table><\/div>\n<p>Dieser enth\u00e4lt alle Infos, die Sie als Anf\u00e4nger brauchen, gerade dann, wenn es um Echtgeldspiele geht. Hier erfahren Sie auch, welche die besten Onlinekasinos sind.\u00a0 Die Top 10 Casino Webseiten ist Ihr One-Stop-Shop f\u00fcr alles, was mit mobilen Casinos zu tun hat.<\/p>\n<h2>Legitimiert, zertifiziert, AUSPROBIERT UND GETESTET<\/h2>\n<p><img loading=\"lazy\" decoding=\"async\" class=\"alignleft size-full\" src=\"https:\/\/static.top10casinowebsites.net\/images\/icons\/licensed-casinos.png\" alt=\"licensed mobile casinos\" width=\"128\" height=\"128\" \/>Sie k\u00f6nnen sicher sein, dass sie beim Umgang mit mobilen Casinos, die wir empfehlen, es mit den sichersten, am weitesten entwickelten und legitimsten Casinos zu tun haben, die Sie auf dem Markt finden.<\/p>\n<p>Wir haben ein hoch qualifiziertes und erfahrenes Team, das alle Casinos strengen Tests unterzieht und daf\u00fcr sorgt, dass diese f\u00fcr den Benutzer absolut sicher sind.<\/p>\n<p>Alle aufgelisteten Casinos sind durch die entsprechenden Gl\u00fccksspiel Lizenz- und Auditing Beh\u00f6rden genehmigt.<\/p>\n<p>Jedem einzelnen Kasino, das hier verzeichnet wird, hat folgende Parameter:<\/p>\n<ul>\n<li>Faire Spiele: Technologie wie der Erzeugung von Zufallszahlen unter Fairnesskriterien \u00fcberpr\u00fcft<\/li>\n<li>Eine umfangreiche Sammlung von Spielen und Tools, von Tabellen bis Slots<\/li>\n<li>Eine gute Auswahl an Spielvarianten von hoher Beteiligung bis zu geringer Beteiligung mit unterschiedlichen Buy-ins<\/li>\n<li>Ausgezeichnete Bonus Aktionen und Programme, die Sie gl\u00fccklich machen werden<\/li>\n<li>Alle Arten von Kasinospielen stehen zur Verf\u00fcgung<\/li>\n<\/ul>\n<h2>Kompatibilit\u00e4t: MOBILE PLATTFORMEN UND MOBILE CASINOS<\/h2>\n<p><img loading=\"lazy\" decoding=\"async\" class=\"alignleft size-full\" src=\"https:\/\/static.top10casinowebsites.net\/images\/icons\/help-and-tips.png\" alt=\"\" width=\"128\" height=\"128\" \/>Wie bei Desktop-PCs, besitzen auch mobile Telefone verschiedene Betriebssysteme (sie sind\u00a0 leistungsstarke Computer im Kleinen) und mit diesen unterschiedlichen Betriebssystemen gibt es Kompatibilit\u00e4tsprobleme. Zum Beispiel kann ein Mobiles Casino, das f\u00fcr\u00a0 Android entwickelt wurde, m\u00f6glicherweise nicht iOS unterst\u00fctzen und umgekehrt.<\/p>\n<p>Lesen Sie weiter eine kurze \u00dcbersicht \u00fcber die verschiedenen Plattformen und Betriebssysteme und deren Bezug zum mobilen Onlinespielen.<\/p>\n<p><a href=\"https:\/\/www.top10casinowebsites.net\/de\/handy-casinos\/android\"><strong>Android<\/strong><\/a>\u00a0&#8211; Android Handys sind derzeit die popul\u00e4rsten im globalen Sinne. Sie sind normalerweise erschwinglicher wie Apple Ger\u00e4te und bieten noch einige High-End-Features extra, in Bezug auf Hardware und technische Daten.<\/p>\n<p>Deshalb sind sie mit diesem System sicher, wenn es um die Kompatibilit\u00e4t Ihres Ger\u00e4tes mit Onlinekasinos geht.\u00a0 Es ist wirklich nur eine Frage der pers\u00f6nlichen Wahl. Wir haben etliche Casinos auf unserer Webseite gelistet, die Android unterst\u00fctzen. Die Vorteile, die es bringt, auf einem zertifizierten Onlineportal zu spielen, haben wir bereits er\u00f6rtert.<\/p>\n<p><a href=\"https:\/\/www.top10casinowebsites.net\/de\/handy-casinos\/iphone\"><strong>iPhone<\/strong><\/a>\/<a href=\"https:\/\/www.top10casinowebsites.net\/mobile\/ipad\"><strong>iPad<\/strong><\/a>\u00a0&#8211; iOS ist enorm beliebt und hat einen beachtlichen Kundenstamm. Es gibt Millionen von iOS-Benutzer, die um echtes Geld online spielen. Wo die Nachfrage vorhanden ist, gibt es auch Dienste und so gibt es keinen Mangel an iOS-kompatiblen Handy Casinos. iPads sind auch tragbare Ger\u00e4te, die mithilfe iOS-Plattform funktionieren und bieten dazu einen gr\u00f6\u00dferen Bildschirm. Es gibt auch Casinos, die speziell f\u00fcr das iPad entwickelt wurden, damit Sie in den vollen Genuss kommen.<\/p>\n<p><a href=\"https:\/\/de.blackberry.com\/\"><strong>Blackberry<\/strong><\/a>\u00a0&#8211; Blackberry war einmal der popul\u00e4rste Telefonanbieter und immer noch wird es von vielen auf der ganzen Welt genutzt. Da diese Anbieter konkurrenzf\u00e4hig sind, werden BlackBerry Ger\u00e4te hier keineswegs ignoriert, und einige Plattformen bieten Spiele extra nur f\u00fcr BlackBerry an.<\/p>\n<p><a href=\"https:\/\/www.top10casinowebsites.net\/de\/handy-casinos\/windows\"><strong>Windows<\/strong><\/a>\u00a0&#8211; Windows ist das popul\u00e4rste Betriebssystem auf Desktop-Computern und eine Menge Leute benutzen Windows Phones, weil Sie mit dem System vertraut sind und dieses auch sehr benutzerfreundlich ist. Microsoft hat sich mit Nokia zusammengetan und wird noch mit vielen sensationellen Smartphones auf den Markt kommen. Es gibt daher mehr als gen\u00fcgend f\u00fcr Windows geeignete mobile Kasinos.<\/p>\n<p><strong>Plattformabh\u00e4ngig vs. Unabh\u00e4ngig<\/strong><\/p>\n<p><img loading=\"lazy\" decoding=\"async\" class=\"alignleft size-full\" src=\"https:\/\/static.top10casinowebsites.net\/images\/icons\/help-and-tips.png\" alt=\"\" width=\"128\" height=\"128\" \/>Mobile Casinos k\u00f6nnen bez\u00fcglich der Anwendungen und der Instant Play Casinos klassifiziert werden.<\/p>\n<p>Anwendungen sind solche Casinos, die Sie auf Ihr Telefon herunterladen und die die Anwendung jedes Mal starten, um zu spielen.<\/p>\n<p>Auf der anderen Seite k\u00f6nnen auf die mobilen Websites der Instant Play Casinos nur \u00fcber den Webbrowser zugegriffen werden. Damit k\u00f6nnen Sie sofort, dank Technologien wie\u00a0<a href=\"http:\/\/www.w3schools.com\/html\/html5_intro.asp\">HTML5<\/a>\u00a0Flash, spielen.<\/p>\n<h2>MOBILE CASINO FAQs<\/h2>\n<div class=\"accordion\"><div class=\"accordion-box\"><a href=\"#\">1. Kann ich von \u00fcberall spielen??<\/a><\/div><div class=\"accordion_text\"><\/p>\n<p>Ja, Sie haben Zugang im vollen Umfang. Sie k\u00f6nnen jederzeit und \u00fcberall spielen. Sie k\u00f6nnen nicht nur von \u00fcberall spielen, Sie k\u00f6nnen ebenfalls Ihre Einlagen und Abhebungen von Ihrem mobilen Ger\u00e4t aus verwalten.<\/div><\/div>\n<div class=\"accordion\"><div class=\"accordion-box\"><a href=\"#\">2. Muss ich f\u00fcr echtes Geld spielen?<\/a><\/div><div class=\"accordion_text\"><\/p>\n<p>Es ist nicht vorgeschrieben, dass sie nur um echtes Geld spielen. Es gibt jede Menge Spiele nur zum Spa\u00df. Mit etlichen mobilen Casino Apps und Instant Play Casinos k\u00f6nnen Sie einfach nur ausprobieren, wie es geht und dabei risikolos eine Menge Spa\u00df haben. Manche \u00fcben hier auch zuerst, bevor sie sich sicherf\u00fchlen mit echtem Geld zu spielen. <\/div><\/div>\n","protected":false},"excerpt":{"rendered":"<p>Handy-Casinos &#8211; DIE NEUE \u00c4RA DES GL\u00dcCKSSPIELS Noch vor ein paar Jahrzehnten, wenn Sie im Casino spielen wollten, mussten Sie zu einem Casino fahren. Heute ist das anders. Heute k\u00f6nnen Sie in Onlinecasinos bequem von zu Hause aus spielen. Heute k\u00f6nnen Sie ohne Probleme von zu Hause aus, rund um die Welt spielen. Heute ist [&hellip;]<\/p>\n","protected":false},"author":4,"featured_media":0,"parent":0,"menu_order":0,"comment_status":"closed","ping_status":"closed","template":"","meta":{"_acf_changed":false,"footnotes":""},"class_list":["post-145","page","type-page","status-publish","hentry"],"acf":[],"yoast_head":"<!-- This site is optimized with the Yoast SEO plugin v27.4 - https:\/\/yoast.com\/product\/yoast-seo-wordpress\/ -->\n<title>Die besten Handy-Casinos f\u00fcr iOS, Android, Blackberry, Windows<\/title>\n<meta name=\"description\" content=\"Hier finden Sie eine umfassende Liste der mobilen Casinos und dessen Spiele um echtes Geld. Spielen Sie Slots, Roulette, Blackjack und vieles mehr auf Ihrem Smartphone oder Tablet.\" \/>\n<meta name=\"robots\" content=\"noindex, follow, max-snippet:-1, max-image-preview:large, max-video-preview:-1\" \/>\n<meta property=\"og:locale\" content=\"en_US\" \/>\n<meta property=\"og:type\" content=\"article\" \/>\n<meta property=\"og:title\" content=\"Die besten Handy-Casinos f\u00fcr iOS, Android, Blackberry, Windows\" \/>\n<meta property=\"og:description\" content=\"Hier finden Sie eine umfassende Liste der mobilen Casinos und dessen Spiele um echtes Geld. Spielen Sie Slots, Roulette, Blackjack und vieles mehr auf Ihrem Smartphone oder Tablet.\" \/>\n<meta property=\"og:url\" content=\"https:\/\/www.top10casinowebsites.net\/de\/handy-casinos\" \/>\n<meta property=\"og:site_name\" content=\"DE\" \/>\n<meta property=\"article:modified_time\" content=\"2017-10-06T13:59:52+00:00\" \/>\n<meta name=\"twitter:card\" content=\"summary_large_image\" \/>\n<meta name=\"twitter:label1\" content=\"Est. reading time\" \/>\n\t<meta name=\"twitter:data1\" content=\"4 minutes\" \/>\n<script type=\"application\/ld+json\" class=\"yoast-schema-graph\">{\"@context\":\"https:\\\/\\\/schema.org\",\"@graph\":[{\"@type\":\"WebPage\",\"@id\":\"https:\\\/\\\/www.top10casinowebsites.net\\\/de\\\/handy-casinos\",\"url\":\"https:\\\/\\\/www.top10casinowebsites.net\\\/de\\\/handy-casinos\",\"name\":\"Die besten Handy-Casinos f\u00fcr iOS, Android, Blackberry, Windows\",\"isPartOf\":{\"@id\":\"https:\\\/\\\/www.top10casinowebsites.net\\\/de\\\/#website\"},\"primaryImageOfPage\":{\"@id\":\"https:\\\/\\\/www.top10casinowebsites.net\\\/de\\\/handy-casinos#primaryimage\"},\"image\":{\"@id\":\"https:\\\/\\\/www.top10casinowebsites.net\\\/de\\\/handy-casinos#primaryimage\"},\"thumbnailUrl\":\"https:\\\/\\\/www.top10casinowebsites.net\\\/wp-content\\\/uploads\\\/2016\\\/01\\\/mobile-platforms.jpg\",\"datePublished\":\"2016-01-25T11:14:02+00:00\",\"dateModified\":\"2017-10-06T13:59:52+00:00\",\"description\":\"Hier finden Sie eine umfassende Liste der mobilen Casinos und dessen Spiele um echtes Geld. Spielen Sie Slots, Roulette, Blackjack und vieles mehr auf Ihrem Smartphone oder Tablet.\",\"breadcrumb\":{\"@id\":\"https:\\\/\\\/www.top10casinowebsites.net\\\/de\\\/handy-casinos#breadcrumb\"},\"inLanguage\":\"en-US\",\"potentialAction\":[{\"@type\":\"ReadAction\",\"target\":[\"https:\\\/\\\/www.top10casinowebsites.net\\\/de\\\/handy-casinos\"]}]},{\"@type\":\"ImageObject\",\"inLanguage\":\"en-US\",\"@id\":\"https:\\\/\\\/www.top10casinowebsites.net\\\/de\\\/handy-casinos#primaryimage\",\"url\":\"https:\\\/\\\/www.top10casinowebsites.net\\\/wp-content\\\/uploads\\\/2016\\\/01\\\/mobile-platforms.jpg\",\"contentUrl\":\"https:\\\/\\\/www.top10casinowebsites.net\\\/wp-content\\\/uploads\\\/2016\\\/01\\\/mobile-platforms.jpg\"},{\"@type\":\"BreadcrumbList\",\"@id\":\"https:\\\/\\\/www.top10casinowebsites.net\\\/de\\\/handy-casinos#breadcrumb\",\"itemListElement\":[{\"@type\":\"ListItem\",\"position\":1,\"name\":\"Home\",\"item\":\"https:\\\/\\\/www.top10casinowebsites.net\\\/de\\\/\"},{\"@type\":\"ListItem\",\"position\":2,\"name\":\"Die besten Handy-Casinos f\u00fcr iOS, Android, Blackberry, Windows\"}]},{\"@type\":\"WebSite\",\"@id\":\"https:\\\/\\\/www.top10casinowebsites.net\\\/de\\\/#website\",\"url\":\"https:\\\/\\\/www.top10casinowebsites.net\\\/de\\\/\",\"name\":\"DE\",\"description\":\"\",\"potentialAction\":[{\"@type\":\"SearchAction\",\"target\":{\"@type\":\"EntryPoint\",\"urlTemplate\":\"https:\\\/\\\/www.top10casinowebsites.net\\\/de\\\/?s={search_term_string}\"},\"query-input\":{\"@type\":\"PropertyValueSpecification\",\"valueRequired\":true,\"valueName\":\"search_term_string\"}}],\"inLanguage\":\"en-US\"}]}<\/script>\n<!-- \/ Yoast SEO plugin. -->","yoast_head_json":{"title":"Die besten Handy-Casinos f\u00fcr iOS, Android, Blackberry, Windows","description":"Hier finden Sie eine umfassende Liste der mobilen Casinos und dessen Spiele um echtes Geld. Spielen Sie Slots, Roulette, Blackjack und vieles mehr auf Ihrem Smartphone oder Tablet.","robots":{"index":"noindex","follow":"follow","max-snippet":"max-snippet:-1","max-image-preview":"max-image-preview:large","max-video-preview":"max-video-preview:-1"},"og_locale":"en_US","og_type":"article","og_title":"Die besten Handy-Casinos f\u00fcr iOS, Android, Blackberry, Windows","og_description":"Hier finden Sie eine umfassende Liste der mobilen Casinos und dessen Spiele um echtes Geld. Spielen Sie Slots, Roulette, Blackjack und vieles mehr auf Ihrem Smartphone oder Tablet.","og_url":"https:\/\/www.top10casinowebsites.net\/de\/handy-casinos","og_site_name":"DE","article_modified_time":"2017-10-06T13:59:52+00:00","twitter_card":"summary_large_image","twitter_misc":{"Est. reading time":"4 minutes"},"schema":{"@context":"https:\/\/schema.org","@graph":[{"@type":"WebPage","@id":"https:\/\/www.top10casinowebsites.net\/de\/handy-casinos","url":"https:\/\/www.top10casinowebsites.net\/de\/handy-casinos","name":"Die besten Handy-Casinos f\u00fcr iOS, Android, Blackberry, Windows","isPartOf":{"@id":"https:\/\/www.top10casinowebsites.net\/de\/#website"},"primaryImageOfPage":{"@id":"https:\/\/www.top10casinowebsites.net\/de\/handy-casinos#primaryimage"},"image":{"@id":"https:\/\/www.top10casinowebsites.net\/de\/handy-casinos#primaryimage"},"thumbnailUrl":"https:\/\/www.top10casinowebsites.net\/wp-content\/uploads\/2016\/01\/mobile-platforms.jpg","datePublished":"2016-01-25T11:14:02+00:00","dateModified":"2017-10-06T13:59:52+00:00","description":"Hier finden Sie eine umfassende Liste der mobilen Casinos und dessen Spiele um echtes Geld. Spielen Sie Slots, Roulette, Blackjack und vieles mehr auf Ihrem Smartphone oder Tablet.","breadcrumb":{"@id":"https:\/\/www.top10casinowebsites.net\/de\/handy-casinos#breadcrumb"},"inLanguage":"en-US","potentialAction":[{"@type":"ReadAction","target":["https:\/\/www.top10casinowebsites.net\/de\/handy-casinos"]}]},{"@type":"ImageObject","inLanguage":"en-US","@id":"https:\/\/www.top10casinowebsites.net\/de\/handy-casinos#primaryimage","url":"https:\/\/www.top10casinowebsites.net\/wp-content\/uploads\/2016\/01\/mobile-platforms.jpg","contentUrl":"https:\/\/www.top10casinowebsites.net\/wp-content\/uploads\/2016\/01\/mobile-platforms.jpg"},{"@type":"BreadcrumbList","@id":"https:\/\/www.top10casinowebsites.net\/de\/handy-casinos#breadcrumb","itemListElement":[{"@type":"ListItem","position":1,"name":"Home","item":"https:\/\/www.top10casinowebsites.net\/de\/"},{"@type":"ListItem","position":2,"name":"Die besten Handy-Casinos f\u00fcr iOS, Android, Blackberry, Windows"}]},{"@type":"WebSite","@id":"https:\/\/www.top10casinowebsites.net\/de\/#website","url":"https:\/\/www.top10casinowebsites.net\/de\/","name":"DE","description":"","potentialAction":[{"@type":"SearchAction","target":{"@type":"EntryPoint","urlTemplate":"https:\/\/www.top10casinowebsites.net\/de\/?s={search_term_string}"},"query-input":{"@type":"PropertyValueSpecification","valueRequired":true,"valueName":"search_term_string"}}],"inLanguage":"en-US"}]}},"_links":{"self":[{"href":"https:\/\/www.top10casinowebsites.net\/de\/wp-json\/wp\/v2\/pages\/145","targetHints":{"allow":["GET"]}}],"collection":[{"href":"https:\/\/www.top10casinowebsites.net\/de\/wp-json\/wp\/v2\/pages"}],"about":[{"href":"https:\/\/www.top10casinowebsites.net\/de\/wp-json\/wp\/v2\/types\/page"}],"author":[{"embeddable":true,"href":"https:\/\/www.top10casinowebsites.net\/de\/wp-json\/wp\/v2\/users\/4"}],"replies":[{"embeddable":true,"href":"https:\/\/www.top10casinowebsites.net\/de\/wp-json\/wp\/v2\/comments?post=145"}],"version-history":[{"count":2,"href":"https:\/\/www.top10casinowebsites.net\/de\/wp-json\/wp\/v2\/pages\/145\/revisions"}],"predecessor-version":[{"id":2162,"href":"https:\/\/www.top10casinowebsites.net\/de\/wp-json\/wp\/v2\/pages\/145\/revisions\/2162"}],"wp:attachment":[{"href":"https:\/\/www.top10casinowebsites.net\/de\/wp-json\/wp\/v2\/media?parent=145"}],"curies":[{"name":"wp","href":"https:\/\/api.w.org\/{rel}","templated":true}]}}