{"id":1732,"date":"2017-01-27T13:56:14","date_gmt":"2017-01-27T13:56:14","guid":{"rendered":"https:\/\/www.top10casinowebsites.net\/?page_id=1732"},"modified":"2017-10-06T14:32:43","modified_gmt":"2017-10-06T14:32:43","slug":"iphone","status":"publish","type":"page","link":"https:\/\/www.top10casinowebsites.net\/de\/handy-casinos\/iphone","title":{"rendered":"iPhone-Casinos &#8211; Mobile iPhone-Casinos"},"content":{"rendered":"<h2>iPhone Handy-Casinos der Extraklasse?<\/h2>\n<p><img decoding=\"async\" class=\"alignright size-full wp-image-1733\" src=\"https:\/\/www.top10casinowebsites.net\/wp-content\/uploads\/2017\/01\/apple.jpg\" alt=\"\" width=\"300\" \/><a href=\"http:\/\/apple.com\/de\/iphone\">iPhones geh\u00f6ren zu den meistverkauften Produkten<\/a>.\u00a0 iPhones haben einen riesen Kundenstamm rund um die ganze Welt. Es l\u00e4uft auf Apples eigenem Betriebssystem iOS.<\/p>\n<p>Apple hat eine erstaunliche F\u00e4higkeit, komplexe Vorg\u00e4nge herunterzubrechen, es einfach in der Benutzung zu machen und gleichzeitig die Inhalte maximal zu pr\u00e4sentieren.<\/p>\n<p>Das iPhone, iPad, MacBook und iMac verwenden alle iOS.<\/p>\n<p>Apple liefert automatische Updates, die die Software jedes Mal besser und besser werden l\u00e4sst. Die aktuelle Version zu diesem Zeitpunkt ist iOS 9 und wird innerhalb eines Jahres aktualisiert &#8211; wir haben nun das iPhone 7 und iPhone 7 Plus, die mit zwei Kameras ausgestattet und wasserdicht sind!<\/p>\n<p>Mobile Casino Entwickler konnten das iPhone aufgrund seiner weiten Verbreitung selbstverst\u00e4ndlich nicht ignorieren. Tatsache ist, dass \u00fcber 1 Milliarden Apple Ger\u00e4te aktiv im Einsatz sind &#8211;\u00a0 auf der ganzen Welt! Weltklasse Casino Entwickler wie\u00a0<a href=\"http:\/\/microgaming.co.uk\/\">Microgaming<\/a>\u00a0und\u00a0<a href=\"http:\/\/netent.com\/\">NetEnt<\/a>\u00a0haben deshalb einige unglaubliche iPhone-Casinos entwickelt.<\/p>\n<div class=\"grid-contents\" id=\"grid-contents\"><table class=\"cas_table\" ><tbody><tr class=\"rank-1\">\n                                <td class=\"ranking\">1<\/td>\n                                <td class=\"brandcol\">\n                                    <a href=https:\/\/www.top10casinowebsites.net\/de\/review\/888-casino class=\"brand brand-bg\"><img loading=\"lazy\" decoding=\"async\" class=\"group list-group-image\" src=\"https:\/\/static.top10casinowebsites.net\/images\/casino-rooms\/888-casino-logo.png\" width=\"200\" height=\"128\"\/><\/a>\n                                <\/td>\n                                <td class=\"bonus\" data-title=\"Bonus\">\n\t\t\t\t\t               <p class=\"bonus-text\"><strong>$888<\/strong>Welcome Bonus <br>(<a href=\"https:\/\/www.top10casinowebsites.net\/de\/review\/888-casino\">T&Cs apply, 18+<\/a>)<\/p>\n\t\t\t\t                <\/td>\n\t\t\t\t\t            <td class=\"badge_game\" data-title=\"Rating\">\n                                    <div class=\"rating\"><strong>5<\/strong>\/5<\/div>\n                                    <div class=\"rating stars\" style=\"margin-top: 5px;\"><span class=\"icon icon-stars\"><span class=\"icon-stars green\" style=\"width: 100%;\"><\/span><\/span><\/div>\n\t\t\t\t\t            <\/td>\n                               \n                                <td class=\"play\">\n\t\t\t\t\t               <a class=\"button-gold\" rel=\"nofollow\" href=\"https:\/\/www.top10casinowebsites.net\/de\/review\/888-casino\">Visit<\/a>\n\t                               <div class=\"\">\n\t\t\t\t\t                   <a class=\"review-snippet-link-play-now-col\" href=\"https:\/\/www.top10casinowebsites.net\/de\/review\/888-casino\">Read Review<\/a>\n\t\t\t\t\t               <\/div>\n\t\t\t\t\t           <\/td>\n     \t\t\t\t        <\/tr><\/tbody><\/table><\/div>\n<p>Wenn Sie ein eifriger Onlinespieler sind und ein iPhone haben, dann ist es an der Zeit, dar\u00fcber nachzudenken vom Online Desktop Gl\u00fccksspiel zum Echtgeld iPhone-Casino umzusteigen. Einige der besten online Casinos f\u00fcr iPhones sind\u00a0Mega Moolah, Major Millions, Tomb Raider, Mermaid&#8217;s Millions, royal Derby, etc.<\/p>\n<h2>Legitimiert, zertifiziert, ausprobiert und getestet<\/h2>\n<p><img loading=\"lazy\" decoding=\"async\" class=\"alignleft size-full\" src=\"https:\/\/static.top10casinowebsites.net\/images\/icons\/licensed-casinos.png\" alt=\"licensed mobile casinos\" width=\"128\" height=\"128\" \/>Wenn Sie sich entschieden haben vom Online PC-Spiel zum iPhone-Casino zu wechseln oder auch, wenn Sie ein f\u00fcr Anf\u00e4nger gerechtes Onlinespiel auf dem iPhone suchen, dann w\u00fcrden Sie vermutlich zun\u00e4chst einmal zum Appstore gehen und dort auf die Casino Apps tippen. Sie w\u00e4ren dann erst einmal v\u00f6llig \u00fcberfordert. Tausende und Abertausende von Anbietern, auch schwarze Schafe, tummeln sich da \u2013 und bei Letzteren werden Sie Ihre Auszahlungen niemals bekommen.<\/p>\n<p>Das ist genau der Grund, warum wir so darauf dr\u00e4ngen, dass Sie richtig informiert sind. Wir haben die meiste Arbeit bereits f\u00fcr Sie erledigt und die Ratings und Bewertungen in einer Liste f\u00fcr Sie zusammengefasst.<\/p>\n<p>In der Tat, einige der besten Echt-Geld iPhone Kasinos sind auch nicht im\u00a0<a href=\"https:\/\/www.apple.com\/de\/itunes\">Apple Appstore<\/a>\u00a0aufgrund bestimmter Einschr\u00e4nkungen und Richtlinien, die der Appstore auferlegt. Daher ist der Vorteil, dass wenn Sie die Liste kennen und k\u00f6nnen Sie sicher sein, dass das Casino lizensiert, getestet und als 100% fair eingestuft wurde. Damit k\u00f6nnen Sie sichergehen, dass Sie Ihre Auszahlungen auch wirklich erhalten.<\/p>\n<h2>iPhone-Casinos &#8211; Wie wir Testen und Auswerten<\/h2>\n<p><img loading=\"lazy\" decoding=\"async\" class=\"alignleft size-full\" src=\"https:\/\/static.top10casinowebsites.net\/images\/icons\/help-and-tips.png\" alt=\"\" width=\"128\" height=\"128\" \/>Es gibt viele Faktoren, die wir bei der Beurteilung eines mobilen Casinos ber\u00fccksichtigen<\/p>\n<ol>\n<li><strong>Boni<\/strong>: Alle Casinos bieten bestimmte First Deposit Boni. Wir begleichen diese Boni fl\u00e4chendeckend, also haben Sie ein klares Bild davon, welche Casinos die besten Boni anbieten.<\/li>\n<li><strong>Spiele<\/strong>: Spiele sind der Grund, warum Sie hier sind. Daher pr\u00fcfen wir alle m\u00f6glichen Spiele und verwenden eine Menge Zeit und Ressourcen, diese f\u00fcr Sie zu testen.<\/li>\n<li><strong>Sicherheit<\/strong>: Ein weiterer sehr wichtiger Faktor ist die Sicherheit. Wir sorgen daf\u00fcr, dass die empfohlenen Casinos zugriffssicher sind und die neueste Sicherheitstechnologie verwenden.<\/li>\n<li><strong>Einzahlungen und Auszahlungen<\/strong>: Wir pr\u00fcfen auch die Zahlungsmethoden, die von den Casino akzeptiert werden. Au\u00dferdem testen wir, wie lange es dauert, um Einzahlungen und Auszahlungen abzuwickeln.<\/li>\n<li><strong>Kundendienst<\/strong>: Dienst am Kunden ist von gr\u00f6\u00dfter Bedeutung f\u00fcr den Benutzer. Wenn Sie Probleme haben, dann m\u00fcssen Sie schnell in der Lage sein, mit jemandem zu reden, da Sie m\u00f6chten, dass der Fehler so bald wie m\u00f6glich behoben wird. Instant Chat Support, Support per Email und Telefon-Support sind das, was die meisten Kasinos anbieten, die wir Ihnen empfehlen.<\/li>\n<\/ol>\n<h2>Plattformabh\u00e4ngig vs. unabh\u00e4ngig<\/h2>\n<p><img loading=\"lazy\" decoding=\"async\" class=\"alignleft size-full\" src=\"https:\/\/static.top10casinowebsites.net\/images\/icons\/help-and-tips.png\" alt=\"\" width=\"128\" height=\"128\" \/>Wenn Leute an Apps denken, denken Sie an die iPhone Apps. Allerdings sind nicht alle Apps iPhone Casinos.<\/p>\n<p>Tats\u00e4chlich sind einige der besten iPhone-Casinos die Instant Play Casinos.<\/p>\n<p>Der Unterschied ist, dass Apps jedes Mal neu starten, wenn Sie Ihr iPhone benutzen und spielen wollen.<\/p>\n<p>Mit Instant Play k\u00f6nnen Sie auf Ihren mobilen Webbrowser direkt zugreifen und sofort loslegen.<\/p>\n<h2>iPhone Casino FAQs<\/h2>\n<div class=\"accordion\"><div class=\"accordion-box\"><a href=\"#\">1. Welche Casinospiele kann ich auf meinem iPhone spielen?<\/a><\/div><div class=\"accordion_text\"><\/p>\n<p>iOS unterst\u00fctzt buchst\u00e4blich jedes Spiel, das Sie vermutlich auch in jedem herk\u00f6mmlichen Casino finden werden. Sie finden Slots, Tabellen-Spiele, Roulette, Video Poker und vieles mehr. Die meisten iPhone-Casinos haben bereits alle diese Spiele fest in Ihrer Auswahl und sind \u00fcber Ihre Benutzerfreundlichkeit kategorisiert.<\/div><\/div>\n<div class=\"accordion\"><div class=\"accordion-box\"><a href=\"#\">2. Kann ich umsonst auf meinem iPhone spielen?<\/a><\/div><div class=\"accordion_text\"><\/p>\n<p>Es gibt jede Menge Echtgeldspiele, die Sie kostenlos nutzen k\u00f6nnen. Diese k\u00f6nnen Sie einfach aus Spa\u00df benutzen und Sie haben keinen minimalen Einsatz zu leisten, um zu spielen. Es ist eine hervorragende Option, sich f\u00fcr das richtige Spiel aufzuw\u00e4rmen, bevor Sie Echtgeldspiele starten.<\/div><\/div>\n<div class=\"accordion\"><div class=\"accordion-box\"><a href=\"#\">3. Ich will einen Willkommensbonus erhalten?<\/a><\/div><div class=\"accordion_text\"><\/p>\n<p>Ja, fast alle iPhone Casinos bieten einige wunderbare Willkommen Boni! Sehen Sie sich unsere Liste der empfohlenen iPhone-Casinos einfach an.<\/div><\/div>\n","protected":false},"excerpt":{"rendered":"<p>iPhone Handy-Casinos der Extraklasse? iPhones geh\u00f6ren zu den meistverkauften Produkten.\u00a0 iPhones haben einen riesen Kundenstamm rund um die ganze Welt. Es l\u00e4uft auf Apples eigenem Betriebssystem iOS. Apple hat eine erstaunliche F\u00e4higkeit, komplexe Vorg\u00e4nge herunterzubrechen, es einfach in der Benutzung zu machen und gleichzeitig die Inhalte maximal zu pr\u00e4sentieren. Das iPhone, iPad, MacBook und iMac [&hellip;]<\/p>\n","protected":false},"author":4,"featured_media":0,"parent":145,"menu_order":0,"comment_status":"closed","ping_status":"closed","template":"","meta":{"_acf_changed":false,"footnotes":""},"class_list":["post-1732","page","type-page","status-publish","hentry"],"acf":[],"yoast_head":"<!-- This site is optimized with the Yoast SEO plugin v27.4 - https:\/\/yoast.com\/product\/yoast-seo-wordpress\/ -->\n<title>iPhone-Casinos - Mobile iPhone-Casinos<\/title>\n<meta name=\"description\" content=\"Eine Anleitung zum Finden der besten iPhone-Casinos f\u00fcr und dessen Spiele um echtes Geld. Spiele wie Slots, Blackjack und Roulette finden Sie unter Top 10 mobile Casinos.\" \/>\n<meta name=\"robots\" content=\"noindex, follow, max-snippet:-1, max-image-preview:large, max-video-preview:-1\" \/>\n<meta property=\"og:locale\" content=\"en_US\" \/>\n<meta property=\"og:type\" content=\"article\" \/>\n<meta property=\"og:title\" content=\"iPhone-Casinos - Mobile iPhone-Casinos\" \/>\n<meta property=\"og:description\" content=\"Eine Anleitung zum Finden der besten iPhone-Casinos f\u00fcr und dessen Spiele um echtes Geld. Spiele wie Slots, Blackjack und Roulette finden Sie unter Top 10 mobile Casinos.\" \/>\n<meta property=\"og:url\" content=\"https:\/\/www.top10casinowebsites.net\/de\/handy-casinos\/iphone\" \/>\n<meta property=\"og:site_name\" content=\"DE\" \/>\n<meta property=\"article:modified_time\" content=\"2017-10-06T14:32:43+00:00\" \/>\n<meta name=\"twitter:card\" content=\"summary_large_image\" \/>\n<meta name=\"twitter:label1\" content=\"Est. reading time\" \/>\n\t<meta name=\"twitter:data1\" content=\"4 minutes\" \/>\n<script type=\"application\/ld+json\" class=\"yoast-schema-graph\">{\"@context\":\"https:\\\/\\\/schema.org\",\"@graph\":[{\"@type\":\"WebPage\",\"@id\":\"https:\\\/\\\/www.top10casinowebsites.net\\\/de\\\/handy-casinos\\\/iphone\",\"url\":\"https:\\\/\\\/www.top10casinowebsites.net\\\/de\\\/handy-casinos\\\/iphone\",\"name\":\"iPhone-Casinos - Mobile iPhone-Casinos\",\"isPartOf\":{\"@id\":\"https:\\\/\\\/www.top10casinowebsites.net\\\/de\\\/#website\"},\"primaryImageOfPage\":{\"@id\":\"https:\\\/\\\/www.top10casinowebsites.net\\\/de\\\/handy-casinos\\\/iphone#primaryimage\"},\"image\":{\"@id\":\"https:\\\/\\\/www.top10casinowebsites.net\\\/de\\\/handy-casinos\\\/iphone#primaryimage\"},\"thumbnailUrl\":\"https:\\\/\\\/www.top10casinowebsites.net\\\/wp-content\\\/uploads\\\/2017\\\/01\\\/apple.jpg\",\"datePublished\":\"2017-01-27T13:56:14+00:00\",\"dateModified\":\"2017-10-06T14:32:43+00:00\",\"description\":\"Eine Anleitung zum Finden der besten iPhone-Casinos f\u00fcr und dessen Spiele um echtes Geld. Spiele wie Slots, Blackjack und Roulette finden Sie unter Top 10 mobile Casinos.\",\"breadcrumb\":{\"@id\":\"https:\\\/\\\/www.top10casinowebsites.net\\\/de\\\/handy-casinos\\\/iphone#breadcrumb\"},\"inLanguage\":\"en-US\",\"potentialAction\":[{\"@type\":\"ReadAction\",\"target\":[\"https:\\\/\\\/www.top10casinowebsites.net\\\/de\\\/handy-casinos\\\/iphone\"]}]},{\"@type\":\"ImageObject\",\"inLanguage\":\"en-US\",\"@id\":\"https:\\\/\\\/www.top10casinowebsites.net\\\/de\\\/handy-casinos\\\/iphone#primaryimage\",\"url\":\"https:\\\/\\\/www.top10casinowebsites.net\\\/wp-content\\\/uploads\\\/2017\\\/01\\\/apple.jpg\",\"contentUrl\":\"https:\\\/\\\/www.top10casinowebsites.net\\\/wp-content\\\/uploads\\\/2017\\\/01\\\/apple.jpg\"},{\"@type\":\"BreadcrumbList\",\"@id\":\"https:\\\/\\\/www.top10casinowebsites.net\\\/de\\\/handy-casinos\\\/iphone#breadcrumb\",\"itemListElement\":[{\"@type\":\"ListItem\",\"position\":1,\"name\":\"Home\",\"item\":\"https:\\\/\\\/www.top10casinowebsites.net\\\/de\\\/\"},{\"@type\":\"ListItem\",\"position\":2,\"name\":\"Die besten Handy-Casinos f\u00fcr iOS, Android, Blackberry, Windows\",\"item\":\"https:\\\/\\\/www.top10casinowebsites.net\\\/de\\\/handy-casinos\"},{\"@type\":\"ListItem\",\"position\":3,\"name\":\"iPhone-Casinos &#8211; Mobile iPhone-Casinos\"}]},{\"@type\":\"WebSite\",\"@id\":\"https:\\\/\\\/www.top10casinowebsites.net\\\/de\\\/#website\",\"url\":\"https:\\\/\\\/www.top10casinowebsites.net\\\/de\\\/\",\"name\":\"DE\",\"description\":\"\",\"potentialAction\":[{\"@type\":\"SearchAction\",\"target\":{\"@type\":\"EntryPoint\",\"urlTemplate\":\"https:\\\/\\\/www.top10casinowebsites.net\\\/de\\\/?s={search_term_string}\"},\"query-input\":{\"@type\":\"PropertyValueSpecification\",\"valueRequired\":true,\"valueName\":\"search_term_string\"}}],\"inLanguage\":\"en-US\"}]}<\/script>\n<!-- \/ Yoast SEO plugin. -->","yoast_head_json":{"title":"iPhone-Casinos - Mobile iPhone-Casinos","description":"Eine Anleitung zum Finden der besten iPhone-Casinos f\u00fcr und dessen Spiele um echtes Geld. Spiele wie Slots, Blackjack und Roulette finden Sie unter Top 10 mobile Casinos.","robots":{"index":"noindex","follow":"follow","max-snippet":"max-snippet:-1","max-image-preview":"max-image-preview:large","max-video-preview":"max-video-preview:-1"},"og_locale":"en_US","og_type":"article","og_title":"iPhone-Casinos - Mobile iPhone-Casinos","og_description":"Eine Anleitung zum Finden der besten iPhone-Casinos f\u00fcr und dessen Spiele um echtes Geld. Spiele wie Slots, Blackjack und Roulette finden Sie unter Top 10 mobile Casinos.","og_url":"https:\/\/www.top10casinowebsites.net\/de\/handy-casinos\/iphone","og_site_name":"DE","article_modified_time":"2017-10-06T14:32:43+00:00","twitter_card":"summary_large_image","twitter_misc":{"Est. reading time":"4 minutes"},"schema":{"@context":"https:\/\/schema.org","@graph":[{"@type":"WebPage","@id":"https:\/\/www.top10casinowebsites.net\/de\/handy-casinos\/iphone","url":"https:\/\/www.top10casinowebsites.net\/de\/handy-casinos\/iphone","name":"iPhone-Casinos - Mobile iPhone-Casinos","isPartOf":{"@id":"https:\/\/www.top10casinowebsites.net\/de\/#website"},"primaryImageOfPage":{"@id":"https:\/\/www.top10casinowebsites.net\/de\/handy-casinos\/iphone#primaryimage"},"image":{"@id":"https:\/\/www.top10casinowebsites.net\/de\/handy-casinos\/iphone#primaryimage"},"thumbnailUrl":"https:\/\/www.top10casinowebsites.net\/wp-content\/uploads\/2017\/01\/apple.jpg","datePublished":"2017-01-27T13:56:14+00:00","dateModified":"2017-10-06T14:32:43+00:00","description":"Eine Anleitung zum Finden der besten iPhone-Casinos f\u00fcr und dessen Spiele um echtes Geld. Spiele wie Slots, Blackjack und Roulette finden Sie unter Top 10 mobile Casinos.","breadcrumb":{"@id":"https:\/\/www.top10casinowebsites.net\/de\/handy-casinos\/iphone#breadcrumb"},"inLanguage":"en-US","potentialAction":[{"@type":"ReadAction","target":["https:\/\/www.top10casinowebsites.net\/de\/handy-casinos\/iphone"]}]},{"@type":"ImageObject","inLanguage":"en-US","@id":"https:\/\/www.top10casinowebsites.net\/de\/handy-casinos\/iphone#primaryimage","url":"https:\/\/www.top10casinowebsites.net\/wp-content\/uploads\/2017\/01\/apple.jpg","contentUrl":"https:\/\/www.top10casinowebsites.net\/wp-content\/uploads\/2017\/01\/apple.jpg"},{"@type":"BreadcrumbList","@id":"https:\/\/www.top10casinowebsites.net\/de\/handy-casinos\/iphone#breadcrumb","itemListElement":[{"@type":"ListItem","position":1,"name":"Home","item":"https:\/\/www.top10casinowebsites.net\/de\/"},{"@type":"ListItem","position":2,"name":"Die besten Handy-Casinos f\u00fcr iOS, Android, Blackberry, Windows","item":"https:\/\/www.top10casinowebsites.net\/de\/handy-casinos"},{"@type":"ListItem","position":3,"name":"iPhone-Casinos &#8211; Mobile iPhone-Casinos"}]},{"@type":"WebSite","@id":"https:\/\/www.top10casinowebsites.net\/de\/#website","url":"https:\/\/www.top10casinowebsites.net\/de\/","name":"DE","description":"","potentialAction":[{"@type":"SearchAction","target":{"@type":"EntryPoint","urlTemplate":"https:\/\/www.top10casinowebsites.net\/de\/?s={search_term_string}"},"query-input":{"@type":"PropertyValueSpecification","valueRequired":true,"valueName":"search_term_string"}}],"inLanguage":"en-US"}]}},"_links":{"self":[{"href":"https:\/\/www.top10casinowebsites.net\/de\/wp-json\/wp\/v2\/pages\/1732","targetHints":{"allow":["GET"]}}],"collection":[{"href":"https:\/\/www.top10casinowebsites.net\/de\/wp-json\/wp\/v2\/pages"}],"about":[{"href":"https:\/\/www.top10casinowebsites.net\/de\/wp-json\/wp\/v2\/types\/page"}],"author":[{"embeddable":true,"href":"https:\/\/www.top10casinowebsites.net\/de\/wp-json\/wp\/v2\/users\/4"}],"replies":[{"embeddable":true,"href":"https:\/\/www.top10casinowebsites.net\/de\/wp-json\/wp\/v2\/comments?post=1732"}],"version-history":[{"count":2,"href":"https:\/\/www.top10casinowebsites.net\/de\/wp-json\/wp\/v2\/pages\/1732\/revisions"}],"predecessor-version":[{"id":2165,"href":"https:\/\/www.top10casinowebsites.net\/de\/wp-json\/wp\/v2\/pages\/1732\/revisions\/2165"}],"up":[{"embeddable":true,"href":"https:\/\/www.top10casinowebsites.net\/de\/wp-json\/wp\/v2\/pages\/145"}],"wp:attachment":[{"href":"https:\/\/www.top10casinowebsites.net\/de\/wp-json\/wp\/v2\/media?parent=1732"}],"curies":[{"name":"wp","href":"https:\/\/api.w.org\/{rel}","templated":true}]}}