{"id":1740,"date":"2017-01-27T14:30:23","date_gmt":"2017-01-27T14:30:23","guid":{"rendered":"https:\/\/www.top10casinowebsites.net\/?page_id=1740"},"modified":"2017-10-06T14:24:21","modified_gmt":"2017-10-06T14:24:21","slug":"ipad","status":"publish","type":"page","link":"https:\/\/www.top10casinowebsites.net\/de\/handy-casinos\/ipad","title":{"rendered":"iPad Casinos &#8211; Mobile iPad Casinos"},"content":{"rendered":"<h2>iPad Mobile Casinos &#8211; ein gut abgerundetes Erlebnis<\/h2>\n<p><img decoding=\"async\" class=\"alignright size-full wp-image-1733\" src=\"https:\/\/www.top10casinowebsites.net\/wp-content\/uploads\/2017\/01\/apple.jpg\" alt=\"\" width=\"300\" \/><a href=\"https:\/\/www.apple.com\/de\/ipad\">Tablet-Ger\u00e4te wie das iPad<\/a>\u00a0sind die Zukunft der moderenen Datenverarbeitung und gelten unter Kennern als das Medium der Neuzeit. Heute ist das iPad wohl der bekannteste und weitverbreitetste Tablet-PC auf dem Markt.<\/p>\n<p>Es gibt die Konkurrenz wie <a href=\"http:\/\/www.samsung.com\/de\/\">Samsung mit der Galaxy Serie<\/a>, aber das iPad gewinnt nach wie vor. Das iPad wird geradezu angebetet und geliebt, da es pragmatisch ist, der Bildschirm gr\u00f6\u00dfer ist als auf einem gro\u00dfen Smartphone und dennoch ist das Ger\u00e4t mobil. Es eignet sich hervorragend zum Lesen von B\u00fcchern und zum Ansehen von Business Pr\u00e4sentationen, sowie f\u00fcr die Wiedergabe von Filmen und Videos und nat\u00fcrlich auch f\u00fcr Spiele!<\/p>\n<p>Der gr\u00f6\u00dfere Bildschirm bedeutet einen echten Mehrwert und ist eine echte Erfahrung f\u00fcr Gamer. Au\u00dferdem erleichtert es den Zugriff f\u00fcr den Spieler, da es viel mehr Platz bietet, um in das Spiel einzugreifen. Zudem kann man durch das Anf\u00fcgen externer Tastaturen ein noch besseres Spielerlebnis bekommen.\u00a0 Der gr\u00f6\u00dfere Bildschirm macht jedoch den Unterschied.<\/p>\n<div class=\"grid-contents\" id=\"grid-contents\"><table class=\"cas_table\" ><tbody><tr class=\"rank-1\">\n                                <td class=\"ranking\">1<\/td>\n                                <td class=\"brandcol\">\n                                    <a href=https:\/\/www.top10casinowebsites.net\/de\/review\/888-casino class=\"brand brand-bg\"><img loading=\"lazy\" decoding=\"async\" class=\"group list-group-image\" src=\"https:\/\/static.top10casinowebsites.net\/images\/casino-rooms\/888-casino-logo.png\" width=\"200\" height=\"128\"\/><\/a>\n                                <\/td>\n                                <td class=\"bonus\" data-title=\"Bonus\">\n\t\t\t\t\t               <p class=\"bonus-text\"><strong>$888<\/strong>Welcome Bonus <br>(<a href=\"https:\/\/www.top10casinowebsites.net\/de\/review\/888-casino\">T&Cs apply, 18+<\/a>)<\/p>\n\t\t\t\t                <\/td>\n\t\t\t\t\t            <td class=\"badge_game\" data-title=\"Rating\">\n                                    <div class=\"rating\"><strong>5<\/strong>\/5<\/div>\n                                    <div class=\"rating stars\" style=\"margin-top: 5px;\"><span class=\"icon icon-stars\"><span class=\"icon-stars green\" style=\"width: 100%;\"><\/span><\/span><\/div>\n\t\t\t\t\t            <\/td>\n                               \n                                <td class=\"play\">\n\t\t\t\t\t               <a class=\"button-gold\" rel=\"nofollow\" href=\"https:\/\/www.top10casinowebsites.net\/de\/review\/888-casino\">Visit<\/a>\n\t                               <div class=\"\">\n\t\t\t\t\t                   <a class=\"review-snippet-link-play-now-col\" href=\"https:\/\/www.top10casinowebsites.net\/de\/review\/888-casino\">Read Review<\/a>\n\t\t\t\t\t               <\/div>\n\t\t\t\t\t           <\/td>\n     \t\t\t\t        <\/tr><\/tbody><\/table><\/div>\n<p>Das iPad ist einfach die beste Option um mobile Kasinospiele zu starten. Wenn Sie zwischen einem Spiel auf dem Smartphone oder dem iPad entscheiden k\u00f6nnen, w\u00e4hlen Sie das iPad, denn Sie haben einen gro\u00dfen Bildschirm und nahezu das gleiche optische Ergebnis wie am PC. Au\u00dferdem k\u00f6nnen sie alle Ihre Lieblingskasinospiele von \u00fcberall aus und zu jeder Zeit spielen.<\/p>\n<h2>Legitimiert, zertifiziert, ausprobiert und getestet<\/h2>\n<p><img loading=\"lazy\" decoding=\"async\" class=\"alignleft size-full\" src=\"https:\/\/static.top10casinowebsites.net\/images\/icons\/licensed-casinos.png\" alt=\"licensed mobile casinos\" width=\"128\" height=\"128\" \/>Wie das iPhone, so l\u00e4uft auch das iPad auf iOS und wie beim iPhone, k\u00f6nnen Apps f\u00fcr das iPad offiziell aus dem Apple App Store heruntergeladen werden.<\/p>\n<p>Aber das Problem ist, dass aufgrund von Richtlinien und Einschr\u00e4nkungen Sie keine Echtgeldspiele der Kasinos \u00fcber den Appstore herunterladen k\u00f6nnen.<\/p>\n<p>Deshalb sind Sie an der richtigen Stelle, wenn es gilt, die richtigen Anbieter zu finden. Wir haben eine Liste der besten iPad-Casinos zusammengestellt und wir aktualisieren diese Liste st\u00e4ndig.<\/p>\n<p>Wenn Sie sich f\u00fcr ein von uns aufgef\u00fchrtes Kasino entscheiden, k\u00f6nnen Sie sicher sein, dass Sie das Beste vom Besten erhalten. Sie k\u00f6nnen ohne Sorgen spielen, denn alle empfohlenen Kasinos sind zertifiziert legitim und lizensiert. Alle Spiele unterliegen dem Siegel der Fairen Wetten.<\/p>\n<p>Vorsicht vor unseri\u00f6sen und betr\u00fcgerischen mobile Kasinos, in denen Sie nie Ihr Geld zur\u00fcckerhalten. Ja! Es gibt eine Menge von diesen schwarzen Schafen im Netz. Wir helfen Ihnen, diese zu finden und setzen diese auf unsere schwarze Liste. Auch diese halten wir permanent aktuell.<\/p>\n<h2>iPad-Casinos &#8211; wie wir Testen und Auswerten<\/h2>\n<p><img loading=\"lazy\" decoding=\"async\" class=\"alignleft size-full\" src=\"https:\/\/static.top10casinowebsites.net\/images\/icons\/help-and-tips.png\" alt=\"\" width=\"128\" height=\"128\" \/>Wir bei\u00a0top10casinowebsites.net\u00a0haben ein Qualit\u00e4tsteam, auf das wir stolz sind! Wir k\u00f6nnen mit Bestimmtheit sagen, dass es wohl keinen weiteren Ort gibt, wo Sie so gr\u00fcndlich und rigoros Kasinobewertungen erhalten.<\/p>\n<p>Wir k\u00f6nnen nicht direkt in alle komplexen Details eingehen, wie unsere Tests im Bezug zu iPad-Casinos aussehen, aber hier sind einige wichtige Faktoren, die sie beachten sollten:<\/p>\n<ol>\n<li>Bonus: Willkommensboni sind f\u00fcr potenzielle Neukunden, um diese in das Kasino zu locken. Wir vergleichen diese Boni und sagen Ihnen, welche Casinos die besten Willkommensboni bieten, damit sie ihre Entscheidung leichter treffen k\u00f6nnen<\/li>\n<li>Spiele: Wir pr\u00fcfen, wie viele Spiele das Kasino zu bieten hat, welche Art von Spielen sie anbieten, sowie die die Software und wie gut die Spiele insgesamt sind.<\/li>\n<li>Sicherheit: Sensible Informationen wie KreditkartenDebitkarten, pers\u00f6nliche Informationen, pers\u00f6nliche Daten etc., werden zwangsl\u00e4ufig zwischen dem Benutzer und dem Casino Server ausgetauscht werden. Wir \u00fcberpr\u00fcfen, wie sicher dieser Austausch ist und ob es L\u00fccken gibt.<\/li>\n<li>Einzahlungen und Auszahlungen: Wenn es um Echtgeldkasinos geht, sind schnelle Auszahlungen alles.<\/li>\n<li>Kundendienst: Kundendienst ist dann wichtig, wenn etwas nicht klappt. Wir empfehlen Ihnen nur Kasinos, die einen guten Service anbieten k\u00f6nnen.<\/li>\n<\/ol>\n<h2>Plattformabh\u00e4ngig vs. Unabh\u00e4ngig<\/h2>\n<p><img loading=\"lazy\" decoding=\"async\" class=\"alignleft size-full\" src=\"https:\/\/static.top10casinowebsites.net\/images\/icons\/help-and-tips.png\" alt=\"\" width=\"128\" height=\"128\" \/>Sie verf\u00fcgen nicht \u00fcber die M\u00f6glichkeit, Anwendungen, um Echtgeld Casinospiele auf dem iPad zu spielen, herunterzuladen?<\/p>\n<p>Die einfachere und bevorzugte Methode sind Instant Play Casinos<\/p>\n<p>Alles was Sie tun m\u00fcssen, ist die mobile Website des Casinos auf dem iPad mit Ihrem Webbrowser (in der Regel Safari auf Apple Ger\u00e4ten) aufzurufen und Sie k\u00f6nnen sofort zu spielen beginnen.<\/p>\n<h2>iPad-Casino FAQs<\/h2>\n<div class=\"accordion\"><div class=\"accordion-box\"><a href=\"#\">1. Welche Casinospiele kann ich auf meinem iPad Spielen?<\/a><\/div><div class=\"accordion_text\"><\/p>\n<p>Poker, Roulette, Slots, progressive Slots, Bingo, Black Jack, Video Poker, Sie sagen es! Jedes Casinospiel, dass Sie unter dem Dach eines echten Casinos finden, k\u00f6nnen Sie auf dem iPad spielen.<\/div><\/div>\n<div class=\"accordion\"><div class=\"accordion-box\"><a href=\"#\">2. Kann ich umsonst auf meinem iPad Spielen?<\/a><\/div><div class=\"accordion_text\"><\/p>\n<p>Ja, es gibt viele Gratis-Spiele und Casinos, in denen Sie kein Geld f\u00fcr die Spiele wetten m\u00fcssen.<\/div><\/div>\n<div class=\"accordion\"><div class=\"accordion-box\"><a href=\"#\">3. Ich will einen Willkommensbonus erhalten?<\/a><\/div><div class=\"accordion_text\"><\/p>\n<p>Nat\u00fcrlich! Bitte pr\u00fcfen Sie unsere individuellen Casino Bewertungen und Auflistungen bez\u00fcglich der Boni und Pr\u00e4mien und was sie erwarten k\u00f6nnen.<\/div><\/div>\n","protected":false},"excerpt":{"rendered":"<p>iPad Mobile Casinos &#8211; ein gut abgerundetes Erlebnis Tablet-Ger\u00e4te wie das iPad\u00a0sind die Zukunft der moderenen Datenverarbeitung und gelten unter Kennern als das Medium der Neuzeit. Heute ist das iPad wohl der bekannteste und weitverbreitetste Tablet-PC auf dem Markt. Es gibt die Konkurrenz wie Samsung mit der Galaxy Serie, aber das iPad gewinnt nach wie [&hellip;]<\/p>\n","protected":false},"author":4,"featured_media":0,"parent":145,"menu_order":0,"comment_status":"closed","ping_status":"closed","template":"","meta":{"_acf_changed":false,"footnotes":""},"class_list":["post-1740","page","type-page","status-publish","hentry"],"acf":[],"yoast_head":"<!-- This site is optimized with the Yoast SEO plugin v27.4 - https:\/\/yoast.com\/product\/yoast-seo-wordpress\/ -->\n<title>iPad Casinos - Mobile iPad Casinos<\/title>\n<meta name=\"description\" content=\"Finden Sie die besten iPad Casinos f\u00fcr eine breite Palette von Online Slots, Roulette und Blackjack. Spielen Sie auf nahezu jedem beliebigen mobilen Ger\u00e4t.\" \/>\n<meta name=\"robots\" content=\"noindex, follow, max-snippet:-1, max-image-preview:large, max-video-preview:-1\" \/>\n<meta property=\"og:locale\" content=\"en_US\" \/>\n<meta property=\"og:type\" content=\"article\" \/>\n<meta property=\"og:title\" content=\"iPad Casinos - Mobile iPad Casinos\" \/>\n<meta property=\"og:description\" content=\"Finden Sie die besten iPad Casinos f\u00fcr eine breite Palette von Online Slots, Roulette und Blackjack. Spielen Sie auf nahezu jedem beliebigen mobilen Ger\u00e4t.\" \/>\n<meta property=\"og:url\" content=\"https:\/\/www.top10casinowebsites.net\/de\/handy-casinos\/ipad\" \/>\n<meta property=\"og:site_name\" content=\"DE\" \/>\n<meta property=\"article:modified_time\" content=\"2017-10-06T14:24:21+00:00\" \/>\n<meta name=\"twitter:card\" content=\"summary_large_image\" \/>\n<meta name=\"twitter:label1\" content=\"Est. reading time\" \/>\n\t<meta name=\"twitter:data1\" content=\"4 minutes\" \/>\n<script type=\"application\/ld+json\" class=\"yoast-schema-graph\">{\"@context\":\"https:\\\/\\\/schema.org\",\"@graph\":[{\"@type\":\"WebPage\",\"@id\":\"https:\\\/\\\/www.top10casinowebsites.net\\\/de\\\/handy-casinos\\\/ipad\",\"url\":\"https:\\\/\\\/www.top10casinowebsites.net\\\/de\\\/handy-casinos\\\/ipad\",\"name\":\"iPad Casinos - Mobile iPad Casinos\",\"isPartOf\":{\"@id\":\"https:\\\/\\\/www.top10casinowebsites.net\\\/de\\\/#website\"},\"primaryImageOfPage\":{\"@id\":\"https:\\\/\\\/www.top10casinowebsites.net\\\/de\\\/handy-casinos\\\/ipad#primaryimage\"},\"image\":{\"@id\":\"https:\\\/\\\/www.top10casinowebsites.net\\\/de\\\/handy-casinos\\\/ipad#primaryimage\"},\"thumbnailUrl\":\"https:\\\/\\\/www.top10casinowebsites.net\\\/wp-content\\\/uploads\\\/2017\\\/01\\\/apple.jpg\",\"datePublished\":\"2017-01-27T14:30:23+00:00\",\"dateModified\":\"2017-10-06T14:24:21+00:00\",\"description\":\"Finden Sie die besten iPad Casinos f\u00fcr eine breite Palette von Online Slots, Roulette und Blackjack. Spielen Sie auf nahezu jedem beliebigen mobilen Ger\u00e4t.\",\"breadcrumb\":{\"@id\":\"https:\\\/\\\/www.top10casinowebsites.net\\\/de\\\/handy-casinos\\\/ipad#breadcrumb\"},\"inLanguage\":\"en-US\",\"potentialAction\":[{\"@type\":\"ReadAction\",\"target\":[\"https:\\\/\\\/www.top10casinowebsites.net\\\/de\\\/handy-casinos\\\/ipad\"]}]},{\"@type\":\"ImageObject\",\"inLanguage\":\"en-US\",\"@id\":\"https:\\\/\\\/www.top10casinowebsites.net\\\/de\\\/handy-casinos\\\/ipad#primaryimage\",\"url\":\"https:\\\/\\\/www.top10casinowebsites.net\\\/wp-content\\\/uploads\\\/2017\\\/01\\\/apple.jpg\",\"contentUrl\":\"https:\\\/\\\/www.top10casinowebsites.net\\\/wp-content\\\/uploads\\\/2017\\\/01\\\/apple.jpg\"},{\"@type\":\"BreadcrumbList\",\"@id\":\"https:\\\/\\\/www.top10casinowebsites.net\\\/de\\\/handy-casinos\\\/ipad#breadcrumb\",\"itemListElement\":[{\"@type\":\"ListItem\",\"position\":1,\"name\":\"Home\",\"item\":\"https:\\\/\\\/www.top10casinowebsites.net\\\/de\\\/\"},{\"@type\":\"ListItem\",\"position\":2,\"name\":\"Die besten Handy-Casinos f\u00fcr iOS, Android, Blackberry, Windows\",\"item\":\"https:\\\/\\\/www.top10casinowebsites.net\\\/de\\\/handy-casinos\"},{\"@type\":\"ListItem\",\"position\":3,\"name\":\"iPad Casinos &#8211; Mobile iPad Casinos\"}]},{\"@type\":\"WebSite\",\"@id\":\"https:\\\/\\\/www.top10casinowebsites.net\\\/de\\\/#website\",\"url\":\"https:\\\/\\\/www.top10casinowebsites.net\\\/de\\\/\",\"name\":\"DE\",\"description\":\"\",\"potentialAction\":[{\"@type\":\"SearchAction\",\"target\":{\"@type\":\"EntryPoint\",\"urlTemplate\":\"https:\\\/\\\/www.top10casinowebsites.net\\\/de\\\/?s={search_term_string}\"},\"query-input\":{\"@type\":\"PropertyValueSpecification\",\"valueRequired\":true,\"valueName\":\"search_term_string\"}}],\"inLanguage\":\"en-US\"}]}<\/script>\n<!-- \/ Yoast SEO plugin. -->","yoast_head_json":{"title":"iPad Casinos - Mobile iPad Casinos","description":"Finden Sie die besten iPad Casinos f\u00fcr eine breite Palette von Online Slots, Roulette und Blackjack. Spielen Sie auf nahezu jedem beliebigen mobilen Ger\u00e4t.","robots":{"index":"noindex","follow":"follow","max-snippet":"max-snippet:-1","max-image-preview":"max-image-preview:large","max-video-preview":"max-video-preview:-1"},"og_locale":"en_US","og_type":"article","og_title":"iPad Casinos - Mobile iPad Casinos","og_description":"Finden Sie die besten iPad Casinos f\u00fcr eine breite Palette von Online Slots, Roulette und Blackjack. Spielen Sie auf nahezu jedem beliebigen mobilen Ger\u00e4t.","og_url":"https:\/\/www.top10casinowebsites.net\/de\/handy-casinos\/ipad","og_site_name":"DE","article_modified_time":"2017-10-06T14:24:21+00:00","twitter_card":"summary_large_image","twitter_misc":{"Est. reading time":"4 minutes"},"schema":{"@context":"https:\/\/schema.org","@graph":[{"@type":"WebPage","@id":"https:\/\/www.top10casinowebsites.net\/de\/handy-casinos\/ipad","url":"https:\/\/www.top10casinowebsites.net\/de\/handy-casinos\/ipad","name":"iPad Casinos - Mobile iPad Casinos","isPartOf":{"@id":"https:\/\/www.top10casinowebsites.net\/de\/#website"},"primaryImageOfPage":{"@id":"https:\/\/www.top10casinowebsites.net\/de\/handy-casinos\/ipad#primaryimage"},"image":{"@id":"https:\/\/www.top10casinowebsites.net\/de\/handy-casinos\/ipad#primaryimage"},"thumbnailUrl":"https:\/\/www.top10casinowebsites.net\/wp-content\/uploads\/2017\/01\/apple.jpg","datePublished":"2017-01-27T14:30:23+00:00","dateModified":"2017-10-06T14:24:21+00:00","description":"Finden Sie die besten iPad Casinos f\u00fcr eine breite Palette von Online Slots, Roulette und Blackjack. Spielen Sie auf nahezu jedem beliebigen mobilen Ger\u00e4t.","breadcrumb":{"@id":"https:\/\/www.top10casinowebsites.net\/de\/handy-casinos\/ipad#breadcrumb"},"inLanguage":"en-US","potentialAction":[{"@type":"ReadAction","target":["https:\/\/www.top10casinowebsites.net\/de\/handy-casinos\/ipad"]}]},{"@type":"ImageObject","inLanguage":"en-US","@id":"https:\/\/www.top10casinowebsites.net\/de\/handy-casinos\/ipad#primaryimage","url":"https:\/\/www.top10casinowebsites.net\/wp-content\/uploads\/2017\/01\/apple.jpg","contentUrl":"https:\/\/www.top10casinowebsites.net\/wp-content\/uploads\/2017\/01\/apple.jpg"},{"@type":"BreadcrumbList","@id":"https:\/\/www.top10casinowebsites.net\/de\/handy-casinos\/ipad#breadcrumb","itemListElement":[{"@type":"ListItem","position":1,"name":"Home","item":"https:\/\/www.top10casinowebsites.net\/de\/"},{"@type":"ListItem","position":2,"name":"Die besten Handy-Casinos f\u00fcr iOS, Android, Blackberry, Windows","item":"https:\/\/www.top10casinowebsites.net\/de\/handy-casinos"},{"@type":"ListItem","position":3,"name":"iPad Casinos &#8211; Mobile iPad Casinos"}]},{"@type":"WebSite","@id":"https:\/\/www.top10casinowebsites.net\/de\/#website","url":"https:\/\/www.top10casinowebsites.net\/de\/","name":"DE","description":"","potentialAction":[{"@type":"SearchAction","target":{"@type":"EntryPoint","urlTemplate":"https:\/\/www.top10casinowebsites.net\/de\/?s={search_term_string}"},"query-input":{"@type":"PropertyValueSpecification","valueRequired":true,"valueName":"search_term_string"}}],"inLanguage":"en-US"}]}},"_links":{"self":[{"href":"https:\/\/www.top10casinowebsites.net\/de\/wp-json\/wp\/v2\/pages\/1740","targetHints":{"allow":["GET"]}}],"collection":[{"href":"https:\/\/www.top10casinowebsites.net\/de\/wp-json\/wp\/v2\/pages"}],"about":[{"href":"https:\/\/www.top10casinowebsites.net\/de\/wp-json\/wp\/v2\/types\/page"}],"author":[{"embeddable":true,"href":"https:\/\/www.top10casinowebsites.net\/de\/wp-json\/wp\/v2\/users\/4"}],"replies":[{"embeddable":true,"href":"https:\/\/www.top10casinowebsites.net\/de\/wp-json\/wp\/v2\/comments?post=1740"}],"version-history":[{"count":1,"href":"https:\/\/www.top10casinowebsites.net\/de\/wp-json\/wp\/v2\/pages\/1740\/revisions"}],"predecessor-version":[{"id":2164,"href":"https:\/\/www.top10casinowebsites.net\/de\/wp-json\/wp\/v2\/pages\/1740\/revisions\/2164"}],"up":[{"embeddable":true,"href":"https:\/\/www.top10casinowebsites.net\/de\/wp-json\/wp\/v2\/pages\/145"}],"wp:attachment":[{"href":"https:\/\/www.top10casinowebsites.net\/de\/wp-json\/wp\/v2\/media?parent=1740"}],"curies":[{"name":"wp","href":"https:\/\/api.w.org\/{rel}","templated":true}]}}