{"id":1742,"date":"2017-01-27T14:50:28","date_gmt":"2017-01-27T14:50:28","guid":{"rendered":"https:\/\/www.top10casinowebsites.net\/?page_id=1742"},"modified":"2017-10-06T14:40:50","modified_gmt":"2017-10-06T14:40:50","slug":"samsung","status":"publish","type":"page","link":"https:\/\/www.top10casinowebsites.net\/de\/handy-casinos\/samsung","title":{"rendered":"Samsung Mobile-Casinos"},"content":{"rendered":"<h2>Samsung Handy-Casinos &#8211; f\u00fcr Sie entwickelt!<\/h2>\n<p><img decoding=\"async\" class=\"alignright size-full wp-image-1743\" src=\"https:\/\/www.top10casinowebsites.net\/wp-content\/uploads\/2017\/01\/samsung.jpg\" alt=\"\" width=\"300\" \/><a href=\"http:\/\/www.samsung.com\/de\">Samsung<\/a>\u00a0ist eine Marke, die wir alle kennen und lieben. Sie sind die Vorreiter, wenn es um <a href=\"https:\/\/www.top10casinowebsites.net\/de\/handy-casinos\/android\">Android Telefone<\/a> geht.<\/p>\n<p>Samsung hatte es ein wenig schwer nach dem <a href=\"https:\/\/www.nytimes.com\/2017\/01\/22\/business\/samsung-galaxy-note-7-battery-fires-report.html?_r=0\">kolossale Versagen des Samsung Note 7<\/a>, aber wir bleiben dabei, dass es eines der sch\u00f6nsten, schlankesten Modelle ist und gro\u00dfartige Funktionen erf\u00fcllt. Aktuell haben wir bereits das Galaxy S7 Edge und es sieht so aus als w\u00fcrde uns das in eine neue Zukunft f\u00fchren.<\/p>\n<p>Samsung Handys haben hervorragende Prozessoren und performen Spiele wie ein Traum. Dar\u00fcber hinaus verf\u00fcgen die meisten der High-End Samsung Handys \u00fcber sagenhafte Displays. In Bezug auf die\u00a0<strong>PPI (Pixel pro Zoll)<\/strong>\u00a0sind sie eine Klasse \u00fcber allen anderen.<\/p>\n<p>Die Farben k\u00f6nnen auf Samsung Handys am besten dargestellt werden und das macht Spiele auf Samsung Handys zu einem absoluten Leckerbissen!<\/p>\n<div class=\"grid-contents\" id=\"grid-contents\"><table class=\"cas_table\" ><tbody><tr class=\"rank-1\">\n                                <td class=\"ranking\">1<\/td>\n                                <td class=\"brandcol\">\n                                    <a href=https:\/\/www.top10casinowebsites.net\/de\/review\/888-casino class=\"brand brand-bg\"><img loading=\"lazy\" decoding=\"async\" class=\"group list-group-image\" src=\"https:\/\/static.top10casinowebsites.net\/images\/casino-rooms\/888-casino-logo.png\" width=\"200\" height=\"128\"\/><\/a>\n                                <\/td>\n                                <td class=\"bonus\" data-title=\"Bonus\">\n\t\t\t\t\t               <p class=\"bonus-text\"><strong>$888<\/strong>Welcome Bonus <br>(<a href=\"https:\/\/www.top10casinowebsites.net\/de\/review\/888-casino\">T&Cs apply, 18+<\/a>)<\/p>\n\t\t\t\t                <\/td>\n\t\t\t\t\t            <td class=\"badge_game\" data-title=\"Rating\">\n                                    <div class=\"rating\"><strong>5<\/strong>\/5<\/div>\n                                    <div class=\"rating stars\" style=\"margin-top: 5px;\"><span class=\"icon icon-stars\"><span class=\"icon-stars green\" style=\"width: 100%;\"><\/span><\/span><\/div>\n\t\t\t\t\t            <\/td>\n                               \n                                <td class=\"play\">\n\t\t\t\t\t               <a class=\"button-gold\" rel=\"nofollow\" href=\"https:\/\/www.top10casinowebsites.net\/de\/review\/888-casino\">Visit<\/a>\n\t                               <div class=\"\">\n\t\t\t\t\t                   <a class=\"review-snippet-link-play-now-col\" href=\"https:\/\/www.top10casinowebsites.net\/de\/review\/888-casino\">Read Review<\/a>\n\t\t\t\t\t               <\/div>\n\t\t\t\t\t           <\/td>\n     \t\t\t\t        <\/tr><\/tbody><\/table><\/div>\n<p>F\u00fcr diejenigen von Ihnen, die eigene Samsung Handys haben, vor allem die High-End-Telefone aus der Galaxy Serie, ist dies hervorragend, um in Handy-Casinos zu spielen.\u00a0 Es ist nicht nur eine sch\u00f6ne Abwechslung, Sie k\u00f6nnten auch eine gute Menge an Geld verdienen.<\/p>\n<h2>Legitimiert, zertifiziert, ausprobiert und getestet<\/h2>\n<p><img loading=\"lazy\" decoding=\"async\" class=\"alignleft size-full\" src=\"https:\/\/static.top10casinowebsites.net\/images\/icons\/licensed-casinos.png\" alt=\"licensed mobile casinos\" width=\"128\" height=\"128\" \/>Samsung Smartphones laufen auf Android und haben ihre eigene benutzerdefinierte Benutzeroberfl\u00e4che. Normalerweise w\u00fcrden Sie \u00fcber den Google Play Store Ihre Anwendungen laden. Viele denken, dass dies auch so ist, wenn es zu Ihrem Samsung Handy-Casino kommt, aber leider sind die Richtlinien und Regeln des Google Stores nicht f\u00fcr Echtgeldspiele zugelassen.<\/p>\n<p>Daher kann es ein wenig umst\u00e4ndlich sein, Echtgeld Samsung Handy-Casinos zu finden. Hier kommen wir mit unserer Website ins Spiel, wo Sie eine ausf\u00fchrliche Liste aller Android-Casinos finden, die Samsung bedienen.<\/p>\n<p>Wir pr\u00fcfen und stellen f\u00fcr Sie sicher, dass die Seite und Spiele lizensiert sind, alle 100 % fair und damit zur Creme de la Creme geh\u00f6ren.<\/p>\n<h2>Samsung Casinos &#8211; wie wir Testen und Auswerten<\/h2>\n<p>Wie bereits erw\u00e4hnt, empfehlen wir nicht nur irgendwelche Casinos.<\/p>\n<p>Wenn ein Casinoname hier aufgelistet ist, dann bedeutet das, dass wir Zeit und Ressourcen in die \u00dcberpr\u00fcfung der Seriosit\u00e4t investiert haben, um nur hochwertige Casinos zu listen.<\/p>\n<p>Hier sind einige der Faktoren, die bei der Bewertung von Samsung Mobile Casinos zutreffen:<\/p>\n<ol>\n<li><strong>Willkommensbonus<\/strong>: First Deposit Boni sind h\u00e4ufig und gerade bei Neueinsteigern sehr beliebt. Allerdings sollten Sie auch hier die versteckten Bedingungen kennen. Wir weisen Sie darauf hin, damit sie eine informierte Entscheidung treffen k\u00f6nnen.<\/li>\n<li><strong>Spiele<\/strong>: Wir haben eine ungew\u00f6hnliche Sammlung von Spielen, die von Poker Sportwetten \u00fcber Roulette und bis zu Bingo reichen k\u00f6nnen. Kartenspiele, Tischspiele, Slots, etc. Wir haben alle!<\/li>\n<li><strong>Sicherheit<\/strong>: Wir testen ausnahmslos alle Kasinos, aber es gibt nur wenige, die wir unseren Lesern empfehlen. Die Verwendung von SSL- und Verschl\u00fcsselungstechnologien zum Schutz von Daten ist ein Muss, um aufgenommen zu werden.<\/li>\n<li><strong>Einzahlungen und Auszahlungen<\/strong>: Einzahlungen und Auszahlungen m\u00fcssen stressfrei und schnell sein. Auch legen wir Wert auf verschiedene Zahloptionen, denn ein gutes Samsung-Casino wird mehrere Zahlungsmethoden wie Kreditkarten, Debitkarten, E-Brieftaschen, Scheck, \u00dcberweisung, etc. akzeptieren<\/li>\n<li><strong>Kundendienst<\/strong>: Wenn ein Casino alles hat, au\u00dfer einen Kundedienst, dann fehlt eines der wichtigsten Faktoren und wir nehmen es nicht in unsere Liste auf.<\/li>\n<\/ol>\n<h2>Plattformabh\u00e4ngig vs. unabh\u00e4ngig<\/h2>\n<p>Die besten mobilen Casinos sind nicht die, mit den downloadbaren Apps.<\/p>\n<p>Es gibt in der Tat Instant Play Casinos, durch die Sie mithilfe von <a href=\"https:\/\/en.wikipedia.org\/wiki\/HTML5\">HTML5<\/a>\u00a0und\u00a0<a href=\"https:\/\/get.adobe.com\/de\/flashplayer\/\">Flash<\/a>\u00a0vom Mobiltelefon direkt \u00fcber den Internet Browser Zugang haben und sofort loslegen k\u00f6nnen.<\/p>\n<p>Alles, was Sie zu tun haben, ist den Browser zu starten und die mobile Website-URL (die wir aufgef\u00fchrt haben) in die Adresszeile eingeben.<\/p>\n<p>Auf diese Weise laufen Sie keine Gefahr, Viren oder Malware auf Ihr Ger\u00e4t zu laden.<\/p>\n<h2>Samsung Casino FAQs<\/h2>\n<div class=\"accordion\"><div class=\"accordion-box\"><a href=\"#\">1. Welche Spiele kann ich auf meinem Samsung Handy spielen?<\/a><\/div><div class=\"accordion_text\"><\/p>\n<p>Die meisten Casinos haben alle Arten von Spielen gelistet! Jedes Casino Spiel, das Sie in einem echten Casino finden w\u00fcrden, finden Sie auch in einem Samsung Mobile-Casino.<\/div><\/div>\n<div class=\"accordion\"><div class=\"accordion-box\"><a href=\"#\">2. Ist es sicher, Casino Spiele auf meinem Samsung Handy zu spielen?<\/a><\/div><div class=\"accordion_text\"><\/p>\n<p>Solange Sie die Casinos spielen, die wir getestet haben, geben wir Ihnen unser Wort, dass Sie in allen Bereichen sicher sind. Wir f\u00fchren eine schwarze Liste mit Casinos, die in betr\u00fcgerischer Absicht handelten, gelistet sind. Es lohnt sich, einen Blick auf die Liste zu werfen, damit Sie Schaden vermeiden k\u00f6nnen.<\/div><\/div>\n<div class=\"accordion\"><div class=\"accordion-box\"><a href=\"#\">3. Machen Casino Spiele mein Samsung Handy langsamer?<\/a><\/div><div class=\"accordion_text\"><\/p>\n<p>Absolut nicht! Denken Sie daran, dass Sie nicht einmal etwas auf den Speicher des Ger\u00e4ts herunterladen m\u00fcssen. Alles, was Sie tun m\u00fcssen, ist auf die mobile Website zuzugreifen und loszulegen &#8211; und das wird ehrlich gesagt nicht einmal 20 % ihrer Samsung Prozessoren Anspruch nehmen. Wenn Sie das Gef\u00fchl haben, dass das Spiel hinterherh\u00e4ngt, ist es nicht Ihr Ger\u00e4t, sondern wahrscheinlich das NetzwerkInternet und sie sollten es \u00fcberpr\u00fcfen.<\/div><\/div>\n","protected":false},"excerpt":{"rendered":"<p>Samsung Handy-Casinos &#8211; f\u00fcr Sie entwickelt! Samsung\u00a0ist eine Marke, die wir alle kennen und lieben. Sie sind die Vorreiter, wenn es um Android Telefone geht. Samsung hatte es ein wenig schwer nach dem kolossale Versagen des Samsung Note 7, aber wir bleiben dabei, dass es eines der sch\u00f6nsten, schlankesten Modelle ist und gro\u00dfartige Funktionen erf\u00fcllt. [&hellip;]<\/p>\n","protected":false},"author":4,"featured_media":0,"parent":145,"menu_order":0,"comment_status":"closed","ping_status":"closed","template":"","meta":{"_acf_changed":false,"footnotes":""},"class_list":["post-1742","page","type-page","status-publish","hentry"],"acf":[],"yoast_head":"<!-- This site is optimized with the Yoast SEO plugin v27.4 - https:\/\/yoast.com\/product\/yoast-seo-wordpress\/ -->\n<title>Samsung Mobile-Casinos<\/title>\n<meta name=\"description\" content=\"Eine Liste mit den Top 10 Samsung Mobile-Casinos. Spielen Sie die besten Online Vegas Slots, Tisch- und Kartenspiele kostenlos, sowie Spiele um echtes Geld.\" \/>\n<meta name=\"robots\" content=\"noindex, follow, max-snippet:-1, max-image-preview:large, max-video-preview:-1\" \/>\n<meta property=\"og:locale\" content=\"en_US\" \/>\n<meta property=\"og:type\" content=\"article\" \/>\n<meta property=\"og:title\" content=\"Samsung Mobile-Casinos\" \/>\n<meta property=\"og:description\" content=\"Eine Liste mit den Top 10 Samsung Mobile-Casinos. Spielen Sie die besten Online Vegas Slots, Tisch- und Kartenspiele kostenlos, sowie Spiele um echtes Geld.\" \/>\n<meta property=\"og:url\" content=\"https:\/\/www.top10casinowebsites.net\/de\/handy-casinos\/samsung\" \/>\n<meta property=\"og:site_name\" content=\"DE\" \/>\n<meta property=\"article:modified_time\" content=\"2017-10-06T14:40:50+00:00\" \/>\n<meta name=\"twitter:card\" content=\"summary_large_image\" \/>\n<meta name=\"twitter:label1\" content=\"Est. reading time\" \/>\n\t<meta name=\"twitter:data1\" content=\"4 minutes\" \/>\n<script type=\"application\/ld+json\" class=\"yoast-schema-graph\">{\"@context\":\"https:\\\/\\\/schema.org\",\"@graph\":[{\"@type\":\"WebPage\",\"@id\":\"https:\\\/\\\/www.top10casinowebsites.net\\\/de\\\/handy-casinos\\\/samsung\",\"url\":\"https:\\\/\\\/www.top10casinowebsites.net\\\/de\\\/handy-casinos\\\/samsung\",\"name\":\"Samsung Mobile-Casinos\",\"isPartOf\":{\"@id\":\"https:\\\/\\\/www.top10casinowebsites.net\\\/de\\\/#website\"},\"primaryImageOfPage\":{\"@id\":\"https:\\\/\\\/www.top10casinowebsites.net\\\/de\\\/handy-casinos\\\/samsung#primaryimage\"},\"image\":{\"@id\":\"https:\\\/\\\/www.top10casinowebsites.net\\\/de\\\/handy-casinos\\\/samsung#primaryimage\"},\"thumbnailUrl\":\"https:\\\/\\\/www.top10casinowebsites.net\\\/wp-content\\\/uploads\\\/2017\\\/01\\\/samsung.jpg\",\"datePublished\":\"2017-01-27T14:50:28+00:00\",\"dateModified\":\"2017-10-06T14:40:50+00:00\",\"description\":\"Eine Liste mit den Top 10 Samsung Mobile-Casinos. Spielen Sie die besten Online Vegas Slots, Tisch- und Kartenspiele kostenlos, sowie Spiele um echtes Geld.\",\"breadcrumb\":{\"@id\":\"https:\\\/\\\/www.top10casinowebsites.net\\\/de\\\/handy-casinos\\\/samsung#breadcrumb\"},\"inLanguage\":\"en-US\",\"potentialAction\":[{\"@type\":\"ReadAction\",\"target\":[\"https:\\\/\\\/www.top10casinowebsites.net\\\/de\\\/handy-casinos\\\/samsung\"]}]},{\"@type\":\"ImageObject\",\"inLanguage\":\"en-US\",\"@id\":\"https:\\\/\\\/www.top10casinowebsites.net\\\/de\\\/handy-casinos\\\/samsung#primaryimage\",\"url\":\"https:\\\/\\\/www.top10casinowebsites.net\\\/wp-content\\\/uploads\\\/2017\\\/01\\\/samsung.jpg\",\"contentUrl\":\"https:\\\/\\\/www.top10casinowebsites.net\\\/wp-content\\\/uploads\\\/2017\\\/01\\\/samsung.jpg\"},{\"@type\":\"BreadcrumbList\",\"@id\":\"https:\\\/\\\/www.top10casinowebsites.net\\\/de\\\/handy-casinos\\\/samsung#breadcrumb\",\"itemListElement\":[{\"@type\":\"ListItem\",\"position\":1,\"name\":\"Home\",\"item\":\"https:\\\/\\\/www.top10casinowebsites.net\\\/de\\\/\"},{\"@type\":\"ListItem\",\"position\":2,\"name\":\"Die besten Handy-Casinos f\u00fcr iOS, Android, Blackberry, Windows\",\"item\":\"https:\\\/\\\/www.top10casinowebsites.net\\\/de\\\/handy-casinos\"},{\"@type\":\"ListItem\",\"position\":3,\"name\":\"Samsung Mobile-Casinos\"}]},{\"@type\":\"WebSite\",\"@id\":\"https:\\\/\\\/www.top10casinowebsites.net\\\/de\\\/#website\",\"url\":\"https:\\\/\\\/www.top10casinowebsites.net\\\/de\\\/\",\"name\":\"DE\",\"description\":\"\",\"potentialAction\":[{\"@type\":\"SearchAction\",\"target\":{\"@type\":\"EntryPoint\",\"urlTemplate\":\"https:\\\/\\\/www.top10casinowebsites.net\\\/de\\\/?s={search_term_string}\"},\"query-input\":{\"@type\":\"PropertyValueSpecification\",\"valueRequired\":true,\"valueName\":\"search_term_string\"}}],\"inLanguage\":\"en-US\"}]}<\/script>\n<!-- \/ Yoast SEO plugin. -->","yoast_head_json":{"title":"Samsung Mobile-Casinos","description":"Eine Liste mit den Top 10 Samsung Mobile-Casinos. Spielen Sie die besten Online Vegas Slots, Tisch- und Kartenspiele kostenlos, sowie Spiele um echtes Geld.","robots":{"index":"noindex","follow":"follow","max-snippet":"max-snippet:-1","max-image-preview":"max-image-preview:large","max-video-preview":"max-video-preview:-1"},"og_locale":"en_US","og_type":"article","og_title":"Samsung Mobile-Casinos","og_description":"Eine Liste mit den Top 10 Samsung Mobile-Casinos. Spielen Sie die besten Online Vegas Slots, Tisch- und Kartenspiele kostenlos, sowie Spiele um echtes Geld.","og_url":"https:\/\/www.top10casinowebsites.net\/de\/handy-casinos\/samsung","og_site_name":"DE","article_modified_time":"2017-10-06T14:40:50+00:00","twitter_card":"summary_large_image","twitter_misc":{"Est. reading time":"4 minutes"},"schema":{"@context":"https:\/\/schema.org","@graph":[{"@type":"WebPage","@id":"https:\/\/www.top10casinowebsites.net\/de\/handy-casinos\/samsung","url":"https:\/\/www.top10casinowebsites.net\/de\/handy-casinos\/samsung","name":"Samsung Mobile-Casinos","isPartOf":{"@id":"https:\/\/www.top10casinowebsites.net\/de\/#website"},"primaryImageOfPage":{"@id":"https:\/\/www.top10casinowebsites.net\/de\/handy-casinos\/samsung#primaryimage"},"image":{"@id":"https:\/\/www.top10casinowebsites.net\/de\/handy-casinos\/samsung#primaryimage"},"thumbnailUrl":"https:\/\/www.top10casinowebsites.net\/wp-content\/uploads\/2017\/01\/samsung.jpg","datePublished":"2017-01-27T14:50:28+00:00","dateModified":"2017-10-06T14:40:50+00:00","description":"Eine Liste mit den Top 10 Samsung Mobile-Casinos. Spielen Sie die besten Online Vegas Slots, Tisch- und Kartenspiele kostenlos, sowie Spiele um echtes Geld.","breadcrumb":{"@id":"https:\/\/www.top10casinowebsites.net\/de\/handy-casinos\/samsung#breadcrumb"},"inLanguage":"en-US","potentialAction":[{"@type":"ReadAction","target":["https:\/\/www.top10casinowebsites.net\/de\/handy-casinos\/samsung"]}]},{"@type":"ImageObject","inLanguage":"en-US","@id":"https:\/\/www.top10casinowebsites.net\/de\/handy-casinos\/samsung#primaryimage","url":"https:\/\/www.top10casinowebsites.net\/wp-content\/uploads\/2017\/01\/samsung.jpg","contentUrl":"https:\/\/www.top10casinowebsites.net\/wp-content\/uploads\/2017\/01\/samsung.jpg"},{"@type":"BreadcrumbList","@id":"https:\/\/www.top10casinowebsites.net\/de\/handy-casinos\/samsung#breadcrumb","itemListElement":[{"@type":"ListItem","position":1,"name":"Home","item":"https:\/\/www.top10casinowebsites.net\/de\/"},{"@type":"ListItem","position":2,"name":"Die besten Handy-Casinos f\u00fcr iOS, Android, Blackberry, Windows","item":"https:\/\/www.top10casinowebsites.net\/de\/handy-casinos"},{"@type":"ListItem","position":3,"name":"Samsung Mobile-Casinos"}]},{"@type":"WebSite","@id":"https:\/\/www.top10casinowebsites.net\/de\/#website","url":"https:\/\/www.top10casinowebsites.net\/de\/","name":"DE","description":"","potentialAction":[{"@type":"SearchAction","target":{"@type":"EntryPoint","urlTemplate":"https:\/\/www.top10casinowebsites.net\/de\/?s={search_term_string}"},"query-input":{"@type":"PropertyValueSpecification","valueRequired":true,"valueName":"search_term_string"}}],"inLanguage":"en-US"}]}},"_links":{"self":[{"href":"https:\/\/www.top10casinowebsites.net\/de\/wp-json\/wp\/v2\/pages\/1742","targetHints":{"allow":["GET"]}}],"collection":[{"href":"https:\/\/www.top10casinowebsites.net\/de\/wp-json\/wp\/v2\/pages"}],"about":[{"href":"https:\/\/www.top10casinowebsites.net\/de\/wp-json\/wp\/v2\/types\/page"}],"author":[{"embeddable":true,"href":"https:\/\/www.top10casinowebsites.net\/de\/wp-json\/wp\/v2\/users\/4"}],"replies":[{"embeddable":true,"href":"https:\/\/www.top10casinowebsites.net\/de\/wp-json\/wp\/v2\/comments?post=1742"}],"version-history":[{"count":2,"href":"https:\/\/www.top10casinowebsites.net\/de\/wp-json\/wp\/v2\/pages\/1742\/revisions"}],"predecessor-version":[{"id":2166,"href":"https:\/\/www.top10casinowebsites.net\/de\/wp-json\/wp\/v2\/pages\/1742\/revisions\/2166"}],"up":[{"embeddable":true,"href":"https:\/\/www.top10casinowebsites.net\/de\/wp-json\/wp\/v2\/pages\/145"}],"wp:attachment":[{"href":"https:\/\/www.top10casinowebsites.net\/de\/wp-json\/wp\/v2\/media?parent=1742"}],"curies":[{"name":"wp","href":"https:\/\/api.w.org\/{rel}","templated":true}]}}