{"id":1746,"date":"2017-01-30T08:05:23","date_gmt":"2017-01-30T08:05:23","guid":{"rendered":"https:\/\/www.top10casinowebsites.net\/?page_id=1746"},"modified":"2017-10-06T14:50:54","modified_gmt":"2017-10-06T14:50:54","slug":"windows","status":"publish","type":"page","link":"https:\/\/www.top10casinowebsites.net\/de\/handy-casinos\/windows","title":{"rendered":"Windows Casinos \u2013 Top Windows Phone Casinos"},"content":{"rendered":"<h2>Windows Phone Casinos &#8211; St\u00e4rkung f\u00fcr Alle<\/h2>\n<p><img decoding=\"async\" class=\"alignright size-full wp-image-1747\" src=\"https:\/\/www.top10casinowebsites.net\/wp-content\/uploads\/2017\/01\/windows.jpg\" alt=\"\" width=\"300\" \/>Es ist so, dass Android Handys und iPhones den Smart Phone Markt weltweit dominieren und das gilt auch f\u00fcr <a href=\"http:\/\/www.nokia.com\/de_int\">Nokia<\/a> und <a href=\"https:\/\/www.top10casinowebsites.net\/de\/handy-casinos\/blackberry\">BlackBerry<\/a>. Hinzu kommt, dass Windows ein eigenes Betriebssystem hat, welches von Millionen Menschen weltweit benutzt wird.<\/p>\n<p>Die meisten Desktopbenutzer, die vor der Einf\u00fchrung von iOS da waren, sind und bleiben an Windows gew\u00f6hnt und viele von ihnen nutzen auch heute lieber noch Windows als iOS. Das sind die loyalen Microsoftkunden, die auch lieber ein Windows Phone benutzen statt <a href=\"https:\/\/www.top10casinowebsites.net\/de\/handy-casinos\/android\">Android<\/a> oder <a href=\"https:\/\/www.top10casinowebsites.net\/de\/handy-casinos\/iphone\">iPhone<\/a>.<\/p>\n<p>Es ist nicht nur die Vertrautheit, die die Windows Phone Besitzer auszeichnet. Es gibt tats\u00e4chlich einige Pluspunkte, die Windows zum Gewinner macht.<\/p>\n<p>(native oder extern) Windows ist immer noch die praktischste Anwendung \u00fcberhaupt. Android hat zwar auch einen Datei Explorer, aber er ist einfach nicht so dynamisch oder vielseitig wie das Windows File System.<\/p>\n<div class=\"grid-contents\" id=\"grid-contents\"><table class=\"cas_table\" ><tbody><tr class=\"rank-1\">\n                                <td class=\"ranking\">1<\/td>\n                                <td class=\"brandcol\">\n                                    <a href=https:\/\/www.top10casinowebsites.net\/de\/review\/888-casino class=\"brand brand-bg\"><img loading=\"lazy\" decoding=\"async\" class=\"group list-group-image\" src=\"https:\/\/static.top10casinowebsites.net\/images\/casino-rooms\/888-casino-logo.png\" width=\"200\" height=\"128\"\/><\/a>\n                                <\/td>\n                                <td class=\"bonus\" data-title=\"Bonus\">\n\t\t\t\t\t               <p class=\"bonus-text\"><strong>$888<\/strong>Welcome Bonus <br>(<a href=\"https:\/\/www.top10casinowebsites.net\/de\/review\/888-casino\">T&Cs apply, 18+<\/a>)<\/p>\n\t\t\t\t                <\/td>\n\t\t\t\t\t            <td class=\"badge_game\" data-title=\"Rating\">\n                                    <div class=\"rating\"><strong>5<\/strong>\/5<\/div>\n                                    <div class=\"rating stars\" style=\"margin-top: 5px;\"><span class=\"icon icon-stars\"><span class=\"icon-stars green\" style=\"width: 100%;\"><\/span><\/span><\/div>\n\t\t\t\t\t            <\/td>\n                               \n                                <td class=\"play\">\n\t\t\t\t\t               <a class=\"button-gold\" rel=\"nofollow\" href=\"https:\/\/www.top10casinowebsites.net\/de\/review\/888-casino\">Visit<\/a>\n\t                               <div class=\"\">\n\t\t\t\t\t                   <a class=\"review-snippet-link-play-now-col\" href=\"https:\/\/www.top10casinowebsites.net\/de\/review\/888-casino\">Read Review<\/a>\n\t\t\t\t\t               <\/div>\n\t\t\t\t\t           <\/td>\n     \t\t\t\t        <\/tr><\/tbody><\/table><\/div>\n<p>Auch in Bezug auf die Hardware gibt es Pluspunkte, seit sich Microsoft und Nokia zusammengetan haben und die Lumia Serie mit der Technik eines Superminicomputers auf den Markt gebracht haben. Sie verf\u00fcgt \u00fcber eine der besten Handy Kameras und hat diese bis heute im Nokia 808 Pureview untergebracht.<\/p>\n<p>In Anbetracht der Tatsache, dass es immer noch eine \u00fcberw\u00e4ltigende Menge von Menschen mit Windows Phones gibt und auch geben wird, haben Spielentwickler wie Microgaming und NetEnt sich hingesetzt und Handy-Casinos exklusiv f\u00fcr Windows Phones entworfen . Wir helfen Ihnen, die besten Anbieter, in unserer Liste zu finden.<\/p>\n<h2>Legitimado, certificado, probado y testado<\/h2>\n<p><img loading=\"lazy\" decoding=\"async\" class=\"alignleft size-full\" src=\"https:\/\/static.top10casinowebsites.net\/images\/icons\/licensed-casinos.png\" alt=\"Windows licensed casinos\" width=\"128\" height=\"128\" \/>Der <a href=\"https:\/\/www.microsoft.com\/de-de\/store\/apps\">Windowsstore<\/a> ist streng reguliert in Bezug auf die Echtgeld-Gl\u00fccksspiel-Auflistungen.<\/p>\n<p>Daher ist es f\u00fcr Windows Mobile Spieler kompliziert herauszufinden, welche Handykasinos die besten sind und wo sie diese finden.<br \/>\nWenn diese Anwendungen im Windows Store verf\u00fcgbar w\u00e4ren, w\u00e4re es einfach f\u00fcr die Spieler, da es Transparenz durch Bewertungen und Kritiken g\u00e4be. So w\u00fcrden sie eine Vorstellung davon bekommen, was Sie erwartet.<\/p>\n<p>Dadurch, dass Sie kein Echtgeldspiel als Anwendung auf Windows speichern k\u00f6nnen, sagen wir Ihnen hier, was Sie am besten tun. Das ist es, was wir bei top10casinowebsites.net tun!<\/p>\n<p>Wir haben eine umfangreiche Liste der besten Handy-Casinos, die es f\u00fcr Windows gibt und sagen Ihnen, wie Sie den Zugang zu diesen Casinos erhalten. Sicherheit ist unser oberstes Gebot. Daher garantieren wir Ihnen, dass alle auf unserer Liste aufgef\u00fchrten Kasinos von uns getestet wurden, lizenziert, legitim und fair sind, sowie alle Spiele zur Weltklasse geh\u00f6ren.<\/p>\n<h2>Windows-Casinos &#8211; Wie wir Testen und Auswerten<\/h2>\n<p><img loading=\"lazy\" decoding=\"async\" class=\"alignleft size-full\" src=\"https:\/\/static.top10casinowebsites.net\/images\/icons\/help-and-tips.png\" alt=\"\" width=\"128\" height=\"128\" \/>Was die Qualit\u00e4t betrifft, l\u00e4sst unser Pr\u00fcfteam keine Details offen.<\/p>\n<p>Unsere Pr\u00fcfung ist nicht nur sehr streng, es gibt auch mehrere Durchl\u00e4ufe und Abstufungen der Testdurchl\u00e4ufe.\u00a0 So ist die erste Stufe die generelle Pr\u00fcfung, Gesundheitstests, Regressionstests und LastPerformance Tests. Hier sind einige der Dinge, die wir hervorheben:<\/p>\n<ol>\n<li><strong>Willkommensboni<\/strong>: Willkommensboni werden gerne angeboten. Jedes Casino, das Sie besuchen, wird Sie mit seinen Willkommensboni locken. Wir untersuchen, welche davon tats\u00e4chlich gut sind und welche nur hei\u00dfe Luft sind.<\/li>\n<li><strong>Spiele<\/strong>: Die Qualit\u00e4t der Spiele, die Leistung, die Grafik, die Variation der Spielsammlung: wir testen alles!<\/li>\n<li><strong>Sicherheit<\/strong>: Verwendet die Website oder die Handy-Casino-App Secure Socket Layer Technologie? Wurden sie schon einmal angegriffen? Sind Ihre Daten und Ihre Identit\u00e4t sicher oder gibt es eine L\u00fccke?<\/li>\n<li>E<strong>inzahlungen und Auszahlungen<\/strong>: Wie lange dauert es beim Windows Casino Ihre Gewinne auszuzahlen und erheben sie Geb\u00fchren?<\/li>\n<li>K<strong>undendienst<\/strong>: Ist ihr Kundendienst 24 Stunden erreichbar? K\u00f6nnen Sie sie telefonisch erreichen, oder nur per Chat und E-Mail?<\/li>\n<\/ol>\n<h2>Plattformabh\u00e4ngig vs. unabh\u00e4ngig<\/h2>\n<p><img loading=\"lazy\" decoding=\"async\" class=\"alignleft size-full\" src=\"https:\/\/static.top10casinowebsites.net\/images\/icons\/help-and-tips.png\" alt=\"\" width=\"128\" height=\"128\" \/>Auf Ihrem Windows Smartphone haben Sie nur begrenzte Downloadm\u00f6glichkeit. Windows Phone Casino-Apps (echtes Geld) sind nicht nur selten, sondern sind auch schwer zu finden.<\/p>\n<p>Das Letzte, was Sie wollen, ist Malware oder Viren auf Ihrem Computer. Daher ist es das Beste, von der mobilen Website aus direkt zu spielen.<\/p>\n<p>Alles was Sie tun m\u00fcssen, ist folgendes: \u00f6ffnen Sie den <a href=\"https:\/\/de.wikipedia.org\/wiki\/Internet_Explorer\">Internet Explorer<\/a> (Standard Web Browser des Windows Phones), geben Sie die URL der mobilen Website in die Adressleiste ein und dr\u00fccken Sie auf Los oder Eingabe.<\/p>\n<h2>Preguntas frecuentes m\u00f3viles Windows<\/h2>\n<div class=\"accordion\"><div class=\"accordion-box\"><a href=\"#\">1. Ist es sicher, Echtgeldspiele auf meinem Windows Telefon wiederzugeben?<\/a><\/div><div class=\"accordion_text\"><\/p>\n<p>So lange Sie die Casinos ausw\u00e4hlen, die wir Ihnen empfehlen, sind Sie in guten H\u00e4nden. Leider gibt es in der gro\u00dfen Auswahl auch betr\u00fcgerische Casinos. Daf\u00fcr haben wir eine schwarze Liste aufgelegt, auf der Sie alle negativen Eintr\u00e4ge \u00fcber Kasinos finden. Damit k\u00f6nnen Sie viel Ungutes vermeiden.<\/div><\/div>\n<div class=\"accordion\"><div class=\"accordion-box\"><a href=\"#\">2. Kann ich umsonst auf meinem Windows Telefon spielen?<\/a><\/div><div class=\"accordion_text\"><\/p>\n<p>Sie k\u00f6nnen auch Wetten ohne reales Geld setzen. Gehen Sie einfach auf das Fenster Speichern und tippen sie auf Spiel f\u00fcr Spa\u00df in der Casino App. Das war\u2018s.<\/div><\/div>\n<div class=\"accordion\"><div class=\"accordion-box\"><a href=\"#\">3. Sind Echtgeldspiele legal?<\/a><\/div><div class=\"accordion_text\"><\/p>\n<p>Dies h\u00e4ngt tats\u00e4chlich von dem Land ab, in dem Sie sich befinden, allerdings ist uns noch kein Fall bekannt, dass jemand verhaftet worden w\u00e4re, weil er ein Onlinekasino besucht hat. Es ist eines der Dinge, die selbst, wenn es in Ihrem Land illegal w\u00e4re bis heute nicht zweifelsfrei geregelt sind. Aber sicherer ist es, wenn Sie bei den Kasinos bleiben, die wir Ihnen empfehlen.<\/div><\/div>\n","protected":false},"excerpt":{"rendered":"<p>Windows Phone Casinos &#8211; St\u00e4rkung f\u00fcr Alle Es ist so, dass Android Handys und iPhones den Smart Phone Markt weltweit dominieren und das gilt auch f\u00fcr Nokia und BlackBerry. Hinzu kommt, dass Windows ein eigenes Betriebssystem hat, welches von Millionen Menschen weltweit benutzt wird. Die meisten Desktopbenutzer, die vor der Einf\u00fchrung von iOS da waren, [&hellip;]<\/p>\n","protected":false},"author":4,"featured_media":0,"parent":145,"menu_order":0,"comment_status":"closed","ping_status":"closed","template":"","meta":{"_acf_changed":false,"footnotes":""},"class_list":["post-1746","page","type-page","status-publish","hentry"],"acf":[],"yoast_head":"<!-- This site is optimized with the Yoast SEO plugin v27.4 - https:\/\/yoast.com\/product\/yoast-seo-wordpress\/ -->\n<title>Windows Casinos \u2013 Top Windows Phone Casinos<\/title>\n<meta name=\"description\" content=\"Die besten Windows Phone Casinos. Genie\u00dfen Sie erstklassige Casinospiele, einschlie\u00dflich Slots, Blackjack und Roulette. Die besten Windows Phone Casinos.\" \/>\n<meta name=\"robots\" content=\"noindex, follow, max-snippet:-1, max-image-preview:large, max-video-preview:-1\" \/>\n<meta property=\"og:locale\" content=\"en_US\" \/>\n<meta property=\"og:type\" content=\"article\" \/>\n<meta property=\"og:title\" content=\"Windows Casinos \u2013 Top Windows Phone Casinos\" \/>\n<meta property=\"og:description\" content=\"Die besten Windows Phone Casinos. Genie\u00dfen Sie erstklassige Casinospiele, einschlie\u00dflich Slots, Blackjack und Roulette. Die besten Windows Phone Casinos.\" \/>\n<meta property=\"og:url\" content=\"https:\/\/www.top10casinowebsites.net\/de\/handy-casinos\/windows\" \/>\n<meta property=\"og:site_name\" content=\"DE\" \/>\n<meta property=\"article:modified_time\" content=\"2017-10-06T14:50:54+00:00\" \/>\n<meta name=\"twitter:card\" content=\"summary_large_image\" \/>\n<meta name=\"twitter:label1\" content=\"Est. reading time\" \/>\n\t<meta name=\"twitter:data1\" content=\"4 minutes\" \/>\n<script type=\"application\/ld+json\" class=\"yoast-schema-graph\">{\"@context\":\"https:\\\/\\\/schema.org\",\"@graph\":[{\"@type\":\"WebPage\",\"@id\":\"https:\\\/\\\/www.top10casinowebsites.net\\\/de\\\/handy-casinos\\\/windows\",\"url\":\"https:\\\/\\\/www.top10casinowebsites.net\\\/de\\\/handy-casinos\\\/windows\",\"name\":\"Windows Casinos \u2013 Top Windows Phone Casinos\",\"isPartOf\":{\"@id\":\"https:\\\/\\\/www.top10casinowebsites.net\\\/de\\\/#website\"},\"primaryImageOfPage\":{\"@id\":\"https:\\\/\\\/www.top10casinowebsites.net\\\/de\\\/handy-casinos\\\/windows#primaryimage\"},\"image\":{\"@id\":\"https:\\\/\\\/www.top10casinowebsites.net\\\/de\\\/handy-casinos\\\/windows#primaryimage\"},\"thumbnailUrl\":\"https:\\\/\\\/www.top10casinowebsites.net\\\/wp-content\\\/uploads\\\/2017\\\/01\\\/windows.jpg\",\"datePublished\":\"2017-01-30T08:05:23+00:00\",\"dateModified\":\"2017-10-06T14:50:54+00:00\",\"description\":\"Die besten Windows Phone Casinos. Genie\u00dfen Sie erstklassige Casinospiele, einschlie\u00dflich Slots, Blackjack und Roulette. Die besten Windows Phone Casinos.\",\"breadcrumb\":{\"@id\":\"https:\\\/\\\/www.top10casinowebsites.net\\\/de\\\/handy-casinos\\\/windows#breadcrumb\"},\"inLanguage\":\"en-US\",\"potentialAction\":[{\"@type\":\"ReadAction\",\"target\":[\"https:\\\/\\\/www.top10casinowebsites.net\\\/de\\\/handy-casinos\\\/windows\"]}]},{\"@type\":\"ImageObject\",\"inLanguage\":\"en-US\",\"@id\":\"https:\\\/\\\/www.top10casinowebsites.net\\\/de\\\/handy-casinos\\\/windows#primaryimage\",\"url\":\"https:\\\/\\\/www.top10casinowebsites.net\\\/wp-content\\\/uploads\\\/2017\\\/01\\\/windows.jpg\",\"contentUrl\":\"https:\\\/\\\/www.top10casinowebsites.net\\\/wp-content\\\/uploads\\\/2017\\\/01\\\/windows.jpg\"},{\"@type\":\"BreadcrumbList\",\"@id\":\"https:\\\/\\\/www.top10casinowebsites.net\\\/de\\\/handy-casinos\\\/windows#breadcrumb\",\"itemListElement\":[{\"@type\":\"ListItem\",\"position\":1,\"name\":\"Home\",\"item\":\"https:\\\/\\\/www.top10casinowebsites.net\\\/de\\\/\"},{\"@type\":\"ListItem\",\"position\":2,\"name\":\"Die besten Handy-Casinos f\u00fcr iOS, Android, Blackberry, Windows\",\"item\":\"https:\\\/\\\/www.top10casinowebsites.net\\\/de\\\/handy-casinos\"},{\"@type\":\"ListItem\",\"position\":3,\"name\":\"Windows Casinos \u2013 Top Windows Phone Casinos\"}]},{\"@type\":\"WebSite\",\"@id\":\"https:\\\/\\\/www.top10casinowebsites.net\\\/de\\\/#website\",\"url\":\"https:\\\/\\\/www.top10casinowebsites.net\\\/de\\\/\",\"name\":\"DE\",\"description\":\"\",\"potentialAction\":[{\"@type\":\"SearchAction\",\"target\":{\"@type\":\"EntryPoint\",\"urlTemplate\":\"https:\\\/\\\/www.top10casinowebsites.net\\\/de\\\/?s={search_term_string}\"},\"query-input\":{\"@type\":\"PropertyValueSpecification\",\"valueRequired\":true,\"valueName\":\"search_term_string\"}}],\"inLanguage\":\"en-US\"}]}<\/script>\n<!-- \/ Yoast SEO plugin. -->","yoast_head_json":{"title":"Windows Casinos \u2013 Top Windows Phone Casinos","description":"Die besten Windows Phone Casinos. Genie\u00dfen Sie erstklassige Casinospiele, einschlie\u00dflich Slots, Blackjack und Roulette. Die besten Windows Phone Casinos.","robots":{"index":"noindex","follow":"follow","max-snippet":"max-snippet:-1","max-image-preview":"max-image-preview:large","max-video-preview":"max-video-preview:-1"},"og_locale":"en_US","og_type":"article","og_title":"Windows Casinos \u2013 Top Windows Phone Casinos","og_description":"Die besten Windows Phone Casinos. Genie\u00dfen Sie erstklassige Casinospiele, einschlie\u00dflich Slots, Blackjack und Roulette. Die besten Windows Phone Casinos.","og_url":"https:\/\/www.top10casinowebsites.net\/de\/handy-casinos\/windows","og_site_name":"DE","article_modified_time":"2017-10-06T14:50:54+00:00","twitter_card":"summary_large_image","twitter_misc":{"Est. reading time":"4 minutes"},"schema":{"@context":"https:\/\/schema.org","@graph":[{"@type":"WebPage","@id":"https:\/\/www.top10casinowebsites.net\/de\/handy-casinos\/windows","url":"https:\/\/www.top10casinowebsites.net\/de\/handy-casinos\/windows","name":"Windows Casinos \u2013 Top Windows Phone Casinos","isPartOf":{"@id":"https:\/\/www.top10casinowebsites.net\/de\/#website"},"primaryImageOfPage":{"@id":"https:\/\/www.top10casinowebsites.net\/de\/handy-casinos\/windows#primaryimage"},"image":{"@id":"https:\/\/www.top10casinowebsites.net\/de\/handy-casinos\/windows#primaryimage"},"thumbnailUrl":"https:\/\/www.top10casinowebsites.net\/wp-content\/uploads\/2017\/01\/windows.jpg","datePublished":"2017-01-30T08:05:23+00:00","dateModified":"2017-10-06T14:50:54+00:00","description":"Die besten Windows Phone Casinos. Genie\u00dfen Sie erstklassige Casinospiele, einschlie\u00dflich Slots, Blackjack und Roulette. Die besten Windows Phone Casinos.","breadcrumb":{"@id":"https:\/\/www.top10casinowebsites.net\/de\/handy-casinos\/windows#breadcrumb"},"inLanguage":"en-US","potentialAction":[{"@type":"ReadAction","target":["https:\/\/www.top10casinowebsites.net\/de\/handy-casinos\/windows"]}]},{"@type":"ImageObject","inLanguage":"en-US","@id":"https:\/\/www.top10casinowebsites.net\/de\/handy-casinos\/windows#primaryimage","url":"https:\/\/www.top10casinowebsites.net\/wp-content\/uploads\/2017\/01\/windows.jpg","contentUrl":"https:\/\/www.top10casinowebsites.net\/wp-content\/uploads\/2017\/01\/windows.jpg"},{"@type":"BreadcrumbList","@id":"https:\/\/www.top10casinowebsites.net\/de\/handy-casinos\/windows#breadcrumb","itemListElement":[{"@type":"ListItem","position":1,"name":"Home","item":"https:\/\/www.top10casinowebsites.net\/de\/"},{"@type":"ListItem","position":2,"name":"Die besten Handy-Casinos f\u00fcr iOS, Android, Blackberry, Windows","item":"https:\/\/www.top10casinowebsites.net\/de\/handy-casinos"},{"@type":"ListItem","position":3,"name":"Windows Casinos \u2013 Top Windows Phone Casinos"}]},{"@type":"WebSite","@id":"https:\/\/www.top10casinowebsites.net\/de\/#website","url":"https:\/\/www.top10casinowebsites.net\/de\/","name":"DE","description":"","potentialAction":[{"@type":"SearchAction","target":{"@type":"EntryPoint","urlTemplate":"https:\/\/www.top10casinowebsites.net\/de\/?s={search_term_string}"},"query-input":{"@type":"PropertyValueSpecification","valueRequired":true,"valueName":"search_term_string"}}],"inLanguage":"en-US"}]}},"_links":{"self":[{"href":"https:\/\/www.top10casinowebsites.net\/de\/wp-json\/wp\/v2\/pages\/1746","targetHints":{"allow":["GET"]}}],"collection":[{"href":"https:\/\/www.top10casinowebsites.net\/de\/wp-json\/wp\/v2\/pages"}],"about":[{"href":"https:\/\/www.top10casinowebsites.net\/de\/wp-json\/wp\/v2\/types\/page"}],"author":[{"embeddable":true,"href":"https:\/\/www.top10casinowebsites.net\/de\/wp-json\/wp\/v2\/users\/4"}],"replies":[{"embeddable":true,"href":"https:\/\/www.top10casinowebsites.net\/de\/wp-json\/wp\/v2\/comments?post=1746"}],"version-history":[{"count":2,"href":"https:\/\/www.top10casinowebsites.net\/de\/wp-json\/wp\/v2\/pages\/1746\/revisions"}],"predecessor-version":[{"id":2098,"href":"https:\/\/www.top10casinowebsites.net\/de\/wp-json\/wp\/v2\/pages\/1746\/revisions\/2098"}],"up":[{"embeddable":true,"href":"https:\/\/www.top10casinowebsites.net\/de\/wp-json\/wp\/v2\/pages\/145"}],"wp:attachment":[{"href":"https:\/\/www.top10casinowebsites.net\/de\/wp-json\/wp\/v2\/media?parent=1746"}],"curies":[{"name":"wp","href":"https:\/\/api.w.org\/{rel}","templated":true}]}}