{"id":1757,"date":"2017-01-30T13:06:44","date_gmt":"2017-01-30T13:06:44","guid":{"rendered":"https:\/\/www.top10casinowebsites.net\/?page_id=1757"},"modified":"2017-10-06T15:23:15","modified_gmt":"2017-10-06T15:23:15","slug":"blackjack","status":"publish","type":"page","link":"https:\/\/www.top10casinowebsites.net\/de\/live-dealer\/blackjack","title":{"rendered":"Live Dealer Blackjack &#8211; Live spielen auf der Online Blackjack Spiele"},"content":{"rendered":"<p><img decoding=\"async\" class=\"alignright size-full wp-image-1758\" src=\"https:\/\/www.top10casinowebsites.net\/wp-content\/uploads\/2017\/01\/live-blackjack.jpg\" alt=\"\" width=\"300\" \/>Wenn Sie auf der <a href=\"https:\/\/www.top10casinowebsites.net\/de\/blackjack\">Suche nach den gr\u00f6\u00dften Nervenkitzel des Blackjacks<\/a> sind,\u00a0dann d\u00fcrfte Live-Dealer Blackjack genau das richtige sein.<\/p>\n<p>Top 10 Casino Websites bietet Ihnen eine Auflistung der Live-Dealer Websites, wo Sie das Beste aus beiden Welten finden, d.h. das Spielen in einem echten klassischen Kasino direkt auf Ihrem Desktop, Laptop oder Handy.<\/p>\n<p>Das Hochtreiben bis 21 oder das Schlagen des H\u00e4ndlers im Rennen bis zur 21 bietet echten Nervenkitzel und noch mehr Spa\u00df, wenn Sie zur Live-Dealer Version wechseln.<\/p>\n<p>Sie haben sofort die Echtzeiterfahrung, da Sie einen Live-Dealer dabeihaben und erhalten Karten von Ihrem H\u00e4ndler ausgeteilt, w\u00e4hrend Sie gegen andere Spieler spielen und wenn Sie m\u00f6gen, k\u00f6nnen Sie mit diesen direkt interagieren.<\/p>\n<div class=\"grid-contents\" id=\"grid-contents\"><table class=\"cas_table\" ><tbody><tr class=\"rank-1\">\n                                <td class=\"ranking\">1<\/td>\n                                <td class=\"brandcol\">\n                                    <a href=https:\/\/www.top10casinowebsites.net\/de\/review\/888-casino class=\"brand brand-bg\"><img loading=\"lazy\" decoding=\"async\" class=\"group list-group-image\" src=\"https:\/\/static.top10casinowebsites.net\/images\/casino-rooms\/888-casino-logo.png\" width=\"200\" height=\"128\"\/><\/a>\n                                <\/td>\n                                <td class=\"bonus\" data-title=\"Bonus\">\n\t\t\t\t\t               <p class=\"bonus-text\"><strong>$888<\/strong>Welcome Bonus <br>(<a href=\"https:\/\/www.top10casinowebsites.net\/de\/review\/888-casino\">T&Cs apply, 18+<\/a>)<\/p>\n\t\t\t\t                <\/td>\n\t\t\t\t\t            <td class=\"badge_game\" data-title=\"Rating\">\n                                    <div class=\"rating\"><strong>5<\/strong>\/5<\/div>\n                                    <div class=\"rating stars\" style=\"margin-top: 5px;\"><span class=\"icon icon-stars\"><span class=\"icon-stars green\" style=\"width: 100%;\"><\/span><\/span><\/div>\n\t\t\t\t\t            <\/td>\n                               \n                                <td class=\"play\">\n\t\t\t\t\t               <a class=\"button-gold\" rel=\"nofollow\" href=\"https:\/\/www.top10casinowebsites.net\/de\/review\/888-casino\">Visit<\/a>\n\t                               <div class=\"\">\n\t\t\t\t\t                   <a class=\"review-snippet-link-play-now-col\" href=\"https:\/\/www.top10casinowebsites.net\/de\/review\/888-casino\">Read Review<\/a>\n\t\t\t\t\t               <\/div>\n\t\t\t\t\t           <\/td>\n     \t\t\t\t        <\/tr><\/tbody><\/table><\/div>\n<p>Auf unserer Website finden Sie Casinos, die Live-Dealer Blackjack Spiele mitanbieten:<\/p>\n<ul>\n<li>Eine niedrige Hausbeteiligung<\/li>\n<li>Bessere Spieler Vorteile<\/li>\n<li>Professionelle und geschulte Blackjack-Dealer sind anwesend<\/li>\n<li>Ambiente und die Stimmung eines echten Casinos<\/li>\n<li>Chat und Video Funktionen mit den H\u00e4ndlern und anderen Spielern m\u00f6glich<\/li>\n<li>Erstklassige Videoqualit\u00e4t<\/li>\n<\/ul>\n<h2>Wie Live-Dealer Blackjack Spiele funktionieren<\/h2>\n<p><img loading=\"lazy\" decoding=\"async\" class=\"alignleft size-full\" src=\"https:\/\/static.top10casinowebsites.net\/images\/icons\/help-and-tips.png\" alt=\"\" width=\"128\" height=\"128\" \/>Wenn Sie bereits Erfahrung mit dem Online Blackjack haben, dann werden Sie feststellen, dass das Live-Dealer Blackjack nicht anders ist, au\u00dfer dass das reale Spiel mit echtem H\u00e4ndler und der kompletten Kasinoausstattung wirklich das Sahneh\u00e4ubchen ist.<\/p>\n<p>Die Spiele werden live \u00fcbertragen. Sowohl das Casino als auch der Software-Anbieter des Studios und der H\u00e4ndler stehen jederzeit bereit, Ihnen zu helfen, Ihre Wetten zu platzieren.<\/p>\n<p>W\u00e4hrend des Spiels k\u00f6nnen Sie dem H\u00e4ndler zusehen, der\u00a0die Karten mischt und platziert, und auch die Wetten annimmt. Und das alles in Echtzeit.<\/p>\n<p><strong>Hypalinx<\/strong><\/p>\n<p><center><iframe loading=\"lazy\" src=\"https:\/\/www.youtube.com\/embed\/2g4psqzan5M\" width=\"560\" height=\"315\" frameborder=\"0\" allowfullscreen=\"allowfullscreen\"><\/iframe><\/center>Sobald das Spiel beginnt und die ganzen Karten aufgedeckt werden, braucht es nur ein bisschen Gl\u00fcck, um zu gewinnen und unter Umst\u00e4nden ein geh\u00f6riges S\u00fcmmchen einzufahren.<\/p>\n<h2>Wie Live-Dealer Blackjack zu spielen ist<\/h2>\n<p><img loading=\"lazy\" decoding=\"async\" class=\"alignleft size-full\" src=\"https:\/\/static.top10casinowebsites.net\/images\/icons\/help-and-tips.png\" alt=\"\" width=\"128\" height=\"128\" \/>Nicht nur unsere Experten, die Live-Dealer Blackjack getestet haben, sondern auch die Tabellen werden Ihnen beweisen, welch spannende Optionen Ihnen hier zur Verf\u00fcgung stehen, von Ihrem Desktop oder Mobilger\u00e4t aus live in einem echten Casino mit dabei zu sein.<\/p>\n<p>Das Spiel wird mit den mehr oder weniger gleichbleibenden Regeln gespielt, unabh\u00e4ngig davon, welche Variante Sie spielen.<\/p>\n<ul>\n<li>Live Blackjack wird mit einem einzelnen oder mit mehreren Decks von 52 Karten gespielt mit dem Ziel, die Kartenhand des H\u00e4ndlers mit einem Wert von 21 oder so nahe wie m\u00f6glich an 21, zu schlagen<\/li>\n<li>Sobald Sie auf ihrem Onlinecasino-Konto auf den Live-Dealer Abschnitt Button klicken, k\u00f6nnen Sie sich f\u00fcr eine der Blackjackvarianten entscheiden und bei allen verf\u00fcgbaren Tischen beitreten.<\/li>\n<li><strong>Ihr Entre oder die erste Wette<\/strong>: Sie beginnen, indem Sie Ihre erste Wette, Ihr Entre, abgeben. An einem Multisitz-Tabellen haben die anderen Spieler Ihrer Vorgabe zu entsprechen. Wir empfehlen immer, dass, wenn Sie neu bei Blackjack sind, mit einem kleinen Einsatz beginnen und dann langsam steigern.<\/li>\n<li><strong>H\u00e4ndler verteilt Karten<\/strong>: Sobald Sie Ihre Wette gesetzt haben, bzw. wenn alle Spieler ihre Wetten in einem Multisitz-Spiel platziert haben, gibt der Live-Dealer zwei Karten aus dem Stapel an jeden Spieler. Eine Karte wird mit der bedruckten Seite nach oben gelegt, die andere nach unten.<\/li>\n<li><strong>Entscheiden Sie, welche Strategie sie nutzen, St\u00e4nder, Split, Double oder ob Sie Ihre Wette versichern<\/strong>: Nachdem die Karten ausgeteilt werden, m\u00fcssen sie entweder Ihre Wette mit Hit, Stand, Teilen, Verdoppeln oder Versichern setzen. W\u00e4hrend des Spieles sehen Sie ihre Hand und eine Karte des Dealers.<\/li>\n<li>Sie k\u00f6nnen direkt mit Hilfe von Tasten auf die entsprechenden Befehle gehen wie auf &#8216;Hit&#8217;, &#8216;Stehen&#8217;, &#8216;Split&#8217; und &#8216;Double&#8217;. Der H\u00e4ndler wird die Wahl best\u00e4tigen, sobald Sie auf eine der Schaltfl\u00e4chen geklickt haben.<\/li>\n<li><strong>H\u00e4ndler bestimmt den Gewinner<\/strong>: Nachdem alle Spieler am Tisch stehen und angehalten haben, \u00fcberpr\u00fcft der H\u00e4ndler alle H\u00e4nde und erkl\u00e4rt, ob das Spiel ein Unentschieden, &#8216;Push&#8217;, &#8216;Sieg&#8217;, oder &#8216;Verlust&#8217; ist, und wer die Runde gewonnen hat. Wenn Ihre Hand nah an dem Wert 21 ist, also besser als die des Gebers, gewinnen Sie den Wert Ihrer Wette. Wenn Ihre Hand insgesamt 21 \u00fcbersteigt, verlieren Sie Ihren Einsatz.<\/li>\n<\/ul>\n<h2>Live-Dealer Blackjack FAQs<\/h2>\n<div class=\"accordion\"><div class=\"accordion-box\"><a href=\"#\">1. Ist Live Dealer Blackjack sicher zu spielen?<\/a><\/div><div class=\"accordion_text\"><\/p>\n<p>Alles auf unserer Website aufgef\u00fchrten Spiele, die Live-Dealer Blackjack anbieten, sind lizenziert und unterliegen strengen Regelungen. Entscheidend ist, dass Sie Ihre Karten von einem echten H\u00e4ndler bekommen. Damit k\u00f6nnen Sie sicher spielen.<\/div><\/div>\n<div class=\"accordion\"><div class=\"accordion-box\"><a href=\"#\">2. Was sind die Vorteile, die Ich Erwarten kann?<\/a><\/div><div class=\"accordion_text\"><\/p>\n<p>Die Vorteile im Live-Dealer Black Jack unterscheiden sich nicht wesentlich vom Onlinecasino, da das Spiel einen geringen Hausvorteil hat, wodurch Sie definitiv mehr Chancen zu gewinnen haben. Der Hausvorteil reicht von 0,5% bis 5%, je nach der Anzahl der Decks.<\/div><\/div>\n<div class=\"accordion\"><div class=\"accordion-box\"><a href=\"#\">3. Ist es m\u00f6glich, dass Live-Dealer Blackjack Spiele manipuliert werden?<\/a><\/div><div class=\"accordion_text\"><\/p>\n<p>Alle\u00a0lizenzierten Casinos werden regelm\u00e4\u00dfig gepr\u00fcft und jedes Spiel, das sie bei Top 10 Casino Websites finden, ist zertifiziert, daher gibt es keine M\u00f6glichkeit, Spiele zu manipulieren. Alle unsere Spiele durchlaufen strenge Testverfahren.<\/div><\/div>\n<div class=\"accordion\"><div class=\"accordion-box\"><a href=\"#\">4. Ist das Mitz\u00e4hlen im Live-Dealer Blackjack m\u00f6glich?<\/a><\/div><div class=\"accordion_text\"><\/p>\n<p>Diese Praktik ist von den Kasinos auf unserer Website verp\u00f6nt, da Sie letztlich sonst kein Gesch\u00e4ft machen w\u00fcrden. Die Casinos auf unserer Liste verteilen die Stapel von mehreren Decks und vermeiden damit das Kartenz\u00e4hlen.<\/div><\/div>\n<div class=\"accordion\"><div class=\"accordion-box\"><a href=\"#\">5. Kann ich Live-Dealer Blackjack auf meinem Smartphone oder Tablet spielen?<\/a><\/div><div class=\"accordion_text\"><\/p>\n<p>Es gibt ein paar Casinos, die ihre Live Dealer Angebot auf\u00a0Plattformen ausgeweitet haben. Solange Sie eine anst\u00e4ndige WLAN- oder 4G-Verbindung haben, k\u00f6nnen Sie Live Dealer Blackjack \u00fcberall und jederzeit spielen.<\/div><\/div>\n<div class=\"accordion\"><div class=\"accordion-box\"><a href=\"#\">6. Kann ich Live Dealer Blackjack im Demo Modus spielen?<\/a><\/div><div class=\"accordion_text\"><\/p>\n<p>Live Dealer Blackjack kann nur im Echtgeldmodus gespielt werden. Einige Casinos bieten allerdings eine Tour oder eine kurze Demo an, damit sie sehen k\u00f6nnen, wie Sie letztendlich mit Geld spielen k\u00f6nnen. Allerdings erlauben die meisten Casinos Ihnen andere Spiele in Aktion zu beobachten, was ein sch\u00f6ner Weg ist, herauszufinden, wie sich die Dinge entwickeln, bevor Sie mit echtem Geld spielen<\/div><\/div>\n","protected":false},"excerpt":{"rendered":"<p>Wenn Sie auf der Suche nach den gr\u00f6\u00dften Nervenkitzel des Blackjacks sind,\u00a0dann d\u00fcrfte Live-Dealer Blackjack genau das richtige sein. Top 10 Casino Websites bietet Ihnen eine Auflistung der Live-Dealer Websites, wo Sie das Beste aus beiden Welten finden, d.h. das Spielen in einem echten klassischen Kasino direkt auf Ihrem Desktop, Laptop oder Handy. Das Hochtreiben [&hellip;]<\/p>\n","protected":false},"author":4,"featured_media":0,"parent":141,"menu_order":0,"comment_status":"closed","ping_status":"closed","template":"","meta":{"_acf_changed":false,"footnotes":""},"class_list":["post-1757","page","type-page","status-publish","hentry"],"acf":[],"yoast_head":"<!-- This site is optimized with the Yoast SEO plugin v27.4 - https:\/\/yoast.com\/product\/yoast-seo-wordpress\/ -->\n<title>Live Dealer Blackjack - Live spielen auf der Online Blackjack Spiele<\/title>\n<meta name=\"description\" content=\"Die besten Seiten, wo Sie Live-Dealer Blackjack spielen k\u00f6nnen. Erfahren Sie ein authentisches Spielerlebnis mit echten Dealern\" \/>\n<meta name=\"robots\" content=\"noindex, follow, max-snippet:-1, max-image-preview:large, max-video-preview:-1\" \/>\n<meta property=\"og:locale\" content=\"en_US\" \/>\n<meta property=\"og:type\" content=\"article\" \/>\n<meta property=\"og:title\" content=\"Live Dealer Blackjack - Live spielen auf der Online Blackjack Spiele\" \/>\n<meta property=\"og:description\" content=\"Die besten Seiten, wo Sie Live-Dealer Blackjack spielen k\u00f6nnen. Erfahren Sie ein authentisches Spielerlebnis mit echten Dealern\" \/>\n<meta property=\"og:url\" content=\"https:\/\/www.top10casinowebsites.net\/de\/live-dealer\/blackjack\" \/>\n<meta property=\"og:site_name\" content=\"DE\" \/>\n<meta property=\"article:modified_time\" content=\"2017-10-06T15:23:15+00:00\" \/>\n<meta name=\"twitter:card\" content=\"summary_large_image\" \/>\n<meta name=\"twitter:label1\" content=\"Est. reading time\" \/>\n\t<meta name=\"twitter:data1\" content=\"5 minutes\" \/>\n<script type=\"application\/ld+json\" class=\"yoast-schema-graph\">{\"@context\":\"https:\\\/\\\/schema.org\",\"@graph\":[{\"@type\":\"WebPage\",\"@id\":\"https:\\\/\\\/www.top10casinowebsites.net\\\/de\\\/live-dealer\\\/blackjack\",\"url\":\"https:\\\/\\\/www.top10casinowebsites.net\\\/de\\\/live-dealer\\\/blackjack\",\"name\":\"Live Dealer Blackjack - Live spielen auf der Online Blackjack Spiele\",\"isPartOf\":{\"@id\":\"https:\\\/\\\/www.top10casinowebsites.net\\\/de\\\/#website\"},\"primaryImageOfPage\":{\"@id\":\"https:\\\/\\\/www.top10casinowebsites.net\\\/de\\\/live-dealer\\\/blackjack#primaryimage\"},\"image\":{\"@id\":\"https:\\\/\\\/www.top10casinowebsites.net\\\/de\\\/live-dealer\\\/blackjack#primaryimage\"},\"thumbnailUrl\":\"https:\\\/\\\/www.top10casinowebsites.net\\\/wp-content\\\/uploads\\\/2017\\\/01\\\/live-blackjack.jpg\",\"datePublished\":\"2017-01-30T13:06:44+00:00\",\"dateModified\":\"2017-10-06T15:23:15+00:00\",\"description\":\"Die besten Seiten, wo Sie Live-Dealer Blackjack spielen k\u00f6nnen. Erfahren Sie ein authentisches Spielerlebnis mit echten Dealern\",\"breadcrumb\":{\"@id\":\"https:\\\/\\\/www.top10casinowebsites.net\\\/de\\\/live-dealer\\\/blackjack#breadcrumb\"},\"inLanguage\":\"en-US\",\"potentialAction\":[{\"@type\":\"ReadAction\",\"target\":[\"https:\\\/\\\/www.top10casinowebsites.net\\\/de\\\/live-dealer\\\/blackjack\"]}]},{\"@type\":\"ImageObject\",\"inLanguage\":\"en-US\",\"@id\":\"https:\\\/\\\/www.top10casinowebsites.net\\\/de\\\/live-dealer\\\/blackjack#primaryimage\",\"url\":\"https:\\\/\\\/www.top10casinowebsites.net\\\/wp-content\\\/uploads\\\/2017\\\/01\\\/live-blackjack.jpg\",\"contentUrl\":\"https:\\\/\\\/www.top10casinowebsites.net\\\/wp-content\\\/uploads\\\/2017\\\/01\\\/live-blackjack.jpg\"},{\"@type\":\"BreadcrumbList\",\"@id\":\"https:\\\/\\\/www.top10casinowebsites.net\\\/de\\\/live-dealer\\\/blackjack#breadcrumb\",\"itemListElement\":[{\"@type\":\"ListItem\",\"position\":1,\"name\":\"Home\",\"item\":\"https:\\\/\\\/www.top10casinowebsites.net\\\/de\\\/\"},{\"@type\":\"ListItem\",\"position\":2,\"name\":\"Live Casinos &#8211; Live Online Casinos mit Live Dealer\",\"item\":\"https:\\\/\\\/www.top10casinowebsites.net\\\/de\\\/live-dealer\"},{\"@type\":\"ListItem\",\"position\":3,\"name\":\"Live Dealer Blackjack &#8211; Live spielen auf der Online Blackjack Spiele\"}]},{\"@type\":\"WebSite\",\"@id\":\"https:\\\/\\\/www.top10casinowebsites.net\\\/de\\\/#website\",\"url\":\"https:\\\/\\\/www.top10casinowebsites.net\\\/de\\\/\",\"name\":\"DE\",\"description\":\"\",\"potentialAction\":[{\"@type\":\"SearchAction\",\"target\":{\"@type\":\"EntryPoint\",\"urlTemplate\":\"https:\\\/\\\/www.top10casinowebsites.net\\\/de\\\/?s={search_term_string}\"},\"query-input\":{\"@type\":\"PropertyValueSpecification\",\"valueRequired\":true,\"valueName\":\"search_term_string\"}}],\"inLanguage\":\"en-US\"}]}<\/script>\n<!-- \/ Yoast SEO plugin. -->","yoast_head_json":{"title":"Live Dealer Blackjack - Live spielen auf der Online Blackjack Spiele","description":"Die besten Seiten, wo Sie Live-Dealer Blackjack spielen k\u00f6nnen. Erfahren Sie ein authentisches Spielerlebnis mit echten Dealern","robots":{"index":"noindex","follow":"follow","max-snippet":"max-snippet:-1","max-image-preview":"max-image-preview:large","max-video-preview":"max-video-preview:-1"},"og_locale":"en_US","og_type":"article","og_title":"Live Dealer Blackjack - Live spielen auf der Online Blackjack Spiele","og_description":"Die besten Seiten, wo Sie Live-Dealer Blackjack spielen k\u00f6nnen. Erfahren Sie ein authentisches Spielerlebnis mit echten Dealern","og_url":"https:\/\/www.top10casinowebsites.net\/de\/live-dealer\/blackjack","og_site_name":"DE","article_modified_time":"2017-10-06T15:23:15+00:00","twitter_card":"summary_large_image","twitter_misc":{"Est. reading time":"5 minutes"},"schema":{"@context":"https:\/\/schema.org","@graph":[{"@type":"WebPage","@id":"https:\/\/www.top10casinowebsites.net\/de\/live-dealer\/blackjack","url":"https:\/\/www.top10casinowebsites.net\/de\/live-dealer\/blackjack","name":"Live Dealer Blackjack - Live spielen auf der Online Blackjack Spiele","isPartOf":{"@id":"https:\/\/www.top10casinowebsites.net\/de\/#website"},"primaryImageOfPage":{"@id":"https:\/\/www.top10casinowebsites.net\/de\/live-dealer\/blackjack#primaryimage"},"image":{"@id":"https:\/\/www.top10casinowebsites.net\/de\/live-dealer\/blackjack#primaryimage"},"thumbnailUrl":"https:\/\/www.top10casinowebsites.net\/wp-content\/uploads\/2017\/01\/live-blackjack.jpg","datePublished":"2017-01-30T13:06:44+00:00","dateModified":"2017-10-06T15:23:15+00:00","description":"Die besten Seiten, wo Sie Live-Dealer Blackjack spielen k\u00f6nnen. Erfahren Sie ein authentisches Spielerlebnis mit echten Dealern","breadcrumb":{"@id":"https:\/\/www.top10casinowebsites.net\/de\/live-dealer\/blackjack#breadcrumb"},"inLanguage":"en-US","potentialAction":[{"@type":"ReadAction","target":["https:\/\/www.top10casinowebsites.net\/de\/live-dealer\/blackjack"]}]},{"@type":"ImageObject","inLanguage":"en-US","@id":"https:\/\/www.top10casinowebsites.net\/de\/live-dealer\/blackjack#primaryimage","url":"https:\/\/www.top10casinowebsites.net\/wp-content\/uploads\/2017\/01\/live-blackjack.jpg","contentUrl":"https:\/\/www.top10casinowebsites.net\/wp-content\/uploads\/2017\/01\/live-blackjack.jpg"},{"@type":"BreadcrumbList","@id":"https:\/\/www.top10casinowebsites.net\/de\/live-dealer\/blackjack#breadcrumb","itemListElement":[{"@type":"ListItem","position":1,"name":"Home","item":"https:\/\/www.top10casinowebsites.net\/de\/"},{"@type":"ListItem","position":2,"name":"Live Casinos &#8211; Live Online Casinos mit Live Dealer","item":"https:\/\/www.top10casinowebsites.net\/de\/live-dealer"},{"@type":"ListItem","position":3,"name":"Live Dealer Blackjack &#8211; Live spielen auf der Online Blackjack Spiele"}]},{"@type":"WebSite","@id":"https:\/\/www.top10casinowebsites.net\/de\/#website","url":"https:\/\/www.top10casinowebsites.net\/de\/","name":"DE","description":"","potentialAction":[{"@type":"SearchAction","target":{"@type":"EntryPoint","urlTemplate":"https:\/\/www.top10casinowebsites.net\/de\/?s={search_term_string}"},"query-input":{"@type":"PropertyValueSpecification","valueRequired":true,"valueName":"search_term_string"}}],"inLanguage":"en-US"}]}},"_links":{"self":[{"href":"https:\/\/www.top10casinowebsites.net\/de\/wp-json\/wp\/v2\/pages\/1757","targetHints":{"allow":["GET"]}}],"collection":[{"href":"https:\/\/www.top10casinowebsites.net\/de\/wp-json\/wp\/v2\/pages"}],"about":[{"href":"https:\/\/www.top10casinowebsites.net\/de\/wp-json\/wp\/v2\/types\/page"}],"author":[{"embeddable":true,"href":"https:\/\/www.top10casinowebsites.net\/de\/wp-json\/wp\/v2\/users\/4"}],"replies":[{"embeddable":true,"href":"https:\/\/www.top10casinowebsites.net\/de\/wp-json\/wp\/v2\/comments?post=1757"}],"version-history":[{"count":1,"href":"https:\/\/www.top10casinowebsites.net\/de\/wp-json\/wp\/v2\/pages\/1757\/revisions"}],"predecessor-version":[{"id":2168,"href":"https:\/\/www.top10casinowebsites.net\/de\/wp-json\/wp\/v2\/pages\/1757\/revisions\/2168"}],"up":[{"embeddable":true,"href":"https:\/\/www.top10casinowebsites.net\/de\/wp-json\/wp\/v2\/pages\/141"}],"wp:attachment":[{"href":"https:\/\/www.top10casinowebsites.net\/de\/wp-json\/wp\/v2\/media?parent=1757"}],"curies":[{"name":"wp","href":"https:\/\/api.w.org\/{rel}","templated":true}]}}