{"id":1760,"date":"2017-01-30T13:47:21","date_gmt":"2017-01-30T13:47:21","guid":{"rendered":"https:\/\/www.top10casinowebsites.net\/?page_id=1760"},"modified":"2017-10-06T15:57:31","modified_gmt":"2017-10-06T15:57:31","slug":"casino-holdem","status":"publish","type":"page","link":"https:\/\/www.top10casinowebsites.net\/de\/live-dealer\/casino-holdem","title":{"rendered":"Live-Dealer Casino Hold&#8217;em \u2013 Spielen Sie Live Onlinecasino Hold&#8217;em Spiele"},"content":{"rendered":"<p><img decoding=\"async\" class=\"alignright size-full wp-image-1761\" src=\"https:\/\/www.top10casinowebsites.net\/wp-content\/uploads\/2017\/01\/live-casino-holdem.jpg\" alt=\"\" width=\"300\" \/>Wenn Sie Poker-Fan sind, dann sind Sie bei Top\u00a010 Casino Websites genau richtig.<\/p>\n<p>Wir pr\u00e4sentieren die besten Live-Dealer Hold&#8217;em Casinos, die das Spielerlebnis auf eine ganz neuen Ebene bringen.<\/p>\n<p>Vor allem bietet dieses System die spannende Variante gegen einen professionellen H\u00e4ndler zu spielen und die ganze Aktion in Echtzeit zu erleben, ohne in ein reales Casino gehen zu m\u00fcssen.<\/p>\n<p>In den Casinos auf unserer Website finden Sie:<\/p>\n<div class=\"grid-contents\" id=\"grid-contents\"><table class=\"cas_table\" ><tbody><tr class=\"rank-1\">\n                                <td class=\"ranking\">1<\/td>\n                                <td class=\"brandcol\">\n                                    <a href=https:\/\/www.top10casinowebsites.net\/de\/review\/888-casino class=\"brand brand-bg\"><img loading=\"lazy\" decoding=\"async\" class=\"group list-group-image\" src=\"https:\/\/static.top10casinowebsites.net\/images\/casino-rooms\/888-casino-logo.png\" width=\"200\" height=\"128\"\/><\/a>\n                                <\/td>\n                                <td class=\"bonus\" data-title=\"Bonus\">\n\t\t\t\t\t               <p class=\"bonus-text\"><strong>$888<\/strong>Welcome Bonus <br>(<a href=\"https:\/\/www.top10casinowebsites.net\/de\/review\/888-casino\">T&Cs apply, 18+<\/a>)<\/p>\n\t\t\t\t                <\/td>\n\t\t\t\t\t            <td class=\"badge_game\" data-title=\"Rating\">\n                                    <div class=\"rating\"><strong>5<\/strong>\/5<\/div>\n                                    <div class=\"rating stars\" style=\"margin-top: 5px;\"><span class=\"icon icon-stars\"><span class=\"icon-stars green\" style=\"width: 100%;\"><\/span><\/span><\/div>\n\t\t\t\t\t            <\/td>\n                               \n                                <td class=\"play\">\n\t\t\t\t\t               <a class=\"button-gold\" rel=\"nofollow\" href=\"https:\/\/www.top10casinowebsites.net\/de\/review\/888-casino\">Visit<\/a>\n\t                               <div class=\"\">\n\t\t\t\t\t                   <a class=\"review-snippet-link-play-now-col\" href=\"https:\/\/www.top10casinowebsites.net\/de\/review\/888-casino\">Read Review<\/a>\n\t\t\t\t\t               <\/div>\n\t\t\t\t\t           <\/td>\n     \t\t\t\t        <\/tr><\/tbody><\/table><\/div>\n<p>Live-Dealer Casino Hold&#8217;em-Spiele: Das Casino oder das Studio des Anbieters \u00fcbertragen das Spiel direkt auf Ihren Desktop<\/p>\n<ul>\n<li>Casinos, die Tabellen f\u00fcr hohe und niedrige Eins\u00e4tze bieten<\/li>\n<li>Live-Dealer Spieler k\u00f6nnen Boni und Comp-Punkte sammeln<\/li>\n<li>Casinos mit Multi-Tisch Spiele<\/li>\n<li>Websites, mit denen Sie Live Casino Hold&#8217;em von unterwegs aus spielen k\u00f6nnen<\/li>\n<\/ul>\n<p>Casino Hold&#8217;em ist eine der\u00a0Variationen von 5-Card Poker, mit der Sie Ihre F\u00e4higkeiten bis an Ihre Grenzen testen und sich mit anderen Spielern austauchen k\u00f6nnen. Das ganze sogar komfortabel von zu Hause aus. Also, wenn Sie bereit sind, sich an einen echten H\u00e4ndler zu messen, in die Karten zu sehen und zu erahnen, wie Sie bluffen k\u00f6nnen, dann sind Sie hier richtig, um mit dem Live-Dealer Kasino zu starten.<\/p>\n<h2>Warum Live-Dealer Casino Hold&#8217;em spielen<\/h2>\n<p><img loading=\"lazy\" decoding=\"async\" class=\"alignleft size-full\" src=\"https:\/\/static.top10casinowebsites.net\/images\/icons\/help-and-tips.png\" alt=\"\" width=\"128\" height=\"128\" \/>Live Casino Hold&#8217;em Poker bietet seinen Fans eine Vielzahl von Gr\u00fcnden, warum sie versuchen sollten, die Tabellen zu schlagen. Hier nur einige davon:<\/p>\n<ul>\n<li>Spielen mit flexiblen Eins\u00e4tzen<\/li>\n<li>Spielen Sie gegen einen echten H\u00e4ndler und interagieren Sie mit diesem direkt<\/li>\n<li>Sie k\u00f6nnen \u00fcberall und jederzeit spielen<\/li>\n<li>Generieren Sie Auszahlungen von bis zu 100:1, je nach Kombination<\/li>\n<li>Spielen Sie Wetten und Gewinne mit Bonus, je nach Tabelle<\/li>\n<li>Die Karten sind von einem professionellen H\u00e4ndler gemischt<\/li>\n<li>Automatische Tabellen, damit sind diese nicht an eine Fixierung gebunden<\/li>\n<\/ul>\n<p><strong>Offizieller Europapartner<\/strong><\/p>\n<p><center><iframe loading=\"lazy\" width=\"560\" height=\"315\" src=\"https:\/\/www.youtube.com\/embed\/H43HZCaLt_Y\" frameborder=\"0\" allowfullscreen><\/iframe><\/center><\/p>\n<h2>Wie man Casino Hold&#8217;em spielt<\/h2>\n<p><img loading=\"lazy\" decoding=\"async\" class=\"alignleft size-full\" src=\"https:\/\/static.top10casinowebsites.net\/images\/icons\/help-and-tips.png\" alt=\"\" width=\"128\" height=\"128\" \/>Casino Hold&#8217;em ist ein Spiel mit einem Deck von 52 Karten. Im Gegensatz zum regul\u00e4ren Poker, spielen Sie gegen keinen Gegner<\/p>\n<ul>\n<li>Das Spiel beginnt mit jedem Spieler und seinem Einsatz<\/li>\n<li>Der H\u00e4ndler teilt jedem Spieler Karten zu und legt zwei Karten offen in die Mitte des Tisches.<\/li>\n<li>Jeder Spieler setzt seinen Einsatz und kombiniert seine Hand basierend auf den zwei ausgeteilten Karten und den Gemeinschaftskarten.<\/li>\n<li>Nachdem die Wetten platziert sind, legt der Dealer eine weitere Karte in die Mitte der Tabelle.<\/li>\n<li>Sie haben jetzt die M\u00f6glichkeit, erneut zu wetten oder zu auszusteigen<\/li>\n<li>Die Wettrunde wird solange fortgesetzt, bis es nur noch f\u00fcnf Karten in der Mitte gibt. Dann muss jeder Spieler seine Karte aufdecken. Der Spieler mit der besten Pokerhand gewinnt den Pot.<\/li>\n<\/ul>\n<h2>Live Casino Hold&#8217;em Tipps von unseren Experten<\/h2>\n<p><img loading=\"lazy\" decoding=\"async\" class=\"alignleft size-full\" src=\"https:\/\/static.top10casinowebsites.net\/images\/icons\/help-and-tips.png\" alt=\"\" width=\"128\" height=\"128\" \/>Es geht darum, die richtige Entscheidung zu treffen oder zu Quittieren, nachdem die ersten Karten ausgegeben wurden:<\/p>\n<ul>\n<li>Die St\u00e4rke ihrer H\u00e4nde h\u00e4ngt entscheidend davon ab, ob sie ihre Hand besser kombinieren k\u00f6nnen, wenn die verbleibenden zwei Karten ausgeteilt werden<\/li>\n<li>Wenn Sie ein Paar oder besser noch ein Ass oder einen K\u00f6nig haben, ist es klug abzuwarten<\/li>\n<li>Wenn Sie zwei Oberkarten haben, ebenso<\/li>\n<li>Wenn Sie einen Flush oder Straight Draw haben, dann warten Sie ab, denn Sie ben\u00f6tigen einen Flush oder Straight zur Vervollst\u00e4ndigung.<\/li>\n<li>Wenn Sie keine Karten haben, die mit dem Spielziel \u00fcbereinstimmen, dann quittieren Sie.<\/li>\n<\/ul>\n<h2>Live Dealer Casino Hold&#8217;em FAQs<\/h2>\n<div class=\"accordion\"><div class=\"accordion-box\"><a href=\"#\">1. Sind Live Dealer Casino Hold'em Spiele vertrauensw\u00fcrdig?<\/a><\/div><div class=\"accordion_text\"><\/p>\n<p>Alle Live-Dealer Spiele, die auf unserer Seite aufgef\u00fchrt sind, werden von lizenzierten und stark regulierten Onlinecasinos angeboten. Diese Spiele sind unabh\u00e4ngig voneinander getestet und f\u00fcr &#8220;Fair Play&#8221; zertifiziert. Wir empfehlen nur Casinos, die die h\u00f6chsten Standards erf\u00fcllen, wenn es um Legitimit\u00e4t geht. Dar\u00fcber hinaus spielen Sie gegen einen echten H\u00e4ndler und in einer realen Casino-Umgebung, die keine M\u00f6glichkeit einer Software gesteuerten Korruption erm\u00f6glicht.<\/div><\/div>\n<div class=\"accordion\"><div class=\"accordion-box\"><a href=\"#\">2. Wo finde ich Live-Dealer Casino Hold'em, um an Turnieren teilzunehmen?<\/a><\/div><div class=\"accordion_text\"><\/p>\n<p>Leider werden Sie nicht viele Live Dealer Turniere finden, da sie in der Regel mehrere Tabellen und viele H\u00e4ndler mit einbeziehen. Jedoch bieten einige Kasinos vereinzelt hin und wieder Turniere an. Spielen Sie die regul\u00e4re Onlineversion, dann sind Turniere eher wahrscheinlich gehalten.<\/div><\/div>\n<div class=\"accordion\"><div class=\"accordion-box\"><a href=\"#\">3. Kann ich ein paar Live Spiele sehen?<\/a><\/div><div class=\"accordion_text\"><\/p>\n<p>Dies ist in der Regel keine Option, wenn es darum geht, Live-Dealer Spiele mitzuerleben. Sobald Sie eine Einzahlung machen, spielen Sie um echtes Geld. Sie k\u00f6nnen jedoch immer auch regelm\u00e4\u00dfige Onlinecasino Spiele\u00a0kostenlos ausprobieren, bevor sie ihren Weg in ein Live-Dealer Casino wagen.<\/div><\/div>\n<div class=\"accordion\"><div class=\"accordion-box\"><a href=\"#\">4. Welche Art von Internetverbindung ben\u00f6tige ich um zu spielen?<\/a><\/div><div class=\"accordion_text\"><\/p>\n<p>Eine Breitbandverbindung ist genug, um die ganze Live-Dealer Casino Erfahrung in vollem Umfang mitzuerleben. Dies ist deshalb m\u00f6glich, da die Live Videos direkt auf Ihren Desktop gestreamt werden. Sie sollten allerdings sicherstellen, dass Sie \u00fcber eine ausreichend schnelle Verbindung verf\u00fcgen, obwohl hohe Geschwindigkeiten nicht obligatorisch sind.<\/div><\/div>\n<div class=\"accordion\"><div class=\"accordion-box\"><a href=\"#\">5. Kann ich mit meinem Handy oder Tablet mitspielen?<\/a><\/div><div class=\"accordion_text\"><\/p>\n<p>Einige Casinos bieten Live-Dealer Casino Hold&#8217;em f\u00fcr mobile und Tablet Ger\u00e4te. Immer mit den Mitarbeitern des Kundendienstes des Casino sprechen, falls Sie Fragen \u00fcber Mobile Gaming haben.<\/div><\/div>\n<div class=\"accordion\"><div class=\"accordion-box\"><a href=\"#\">6. Wo finde ich die beste Live-Dealer Hold'em Spiele?<\/a><\/div><div class=\"accordion_text\"><\/p>\n<p>Direkt hier sind die Casinos auf unserer Website aufgef\u00fchrt. Unser Team von Experten hat die Spreu vom Weizen getrennt, wenn es um Live-Dealer Spiele geht.<\/div><\/div>\n<div class=\"accordion\"><div class=\"accordion-box\"><a href=\"#\">7. Gibt es irgendwelche zus\u00e4tzlichen Anforderungen an die Hardware?<\/a><\/div><div class=\"accordion_text\"><\/p>\n<p>Sie ben\u00f6tigen eine Webcam und das war&#8217;s.<\/div><\/div>\n","protected":false},"excerpt":{"rendered":"<p>Wenn Sie Poker-Fan sind, dann sind Sie bei Top\u00a010 Casino Websites genau richtig. Wir pr\u00e4sentieren die besten Live-Dealer Hold&#8217;em Casinos, die das Spielerlebnis auf eine ganz neuen Ebene bringen. Vor allem bietet dieses System die spannende Variante gegen einen professionellen H\u00e4ndler zu spielen und die ganze Aktion in Echtzeit zu erleben, ohne in ein reales [&hellip;]<\/p>\n","protected":false},"author":4,"featured_media":0,"parent":141,"menu_order":0,"comment_status":"closed","ping_status":"closed","template":"","meta":{"_acf_changed":false,"footnotes":""},"class_list":["post-1760","page","type-page","status-publish","hentry"],"acf":[],"yoast_head":"<!-- This site is optimized with the Yoast SEO plugin v27.4 - https:\/\/yoast.com\/product\/yoast-seo-wordpress\/ -->\n<title>Live-Dealer Casino Hold&#039;em \u2013 Spielen Sie Live Onlinecasino Hold&#039;em Spiele<\/title>\n<meta name=\"description\" content=\"Live Casino Hold&#039;em ist eine Variante von 5-Card Poker und ein gro\u00dfartiges Spiel f\u00fcr Poker Enthusiasten. Hier finden Sie die Top 10 Websites der Spiele, wie Sie die Kartenhand des H\u00e4ndlers mit der besten F\u00fcnf-Karten-Hand schlagen k\u00f6nnen\" \/>\n<meta name=\"robots\" content=\"noindex, follow, max-snippet:-1, max-image-preview:large, max-video-preview:-1\" \/>\n<meta property=\"og:locale\" content=\"en_US\" \/>\n<meta property=\"og:type\" content=\"article\" \/>\n<meta property=\"og:title\" content=\"Live-Dealer Casino Hold&#039;em \u2013 Spielen Sie Live Onlinecasino Hold&#039;em Spiele\" \/>\n<meta property=\"og:description\" content=\"Live Casino Hold&#039;em ist eine Variante von 5-Card Poker und ein gro\u00dfartiges Spiel f\u00fcr Poker Enthusiasten. Hier finden Sie die Top 10 Websites der Spiele, wie Sie die Kartenhand des H\u00e4ndlers mit der besten F\u00fcnf-Karten-Hand schlagen k\u00f6nnen\" \/>\n<meta property=\"og:url\" content=\"https:\/\/www.top10casinowebsites.net\/de\/live-dealer\/casino-holdem\" \/>\n<meta property=\"og:site_name\" content=\"DE\" \/>\n<meta property=\"article:modified_time\" content=\"2017-10-06T15:57:31+00:00\" \/>\n<meta name=\"twitter:card\" content=\"summary_large_image\" \/>\n<meta name=\"twitter:label1\" content=\"Est. reading time\" \/>\n\t<meta name=\"twitter:data1\" content=\"4 minutes\" \/>\n<script type=\"application\/ld+json\" class=\"yoast-schema-graph\">{\"@context\":\"https:\\\/\\\/schema.org\",\"@graph\":[{\"@type\":\"WebPage\",\"@id\":\"https:\\\/\\\/www.top10casinowebsites.net\\\/de\\\/live-dealer\\\/casino-holdem\",\"url\":\"https:\\\/\\\/www.top10casinowebsites.net\\\/de\\\/live-dealer\\\/casino-holdem\",\"name\":\"Live-Dealer Casino Hold'em \u2013 Spielen Sie Live Onlinecasino Hold'em Spiele\",\"isPartOf\":{\"@id\":\"https:\\\/\\\/www.top10casinowebsites.net\\\/de\\\/#website\"},\"primaryImageOfPage\":{\"@id\":\"https:\\\/\\\/www.top10casinowebsites.net\\\/de\\\/live-dealer\\\/casino-holdem#primaryimage\"},\"image\":{\"@id\":\"https:\\\/\\\/www.top10casinowebsites.net\\\/de\\\/live-dealer\\\/casino-holdem#primaryimage\"},\"thumbnailUrl\":\"https:\\\/\\\/www.top10casinowebsites.net\\\/wp-content\\\/uploads\\\/2017\\\/01\\\/live-casino-holdem.jpg\",\"datePublished\":\"2017-01-30T13:47:21+00:00\",\"dateModified\":\"2017-10-06T15:57:31+00:00\",\"description\":\"Live Casino Hold'em ist eine Variante von 5-Card Poker und ein gro\u00dfartiges Spiel f\u00fcr Poker Enthusiasten. Hier finden Sie die Top 10 Websites der Spiele, wie Sie die Kartenhand des H\u00e4ndlers mit der besten F\u00fcnf-Karten-Hand schlagen k\u00f6nnen\",\"breadcrumb\":{\"@id\":\"https:\\\/\\\/www.top10casinowebsites.net\\\/de\\\/live-dealer\\\/casino-holdem#breadcrumb\"},\"inLanguage\":\"en-US\",\"potentialAction\":[{\"@type\":\"ReadAction\",\"target\":[\"https:\\\/\\\/www.top10casinowebsites.net\\\/de\\\/live-dealer\\\/casino-holdem\"]}]},{\"@type\":\"ImageObject\",\"inLanguage\":\"en-US\",\"@id\":\"https:\\\/\\\/www.top10casinowebsites.net\\\/de\\\/live-dealer\\\/casino-holdem#primaryimage\",\"url\":\"https:\\\/\\\/www.top10casinowebsites.net\\\/wp-content\\\/uploads\\\/2017\\\/01\\\/live-casino-holdem.jpg\",\"contentUrl\":\"https:\\\/\\\/www.top10casinowebsites.net\\\/wp-content\\\/uploads\\\/2017\\\/01\\\/live-casino-holdem.jpg\"},{\"@type\":\"BreadcrumbList\",\"@id\":\"https:\\\/\\\/www.top10casinowebsites.net\\\/de\\\/live-dealer\\\/casino-holdem#breadcrumb\",\"itemListElement\":[{\"@type\":\"ListItem\",\"position\":1,\"name\":\"Home\",\"item\":\"https:\\\/\\\/www.top10casinowebsites.net\\\/de\\\/\"},{\"@type\":\"ListItem\",\"position\":2,\"name\":\"Live Casinos &#8211; Live Online Casinos mit Live Dealer\",\"item\":\"https:\\\/\\\/www.top10casinowebsites.net\\\/de\\\/live-dealer\"},{\"@type\":\"ListItem\",\"position\":3,\"name\":\"Live-Dealer Casino Hold&#8217;em \u2013 Spielen Sie Live Onlinecasino Hold&#8217;em Spiele\"}]},{\"@type\":\"WebSite\",\"@id\":\"https:\\\/\\\/www.top10casinowebsites.net\\\/de\\\/#website\",\"url\":\"https:\\\/\\\/www.top10casinowebsites.net\\\/de\\\/\",\"name\":\"DE\",\"description\":\"\",\"potentialAction\":[{\"@type\":\"SearchAction\",\"target\":{\"@type\":\"EntryPoint\",\"urlTemplate\":\"https:\\\/\\\/www.top10casinowebsites.net\\\/de\\\/?s={search_term_string}\"},\"query-input\":{\"@type\":\"PropertyValueSpecification\",\"valueRequired\":true,\"valueName\":\"search_term_string\"}}],\"inLanguage\":\"en-US\"}]}<\/script>\n<!-- \/ Yoast SEO plugin. -->","yoast_head_json":{"title":"Live-Dealer Casino Hold'em \u2013 Spielen Sie Live Onlinecasino Hold'em Spiele","description":"Live Casino Hold'em ist eine Variante von 5-Card Poker und ein gro\u00dfartiges Spiel f\u00fcr Poker Enthusiasten. Hier finden Sie die Top 10 Websites der Spiele, wie Sie die Kartenhand des H\u00e4ndlers mit der besten F\u00fcnf-Karten-Hand schlagen k\u00f6nnen","robots":{"index":"noindex","follow":"follow","max-snippet":"max-snippet:-1","max-image-preview":"max-image-preview:large","max-video-preview":"max-video-preview:-1"},"og_locale":"en_US","og_type":"article","og_title":"Live-Dealer Casino Hold'em \u2013 Spielen Sie Live Onlinecasino Hold'em Spiele","og_description":"Live Casino Hold'em ist eine Variante von 5-Card Poker und ein gro\u00dfartiges Spiel f\u00fcr Poker Enthusiasten. Hier finden Sie die Top 10 Websites der Spiele, wie Sie die Kartenhand des H\u00e4ndlers mit der besten F\u00fcnf-Karten-Hand schlagen k\u00f6nnen","og_url":"https:\/\/www.top10casinowebsites.net\/de\/live-dealer\/casino-holdem","og_site_name":"DE","article_modified_time":"2017-10-06T15:57:31+00:00","twitter_card":"summary_large_image","twitter_misc":{"Est. reading time":"4 minutes"},"schema":{"@context":"https:\/\/schema.org","@graph":[{"@type":"WebPage","@id":"https:\/\/www.top10casinowebsites.net\/de\/live-dealer\/casino-holdem","url":"https:\/\/www.top10casinowebsites.net\/de\/live-dealer\/casino-holdem","name":"Live-Dealer Casino Hold'em \u2013 Spielen Sie Live Onlinecasino Hold'em Spiele","isPartOf":{"@id":"https:\/\/www.top10casinowebsites.net\/de\/#website"},"primaryImageOfPage":{"@id":"https:\/\/www.top10casinowebsites.net\/de\/live-dealer\/casino-holdem#primaryimage"},"image":{"@id":"https:\/\/www.top10casinowebsites.net\/de\/live-dealer\/casino-holdem#primaryimage"},"thumbnailUrl":"https:\/\/www.top10casinowebsites.net\/wp-content\/uploads\/2017\/01\/live-casino-holdem.jpg","datePublished":"2017-01-30T13:47:21+00:00","dateModified":"2017-10-06T15:57:31+00:00","description":"Live Casino Hold'em ist eine Variante von 5-Card Poker und ein gro\u00dfartiges Spiel f\u00fcr Poker Enthusiasten. Hier finden Sie die Top 10 Websites der Spiele, wie Sie die Kartenhand des H\u00e4ndlers mit der besten F\u00fcnf-Karten-Hand schlagen k\u00f6nnen","breadcrumb":{"@id":"https:\/\/www.top10casinowebsites.net\/de\/live-dealer\/casino-holdem#breadcrumb"},"inLanguage":"en-US","potentialAction":[{"@type":"ReadAction","target":["https:\/\/www.top10casinowebsites.net\/de\/live-dealer\/casino-holdem"]}]},{"@type":"ImageObject","inLanguage":"en-US","@id":"https:\/\/www.top10casinowebsites.net\/de\/live-dealer\/casino-holdem#primaryimage","url":"https:\/\/www.top10casinowebsites.net\/wp-content\/uploads\/2017\/01\/live-casino-holdem.jpg","contentUrl":"https:\/\/www.top10casinowebsites.net\/wp-content\/uploads\/2017\/01\/live-casino-holdem.jpg"},{"@type":"BreadcrumbList","@id":"https:\/\/www.top10casinowebsites.net\/de\/live-dealer\/casino-holdem#breadcrumb","itemListElement":[{"@type":"ListItem","position":1,"name":"Home","item":"https:\/\/www.top10casinowebsites.net\/de\/"},{"@type":"ListItem","position":2,"name":"Live Casinos &#8211; Live Online Casinos mit Live Dealer","item":"https:\/\/www.top10casinowebsites.net\/de\/live-dealer"},{"@type":"ListItem","position":3,"name":"Live-Dealer Casino Hold&#8217;em \u2013 Spielen Sie Live Onlinecasino Hold&#8217;em Spiele"}]},{"@type":"WebSite","@id":"https:\/\/www.top10casinowebsites.net\/de\/#website","url":"https:\/\/www.top10casinowebsites.net\/de\/","name":"DE","description":"","potentialAction":[{"@type":"SearchAction","target":{"@type":"EntryPoint","urlTemplate":"https:\/\/www.top10casinowebsites.net\/de\/?s={search_term_string}"},"query-input":{"@type":"PropertyValueSpecification","valueRequired":true,"valueName":"search_term_string"}}],"inLanguage":"en-US"}]}},"_links":{"self":[{"href":"https:\/\/www.top10casinowebsites.net\/de\/wp-json\/wp\/v2\/pages\/1760","targetHints":{"allow":["GET"]}}],"collection":[{"href":"https:\/\/www.top10casinowebsites.net\/de\/wp-json\/wp\/v2\/pages"}],"about":[{"href":"https:\/\/www.top10casinowebsites.net\/de\/wp-json\/wp\/v2\/types\/page"}],"author":[{"embeddable":true,"href":"https:\/\/www.top10casinowebsites.net\/de\/wp-json\/wp\/v2\/users\/4"}],"replies":[{"embeddable":true,"href":"https:\/\/www.top10casinowebsites.net\/de\/wp-json\/wp\/v2\/comments?post=1760"}],"version-history":[{"count":2,"href":"https:\/\/www.top10casinowebsites.net\/de\/wp-json\/wp\/v2\/pages\/1760\/revisions"}],"predecessor-version":[{"id":2088,"href":"https:\/\/www.top10casinowebsites.net\/de\/wp-json\/wp\/v2\/pages\/1760\/revisions\/2088"}],"up":[{"embeddable":true,"href":"https:\/\/www.top10casinowebsites.net\/de\/wp-json\/wp\/v2\/pages\/141"}],"wp:attachment":[{"href":"https:\/\/www.top10casinowebsites.net\/de\/wp-json\/wp\/v2\/media?parent=1760"}],"curies":[{"name":"wp","href":"https:\/\/api.w.org\/{rel}","templated":true}]}}