{"id":1763,"date":"2017-01-30T14:08:51","date_gmt":"2017-01-30T14:08:51","guid":{"rendered":"https:\/\/www.top10casinowebsites.net\/?page_id=1763"},"modified":"2017-10-06T16:06:22","modified_gmt":"2017-10-06T16:06:22","slug":"roulette","status":"publish","type":"page","link":"https:\/\/www.top10casinowebsites.net\/de\/live-dealer\/roulette","title":{"rendered":"Live-Dealer Roulette \u2013 Spielen Sie Live-Dealer Roulette online"},"content":{"rendered":"<p><img decoding=\"async\" class=\"alignright size-full wp-image-1764\" src=\"https:\/\/www.top10casinowebsites.net\/wp-content\/uploads\/2017\/01\/live-roulette.jpg\" alt=\"\" width=\"300\" \/><a href=\"\/es\/ruleta\"><\/a>Es gibt keine bessere M\u00f6glichkeit als das Spiel in seiner Grundform in einem Live-Dealer Casino zu erleben.<\/p>\n<p>Top 10 Casino Websites bietet Ihnen die besten landesspezifischen Live-Dealer Roulettes, die sie direkt von Ihrem Desktop aus genie\u00dfen k\u00f6nnen.<\/p>\n<p>Wir liefern Ihnen das Beste der Livestreaming-Technologie, von top Software bis zu Live-Gaming-Anbieter, direkt in Ihre Fingerspitzen<\/p>\n<div class=\"grid-contents\" id=\"grid-contents\"><table class=\"cas_table\" ><tbody><tr class=\"rank-1\">\n                                <td class=\"ranking\">1<\/td>\n                                <td class=\"brandcol\">\n                                    <a href=https:\/\/www.top10casinowebsites.net\/de\/review\/888-casino class=\"brand brand-bg\"><img loading=\"lazy\" decoding=\"async\" class=\"group list-group-image\" src=\"https:\/\/static.top10casinowebsites.net\/images\/casino-rooms\/888-casino-logo.png\" width=\"200\" height=\"128\"\/><\/a>\n                                <\/td>\n                                <td class=\"bonus\" data-title=\"Bonus\">\n\t\t\t\t\t               <p class=\"bonus-text\"><strong>$888<\/strong>Welcome Bonus <br>(<a href=\"https:\/\/www.top10casinowebsites.net\/de\/review\/888-casino\">T&Cs apply, 18+<\/a>)<\/p>\n\t\t\t\t                <\/td>\n\t\t\t\t\t            <td class=\"badge_game\" data-title=\"Rating\">\n                                    <div class=\"rating\"><strong>5<\/strong>\/5<\/div>\n                                    <div class=\"rating stars\" style=\"margin-top: 5px;\"><span class=\"icon icon-stars\"><span class=\"icon-stars green\" style=\"width: 100%;\"><\/span><\/span><\/div>\n\t\t\t\t\t            <\/td>\n                               \n                                <td class=\"play\">\n\t\t\t\t\t               <a class=\"button-gold\" rel=\"nofollow\" href=\"https:\/\/www.top10casinowebsites.net\/de\/review\/888-casino\">Visit<\/a>\n\t                               <div class=\"\">\n\t\t\t\t\t                   <a class=\"review-snippet-link-play-now-col\" href=\"https:\/\/www.top10casinowebsites.net\/de\/review\/888-casino\">Read Review<\/a>\n\t\t\t\t\t               <\/div>\n\t\t\t\t\t           <\/td>\n     \t\t\t\t        <\/tr><\/tbody><\/table><\/div>\n<p>Was Sie erhalten, wenn Sie in einem Casino spielen, das hier aufgef\u00fchrt ist:<\/p>\n<ul>\n<li>Ein Casino mit erstklassigem Live-Dealer Roulette<\/li>\n<li>Nahtlose Videos im Echtzeit-Format<\/li>\n<li>Einige gro\u00dfe Boni, angef\u00fcgt an Live Roulette-Spiele<\/li>\n<li>Sichere Banking-Optionen f\u00fcr Echtgeld-Roulette<\/li>\n<li>Europ\u00e4isches Roulette und amerikanische Roulette-Spiele<\/li>\n<\/ul>\n<p>Also, wenn Sie bereit sind, das \u00e4lteste Casinospiel in einer realen Umgebung zu genie\u00dfen und zwar direkt von zu Hause aus, dann lassen Sie sich von uns zu den Hotspots f\u00fchren.<\/p>\n<h2>Warum Live-Dealer Roulette spielen?<\/h2>\n<p><img loading=\"lazy\" decoding=\"async\" class=\"alignleft size-full\" src=\"https:\/\/static.top10casinowebsites.net\/images\/icons\/help-and-tips.png\" alt=\"\" width=\"128\" height=\"128\" \/>Zuerst m\u00f6chten ihnen unsere Experten mitteilen, was Sie in einem Live Roulette Casino erwartet und was die charakteristischen Vorteile sind.<\/p>\n<ul>\n<li>Genie\u00dfen sie Live Videostreaming von den Spieleanbieter Studios oder Casino auf Ihren Desktop oder Ihr Smartphone<\/li>\n<li>Spiele werden von professionellen und geschulten Croupiers durchgef\u00fchrt<\/li>\n<li>Abwechslungsreiche Wettgrenzen mit mehreren Chip-Optionen<\/li>\n<li>Roulette Tabellen passen in jede Tasche<\/li>\n<li>Hervorragende Plattform f\u00fcr hohe Rollen<\/li>\n<li>Spielen an mehreren Tischen<\/li>\n<li>Verdienen Sie extra Treuepunkte f\u00fcr das Spielen von Live-Dealer Roulette in einigen Casinos<\/li>\n<li>Spiele sind f\u00fcr Fair Play zertifiziert<\/li>\n<li>Interagieren mit H\u00e4ndlern und anderen Akteuren<\/li>\n<li>Einsicht aller Wetten in der Sitzung<\/li>\n<li>Die Bio des H\u00e4ndlers \u00fcberpr\u00fcfen<\/li>\n<li>Statistiken, wie die neuesten Zahlen, gerade\/ungerade Prozents\u00e4tze, hei\u00dfe und kalte Zahlen und mehr anzeigen<\/li>\n<li>Viele Wettoptionen, einschlie\u00dflich Platzierungen mehrerer Wetten.<\/li>\n<li>Roulette in einem langsamen Tempo genie\u00dfen<\/li>\n<\/ul>\n<p><strong>Livedealer.org<\/strong><\/p>\n<p><center><iframe loading=\"lazy\" width=\"560\" height=\"315\" src=\"https:\/\/www.youtube.com\/embed\/nJTsnHu3mxU\" frameborder=\"0\" allowfullscreen><\/iframe><\/center><\/p>\n<h2>Wie Live-Dealer Roulette zu spielen ist<\/h2>\n<p><img loading=\"lazy\" decoding=\"async\" class=\"alignleft size-full\" src=\"https:\/\/static.top10casinowebsites.net\/images\/icons\/help-and-tips.png\" alt=\"\" width=\"128\" height=\"128\" \/>Live-Dealer Roulette wird genauso wie ein l\u00e4nderspezifisches Casino und in der gleichen Einstellung gespielt.<\/p>\n<p>Sie haben einen echten H\u00e4ndler und ein echtes Roulette-Rad, dies bringt Sie so nah wie m\u00f6glich in ein echtes Casino und das ganz bequem von zu Hause aus.<\/p>\n<ul>\n<li>Um mit dem Spielen beginnen zu k\u00f6nnen, m\u00fcssen Sie in Ihr Casino Konto einzahlen und dann in den Live-Casino-Bereich wechseln.<\/li>\n<li>W\u00e4hlen Sie eine Roulette-Variante, die Sie spielen m\u00f6chten. Die meisten Casinos bieten\u00a0Europ\u00e4isches Roulette, amerikanisches Roulette, franz\u00f6sisches Roulette und Roulette Royale\u00a0ist oft auf der Speisekarte.<\/li>\n<li>Einfach einen Tisch mit einem Anteil w\u00e4hlen, der zu ihrem Konto passt und Sie sind bereit zu spielen.<\/li>\n<li>Das Casino- oder Studiostreaming wird das Spiel auf dem Bildschirm in Echtzeit laden. Mit einem einfachen Mausklick k\u00f6nnen Sie direkt mit dem H\u00e4ndler Wetten platzieren k\u00f6nnen.<\/li>\n<li>Sie w\u00e4hlen eine Vielzahl von Wettm\u00f6glichkeiten, gerade Wetten, geteilte Wetten, Stra\u00dfenwetten, Linienwetten, Eckwetten, Spaltenwetten, rote\/schwarze, gerade\/ungerade, niedrige\/hohe Wetten und viele mehr.<\/li>\n<li>Nachdem alle Wetten platziert sind, l\u00e4sst der Croupier die Kugel in den Roulettekessel fallen. Alles was Sie brauchen ist zu warten bis das Rad stoppt und der Ball in einer Tasche landet. Wenn Sie richtig vorhersagen, werden Sie ihre Wette in ihrem Casinokonto erhalten.<\/li>\n<\/ul>\n<h2>Live Dealer Roulette FAQs<\/h2>\n<div class=\"accordion\"><div class=\"accordion-box\"><a href=\"#\">1. Welche Wahl habe ich in Live Dealer Roulette?<\/a><\/div><div class=\"accordion_text\"><\/p>\n<p>Casinos, die auf unserer Website aufgef\u00fchrt sind, bieten verschiedene Roulette Varianten im Live-Dealer Format an. Die G\u00e4ngigsten sind das europ\u00e4ische und amerikanische Roulette. Franz\u00f6sisches Roulette ist auch eine der Varianten, der Sie h\u00e4ufig beim Roulette Royale begegnen werden, das bei manchen Live-Dealer Casinos zur Verf\u00fcgung steht.<\/div><\/div>\n<div class=\"accordion\"><div class=\"accordion-box\"><a href=\"#\">2. Ist es sicher, Live-Dealer Roulette zu spielen?<\/a><\/div><div class=\"accordion_text\"><\/p>\n<p>Es ist sicher, solange Sie\u00a0ein renommiertes und lizensiertes Casino w\u00e4hlen, welche Sie hier auf unserer Seite finden k\u00f6nnen. Einer der Vorteile ist, dass Sie das eigentlichen Roulette Rad in Bewegung sehen und Wetten in Anwesenheit eines echten Dealers platzieren, was es einfach macht, das Spiel jederzeit zu \u00fcberwachen.<\/div><\/div>\n<div class=\"accordion\"><div class=\"accordion-box\"><a href=\"#\">3. Was sind die Vorteile im Live Roulette?<\/a><\/div><div class=\"accordion_text\"><\/p>\n<p>Die Vorteile sind die gleichen wie im Online Roulette. Auszahlungen sind identisch, unabh\u00e4ngig davon, ob sie auf Rot\/Schwarz, Gerade\/Ungerade, Spalten oder Ecken setzen. Denken Sie daran, Live-Dealer Roulette hat die doppelte Null, die wir Ihnen empfehlen nur zu empfehlen, wenn Sie mit dem europ\u00e4ischen Roulette und seiner einzelnen Null vertraut sind.<\/div><\/div>\n<div class=\"accordion\"><div class=\"accordion-box\"><a href=\"#\">4. Kann ich Live Roulette genauso regelm\u00e4\u00dfig wie die Online Version spielen?<\/a><\/div><div class=\"accordion_text\"><\/p>\n<p>Leider sind Live-Dealer Spiele nur f\u00fcr eine Echtgeld-Umgebung verf\u00fcgbar. Jedoch bieten ihnen einige Casinos ein Gef\u00fchl f\u00fcr das Casino, bevor Sie um echtes Geld wetten.<\/div><\/div>\n<div class=\"accordion\"><div class=\"accordion-box\"><a href=\"#\">5. Kann ich Live Roulette auf einem mobilen Ger\u00e4t abspielen?<\/a><\/div><div class=\"accordion_text\"><\/p>\n<p>Einige Live-Dealer Casinos haben ihre Live Roulette-Spiele f\u00fcr Smartphones und Tablets optimiert. Vielleicht m\u00f6chten Sie die Mitarbeiter des Kundendienstes fragen, ob es diese M\u00f6glichkeit gibt.<\/div><\/div>\n<div class=\"accordion\"><div class=\"accordion-box\"><a href=\"#\">6. Muss ich eine bestimmte Internetverbindung haben, um Live Roulette zu spielen?<\/a><\/div><div class=\"accordion_text\"><\/p>\n<p>Alles, was Sie brauchen, ist eine recht schnelle Bandbreite oder\u00a0eine <a href=\"https:\/\/en.wikipedia.org\/wiki\/3G\">3G<\/a>\u00a0oder 4G-Verbindung (mobiles Datenvolumen) um nahtlose Spiel- und Videostreaming Qualit\u00e4t zu genie\u00dfen.<\/div><\/div>\n<div class=\"accordion\"><div class=\"accordion-box\"><a href=\"#\">7. Wie werden Gewinne ausgezahlt?<\/a><\/div><div class=\"accordion_text\"><\/p>\n<p>In dem Moment, in dem Sie eine Live Roulette-Spiel gewinnen, wir der Gewinn auf Ihr Casino Konto \u00fcbertragen.<\/div><\/div>\n<div class=\"accordion\"><div class=\"accordion-box\"><a href=\"#\">8. Stehen Live Roulette-Spiele rund um die Uhr zur Verf\u00fcgung?<\/a><\/div><div class=\"accordion_text\"><\/p>\n<p>Es h\u00e4ngt alles von dem Casino Ihrer Wahl ab. Allerdings sind die meisten Casinos zeitlich eingeschr\u00e4nkt, da die gesamte Einrichtung Menschen einbezieht.<\/div><\/div>\n<div class=\"accordion\"><div class=\"accordion-box\"><a href=\"#\">9. Kann ich eine Roulette-Strategie nutzen?<\/a><\/div><div class=\"accordion_text\"><\/p>\n<p>Wenn Sie mit den Regeln und den feineren Aspekten des Spiels vertraut sind, k\u00f6nnen Sie eine Strategie entwickeln. Inverkehrbringen von \u00e4u\u00dferen Wetten, wie rot\/schwarz oder ungerade\/gerade, ist ein guter Anfang, wenn sie ein Neuling sind. Unsere Experten warnen, dass es keine zeitlich getestete Strategie gibt, also ignorieren Sie jeden der behauptet, eine bew\u00e4hrte Strategie zu haben. Es geht nur darum, ein intelligenter Spieler zu werden. Roulette ist letztendlich ein Gl\u00fccksspiel.<\/div><\/div>\n","protected":false},"excerpt":{"rendered":"<p>Es gibt keine bessere M\u00f6glichkeit als das Spiel in seiner Grundform in einem Live-Dealer Casino zu erleben. Top 10 Casino Websites bietet Ihnen die besten landesspezifischen Live-Dealer Roulettes, die sie direkt von Ihrem Desktop aus genie\u00dfen k\u00f6nnen. Wir liefern Ihnen das Beste der Livestreaming-Technologie, von top Software bis zu Live-Gaming-Anbieter, direkt in Ihre Fingerspitzen Was [&hellip;]<\/p>\n","protected":false},"author":4,"featured_media":0,"parent":141,"menu_order":0,"comment_status":"closed","ping_status":"closed","template":"","meta":{"_acf_changed":false,"footnotes":""},"class_list":["post-1763","page","type-page","status-publish","hentry"],"acf":[],"yoast_head":"<!-- This site is optimized with the Yoast SEO plugin v27.4 - https:\/\/yoast.com\/product\/yoast-seo-wordpress\/ -->\n<title>Live-Dealer Roulette \u2013 Spielen Sie Live-Dealer Roulette online<\/title>\n<meta name=\"description\" content=\"Die besten Live-Dealer Roulette Kasinos finden Sie unter Top 10 Casino Websites. Spielen Sie Live-Dealer Roulette mit niedrigen und hohen Stangen und einem echten Live-Croupier\" \/>\n<meta name=\"robots\" content=\"noindex, follow, max-snippet:-1, max-image-preview:large, max-video-preview:-1\" \/>\n<meta property=\"og:locale\" content=\"en_US\" \/>\n<meta property=\"og:type\" content=\"article\" \/>\n<meta property=\"og:title\" content=\"Live-Dealer Roulette \u2013 Spielen Sie Live-Dealer Roulette online\" \/>\n<meta property=\"og:description\" content=\"Die besten Live-Dealer Roulette Kasinos finden Sie unter Top 10 Casino Websites. Spielen Sie Live-Dealer Roulette mit niedrigen und hohen Stangen und einem echten Live-Croupier\" \/>\n<meta property=\"og:url\" content=\"https:\/\/www.top10casinowebsites.net\/de\/live-dealer\/roulette\" \/>\n<meta property=\"og:site_name\" content=\"DE\" \/>\n<meta property=\"article:modified_time\" content=\"2017-10-06T16:06:22+00:00\" \/>\n<meta name=\"twitter:card\" content=\"summary_large_image\" \/>\n<meta name=\"twitter:label1\" content=\"Est. reading time\" \/>\n\t<meta name=\"twitter:data1\" content=\"5 minutes\" \/>\n<script type=\"application\/ld+json\" class=\"yoast-schema-graph\">{\"@context\":\"https:\\\/\\\/schema.org\",\"@graph\":[{\"@type\":\"WebPage\",\"@id\":\"https:\\\/\\\/www.top10casinowebsites.net\\\/de\\\/live-dealer\\\/roulette\",\"url\":\"https:\\\/\\\/www.top10casinowebsites.net\\\/de\\\/live-dealer\\\/roulette\",\"name\":\"Live-Dealer Roulette \u2013 Spielen Sie Live-Dealer Roulette online\",\"isPartOf\":{\"@id\":\"https:\\\/\\\/www.top10casinowebsites.net\\\/de\\\/#website\"},\"primaryImageOfPage\":{\"@id\":\"https:\\\/\\\/www.top10casinowebsites.net\\\/de\\\/live-dealer\\\/roulette#primaryimage\"},\"image\":{\"@id\":\"https:\\\/\\\/www.top10casinowebsites.net\\\/de\\\/live-dealer\\\/roulette#primaryimage\"},\"thumbnailUrl\":\"https:\\\/\\\/www.top10casinowebsites.net\\\/wp-content\\\/uploads\\\/2017\\\/01\\\/live-roulette.jpg\",\"datePublished\":\"2017-01-30T14:08:51+00:00\",\"dateModified\":\"2017-10-06T16:06:22+00:00\",\"description\":\"Die besten Live-Dealer Roulette Kasinos finden Sie unter Top 10 Casino Websites. Spielen Sie Live-Dealer Roulette mit niedrigen und hohen Stangen und einem echten Live-Croupier\",\"breadcrumb\":{\"@id\":\"https:\\\/\\\/www.top10casinowebsites.net\\\/de\\\/live-dealer\\\/roulette#breadcrumb\"},\"inLanguage\":\"en-US\",\"potentialAction\":[{\"@type\":\"ReadAction\",\"target\":[\"https:\\\/\\\/www.top10casinowebsites.net\\\/de\\\/live-dealer\\\/roulette\"]}]},{\"@type\":\"ImageObject\",\"inLanguage\":\"en-US\",\"@id\":\"https:\\\/\\\/www.top10casinowebsites.net\\\/de\\\/live-dealer\\\/roulette#primaryimage\",\"url\":\"https:\\\/\\\/www.top10casinowebsites.net\\\/wp-content\\\/uploads\\\/2017\\\/01\\\/live-roulette.jpg\",\"contentUrl\":\"https:\\\/\\\/www.top10casinowebsites.net\\\/wp-content\\\/uploads\\\/2017\\\/01\\\/live-roulette.jpg\"},{\"@type\":\"BreadcrumbList\",\"@id\":\"https:\\\/\\\/www.top10casinowebsites.net\\\/de\\\/live-dealer\\\/roulette#breadcrumb\",\"itemListElement\":[{\"@type\":\"ListItem\",\"position\":1,\"name\":\"Home\",\"item\":\"https:\\\/\\\/www.top10casinowebsites.net\\\/de\\\/\"},{\"@type\":\"ListItem\",\"position\":2,\"name\":\"Live Casinos &#8211; Live Online Casinos mit Live Dealer\",\"item\":\"https:\\\/\\\/www.top10casinowebsites.net\\\/de\\\/live-dealer\"},{\"@type\":\"ListItem\",\"position\":3,\"name\":\"Live-Dealer Roulette \u2013 Spielen Sie Live-Dealer Roulette online\"}]},{\"@type\":\"WebSite\",\"@id\":\"https:\\\/\\\/www.top10casinowebsites.net\\\/de\\\/#website\",\"url\":\"https:\\\/\\\/www.top10casinowebsites.net\\\/de\\\/\",\"name\":\"DE\",\"description\":\"\",\"potentialAction\":[{\"@type\":\"SearchAction\",\"target\":{\"@type\":\"EntryPoint\",\"urlTemplate\":\"https:\\\/\\\/www.top10casinowebsites.net\\\/de\\\/?s={search_term_string}\"},\"query-input\":{\"@type\":\"PropertyValueSpecification\",\"valueRequired\":true,\"valueName\":\"search_term_string\"}}],\"inLanguage\":\"en-US\"}]}<\/script>\n<!-- \/ Yoast SEO plugin. -->","yoast_head_json":{"title":"Live-Dealer Roulette \u2013 Spielen Sie Live-Dealer Roulette online","description":"Die besten Live-Dealer Roulette Kasinos finden Sie unter Top 10 Casino Websites. Spielen Sie Live-Dealer Roulette mit niedrigen und hohen Stangen und einem echten Live-Croupier","robots":{"index":"noindex","follow":"follow","max-snippet":"max-snippet:-1","max-image-preview":"max-image-preview:large","max-video-preview":"max-video-preview:-1"},"og_locale":"en_US","og_type":"article","og_title":"Live-Dealer Roulette \u2013 Spielen Sie Live-Dealer Roulette online","og_description":"Die besten Live-Dealer Roulette Kasinos finden Sie unter Top 10 Casino Websites. Spielen Sie Live-Dealer Roulette mit niedrigen und hohen Stangen und einem echten Live-Croupier","og_url":"https:\/\/www.top10casinowebsites.net\/de\/live-dealer\/roulette","og_site_name":"DE","article_modified_time":"2017-10-06T16:06:22+00:00","twitter_card":"summary_large_image","twitter_misc":{"Est. reading time":"5 minutes"},"schema":{"@context":"https:\/\/schema.org","@graph":[{"@type":"WebPage","@id":"https:\/\/www.top10casinowebsites.net\/de\/live-dealer\/roulette","url":"https:\/\/www.top10casinowebsites.net\/de\/live-dealer\/roulette","name":"Live-Dealer Roulette \u2013 Spielen Sie Live-Dealer Roulette online","isPartOf":{"@id":"https:\/\/www.top10casinowebsites.net\/de\/#website"},"primaryImageOfPage":{"@id":"https:\/\/www.top10casinowebsites.net\/de\/live-dealer\/roulette#primaryimage"},"image":{"@id":"https:\/\/www.top10casinowebsites.net\/de\/live-dealer\/roulette#primaryimage"},"thumbnailUrl":"https:\/\/www.top10casinowebsites.net\/wp-content\/uploads\/2017\/01\/live-roulette.jpg","datePublished":"2017-01-30T14:08:51+00:00","dateModified":"2017-10-06T16:06:22+00:00","description":"Die besten Live-Dealer Roulette Kasinos finden Sie unter Top 10 Casino Websites. Spielen Sie Live-Dealer Roulette mit niedrigen und hohen Stangen und einem echten Live-Croupier","breadcrumb":{"@id":"https:\/\/www.top10casinowebsites.net\/de\/live-dealer\/roulette#breadcrumb"},"inLanguage":"en-US","potentialAction":[{"@type":"ReadAction","target":["https:\/\/www.top10casinowebsites.net\/de\/live-dealer\/roulette"]}]},{"@type":"ImageObject","inLanguage":"en-US","@id":"https:\/\/www.top10casinowebsites.net\/de\/live-dealer\/roulette#primaryimage","url":"https:\/\/www.top10casinowebsites.net\/wp-content\/uploads\/2017\/01\/live-roulette.jpg","contentUrl":"https:\/\/www.top10casinowebsites.net\/wp-content\/uploads\/2017\/01\/live-roulette.jpg"},{"@type":"BreadcrumbList","@id":"https:\/\/www.top10casinowebsites.net\/de\/live-dealer\/roulette#breadcrumb","itemListElement":[{"@type":"ListItem","position":1,"name":"Home","item":"https:\/\/www.top10casinowebsites.net\/de\/"},{"@type":"ListItem","position":2,"name":"Live Casinos &#8211; Live Online Casinos mit Live Dealer","item":"https:\/\/www.top10casinowebsites.net\/de\/live-dealer"},{"@type":"ListItem","position":3,"name":"Live-Dealer Roulette \u2013 Spielen Sie Live-Dealer Roulette online"}]},{"@type":"WebSite","@id":"https:\/\/www.top10casinowebsites.net\/de\/#website","url":"https:\/\/www.top10casinowebsites.net\/de\/","name":"DE","description":"","potentialAction":[{"@type":"SearchAction","target":{"@type":"EntryPoint","urlTemplate":"https:\/\/www.top10casinowebsites.net\/de\/?s={search_term_string}"},"query-input":{"@type":"PropertyValueSpecification","valueRequired":true,"valueName":"search_term_string"}}],"inLanguage":"en-US"}]}},"_links":{"self":[{"href":"https:\/\/www.top10casinowebsites.net\/de\/wp-json\/wp\/v2\/pages\/1763","targetHints":{"allow":["GET"]}}],"collection":[{"href":"https:\/\/www.top10casinowebsites.net\/de\/wp-json\/wp\/v2\/pages"}],"about":[{"href":"https:\/\/www.top10casinowebsites.net\/de\/wp-json\/wp\/v2\/types\/page"}],"author":[{"embeddable":true,"href":"https:\/\/www.top10casinowebsites.net\/de\/wp-json\/wp\/v2\/users\/4"}],"replies":[{"embeddable":true,"href":"https:\/\/www.top10casinowebsites.net\/de\/wp-json\/wp\/v2\/comments?post=1763"}],"version-history":[{"count":2,"href":"https:\/\/www.top10casinowebsites.net\/de\/wp-json\/wp\/v2\/pages\/1763\/revisions"}],"predecessor-version":[{"id":2091,"href":"https:\/\/www.top10casinowebsites.net\/de\/wp-json\/wp\/v2\/pages\/1763\/revisions\/2091"}],"up":[{"embeddable":true,"href":"https:\/\/www.top10casinowebsites.net\/de\/wp-json\/wp\/v2\/pages\/141"}],"wp:attachment":[{"href":"https:\/\/www.top10casinowebsites.net\/de\/wp-json\/wp\/v2\/media?parent=1763"}],"curies":[{"name":"wp","href":"https:\/\/api.w.org\/{rel}","templated":true}]}}