{"id":1766,"date":"2017-01-30T15:18:06","date_gmt":"2017-01-30T15:18:06","guid":{"rendered":"https:\/\/www.top10casinowebsites.net\/?page_id=1766"},"modified":"2017-10-06T16:17:31","modified_gmt":"2017-10-06T16:17:31","slug":"anzahlungsmethoden","status":"publish","type":"page","link":"https:\/\/www.top10casinowebsites.net\/de\/anzahlungsmethoden","title":{"rendered":"Anzahlungsmethoden &#8211; eine komplette Anleitung f\u00fcr Casino-Anzahlungsmethoden"},"content":{"rendered":"<p><img decoding=\"async\" class=\"alignleft size-full wp-image-156\" src=\"https:\/\/www.top10casinowebsites.net\/wp-content\/uploads\/2016\/01\/deposit-options.jpg\" alt=\"Deposit Options\" width=\"300\" \/>Heutzutage gibt es eine gro\u00dfe Menge an verschiedenen Zahlungsmethoden in den Onlinecasinos.<\/p>\n<p>Die Anzahl der Zahlungsmethoden hat in den letzten Jahren stetig zugenommen und Onlinecasinos haben immer das Ziel, einen bequemen und problemlosen Service, durch die Erf\u00fcllung der Bed\u00fcrfnisse und W\u00fcnsche aller Spieler zur Verf\u00fcgung zu stellen, sowie die Anpassung an eine sich st\u00e4ndig ver\u00e4ndernde Welt.<\/p>\n<p>Durch Zahlungsmethoden, die h\u00e4ufig hinzugef\u00fcgt werden, ist es wichtig, auf dem neuesten Stand mit all den verschiedenen Methoden zu bleiben, damit Sie wissen, was Ihre M\u00f6glichkeiten sind und eine Zahlungsmethode w\u00e4hlen, die Ihren Anforderungen und Spilstil am besten entspricht.<\/p>\n<div class=\"grid-contents\" id=\"grid-contents\"><table class=\"cas_table\" ><tbody><tr class=\"rank-1\">\n                                <td class=\"ranking\">1<\/td>\n                                <td class=\"brandcol\">\n                                    <a href=https:\/\/www.top10casinowebsites.net\/de\/review\/888-casino class=\"brand brand-bg\"><img loading=\"lazy\" decoding=\"async\" class=\"group list-group-image\" src=\"https:\/\/static.top10casinowebsites.net\/images\/casino-rooms\/888-casino-logo.png\" width=\"200\" height=\"128\"\/><\/a>\n                                <\/td>\n                                <td class=\"bonus\" data-title=\"Bonus\">\n\t\t\t\t\t               <p class=\"bonus-text\"><strong>$888<\/strong>Welcome Bonus <br>(<a href=\"https:\/\/www.top10casinowebsites.net\/de\/review\/888-casino\">T&Cs apply, 18+<\/a>)<\/p>\n\t\t\t\t                <\/td>\n\t\t\t\t\t            <td class=\"badge_game\" data-title=\"Rating\">\n                                    <div class=\"rating\"><strong>5<\/strong>\/5<\/div>\n                                    <div class=\"rating stars\" style=\"margin-top: 5px;\"><span class=\"icon icon-stars\"><span class=\"icon-stars green\" style=\"width: 100%;\"><\/span><\/span><\/div>\n\t\t\t\t\t            <\/td>\n                               \n                                <td class=\"play\">\n\t\t\t\t\t               <a class=\"button-gold\" rel=\"nofollow\" href=\"https:\/\/www.top10casinowebsites.net\/de\/review\/888-casino\">Visit<\/a>\n\t                               <div class=\"\">\n\t\t\t\t\t                   <a class=\"review-snippet-link-play-now-col\" href=\"https:\/\/www.top10casinowebsites.net\/de\/review\/888-casino\">Read Review<\/a>\n\t\t\t\t\t               <\/div>\n\t\t\t\t\t           <\/td>\n     \t\t\t\t        <\/tr><\/tbody><\/table><\/div>\n<p>In diesem Artikel konzentrieren wir uns auf einige der M\u00f6glichkeiten, die beste Zahlungsmethode zu w\u00e4hlen, die Ihren Anforderungen entspricht, sowie wichtige Faktoren, die Sie ber\u00fccksichtigen sollten, bevor Sie sich f\u00fcr die beste Zahlungsmethode entscheiden. Au\u00dferdem werden wir einige der am h\u00e4ufigsten gestellten Fragen, die sie m\u00f6glicherweise bez\u00fcglich der Onlinecasino Zahlungsmethoden haben, beantworten.<\/p>\n<h2>W\u00e4hlen der richtigen Onlinecasino Einzahlungsoption<\/h2>\n<p><img loading=\"lazy\" decoding=\"async\" class=\"alignleft size-full\" src=\"https:\/\/static.top10casinowebsites.net\/images\/icons\/help-and-tips.png\" alt=\"\" width=\"128\" height=\"128\" \/>Viele von uns m\u00f6gen keine Ver\u00e4nderung und wenn wir etwas finden, das funktioniert, halten wir daran fest. Viele Onlinecasino-Spieler haben eine bevorzugte Zahlungsmethode, die f\u00fcr sie viele Jahre funktioniert hat und die sie nicht ver\u00e4ndern m\u00f6chten.<\/p>\n<p>Sogar mit dem Hinzuf\u00fcgen neuer Zahlungsmethoden, halten viele Spieler an ihren vertrauten Methoden fest. Dies tun nicht nur Spieler, die eine riesige Auswahl an Zahlungsmethoden haben, Sie haben auch eine gro\u00dfe Auswahl an Onlinecasinos, aus denen sie w\u00e4hlen k\u00f6nnen.<\/p>\n<p>Viele Onlinecasinos bieten die gleichen Zahlungsarten, aber andere sind in ihrer Auswahl begrenzt. Wenn Sie bereits wissen, welche Zahlungsart Sie nutzen m\u00f6chten, wird empfohlen, sicherzustellen, dass das Onlinecasino Ihrer Wahl die Zahlungsmethode zur Verf\u00fcgung stellt, die Sie verwenden m\u00f6chten.<\/p>\n<p>Es ist sehr frustrierend und zeitraubend, wenn Sie sich bei einem Onlinecasino anmelden, nur um festzustellen, dass es nicht Ihre bevorzugte Zahlungsmethode anbietet. Dies wird schlussendlich dazu f\u00fchren, dass sie denselben Prozess in einem anderen Onlinecasino durchf\u00fchren m\u00fcssen.<\/p>\n<h2>Seri\u00f6se Zahlungsmethoden<\/h2>\n<p><img loading=\"lazy\" decoding=\"async\" class=\"alignleft size-full\" src=\"https:\/\/static.top10casinowebsites.net\/images\/icons\/help-and-tips.png\" alt=\"\" width=\"128\" height=\"128\" \/>Es ist \u00e4u\u00dferst wichtig, dass Sie nur eine seri\u00f6se und vertrauensw\u00fcrdige Zahlungsmethode ausw\u00e4hlen.<\/p>\n<p>Die Sicherheit Ihrer Gelder und Ihres Kontos ist von h\u00f6chster Bedeutung und es wird dringend empfohlen, eine Zahlungsmethode, die bew\u00e4hrt, sicher und zuverl\u00e4ssig ist, zu benutzen.<\/p>\n<p>Mit all den neuen und verschiedenen Zahlungsmethoden, die Ihnen zur Verf\u00fcgung stehen, wird empfohlen, sich vorerst zu erkundigen, wenn Sie eine neue Methode ausprobieren m\u00f6chten.<\/p>\n<p>Es wird nicht empfohlen, eine Zahlungsmethode, von der Sie nichts wissen, besonders, wenn es eine neue Methode ist, die nicht von anderen Spielern als sicher und zuverl\u00e4ssig zertifiziert ist, zu w\u00e4hlen. Es gibt eine Liste der Zahlungsmethoden, die sicher sind und erfolgreich von vielen anderen Spielern auf der ganzen Welt eingesetzt werden. Dies sind die Zahlungsmethoden, bei denen Sie bleiben sollten.<\/p>\n<h2>Kaution Option Beschr\u00e4nkungen<\/h2>\n<p><img loading=\"lazy\" decoding=\"async\" class=\"alignleft size-full\" src=\"https:\/\/static.top10casinowebsites.net\/images\/icons\/help-and-tips.png\" alt=\"\" width=\"128\" height=\"128\" \/>Einige Zahlungsarten, die in den Onlinecasinos zur Verf\u00fcgung stehen, unterliegen bestimmten Beschr\u00e4nkungen. Somit ist es in Ihrem eigenen Interesse, sich \u00fcber diese Einschr\u00e4nkungen zu informieren, so dass keine Fragen zu einem sp\u00e4teren Zeitpunkt entstehen.<\/p>\n<p>Einige Zahlungsarten haben eine begrenzte Anzahl von W\u00e4hrungen, die Sie akzeptieren. Daher ist es wichtig sicherzustellen, dass die Zahlungsmethode Ihrer Wahl, Ihre nationale W\u00e4hrung akzeptiert.<\/p>\n<p>Wenn Sie eine Zahlungsmethode nutzen wollen, die ihre W\u00e4hrung nicht akzeptiert, wird die Umwandlung in eine andere W\u00e4hrung bestimmten Geb\u00fchren zu Grunde liegen.<\/p>\n<p>Dies ist ein sehr unn\u00f6tiger und kostspieliger Prozess f\u00fcr die meisten Spieler, da sie einfach nur eine Zahlungsmethode ausw\u00e4hlen m\u00fcssen, die zu ihrer W\u00e4hrung passt. Bestimmten Zahlungsmethoden k\u00f6nnen auch geographische Beschr\u00e4nkungen zugeordnet werden. Dies bedeutet, dass diese Methoden nur Zahlungen aus bestimmten L\u00e4ndern oder Standorten \u00fcbernehmen.<\/p>\n<p>Andere Einschr\u00e4nkungen k\u00f6nnen Einzahlungen und Grenzen beinhalten, sowie die Geb\u00fchren, die mit jeder einzelnen Zahlungsmethode verkn\u00fcpft sind. Am besten ist es sicherzustellen, dass die Zahlungsmethode Ihrer Wahl es Ihnen erm\u00f6glicht, den Betrag anzuzahlen, den sie m\u00f6chten, sowie darauf zu achten, dass Sie in der Lage, den Mindestbetrag anzuzahlen. Es ist auch wichtig, herauszufinden, welche Geb\u00fchren mit jeder Methode verbunden sind. Denn jede Zahlungsmethode hat ihre ganz eigenen zus\u00e4tzlichen Geb\u00fchren.<\/p>\n<h2>Kaution Option schnelle Transaktionen<\/h2>\n<p><img loading=\"lazy\" decoding=\"async\" class=\"alignleft size-full\" src=\"https:\/\/static.top10casinowebsites.net\/images\/icons\/help-and-tips.png\" alt=\"\" width=\"128\" height=\"128\" \/>Ein wichtiger Faktor f\u00fcr alle Onlinecasino-Spieler ist die Geschwindigkeit.<\/p>\n<p>Es gibt nichts frustrierenderes, als den Wunsch, ihr Lieblingsspiel zu starten, aber noch auf die Anzahlung warten zu m\u00fcssen.<\/p>\n<p>Dies kann durch Recherche und das w\u00e4hlen einer Zahlungsmethode, die bewiesenerma\u00dfen schnell und sicher ist, vermieden werden.<\/p>\n<h2>Anzahlung Online Optionen FAQ<\/h2>\n<div class=\"accordion\"><div class=\"accordion-box\"><a href=\"#\">1. Muss ich ein Konto registrieren, um Geld einzuzahlen und in einem Onlinecasino zu spielen?<\/a><\/div><div class=\"accordion_text\"><\/p>\n<p>Ja, um mit echtem Geld zu spielen, m\u00fcssen Sie ein Konto in dem Onlinecasino Ihrer Wahl registrieren. Sie k\u00f6nnen Demo-Spiele ohne Er\u00f6ffnung eines Kundenkontos spielen, aber Sie werden nicht in der Lage sein Geld zu gewinnen.<\/div><\/div>\n<div class=\"accordion\"><div class=\"accordion-box\"><a href=\"#\">2. Wie kann ich meine Daten sichern?<\/a><\/div><div class=\"accordion_text\"><\/p>\n<p>Onlinecasinos m\u00fcssen eine Sicherheit bieten, um zu best\u00e4tigen, dass Ihre Daten sicher und gesch\u00fctzt sind. Die meisten Onlinecasinos verwenden\u00a0<a href=\"https:\/\/www.digicert.com\/ssl.htm\">Secure Socket Layer (SSL)<\/a>, was eine Schutzform durch Verschl\u00fcsselung bietet. Es ist wichtig, dass nur in Online Casinos spielen, die eine Form des Schutzes anbieten. Andernfalls werden ihre Informationen in die falschen H\u00e4nde geraten.<\/div><\/div>\n<div class=\"accordion\"><div class=\"accordion-box\"><a href=\"#\">3. Wie lange muss ich warten, bis meine Zahlungen verarbeitet werden?<\/a><\/div><div class=\"accordion_text\"><\/p>\n<p>Dies variiert je nach Zahlungsart. Jedoch werden Einlagen in der Regel sofort ohne Wartezeit bearbeitet. Auszahlungen werden oft auch sofort verarbeitet, unterliegen aber einer Wartezeit, abh\u00e4ngig der Zahlungsmethode. Zum Beispiel kann ein Onlinecasino die R\u00fccknahme einer \u00dcberweisung sofort verarbeiten, die Bank braucht aber meist ein paar Tage.<br \/>\n<\/div><\/div>\n","protected":false},"excerpt":{"rendered":"<p>Heutzutage gibt es eine gro\u00dfe Menge an verschiedenen Zahlungsmethoden in den Onlinecasinos. Die Anzahl der Zahlungsmethoden hat in den letzten Jahren stetig zugenommen und Onlinecasinos haben immer das Ziel, einen bequemen und problemlosen Service, durch die Erf\u00fcllung der Bed\u00fcrfnisse und W\u00fcnsche aller Spieler zur Verf\u00fcgung zu stellen, sowie die Anpassung an eine sich st\u00e4ndig ver\u00e4ndernde [&hellip;]<\/p>\n","protected":false},"author":4,"featured_media":0,"parent":0,"menu_order":0,"comment_status":"closed","ping_status":"closed","template":"","meta":{"_acf_changed":false,"footnotes":""},"class_list":["post-1766","page","type-page","status-publish","hentry"],"acf":[],"yoast_head":"<!-- This site is optimized with the Yoast SEO plugin v27.4 - https:\/\/yoast.com\/product\/yoast-seo-wordpress\/ -->\n<title>Anzahlungsmethoden - eine komplette Anleitung f\u00fcr Casino-Anzahlungsmethoden<\/title>\n<meta name=\"description\" content=\"Zahlungsmethoden an den Onlinecasinos - Erhalten Sie exklusive Tipps und Informationen, die Ihnen helfen, die beste Auswahl zu treffen - FAQ-Abschnitt enthalten!\" \/>\n<meta name=\"robots\" content=\"noindex, follow, max-snippet:-1, max-image-preview:large, max-video-preview:-1\" \/>\n<meta property=\"og:locale\" content=\"en_US\" \/>\n<meta property=\"og:type\" content=\"article\" \/>\n<meta property=\"og:title\" content=\"Anzahlungsmethoden - eine komplette Anleitung f\u00fcr Casino-Anzahlungsmethoden\" \/>\n<meta property=\"og:description\" content=\"Zahlungsmethoden an den Onlinecasinos - Erhalten Sie exklusive Tipps und Informationen, die Ihnen helfen, die beste Auswahl zu treffen - FAQ-Abschnitt enthalten!\" \/>\n<meta property=\"og:url\" content=\"https:\/\/www.top10casinowebsites.net\/de\/anzahlungsmethoden\" \/>\n<meta property=\"og:site_name\" content=\"DE\" \/>\n<meta property=\"article:modified_time\" content=\"2017-10-06T16:17:31+00:00\" \/>\n<meta name=\"twitter:card\" content=\"summary_large_image\" \/>\n<meta name=\"twitter:label1\" content=\"Est. reading time\" \/>\n\t<meta name=\"twitter:data1\" content=\"5 minutes\" \/>\n<script type=\"application\/ld+json\" class=\"yoast-schema-graph\">{\"@context\":\"https:\\\/\\\/schema.org\",\"@graph\":[{\"@type\":\"WebPage\",\"@id\":\"https:\\\/\\\/www.top10casinowebsites.net\\\/de\\\/anzahlungsmethoden\",\"url\":\"https:\\\/\\\/www.top10casinowebsites.net\\\/de\\\/anzahlungsmethoden\",\"name\":\"Anzahlungsmethoden - eine komplette Anleitung f\u00fcr Casino-Anzahlungsmethoden\",\"isPartOf\":{\"@id\":\"https:\\\/\\\/www.top10casinowebsites.net\\\/de\\\/#website\"},\"primaryImageOfPage\":{\"@id\":\"https:\\\/\\\/www.top10casinowebsites.net\\\/de\\\/anzahlungsmethoden#primaryimage\"},\"image\":{\"@id\":\"https:\\\/\\\/www.top10casinowebsites.net\\\/de\\\/anzahlungsmethoden#primaryimage\"},\"thumbnailUrl\":\"https:\\\/\\\/www.top10casinowebsites.net\\\/wp-content\\\/uploads\\\/2016\\\/01\\\/deposit-options.jpg\",\"datePublished\":\"2017-01-30T15:18:06+00:00\",\"dateModified\":\"2017-10-06T16:17:31+00:00\",\"description\":\"Zahlungsmethoden an den Onlinecasinos - Erhalten Sie exklusive Tipps und Informationen, die Ihnen helfen, die beste Auswahl zu treffen - FAQ-Abschnitt enthalten!\",\"breadcrumb\":{\"@id\":\"https:\\\/\\\/www.top10casinowebsites.net\\\/de\\\/anzahlungsmethoden#breadcrumb\"},\"inLanguage\":\"en-US\",\"potentialAction\":[{\"@type\":\"ReadAction\",\"target\":[\"https:\\\/\\\/www.top10casinowebsites.net\\\/de\\\/anzahlungsmethoden\"]}]},{\"@type\":\"ImageObject\",\"inLanguage\":\"en-US\",\"@id\":\"https:\\\/\\\/www.top10casinowebsites.net\\\/de\\\/anzahlungsmethoden#primaryimage\",\"url\":\"https:\\\/\\\/www.top10casinowebsites.net\\\/wp-content\\\/uploads\\\/2016\\\/01\\\/deposit-options.jpg\",\"contentUrl\":\"https:\\\/\\\/www.top10casinowebsites.net\\\/wp-content\\\/uploads\\\/2016\\\/01\\\/deposit-options.jpg\"},{\"@type\":\"BreadcrumbList\",\"@id\":\"https:\\\/\\\/www.top10casinowebsites.net\\\/de\\\/anzahlungsmethoden#breadcrumb\",\"itemListElement\":[{\"@type\":\"ListItem\",\"position\":1,\"name\":\"Home\",\"item\":\"https:\\\/\\\/www.top10casinowebsites.net\\\/de\\\/\"},{\"@type\":\"ListItem\",\"position\":2,\"name\":\"Anzahlungsmethoden &#8211; eine komplette Anleitung f\u00fcr Casino-Anzahlungsmethoden\"}]},{\"@type\":\"WebSite\",\"@id\":\"https:\\\/\\\/www.top10casinowebsites.net\\\/de\\\/#website\",\"url\":\"https:\\\/\\\/www.top10casinowebsites.net\\\/de\\\/\",\"name\":\"DE\",\"description\":\"\",\"potentialAction\":[{\"@type\":\"SearchAction\",\"target\":{\"@type\":\"EntryPoint\",\"urlTemplate\":\"https:\\\/\\\/www.top10casinowebsites.net\\\/de\\\/?s={search_term_string}\"},\"query-input\":{\"@type\":\"PropertyValueSpecification\",\"valueRequired\":true,\"valueName\":\"search_term_string\"}}],\"inLanguage\":\"en-US\"}]}<\/script>\n<!-- \/ Yoast SEO plugin. -->","yoast_head_json":{"title":"Anzahlungsmethoden - eine komplette Anleitung f\u00fcr Casino-Anzahlungsmethoden","description":"Zahlungsmethoden an den Onlinecasinos - Erhalten Sie exklusive Tipps und Informationen, die Ihnen helfen, die beste Auswahl zu treffen - FAQ-Abschnitt enthalten!","robots":{"index":"noindex","follow":"follow","max-snippet":"max-snippet:-1","max-image-preview":"max-image-preview:large","max-video-preview":"max-video-preview:-1"},"og_locale":"en_US","og_type":"article","og_title":"Anzahlungsmethoden - eine komplette Anleitung f\u00fcr Casino-Anzahlungsmethoden","og_description":"Zahlungsmethoden an den Onlinecasinos - Erhalten Sie exklusive Tipps und Informationen, die Ihnen helfen, die beste Auswahl zu treffen - FAQ-Abschnitt enthalten!","og_url":"https:\/\/www.top10casinowebsites.net\/de\/anzahlungsmethoden","og_site_name":"DE","article_modified_time":"2017-10-06T16:17:31+00:00","twitter_card":"summary_large_image","twitter_misc":{"Est. reading time":"5 minutes"},"schema":{"@context":"https:\/\/schema.org","@graph":[{"@type":"WebPage","@id":"https:\/\/www.top10casinowebsites.net\/de\/anzahlungsmethoden","url":"https:\/\/www.top10casinowebsites.net\/de\/anzahlungsmethoden","name":"Anzahlungsmethoden - eine komplette Anleitung f\u00fcr Casino-Anzahlungsmethoden","isPartOf":{"@id":"https:\/\/www.top10casinowebsites.net\/de\/#website"},"primaryImageOfPage":{"@id":"https:\/\/www.top10casinowebsites.net\/de\/anzahlungsmethoden#primaryimage"},"image":{"@id":"https:\/\/www.top10casinowebsites.net\/de\/anzahlungsmethoden#primaryimage"},"thumbnailUrl":"https:\/\/www.top10casinowebsites.net\/wp-content\/uploads\/2016\/01\/deposit-options.jpg","datePublished":"2017-01-30T15:18:06+00:00","dateModified":"2017-10-06T16:17:31+00:00","description":"Zahlungsmethoden an den Onlinecasinos - Erhalten Sie exklusive Tipps und Informationen, die Ihnen helfen, die beste Auswahl zu treffen - FAQ-Abschnitt enthalten!","breadcrumb":{"@id":"https:\/\/www.top10casinowebsites.net\/de\/anzahlungsmethoden#breadcrumb"},"inLanguage":"en-US","potentialAction":[{"@type":"ReadAction","target":["https:\/\/www.top10casinowebsites.net\/de\/anzahlungsmethoden"]}]},{"@type":"ImageObject","inLanguage":"en-US","@id":"https:\/\/www.top10casinowebsites.net\/de\/anzahlungsmethoden#primaryimage","url":"https:\/\/www.top10casinowebsites.net\/wp-content\/uploads\/2016\/01\/deposit-options.jpg","contentUrl":"https:\/\/www.top10casinowebsites.net\/wp-content\/uploads\/2016\/01\/deposit-options.jpg"},{"@type":"BreadcrumbList","@id":"https:\/\/www.top10casinowebsites.net\/de\/anzahlungsmethoden#breadcrumb","itemListElement":[{"@type":"ListItem","position":1,"name":"Home","item":"https:\/\/www.top10casinowebsites.net\/de\/"},{"@type":"ListItem","position":2,"name":"Anzahlungsmethoden &#8211; eine komplette Anleitung f\u00fcr Casino-Anzahlungsmethoden"}]},{"@type":"WebSite","@id":"https:\/\/www.top10casinowebsites.net\/de\/#website","url":"https:\/\/www.top10casinowebsites.net\/de\/","name":"DE","description":"","potentialAction":[{"@type":"SearchAction","target":{"@type":"EntryPoint","urlTemplate":"https:\/\/www.top10casinowebsites.net\/de\/?s={search_term_string}"},"query-input":{"@type":"PropertyValueSpecification","valueRequired":true,"valueName":"search_term_string"}}],"inLanguage":"en-US"}]}},"_links":{"self":[{"href":"https:\/\/www.top10casinowebsites.net\/de\/wp-json\/wp\/v2\/pages\/1766","targetHints":{"allow":["GET"]}}],"collection":[{"href":"https:\/\/www.top10casinowebsites.net\/de\/wp-json\/wp\/v2\/pages"}],"about":[{"href":"https:\/\/www.top10casinowebsites.net\/de\/wp-json\/wp\/v2\/types\/page"}],"author":[{"embeddable":true,"href":"https:\/\/www.top10casinowebsites.net\/de\/wp-json\/wp\/v2\/users\/4"}],"replies":[{"embeddable":true,"href":"https:\/\/www.top10casinowebsites.net\/de\/wp-json\/wp\/v2\/comments?post=1766"}],"version-history":[{"count":2,"href":"https:\/\/www.top10casinowebsites.net\/de\/wp-json\/wp\/v2\/pages\/1766\/revisions"}],"predecessor-version":[{"id":2100,"href":"https:\/\/www.top10casinowebsites.net\/de\/wp-json\/wp\/v2\/pages\/1766\/revisions\/2100"}],"wp:attachment":[{"href":"https:\/\/www.top10casinowebsites.net\/de\/wp-json\/wp\/v2\/media?parent=1766"}],"curies":[{"name":"wp","href":"https:\/\/api.w.org\/{rel}","templated":true}]}}