{"id":1774,"date":"2017-01-30T17:19:50","date_gmt":"2017-01-30T17:19:50","guid":{"rendered":"https:\/\/www.top10casinowebsites.net\/?page_id=1774"},"modified":"2017-10-12T17:02:19","modified_gmt":"2017-10-12T17:02:19","slug":"bitcoin","status":"publish","type":"page","link":"https:\/\/www.top10casinowebsites.net\/de\/anzahlungsmethoden\/bitcoin","title":{"rendered":"Bitcoin-Casinos &#8211; Onlinecasinos akzeptieren Bitcoins"},"content":{"rendered":"<p><img decoding=\"async\" class=\"alignright size-full wp-image-1775\" src=\"https:\/\/www.top10casinowebsites.net\/wp-content\/uploads\/2017\/01\/bitcoin.jpg\" alt=\"Deposit using Bitcoins\" width=\"300\" \/><a href=\"https:\/\/bitcoin.org\/de\/\">Bitcoin<\/a> ist weltweit die popul\u00e4rste Form der Kryptow\u00e4hrung. Kryptow\u00e4hrung ist eine Art von digitaler W\u00e4hrung, die es Ihnen erlaubt, sicher und anonym Ihre Geldbetr\u00e4ge online zu \u00fcberweisen.<\/p>\n<p>Die Bitcoin-W\u00e4hrung ist immer beliebter geworden, seitdem sie in die Welt eingef\u00fchrt wurde Viele Onlinecasino-Spieler haben die Bitcoin-W\u00e4hrung als Ihre bevorzugte Zahlungsmethode ausgew\u00e4hlt.<\/p>\n<p>Die Bitcoin-W\u00e4hrung ist eine so beliebte Zahlungsmethode bei Online Casinos geworden, dass einige Onlinecasinos nur die Bitcoin-Zahlungsmethode und keine anderen Optionen bieten.<\/p>\n<p>Diese besonderen Onlinecasinos sind als <em>Bitcoin-Casinos<\/em> bekannt und werden gerne von vielen Spielern genutzt.<\/p>\n<div class=\"grid-contents\" id=\"grid-contents\"><table class=\"cas_table\" ><tbody><tr class=\"rank-1\">\n                                <td class=\"ranking\">1<\/td>\n                                <td class=\"brandcol\">\n                                    <a href=https:\/\/www.top10casinowebsites.net\/de\/review\/888-casino class=\"brand brand-bg\"><img loading=\"lazy\" decoding=\"async\" class=\"group list-group-image\" src=\"https:\/\/static.top10casinowebsites.net\/images\/casino-rooms\/888-casino-logo.png\" width=\"200\" height=\"128\"\/><\/a>\n                                <\/td>\n                                <td class=\"bonus\" data-title=\"Bonus\">\n\t\t\t\t\t               <p class=\"bonus-text\"><strong>$888<\/strong>Welcome Bonus <br>(<a href=\"https:\/\/www.top10casinowebsites.net\/de\/review\/888-casino\">T&Cs apply, 18+<\/a>)<\/p>\n\t\t\t\t                <\/td>\n\t\t\t\t\t            <td class=\"badge_game\" data-title=\"Rating\">\n                                    <div class=\"rating\"><strong>5<\/strong>\/5<\/div>\n                                    <div class=\"rating stars\" style=\"margin-top: 5px;\"><span class=\"icon icon-stars\"><span class=\"icon-stars green\" style=\"width: 100%;\"><\/span><\/span><\/div>\n\t\t\t\t\t            <\/td>\n                               \n                                <td class=\"play\">\n\t\t\t\t\t               <a class=\"button-gold\" rel=\"nofollow\" href=\"https:\/\/www.top10casinowebsites.net\/de\/review\/888-casino\">Visit<\/a>\n\t                               <div class=\"\">\n\t\t\t\t\t                   <a class=\"review-snippet-link-play-now-col\" href=\"https:\/\/www.top10casinowebsites.net\/de\/review\/888-casino\">Read Review<\/a>\n\t\t\t\t\t               <\/div>\n\t\t\t\t\t           <\/td>\n     \t\t\t\t        <\/tr><\/tbody><\/table><\/div>\n<p>Die Bitcoin-W\u00e4hrung war eine Notwendigkeit, um eine Zahlungsmethode, die v\u00f6llig anonym war und die keiner Beh\u00f6rde, Regierung, Banken oder Dritten Partei gleich welcher Art angeh\u00f6rt, zu erstellen. Dies ist einer der Gr\u00fcnde, warum Bitcoin eine beliebte Zahlungsmethode unter Online-Spielern ist, da viele Banking Systeme Transaktionen zwischen dem Spieler und dem Onlinecasino \u00fcberwachen.<\/p>\n<p><strong>WeUseCoins<\/strong><\/p>\n<p><center><iframe loading=\"lazy\" src=\"https:\/\/www.youtube.com\/embed\/Gc2en3nHxA4\" width=\"560\" height=\"315\" frameborder=\"0\" allowfullscreen=\"allowfullscreen\"><\/iframe><\/center>Dies kann dazu f\u00fchren, dass Ihr Konto gesperrt oder es zu Beschr\u00e4nkungen, auf die Betr\u00e4ge, die sie einzahlen und abheben, kommt. Dies kann zu Komplikationen, wie auch Entt\u00e4uschungen und Verz\u00f6gerungen in Ihrem Casinospiel f\u00fchren und durch die Verwendung von Bitcoin als Zahlungsmethode k\u00f6nnen all diese Probleme ganz einfach vermieden werden. Bitcoin-Transaktionen sind sicher und es gibt keine zus\u00e4tzlichen Geb\u00fchren, die mit anderen Zahlungsmethoden an Dritte zu leisten sind.<\/p>\n<h2>Wie funktioniert die Bitcoin-W\u00e4hrung-Zahlungsmethode?<\/h2>\n<p>Um Bitcoin Einzahlungen oder Auszahlungen in einem Online Casino zu t\u00e4tigen, m\u00fcssen Sie als erstes eine Bitcoin-Geldb\u00f6rse erstellen und diese mit Bitcoins f\u00fcllen.<\/p>\n<p>Um dies zu tun, navigieren Sie zur Bitcoin-Website und er\u00f6ffnen Sie ein Konto und erstellen eine Geldb\u00f6rse. Sie haben die Wahl: Entweder eine Cloud-Geldb\u00f6rse, Software-Geldb\u00f6rse oder Hardware-Geldb\u00f6rse. Cloud-Geldb\u00f6rsen sind die einfachste Art der Geldb\u00f6rsen und wenn Sie diese Option ausw\u00e4hlen, wird Ihre Bitcoin-Geldb\u00f6rse auf einem Server gespeichert. Mit der Software-Geldb\u00f6rse k\u00f6nnen Sie ihre Bitcoin- Geldb\u00f6rse auf Ihrem eigenen Computer speichern und die Hardware- Geldb\u00f6rse wird ihre Bitcoin- Geldb\u00f6rse auf einem externen Ger\u00e4t, wie einem USB-Stick speichern. Der einzige Weg, um auf ihre Bitcoin- Geldb\u00f6rse zuzugreifen ist durch Anschlie\u00dfen des USB-Sticks.<\/p>\n<p>Sobald Sie Ihre Brieftasche erstellt haben, m\u00fcssen Sie Ihre Geldb\u00f6rse mit Bitcoins f\u00fcllen. Um dies zu tun, ben\u00f6tigen Sie einen Anbieter, um ihr Geld in Bitcoins zu tauschen, von denen es viele zu finden gibt. Sie k\u00f6nnen Bitcoins \u00fcber viele der g\u00e4ngigen Zahlungsarten wie \u00dcberweisungen oder Kredit- und EC-Karten kaufen. Sie k\u00f6nnen auch Bitcoins erwerben, indem Sie Ihren n\u00e4chstgelegene Bitcoin-Geldautomat nutzen. Sobald Sie die Bitcoins erworben haben, werden diese sofort in Ihre Geldb\u00f6rse \u00fcbertragen werden.<\/p>\n<p>Um Ein- oder Auszahlungen mit Bitcoins in einem Onlinecasino t\u00e4tigen zu k\u00f6nnen, ben\u00f6tigen Sie eine Bitcoin-Adresse f\u00fcr das Casino. Navigieren Sie zu Ihrer Bitcoin- Geldb\u00f6rse und f\u00fcgen sie die Bitcoin-Adresse des Casinos sowie den Betrag, den Sie einzahlen m\u00f6chten hinzu. Die Zahlung wird sofort in Ihrem Onlinecasino-Konto widergespiegelt.<\/p>\n<p>Um Abhebungen mit Bitcoin zu t\u00e4tigen, w\u00e4hlen Sie eine Abhebung mit Bitcoin und geben Sie ihre Bitcoin- Geldb\u00f6rsen-Adresse ein, sowie die Menge, die Sie abheben m\u00f6chten. Bitcoin ist sehr schnell mit den Zahlungen und Ihre Abhebung wird sofort verarbeitet werden.<\/p>\n<h2>Was sind die Vorteile der Verwendung des Bitcoin Zahlungsmittel?<\/h2>\n<p>Es gibt viele Vorteile f\u00fcr die Verwendung von Bitcoin als Zahlungsmethode f\u00fcr Onlinecasinos, was an der Anzahl der vielen Nutzer offensichtlich ist. Bitcoin-Transaktionen sind v\u00f6llig sicher, sowie sehr schnell und effizient. Der wesentliche Vorteil der Verwendung von Bitcoins ist die Tatsache, dass kein Dritter an der Transaktion beteiligt ist, was sonst f\u00fcr viel \u00c4rger und zus\u00e4tzliche Geb\u00fchren sorgt.<\/p>\n","protected":false},"excerpt":{"rendered":"<p>Bitcoin ist weltweit die popul\u00e4rste Form der Kryptow\u00e4hrung. Kryptow\u00e4hrung ist eine Art von digitaler W\u00e4hrung, die es Ihnen erlaubt, sicher und anonym Ihre Geldbetr\u00e4ge online zu \u00fcberweisen. Die Bitcoin-W\u00e4hrung ist immer beliebter geworden, seitdem sie in die Welt eingef\u00fchrt wurde Viele Onlinecasino-Spieler haben die Bitcoin-W\u00e4hrung als Ihre bevorzugte Zahlungsmethode ausgew\u00e4hlt. Die Bitcoin-W\u00e4hrung ist eine so [&hellip;]<\/p>\n","protected":false},"author":4,"featured_media":0,"parent":1766,"menu_order":0,"comment_status":"closed","ping_status":"closed","template":"","meta":{"_acf_changed":false,"footnotes":""},"class_list":["post-1774","page","type-page","status-publish","hentry"],"acf":[],"yoast_head":"<!-- This site is optimized with the Yoast SEO plugin v27.4 - https:\/\/yoast.com\/product\/yoast-seo-wordpress\/ -->\n<title>Bitcoin-Casinos - Onlinecasinos akzeptieren Bitcoins<\/title>\n<meta name=\"description\" content=\"Die Bitcoin-Onlinecasino-Zahlungsmethode erkl\u00e4rt - Finden Sie heraus, wie es funktioniert und was die Vorteile dieser Methode sind.\" \/>\n<meta name=\"robots\" content=\"noindex, follow, max-snippet:-1, max-image-preview:large, max-video-preview:-1\" \/>\n<meta property=\"og:locale\" content=\"en_US\" \/>\n<meta property=\"og:type\" content=\"article\" \/>\n<meta property=\"og:title\" content=\"Bitcoin-Casinos - Onlinecasinos akzeptieren Bitcoins\" \/>\n<meta property=\"og:description\" content=\"Die Bitcoin-Onlinecasino-Zahlungsmethode erkl\u00e4rt - Finden Sie heraus, wie es funktioniert und was die Vorteile dieser Methode sind.\" \/>\n<meta property=\"og:url\" content=\"https:\/\/www.top10casinowebsites.net\/de\/anzahlungsmethoden\/bitcoin\" \/>\n<meta property=\"og:site_name\" content=\"DE\" \/>\n<meta property=\"article:modified_time\" content=\"2017-10-12T17:02:19+00:00\" \/>\n<meta name=\"twitter:card\" content=\"summary_large_image\" \/>\n<meta name=\"twitter:label1\" content=\"Est. reading time\" \/>\n\t<meta name=\"twitter:data1\" content=\"3 minutes\" \/>\n<script type=\"application\/ld+json\" class=\"yoast-schema-graph\">{\"@context\":\"https:\\\/\\\/schema.org\",\"@graph\":[{\"@type\":\"WebPage\",\"@id\":\"https:\\\/\\\/www.top10casinowebsites.net\\\/de\\\/anzahlungsmethoden\\\/bitcoin\",\"url\":\"https:\\\/\\\/www.top10casinowebsites.net\\\/de\\\/anzahlungsmethoden\\\/bitcoin\",\"name\":\"Bitcoin-Casinos - Onlinecasinos akzeptieren Bitcoins\",\"isPartOf\":{\"@id\":\"https:\\\/\\\/www.top10casinowebsites.net\\\/de\\\/#website\"},\"primaryImageOfPage\":{\"@id\":\"https:\\\/\\\/www.top10casinowebsites.net\\\/de\\\/anzahlungsmethoden\\\/bitcoin#primaryimage\"},\"image\":{\"@id\":\"https:\\\/\\\/www.top10casinowebsites.net\\\/de\\\/anzahlungsmethoden\\\/bitcoin#primaryimage\"},\"thumbnailUrl\":\"https:\\\/\\\/www.top10casinowebsites.net\\\/wp-content\\\/uploads\\\/2017\\\/01\\\/bitcoin.jpg\",\"datePublished\":\"2017-01-30T17:19:50+00:00\",\"dateModified\":\"2017-10-12T17:02:19+00:00\",\"description\":\"Die Bitcoin-Onlinecasino-Zahlungsmethode erkl\u00e4rt - Finden Sie heraus, wie es funktioniert und was die Vorteile dieser Methode sind.\",\"breadcrumb\":{\"@id\":\"https:\\\/\\\/www.top10casinowebsites.net\\\/de\\\/anzahlungsmethoden\\\/bitcoin#breadcrumb\"},\"inLanguage\":\"en-US\",\"potentialAction\":[{\"@type\":\"ReadAction\",\"target\":[\"https:\\\/\\\/www.top10casinowebsites.net\\\/de\\\/anzahlungsmethoden\\\/bitcoin\"]}]},{\"@type\":\"ImageObject\",\"inLanguage\":\"en-US\",\"@id\":\"https:\\\/\\\/www.top10casinowebsites.net\\\/de\\\/anzahlungsmethoden\\\/bitcoin#primaryimage\",\"url\":\"https:\\\/\\\/www.top10casinowebsites.net\\\/wp-content\\\/uploads\\\/2017\\\/01\\\/bitcoin.jpg\",\"contentUrl\":\"https:\\\/\\\/www.top10casinowebsites.net\\\/wp-content\\\/uploads\\\/2017\\\/01\\\/bitcoin.jpg\"},{\"@type\":\"BreadcrumbList\",\"@id\":\"https:\\\/\\\/www.top10casinowebsites.net\\\/de\\\/anzahlungsmethoden\\\/bitcoin#breadcrumb\",\"itemListElement\":[{\"@type\":\"ListItem\",\"position\":1,\"name\":\"Home\",\"item\":\"https:\\\/\\\/www.top10casinowebsites.net\\\/de\\\/\"},{\"@type\":\"ListItem\",\"position\":2,\"name\":\"Anzahlungsmethoden &#8211; eine komplette Anleitung f\u00fcr Casino-Anzahlungsmethoden\",\"item\":\"https:\\\/\\\/www.top10casinowebsites.net\\\/de\\\/anzahlungsmethoden\"},{\"@type\":\"ListItem\",\"position\":3,\"name\":\"Bitcoin-Casinos &#8211; Onlinecasinos akzeptieren Bitcoins\"}]},{\"@type\":\"WebSite\",\"@id\":\"https:\\\/\\\/www.top10casinowebsites.net\\\/de\\\/#website\",\"url\":\"https:\\\/\\\/www.top10casinowebsites.net\\\/de\\\/\",\"name\":\"DE\",\"description\":\"\",\"potentialAction\":[{\"@type\":\"SearchAction\",\"target\":{\"@type\":\"EntryPoint\",\"urlTemplate\":\"https:\\\/\\\/www.top10casinowebsites.net\\\/de\\\/?s={search_term_string}\"},\"query-input\":{\"@type\":\"PropertyValueSpecification\",\"valueRequired\":true,\"valueName\":\"search_term_string\"}}],\"inLanguage\":\"en-US\"}]}<\/script>\n<!-- \/ Yoast SEO plugin. -->","yoast_head_json":{"title":"Bitcoin-Casinos - Onlinecasinos akzeptieren Bitcoins","description":"Die Bitcoin-Onlinecasino-Zahlungsmethode erkl\u00e4rt - Finden Sie heraus, wie es funktioniert und was die Vorteile dieser Methode sind.","robots":{"index":"noindex","follow":"follow","max-snippet":"max-snippet:-1","max-image-preview":"max-image-preview:large","max-video-preview":"max-video-preview:-1"},"og_locale":"en_US","og_type":"article","og_title":"Bitcoin-Casinos - Onlinecasinos akzeptieren Bitcoins","og_description":"Die Bitcoin-Onlinecasino-Zahlungsmethode erkl\u00e4rt - Finden Sie heraus, wie es funktioniert und was die Vorteile dieser Methode sind.","og_url":"https:\/\/www.top10casinowebsites.net\/de\/anzahlungsmethoden\/bitcoin","og_site_name":"DE","article_modified_time":"2017-10-12T17:02:19+00:00","twitter_card":"summary_large_image","twitter_misc":{"Est. reading time":"3 minutes"},"schema":{"@context":"https:\/\/schema.org","@graph":[{"@type":"WebPage","@id":"https:\/\/www.top10casinowebsites.net\/de\/anzahlungsmethoden\/bitcoin","url":"https:\/\/www.top10casinowebsites.net\/de\/anzahlungsmethoden\/bitcoin","name":"Bitcoin-Casinos - Onlinecasinos akzeptieren Bitcoins","isPartOf":{"@id":"https:\/\/www.top10casinowebsites.net\/de\/#website"},"primaryImageOfPage":{"@id":"https:\/\/www.top10casinowebsites.net\/de\/anzahlungsmethoden\/bitcoin#primaryimage"},"image":{"@id":"https:\/\/www.top10casinowebsites.net\/de\/anzahlungsmethoden\/bitcoin#primaryimage"},"thumbnailUrl":"https:\/\/www.top10casinowebsites.net\/wp-content\/uploads\/2017\/01\/bitcoin.jpg","datePublished":"2017-01-30T17:19:50+00:00","dateModified":"2017-10-12T17:02:19+00:00","description":"Die Bitcoin-Onlinecasino-Zahlungsmethode erkl\u00e4rt - Finden Sie heraus, wie es funktioniert und was die Vorteile dieser Methode sind.","breadcrumb":{"@id":"https:\/\/www.top10casinowebsites.net\/de\/anzahlungsmethoden\/bitcoin#breadcrumb"},"inLanguage":"en-US","potentialAction":[{"@type":"ReadAction","target":["https:\/\/www.top10casinowebsites.net\/de\/anzahlungsmethoden\/bitcoin"]}]},{"@type":"ImageObject","inLanguage":"en-US","@id":"https:\/\/www.top10casinowebsites.net\/de\/anzahlungsmethoden\/bitcoin#primaryimage","url":"https:\/\/www.top10casinowebsites.net\/wp-content\/uploads\/2017\/01\/bitcoin.jpg","contentUrl":"https:\/\/www.top10casinowebsites.net\/wp-content\/uploads\/2017\/01\/bitcoin.jpg"},{"@type":"BreadcrumbList","@id":"https:\/\/www.top10casinowebsites.net\/de\/anzahlungsmethoden\/bitcoin#breadcrumb","itemListElement":[{"@type":"ListItem","position":1,"name":"Home","item":"https:\/\/www.top10casinowebsites.net\/de\/"},{"@type":"ListItem","position":2,"name":"Anzahlungsmethoden &#8211; eine komplette Anleitung f\u00fcr Casino-Anzahlungsmethoden","item":"https:\/\/www.top10casinowebsites.net\/de\/anzahlungsmethoden"},{"@type":"ListItem","position":3,"name":"Bitcoin-Casinos &#8211; Onlinecasinos akzeptieren Bitcoins"}]},{"@type":"WebSite","@id":"https:\/\/www.top10casinowebsites.net\/de\/#website","url":"https:\/\/www.top10casinowebsites.net\/de\/","name":"DE","description":"","potentialAction":[{"@type":"SearchAction","target":{"@type":"EntryPoint","urlTemplate":"https:\/\/www.top10casinowebsites.net\/de\/?s={search_term_string}"},"query-input":{"@type":"PropertyValueSpecification","valueRequired":true,"valueName":"search_term_string"}}],"inLanguage":"en-US"}]}},"_links":{"self":[{"href":"https:\/\/www.top10casinowebsites.net\/de\/wp-json\/wp\/v2\/pages\/1774","targetHints":{"allow":["GET"]}}],"collection":[{"href":"https:\/\/www.top10casinowebsites.net\/de\/wp-json\/wp\/v2\/pages"}],"about":[{"href":"https:\/\/www.top10casinowebsites.net\/de\/wp-json\/wp\/v2\/types\/page"}],"author":[{"embeddable":true,"href":"https:\/\/www.top10casinowebsites.net\/de\/wp-json\/wp\/v2\/users\/4"}],"replies":[{"embeddable":true,"href":"https:\/\/www.top10casinowebsites.net\/de\/wp-json\/wp\/v2\/comments?post=1774"}],"version-history":[{"count":2,"href":"https:\/\/www.top10casinowebsites.net\/de\/wp-json\/wp\/v2\/pages\/1774\/revisions"}],"predecessor-version":[{"id":2101,"href":"https:\/\/www.top10casinowebsites.net\/de\/wp-json\/wp\/v2\/pages\/1774\/revisions\/2101"}],"up":[{"embeddable":true,"href":"https:\/\/www.top10casinowebsites.net\/de\/wp-json\/wp\/v2\/pages\/1766"}],"wp:attachment":[{"href":"https:\/\/www.top10casinowebsites.net\/de\/wp-json\/wp\/v2\/media?parent=1774"}],"curies":[{"name":"wp","href":"https:\/\/api.w.org\/{rel}","templated":true}]}}