{"id":1778,"date":"2017-01-31T09:15:34","date_gmt":"2017-01-31T09:15:34","guid":{"rendered":"https:\/\/www.top10casinowebsites.net\/?page_id=1778"},"modified":"2017-10-06T17:05:19","modified_gmt":"2017-10-06T17:05:19","slug":"kreditkarten","status":"publish","type":"page","link":"https:\/\/www.top10casinowebsites.net\/de\/anzahlungsmethoden\/kreditkarten","title":{"rendered":"Kreditkarten-Casinos &#8211; Onlinecasinos akzeptieren Kreditkarten"},"content":{"rendered":"<p><img decoding=\"async\" class=\"alignright size-full wp-image-156\" src=\"https:\/\/www.top10casinowebsites.net\/wp-content\/uploads\/2016\/01\/deposit-options.jpg\" alt=\"Einzahlung mit Kreditkarten\" width=\"300\" \/>Kreditkarten\u00a0sind wahrscheinlich die am weitesten akzeptierte Zahlungsmethode in den Onlinecasinos rund um die Welt.<\/p>\n<p>Die meisten, wenn nicht alle, Online Casinos\u00a0akzeptieren <a href=\"https:\/\/de.wikipedia.org\/wiki\/Kreditkarte\">Einzahlungen und Abhebungen mit Kreditkarte<\/a>. Kreditkarten haben viele strenge Vorschriften und eine vertrauensw\u00fcrdige und sichere Form der Online-Zahlungen beim Spielen in einem Onlinecasino.<\/p>\n<p>Da es viele verschiedene Arten von Kreditkarten gibt, wird es empfohlen sicherzustellen, dass die Onlinecasinos Ihrer Wahl Ihren Kreditkartenanbieter akzeptiert.<\/p>\n<p>Ein wichtiger Faktor bei der Verwendung von Kreditkarten, wenn Sie Zahlungen mit ihrem Casino-Konto t\u00e4tigen wollen, ist darauf zu achten, dass Ihre Bank <a href=\"https:\/\/www.top10casinowebsites.net\/de\/casinos\">Transaktionen von und zu ihrem Onlinecasino erlaubt<\/a>.<\/p>\n<div class=\"grid-contents\" id=\"grid-contents\"><table class=\"cas_table\" ><tbody><tr class=\"rank-1\">\n                                <td class=\"ranking\">1<\/td>\n                                <td class=\"brandcol\">\n                                    <a href=https:\/\/www.top10casinowebsites.net\/de\/review\/888-casino class=\"brand brand-bg\"><img loading=\"lazy\" decoding=\"async\" class=\"group list-group-image\" src=\"https:\/\/static.top10casinowebsites.net\/images\/casino-rooms\/888-casino-logo.png\" width=\"200\" height=\"128\"\/><\/a>\n                                <\/td>\n                                <td class=\"bonus\" data-title=\"Bonus\">\n\t\t\t\t\t               <p class=\"bonus-text\"><strong>$888<\/strong>Welcome Bonus <br>(<a href=\"https:\/\/www.top10casinowebsites.net\/de\/review\/888-casino\">T&Cs apply, 18+<\/a>)<\/p>\n\t\t\t\t                <\/td>\n\t\t\t\t\t            <td class=\"badge_game\" data-title=\"Rating\">\n                                    <div class=\"rating\"><strong>5<\/strong>\/5<\/div>\n                                    <div class=\"rating stars\" style=\"margin-top: 5px;\"><span class=\"icon icon-stars\"><span class=\"icon-stars green\" style=\"width: 100%;\"><\/span><\/span><\/div>\n\t\t\t\t\t            <\/td>\n                               \n                                <td class=\"play\">\n\t\t\t\t\t               <a class=\"button-gold\" rel=\"nofollow\" href=\"https:\/\/www.top10casinowebsites.net\/de\/review\/888-casino\">Visit<\/a>\n\t                               <div class=\"\">\n\t\t\t\t\t                   <a class=\"review-snippet-link-play-now-col\" href=\"https:\/\/www.top10casinowebsites.net\/de\/review\/888-casino\">Read Review<\/a>\n\t\t\t\t\t               <\/div>\n\t\t\t\t\t           <\/td>\n     \t\t\t\t        <\/tr><\/tbody><\/table><\/div>\n<p>Es gibt einige Banken, die keine Transaktionen zu oder von Onlinecasinos erlauben und dies wird zu Problemen f\u00fchren, wenn Sie versuchen, Geld mit einer Kreditkarte in Ihre Onlinecasino-Konto einzuzahlen. Um dies zu vermeiden, finden Sie heraus, ob Ihre Bank Zahlungen an die Onlinecasinos erm\u00f6glicht.<\/p>\n<p>Ein weiterer Faktor den Sie im Auge behalten sollten ist, dass selbst wenn eine Bank die Zahlungen mit Onlinecasinos erlaubt, die Transaktionen zwischen Ihnen und dem Casino stark \u00fcberwacht werden. Sie k\u00f6nnen entscheiden, Grenzen oder Einschr\u00e4nkungen zu verh\u00e4ngen, wenn Sie das Gef\u00fchl haben, Sie senden oder empfangen zu viel mit einem online Casino. Stellen Sie sicher, dass Sie \u00fcber etwaige Einschr\u00e4nkungen und Regeln in Bezug auf Transaktionen mit Onlinecasinos von ihrer Bank bescheid wissen und beachten Sie, dass die Bank den Zugriff auf ihre T\u00e4tigkeit haben wird.<\/p>\n<h2>Wie Zahlungen mit Kreditkarte?<\/h2>\n<p>Durchf\u00fchren von Ein-und Auszahlungen bei Online Casinos mit einer Kreditkarte funktioniert auf die gleiche Weise wie alle anderen Online-Transaktionen mit Ihrer Kreditkarte. Um eine Einzahlung zu machen, wechseln sie auf den &#8220;Kassen&#8221;-Abschnitt in Ihrem Onlinecasino-Konto und w\u00e4hlen Sie das T\u00e4tigen einer Einzahlung. Es erscheint eine Auswahl von verschiedenen Zahlungsmethoden, von denen Sie dann die \u201eKreditkartenoption\u201c w\u00e4hlen.<\/p>\n<p><strong>AuthorizeNet<\/strong><\/p>\n<p><center><iframe loading=\"lazy\" src=\"https:\/\/www.youtube.com\/embed\/9bm0b8pdKws\" width=\"560\" height=\"315\" frameborder=\"0\" allowfullscreen=\"allowfullscreen\"><\/iframe><\/center>Sie werden dann mit einer kurzen Liste von Kreditkarten-Anbietern konfrontiert und alles was Sie tun m\u00fcssen, ist die Marke der Kreditkarte zu w\u00e4hlen, die sie nutzen. Dann werden Sie aufgefordert, die Daten Ihrer Kreditkarte vorzulegen, von denen das Geld von Ihrem Konto in Ihr Spielerkonto \u00fcbertragen werden soll. Onlinecasinos f\u00fchren in der Regel Abbuchungen sofort aus, sofern vom Kreditkartenanbieter nichts Anderes angegeben ist<\/p>\n<p>Um eine Auszahlung per Kreditkarte zu t\u00e4tigen, klicken Sie einfach auf &#8220;Kasse&#8221; im Onlinecasino-Bereich und w\u00e4hlen Sie dann das Geld abzuheben. Dann m\u00fcssen Sie die Daten Ihrer Kreditkarte eingeben, und die Mittel werden auf Ihr Konto \u00fcbertragen werden. Die Bearbeitungszeit f\u00fcr Auszahlungen sind von der Bank abh\u00e4ngig, und k\u00f6nnen 3-5 Werktage in Anspruch nehmen, manchmal kann es auch l\u00e4nger dauern. Die meisten Onlinecasinos k\u00f6nnen\u00a0 Ihre Rechnungs- oder Kreditkartendaten speichern, so dass Sie ihr Daten nicht jedes Mal erneut eingeben m\u00fcssen, wenn eine Transaktion durchgef\u00fchrt werden soll.<\/p>\n<h2>Was sind die Vorteile von Kreditkarten in Onlinecasinos?<\/h2>\n<p>Kreditkartenunternehmen unterliegen strengen Vorschriften, um die Sicherheit der Transaktionen zu gew\u00e4hrleisten. Kreditkartenbetrug bewirkt, dass diese Unternehmen ihre Sicherheit verbessern und aus diesem Grund sind Kreditkarten eine der <a href=\"https:\/\/www.top10casinowebsites.net\/de\/anzahlungsmethoden\">sichersten Zahlungsmethoden<\/a>\u00a0f\u00fcr Onlinecasinos.<\/p>\n<p>Mit dieser Zahlungsmethode ist es auch sehr einfach und unkompliziert, da die Transaktion zwischen Ihnen und dem Casino durchgef\u00fchrt werden. Sie m\u00fcssen nicht bei jeder Zahlung Portale oder Dritte beteiligen. Viele Menschen nutzen Kreditkarten f\u00fcr ihre Online-Transaktionen. Diese k\u00f6nne sie auch ganz einfach f\u00fcr Onlinecasinos nutzen. Im Gegensatz zu einigen anderen, sind Kreditkarten sehr geradlinig, was bedeutet, dass man sich nicht lange mit ihnen besch\u00e4ftigen muss, wie Sie es mit einigen anderen Zahlungsmethoden, die komplexer sind, tun m\u00fcssen<\/p>\n","protected":false},"excerpt":{"rendered":"<p>Kreditkarten\u00a0sind wahrscheinlich die am weitesten akzeptierte Zahlungsmethode in den Onlinecasinos rund um die Welt. Die meisten, wenn nicht alle, Online Casinos\u00a0akzeptieren Einzahlungen und Abhebungen mit Kreditkarte. Kreditkarten haben viele strenge Vorschriften und eine vertrauensw\u00fcrdige und sichere Form der Online-Zahlungen beim Spielen in einem Onlinecasino. Da es viele verschiedene Arten von Kreditkarten gibt, wird es empfohlen [&hellip;]<\/p>\n","protected":false},"author":4,"featured_media":0,"parent":1766,"menu_order":0,"comment_status":"closed","ping_status":"closed","template":"","meta":{"_acf_changed":false,"footnotes":""},"class_list":["post-1778","page","type-page","status-publish","hentry"],"acf":[],"yoast_head":"<!-- This site is optimized with the Yoast SEO plugin v27.4 - https:\/\/yoast.com\/product\/yoast-seo-wordpress\/ -->\n<title>Kreditkarten-Casinos - Onlinecasinos akzeptieren Kreditkarten<\/title>\n<meta name=\"description\" content=\"Die Kreditkarten-Onlinecasino-Zahlungsmethode erkl\u00e4rt - Finden Sie heraus, wie es funktioniert und was die Vorteile dieser Methode sind\" \/>\n<meta name=\"robots\" content=\"noindex, follow, max-snippet:-1, max-image-preview:large, max-video-preview:-1\" \/>\n<meta property=\"og:locale\" content=\"en_US\" \/>\n<meta property=\"og:type\" content=\"article\" \/>\n<meta property=\"og:title\" content=\"Kreditkarten-Casinos - Onlinecasinos akzeptieren Kreditkarten\" \/>\n<meta property=\"og:description\" content=\"Die Kreditkarten-Onlinecasino-Zahlungsmethode erkl\u00e4rt - Finden Sie heraus, wie es funktioniert und was die Vorteile dieser Methode sind\" \/>\n<meta property=\"og:url\" content=\"https:\/\/www.top10casinowebsites.net\/de\/anzahlungsmethoden\/kreditkarten\" \/>\n<meta property=\"og:site_name\" content=\"DE\" \/>\n<meta property=\"article:modified_time\" content=\"2017-10-06T17:05:19+00:00\" \/>\n<meta name=\"twitter:card\" content=\"summary_large_image\" \/>\n<meta name=\"twitter:label1\" content=\"Est. reading time\" \/>\n\t<meta name=\"twitter:data1\" content=\"3 minutes\" \/>\n<script type=\"application\/ld+json\" class=\"yoast-schema-graph\">{\"@context\":\"https:\\\/\\\/schema.org\",\"@graph\":[{\"@type\":\"WebPage\",\"@id\":\"https:\\\/\\\/www.top10casinowebsites.net\\\/de\\\/anzahlungsmethoden\\\/kreditkarten\",\"url\":\"https:\\\/\\\/www.top10casinowebsites.net\\\/de\\\/anzahlungsmethoden\\\/kreditkarten\",\"name\":\"Kreditkarten-Casinos - Onlinecasinos akzeptieren Kreditkarten\",\"isPartOf\":{\"@id\":\"https:\\\/\\\/www.top10casinowebsites.net\\\/de\\\/#website\"},\"primaryImageOfPage\":{\"@id\":\"https:\\\/\\\/www.top10casinowebsites.net\\\/de\\\/anzahlungsmethoden\\\/kreditkarten#primaryimage\"},\"image\":{\"@id\":\"https:\\\/\\\/www.top10casinowebsites.net\\\/de\\\/anzahlungsmethoden\\\/kreditkarten#primaryimage\"},\"thumbnailUrl\":\"https:\\\/\\\/www.top10casinowebsites.net\\\/wp-content\\\/uploads\\\/2016\\\/01\\\/deposit-options.jpg\",\"datePublished\":\"2017-01-31T09:15:34+00:00\",\"dateModified\":\"2017-10-06T17:05:19+00:00\",\"description\":\"Die Kreditkarten-Onlinecasino-Zahlungsmethode erkl\u00e4rt - Finden Sie heraus, wie es funktioniert und was die Vorteile dieser Methode sind\",\"breadcrumb\":{\"@id\":\"https:\\\/\\\/www.top10casinowebsites.net\\\/de\\\/anzahlungsmethoden\\\/kreditkarten#breadcrumb\"},\"inLanguage\":\"en-US\",\"potentialAction\":[{\"@type\":\"ReadAction\",\"target\":[\"https:\\\/\\\/www.top10casinowebsites.net\\\/de\\\/anzahlungsmethoden\\\/kreditkarten\"]}]},{\"@type\":\"ImageObject\",\"inLanguage\":\"en-US\",\"@id\":\"https:\\\/\\\/www.top10casinowebsites.net\\\/de\\\/anzahlungsmethoden\\\/kreditkarten#primaryimage\",\"url\":\"https:\\\/\\\/www.top10casinowebsites.net\\\/wp-content\\\/uploads\\\/2016\\\/01\\\/deposit-options.jpg\",\"contentUrl\":\"https:\\\/\\\/www.top10casinowebsites.net\\\/wp-content\\\/uploads\\\/2016\\\/01\\\/deposit-options.jpg\"},{\"@type\":\"BreadcrumbList\",\"@id\":\"https:\\\/\\\/www.top10casinowebsites.net\\\/de\\\/anzahlungsmethoden\\\/kreditkarten#breadcrumb\",\"itemListElement\":[{\"@type\":\"ListItem\",\"position\":1,\"name\":\"Home\",\"item\":\"https:\\\/\\\/www.top10casinowebsites.net\\\/de\\\/\"},{\"@type\":\"ListItem\",\"position\":2,\"name\":\"Anzahlungsmethoden &#8211; eine komplette Anleitung f\u00fcr Casino-Anzahlungsmethoden\",\"item\":\"https:\\\/\\\/www.top10casinowebsites.net\\\/de\\\/anzahlungsmethoden\"},{\"@type\":\"ListItem\",\"position\":3,\"name\":\"Kreditkarten-Casinos &#8211; Onlinecasinos akzeptieren Kreditkarten\"}]},{\"@type\":\"WebSite\",\"@id\":\"https:\\\/\\\/www.top10casinowebsites.net\\\/de\\\/#website\",\"url\":\"https:\\\/\\\/www.top10casinowebsites.net\\\/de\\\/\",\"name\":\"DE\",\"description\":\"\",\"potentialAction\":[{\"@type\":\"SearchAction\",\"target\":{\"@type\":\"EntryPoint\",\"urlTemplate\":\"https:\\\/\\\/www.top10casinowebsites.net\\\/de\\\/?s={search_term_string}\"},\"query-input\":{\"@type\":\"PropertyValueSpecification\",\"valueRequired\":true,\"valueName\":\"search_term_string\"}}],\"inLanguage\":\"en-US\"}]}<\/script>\n<!-- \/ Yoast SEO plugin. -->","yoast_head_json":{"title":"Kreditkarten-Casinos - Onlinecasinos akzeptieren Kreditkarten","description":"Die Kreditkarten-Onlinecasino-Zahlungsmethode erkl\u00e4rt - Finden Sie heraus, wie es funktioniert und was die Vorteile dieser Methode sind","robots":{"index":"noindex","follow":"follow","max-snippet":"max-snippet:-1","max-image-preview":"max-image-preview:large","max-video-preview":"max-video-preview:-1"},"og_locale":"en_US","og_type":"article","og_title":"Kreditkarten-Casinos - Onlinecasinos akzeptieren Kreditkarten","og_description":"Die Kreditkarten-Onlinecasino-Zahlungsmethode erkl\u00e4rt - Finden Sie heraus, wie es funktioniert und was die Vorteile dieser Methode sind","og_url":"https:\/\/www.top10casinowebsites.net\/de\/anzahlungsmethoden\/kreditkarten","og_site_name":"DE","article_modified_time":"2017-10-06T17:05:19+00:00","twitter_card":"summary_large_image","twitter_misc":{"Est. reading time":"3 minutes"},"schema":{"@context":"https:\/\/schema.org","@graph":[{"@type":"WebPage","@id":"https:\/\/www.top10casinowebsites.net\/de\/anzahlungsmethoden\/kreditkarten","url":"https:\/\/www.top10casinowebsites.net\/de\/anzahlungsmethoden\/kreditkarten","name":"Kreditkarten-Casinos - Onlinecasinos akzeptieren Kreditkarten","isPartOf":{"@id":"https:\/\/www.top10casinowebsites.net\/de\/#website"},"primaryImageOfPage":{"@id":"https:\/\/www.top10casinowebsites.net\/de\/anzahlungsmethoden\/kreditkarten#primaryimage"},"image":{"@id":"https:\/\/www.top10casinowebsites.net\/de\/anzahlungsmethoden\/kreditkarten#primaryimage"},"thumbnailUrl":"https:\/\/www.top10casinowebsites.net\/wp-content\/uploads\/2016\/01\/deposit-options.jpg","datePublished":"2017-01-31T09:15:34+00:00","dateModified":"2017-10-06T17:05:19+00:00","description":"Die Kreditkarten-Onlinecasino-Zahlungsmethode erkl\u00e4rt - Finden Sie heraus, wie es funktioniert und was die Vorteile dieser Methode sind","breadcrumb":{"@id":"https:\/\/www.top10casinowebsites.net\/de\/anzahlungsmethoden\/kreditkarten#breadcrumb"},"inLanguage":"en-US","potentialAction":[{"@type":"ReadAction","target":["https:\/\/www.top10casinowebsites.net\/de\/anzahlungsmethoden\/kreditkarten"]}]},{"@type":"ImageObject","inLanguage":"en-US","@id":"https:\/\/www.top10casinowebsites.net\/de\/anzahlungsmethoden\/kreditkarten#primaryimage","url":"https:\/\/www.top10casinowebsites.net\/wp-content\/uploads\/2016\/01\/deposit-options.jpg","contentUrl":"https:\/\/www.top10casinowebsites.net\/wp-content\/uploads\/2016\/01\/deposit-options.jpg"},{"@type":"BreadcrumbList","@id":"https:\/\/www.top10casinowebsites.net\/de\/anzahlungsmethoden\/kreditkarten#breadcrumb","itemListElement":[{"@type":"ListItem","position":1,"name":"Home","item":"https:\/\/www.top10casinowebsites.net\/de\/"},{"@type":"ListItem","position":2,"name":"Anzahlungsmethoden &#8211; eine komplette Anleitung f\u00fcr Casino-Anzahlungsmethoden","item":"https:\/\/www.top10casinowebsites.net\/de\/anzahlungsmethoden"},{"@type":"ListItem","position":3,"name":"Kreditkarten-Casinos &#8211; Onlinecasinos akzeptieren Kreditkarten"}]},{"@type":"WebSite","@id":"https:\/\/www.top10casinowebsites.net\/de\/#website","url":"https:\/\/www.top10casinowebsites.net\/de\/","name":"DE","description":"","potentialAction":[{"@type":"SearchAction","target":{"@type":"EntryPoint","urlTemplate":"https:\/\/www.top10casinowebsites.net\/de\/?s={search_term_string}"},"query-input":{"@type":"PropertyValueSpecification","valueRequired":true,"valueName":"search_term_string"}}],"inLanguage":"en-US"}]}},"_links":{"self":[{"href":"https:\/\/www.top10casinowebsites.net\/de\/wp-json\/wp\/v2\/pages\/1778","targetHints":{"allow":["GET"]}}],"collection":[{"href":"https:\/\/www.top10casinowebsites.net\/de\/wp-json\/wp\/v2\/pages"}],"about":[{"href":"https:\/\/www.top10casinowebsites.net\/de\/wp-json\/wp\/v2\/types\/page"}],"author":[{"embeddable":true,"href":"https:\/\/www.top10casinowebsites.net\/de\/wp-json\/wp\/v2\/users\/4"}],"replies":[{"embeddable":true,"href":"https:\/\/www.top10casinowebsites.net\/de\/wp-json\/wp\/v2\/comments?post=1778"}],"version-history":[{"count":1,"href":"https:\/\/www.top10casinowebsites.net\/de\/wp-json\/wp\/v2\/pages\/1778\/revisions"}],"predecessor-version":[{"id":2103,"href":"https:\/\/www.top10casinowebsites.net\/de\/wp-json\/wp\/v2\/pages\/1778\/revisions\/2103"}],"up":[{"embeddable":true,"href":"https:\/\/www.top10casinowebsites.net\/de\/wp-json\/wp\/v2\/pages\/1766"}],"wp:attachment":[{"href":"https:\/\/www.top10casinowebsites.net\/de\/wp-json\/wp\/v2\/media?parent=1778"}],"curies":[{"name":"wp","href":"https:\/\/api.w.org\/{rel}","templated":true}]}}