{"id":1781,"date":"2017-01-31T09:42:20","date_gmt":"2017-01-31T09:42:20","guid":{"rendered":"https:\/\/www.top10casinowebsites.net\/?page_id=1781"},"modified":"2017-10-06T17:38:09","modified_gmt":"2017-10-06T17:38:09","slug":"mastercard","status":"publish","type":"page","link":"https:\/\/www.top10casinowebsites.net\/de\/anzahlungsmethoden\/mastercard","title":{"rendered":"Mastercard-Casinos -Onlinecasinos akzeptieren MasterCard"},"content":{"rendered":"<p><img decoding=\"async\" class=\"alignright size-full wp-image-1782\" src=\"https:\/\/www.top10casinowebsites.net\/wp-content\/uploads\/2017\/01\/mastercard.jpg\" alt=\"Deposit using mastercard\" width=\"300\" \/><a href=\"https:\/\/www.mastercard.de\/de-de.html\">Mastercard ist eine gro\u00dfartige Wahl als Zahlungsmethode<\/a> in einem Onlinecasino, weil es eine sehr sichere Methode. Au\u00dferdem akzeptieren die meisten Casinos Kreditkarten.<\/p>\n<p>Die meisten Onlinecasinos bieten Kreditkarten als Zahlungsmittel an und werden Mastercard als Kreditkarte akzeptieren. Es ist sehr wahrscheinlich, dass die Onlinecasinos Ihrer Wahl, Mastercard als Zahlungsmittel akzeptieren.<\/p>\n<p>Da die meisten Onlinecasinos Mastercard als Zahlungsmittel akzeptieren, gibt es nur sehr wenige Einschr\u00e4nkungen, in Bezug zu den Onlinecasinos, in denen Sie spielen k\u00f6nnen. Dies erlaubt Ihnen in jedem Onlinecasino Ihrer Wahl zu spielen.<\/p>\n<p>Mastercard ist seit 1966 ein seri\u00f6ses Unternehmen und sicherlich weitaus mehr, als die meisten anderen Zahlungsmethoden. Es versteht sich von selbst, dass es sich um Mastercard als Zahlungsmittel, beim Spielen in den Onlinecasinos, um eine sehr sichere und zuverl\u00e4ssige Methode handelt. Ein Aspekt, den Sie verwenden k\u00f6nnen, um zu erkennen, ob eine Zahlungsmethode zuverl\u00e4ssig und sicher ist, h\u00e4ngt von der Beurteilung der Frage ab, wie lange die Zahlungsmethode schon verwendet wird und wie viele Spieler nutzen.<\/p>\n<div class=\"grid-contents\" id=\"grid-contents\"><table class=\"cas_table\" ><tbody><tr class=\"rank-1\">\n                                <td class=\"ranking\">1<\/td>\n                                <td class=\"brandcol\">\n                                    <a href=https:\/\/www.top10casinowebsites.net\/de\/review\/888-casino class=\"brand brand-bg\"><img loading=\"lazy\" decoding=\"async\" class=\"group list-group-image\" src=\"https:\/\/static.top10casinowebsites.net\/images\/casino-rooms\/888-casino-logo.png\" width=\"200\" height=\"128\"\/><\/a>\n                                <\/td>\n                                <td class=\"bonus\" data-title=\"Bonus\">\n\t\t\t\t\t               <p class=\"bonus-text\"><strong>$888<\/strong>Welcome Bonus <br>(<a href=\"https:\/\/www.top10casinowebsites.net\/de\/review\/888-casino\">T&Cs apply, 18+<\/a>)<\/p>\n\t\t\t\t                <\/td>\n\t\t\t\t\t            <td class=\"badge_game\" data-title=\"Rating\">\n                                    <div class=\"rating\"><strong>5<\/strong>\/5<\/div>\n                                    <div class=\"rating stars\" style=\"margin-top: 5px;\"><span class=\"icon icon-stars\"><span class=\"icon-stars green\" style=\"width: 100%;\"><\/span><\/span><\/div>\n\t\t\t\t\t            <\/td>\n                               \n                                <td class=\"play\">\n\t\t\t\t\t               <a class=\"button-gold\" rel=\"nofollow\" href=\"https:\/\/www.top10casinowebsites.net\/de\/review\/888-casino\">Visit<\/a>\n\t                               <div class=\"\">\n\t\t\t\t\t                   <a class=\"review-snippet-link-play-now-col\" href=\"https:\/\/www.top10casinowebsites.net\/de\/review\/888-casino\">Read Review<\/a>\n\t\t\t\t\t               <\/div>\n\t\t\t\t\t           <\/td>\n     \t\t\t\t        <\/tr><\/tbody><\/table><\/div>\n<p>Mastercard ist eine der \u00e4ltesten Zahlungsmethoden derWelt und wird weltweit von vielen Menschen verwendet. Die Popularit\u00e4t der Mastercard-Zahlungsmethode ist ein guter Hinweis darauf, dass es sich um eine vertrauensw\u00fcrdige Zahlungsmethode handelt, da so viele Spieler, die diese Methode nicht verwenden w\u00fcrden, wenn sie keinen Erfolg damit h\u00e4tten.<\/p>\n<p>Viele Spieler, die eine Mastercard Kreditkarte besitzen, nutzen Ihre Mastercard bereits f\u00fcr Online-Transaktionen, wie z. B. die Zahlung von Rechnungen, Online-\u00dcberweisungen oder der Kauf von Waren. F\u00fcr diese Spieler ist es sehr leicht, einfach die Zahlungsmethode, die Sie bereits auf anderen Websites verwendet haben, zu w\u00e4hlen, um Geld von Ihrem Onlinecasino-Konto einzuzahlen oder abzuheben.<\/p>\n<h2>Wie Sie Mastercard f\u00fcr Onlinecasino-Transaktionen verwenden<\/h2>\n<p>Einzahlungen und Abhebungen \u00fcber eine Mastercard Kreditkarte in einem Onlinecasino ist sehr einfach. Alles was Sie tun m\u00fcssen, ist zum Abschnitt &#8216;Kassierer&#8217; zu navigieren, wenn Sie sich in Ihrem Onlinecasino-Konto angemeldet haben. Wenn Sie eine Einzahlung t\u00e4tigen, w\u00e4hlen Sie die Option &#8216;Einzahlung vornehmen&#8217; und Sie erhalten eine Liste der verf\u00fcgbaren Zahlungsmethoden, die zur Verf\u00fcgung gestellt werden.<\/p>\n<p><strong>Mastercard<\/strong><\/p>\n<p><center><iframe loading=\"lazy\" src=\"https:\/\/www.youtube.com\/embed\/Fs6fAjesBVI\" width=\"560\" height=\"315\" frameborder=\"0\" allowfullscreen=\"allowfullscreen\"><\/iframe><\/center>Sie m\u00fcssen dann entweder &#8216;<em>Zahlungen mit Kreditkarte<\/em>&#8216; oder &#8216;<em>Zahlungen mit Mastercard<\/em>&#8216; w\u00e4hlen. Wenn Ihnen nur die &#8216;Kreditkarten&#8217;-Option zur Verf\u00fcgung gestellt wird, sollten Sie, nachdem Sie diese Option gew\u00e4hlt haben, aus der\u00a0<a href=\"https:\/\/www.top10casinowebsites.net\/de\/anzahlungsmethoden\/kreditkarten\">Liste der Kreditkartenanbieter<\/a>, die Mastercard-Option w\u00e4hlen. Sobald Sie Ihre Mastercard-Zahlungsmethode ausgew\u00e4hlt haben, werden Sie aufgefordert, die Daten ihrer Kreditkarte zur Verf\u00fcgung zu stellen. Nachdem Sie die erforderlichen Angaben gemacht haben, wird das Geld von Ihrem Konto in Ihr Onlinecasino-Konto \u00fcbertragen werden.<\/p>\n<p>Auszahlungen zu t\u00e4tigen ist ziemlich einfach. Navigieren Sie auf &#8220;Kasse&#8221; in Ihr Spielerkonto und w\u00e4hlen Sie das T\u00e4tigen einer Auszahlung. Wenn Sie bereits Ihre Mastercard Kreditkarte hinterlegt haben, kann das Onlinecasino ihre Daten speichern, so dass sie m\u00f6glicherweise die Eingabe nicht wiederholen m\u00fcssen. Wenn Sie die Details f\u00fcr die R\u00fccknahme best\u00e4tigt haben wird sich dies in K\u00fcrze auf ihrem Bankkonto wiederspiegeln. Behalten sie im Hinterkopf, dass R\u00fccknahmen \u00fcber Mastercard nehmen kann zwischen 48-72 dauern k\u00f6nnen. Mastercard hat auch eine Bearbeitungsgeb\u00fchr von ca. 2%-3%,\u00a0die Sie beachten sollten, wenn Sie Transaktionen vornehmen.<\/p>\n<h2>Vorteile der Verwendung von Mastercard in den Onlinecasinos<\/h2>\n<p>Einer der Vorteile bei der Verwendung von Mastercard Kreditkarten in einem online Casino ist die Sicherheit, auf die Sie sich verlassen k\u00f6nnen. \u00dcber Mastercard, Ihr Spielerkonto zu finanzieren, gibt Ihnen Sicherheit und sorgt daf\u00fcr, dass strikte Ma\u00dfnahmen getroffen werden, um Ihre Informationen und Mittel sicher zu halten. Mastercard ist ebenfalls weitgehend akzeptiert, so dass Sie diese Zahlungsmethode in fast jedem Onlinecasino weltweit nutzen k\u00f6nnen.<\/p>\n","protected":false},"excerpt":{"rendered":"<p>Mastercard ist eine gro\u00dfartige Wahl als Zahlungsmethode in einem Onlinecasino, weil es eine sehr sichere Methode. Au\u00dferdem akzeptieren die meisten Casinos Kreditkarten. Die meisten Onlinecasinos bieten Kreditkarten als Zahlungsmittel an und werden Mastercard als Kreditkarte akzeptieren. Es ist sehr wahrscheinlich, dass die Onlinecasinos Ihrer Wahl, Mastercard als Zahlungsmittel akzeptieren. Da die meisten Onlinecasinos Mastercard als [&hellip;]<\/p>\n","protected":false},"author":4,"featured_media":0,"parent":1766,"menu_order":0,"comment_status":"closed","ping_status":"closed","template":"","meta":{"_acf_changed":false,"footnotes":""},"class_list":["post-1781","page","type-page","status-publish","hentry"],"acf":[],"yoast_head":"<!-- This site is optimized with the Yoast SEO plugin v27.4 - https:\/\/yoast.com\/product\/yoast-seo-wordpress\/ -->\n<title>Mastercard-Casinos -Onlinecasinos akzeptieren MasterCard<\/title>\n<meta name=\"description\" content=\"Die Mastercard-Onlinecasino-Zahlungsmethode erkl\u00e4rt - Finden Sie heraus, wie es funktioniert und was die Vorteile dieser Methode sdin\" \/>\n<meta name=\"robots\" content=\"noindex, follow, max-snippet:-1, max-image-preview:large, max-video-preview:-1\" \/>\n<meta property=\"og:locale\" content=\"en_US\" \/>\n<meta property=\"og:type\" content=\"article\" \/>\n<meta property=\"og:title\" content=\"Mastercard-Casinos -Onlinecasinos akzeptieren MasterCard\" \/>\n<meta property=\"og:description\" content=\"Die Mastercard-Onlinecasino-Zahlungsmethode erkl\u00e4rt - Finden Sie heraus, wie es funktioniert und was die Vorteile dieser Methode sdin\" \/>\n<meta property=\"og:url\" content=\"https:\/\/www.top10casinowebsites.net\/de\/anzahlungsmethoden\/mastercard\" \/>\n<meta property=\"og:site_name\" content=\"DE\" \/>\n<meta property=\"article:modified_time\" content=\"2017-10-06T17:38:09+00:00\" \/>\n<meta name=\"twitter:card\" content=\"summary_large_image\" \/>\n<meta name=\"twitter:label1\" content=\"Est. reading time\" \/>\n\t<meta name=\"twitter:data1\" content=\"3 minutes\" \/>\n<script type=\"application\/ld+json\" class=\"yoast-schema-graph\">{\"@context\":\"https:\\\/\\\/schema.org\",\"@graph\":[{\"@type\":\"WebPage\",\"@id\":\"https:\\\/\\\/www.top10casinowebsites.net\\\/de\\\/anzahlungsmethoden\\\/mastercard\",\"url\":\"https:\\\/\\\/www.top10casinowebsites.net\\\/de\\\/anzahlungsmethoden\\\/mastercard\",\"name\":\"Mastercard-Casinos -Onlinecasinos akzeptieren MasterCard\",\"isPartOf\":{\"@id\":\"https:\\\/\\\/www.top10casinowebsites.net\\\/de\\\/#website\"},\"primaryImageOfPage\":{\"@id\":\"https:\\\/\\\/www.top10casinowebsites.net\\\/de\\\/anzahlungsmethoden\\\/mastercard#primaryimage\"},\"image\":{\"@id\":\"https:\\\/\\\/www.top10casinowebsites.net\\\/de\\\/anzahlungsmethoden\\\/mastercard#primaryimage\"},\"thumbnailUrl\":\"https:\\\/\\\/www.top10casinowebsites.net\\\/wp-content\\\/uploads\\\/2017\\\/01\\\/mastercard.jpg\",\"datePublished\":\"2017-01-31T09:42:20+00:00\",\"dateModified\":\"2017-10-06T17:38:09+00:00\",\"description\":\"Die Mastercard-Onlinecasino-Zahlungsmethode erkl\u00e4rt - Finden Sie heraus, wie es funktioniert und was die Vorteile dieser Methode sdin\",\"breadcrumb\":{\"@id\":\"https:\\\/\\\/www.top10casinowebsites.net\\\/de\\\/anzahlungsmethoden\\\/mastercard#breadcrumb\"},\"inLanguage\":\"en-US\",\"potentialAction\":[{\"@type\":\"ReadAction\",\"target\":[\"https:\\\/\\\/www.top10casinowebsites.net\\\/de\\\/anzahlungsmethoden\\\/mastercard\"]}]},{\"@type\":\"ImageObject\",\"inLanguage\":\"en-US\",\"@id\":\"https:\\\/\\\/www.top10casinowebsites.net\\\/de\\\/anzahlungsmethoden\\\/mastercard#primaryimage\",\"url\":\"https:\\\/\\\/www.top10casinowebsites.net\\\/wp-content\\\/uploads\\\/2017\\\/01\\\/mastercard.jpg\",\"contentUrl\":\"https:\\\/\\\/www.top10casinowebsites.net\\\/wp-content\\\/uploads\\\/2017\\\/01\\\/mastercard.jpg\"},{\"@type\":\"BreadcrumbList\",\"@id\":\"https:\\\/\\\/www.top10casinowebsites.net\\\/de\\\/anzahlungsmethoden\\\/mastercard#breadcrumb\",\"itemListElement\":[{\"@type\":\"ListItem\",\"position\":1,\"name\":\"Home\",\"item\":\"https:\\\/\\\/www.top10casinowebsites.net\\\/de\\\/\"},{\"@type\":\"ListItem\",\"position\":2,\"name\":\"Anzahlungsmethoden &#8211; eine komplette Anleitung f\u00fcr Casino-Anzahlungsmethoden\",\"item\":\"https:\\\/\\\/www.top10casinowebsites.net\\\/de\\\/anzahlungsmethoden\"},{\"@type\":\"ListItem\",\"position\":3,\"name\":\"Mastercard-Casinos -Onlinecasinos akzeptieren MasterCard\"}]},{\"@type\":\"WebSite\",\"@id\":\"https:\\\/\\\/www.top10casinowebsites.net\\\/de\\\/#website\",\"url\":\"https:\\\/\\\/www.top10casinowebsites.net\\\/de\\\/\",\"name\":\"DE\",\"description\":\"\",\"potentialAction\":[{\"@type\":\"SearchAction\",\"target\":{\"@type\":\"EntryPoint\",\"urlTemplate\":\"https:\\\/\\\/www.top10casinowebsites.net\\\/de\\\/?s={search_term_string}\"},\"query-input\":{\"@type\":\"PropertyValueSpecification\",\"valueRequired\":true,\"valueName\":\"search_term_string\"}}],\"inLanguage\":\"en-US\"}]}<\/script>\n<!-- \/ Yoast SEO plugin. -->","yoast_head_json":{"title":"Mastercard-Casinos -Onlinecasinos akzeptieren MasterCard","description":"Die Mastercard-Onlinecasino-Zahlungsmethode erkl\u00e4rt - Finden Sie heraus, wie es funktioniert und was die Vorteile dieser Methode sdin","robots":{"index":"noindex","follow":"follow","max-snippet":"max-snippet:-1","max-image-preview":"max-image-preview:large","max-video-preview":"max-video-preview:-1"},"og_locale":"en_US","og_type":"article","og_title":"Mastercard-Casinos -Onlinecasinos akzeptieren MasterCard","og_description":"Die Mastercard-Onlinecasino-Zahlungsmethode erkl\u00e4rt - Finden Sie heraus, wie es funktioniert und was die Vorteile dieser Methode sdin","og_url":"https:\/\/www.top10casinowebsites.net\/de\/anzahlungsmethoden\/mastercard","og_site_name":"DE","article_modified_time":"2017-10-06T17:38:09+00:00","twitter_card":"summary_large_image","twitter_misc":{"Est. reading time":"3 minutes"},"schema":{"@context":"https:\/\/schema.org","@graph":[{"@type":"WebPage","@id":"https:\/\/www.top10casinowebsites.net\/de\/anzahlungsmethoden\/mastercard","url":"https:\/\/www.top10casinowebsites.net\/de\/anzahlungsmethoden\/mastercard","name":"Mastercard-Casinos -Onlinecasinos akzeptieren MasterCard","isPartOf":{"@id":"https:\/\/www.top10casinowebsites.net\/de\/#website"},"primaryImageOfPage":{"@id":"https:\/\/www.top10casinowebsites.net\/de\/anzahlungsmethoden\/mastercard#primaryimage"},"image":{"@id":"https:\/\/www.top10casinowebsites.net\/de\/anzahlungsmethoden\/mastercard#primaryimage"},"thumbnailUrl":"https:\/\/www.top10casinowebsites.net\/wp-content\/uploads\/2017\/01\/mastercard.jpg","datePublished":"2017-01-31T09:42:20+00:00","dateModified":"2017-10-06T17:38:09+00:00","description":"Die Mastercard-Onlinecasino-Zahlungsmethode erkl\u00e4rt - Finden Sie heraus, wie es funktioniert und was die Vorteile dieser Methode sdin","breadcrumb":{"@id":"https:\/\/www.top10casinowebsites.net\/de\/anzahlungsmethoden\/mastercard#breadcrumb"},"inLanguage":"en-US","potentialAction":[{"@type":"ReadAction","target":["https:\/\/www.top10casinowebsites.net\/de\/anzahlungsmethoden\/mastercard"]}]},{"@type":"ImageObject","inLanguage":"en-US","@id":"https:\/\/www.top10casinowebsites.net\/de\/anzahlungsmethoden\/mastercard#primaryimage","url":"https:\/\/www.top10casinowebsites.net\/wp-content\/uploads\/2017\/01\/mastercard.jpg","contentUrl":"https:\/\/www.top10casinowebsites.net\/wp-content\/uploads\/2017\/01\/mastercard.jpg"},{"@type":"BreadcrumbList","@id":"https:\/\/www.top10casinowebsites.net\/de\/anzahlungsmethoden\/mastercard#breadcrumb","itemListElement":[{"@type":"ListItem","position":1,"name":"Home","item":"https:\/\/www.top10casinowebsites.net\/de\/"},{"@type":"ListItem","position":2,"name":"Anzahlungsmethoden &#8211; eine komplette Anleitung f\u00fcr Casino-Anzahlungsmethoden","item":"https:\/\/www.top10casinowebsites.net\/de\/anzahlungsmethoden"},{"@type":"ListItem","position":3,"name":"Mastercard-Casinos -Onlinecasinos akzeptieren MasterCard"}]},{"@type":"WebSite","@id":"https:\/\/www.top10casinowebsites.net\/de\/#website","url":"https:\/\/www.top10casinowebsites.net\/de\/","name":"DE","description":"","potentialAction":[{"@type":"SearchAction","target":{"@type":"EntryPoint","urlTemplate":"https:\/\/www.top10casinowebsites.net\/de\/?s={search_term_string}"},"query-input":{"@type":"PropertyValueSpecification","valueRequired":true,"valueName":"search_term_string"}}],"inLanguage":"en-US"}]}},"_links":{"self":[{"href":"https:\/\/www.top10casinowebsites.net\/de\/wp-json\/wp\/v2\/pages\/1781","targetHints":{"allow":["GET"]}}],"collection":[{"href":"https:\/\/www.top10casinowebsites.net\/de\/wp-json\/wp\/v2\/pages"}],"about":[{"href":"https:\/\/www.top10casinowebsites.net\/de\/wp-json\/wp\/v2\/types\/page"}],"author":[{"embeddable":true,"href":"https:\/\/www.top10casinowebsites.net\/de\/wp-json\/wp\/v2\/users\/4"}],"replies":[{"embeddable":true,"href":"https:\/\/www.top10casinowebsites.net\/de\/wp-json\/wp\/v2\/comments?post=1781"}],"version-history":[{"count":2,"href":"https:\/\/www.top10casinowebsites.net\/de\/wp-json\/wp\/v2\/pages\/1781\/revisions"}],"predecessor-version":[{"id":2105,"href":"https:\/\/www.top10casinowebsites.net\/de\/wp-json\/wp\/v2\/pages\/1781\/revisions\/2105"}],"up":[{"embeddable":true,"href":"https:\/\/www.top10casinowebsites.net\/de\/wp-json\/wp\/v2\/pages\/1766"}],"wp:attachment":[{"href":"https:\/\/www.top10casinowebsites.net\/de\/wp-json\/wp\/v2\/media?parent=1781"}],"curies":[{"name":"wp","href":"https:\/\/api.w.org\/{rel}","templated":true}]}}