{"id":1787,"date":"2017-01-31T10:45:12","date_gmt":"2017-01-31T10:45:12","guid":{"rendered":"https:\/\/www.top10casinowebsites.net\/?page_id=1787"},"modified":"2018-07-17T15:30:37","modified_gmt":"2018-07-17T15:30:37","slug":"paypal","status":"publish","type":"page","link":"https:\/\/www.top10casinowebsites.net\/de\/anzahlungsmethoden\/paypal","title":{"rendered":"PayPal-Casinos &#8211; Einzahlung per PayPal in Onlinecasinos"},"content":{"rendered":"<p><img decoding=\"async\" class=\"alignright size-full wp-image-1788\" src=\"https:\/\/www.top10casinowebsites.net\/wp-content\/uploads\/2017\/01\/paypal.jpg\" alt=\"\" width=\"300\" \/><a href=\"https:\/\/www.paypal.com\/de\/\">PayPal<\/a> ist einer der beliebtesten Zahlungsmethoden f\u00fcr Onlinecasino-Spieler auf der ganzen Welt.\u00a0PayPal ist eine beliebte Zahlungsmethode f\u00fcr viele Online-Transaktionen, wie Online-Shopping.<\/p>\n<p>Viele Spieler verf\u00fcgen daher bereits \u00fcber ein PayPal-Konto, das Sie f\u00fcr andere Transaktionen verwenden und es Ihnen leicht macht, Ihre Transaktionen mit einem Onlinecasino mit dem gleichen PayPal-Account durchzuf\u00fchren.<\/p>\n<p>Da PayPal eine beliebte und weit verbreitete Form der Online-Zahlungsmethoden ist, hat die Mehrzahl der Onlinecasinos diese Zahlungsmethode zur Verf\u00fcgung gestellt.<\/p>\n<p>PayPal wurde 1999 entwickelt wurde offiziell im Jahr 2000 ins Leben gerufen. Dies bedeutet, dass PayPal eines der ersten und urspr\u00fcnglichsten E-Wallet Dienstleistungen, lange bevor die meisten Leute sogar wussten, was ein E-Wallet ist, war.<\/p>\n<div class=\"grid-contents\" id=\"grid-contents\"><table class=\"cas_table\" ><tbody><tr class=\"rank-1\">\n                                <td class=\"ranking\">1<\/td>\n                                <td class=\"brandcol\">\n                                    <a href=https:\/\/www.top10casinowebsites.net\/de\/review\/888-casino class=\"brand brand-bg\"><img loading=\"lazy\" decoding=\"async\" class=\"group list-group-image\" src=\"https:\/\/static.top10casinowebsites.net\/images\/casino-rooms\/888-casino-logo.png\" width=\"200\" height=\"128\"\/><\/a>\n                                <\/td>\n                                <td class=\"bonus\" data-title=\"Bonus\">\n\t\t\t\t\t               <p class=\"bonus-text\"><strong>$888<\/strong>Welcome Bonus <br>(<a href=\"https:\/\/www.top10casinowebsites.net\/de\/review\/888-casino\">T&Cs apply, 18+<\/a>)<\/p>\n\t\t\t\t                <\/td>\n\t\t\t\t\t            <td class=\"badge_game\" data-title=\"Rating\">\n                                    <div class=\"rating\"><strong>5<\/strong>\/5<\/div>\n                                    <div class=\"rating stars\" style=\"margin-top: 5px;\"><span class=\"icon icon-stars\"><span class=\"icon-stars green\" style=\"width: 100%;\"><\/span><\/span><\/div>\n\t\t\t\t\t            <\/td>\n                               \n                                <td class=\"play\">\n\t\t\t\t\t               <a class=\"button-gold\" rel=\"nofollow\" href=\"https:\/\/www.top10casinowebsites.net\/de\/review\/888-casino\">Visit<\/a>\n\t                               <div class=\"\">\n\t\t\t\t\t                   <a class=\"review-snippet-link-play-now-col\" href=\"https:\/\/www.top10casinowebsites.net\/de\/review\/888-casino\">Read Review<\/a>\n\t\t\t\t\t               <\/div>\n\t\t\t\t\t           <\/td>\n     \t\t\t\t        <\/tr><\/tbody><\/table><\/div>\n<p>Da Sie eines der ersten E-Wallet Dienstleistungen sind und das seit 17 Jahren, hat PayPal den Test der Zeit bestanden und sich als sicher und zuverl\u00e4ssig bei vielen Onlinecasino-Spieler weltweit bewertet. PayPal ist auf jeden Fall eine zuverl\u00e4ssige, sichere und schnelle Zahlungsmethode, die von vielen Spielern bevorzugt wird und ein anerkanntes Zahlungsmittel ist, dem Sie vertrauen k\u00f6nnen.<\/p>\n<p>Viele Spieler aus der ganzen Welt sind in der Lage, PayPal als Zahlungsmethode zu verwenden, da\u00a0PayPal \u00fcber 22 verschiedene W\u00e4hrungen akzeptiert. Diese gro\u00dfe Auswahl an Optionen stellt PayPal f\u00fcr ein breites Spektrum von internationalen Spielern zur Verf\u00fcgung. Das wird deutlich, wenn man sich anschaut, dass PayPal durch Onlinecasino-Spielern in mehr als 175 L\u00e4ndern rund um den Globus eingesetzt wird. Eine Zahlungsart mit solch einer hohen Beliebtheit ist ein Zahlungsmittel, dem Sie vertrauen k\u00f6nnen.<\/p>\n<h2>Wie funktioniert PayPal?<\/h2>\n<p>Um die PayPal E-Wallet Dienstleistungen in einem Onlinecasino zu nutzen, m\u00fcssen Sie zun\u00e4chst ein PayPal-Konto erstellen. Nat\u00fcrlich k\u00f6nnen Sie auch ein Konto mit Ihrem Onlinecasino Ihrer Wahl registrieren, aber indem sie Transaktionen \u00fcber PayPal durchf\u00fchren, so geben Sie Ihre pers\u00f6nlichen Informationen nur an PayPal und nicht an das Online Casino weiter.<\/p>\n<p><strong>PayPal<\/strong><\/p>\n<p><center><iframe loading=\"lazy\" src=\"https:\/\/www.youtube.com\/embed\/lkz4GZgyb9o\" width=\"560\" height=\"315\" frameborder=\"0\" allowfullscreen=\"allowfullscreen\"><\/iframe><\/center>Um ein Konto bei PayPal zu er\u00f6ffnen, navigieren Sie auf die PayPal Webseite und folgen Sie den Anweisungen, um ein Konto zu er\u00f6ffnen. Sie m\u00fcssen Ihre pers\u00f6nlichen Informationen, wie Ihre Bankverbindung, zur Verf\u00fcgung zu stellen, um Ihr Konto zu \u00f6ffnen. Der Vorteil hier ist, dass Sie nur Ihre pers\u00f6nlichen Informationen mit PayPal, einem seri\u00f6sen und vertrauensw\u00fcrdigen Zahlungsportal, teilen. Das teilen pers\u00f6nlicher Daten mit Online Casinos, kann schief gehen, wenn das Casino nicht seri\u00f6s ist.<\/p>\n<p>Unseri\u00f6se Onlinecasinos sind jene, die behaupten, einen Online-Spieleservice zu bieten, diese Versprechungen aber nicht halten, sobald sie Ihre Bankdaten eingegeben haben. Oft werden Ihre Daten mit Dritten geteilt und in die falschen H\u00e4nde gegeben. Diese Probleme k\u00f6nnen mit Hilfe eines vertrauensw\u00fcrdigen E-Wallet-Service, wie PayPal, vermieden werden.<\/p>\n<p>Sobald Sie Ihr PayPal-Konto er\u00f6ffnen, zahlen Sie einfach auf Ihr PayPal-Konto mit einer anderen Zahlungsmethode ein. Sobald Ihr PayPal-Konto mit Mitteln geladen worden ist, sind Sie in der Lange, diese Mittel direkt von Ihrem PayPal-Konto in Ihr Onlinecasino Spieler-Konto zu \u00fcbertragen, um das Spiel zu starten. Abhebungen funktionieren in \u00e4hnlicher Weise. Alles, was Sie tun m\u00fcssen, ist den Transfer auf Ihr PayPal-Konto zu akzeptieren und wenn Sie den Transfer erhalten, k\u00f6nnen Sie entweder die Mittel in Ihrem PayPal-Konto aufbewahren, um sie sp\u00e4ter verwenden oder Sie k\u00f6nnen das Geld auf Ihr Bankkonto \u00fcberweisen.<\/p>\n<h2>Vorteile der Verwendung von PayPal?<\/h2>\n<p>PayPal ist ein sehr sicheres Zahlungsportal, dem Sie sicherlich vertrauen k\u00f6nnen. Die Wahrscheinlichkeit von Betrug oder Sicherheitsproblemen mit PayPal sind sehr niedrig, womit diese Zahlungsmethode eine gute und sichere Wahl ist.<\/p>\n<p>PayPal hat auch eine mobile App, mit der die Spieler sicher Transaktionen online \u00fcber ihre Mobiltelefone durchf\u00fchren k\u00f6nnen. Da so viele Spieler\u00a0Mobiltelefone zum Spielen nutzen, ist ein sicheres mobiles Zahlungsportal sehr vorteilhaft und notwendig. Ein weiterer gro\u00dfer Vorteil ist, dass Sie Ihre pers\u00f6nlichen Daten mit dem Onlinecasino, das Sie w\u00e4hlen, nicht teilen m\u00fcssen.<\/p>\n","protected":false},"excerpt":{"rendered":"<p>PayPal ist einer der beliebtesten Zahlungsmethoden f\u00fcr Onlinecasino-Spieler auf der ganzen Welt.\u00a0PayPal ist eine beliebte Zahlungsmethode f\u00fcr viele Online-Transaktionen, wie Online-Shopping. Viele Spieler verf\u00fcgen daher bereits \u00fcber ein PayPal-Konto, das Sie f\u00fcr andere Transaktionen verwenden und es Ihnen leicht macht, Ihre Transaktionen mit einem Onlinecasino mit dem gleichen PayPal-Account durchzuf\u00fchren. Da PayPal eine beliebte und [&hellip;]<\/p>\n","protected":false},"author":4,"featured_media":0,"parent":1766,"menu_order":0,"comment_status":"closed","ping_status":"closed","template":"","meta":{"_acf_changed":false,"footnotes":""},"class_list":["post-1787","page","type-page","status-publish","hentry"],"acf":[],"yoast_head":"<!-- This site is optimized with the Yoast SEO plugin v27.4 - https:\/\/yoast.com\/product\/yoast-seo-wordpress\/ -->\n<title>PayPal-Casinos - Einzahlung per PayPal in Onlinecasinos<\/title>\n<meta name=\"description\" content=\"Die PayPal-Onlinecasino-Zahlungsmethode erkl\u00e4rt - Finden Sie heraus, wie es funktioniert und was die Vorteile dieser Methode sind\" \/>\n<meta name=\"robots\" content=\"noindex, follow, max-snippet:-1, max-image-preview:large, max-video-preview:-1\" \/>\n<meta property=\"og:locale\" content=\"en_US\" \/>\n<meta property=\"og:type\" content=\"article\" \/>\n<meta property=\"og:title\" content=\"PayPal-Casinos - Einzahlung per PayPal in Onlinecasinos\" \/>\n<meta property=\"og:description\" content=\"Die PayPal-Onlinecasino-Zahlungsmethode erkl\u00e4rt - Finden Sie heraus, wie es funktioniert und was die Vorteile dieser Methode sind\" \/>\n<meta property=\"og:url\" content=\"https:\/\/www.top10casinowebsites.net\/de\/anzahlungsmethoden\/paypal\" \/>\n<meta property=\"og:site_name\" content=\"DE\" \/>\n<meta property=\"article:modified_time\" content=\"2018-07-17T15:30:37+00:00\" \/>\n<meta name=\"twitter:card\" content=\"summary_large_image\" \/>\n<meta name=\"twitter:label1\" content=\"Est. reading time\" \/>\n\t<meta name=\"twitter:data1\" content=\"3 minutes\" \/>\n<script type=\"application\/ld+json\" class=\"yoast-schema-graph\">{\"@context\":\"https:\\\/\\\/schema.org\",\"@graph\":[{\"@type\":\"WebPage\",\"@id\":\"https:\\\/\\\/www.top10casinowebsites.net\\\/de\\\/anzahlungsmethoden\\\/paypal\",\"url\":\"https:\\\/\\\/www.top10casinowebsites.net\\\/de\\\/anzahlungsmethoden\\\/paypal\",\"name\":\"PayPal-Casinos - Einzahlung per PayPal in Onlinecasinos\",\"isPartOf\":{\"@id\":\"https:\\\/\\\/www.top10casinowebsites.net\\\/de\\\/#website\"},\"primaryImageOfPage\":{\"@id\":\"https:\\\/\\\/www.top10casinowebsites.net\\\/de\\\/anzahlungsmethoden\\\/paypal#primaryimage\"},\"image\":{\"@id\":\"https:\\\/\\\/www.top10casinowebsites.net\\\/de\\\/anzahlungsmethoden\\\/paypal#primaryimage\"},\"thumbnailUrl\":\"https:\\\/\\\/www.top10casinowebsites.net\\\/wp-content\\\/uploads\\\/2017\\\/01\\\/paypal.jpg\",\"datePublished\":\"2017-01-31T10:45:12+00:00\",\"dateModified\":\"2018-07-17T15:30:37+00:00\",\"description\":\"Die PayPal-Onlinecasino-Zahlungsmethode erkl\u00e4rt - Finden Sie heraus, wie es funktioniert und was die Vorteile dieser Methode sind\",\"breadcrumb\":{\"@id\":\"https:\\\/\\\/www.top10casinowebsites.net\\\/de\\\/anzahlungsmethoden\\\/paypal#breadcrumb\"},\"inLanguage\":\"en-US\",\"potentialAction\":[{\"@type\":\"ReadAction\",\"target\":[\"https:\\\/\\\/www.top10casinowebsites.net\\\/de\\\/anzahlungsmethoden\\\/paypal\"]}]},{\"@type\":\"ImageObject\",\"inLanguage\":\"en-US\",\"@id\":\"https:\\\/\\\/www.top10casinowebsites.net\\\/de\\\/anzahlungsmethoden\\\/paypal#primaryimage\",\"url\":\"https:\\\/\\\/www.top10casinowebsites.net\\\/wp-content\\\/uploads\\\/2017\\\/01\\\/paypal.jpg\",\"contentUrl\":\"https:\\\/\\\/www.top10casinowebsites.net\\\/wp-content\\\/uploads\\\/2017\\\/01\\\/paypal.jpg\"},{\"@type\":\"BreadcrumbList\",\"@id\":\"https:\\\/\\\/www.top10casinowebsites.net\\\/de\\\/anzahlungsmethoden\\\/paypal#breadcrumb\",\"itemListElement\":[{\"@type\":\"ListItem\",\"position\":1,\"name\":\"Home\",\"item\":\"https:\\\/\\\/www.top10casinowebsites.net\\\/de\\\/\"},{\"@type\":\"ListItem\",\"position\":2,\"name\":\"Anzahlungsmethoden &#8211; eine komplette Anleitung f\u00fcr Casino-Anzahlungsmethoden\",\"item\":\"https:\\\/\\\/www.top10casinowebsites.net\\\/de\\\/anzahlungsmethoden\"},{\"@type\":\"ListItem\",\"position\":3,\"name\":\"PayPal-Casinos &#8211; Einzahlung per PayPal in Onlinecasinos\"}]},{\"@type\":\"WebSite\",\"@id\":\"https:\\\/\\\/www.top10casinowebsites.net\\\/de\\\/#website\",\"url\":\"https:\\\/\\\/www.top10casinowebsites.net\\\/de\\\/\",\"name\":\"DE\",\"description\":\"\",\"potentialAction\":[{\"@type\":\"SearchAction\",\"target\":{\"@type\":\"EntryPoint\",\"urlTemplate\":\"https:\\\/\\\/www.top10casinowebsites.net\\\/de\\\/?s={search_term_string}\"},\"query-input\":{\"@type\":\"PropertyValueSpecification\",\"valueRequired\":true,\"valueName\":\"search_term_string\"}}],\"inLanguage\":\"en-US\"}]}<\/script>\n<!-- \/ Yoast SEO plugin. -->","yoast_head_json":{"title":"PayPal-Casinos - Einzahlung per PayPal in Onlinecasinos","description":"Die PayPal-Onlinecasino-Zahlungsmethode erkl\u00e4rt - Finden Sie heraus, wie es funktioniert und was die Vorteile dieser Methode sind","robots":{"index":"noindex","follow":"follow","max-snippet":"max-snippet:-1","max-image-preview":"max-image-preview:large","max-video-preview":"max-video-preview:-1"},"og_locale":"en_US","og_type":"article","og_title":"PayPal-Casinos - Einzahlung per PayPal in Onlinecasinos","og_description":"Die PayPal-Onlinecasino-Zahlungsmethode erkl\u00e4rt - Finden Sie heraus, wie es funktioniert und was die Vorteile dieser Methode sind","og_url":"https:\/\/www.top10casinowebsites.net\/de\/anzahlungsmethoden\/paypal","og_site_name":"DE","article_modified_time":"2018-07-17T15:30:37+00:00","twitter_card":"summary_large_image","twitter_misc":{"Est. reading time":"3 minutes"},"schema":{"@context":"https:\/\/schema.org","@graph":[{"@type":"WebPage","@id":"https:\/\/www.top10casinowebsites.net\/de\/anzahlungsmethoden\/paypal","url":"https:\/\/www.top10casinowebsites.net\/de\/anzahlungsmethoden\/paypal","name":"PayPal-Casinos - Einzahlung per PayPal in Onlinecasinos","isPartOf":{"@id":"https:\/\/www.top10casinowebsites.net\/de\/#website"},"primaryImageOfPage":{"@id":"https:\/\/www.top10casinowebsites.net\/de\/anzahlungsmethoden\/paypal#primaryimage"},"image":{"@id":"https:\/\/www.top10casinowebsites.net\/de\/anzahlungsmethoden\/paypal#primaryimage"},"thumbnailUrl":"https:\/\/www.top10casinowebsites.net\/wp-content\/uploads\/2017\/01\/paypal.jpg","datePublished":"2017-01-31T10:45:12+00:00","dateModified":"2018-07-17T15:30:37+00:00","description":"Die PayPal-Onlinecasino-Zahlungsmethode erkl\u00e4rt - Finden Sie heraus, wie es funktioniert und was die Vorteile dieser Methode sind","breadcrumb":{"@id":"https:\/\/www.top10casinowebsites.net\/de\/anzahlungsmethoden\/paypal#breadcrumb"},"inLanguage":"en-US","potentialAction":[{"@type":"ReadAction","target":["https:\/\/www.top10casinowebsites.net\/de\/anzahlungsmethoden\/paypal"]}]},{"@type":"ImageObject","inLanguage":"en-US","@id":"https:\/\/www.top10casinowebsites.net\/de\/anzahlungsmethoden\/paypal#primaryimage","url":"https:\/\/www.top10casinowebsites.net\/wp-content\/uploads\/2017\/01\/paypal.jpg","contentUrl":"https:\/\/www.top10casinowebsites.net\/wp-content\/uploads\/2017\/01\/paypal.jpg"},{"@type":"BreadcrumbList","@id":"https:\/\/www.top10casinowebsites.net\/de\/anzahlungsmethoden\/paypal#breadcrumb","itemListElement":[{"@type":"ListItem","position":1,"name":"Home","item":"https:\/\/www.top10casinowebsites.net\/de\/"},{"@type":"ListItem","position":2,"name":"Anzahlungsmethoden &#8211; eine komplette Anleitung f\u00fcr Casino-Anzahlungsmethoden","item":"https:\/\/www.top10casinowebsites.net\/de\/anzahlungsmethoden"},{"@type":"ListItem","position":3,"name":"PayPal-Casinos &#8211; Einzahlung per PayPal in Onlinecasinos"}]},{"@type":"WebSite","@id":"https:\/\/www.top10casinowebsites.net\/de\/#website","url":"https:\/\/www.top10casinowebsites.net\/de\/","name":"DE","description":"","potentialAction":[{"@type":"SearchAction","target":{"@type":"EntryPoint","urlTemplate":"https:\/\/www.top10casinowebsites.net\/de\/?s={search_term_string}"},"query-input":{"@type":"PropertyValueSpecification","valueRequired":true,"valueName":"search_term_string"}}],"inLanguage":"en-US"}]}},"_links":{"self":[{"href":"https:\/\/www.top10casinowebsites.net\/de\/wp-json\/wp\/v2\/pages\/1787","targetHints":{"allow":["GET"]}}],"collection":[{"href":"https:\/\/www.top10casinowebsites.net\/de\/wp-json\/wp\/v2\/pages"}],"about":[{"href":"https:\/\/www.top10casinowebsites.net\/de\/wp-json\/wp\/v2\/types\/page"}],"author":[{"embeddable":true,"href":"https:\/\/www.top10casinowebsites.net\/de\/wp-json\/wp\/v2\/users\/4"}],"replies":[{"embeddable":true,"href":"https:\/\/www.top10casinowebsites.net\/de\/wp-json\/wp\/v2\/comments?post=1787"}],"version-history":[{"count":2,"href":"https:\/\/www.top10casinowebsites.net\/de\/wp-json\/wp\/v2\/pages\/1787\/revisions"}],"predecessor-version":[{"id":2102,"href":"https:\/\/www.top10casinowebsites.net\/de\/wp-json\/wp\/v2\/pages\/1787\/revisions\/2102"}],"up":[{"embeddable":true,"href":"https:\/\/www.top10casinowebsites.net\/de\/wp-json\/wp\/v2\/pages\/1766"}],"wp:attachment":[{"href":"https:\/\/www.top10casinowebsites.net\/de\/wp-json\/wp\/v2\/media?parent=1787"}],"curies":[{"name":"wp","href":"https:\/\/api.w.org\/{rel}","templated":true}]}}