{"id":1789,"date":"2017-01-31T11:07:58","date_gmt":"2017-01-31T11:07:58","guid":{"rendered":"https:\/\/www.top10casinowebsites.net\/?page_id=1789"},"modified":"2017-10-06T17:13:06","modified_gmt":"2017-10-06T17:13:06","slug":"paysafecard","status":"publish","type":"page","link":"https:\/\/www.top10casinowebsites.net\/de\/anzahlungsmethoden\/paysafecard","title":{"rendered":"Paysafecard-Casinos &#8211; Einzahlung mit Paysafecard auf Onlinecasinos"},"content":{"rendered":"<p><img decoding=\"async\" class=\"alignright size-full wp-image-1790\" src=\"https:\/\/www.top10casinowebsites.net\/wp-content\/uploads\/2017\/01\/paysafecard.jpg\" alt=\"Deposit using paysafecard\" width=\"300\" \/><a href=\"https:\/\/www.paysafecard.com\/de-de\">Paysafecard<\/a>\u00a0ist eines der sichersten, einfachsten und leichtesten Formen von Online-Transaktionen. Paysafecard ist eine weitverbreitete Zahlungsmethode in den Onlinecasinos und Sie werden feststellen, dass die Mehrheit der Onlinecasinos diese Zahlungsmethode anbietet, da es eine hohe Nachfrage gibt.<\/p>\n<p>Paysafecard konzentriert sich sicherlich auf Datenschutz und Sicherheit. Dies ist der Fall, da sie keine pers\u00f6nlichen, sowie Bankdaten weitergeben m\u00fcssen.<\/p>\n<p>Um eine Paysafecard zu kaufen, brauchen Sie nicht einmal ein Bankkonto zu besitzen.<\/p>\n<p>Paysafecard geht Online-Transaktionen mit Bargeld sehr nahe. Da es viele Betr\u00fcgereien und Probleme in der Vergangenheit in Bezug auf Online-Transaktionen und Zahlungen per Kreditkarte gab, bietet Paysafecard einen v\u00f6llig sicheren und privaten Bezahlservice.<\/p>\n<div class=\"grid-contents\" id=\"grid-contents\"><table class=\"cas_table\" ><tbody><tr class=\"rank-1\">\n                                <td class=\"ranking\">1<\/td>\n                                <td class=\"brandcol\">\n                                    <a href=https:\/\/www.top10casinowebsites.net\/de\/review\/888-casino class=\"brand brand-bg\"><img loading=\"lazy\" decoding=\"async\" class=\"group list-group-image\" src=\"https:\/\/static.top10casinowebsites.net\/images\/casino-rooms\/888-casino-logo.png\" width=\"200\" height=\"128\"\/><\/a>\n                                <\/td>\n                                <td class=\"bonus\" data-title=\"Bonus\">\n\t\t\t\t\t               <p class=\"bonus-text\"><strong>$888<\/strong>Welcome Bonus <br>(<a href=\"https:\/\/www.top10casinowebsites.net\/de\/review\/888-casino\">T&Cs apply, 18+<\/a>)<\/p>\n\t\t\t\t                <\/td>\n\t\t\t\t\t            <td class=\"badge_game\" data-title=\"Rating\">\n                                    <div class=\"rating\"><strong>5<\/strong>\/5<\/div>\n                                    <div class=\"rating stars\" style=\"margin-top: 5px;\"><span class=\"icon icon-stars\"><span class=\"icon-stars green\" style=\"width: 100%;\"><\/span><\/span><\/div>\n\t\t\t\t\t            <\/td>\n                               \n                                <td class=\"play\">\n\t\t\t\t\t               <a class=\"button-gold\" rel=\"nofollow\" href=\"https:\/\/www.top10casinowebsites.net\/de\/review\/888-casino\">Visit<\/a>\n\t                               <div class=\"\">\n\t\t\t\t\t                   <a class=\"review-snippet-link-play-now-col\" href=\"https:\/\/www.top10casinowebsites.net\/de\/review\/888-casino\">Read Review<\/a>\n\t\t\t\t\t               <\/div>\n\t\t\t\t\t           <\/td>\n     \t\t\t\t        <\/tr><\/tbody><\/table><\/div>\n<p>Paysafecard ist in\u00a0<strong>mehr als 500.000 Filialen und Standorten<\/strong>\u00a0in vielen L\u00e4ndern der Welt erh\u00e4ltlich. Diese Karten k\u00f6nnen an Tankstellen, Lebensmittelgesch\u00e4ften, M\u00e4rkten und andere Quellen gekauft werden. Um einen H\u00e4ndler in ihrer N\u00e4he zu finden, bei dem Sie eine Paysafecard erwerben k\u00f6nnen, gehen Sie auf die PAYSAFECARD Website und w\u00e4hlen Sie <em>Verkaufsstellen finden<\/em>. Sie werden dann gebeten, Ihre Postleitzahl oder Ihren Wohnort dem Paysafecard-Team zur Verf\u00fcgung zu stellen und sie erhalten den Standort von Ihrem n\u00e4chsten Paysafecard-Einzelh\u00e4ndler.<\/p>\n<h2>Wie funktioniert die Paysafecard-Zahlungsmethode?<\/h2>\n<p>Dies ist eine der einfachsten Methoden f\u00fcr Online-Zahlungen und ist genauso einfach, wie wenn Sie in Bar andere Waren oder Dienstleistungen erwerben. Alles, was Sie zu tun haben, ist den Weg zu ihrem n\u00e4chsten Paysafecard-Einzelh\u00e4ndler zu finden und eine Karte zu kaufen. Sie brauchen nur den Betrag zu w\u00e4hlen und wenn Sie f\u00fcr die Karte bezahlt haben, erhalten Sie einen Paysafecard-Gutschein im Wert davon, wieviel Sie gezahlt haben. Mit ihrer Paysafecard erhalten Sie auch\u00a0eine 16-stellige Zahl\u00a0, die Sie benutzen k\u00f6nnen, um Zahlungen mit Ihrem Gutschein zu t\u00e4tigen.<\/p>\n<p><strong>Paysafecard<\/strong><\/p>\n<p><center><iframe loading=\"lazy\" width=\"560\" height=\"315\" src=\"https:\/\/www.youtube.com\/embed\/HFSfwM_PHMI\" frameborder=\"0\" allowfullscreen><\/iframe><\/center><\/p>\n<p>Um Geld in ihr Casino-Konto mit Paysafecard zu investieren, klicken Sie auf &#8220;Kasse&#8221;, wenn Sie sich in Ihrem Konto angemeldet haben. W\u00e4hlen Sie, eine Einzahlung zu t\u00e4tigen und wenn Sie der Liste mit den Zahlungsmethoden begegnen, w\u00e4hlen Sie Paysafecard. Sie werden dann gebeten, die <strong>16-stellige Nummer<\/strong> von Ihrem Gutschein einzugeben. Nachdem Sie dies getan haben, wird das Geld sofort in Ihr Spielerkonto \u00fcbertragen werden.<\/p>\n<p>Paysafecard ist vorteilhafter f\u00fcr hochsichere Einmalzahlungen an die Onlinecasinos. Der einzige wirkliche Nachteil gegen\u00fcber der Paysafecard-Zahlungsmethode ist die Tatsache, dass sie kein Geld mit dieser Methode abheben k\u00f6nnen. Sie k\u00f6nnen aber mit der gleichen Karte an verschiedenen Onlinecasinos spielen. Paysafecard ist eine gro\u00dfe und wirksame Option f\u00fcr Einzahlungen, aber Sie m\u00fcssen eine andere Zahlungsmethode w\u00e4hlen, um Ihr Geld abzuheben.<\/p>\n<p>Vorteile der Verwendung der Paysafecard-Zahlungsmethode<\/p>\n<p>Paysafecard wird mittlerweile bei vielen\u00a0<a href=\"https:\/\/www.top10casinowebsites.net\/de\/casinos\">Onlinecasinos rund um die Welt<\/a> akzeptiert und ist eine \u00e4u\u00dferst sichere Methode f\u00fcr Einzahlungen auf Ihr Konto. Es ist auch n\u00fctzlich, wenn Sie Ihre t\u00e4glichen, w\u00f6chentlichen oder monatlichen Einzahlungslimits mit anderen Formen der Zahlungsmethoden \u00fcberschritten haben, sowie Sie in der Lage sind, Paysafecard zu nutzen, um ihr Onlinecasino-Konto mit absoluter Diskretion zu finanzieren.<\/p>\n<p>In diesem Sinne k\u00f6nnen Sie die Paysafecard-Zahlungsmethode als eine Art Backup verwenden, sollten Sie Probleme oder Verz\u00f6gerungen mit ihren regelm\u00e4\u00dfigen Zahlungsmethoden haben.<\/p>\n<p>Mit der Paysafecard-Option k\u00f6nnen Sie Ihre Kapital- und ihre Wettgrenzen f\u00fcr sich selbst bestimmen, da Sie nur die Menge, die Sie auf die Karte \u00fcbertragen haben, nutzen k\u00f6nnen. F\u00fcr Onlinecasino-Spieler, die vielleicht Schwierigkeiten haben, an ihren selbst auferlegten Grenzen festzuhalten, kann Paysafecard die Wetten auf eine t\u00e4gliche, w\u00f6chentliche oder monatliche Basis begrenzen.<\/p>\n","protected":false},"excerpt":{"rendered":"<p>Paysafecard\u00a0ist eines der sichersten, einfachsten und leichtesten Formen von Online-Transaktionen. Paysafecard ist eine weitverbreitete Zahlungsmethode in den Onlinecasinos und Sie werden feststellen, dass die Mehrheit der Onlinecasinos diese Zahlungsmethode anbietet, da es eine hohe Nachfrage gibt. Paysafecard konzentriert sich sicherlich auf Datenschutz und Sicherheit. Dies ist der Fall, da sie keine pers\u00f6nlichen, sowie Bankdaten weitergeben [&hellip;]<\/p>\n","protected":false},"author":4,"featured_media":0,"parent":1766,"menu_order":0,"comment_status":"closed","ping_status":"closed","template":"","meta":{"_acf_changed":false,"footnotes":""},"class_list":["post-1789","page","type-page","status-publish","hentry"],"acf":[],"yoast_head":"<!-- This site is optimized with the Yoast SEO plugin v27.4 - https:\/\/yoast.com\/product\/yoast-seo-wordpress\/ -->\n<title>Paysafecard-Casinos - Einzahlung mit Paysafecard auf Onlinecasinos<\/title>\n<meta name=\"description\" content=\"Die Paysafecard-Onlinecasino-Zahlungsmethode erkl\u00e4rt - Finden Sie heraus, wie es funktioniert und was die Vorteile dieser Methode sind.\" \/>\n<meta name=\"robots\" content=\"noindex, follow, max-snippet:-1, max-image-preview:large, max-video-preview:-1\" \/>\n<meta property=\"og:locale\" content=\"en_US\" \/>\n<meta property=\"og:type\" content=\"article\" \/>\n<meta property=\"og:title\" content=\"Paysafecard-Casinos - Einzahlung mit Paysafecard auf Onlinecasinos\" \/>\n<meta property=\"og:description\" content=\"Die Paysafecard-Onlinecasino-Zahlungsmethode erkl\u00e4rt - Finden Sie heraus, wie es funktioniert und was die Vorteile dieser Methode sind.\" \/>\n<meta property=\"og:url\" content=\"https:\/\/www.top10casinowebsites.net\/de\/anzahlungsmethoden\/paysafecard\" \/>\n<meta property=\"og:site_name\" content=\"DE\" \/>\n<meta property=\"article:modified_time\" content=\"2017-10-06T17:13:06+00:00\" \/>\n<meta name=\"twitter:card\" content=\"summary_large_image\" \/>\n<meta name=\"twitter:label1\" content=\"Est. reading time\" \/>\n\t<meta name=\"twitter:data1\" content=\"3 minutes\" \/>\n<script type=\"application\/ld+json\" class=\"yoast-schema-graph\">{\"@context\":\"https:\\\/\\\/schema.org\",\"@graph\":[{\"@type\":\"WebPage\",\"@id\":\"https:\\\/\\\/www.top10casinowebsites.net\\\/de\\\/anzahlungsmethoden\\\/paysafecard\",\"url\":\"https:\\\/\\\/www.top10casinowebsites.net\\\/de\\\/anzahlungsmethoden\\\/paysafecard\",\"name\":\"Paysafecard-Casinos - Einzahlung mit Paysafecard auf Onlinecasinos\",\"isPartOf\":{\"@id\":\"https:\\\/\\\/www.top10casinowebsites.net\\\/de\\\/#website\"},\"primaryImageOfPage\":{\"@id\":\"https:\\\/\\\/www.top10casinowebsites.net\\\/de\\\/anzahlungsmethoden\\\/paysafecard#primaryimage\"},\"image\":{\"@id\":\"https:\\\/\\\/www.top10casinowebsites.net\\\/de\\\/anzahlungsmethoden\\\/paysafecard#primaryimage\"},\"thumbnailUrl\":\"https:\\\/\\\/www.top10casinowebsites.net\\\/wp-content\\\/uploads\\\/2017\\\/01\\\/paysafecard.jpg\",\"datePublished\":\"2017-01-31T11:07:58+00:00\",\"dateModified\":\"2017-10-06T17:13:06+00:00\",\"description\":\"Die Paysafecard-Onlinecasino-Zahlungsmethode erkl\u00e4rt - Finden Sie heraus, wie es funktioniert und was die Vorteile dieser Methode sind.\",\"breadcrumb\":{\"@id\":\"https:\\\/\\\/www.top10casinowebsites.net\\\/de\\\/anzahlungsmethoden\\\/paysafecard#breadcrumb\"},\"inLanguage\":\"en-US\",\"potentialAction\":[{\"@type\":\"ReadAction\",\"target\":[\"https:\\\/\\\/www.top10casinowebsites.net\\\/de\\\/anzahlungsmethoden\\\/paysafecard\"]}]},{\"@type\":\"ImageObject\",\"inLanguage\":\"en-US\",\"@id\":\"https:\\\/\\\/www.top10casinowebsites.net\\\/de\\\/anzahlungsmethoden\\\/paysafecard#primaryimage\",\"url\":\"https:\\\/\\\/www.top10casinowebsites.net\\\/wp-content\\\/uploads\\\/2017\\\/01\\\/paysafecard.jpg\",\"contentUrl\":\"https:\\\/\\\/www.top10casinowebsites.net\\\/wp-content\\\/uploads\\\/2017\\\/01\\\/paysafecard.jpg\"},{\"@type\":\"BreadcrumbList\",\"@id\":\"https:\\\/\\\/www.top10casinowebsites.net\\\/de\\\/anzahlungsmethoden\\\/paysafecard#breadcrumb\",\"itemListElement\":[{\"@type\":\"ListItem\",\"position\":1,\"name\":\"Home\",\"item\":\"https:\\\/\\\/www.top10casinowebsites.net\\\/de\\\/\"},{\"@type\":\"ListItem\",\"position\":2,\"name\":\"Anzahlungsmethoden &#8211; eine komplette Anleitung f\u00fcr Casino-Anzahlungsmethoden\",\"item\":\"https:\\\/\\\/www.top10casinowebsites.net\\\/de\\\/anzahlungsmethoden\"},{\"@type\":\"ListItem\",\"position\":3,\"name\":\"Paysafecard-Casinos &#8211; Einzahlung mit Paysafecard auf Onlinecasinos\"}]},{\"@type\":\"WebSite\",\"@id\":\"https:\\\/\\\/www.top10casinowebsites.net\\\/de\\\/#website\",\"url\":\"https:\\\/\\\/www.top10casinowebsites.net\\\/de\\\/\",\"name\":\"DE\",\"description\":\"\",\"potentialAction\":[{\"@type\":\"SearchAction\",\"target\":{\"@type\":\"EntryPoint\",\"urlTemplate\":\"https:\\\/\\\/www.top10casinowebsites.net\\\/de\\\/?s={search_term_string}\"},\"query-input\":{\"@type\":\"PropertyValueSpecification\",\"valueRequired\":true,\"valueName\":\"search_term_string\"}}],\"inLanguage\":\"en-US\"}]}<\/script>\n<!-- \/ Yoast SEO plugin. -->","yoast_head_json":{"title":"Paysafecard-Casinos - Einzahlung mit Paysafecard auf Onlinecasinos","description":"Die Paysafecard-Onlinecasino-Zahlungsmethode erkl\u00e4rt - Finden Sie heraus, wie es funktioniert und was die Vorteile dieser Methode sind.","robots":{"index":"noindex","follow":"follow","max-snippet":"max-snippet:-1","max-image-preview":"max-image-preview:large","max-video-preview":"max-video-preview:-1"},"og_locale":"en_US","og_type":"article","og_title":"Paysafecard-Casinos - Einzahlung mit Paysafecard auf Onlinecasinos","og_description":"Die Paysafecard-Onlinecasino-Zahlungsmethode erkl\u00e4rt - Finden Sie heraus, wie es funktioniert und was die Vorteile dieser Methode sind.","og_url":"https:\/\/www.top10casinowebsites.net\/de\/anzahlungsmethoden\/paysafecard","og_site_name":"DE","article_modified_time":"2017-10-06T17:13:06+00:00","twitter_card":"summary_large_image","twitter_misc":{"Est. reading time":"3 minutes"},"schema":{"@context":"https:\/\/schema.org","@graph":[{"@type":"WebPage","@id":"https:\/\/www.top10casinowebsites.net\/de\/anzahlungsmethoden\/paysafecard","url":"https:\/\/www.top10casinowebsites.net\/de\/anzahlungsmethoden\/paysafecard","name":"Paysafecard-Casinos - Einzahlung mit Paysafecard auf Onlinecasinos","isPartOf":{"@id":"https:\/\/www.top10casinowebsites.net\/de\/#website"},"primaryImageOfPage":{"@id":"https:\/\/www.top10casinowebsites.net\/de\/anzahlungsmethoden\/paysafecard#primaryimage"},"image":{"@id":"https:\/\/www.top10casinowebsites.net\/de\/anzahlungsmethoden\/paysafecard#primaryimage"},"thumbnailUrl":"https:\/\/www.top10casinowebsites.net\/wp-content\/uploads\/2017\/01\/paysafecard.jpg","datePublished":"2017-01-31T11:07:58+00:00","dateModified":"2017-10-06T17:13:06+00:00","description":"Die Paysafecard-Onlinecasino-Zahlungsmethode erkl\u00e4rt - Finden Sie heraus, wie es funktioniert und was die Vorteile dieser Methode sind.","breadcrumb":{"@id":"https:\/\/www.top10casinowebsites.net\/de\/anzahlungsmethoden\/paysafecard#breadcrumb"},"inLanguage":"en-US","potentialAction":[{"@type":"ReadAction","target":["https:\/\/www.top10casinowebsites.net\/de\/anzahlungsmethoden\/paysafecard"]}]},{"@type":"ImageObject","inLanguage":"en-US","@id":"https:\/\/www.top10casinowebsites.net\/de\/anzahlungsmethoden\/paysafecard#primaryimage","url":"https:\/\/www.top10casinowebsites.net\/wp-content\/uploads\/2017\/01\/paysafecard.jpg","contentUrl":"https:\/\/www.top10casinowebsites.net\/wp-content\/uploads\/2017\/01\/paysafecard.jpg"},{"@type":"BreadcrumbList","@id":"https:\/\/www.top10casinowebsites.net\/de\/anzahlungsmethoden\/paysafecard#breadcrumb","itemListElement":[{"@type":"ListItem","position":1,"name":"Home","item":"https:\/\/www.top10casinowebsites.net\/de\/"},{"@type":"ListItem","position":2,"name":"Anzahlungsmethoden &#8211; eine komplette Anleitung f\u00fcr Casino-Anzahlungsmethoden","item":"https:\/\/www.top10casinowebsites.net\/de\/anzahlungsmethoden"},{"@type":"ListItem","position":3,"name":"Paysafecard-Casinos &#8211; Einzahlung mit Paysafecard auf Onlinecasinos"}]},{"@type":"WebSite","@id":"https:\/\/www.top10casinowebsites.net\/de\/#website","url":"https:\/\/www.top10casinowebsites.net\/de\/","name":"DE","description":"","potentialAction":[{"@type":"SearchAction","target":{"@type":"EntryPoint","urlTemplate":"https:\/\/www.top10casinowebsites.net\/de\/?s={search_term_string}"},"query-input":{"@type":"PropertyValueSpecification","valueRequired":true,"valueName":"search_term_string"}}],"inLanguage":"en-US"}]}},"_links":{"self":[{"href":"https:\/\/www.top10casinowebsites.net\/de\/wp-json\/wp\/v2\/pages\/1789","targetHints":{"allow":["GET"]}}],"collection":[{"href":"https:\/\/www.top10casinowebsites.net\/de\/wp-json\/wp\/v2\/pages"}],"about":[{"href":"https:\/\/www.top10casinowebsites.net\/de\/wp-json\/wp\/v2\/types\/page"}],"author":[{"embeddable":true,"href":"https:\/\/www.top10casinowebsites.net\/de\/wp-json\/wp\/v2\/users\/4"}],"replies":[{"embeddable":true,"href":"https:\/\/www.top10casinowebsites.net\/de\/wp-json\/wp\/v2\/comments?post=1789"}],"version-history":[{"count":2,"href":"https:\/\/www.top10casinowebsites.net\/de\/wp-json\/wp\/v2\/pages\/1789\/revisions"}],"predecessor-version":[{"id":2104,"href":"https:\/\/www.top10casinowebsites.net\/de\/wp-json\/wp\/v2\/pages\/1789\/revisions\/2104"}],"up":[{"embeddable":true,"href":"https:\/\/www.top10casinowebsites.net\/de\/wp-json\/wp\/v2\/pages\/1766"}],"wp:attachment":[{"href":"https:\/\/www.top10casinowebsites.net\/de\/wp-json\/wp\/v2\/media?parent=1789"}],"curies":[{"name":"wp","href":"https:\/\/api.w.org\/{rel}","templated":true}]}}