{"id":330,"date":"2016-01-30T17:37:03","date_gmt":"2016-01-30T17:37:03","guid":{"rendered":"http:\/\/www.top10casinowebsites.net\/?page_id=330"},"modified":"2024-01-17T12:44:32","modified_gmt":"2024-01-17T12:44:32","slug":"casinos","status":"publish","type":"page","link":"https:\/\/www.top10casinowebsites.net\/de\/casinos","title":{"rendered":"Online Casinos &#8211; Top 10 Real Money Online Casinos f\u00fcr 2020"},"content":{"rendered":"<p><img loading=\"lazy\" decoding=\"async\" class=\"alignleft\" src=\"https:\/\/static.top10casinowebsites.net\/images\/flags\/online-casino-world.jpg\" alt=\"Online Casinos\" width=\"250\" height=\"200\" \/>Um sicherzustellen, dass Ihnen ein Breit von Casinos zur Verf\u00fcgung steht, in denen Sie mit Echtgeld spielen k\u00f6nnen, haben wir alle Spiele \u00fcberpr\u00fcft und verf\u00fcgen zudem auch noch \u00fcber kostenlose Spiele. Wir haben eine umfassende Auswahl an Onlinecasino-Bewertungen, auf die Sie gerne einen Blick werfen k\u00f6nnen.<\/p>\n<p>Doch bevor Sie dies tun, m\u00f6chten wir Sie auf unsere strengen Kriterien, die wir verwenden, um Casinos zu w\u00e4hlen und jeden unserer Besucher zu pr\u00e4sentieren, aufmerksam machen, da wir nicht einfach irgendwelche Casinos promoten!<\/p>\n<p>Im Folgenden finden Sie einen \u00dcberblick \u00fcber die Zusammenstellung von Bedingungen, unsere Checkliste und eine Reihe anderer Dinge, die von jeder Casino-Seite verlangen, damit Sie auf unserer Webseite zu sehen ist, zu garantieren. Egal f\u00fcr welches Casino Sie sich entscheiden, Sie erhalten ein erstklassiges Onlinecasino, ohne irgendwelche Probleme.<\/p>\n<div class=\"grid-contents\" id=\"grid-contents\"><table class=\"cas_table\" ><tbody><tr class=\"rank-1\">\n                                <td class=\"ranking\">1<\/td>\n                                <td class=\"brandcol\">\n                                    <a href=https:\/\/www.top10casinowebsites.net\/de\/review\/888-casino class=\"brand brand-bg\"><img loading=\"lazy\" decoding=\"async\" class=\"group list-group-image\" src=\"https:\/\/static.top10casinowebsites.net\/images\/casino-rooms\/888-casino-logo.png\" width=\"200\" height=\"128\"\/><\/a>\n                                <\/td>\n                                <td class=\"bonus\" data-title=\"Bonus\">\n\t\t\t\t\t               <p class=\"bonus-text\"><strong>$888<\/strong>Welcome Bonus <br>(<a href=\"https:\/\/www.top10casinowebsites.net\/de\/review\/888-casino\">T&Cs apply, 18+<\/a>)<\/p>\n\t\t\t\t                <\/td>\n\t\t\t\t\t            <td class=\"badge_game\" data-title=\"Rating\">\n                                    <div class=\"rating\"><strong>5<\/strong>\/5<\/div>\n                                    <div class=\"rating stars\" style=\"margin-top: 5px;\"><span class=\"icon icon-stars\"><span class=\"icon-stars green\" style=\"width: 100%;\"><\/span><\/span><\/div>\n\t\t\t\t\t            <\/td>\n                               \n                                <td class=\"play\">\n\t\t\t\t\t               <a class=\"button-gold\" rel=\"nofollow\" href=\"https:\/\/www.top10casinowebsites.net\/de\/review\/888-casino\">Visit<\/a>\n\t                               <div class=\"\">\n\t\t\t\t\t                   <a class=\"review-snippet-link-play-now-col\" href=\"https:\/\/www.top10casinowebsites.net\/de\/review\/888-casino\">Read Review<\/a>\n\t\t\t\t\t               <\/div>\n\t\t\t\t\t           <\/td>\n     \t\t\t\t        <\/tr><\/tbody><\/table><\/div>\n<h2>Online Casino Klassifizierungen<\/h2>\n<p>[toc]Eine Sacher, vor der wir eher zur\u00fcckscheuen, ist das Abgeben von Bewertungen f\u00fcr eine Casino-Seite, die Sie auf unserer Website gelistet sehen. Der Grund daf\u00fcr ist, dass jedes Onlinecasino, dass sie in unserer Liste finden, gewisse Kriterien erf\u00fcllt, was bedeutet, dass jedes von ihnen auf den h\u00f6chsten Standards l\u00e4uft.<\/p>\n<p>Es gibt eine ganze Reihe von verschiedenen\u00a0Casino-Genehmigungsbeh\u00f6rden und Gl\u00fccksspiel-Kommissionen, die eine andere Sache im Auge behalten, und zwar, dass jedes Casino, welches wir f\u00f6rdern, vollkommen lizensiert, fair und im Einklang mit den Standards der Industrie funktioniert.<\/p>\n<h2>Online-Gl\u00fccksspiel Rechtm\u00e4\u00dfigkeit<\/h2>\n<p>Es gibt zwei Dinge, die Sie in Bezug auf die Legalit\u00e4t und das Online-Gl\u00fccksspiel, wissen m\u00fcssen, basierend darauf, wo sie gerade leben. Zuerst einmal, m\u00fcssen sie das Mindestalter erf\u00fcllen, um \u00fcberhaupt die M\u00f6glichkeit zu haben, sich anzumelden, Geld einzuzahlen und auf einer Casinoseite, die wir \u00fcberpr\u00fcft haben, zu spielen.<\/p>\n<p>Zweitens ist die Legalit\u00e4t von Online-Gl\u00fccksspiel davon abh\u00e4ngig, wo Sie gerade leben. Daher haben wir die Casinos nach L\u00e4ndern aufgeteilt, was das Finden von Casinos, welche in Ihrem Land erlaubt sind, wesentlich einfacher macht.<\/p>\n<h2>Technologie und Gl\u00fccksspiel-Plattformen<\/h2>\n<p>Alle Casinospiele, die Sie finden werden, haben wir \u00fcberpr\u00fcft und wurden von mehr als einem Spielelieferanten geliefert, sodass jedes einzelne Spiel, unabh\u00e4ngig voneinander getestet wurde.<\/p>\n<p>Sie werden auch feststellen, dass die Zufallsgeneratoren, die verwendet werden, um jedes Spiel zu bestimmen, auch f\u00fcr die Herstellung von v\u00f6llig zuf\u00e4lligen und unvorhersehbaren Ereignissen zertifiziert worden sind, so dass jedes Spiel, das Sie spielen, im Einklang mit seinen Spielregeln und den Auszahlungen arbeitet, mit den aufgelisteten RTPs und House Edges auf lange Sicht erreicht werden k\u00f6nnen.<\/p>\n<p>Sie haben drei verschiedene M\u00f6glichkeiten, um den Casinospielen, die zur Verf\u00fcgung stehen, beizutreten.\u00a0 Sie k\u00f6nnen sie \u00fcber eine mobile Gaming-Plattform, \u00fcber eine App oder \u00fcber einen mobilen Webbrowser abspielen, sowie Sie auch, durch eine vollst\u00e4ndig herunterladbare Gaming-Plattform oder durch eine Webbrowser-kompatible Instant-Play-Gaming-Plattform, auf die Spiele zugreifen k\u00f6nnen.<\/p>\n<h2>Spiele<\/h2>\n<p>Egal, nach welcher Art von Casino-Spiel Sie schauen wir sind mehr als zuversichtlich, dass Sie die Spiele in jedem dargestellten und somit gepr\u00fcften Casino finden werden. Die Spiele werden in jeder Spielkategorie auf der jeweiligen Casino-Website, die Sie w\u00e4hlen angezeigt und es wird auch mehrere verschiedene Varianten der gleichen Kategorie von Spiel geben.<\/p>\n<p>Um die aktuelle Gaming-Legalisierung zu erf\u00fcllen, die von mehreren verschiedenen L\u00e4ndern verlangt wird, k\u00f6nnen Sie auch die erwarteten langfristigen RTPs und \/ oder den Hausrand eines jeden Casino-Spiels finden und jede Casino-Spielvariante, die irgendwo auf der Casino-Website aufgef\u00fchrt wird, auf der Sie spielen k\u00f6nnen.<\/p>\n<h2>Handy Casinos<\/h2>\n<p>Da mehr und mehr Onlinecasinos begonnen haben, ihre eigenen eigenst\u00e4ndigen Mobilen-Casino-Seiten starten, finden Sie auch auf unserer Seite, eine Reihe von Mobilen-Casino-Bewertungen. \u00c4hnlich wie Ihre Kollegen unterliegen sie den gleichen Verordnung eines jeden mobilen Casinos und werden \u00fcberpr\u00fcft und lizensiert.<\/p>\n<p>Es h\u00e4ngt nur davon ab, auf welcher mobilen Casinoseite, Sie angemeldet sind und ob die Casino-Plattform bzw. die App, mit ihrem Smartphone kompatibel ist. Die meisten Smartphones sind jedoch auch mit dein meisten Spieleplattformen kompatibel.<\/p>\n<h2>Jackpots<\/h2>\n<p>Sie haben die M\u00f6glichkeit, auf jeder unserer Casinoseiten, f\u00fcr einen fortschrittlichen Jackpot zu spielen. Seien Sie sich bitte bewusst, dass die Auszahlung der Jackpots von den Richtlinien des Onlinecasinos abh\u00e4ngen, welches Sie zum Spielen gew\u00e4hlt haben.<\/p>\n<p>Einige Casinos, zahlen ihren Jackpot in Pauschalbetr\u00e4gen aus und das t\u00e4glich, w\u00f6chentlich oder monatlich.<\/p>\n<h2>Pr\u00e4mien<\/h2>\n<p>Nat\u00fcrlich gibt es eine gro\u00dfe Vielzahl von verschiedenen Arten von Casino Boni, die Ihnen, sobald Sie als neuer Spieler registriert sind, jederzeit auf unserer \u00fcberpr\u00fcften Onlinecasino-Seiten zur Verf\u00fcgung stehen.<\/p>\n<p>Aber jedes einzelne Casino, ob ein Online-oder mobiles Casino, wird ihre eigenen Richtlinien haben, wie Sie die Pr\u00e4mie verwenden k\u00f6nnen, die mit Credits ausgezeichnet wurden.<\/p>\n","protected":false},"excerpt":{"rendered":"<p>Um sicherzustellen, dass Ihnen ein Breit von Casinos zur Verf\u00fcgung steht, in denen Sie mit Echtgeld spielen k\u00f6nnen, haben wir alle Spiele \u00fcberpr\u00fcft und verf\u00fcgen zudem auch noch \u00fcber kostenlose Spiele. Wir haben eine umfassende Auswahl an Onlinecasino-Bewertungen, auf die Sie gerne einen Blick werfen k\u00f6nnen. Doch bevor Sie dies tun, m\u00f6chten wir Sie auf [&hellip;]<\/p>\n","protected":false},"author":4,"featured_media":0,"parent":0,"menu_order":0,"comment_status":"closed","ping_status":"closed","template":"","meta":{"_acf_changed":false,"footnotes":""},"class_list":["post-330","page","type-page","status-publish","hentry"],"acf":[],"yoast_head":"<!-- This site is optimized with the Yoast SEO plugin v27.4 - https:\/\/yoast.com\/product\/yoast-seo-wordpress\/ -->\n<title>Online Casinos - Top 10 Real Money Online Casinos f\u00fcr 2019<\/title>\n<meta name=\"description\" content=\"Hier finden Sie die Liste der besten Echtgeld-Onlinecasinos. W\u00e4hlen Sie das beste Onlinecasino, in dem Sie von \u00fcberall auf der Welt aus spielen k\u00f6nnen.\" \/>\n<meta name=\"robots\" content=\"noindex, follow, max-snippet:-1, max-image-preview:large, max-video-preview:-1\" \/>\n<meta property=\"og:locale\" content=\"en_US\" \/>\n<meta property=\"og:type\" content=\"article\" \/>\n<meta property=\"og:title\" content=\"Online Casinos - Top 10 Real Money Online Casinos f\u00fcr 2019\" \/>\n<meta property=\"og:description\" content=\"Hier finden Sie die Liste der besten Echtgeld-Onlinecasinos. W\u00e4hlen Sie das beste Onlinecasino, in dem Sie von \u00fcberall auf der Welt aus spielen k\u00f6nnen.\" \/>\n<meta property=\"og:url\" content=\"https:\/\/www.top10casinowebsites.net\/de\/casinos\" \/>\n<meta property=\"og:site_name\" content=\"DE\" \/>\n<meta property=\"article:modified_time\" content=\"2024-01-17T12:44:32+00:00\" \/>\n<meta property=\"og:image\" content=\"https:\/\/static.top10casinowebsites.net\/images\/flags\/online-casino-world.jpg\" \/>\n<meta name=\"twitter:card\" content=\"summary_large_image\" \/>\n<meta name=\"twitter:label1\" content=\"Est. reading time\" \/>\n\t<meta name=\"twitter:data1\" content=\"4 minutes\" \/>\n<script type=\"application\/ld+json\" class=\"yoast-schema-graph\">{\"@context\":\"https:\\\/\\\/schema.org\",\"@graph\":[{\"@type\":\"WebPage\",\"@id\":\"https:\\\/\\\/www.top10casinowebsites.net\\\/de\\\/casinos\",\"url\":\"https:\\\/\\\/www.top10casinowebsites.net\\\/de\\\/casinos\",\"name\":\"Online Casinos - Top 10 Real Money Online Casinos f\u00fcr 2019\",\"isPartOf\":{\"@id\":\"https:\\\/\\\/www.top10casinowebsites.net\\\/de\\\/#website\"},\"primaryImageOfPage\":{\"@id\":\"https:\\\/\\\/www.top10casinowebsites.net\\\/de\\\/casinos#primaryimage\"},\"image\":{\"@id\":\"https:\\\/\\\/www.top10casinowebsites.net\\\/de\\\/casinos#primaryimage\"},\"thumbnailUrl\":\"https:\\\/\\\/static.top10casinowebsites.net\\\/images\\\/flags\\\/online-casino-world.jpg\",\"datePublished\":\"2016-01-30T17:37:03+00:00\",\"dateModified\":\"2024-01-17T12:44:32+00:00\",\"description\":\"Hier finden Sie die Liste der besten Echtgeld-Onlinecasinos. W\u00e4hlen Sie das beste Onlinecasino, in dem Sie von \u00fcberall auf der Welt aus spielen k\u00f6nnen.\",\"breadcrumb\":{\"@id\":\"https:\\\/\\\/www.top10casinowebsites.net\\\/de\\\/casinos#breadcrumb\"},\"inLanguage\":\"en-US\",\"potentialAction\":[{\"@type\":\"ReadAction\",\"target\":[\"https:\\\/\\\/www.top10casinowebsites.net\\\/de\\\/casinos\"]}]},{\"@type\":\"ImageObject\",\"inLanguage\":\"en-US\",\"@id\":\"https:\\\/\\\/www.top10casinowebsites.net\\\/de\\\/casinos#primaryimage\",\"url\":\"https:\\\/\\\/static.top10casinowebsites.net\\\/images\\\/flags\\\/online-casino-world.jpg\",\"contentUrl\":\"https:\\\/\\\/static.top10casinowebsites.net\\\/images\\\/flags\\\/online-casino-world.jpg\"},{\"@type\":\"BreadcrumbList\",\"@id\":\"https:\\\/\\\/www.top10casinowebsites.net\\\/de\\\/casinos#breadcrumb\",\"itemListElement\":[{\"@type\":\"ListItem\",\"position\":1,\"name\":\"Home\",\"item\":\"https:\\\/\\\/www.top10casinowebsites.net\\\/de\\\/\"},{\"@type\":\"ListItem\",\"position\":2,\"name\":\"Online Casinos &#8211; Top 10 Real Money Online Casinos f\u00fcr 2020\"}]},{\"@type\":\"WebSite\",\"@id\":\"https:\\\/\\\/www.top10casinowebsites.net\\\/de\\\/#website\",\"url\":\"https:\\\/\\\/www.top10casinowebsites.net\\\/de\\\/\",\"name\":\"DE\",\"description\":\"\",\"potentialAction\":[{\"@type\":\"SearchAction\",\"target\":{\"@type\":\"EntryPoint\",\"urlTemplate\":\"https:\\\/\\\/www.top10casinowebsites.net\\\/de\\\/?s={search_term_string}\"},\"query-input\":{\"@type\":\"PropertyValueSpecification\",\"valueRequired\":true,\"valueName\":\"search_term_string\"}}],\"inLanguage\":\"en-US\"}]}<\/script>\n<!-- \/ Yoast SEO plugin. -->","yoast_head_json":{"title":"Online Casinos - Top 10 Real Money Online Casinos f\u00fcr 2019","description":"Hier finden Sie die Liste der besten Echtgeld-Onlinecasinos. W\u00e4hlen Sie das beste Onlinecasino, in dem Sie von \u00fcberall auf der Welt aus spielen k\u00f6nnen.","robots":{"index":"noindex","follow":"follow","max-snippet":"max-snippet:-1","max-image-preview":"max-image-preview:large","max-video-preview":"max-video-preview:-1"},"og_locale":"en_US","og_type":"article","og_title":"Online Casinos - Top 10 Real Money Online Casinos f\u00fcr 2019","og_description":"Hier finden Sie die Liste der besten Echtgeld-Onlinecasinos. W\u00e4hlen Sie das beste Onlinecasino, in dem Sie von \u00fcberall auf der Welt aus spielen k\u00f6nnen.","og_url":"https:\/\/www.top10casinowebsites.net\/de\/casinos","og_site_name":"DE","article_modified_time":"2024-01-17T12:44:32+00:00","og_image":[{"url":"https:\/\/static.top10casinowebsites.net\/images\/flags\/online-casino-world.jpg","type":"","width":"","height":""}],"twitter_card":"summary_large_image","twitter_misc":{"Est. reading time":"4 minutes"},"schema":{"@context":"https:\/\/schema.org","@graph":[{"@type":"WebPage","@id":"https:\/\/www.top10casinowebsites.net\/de\/casinos","url":"https:\/\/www.top10casinowebsites.net\/de\/casinos","name":"Online Casinos - Top 10 Real Money Online Casinos f\u00fcr 2019","isPartOf":{"@id":"https:\/\/www.top10casinowebsites.net\/de\/#website"},"primaryImageOfPage":{"@id":"https:\/\/www.top10casinowebsites.net\/de\/casinos#primaryimage"},"image":{"@id":"https:\/\/www.top10casinowebsites.net\/de\/casinos#primaryimage"},"thumbnailUrl":"https:\/\/static.top10casinowebsites.net\/images\/flags\/online-casino-world.jpg","datePublished":"2016-01-30T17:37:03+00:00","dateModified":"2024-01-17T12:44:32+00:00","description":"Hier finden Sie die Liste der besten Echtgeld-Onlinecasinos. W\u00e4hlen Sie das beste Onlinecasino, in dem Sie von \u00fcberall auf der Welt aus spielen k\u00f6nnen.","breadcrumb":{"@id":"https:\/\/www.top10casinowebsites.net\/de\/casinos#breadcrumb"},"inLanguage":"en-US","potentialAction":[{"@type":"ReadAction","target":["https:\/\/www.top10casinowebsites.net\/de\/casinos"]}]},{"@type":"ImageObject","inLanguage":"en-US","@id":"https:\/\/www.top10casinowebsites.net\/de\/casinos#primaryimage","url":"https:\/\/static.top10casinowebsites.net\/images\/flags\/online-casino-world.jpg","contentUrl":"https:\/\/static.top10casinowebsites.net\/images\/flags\/online-casino-world.jpg"},{"@type":"BreadcrumbList","@id":"https:\/\/www.top10casinowebsites.net\/de\/casinos#breadcrumb","itemListElement":[{"@type":"ListItem","position":1,"name":"Home","item":"https:\/\/www.top10casinowebsites.net\/de\/"},{"@type":"ListItem","position":2,"name":"Online Casinos &#8211; Top 10 Real Money Online Casinos f\u00fcr 2020"}]},{"@type":"WebSite","@id":"https:\/\/www.top10casinowebsites.net\/de\/#website","url":"https:\/\/www.top10casinowebsites.net\/de\/","name":"DE","description":"","potentialAction":[{"@type":"SearchAction","target":{"@type":"EntryPoint","urlTemplate":"https:\/\/www.top10casinowebsites.net\/de\/?s={search_term_string}"},"query-input":{"@type":"PropertyValueSpecification","valueRequired":true,"valueName":"search_term_string"}}],"inLanguage":"en-US"}]}},"_links":{"self":[{"href":"https:\/\/www.top10casinowebsites.net\/de\/wp-json\/wp\/v2\/pages\/330","targetHints":{"allow":["GET"]}}],"collection":[{"href":"https:\/\/www.top10casinowebsites.net\/de\/wp-json\/wp\/v2\/pages"}],"about":[{"href":"https:\/\/www.top10casinowebsites.net\/de\/wp-json\/wp\/v2\/types\/page"}],"author":[{"embeddable":true,"href":"https:\/\/www.top10casinowebsites.net\/de\/wp-json\/wp\/v2\/users\/4"}],"replies":[{"embeddable":true,"href":"https:\/\/www.top10casinowebsites.net\/de\/wp-json\/wp\/v2\/comments?post=330"}],"version-history":[{"count":3,"href":"https:\/\/www.top10casinowebsites.net\/de\/wp-json\/wp\/v2\/pages\/330\/revisions"}],"predecessor-version":[{"id":2214,"href":"https:\/\/www.top10casinowebsites.net\/de\/wp-json\/wp\/v2\/pages\/330\/revisions\/2214"}],"wp:attachment":[{"href":"https:\/\/www.top10casinowebsites.net\/de\/wp-json\/wp\/v2\/media?parent=330"}],"curies":[{"name":"wp","href":"https:\/\/api.w.org\/{rel}","templated":true}]}}