{"id":382,"date":"2014-03-05T17:56:53","date_gmt":"2014-03-05T17:56:53","guid":{"rendered":"http:\/\/www.top10casinowebsites.net\/?page_id=382"},"modified":"2019-02-04T15:53:43","modified_gmt":"2019-02-04T15:53:43","slug":"spiele","status":"publish","type":"page","link":"https:\/\/www.top10casinowebsites.net\/de\/spiele","title":{"rendered":"Kasino-Spiele &#8211; Liste der Kasino-Spiele"},"content":{"rendered":"<p><img decoding=\"async\" class=\"alignleft\" src=\"https:\/\/www.top10casinowebsites.net\/wp-content\/uploads\/2017\/06\/casino-games.jpg\" alt=\"Juegos de Casino\" width=\"280\" \/>Es gibt zwei Arten von Casino Spielern, diejenigen, die immer genau dasselbe Spielmuster haben und Spieler, die durchaus bereit sind, ein breites und abwechslungsreiches Angebot zu nutzen.<\/p>\n<p>Wir haben diese Website so entwickelt, dass Sie in der Lage sind, eine Reihe von verschiedenen Casino-Spielen ausfindig zu machen und zudem eine Reihe von Top bewerteten oder anspruchsvolleren Spielen empfohlen zu bekommen.<\/p>\n<p>Um Ihnen bei der Auswahl der verschiedenen Spiele und vor allem der brandneuen Spiele zu helfen, haben wir nicht nur vollst\u00e4ndige und sehr ausf\u00fchrliche und informative Kasino-Spiel Rezensionen und <a href=\"https:\/\/www.top10casinowebsites.net\/de\/reviews\">Online-Casino-Website Bewertungen<\/a>, sondern bieten auch eine Reihe von kostenlosen Zug\u00e4ngen und Gratis-Casino-Spielen, die Sie direkt von unserer Website aus spielen k\u00f6nnen.<\/p>\n<div class=\"grid-contents\" id=\"grid-contents\"><table class=\"cas_table\" ><tbody><tr class=\"rank-1\">\n                                <td class=\"ranking\">1<\/td>\n                                <td class=\"brandcol\">\n                                    <a href=https:\/\/www.top10casinowebsites.net\/de\/review\/888-casino class=\"brand brand-bg\"><img loading=\"lazy\" decoding=\"async\" class=\"group list-group-image\" src=\"https:\/\/static.top10casinowebsites.net\/images\/casino-rooms\/888-casino-logo.png\" width=\"200\" height=\"128\"\/><\/a>\n                                <\/td>\n                                <td class=\"bonus\" data-title=\"Bonus\">\n\t\t\t\t\t               <p class=\"bonus-text\"><strong>$888<\/strong>Welcome Bonus <br>(<a href=\"https:\/\/www.top10casinowebsites.net\/de\/review\/888-casino\">T&Cs apply, 18+<\/a>)<\/p>\n\t\t\t\t                <\/td>\n\t\t\t\t\t            <td class=\"badge_game\" data-title=\"Rating\">\n                                    <div class=\"rating\"><strong>5<\/strong>\/5<\/div>\n                                    <div class=\"rating stars\" style=\"margin-top: 5px;\"><span class=\"icon icon-stars\"><span class=\"icon-stars green\" style=\"width: 100%;\"><\/span><\/span><\/div>\n\t\t\t\t\t            <\/td>\n                               \n                                <td class=\"play\">\n\t\t\t\t\t               <a class=\"button-gold\" rel=\"nofollow\" href=\"https:\/\/www.top10casinowebsites.net\/de\/review\/888-casino\">Visit<\/a>\n\t                               <div class=\"\">\n\t\t\t\t\t                   <a class=\"review-snippet-link-play-now-col\" href=\"https:\/\/www.top10casinowebsites.net\/de\/review\/888-casino\">Read Review<\/a>\n\t\t\t\t\t               <\/div>\n\t\t\t\t\t           <\/td>\n     \t\t\t\t        <\/tr><\/tbody><\/table><\/div>\n<p>[toc]<\/p>\n<p>So laden wir Sie herzlich ein, einmal einen Blick auf unsere Website zu werfen. Sie werden Stunden damit verbringen k\u00f6nnen, ohne jegliches Risiko unsere abwechslungsreiche Auswahl an verschiedenen Spielm\u00f6glichkeiten zu testen. So finden Sie zudem am schnellsten heraus, welche Spiele Ihnen am besten gefallen.<\/p>\n<p>Entdecken Sie Ihre besten Gewinnchancen, wenn Sie dann um echtes Geld spielen. Daher finden wir die besten Boni und die hervorragendsten Angebote f\u00fcr Sie. Unsere Top bewerteten Online-Kasino-Seiten garantieren Ihnen optimale Auswahl.<\/p>\n<p>Unten finden Sie einen \u00dcberblick dar\u00fcber, wie Sie sich in einem Onlinecasino anmelden und wie Sie spielen k\u00f6nnen, falls das neu f\u00fcr Sie sein sollte. Zudem lernen Sie ein paar Tipps und Tricks, wie Sie schnell Gewinne einfahren k\u00f6nnen.<\/p>\n<h2>Online Casino Spiele spielen<\/h2>\n<p>Wir wollen, dass sie so viel Spa\u00df wie m\u00f6glich haben, wenn Sie sich f\u00fcr den Besuch von einem von hunderten Onliner\u00e4umen entscheiden. Wenn Sie jedoch noch nie auf einer Kasinoseite waren, dann erlauben Sie uns, Ihnen schon Eines zu verraten: Es ist einfacher als man denkt.<\/p>\n<p>Die erste Sache, die Sie zu entscheiden haben ist, auf welche Art von Gaming Plattform Sie zugreifen m\u00f6chten. Sie k\u00f6nnen z.B. eine Spielseite downloaden und damit auf Ihrem Computer installieren. Dadurch erhalten Sie viele zus\u00e4tzliche Optionen, wie zus\u00e4tzliche Konfigurationen f\u00fcr das gew\u00e4hlte Casino-Spiel, das sollten Sie also im Hinterkopf behalten. Es stehen Ihnen zwei Arten von Gaming Plattformen zur Verf\u00fcgung, wodurch Sie Ihre Sitzung entsprechend anpassen k\u00f6nnen.<\/p>\n<p>Wenn Sie jedoch aus irgendeinem Grund diese Option des Downloadens nicht nutzen wollen, k\u00f6nnen Sie sich binnen weniger Minuten direkt \u00fcber die Webseite anmelden und sofort online spielen.<\/p>\n<p>\u00dcber den Webbrowser w\u00e4hlen Sie das entsprechende Spiel aus und k\u00f6nnen loslegen.<\/p>\n<p>Die allgemeine Faustregel f\u00fcr gute Gewinnchancen ist, diejenigen Spiele zu spielen mit dem niedrigsten Hausvorteil oder mit den h\u00f6chsten Auszahlungsquoten. Wir werden Sie auch hier nicht im Stich lassen und Sie \u00fcber genau diese Spiele unterrichten.<\/p>\n<p>Beim Suchen nach einer geeigneten Website sollten Sie also unbedingt zun\u00e4chst unsere Lesen, damit Sie in den Genuss von vielen kostenlosen Kasino-Spielen kommen. Damit lernen Sie aus erster Hand, wie das Spiel funktioniert, um sp\u00e4ter richtig spielen zu k\u00f6nnen.<\/p>\n<p>Au\u00dferdem halten unsere sogenannten <strong>Mobilen Casino-Seiten<\/strong> immer attraktive neue Boni bereit und \u00fcberraschen Sie mit interessanten Angeboten.<\/p>\n","protected":false},"excerpt":{"rendered":"<p>Es gibt zwei Arten von Casino Spielern, diejenigen, die immer genau dasselbe Spielmuster haben und Spieler, die durchaus bereit sind, ein breites und abwechslungsreiches Angebot zu nutzen. Wir haben diese Website so entwickelt, dass Sie in der Lage sind, eine Reihe von verschiedenen Casino-Spielen ausfindig zu machen und zudem eine Reihe von Top bewerteten oder [&hellip;]<\/p>\n","protected":false},"author":4,"featured_media":0,"parent":0,"menu_order":0,"comment_status":"closed","ping_status":"closed","template":"","meta":{"_acf_changed":false,"footnotes":""},"class_list":["post-382","page","type-page","status-publish","hentry"],"acf":[],"yoast_head":"<!-- This site is optimized with the Yoast SEO plugin v27.4 - https:\/\/yoast.com\/product\/yoast-seo-wordpress\/ -->\n<title>Kasino-Spiele - Liste der Kasino-Spiele<\/title>\n<meta name=\"description\" content=\"Enjoy the online casinos that offer you the best games and their unequaled promotions and welcome bonuses.\" \/>\n<meta name=\"robots\" content=\"noindex, follow, max-snippet:-1, max-image-preview:large, max-video-preview:-1\" \/>\n<meta property=\"og:locale\" content=\"en_US\" \/>\n<meta property=\"og:type\" content=\"article\" \/>\n<meta property=\"og:title\" content=\"Kasino-Spiele - Liste der Kasino-Spiele\" \/>\n<meta property=\"og:description\" content=\"Enjoy the online casinos that offer you the best games and their unequaled promotions and welcome bonuses.\" \/>\n<meta property=\"og:url\" content=\"https:\/\/www.top10casinowebsites.net\/de\/spiele\" \/>\n<meta property=\"og:site_name\" content=\"DE\" \/>\n<meta property=\"article:modified_time\" content=\"2019-02-04T15:53:43+00:00\" \/>\n<meta property=\"og:image\" content=\"https:\/\/www.top10casinowebsites.net\/wp-content\/uploads\/2017\/06\/casino-games.jpg\" \/>\n<meta name=\"twitter:card\" content=\"summary_large_image\" \/>\n<meta name=\"twitter:label1\" content=\"Est. reading time\" \/>\n\t<meta name=\"twitter:data1\" content=\"3 minutes\" \/>\n<script type=\"application\/ld+json\" class=\"yoast-schema-graph\">{\"@context\":\"https:\\\/\\\/schema.org\",\"@graph\":[{\"@type\":\"WebPage\",\"@id\":\"https:\\\/\\\/www.top10casinowebsites.net\\\/de\\\/spiele\",\"url\":\"https:\\\/\\\/www.top10casinowebsites.net\\\/de\\\/spiele\",\"name\":\"Kasino-Spiele - Liste der Kasino-Spiele\",\"isPartOf\":{\"@id\":\"https:\\\/\\\/www.top10casinowebsites.net\\\/de\\\/#website\"},\"primaryImageOfPage\":{\"@id\":\"https:\\\/\\\/www.top10casinowebsites.net\\\/de\\\/spiele#primaryimage\"},\"image\":{\"@id\":\"https:\\\/\\\/www.top10casinowebsites.net\\\/de\\\/spiele#primaryimage\"},\"thumbnailUrl\":\"https:\\\/\\\/www.top10casinowebsites.net\\\/wp-content\\\/uploads\\\/2017\\\/06\\\/casino-games.jpg\",\"datePublished\":\"2014-03-05T17:56:53+00:00\",\"dateModified\":\"2019-02-04T15:53:43+00:00\",\"description\":\"Enjoy the online casinos that offer you the best games and their unequaled promotions and welcome bonuses.\",\"breadcrumb\":{\"@id\":\"https:\\\/\\\/www.top10casinowebsites.net\\\/de\\\/spiele#breadcrumb\"},\"inLanguage\":\"en-US\",\"potentialAction\":[{\"@type\":\"ReadAction\",\"target\":[\"https:\\\/\\\/www.top10casinowebsites.net\\\/de\\\/spiele\"]}]},{\"@type\":\"ImageObject\",\"inLanguage\":\"en-US\",\"@id\":\"https:\\\/\\\/www.top10casinowebsites.net\\\/de\\\/spiele#primaryimage\",\"url\":\"https:\\\/\\\/www.top10casinowebsites.net\\\/wp-content\\\/uploads\\\/2017\\\/06\\\/casino-games.jpg\",\"contentUrl\":\"https:\\\/\\\/www.top10casinowebsites.net\\\/wp-content\\\/uploads\\\/2017\\\/06\\\/casino-games.jpg\"},{\"@type\":\"BreadcrumbList\",\"@id\":\"https:\\\/\\\/www.top10casinowebsites.net\\\/de\\\/spiele#breadcrumb\",\"itemListElement\":[{\"@type\":\"ListItem\",\"position\":1,\"name\":\"Home\",\"item\":\"https:\\\/\\\/www.top10casinowebsites.net\\\/de\\\/\"},{\"@type\":\"ListItem\",\"position\":2,\"name\":\"Kasino-Spiele &#8211; Liste der Kasino-Spiele\"}]},{\"@type\":\"WebSite\",\"@id\":\"https:\\\/\\\/www.top10casinowebsites.net\\\/de\\\/#website\",\"url\":\"https:\\\/\\\/www.top10casinowebsites.net\\\/de\\\/\",\"name\":\"DE\",\"description\":\"\",\"potentialAction\":[{\"@type\":\"SearchAction\",\"target\":{\"@type\":\"EntryPoint\",\"urlTemplate\":\"https:\\\/\\\/www.top10casinowebsites.net\\\/de\\\/?s={search_term_string}\"},\"query-input\":{\"@type\":\"PropertyValueSpecification\",\"valueRequired\":true,\"valueName\":\"search_term_string\"}}],\"inLanguage\":\"en-US\"}]}<\/script>\n<!-- \/ Yoast SEO plugin. -->","yoast_head_json":{"title":"Kasino-Spiele - Liste der Kasino-Spiele","description":"Enjoy the online casinos that offer you the best games and their unequaled promotions and welcome bonuses.","robots":{"index":"noindex","follow":"follow","max-snippet":"max-snippet:-1","max-image-preview":"max-image-preview:large","max-video-preview":"max-video-preview:-1"},"og_locale":"en_US","og_type":"article","og_title":"Kasino-Spiele - Liste der Kasino-Spiele","og_description":"Enjoy the online casinos that offer you the best games and their unequaled promotions and welcome bonuses.","og_url":"https:\/\/www.top10casinowebsites.net\/de\/spiele","og_site_name":"DE","article_modified_time":"2019-02-04T15:53:43+00:00","og_image":[{"url":"https:\/\/www.top10casinowebsites.net\/wp-content\/uploads\/2017\/06\/casino-games.jpg","type":"","width":"","height":""}],"twitter_card":"summary_large_image","twitter_misc":{"Est. reading time":"3 minutes"},"schema":{"@context":"https:\/\/schema.org","@graph":[{"@type":"WebPage","@id":"https:\/\/www.top10casinowebsites.net\/de\/spiele","url":"https:\/\/www.top10casinowebsites.net\/de\/spiele","name":"Kasino-Spiele - Liste der Kasino-Spiele","isPartOf":{"@id":"https:\/\/www.top10casinowebsites.net\/de\/#website"},"primaryImageOfPage":{"@id":"https:\/\/www.top10casinowebsites.net\/de\/spiele#primaryimage"},"image":{"@id":"https:\/\/www.top10casinowebsites.net\/de\/spiele#primaryimage"},"thumbnailUrl":"https:\/\/www.top10casinowebsites.net\/wp-content\/uploads\/2017\/06\/casino-games.jpg","datePublished":"2014-03-05T17:56:53+00:00","dateModified":"2019-02-04T15:53:43+00:00","description":"Enjoy the online casinos that offer you the best games and their unequaled promotions and welcome bonuses.","breadcrumb":{"@id":"https:\/\/www.top10casinowebsites.net\/de\/spiele#breadcrumb"},"inLanguage":"en-US","potentialAction":[{"@type":"ReadAction","target":["https:\/\/www.top10casinowebsites.net\/de\/spiele"]}]},{"@type":"ImageObject","inLanguage":"en-US","@id":"https:\/\/www.top10casinowebsites.net\/de\/spiele#primaryimage","url":"https:\/\/www.top10casinowebsites.net\/wp-content\/uploads\/2017\/06\/casino-games.jpg","contentUrl":"https:\/\/www.top10casinowebsites.net\/wp-content\/uploads\/2017\/06\/casino-games.jpg"},{"@type":"BreadcrumbList","@id":"https:\/\/www.top10casinowebsites.net\/de\/spiele#breadcrumb","itemListElement":[{"@type":"ListItem","position":1,"name":"Home","item":"https:\/\/www.top10casinowebsites.net\/de\/"},{"@type":"ListItem","position":2,"name":"Kasino-Spiele &#8211; Liste der Kasino-Spiele"}]},{"@type":"WebSite","@id":"https:\/\/www.top10casinowebsites.net\/de\/#website","url":"https:\/\/www.top10casinowebsites.net\/de\/","name":"DE","description":"","potentialAction":[{"@type":"SearchAction","target":{"@type":"EntryPoint","urlTemplate":"https:\/\/www.top10casinowebsites.net\/de\/?s={search_term_string}"},"query-input":{"@type":"PropertyValueSpecification","valueRequired":true,"valueName":"search_term_string"}}],"inLanguage":"en-US"}]}},"_links":{"self":[{"href":"https:\/\/www.top10casinowebsites.net\/de\/wp-json\/wp\/v2\/pages\/382","targetHints":{"allow":["GET"]}}],"collection":[{"href":"https:\/\/www.top10casinowebsites.net\/de\/wp-json\/wp\/v2\/pages"}],"about":[{"href":"https:\/\/www.top10casinowebsites.net\/de\/wp-json\/wp\/v2\/types\/page"}],"author":[{"embeddable":true,"href":"https:\/\/www.top10casinowebsites.net\/de\/wp-json\/wp\/v2\/users\/4"}],"replies":[{"embeddable":true,"href":"https:\/\/www.top10casinowebsites.net\/de\/wp-json\/wp\/v2\/comments?post=382"}],"version-history":[{"count":2,"href":"https:\/\/www.top10casinowebsites.net\/de\/wp-json\/wp\/v2\/pages\/382\/revisions"}],"predecessor-version":[{"id":2111,"href":"https:\/\/www.top10casinowebsites.net\/de\/wp-json\/wp\/v2\/pages\/382\/revisions\/2111"}],"wp:attachment":[{"href":"https:\/\/www.top10casinowebsites.net\/de\/wp-json\/wp\/v2\/media?parent=382"}],"curies":[{"name":"wp","href":"https:\/\/api.w.org\/{rel}","templated":true}]}}