{"id":414,"date":"2016-02-10T09:35:30","date_gmt":"2016-02-10T09:35:30","guid":{"rendered":"http:\/\/www.top10casinowebsites.net\/?page_id=414"},"modified":"2022-10-17T17:03:37","modified_gmt":"2022-10-17T17:03:37","slug":"blackjack","status":"publish","type":"page","link":"https:\/\/www.top10casinowebsites.net\/de\/blackjack","title":{"rendered":"Spielen Sie Blackjack mit echtem Geld &#8211; Top 5 Blackjack Casinos"},"content":{"rendered":"<p><img decoding=\"async\" class=\"alignright size-full wp-image-115\" src=\"https:\/\/www.top10casinowebsites.net\/wp-content\/uploads\/2016\/01\/blackjack.jpg\" alt=\"blackjack.jpg\" width=\"300\" \/>Spielen Sie verschiedene <strong>Variationen von Blackjack<\/strong> und Pit mit Verstand gegen das Haus! Hier gibt es gro\u00dfe Boni \u2013 abgestimmt auf neue Kunden bis 500 Euro.<\/p>\n<p>Blackjack ist eines der \u00e4ltesten Spiele, das nicht viel Einf\u00fchrung ben\u00f6tigt. Es geh\u00f6rt zur Standardausstattung der herk\u00f6mmlichen Casinos und hat seinen Platz dort, seit es diese gibt. Die gute Nachricht ist auch hier, dass es die virtuelle Welt im Sturm erobert hat.<\/p>\n<p>Sie k\u00f6nnen online Blackjack in einem Augenblick erleben und auch sofort loslegen. Top 10 Casino Websites ist hier, um Ihnen zu helfen. Ob Sie nun Anf\u00e4nger sind oder ein alter Hase beim Blackjack, es gibt viel auf unserer Website zu erfahren, um das Beste aus diesem Spiel herauszuholen und seine zahlreichen Varianten kennenzulernen.<\/p>\n<p>Diese umfassen z.B. <strong>Multi-hand Blackjack Double Exposure, Blackjack Surrender, Spanish Blackjack, Triple 7S Blackjack Pontoon<\/strong> und vieles mehr.<\/p>\n<h2>Beste Blackjack Casinos<\/h2>\n<p><div class=\"grid-contents\" id=\"grid-contents\"><table class=\"cas_table\" ><tbody><tr class=\"rank-1\">\n                                <td class=\"ranking\">1<\/td>\n                                <td class=\"brandcol\">\n                                    <a href=https:\/\/www.top10casinowebsites.net\/de\/review\/888-casino class=\"brand brand-bg\"><img loading=\"lazy\" decoding=\"async\" class=\"group list-group-image\" src=\"https:\/\/static.top10casinowebsites.net\/images\/casino-rooms\/888-casino-logo.png\" width=\"200\" height=\"128\"\/><\/a>\n                                <\/td>\n                                <td class=\"bonus\" data-title=\"Bonus\">\n\t\t\t\t\t               <p class=\"bonus-text\"><strong>$888<\/strong>Welcome Bonus <br>(<a href=\"https:\/\/www.top10casinowebsites.net\/de\/review\/888-casino\">T&Cs apply, 18+<\/a>)<\/p>\n\t\t\t\t                <\/td>\n\t\t\t\t\t            <td class=\"badge_game\" data-title=\"Rating\">\n                                    <div class=\"rating\"><strong>5<\/strong>\/5<\/div>\n                                    <div class=\"rating stars\" style=\"margin-top: 5px;\"><span class=\"icon icon-stars\"><span class=\"icon-stars green\" style=\"width: 100%;\"><\/span><\/span><\/div>\n\t\t\t\t\t            <\/td>\n                               \n                                <td class=\"play\">\n\t\t\t\t\t               <a class=\"button-gold\" rel=\"nofollow\" href=\"https:\/\/www.top10casinowebsites.net\/de\/review\/888-casino\">Visit<\/a>\n\t                               <div class=\"\">\n\t\t\t\t\t                   <a class=\"review-snippet-link-play-now-col\" href=\"https:\/\/www.top10casinowebsites.net\/de\/review\/888-casino\">Read Review<\/a>\n\t\t\t\t\t               <\/div>\n\t\t\t\t\t           <\/td>\n     \t\t\t\t        <\/tr><\/tbody><\/table><\/div><br \/>\n[toc]<\/p>\n<p>Es geht hier immer darum, die Zahl zu erreichen, die am n\u00e4hesten an 21 heranreicht, um die Wette zu gewinn. Blackjack Kasinos bieten jedem Spieler mit jedem Budget etwas.<\/p>\n<p>Blackjack ist das Gleiche, ob Sie offline spielen oder in einem Online Casino. Auf unserer Seite finden Sie alles bez\u00fcglich der Grundlagen der Blackjack Strategien, wie Sie sich M\u00f6glichkeiten beim Einstieg erarbeiten k\u00f6nnen und interessante Tipps und Tricks, wie Sie das Spiel am besten kontrollieren k\u00f6nnen.<\/p>\n<p>F\u00fcr Sie mag entscheidend sein, dass wir Sie zu den Top Casinos bringen, die eine Auswahl an Blackjack Varianten bieten und wo Sie nette Boni bekommen, die unsere Experten von Top 10 Casino Webseiten f\u00fcr Sie recherchiert haben.<\/p>\n<h2>Blackjack &#8211; Grundlagen<\/h2>\n<p>Blackjack ist eines der einfachsten Spiele und somit eines der popul\u00e4rsten Spiele \u00fcberhaupt. Das Ziel bei Blackjack ist eine Hand mit einem h\u00f6heren Wert zu zeichnen, als die des Dealers ohne \u00fcber das Maximum von 21 hinauszugehen. Wenn Sie h\u00f6her gehen, verlieren sie oder wie man im Blackjack sagt,Sie steigen aus, dazu klicken Sie &#8220;B\u00fcste&#8221;.<\/p>\n<p>Aber, Sie m\u00fcssen zuerst wissen, wie Sie den Wert der Hand bestimmen. K\u00f6nige, Damen und Buben, also die Bildkarten, haben einen Wert von 10. Alle nummerierten Karten haben ihren eigenen Wert, w\u00e4hrend die Asse als 1 oder 11 gez\u00e4hlt werden.<\/p>\n<p>Hier erfahren Sie, wie Sie das Spiel Blackjack, beginnen:<\/p>\n<p>Jeder Spieler am Tisch bekommt zun\u00e4chst zwei Karten mit der Vorderseite nach oben.<\/p>\n<p>Der\/die Dealer\/in (H\u00e4ndler) gibt sich selbst jeweils eine Karte: eine offen und eine verdeckt.<\/p>\n<p>Wenn sie zwei Karten mit einem Wert von 21 haben, sagen Sie &#8220;Blackjack&#8221; und der H\u00e4ndler wird Ihnen eine Quote von 3:2 auf Ihren Einsatz zahlen. Wenn der H\u00e4ndler auch einen Blackjack hat, dann ist es ein Patt und Ihre urspr\u00fcnglichen Beteiligung wird in die n\u00e4chsten Hand weitergerechnet. Wenn Sie die Hand nicht bis 21 fertigmachen k\u00f6nnen, m\u00fcssen Sie entscheiden, ob Sie &#8216;Erfolg&#8217; oder &#8216;Stehen&#8217; w\u00e4hlen, wenn Sie an der Reihe sind.<\/p>\n<ul>\n<li>Als \u201eTreffer&#8221; z\u00e4hlt, wenn Sie den H\u00e4ndler f\u00fcr eine andere Karte fragen, w\u00e4hrend das Spiel auf \u201eStehen\u201c ist, damit k\u00f6nnen Sie den Gegner zur Aktion zwingen. Dies hilft Ihnen, eine Hand in der N\u00e4he der magischen gewinnenden Zahl von 21 zu platzieren.<\/li>\n<li>Sie k\u00f6nnen auch &#8216;Teilen&#8217;, n\u00e4mlich in zwei H\u00e4nde oder &#8220;Double Down&#8221;, wo Sie nur eine Karte und nicht noch eine andere nehmen.<\/li>\n<\/ul>\n<p>Wenn Ihre Hand den Wert 21 oder weniger hat, bleiben Sie im Spiel.<\/p>\n<h3>Die Rolle des H\u00e4ndlers<\/h3>\n<p>Nachdem jeder Spieler seinen Zug getan hat, legt der H\u00e4ndler seine verdeckte Karte oder eine weitere zweite Karte offen aus. Der H\u00e4ndler hat nun mehrere Optionen.<\/p>\n<p>Der H\u00e4ndler muss &#8220;Treffer&#8221; sagen, wenn seine Hand einen Wert von 16 oder weniger hat oder \u201estehen\u201c, wenn der Wert 18 oder mehr ist. Wenn der H\u00e4ndler selbst Karten im Wert von 10 und einer 7 hat, bekannt als &#8220;Harte 17&#8221;, muss er \u201estehen\u201c. Auf der anderen Seite, muss der H\u00e4ndler &#8220;Treffer&#8221; sagen, wenn seine Hand eine &#8220;weiche 17&#8243;ist, dh. ein Ass und eine 6.<\/p>\n<h2>Black Jack Regeln<\/h2>\n<p>Es ist wichtig, die Regeln der Online Blackjack Varianten, die Sie spielen wollen, zu verstehen. Hier ist eine Liste, die unsere Blackjack Experten f\u00fcr Sie entwickelt haben:<\/p>\n<ul>\n<li>Gewonnene Wetten zahlen Geld wie folgt aus: 1:1.<\/li>\n<li>Blackjack zahlt 3:2<\/li>\n<li>Im Falle eines Unentschieden (Push), erhalten Sie Ihre urspr\u00fcngliche Wette.<\/li>\n<li><strong>Verdoppeln<\/strong>: Wenn Sie glauben, dass Ihre Ausgangshand eine gute Chance auf eine zus\u00e4tzliche Karte hat oder Sie haben alles, au\u00dfer der 10 oder 11, k\u00f6nnen Sie auf &#8220;Double Down&#8221; gehen. Sie platzieren hierbei eine zus\u00e4tzliche Wette, die genauso ist wie Ihre urspr\u00fcngliche und erhalten eine weitere Karte. Einige Casinos begrenzen diese Option, w\u00e4hrend andere Casinos es Ihnen erlauben, zu verdoppeln, egal welche Karten sie halten.<\/li>\n<li><strong>Ausliefern<\/strong>: Einige Kasinos bieten die M\u00f6glichkeit, sich zu ergeben, in dem Sie die H\u00e4lfte ihrer Beteiligung vor dem H\u00e4ndler offenlegen. Dies ist eine gute Option, wenn Sie denken, dass Ihre Wahrscheinlichkeit auf einen Gewinn eher gering ist und Sie wieder mit gleichen Chancen einsteigen wollen. Die ideale Situation ist, wenn Sie ein Ass haben und dem H\u00e4ndler Ihre Karte mit der Vorderseite nach oben offenlegen.<\/li>\n<li><strong>Blackjack Versicherung<\/strong>: Wenn der H\u00e4ndler mit der Druckseite nach oben ein Ass hat, wird er eine &#8220;Versicherung&#8221; an die Spieler anbieten. Wenn Sie dieser &#8220;Versicherung&#8221; zustimmen, k\u00f6nnen Sie bis zur H\u00e4lfte Ihres urspr\u00fcnglichen Wett-Betrags in die Versicherung einlegen, um diese vor Ihre Wette zu platzieren. Der H\u00e4ndler wird den Wert der verdeckten Karte \u00fcberpr\u00fcfen. Wenn der Dealer einen Blackjack hat, wird ihre Versicherungswette mal 2 ausgezahlt werden: Wenn der Dealer keinen Blackjack hat, verlieren Sie.<\/li>\n<li><strong>Geld<\/strong>: Wenn Sie einen Blackjack haben und der Dealer ein Ass und einen Blackjack pr\u00e4sentiert, k\u00f6nnen Sie binden oder dr\u00fccken. Sie haben die M\u00f6glichkeit f\u00fcr eine 3:2 Auszahlung, wenn Sie nicht riskieren wollen, zu verlieren.<\/li>\n<\/ul>\n<h2>H\u00e4ufige Arten von Blackjack<\/h2>\n<p>Die meisten online Casinos bieten verschiedene Blackjack Varianten an, alle mehr oder weniger gleich beliebt. Hier nennen Ihnen unsere Experten einige der h\u00e4ufigsten Varianten.<\/p>\n<h3>Atlantic City Blackjack<\/h3>\n<p>Dies ist eine der popul\u00e4rsten Versionen \u00e4hnlich dem klassischen Blackjack mit einem geringen Hausvorteil. Dieses Spiel ist sowohl im Single- als auch in der Multi-hand Option verf\u00fcgbar. Es wird mit 8 Kartendecks gespielt, w\u00e4hrend Sie mit einem Doppelklick auf eine der beiden ersten Karten klicken oder nach einem Split einsteigen. Der H\u00e4ndler steht auf einer weichen 17.<\/p>\n<h3>Double Exposure Blackjack<\/h3>\n<p>Dies ist einer der Blackjack Varianten, die sich von der klassischen Version unterscheidet. Das Spiel wird mit 8 Kartendecks gespielt, w\u00e4hrend beide Karten des Dealers aufgedeckt werden. Aufgrund dieser Tatsache ist der Hausvorteil rund 0,69% h\u00f6her. Der Dealer\/H\u00e4ndler trifft auf eine \u201eWeiche 17\u201c und gewinnt alles und wird, au\u00dfer wenn er einen Blackjack hat, 1: 1 ausgezahlt. Verdopplungen werden nur auf der 9, 10, 11 oder nach einem Split erlaubt. Alle Gewinne werden 1:1 ausgezahlt.<\/p>\n<h3>European Blackjack<\/h3>\n<p>Dies ist eine der einfachsten Spielvarianten von Blackjack. European Blackjack wird mit 2 Kartendecks gespielt. K\u00f6nige, Damen und Buben werden mit 10 bewertet und Asse entweder mit 1 oder 11. Die Spieler k\u00f6nnen auf Anfrage bis zu neun zus\u00e4tzliche Karten bekommen. Der H\u00e4ndler steht auf 17 oder geht pleite, wenn der Wert seiner Karten \u00fcber 21 ist. Wenn der Dealer einen Blackjack hat und in der Erstkonfiguration verdoppelt, gewinnt er 3:2, w\u00e4hrend der Dealer die Versicherungsoption anbietet, allerdings nur, wenn seine oder ihre erste Karte ein Ass ist.<\/p>\n<h3>Blackjack Bonus<\/h3>\n<p>Blackjack Bonus ist vergleichbar mit Europ\u00e4ischen Blackjack mit ein paar zus\u00e4tzlichen Features, die es erlauben, mehr als andere Spiele auszuzahlen. Es wird mit 2 Kartendecks mit einer Bonus Option gespielt, wo ein Jack und Ace Of Spades wie 50:1 ausgezahlt wird.Tricksen sie andere mit einem Ass-Pay-Out von 25:1 aus.<\/p>\n<h3>Blackjack Switch<\/h3>\n<p>Blackjack Switch bietet eine sch\u00f6ne Abwechslung zum herk\u00f6mmlichen Blackjack. Sie spielen zwei H\u00e4nde gleichzeitig und haben die M\u00f6glichkeit, die oberste Karte zu wechseln, nachdem die ersten vier Karten behandelt wurden. Dies er\u00f6ffnet Ihnen eine weitaus gr\u00f6\u00dfere Chance zu gewinnen. Das Spiel bietet auch Seiten- Wetten, die ausgezahlt werden, wenn die ersten vier Karten des Spielers ein Paar, zwei, oder drei einer Art enthalten.<\/p>\n<h3>Live Dealer Blackjack<\/h3>\n<p>Hier sind Sie ganz nah dabei, fast so, als s\u00e4\u00dfen Sie im tats\u00e4chlichen Casino, allerdings komfortabel in ihrem Wohnzimmer und das alles dank moderner Live Streaming Technik. Sie k\u00f6nnen hierbei direkt interagieren, mit dem H\u00e4ndler chatten, so als w\u00e4ren Sie in einem richtigen Casino. Finden Sie die besten Live Dealer Blackjack Casinos gleich hier auf unserer Webseite.<\/p>\n<h2>Blackjack Strategien und Tipps<\/h2>\n<p>Es ist immer n\u00fctzlich, eine Blackjack Strategie, die funktioniert, so zu benutzen, dass Sie die Tabellen vorrausschauend w\u00e4hlen k\u00f6nnen. Nichts geht, es sei denn, Sie haben die richte Blackjack Strategie zur Hand.<\/p>\n<ul>\n<li>Alles beginnt mit dem Verstehen der Hausordnung, die sich wesentlich unterscheiden kann. Sch\u00fctzen Sie sich selbst, indem Sie Ihr Budget und Bankguthaben, das Sie setzten wollen, gut im Auge behalten und entsprechend verwalten. Ein Tabelleneinsatz mit einem Anteil von 3-5 Prozent Ihres Bankverm\u00f6gens sollte eine sichere Wette sein.<\/li>\n<li>Einige Spieler ignorieren leider die Tatsache, dass es klug ist, zu haften, wenn Sie insgesamt die Zahl 17 erreichen. Sie ziehen keine weiteren Karten mehr, da die Vorteile der Zeichnung eine Karte mit einem Wert, der Ihre Hand unter der 21 h\u00e4lt, gering sind. Denken Sie daran, dass der H\u00e4ndler die Karten zieht und h\u00e4lt bis er selbst den Wert 17 erreicht oder \u00fcberschreitet, um Sie zu schlagen. Also lassen Sie ihn ziehen, nicht andersherum.<\/li>\n<li>Wenn sie zwei Karten mit einem Wert von 10 haben, w\u00e4re es klug, nicht zu teilen, da zwei 10er eine Gesamtmenge von 20 ergeben, was f\u00fcr einen H\u00e4ndler schwer zu schlagen ist. Sie fangen an zu k\u00e4mpfen, wenn Sie geteilt haben und bekommen dann wom\u00f6glich nur noch eine 6 oder 5. Die goldene Regel ist, mit ihren 20 zu gehen und m\u00f6glichst nicht zu teilen.<\/li>\n<li>Eilen Sie keine 5er hinterher. Wenn Ihre n\u00e4chste Karte eine 8 oder h\u00f6her ist, haben Sie eine gute Hand. Wenn Sie jedoch ein paar 8er haben, sollten Sie teilen, denn eine Gesamtzahl von 16 k\u00f6nnte Sie in eine schwierige Lage kommen. Wenn Sie ziehen m\u00fcssen Sie f\u00fcr eine f\u00fcnf oder weniger hoffen, um im Spiel zu bleiben.<\/li>\n<li>Wenn der H\u00e4ndler eine 10 hat, dann m\u00f6chten Sie vielleicht nicht teilen, sondern lieber halten, und warten bis es schlie\u00dflich eine 17 wird. Wenn der Dealer\/H\u00e4ndler eine 6 dazu zieht und die Gefahr des Verlierens etwa bei 5 steht, schl\u00e4gt Sie das Spiel mit einem Paar an 8tern.<\/li>\n<li>Wenn es um das Trennen von Assen geht, d.h., wenn Sie zwei Asse haben, entscheiden Sie sich f\u00fcr einen Split. Wenn Ihre n\u00e4chste Karte eine 10 wird, haben Sie einen Blackjack. In diesem Fall wird der H\u00e4ndler das Match gewinnen. Sie k\u00f6nnen eine Versicherung gegen den Geber des Blackjacks anbieten, wenn der Croupier ein Ass zeigt.<\/li>\n<li>Achten Sie immer auf den Hausvorteil. Blackjack hat bessere Hausvorteile als viele andere Casinospiele. Dies ist jedoch abh\u00e4ngig von der Variante. Single Deck Spiele haben in der Regel einen Hausvorteil von 0,17% w\u00e4hrend Zweideckspiele einen h\u00f6heren Hausvorteil von 0,46% haben. Spiele, die mit 8 Decks gespielt werden, haben in der Regel einen Hausvorteil von 0,65%.<\/li>\n<\/ul>\n<h2>Online Blackjack FAQ<\/h2>\n<div class=\"accordion\"><div class=\"accordion-box\"><a href=\"#\">1. Wo finde ich die besten Online-Blackjack-Casinos?<\/a><\/div><div class=\"accordion_text\"><\/p>\n<p>Sie brauchen, au\u00dfer hier bei Top 10 Casino Websites, nicht weitersuchen. Unsere Experten testen jedes Casino gr\u00fcndlich, bevor Sie es in unsere Datenbank aufnehmen. Diese Kasinos sind die, wo Sie die besten Spiele mit hohen Auszahlungen und Boni finden. Am wichtigsten ist aber, dass Sie sicher und gesch\u00fctzt sind, damit Sie sich nicht \u00fcber Ihren Schutz sorgen m\u00fcssen.<br \/>\n<\/div><\/div>\n<div class=\"accordion\"><div class=\"accordion-box\"><a href=\"#\">2. Kann ich Echt-Geld Online Blackjack auf meinem Handy spielen?<\/a><\/div><div class=\"accordion_text\"><\/p>\n<p>Ja, viele online Casinos, die wir anbieten, verf\u00fcgen \u00fcber mobile Plattformen, die eine Reihe von Blackjack Varianten bieten.<br \/>\n<\/div><\/div>\n<div class=\"accordion\"><div class=\"accordion-box\"><a href=\"#\">3. Was ist Versicherung in Blackjack?<\/a><\/div><div class=\"accordion_text\"><\/p>\n<p>Eine Versicherung kann erfolgen, wenn das Gesicht der offenen Karte der Bank ein Ass ist. Wenn eine Seite wettet und der H\u00e4ndler eine 21 hat, bekommen Sie dann eine Auszahlung mal 2, mit Versicherung von 1.<br \/>\n<\/div><\/div>\n<div class=\"accordion\"><div class=\"accordion-box\"><a href=\"#\">4. Ist die Kartenz\u00e4hlung im Blackjack echt oder ein Ger\u00fccht ?<\/a><\/div><div class=\"accordion_text\"><\/p>\n<p>Kartenz\u00e4hlen kommt in herk\u00f6mmlichen Kasinos oft vor, in dem der Spieler versucht, die H\u00e4ufigkeit der 10er und der tiefen Karten zu z\u00e4hlen. Online Kasinos haben jedoch sehr strenge Zufallszahlengeneratoren oder RNGs, so dass Kartenz\u00e4hlen aus dem Bild heraus nahezu unm\u00f6glich ist.<br \/>\n<\/div><\/div>\n<div class=\"accordion\"><div class=\"accordion-box\"><a href=\"#\">5. Kann ich meine Zehner teilen?<\/a><\/div><div class=\"accordion_text\"><\/p>\n<p>Nat\u00fcrlich k\u00f6nnen Sie dies tun, allerdings ist dies einer der gr\u00f6\u00dften Fehler, den Sie machen k\u00f6nnen. Ein Wert von 20 ist nahezu eine unschlagbare Hand.<br \/>\n<\/div><\/div>\n<div class=\"accordion\"><div class=\"accordion-box\"><a href=\"#\">6. Hat Blackjack die besten Quoten \/ Hausvorteile?<\/a><\/div><div class=\"accordion_text\"><\/p>\n<p>Ja, die gibt es im Vergleich mit anderen Casinospielen. Der Hausvorteil reicht von 0,17% bis 0,65%.<br \/>\n<\/div><\/div>\n<div class=\"accordion\"><div class=\"accordion-box\"><a href=\"#\">7. Sind Single-Deck-Spiele besser als Multi-Deck-Spiele?<\/a><\/div><div class=\"accordion_text\"><\/p>\n<p>Single Deck Blackjack Spiele haben einen Vorteil von 0,5% gegen\u00fcber Multi-deck Spielen.<br \/>\n<\/div><\/div>\n<div class=\"accordion\"><div class=\"accordion-box\"><a href=\"#\">8. Sollte ich von Multiplayer-Blackjack-Spielen fernbleiben?<\/a><\/div><div class=\"accordion_text\"><\/p>\n<p>Es gibt keinen Grund, denn die Aktionen anderer Spieler kann Ihrem Spiel wirklich helfen. Die Art und Weise, wie andere Spieler \u00fcber das Spielen verf\u00fcgen, wird ihre Chancen nicht beeintr\u00e4chtigen.<br \/>\n<\/div><\/div>\n","protected":false},"excerpt":{"rendered":"<p>Spielen Sie verschiedene Variationen von Blackjack und Pit mit Verstand gegen das Haus! Hier gibt es gro\u00dfe Boni \u2013 abgestimmt auf neue Kunden bis 500 Euro. Blackjack ist eines der \u00e4ltesten Spiele, das nicht viel Einf\u00fchrung ben\u00f6tigt. Es geh\u00f6rt zur Standardausstattung der herk\u00f6mmlichen Casinos und hat seinen Platz dort, seit es diese gibt. Die gute [&hellip;]<\/p>\n","protected":false},"author":4,"featured_media":0,"parent":0,"menu_order":0,"comment_status":"closed","ping_status":"closed","template":"","meta":{"_acf_changed":false,"footnotes":""},"class_list":["post-414","page","type-page","status-publish","hentry"],"acf":[],"yoast_head":"<!-- This site is optimized with the Yoast SEO plugin v27.4 - https:\/\/yoast.com\/product\/yoast-seo-wordpress\/ -->\n<title>Spielen Sie Blackjack mit echtem Geld - Top 5 Blackjack Casinos<\/title>\n<meta name=\"description\" content=\"Wir bieten eine Liste der besten online Casinos, um Blackjack zu spielen. Der ultimative Leitfaden f\u00fcr Echtgeld Blackjack Casinos sowie f\u00fcr kostenlose Spiele.\" \/>\n<meta name=\"robots\" content=\"noindex, follow, max-snippet:-1, max-image-preview:large, max-video-preview:-1\" \/>\n<meta property=\"og:locale\" content=\"en_US\" \/>\n<meta property=\"og:type\" content=\"article\" \/>\n<meta property=\"og:title\" content=\"Spielen Sie Blackjack mit echtem Geld - Top 5 Blackjack Casinos\" \/>\n<meta property=\"og:description\" content=\"Wir bieten eine Liste der besten online Casinos, um Blackjack zu spielen. Der ultimative Leitfaden f\u00fcr Echtgeld Blackjack Casinos sowie f\u00fcr kostenlose Spiele.\" \/>\n<meta property=\"og:url\" content=\"https:\/\/www.top10casinowebsites.net\/de\/blackjack\" \/>\n<meta property=\"og:site_name\" content=\"DE\" \/>\n<meta property=\"article:modified_time\" content=\"2022-10-17T17:03:37+00:00\" \/>\n<meta name=\"twitter:card\" content=\"summary_large_image\" \/>\n<meta name=\"twitter:label1\" content=\"Est. reading time\" \/>\n\t<meta name=\"twitter:data1\" content=\"11 minutes\" \/>\n<script type=\"application\/ld+json\" class=\"yoast-schema-graph\">{\"@context\":\"https:\\\/\\\/schema.org\",\"@graph\":[{\"@type\":\"WebPage\",\"@id\":\"https:\\\/\\\/www.top10casinowebsites.net\\\/de\\\/blackjack\",\"url\":\"https:\\\/\\\/www.top10casinowebsites.net\\\/de\\\/blackjack\",\"name\":\"Spielen Sie Blackjack mit echtem Geld - Top 5 Blackjack Casinos\",\"isPartOf\":{\"@id\":\"https:\\\/\\\/www.top10casinowebsites.net\\\/de\\\/#website\"},\"primaryImageOfPage\":{\"@id\":\"https:\\\/\\\/www.top10casinowebsites.net\\\/de\\\/blackjack#primaryimage\"},\"image\":{\"@id\":\"https:\\\/\\\/www.top10casinowebsites.net\\\/de\\\/blackjack#primaryimage\"},\"thumbnailUrl\":\"https:\\\/\\\/www.top10casinowebsites.net\\\/wp-content\\\/uploads\\\/2016\\\/01\\\/blackjack.jpg\",\"datePublished\":\"2016-02-10T09:35:30+00:00\",\"dateModified\":\"2022-10-17T17:03:37+00:00\",\"description\":\"Wir bieten eine Liste der besten online Casinos, um Blackjack zu spielen. Der ultimative Leitfaden f\u00fcr Echtgeld Blackjack Casinos sowie f\u00fcr kostenlose Spiele.\",\"breadcrumb\":{\"@id\":\"https:\\\/\\\/www.top10casinowebsites.net\\\/de\\\/blackjack#breadcrumb\"},\"inLanguage\":\"en-US\",\"potentialAction\":[{\"@type\":\"ReadAction\",\"target\":[\"https:\\\/\\\/www.top10casinowebsites.net\\\/de\\\/blackjack\"]}]},{\"@type\":\"ImageObject\",\"inLanguage\":\"en-US\",\"@id\":\"https:\\\/\\\/www.top10casinowebsites.net\\\/de\\\/blackjack#primaryimage\",\"url\":\"https:\\\/\\\/www.top10casinowebsites.net\\\/wp-content\\\/uploads\\\/2016\\\/01\\\/blackjack.jpg\",\"contentUrl\":\"https:\\\/\\\/www.top10casinowebsites.net\\\/wp-content\\\/uploads\\\/2016\\\/01\\\/blackjack.jpg\"},{\"@type\":\"BreadcrumbList\",\"@id\":\"https:\\\/\\\/www.top10casinowebsites.net\\\/de\\\/blackjack#breadcrumb\",\"itemListElement\":[{\"@type\":\"ListItem\",\"position\":1,\"name\":\"Home\",\"item\":\"https:\\\/\\\/www.top10casinowebsites.net\\\/de\\\/\"},{\"@type\":\"ListItem\",\"position\":2,\"name\":\"Spielen Sie Blackjack mit echtem Geld &#8211; Top 5 Blackjack Casinos\"}]},{\"@type\":\"WebSite\",\"@id\":\"https:\\\/\\\/www.top10casinowebsites.net\\\/de\\\/#website\",\"url\":\"https:\\\/\\\/www.top10casinowebsites.net\\\/de\\\/\",\"name\":\"DE\",\"description\":\"\",\"potentialAction\":[{\"@type\":\"SearchAction\",\"target\":{\"@type\":\"EntryPoint\",\"urlTemplate\":\"https:\\\/\\\/www.top10casinowebsites.net\\\/de\\\/?s={search_term_string}\"},\"query-input\":{\"@type\":\"PropertyValueSpecification\",\"valueRequired\":true,\"valueName\":\"search_term_string\"}}],\"inLanguage\":\"en-US\"}]}<\/script>\n<!-- \/ Yoast SEO plugin. -->","yoast_head_json":{"title":"Spielen Sie Blackjack mit echtem Geld - Top 5 Blackjack Casinos","description":"Wir bieten eine Liste der besten online Casinos, um Blackjack zu spielen. Der ultimative Leitfaden f\u00fcr Echtgeld Blackjack Casinos sowie f\u00fcr kostenlose Spiele.","robots":{"index":"noindex","follow":"follow","max-snippet":"max-snippet:-1","max-image-preview":"max-image-preview:large","max-video-preview":"max-video-preview:-1"},"og_locale":"en_US","og_type":"article","og_title":"Spielen Sie Blackjack mit echtem Geld - Top 5 Blackjack Casinos","og_description":"Wir bieten eine Liste der besten online Casinos, um Blackjack zu spielen. Der ultimative Leitfaden f\u00fcr Echtgeld Blackjack Casinos sowie f\u00fcr kostenlose Spiele.","og_url":"https:\/\/www.top10casinowebsites.net\/de\/blackjack","og_site_name":"DE","article_modified_time":"2022-10-17T17:03:37+00:00","twitter_card":"summary_large_image","twitter_misc":{"Est. reading time":"11 minutes"},"schema":{"@context":"https:\/\/schema.org","@graph":[{"@type":"WebPage","@id":"https:\/\/www.top10casinowebsites.net\/de\/blackjack","url":"https:\/\/www.top10casinowebsites.net\/de\/blackjack","name":"Spielen Sie Blackjack mit echtem Geld - Top 5 Blackjack Casinos","isPartOf":{"@id":"https:\/\/www.top10casinowebsites.net\/de\/#website"},"primaryImageOfPage":{"@id":"https:\/\/www.top10casinowebsites.net\/de\/blackjack#primaryimage"},"image":{"@id":"https:\/\/www.top10casinowebsites.net\/de\/blackjack#primaryimage"},"thumbnailUrl":"https:\/\/www.top10casinowebsites.net\/wp-content\/uploads\/2016\/01\/blackjack.jpg","datePublished":"2016-02-10T09:35:30+00:00","dateModified":"2022-10-17T17:03:37+00:00","description":"Wir bieten eine Liste der besten online Casinos, um Blackjack zu spielen. Der ultimative Leitfaden f\u00fcr Echtgeld Blackjack Casinos sowie f\u00fcr kostenlose Spiele.","breadcrumb":{"@id":"https:\/\/www.top10casinowebsites.net\/de\/blackjack#breadcrumb"},"inLanguage":"en-US","potentialAction":[{"@type":"ReadAction","target":["https:\/\/www.top10casinowebsites.net\/de\/blackjack"]}]},{"@type":"ImageObject","inLanguage":"en-US","@id":"https:\/\/www.top10casinowebsites.net\/de\/blackjack#primaryimage","url":"https:\/\/www.top10casinowebsites.net\/wp-content\/uploads\/2016\/01\/blackjack.jpg","contentUrl":"https:\/\/www.top10casinowebsites.net\/wp-content\/uploads\/2016\/01\/blackjack.jpg"},{"@type":"BreadcrumbList","@id":"https:\/\/www.top10casinowebsites.net\/de\/blackjack#breadcrumb","itemListElement":[{"@type":"ListItem","position":1,"name":"Home","item":"https:\/\/www.top10casinowebsites.net\/de\/"},{"@type":"ListItem","position":2,"name":"Spielen Sie Blackjack mit echtem Geld &#8211; Top 5 Blackjack Casinos"}]},{"@type":"WebSite","@id":"https:\/\/www.top10casinowebsites.net\/de\/#website","url":"https:\/\/www.top10casinowebsites.net\/de\/","name":"DE","description":"","potentialAction":[{"@type":"SearchAction","target":{"@type":"EntryPoint","urlTemplate":"https:\/\/www.top10casinowebsites.net\/de\/?s={search_term_string}"},"query-input":{"@type":"PropertyValueSpecification","valueRequired":true,"valueName":"search_term_string"}}],"inLanguage":"en-US"}]}},"_links":{"self":[{"href":"https:\/\/www.top10casinowebsites.net\/de\/wp-json\/wp\/v2\/pages\/414","targetHints":{"allow":["GET"]}}],"collection":[{"href":"https:\/\/www.top10casinowebsites.net\/de\/wp-json\/wp\/v2\/pages"}],"about":[{"href":"https:\/\/www.top10casinowebsites.net\/de\/wp-json\/wp\/v2\/types\/page"}],"author":[{"embeddable":true,"href":"https:\/\/www.top10casinowebsites.net\/de\/wp-json\/wp\/v2\/users\/4"}],"replies":[{"embeddable":true,"href":"https:\/\/www.top10casinowebsites.net\/de\/wp-json\/wp\/v2\/comments?post=414"}],"version-history":[{"count":2,"href":"https:\/\/www.top10casinowebsites.net\/de\/wp-json\/wp\/v2\/pages\/414\/revisions"}],"predecessor-version":[{"id":2208,"href":"https:\/\/www.top10casinowebsites.net\/de\/wp-json\/wp\/v2\/pages\/414\/revisions\/2208"}],"wp:attachment":[{"href":"https:\/\/www.top10casinowebsites.net\/de\/wp-json\/wp\/v2\/media?parent=414"}],"curies":[{"name":"wp","href":"https:\/\/api.w.org\/{rel}","templated":true}]}}