{"id":415,"date":"2016-02-10T09:35:46","date_gmt":"2016-02-10T09:35:46","guid":{"rendered":"http:\/\/www.top10casinowebsites.net\/?page_id=415"},"modified":"2022-12-16T18:30:20","modified_gmt":"2022-12-16T18:30:20","slug":"slots","status":"publish","type":"page","link":"https:\/\/www.top10casinowebsites.net\/de\/slots","title":{"rendered":"Top 10 echtes Geld Spielautomaten &#8211; Spielautomaten Online Spielen um echtes Geld zu verdienen"},"content":{"rendered":"<p><img decoding=\"async\" class=\"alignright wp-image-119 size-full\" src=\"https:\/\/www.top10casinowebsites.net\/wp-content\/uploads\/2016\/01\/slot-machines.jpg\" alt=\"Play Real Money Slots Image\" width=\"300\" \/>Wenn Sie auf der Suche nach etwas Spa\u00df, Unterhaltung, und nat\u00fcrlich potenziellen Gewinnen sind, dann ist das Drehen der Rollen in einem klassischen oder Videoslot Spiel genau das, was Sie lieben werden.<\/p>\n<p>Die gute Nachricht ist, Spieler haben die Qual der Wahl, wenn es um <strong>online Slots<\/strong> geht. Und genau das ist, wo unsere Experten bei Top 10 Casino Websites helfen k\u00f6nnen.<\/p>\n<p>Es gibt eine grenzenlose Auswahl die schnell zur Verwirrung f\u00fchren kann. Spieler fragen sich, was hei\u00df ist und was nicht, wie man das meiste aus jeder Drehung machen kann, welche Art von Slots k\u00f6nnen ihre finanziellen Mittel steigern und vieles mehr.<\/p>\n<h2>Beste Echtgeld Slot Casinos<\/h2>\n<p><div class=\"grid-contents\" id=\"grid-contents\"><table class=\"cas_table\" ><tbody><tr class=\"rank-1\">\n                                <td class=\"ranking\">1<\/td>\n                                <td class=\"brandcol\">\n                                    <a href=https:\/\/www.top10casinowebsites.net\/de\/review\/888-casino class=\"brand brand-bg\"><img loading=\"lazy\" decoding=\"async\" class=\"group list-group-image\" src=\"https:\/\/static.top10casinowebsites.net\/images\/casino-rooms\/888-casino-logo.png\" width=\"200\" height=\"128\"\/><\/a>\n                                <\/td>\n                                <td class=\"bonus\" data-title=\"Bonus\">\n\t\t\t\t\t               <p class=\"bonus-text\"><strong>$888<\/strong>Welcome Bonus <br>(<a href=\"https:\/\/www.top10casinowebsites.net\/de\/review\/888-casino\">T&Cs apply, 18+<\/a>)<\/p>\n\t\t\t\t                <\/td>\n\t\t\t\t\t            <td class=\"badge_game\" data-title=\"Rating\">\n                                    <div class=\"rating\"><strong>5<\/strong>\/5<\/div>\n                                    <div class=\"rating stars\" style=\"margin-top: 5px;\"><span class=\"icon icon-stars\"><span class=\"icon-stars green\" style=\"width: 100%;\"><\/span><\/span><\/div>\n\t\t\t\t\t            <\/td>\n                               \n                                <td class=\"play\">\n\t\t\t\t\t               <a class=\"button-gold\" rel=\"nofollow\" href=\"https:\/\/www.top10casinowebsites.net\/de\/review\/888-casino\">Visit<\/a>\n\t                               <div class=\"\">\n\t\t\t\t\t                   <a class=\"review-snippet-link-play-now-col\" href=\"https:\/\/www.top10casinowebsites.net\/de\/review\/888-casino\">Read Review<\/a>\n\t\t\t\t\t               <\/div>\n\t\t\t\t\t           <\/td>\n     \t\t\t\t        <\/tr><\/tbody><\/table><\/div><br \/>\n[toc]<\/p>\n<p>Also, wenn Sie von der Masse der Informationen verwirrt sind, dann sind Sie hier richtig. Wenn Sie mehr<\/p>\n<p>Wissen \u00fcber die besten online Spielautomaten und M\u00f6glichkeiten ben\u00f6tigen, dann suchen Sie nicht weiter.<\/p>\n<p>Unser Team von Spielenthusiasten, wenn man sie so nennen darf, hat den Finger am Puls der Zeit bez\u00fcglich allem, was mit Online Slots zu tun hat. Lenken Sie den Cursor und genie\u00dfen Sie die Fahrt. Und nat\u00fcrlich erfahren Sie hier bei uns, wie Sie so schnell, wie die echten Profis, spielen k\u00f6nnen.<\/p>\n<h2>Online Slots f\u00fcr Einsteiger<\/h2>\n<p>F\u00fcr den Anf\u00e4nger m\u00f6chten wir einmal dieGrundlagen erkl\u00e4ren. Die Online Version funktioniert wie ein mechanisches Pendant in der Realit\u00e4t. Typische Slot Maschinen verf\u00fcgen \u00fcber eine Reihe von drei oder mehr Zylindern und drehen sich mit dem Ziehen eines Hebels. Sobald die Walzen stoppen, haben Sie gewonnen oder verloren, je nachdem wie die Kombination von Symbolen auf den Walzen aussieht. So einfach ist das Ganze und bietet eine Menge Spa\u00df und kann zudem sehr lukrativ sein.<\/p>\n<p>Anstatt einen Hebel zu ziehen, bet\u00e4tigen Sie die Online Slots auf der Schaltfl\u00e4che, um die Rollen in Bewegung zu setzen. Der Random Number Generator (Zufallszahlengenerator), RNG oder die entsprechende Software ersetzt den mechanischen Hebel des herk\u00f6mmlichen Casinos. Es simuliert die drehenden Rollen und schafft ein wirklich zuf\u00e4lliges Ergebnis von jedem Durchlauf. Die RNG-Software ist f\u00fcr Fair Play zertifiziert, sodass Sie sich um etwaige Manipulationen nicht sorgen m\u00fcssen.<\/p>\n<h2>Gute Gr\u00fcnde f\u00fcr das Online Slot Spielen<\/h2>\n<p>Es gibt viele Gr\u00fcnde, warum Sie Slots online ausprobieren sollten. Der erste offensichtlichste Vorteil ist sicher, dass Sie bequem von zu Hause aus, spielen k\u00f6nnen. Und, dank mobiler Technik, auch jederzeit und \u00fcberall direkt auf dem Smartphone oder Tablet zugreifen k\u00f6nnen.<\/p>\n<p>Es gibt aber noch wesentlich mehr <strong>Vorteile f\u00fcr die Wiedergabe von Online Slots im<\/strong> Vergleich zu traditionellen Casinos.<\/p>\n<h3>H\u00f6here Payback \/ Zur\u00fcck zum Spieler (RTP) Quote<\/h3>\n<p>Unsere Experten behaupten, dass der Prozentsatz des Paybacks oder RTP (R\u00fcckkehr zum Spiele Quote) eine relativ hohe ist. Dies ist der Prozentsatz des eingesetzten Geldes im Vergleich seiner Eins\u00e4tze \u00fcber einen bestimmen Zeitraum. Wenn ein Slot \u00fcber eine RTP von 95% verf\u00fcgt, und Sie $1, 100-mal wetten, k\u00f6nnen Sie davon ausgehen, dass Sie wieder rund 95 $ in Gewinnen erhalten. Dies ist genau das Gegenteil und des sogenannten Hausvorteiles, bei dem die Gewinnquote lediglich 5% betr\u00e4gt.<\/p>\n<p>Die meisten Online Slots haben eine RTP von 92% oder mehr, mit guten R\u00fcckzahlquoten, wie etwa 95% oder mehr. Im Vergleich dazu liegt die R\u00fcckzahlquote bei traditionellen Casinos bei etwa maximal 90%.<\/p>\n<h3>Spiel-Vielfalt<\/h3>\n<p>Game Selection (Spielvielfalt) ist ein weiterer Bereich, in dem die Online Slots punkten, im Gegensatz zu Ihren traditionellen Vorbildern. Viele online Kasinos bieten in etwa 200 auf 350 oder mehr Spiele an, entwickelt von den f\u00fchrenden Softwareanbietern wie Microgaming, Net Entertainment, Real Time Gaming, Playtech, und etlichen mehr. W\u00e4hrend Sie die Qual der Wahl haben brauchen Sie nur am Desktop zu sitzen sich entscheiden, welches Spiel Sie spielen m\u00f6chten.<\/p>\n<h2>Arten von Spielautomaten<\/h2>\n<h3>Klassische 3-Reel Slots<\/h3>\n<p>3 Reel Slots sind die traditionellen Spielautomaten mit einer einzigen Pay-Linie, auf der Sie drei gleiche Symbole ben\u00f6tigen, um zu gewinnen.<\/p>\n<h3>5 Haspel Multi Pay-Line Slots<\/h3>\n<p>Auch als Video Slots bekannt. Diese Spiele verf\u00fcgen \u00fcber 25 bis 50 Zahlen &#8211; Linien auf 5 Rollen oder mehr. Hier finden Sie Blockbuster Slots mit Filmthemen, Komikzeichnungen und vieles mehr.<\/p>\n<h3>Progressive Slots<\/h3>\n<p>Diese Pl\u00e4tze sind die Slots, die riesige Auszahlungen in Millionenh\u00f6he und mehr versprechen. Sie sind mit einem Netzwerk aus Casinos verbunden wo ein Prozentsatz jeder Wette, der gewonnen wurde zum Preisgeld hinzugef\u00fcgt wird. Der Jackpot w\u00e4chst weiter, bis jemand gl\u00fccklicher die Wette schlagen kann und ein stattliches Verm\u00f6gen nach Hause nehmen kann. Der Pool wird dann wieder neu gestartet und<br \/>\nw\u00e4chst dann wieder erneut an.<\/p>\n<p>Top 10 Casino Websites \u00fcberwacht jeden progressiven Jackpot genau, so dass Sie am Laufenden sind, wo Sie aktuell spielen k\u00f6nne und gro\u00dfe Gewinnchancen haben.<\/p>\n<ul>\n<li>Entscheidend ist, dass wir die Progressive Jackpot Politik der Kasinos im Auge haben, so dass Sie wissen, wie lange es dauern kann, den Gewinn zu ergattern und es keine gro\u00dfen Leerl\u00e4ufe gibt.<\/li>\n<li>Einige Kasinos zahlen progressive Jackpot Gewinne in eine pauschale Summe aus, w\u00e4hrend andere dies in Raten tun. Hier empfehlen unsere Experten nicht mehr als sechs bis zehn Monate.<\/li>\n<\/ul>\n<h2>Online Slots wie ein Profi spielen<\/h2>\n<p>Slots zu spielen basiert auf reinem Zufall. Das bedeutet nicht, dass Sie nicht lernen k\u00f6nnen, clever zu spielen und von Anfang an ein wenig zu gewinnen. Au\u00dferdem gibt es mehrere Rollen und Pay-Linien, ein Grund mehr, etwas dar\u00fcber zu wissen. Wir versprechen Ihnen, dass die neuesten Spielautomaten nichts mehr gemein haben mit den bewaffneten Banditen der 70er Jahre. Es gibt freie Drehbeschleunigungen, Boni und Jackpots, auf die Sie sich freuen d\u00fcrfen.<\/p>\n<p>Tauchen Sie ein in diese online Slot-Tipps von unserem Experten.<\/p>\n<ul>\n<li>Verpassen Sie nicht die Gelegenheit, kostenlos zu spielen. Die meisten Kasinos bieten Praxis-Versionen, wo Sie die Regeln der Startpl\u00e4tze erfahren. Dar\u00fcber hinaus kann es leicht passieren, sich einen saftigen Bonus zu schnappen.<\/li>\n<li>Steckpl\u00e4tze mit einer h\u00f6heren RTP oder Auszahlungsrate. Viele Kasinos auf unserer Seite ver\u00f6ffentlichen die Aussch\u00fcttungsquote. Besondere Aufmerksamkeit widmen wir den Aussch\u00fcttungen von 95% oder mehr.<\/li>\n<li>Wir raten, immer die Regeln zu \u00fcberpr\u00fcfen, so dass Sie wissen, wie viel Ihre Wette wert sein k\u00f6nnte. Die meisten Spielautomaten ben\u00f6tigen einen Minimum Wetteinsatz, bis Sie Boni oder Jackpots nutzen k\u00f6nnen.<\/li>\n<li>Die guten Auszahlungs-Linien bieten bessere Chancen auf den Sieg. Sie k\u00f6nnen diese auch mit einem knappen Budget beginnen. Senken Sie den Wettbetrag und erh\u00f6hen die Anzahl der Pay-Linien.<\/li>\n<li>Benutzen Sie Autoplay, wenn Sie das Spiel verstanden haben.<\/li>\n<\/ul>\n<h3>Regeln der Online Slots<\/h3>\n<p>W\u00e4hrend die Regeln der Online Slots je nach Spiel variieren, gibt es viele Gemeinsamkeiten bei jedem Spiel, ob Sie nun klassische 3-Rollen oder Video Slots Spielen.<\/p>\n<ul>\n<li>Neben regelm\u00e4\u00dfigen themenbezogenen Symbolen gibt es freie Symbole, die als Ersatz f\u00fcr andere Symbole gelten, au\u00dfer f\u00fcr das, was als Scatter Symbol bekannt ist.<\/li>\n<li>Die meisten Spielautomaten haben die Funktion der Bonusrunden, die ausgel\u00f6st werden, wenn bestimmte Symbole auf den Walzen erscheinen. Boni kommen in Form von freien Drehbeschleunigungen oder anderen Preise, die zu echten Geldgewinnen f\u00fchren k\u00f6nnen.<\/li>\n<li>Viele on-line-Slots verf\u00fcgen \u00fcber Jackpots, bei denen die Preise von ein paar Hunderten bis Tausenden von Euro reichen k\u00f6nnen.<\/li>\n<\/ul>\n<p>Abgesehen von den oben genannten, gibt es ein paar Dinge, die Sie wissen sollten:<\/p>\n<ul>\n<li>Wetten: Sie m\u00fcssen entscheiden, wie viel pro Spin (Dreheinheit) Sie wetten. Der Betrag sollte im Rahmen Ihres Budgets liegen. Sie k\u00f6nnen aus einer Vielzahl von M\u00fcnzgr\u00f6\u00dfen, sowohl die Anzahl der Zahlen w\u00e4hlen und damit die Linien wetten. Je mehr variablen Sie entscheiden, mehr Gewinnchancen haben Sie.<\/li>\n<li>Drehen der Rollen: Es ist kinderleicht die Rollen zu drehen. Wenn die Rollen anhalten, k\u00f6nnen Sie die Symbole auf den Rollen sehen. Die Software wird dies automatisch bestimmen und ihre Gewinne auf der Basis von &#8220;Pay-Tabellen\u201d, die f\u00fcr einen bestimmten Steckplatz berechnet sind, auszahlen.<\/li>\n<li>Bonusrunden und Freispiele: Viele Slots bieten Bonusrunden, jede mit ihren eigenen Regeln. Freie Drehbeschleunigungen sind oft ein Teil des Bonus, bei dem Sie auch Spiele spielen k\u00f6nnen, bei denen keine Wetten zu zahlen sind.<\/li>\n<\/ul>\n<h2>Gemeinsame Online Slots Bedingungen<\/h2>\n<p><strong>M\u00fcnzgr\u00f6\u00dfe<\/strong>: Dies ist der Wert jeder Wette, die Sie setzen. Er reicht von 0,01 bis $1 oder mehr.<\/p>\n<p><strong>Max. Wette<\/strong>: Die gr\u00f6\u00dfte Anzahl der M\u00fcnzen, die Sie in einer einzigen Runde wetten k\u00f6nnen.<\/p>\n<p><strong>Freies Symbol<\/strong>: Symbol, gilt als Ersatzelement f\u00fcr andere Symbole, die verwendet werden k\u00f6nnen, um die Gewinn-Kombinationen zu erreichen. Diese Symbole enthalten h\u00e4ufig Bonus Multiplikatoren.<\/p>\n<p><strong>Scatter-Symbol<\/strong>: Ein Symbol f\u00fcr die Erstellung der Gewinnkombinationen. Allerdings frei von jeder Einschr\u00e4nkung gegen\u00fcber Pay-Linien. Sie entsperren Bonus Features (Angebote).<\/p>\n<p><strong>Pay-Linien<\/strong>: Die Linien in einem Steckplatz, auf denen die Symbole der Gewinn-Kombinationen stehen.<\/p>\n<p><strong>Pay-Table<\/strong>: Das Diagramm, das verschiedene Gewinnkombinationen und die Auszahlung f\u00fcr jede Kombination anzeigt.<\/p>\n<p><strong>Gestaffelte Auszahlungen<\/strong>: Pay-Tabellen, die Auszahlung mehrerer Spieler auff\u00fchren, die mehr Wetten laufen haben, insbesondere im Fall von Progressiven Jackpots.<\/p>\n<h2>Online Slots FAQs<\/h2>\n<div class=\"accordion\"><div class=\"accordion-box\"><a href=\"#\">1. Wie online Echt-Geld Slots arbeiten?<\/a><\/div><div class=\"accordion_text\"><\/p>\n<p>Online Spielautomaten sind die einfachsten und leichtesten Spiele. Es reicht, ein paar Tasten zu bewegen. Wichtig ist zu wissen, dass die meisten Online Kasinos kostenlose DEMO-Modi zum Spielen anbieten. Damit k\u00f6nnen Sie nicht nur neue Spiele testen, sondern auch ein Gef\u00fchl f\u00fcrs Spiel bekommen bevor Sie um echtes Geld wetten.<\/p>\n<p>Hier sind ein paar einfache Schritte f\u00fcr jedem Online Slot, um anzufangen:<\/p>\n<ul>\n<li>W\u00e4hlen Sie die Anzahl der Zeilen, die Sie spielen m\u00f6chten<\/li>\n<li>Setzen Sie den Betrag, den Sie bei jeder Drehung wetten wollen<\/li>\n<li>Klicken Sie auf die &#8216;Spin&#8217;-Taste, um die Spulen in Bewegung zu setzen.<\/li>\n<li>Wenn die Walzen stoppen Sie, sehen sie die Symbole auf den Walzen<\/li>\n<li>Je nach Spiel m\u00fcssen Sie mindestens 3 Symbole nebeneinander gewinnen. Auf mehreren Pay-Line Slots gewinnen Sie, wenn Symbole horizontal oder diagonal anschlie\u00dfen.<\/li>\n<li>Wenn Sie eine Gewinnkombination erspielt haben, richtet sich Ihre Auszahlung nach der Tabelle des jeweiligen Spielplatzes.<\/li>\n<\/ul>\n<p><\/div><\/div>\n<div class=\"accordion\"><div class=\"accordion-box\"><a href=\"#\">2. Wie kann ich ein Online Casino w\u00e4hlen?<\/a><\/div><div class=\"accordion_text\"><\/p>\n<p>Wir haben eine Checkliste, die Ihnen hilft, das richtige Kasino auf Grund einiger Basiskriterien<br \/>\nauszuw\u00e4hlen:<\/p>\n<p>W\u00e4hlen Sie ein Cer Steckplatz mit einer hohen Aussch\u00fcttungsquote von rund 97% oder mehr. Das w\u00e4re eine empfehlenswerte Strategie.<\/p>\n<p>Halten Sie Ausschau nach Casinos, die eine angemessene Pr\u00e4mie f\u00fcr Enthusiasten anbieten. Einer der Vorteile ist, dass die Slots 100% f\u00fcr die Erf\u00fcllung der Mindestwettanforderung um einen Bonus zu erhalten, sehr gro\u00dfz\u00fcgig sind. Stellen Sie sicher, dass diese gro\u00dfz\u00fcgigen Anforderungen auf Sie anwendbar sind. Suchen Sie nach den Bedingungen, die am wenigsten vage sind.<\/p>\n<p>Halten Sie Ausschau nach Casinos, die Spielautomaten mit progressiven Jackpots bieten. Dies sind die Jackpots, in der ein Prozentsatz jeder Wette in den Preispool investiert wird. Immer, wenn der Jackpot geknackt wird, wird das Spiel wieder zur\u00fcckgesetzt und beginnt neu. Die M\u00f6glichkeit zu gewinnen kann niedriger sein als bei normalen Slots, aber auch ein vielfaches mehr.<br \/>\n<\/div><\/div>\n<div class=\"accordion\"><div class=\"accordion-box\"><a href=\"#\">3. Gibt es wirklich Online Slots Strategien, die funktionieren?<\/a><\/div><div class=\"accordion_text\"><\/p>\n<p>Der Zeitfaktor kann beim Gl\u00fccksspiel ein wesentlicher Faktor sein. Es gibt ein paar Strategien, die Ihnen helfen k\u00f6nnen, das Spiel besser zu verstehen.<\/p>\n<p><em>Alles beginnt mit der Pay-Tabelle<\/em><\/p>\n<p>Die Pay-Tabelle, wie oben im Beispiel f\u00fcr den Microgaming&#8217;s Jurassic Park Video Slot zu sehen ist, bei dem verschiedene Auszahlungen f\u00fcr die verschiedene Gewinnkombinationen aufgelistet sind.<\/p>\n<p>Bestimmte gespielte Symbole k\u00f6nnen zu h\u00f6heren Auszahlungen f\u00fchren, w\u00e4hrend sich drei Symbole, die in der gleichen Reihe auftauchen sogar einen Bonus Runde bedeuten k\u00f6nnen oder auch ein Gratis-Spiel. Deshalb ist es wichtig, dass sie die Paytabelle im Blick haben, damit Sie strategisch spielen k\u00f6nnen.<\/p>\n<p><em>Maximieren Sie, wenn m\u00f6glich, wetten<\/em><\/p>\n<p>Beim Spielen <strong>Echt-Geld Online Slots ist es sinnvoll<\/strong>, mehrere Zahlen zu spielen &#8211; auch wenn das bedeutet, dass Sie auf weniger Zeilen setzen. Wetten mit Mehrausbezahllinien bietet eine bessere Chance zu gewinnen. Es ist auch bei einigen Spielen zwingend notwendig, alle Pay-Linien f\u00fcr einen Bonus oder Jackpot zu nutzen.<br \/>\n<\/div><\/div>\n<div class=\"accordion\"><div class=\"accordion-box\"><a href=\"#\">4. Sind Online-Slots fair? Woher wei\u00df ich, dass die Spiele nicht manipuliert sind?<\/a><\/div><div class=\"accordion_text\"><\/p>\n<p>Es ist mehr als unwahrscheinlich, dass die lizenzierten und regulierten Online Casinos manipuliert sind. Und ganz sicherlich nicht bei den auf unserer Webseite aufgef\u00fchrten. Casinos, die wir gelistet haben, sind auf Faires Spiel mehrfach unabh\u00e4ngig getestet, z.B. von Einrichtungen, wie Ecogra und TST.<br \/>\n<\/div><\/div>\n<div class=\"accordion\"><div class=\"accordion-box\"><a href=\"#\">5. Welche Slots haben die besten Quoten?<\/a><\/div><div class=\"accordion_text\"><\/p>\n<p>Slots, die nicht progressiv arbeiten, haben in der Regel einen niedrigeren Jackpot mit kleinerer Auszahlung, bieten aber auch die besten Gewinnchancen. Konservative Spiele haben in der Regel bessere Chancen.<br \/>\n<\/div><\/div>\n","protected":false},"excerpt":{"rendered":"<p>Wenn Sie auf der Suche nach etwas Spa\u00df, Unterhaltung, und nat\u00fcrlich potenziellen Gewinnen sind, dann ist das Drehen der Rollen in einem klassischen oder Videoslot Spiel genau das, was Sie lieben werden. Die gute Nachricht ist, Spieler haben die Qual der Wahl, wenn es um online Slots geht. Und genau das ist, wo unsere Experten [&hellip;]<\/p>\n","protected":false},"author":4,"featured_media":0,"parent":0,"menu_order":0,"comment_status":"closed","ping_status":"closed","template":"","meta":{"_acf_changed":false,"footnotes":""},"class_list":["post-415","page","type-page","status-publish","hentry"],"acf":[],"yoast_head":"<!-- This site is optimized with the Yoast SEO plugin v27.4 - https:\/\/yoast.com\/product\/yoast-seo-wordpress\/ -->\n<title>Top 10 echtes Geld Spielautomaten - Spielautomaten Online Spielen um echtes Geld zu verdienen<\/title>\n<meta name=\"description\" content=\"Liste der beliebtesten Slots Spiele um echtes Geld oder gratis zu spielen. Slot Games sofort f\u00fcr Sie online verf\u00fcgbar auf Ihrem Mobiltelefon oder Computer spielen.\" \/>\n<meta name=\"robots\" content=\"noindex, follow, max-snippet:-1, max-image-preview:large, max-video-preview:-1\" \/>\n<meta property=\"og:locale\" content=\"en_US\" \/>\n<meta property=\"og:type\" content=\"article\" \/>\n<meta property=\"og:title\" content=\"Top 10 echtes Geld Spielautomaten - Spielautomaten Online Spielen um echtes Geld zu verdienen\" \/>\n<meta property=\"og:description\" content=\"Liste der beliebtesten Slots Spiele um echtes Geld oder gratis zu spielen. Slot Games sofort f\u00fcr Sie online verf\u00fcgbar auf Ihrem Mobiltelefon oder Computer spielen.\" \/>\n<meta property=\"og:url\" content=\"https:\/\/www.top10casinowebsites.net\/de\/slots\" \/>\n<meta property=\"og:site_name\" content=\"DE\" \/>\n<meta property=\"article:modified_time\" content=\"2022-12-16T18:30:20+00:00\" \/>\n<meta name=\"twitter:card\" content=\"summary_large_image\" \/>\n<meta name=\"twitter:label1\" content=\"Est. reading time\" \/>\n\t<meta name=\"twitter:data1\" content=\"10 minutes\" \/>\n<script type=\"application\/ld+json\" class=\"yoast-schema-graph\">{\"@context\":\"https:\\\/\\\/schema.org\",\"@graph\":[{\"@type\":\"WebPage\",\"@id\":\"https:\\\/\\\/www.top10casinowebsites.net\\\/de\\\/slots\",\"url\":\"https:\\\/\\\/www.top10casinowebsites.net\\\/de\\\/slots\",\"name\":\"Top 10 echtes Geld Spielautomaten - Spielautomaten Online Spielen um echtes Geld zu verdienen\",\"isPartOf\":{\"@id\":\"https:\\\/\\\/www.top10casinowebsites.net\\\/de\\\/#website\"},\"primaryImageOfPage\":{\"@id\":\"https:\\\/\\\/www.top10casinowebsites.net\\\/de\\\/slots#primaryimage\"},\"image\":{\"@id\":\"https:\\\/\\\/www.top10casinowebsites.net\\\/de\\\/slots#primaryimage\"},\"thumbnailUrl\":\"https:\\\/\\\/www.top10casinowebsites.net\\\/wp-content\\\/uploads\\\/2016\\\/01\\\/slot-machines.jpg\",\"datePublished\":\"2016-02-10T09:35:46+00:00\",\"dateModified\":\"2022-12-16T18:30:20+00:00\",\"description\":\"Liste der beliebtesten Slots Spiele um echtes Geld oder gratis zu spielen. Slot Games sofort f\u00fcr Sie online verf\u00fcgbar auf Ihrem Mobiltelefon oder Computer spielen.\",\"breadcrumb\":{\"@id\":\"https:\\\/\\\/www.top10casinowebsites.net\\\/de\\\/slots#breadcrumb\"},\"inLanguage\":\"en-US\",\"potentialAction\":[{\"@type\":\"ReadAction\",\"target\":[\"https:\\\/\\\/www.top10casinowebsites.net\\\/de\\\/slots\"]}]},{\"@type\":\"ImageObject\",\"inLanguage\":\"en-US\",\"@id\":\"https:\\\/\\\/www.top10casinowebsites.net\\\/de\\\/slots#primaryimage\",\"url\":\"https:\\\/\\\/www.top10casinowebsites.net\\\/wp-content\\\/uploads\\\/2016\\\/01\\\/slot-machines.jpg\",\"contentUrl\":\"https:\\\/\\\/www.top10casinowebsites.net\\\/wp-content\\\/uploads\\\/2016\\\/01\\\/slot-machines.jpg\"},{\"@type\":\"BreadcrumbList\",\"@id\":\"https:\\\/\\\/www.top10casinowebsites.net\\\/de\\\/slots#breadcrumb\",\"itemListElement\":[{\"@type\":\"ListItem\",\"position\":1,\"name\":\"Home\",\"item\":\"https:\\\/\\\/www.top10casinowebsites.net\\\/de\\\/\"},{\"@type\":\"ListItem\",\"position\":2,\"name\":\"Top 10 echtes Geld Spielautomaten &#8211; Spielautomaten Online Spielen um echtes Geld zu verdienen\"}]},{\"@type\":\"WebSite\",\"@id\":\"https:\\\/\\\/www.top10casinowebsites.net\\\/de\\\/#website\",\"url\":\"https:\\\/\\\/www.top10casinowebsites.net\\\/de\\\/\",\"name\":\"DE\",\"description\":\"\",\"potentialAction\":[{\"@type\":\"SearchAction\",\"target\":{\"@type\":\"EntryPoint\",\"urlTemplate\":\"https:\\\/\\\/www.top10casinowebsites.net\\\/de\\\/?s={search_term_string}\"},\"query-input\":{\"@type\":\"PropertyValueSpecification\",\"valueRequired\":true,\"valueName\":\"search_term_string\"}}],\"inLanguage\":\"en-US\"}]}<\/script>\n<!-- \/ Yoast SEO plugin. -->","yoast_head_json":{"title":"Top 10 echtes Geld Spielautomaten - Spielautomaten Online Spielen um echtes Geld zu verdienen","description":"Liste der beliebtesten Slots Spiele um echtes Geld oder gratis zu spielen. Slot Games sofort f\u00fcr Sie online verf\u00fcgbar auf Ihrem Mobiltelefon oder Computer spielen.","robots":{"index":"noindex","follow":"follow","max-snippet":"max-snippet:-1","max-image-preview":"max-image-preview:large","max-video-preview":"max-video-preview:-1"},"og_locale":"en_US","og_type":"article","og_title":"Top 10 echtes Geld Spielautomaten - Spielautomaten Online Spielen um echtes Geld zu verdienen","og_description":"Liste der beliebtesten Slots Spiele um echtes Geld oder gratis zu spielen. Slot Games sofort f\u00fcr Sie online verf\u00fcgbar auf Ihrem Mobiltelefon oder Computer spielen.","og_url":"https:\/\/www.top10casinowebsites.net\/de\/slots","og_site_name":"DE","article_modified_time":"2022-12-16T18:30:20+00:00","twitter_card":"summary_large_image","twitter_misc":{"Est. reading time":"10 minutes"},"schema":{"@context":"https:\/\/schema.org","@graph":[{"@type":"WebPage","@id":"https:\/\/www.top10casinowebsites.net\/de\/slots","url":"https:\/\/www.top10casinowebsites.net\/de\/slots","name":"Top 10 echtes Geld Spielautomaten - Spielautomaten Online Spielen um echtes Geld zu verdienen","isPartOf":{"@id":"https:\/\/www.top10casinowebsites.net\/de\/#website"},"primaryImageOfPage":{"@id":"https:\/\/www.top10casinowebsites.net\/de\/slots#primaryimage"},"image":{"@id":"https:\/\/www.top10casinowebsites.net\/de\/slots#primaryimage"},"thumbnailUrl":"https:\/\/www.top10casinowebsites.net\/wp-content\/uploads\/2016\/01\/slot-machines.jpg","datePublished":"2016-02-10T09:35:46+00:00","dateModified":"2022-12-16T18:30:20+00:00","description":"Liste der beliebtesten Slots Spiele um echtes Geld oder gratis zu spielen. Slot Games sofort f\u00fcr Sie online verf\u00fcgbar auf Ihrem Mobiltelefon oder Computer spielen.","breadcrumb":{"@id":"https:\/\/www.top10casinowebsites.net\/de\/slots#breadcrumb"},"inLanguage":"en-US","potentialAction":[{"@type":"ReadAction","target":["https:\/\/www.top10casinowebsites.net\/de\/slots"]}]},{"@type":"ImageObject","inLanguage":"en-US","@id":"https:\/\/www.top10casinowebsites.net\/de\/slots#primaryimage","url":"https:\/\/www.top10casinowebsites.net\/wp-content\/uploads\/2016\/01\/slot-machines.jpg","contentUrl":"https:\/\/www.top10casinowebsites.net\/wp-content\/uploads\/2016\/01\/slot-machines.jpg"},{"@type":"BreadcrumbList","@id":"https:\/\/www.top10casinowebsites.net\/de\/slots#breadcrumb","itemListElement":[{"@type":"ListItem","position":1,"name":"Home","item":"https:\/\/www.top10casinowebsites.net\/de\/"},{"@type":"ListItem","position":2,"name":"Top 10 echtes Geld Spielautomaten &#8211; Spielautomaten Online Spielen um echtes Geld zu verdienen"}]},{"@type":"WebSite","@id":"https:\/\/www.top10casinowebsites.net\/de\/#website","url":"https:\/\/www.top10casinowebsites.net\/de\/","name":"DE","description":"","potentialAction":[{"@type":"SearchAction","target":{"@type":"EntryPoint","urlTemplate":"https:\/\/www.top10casinowebsites.net\/de\/?s={search_term_string}"},"query-input":{"@type":"PropertyValueSpecification","valueRequired":true,"valueName":"search_term_string"}}],"inLanguage":"en-US"}]}},"_links":{"self":[{"href":"https:\/\/www.top10casinowebsites.net\/de\/wp-json\/wp\/v2\/pages\/415","targetHints":{"allow":["GET"]}}],"collection":[{"href":"https:\/\/www.top10casinowebsites.net\/de\/wp-json\/wp\/v2\/pages"}],"about":[{"href":"https:\/\/www.top10casinowebsites.net\/de\/wp-json\/wp\/v2\/types\/page"}],"author":[{"embeddable":true,"href":"https:\/\/www.top10casinowebsites.net\/de\/wp-json\/wp\/v2\/users\/4"}],"replies":[{"embeddable":true,"href":"https:\/\/www.top10casinowebsites.net\/de\/wp-json\/wp\/v2\/comments?post=415"}],"version-history":[{"count":3,"href":"https:\/\/www.top10casinowebsites.net\/de\/wp-json\/wp\/v2\/pages\/415\/revisions"}],"predecessor-version":[{"id":2213,"href":"https:\/\/www.top10casinowebsites.net\/de\/wp-json\/wp\/v2\/pages\/415\/revisions\/2213"}],"wp:attachment":[{"href":"https:\/\/www.top10casinowebsites.net\/de\/wp-json\/wp\/v2\/media?parent=415"}],"curies":[{"name":"wp","href":"https:\/\/api.w.org\/{rel}","templated":true}]}}