{"id":423,"date":"2016-02-10T10:27:46","date_gmt":"2016-02-10T10:27:46","guid":{"rendered":"http:\/\/www.top10casinowebsites.net\/?page_id=423"},"modified":"2022-10-24T16:18:13","modified_gmt":"2022-10-24T16:18:13","slug":"baccarat","status":"publish","type":"page","link":"https:\/\/www.top10casinowebsites.net\/de\/baccarat","title":{"rendered":"Baccarat &#8211; echtes Geld &#038; Gratis Baccarat Spiele"},"content":{"rendered":"<p><img decoding=\"async\" class=\"alignright size-full wp-image-1058\" src=\"https:\/\/www.top10casinowebsites.net\/wp-content\/uploads\/2016\/03\/baccarat.jpg\" alt=\"baccarat.jpg\" width=\"300\" \/><\/p>\n<p>Im Gegensatz zu Spielen wie Blackjack brauchen Sie tats\u00e4chlich keinerlei Vorkenntnisse, Sie haben drei verschiedene Wettm\u00f6glichen auf jeder Hand das Spiel zu spielen.<\/p>\n<p>Im Lauf der Jahre gab es verschiedene Varianten von Baccarat. Alleine schon deswegen, werden Sie bei dem von Ihnen gew\u00e4hlten Onlinecasino auf verschiedene Optionen treffen.<\/p>\n<p>In unserer besonderen Baccarat-Anleitung werden wir einen Blick darauf werfen, wie Sie Baccarat Online spielen k\u00f6nnen und geben Ihnen ein verschiedene Tipps und Tricks f\u00fcr das Spielen dieses sehr beliebte Casinospiels, so dass Sie den maximalen Gewinn einfahren k\u00f6nnen.<\/p>\n<p>Beim Baccarat Spielen werden Sie feststellen, dass jede Karte, einen Wert zugewiesen bekommt, und zwar immer den, den diese aufweist. Nur Bube, Dame und K\u00f6nig haben alle den Wert Null, Asse z\u00e4hlen eins und alle anderen Karten im Deck haben den Wert von ihrem Wert, also zum Beispiel eine 7 hat den tats\u00e4chlichen Wert von 7 Punkten, 2 Scheiben haben einen Wert von 2 Punkten und so weiter.<\/p>\n<p>Sie werden feststellen, dass Sie Baccarat f\u00fcr nur 1,00 pro Seite spielen k\u00f6nnen (Der Betrag wird nat\u00fcrlich in Ihrer W\u00e4hrung angezeigt).\u00a0 Beachten Sie, dass die Ebenen die Sie spielen sehr schnell zu hohen Eins\u00e4tzen f\u00fchren k\u00f6nnen. Manche Casinos spielen mit 1000 und mehr pro Hand.<\/p>\n<div class=\"grid-contents\" id=\"grid-contents\"><table class=\"cas_table\" ><tbody><tr class=\"rank-1\">\n                                <td class=\"ranking\">1<\/td>\n                                <td class=\"brandcol\">\n                                    <a href=https:\/\/www.top10casinowebsites.net\/de\/review\/888-casino class=\"brand brand-bg\"><img loading=\"lazy\" decoding=\"async\" class=\"group list-group-image\" src=\"https:\/\/static.top10casinowebsites.net\/images\/casino-rooms\/888-casino-logo.png\" width=\"200\" height=\"128\"\/><\/a>\n                                <\/td>\n                                <td class=\"bonus\" data-title=\"Bonus\">\n\t\t\t\t\t               <p class=\"bonus-text\"><strong>$888<\/strong>Welcome Bonus <br>(<a href=\"https:\/\/www.top10casinowebsites.net\/de\/review\/888-casino\">T&Cs apply, 18+<\/a>)<\/p>\n\t\t\t\t                <\/td>\n\t\t\t\t\t            <td class=\"badge_game\" data-title=\"Rating\">\n                                    <div class=\"rating\"><strong>5<\/strong>\/5<\/div>\n                                    <div class=\"rating stars\" style=\"margin-top: 5px;\"><span class=\"icon icon-stars\"><span class=\"icon-stars green\" style=\"width: 100%;\"><\/span><\/span><\/div>\n\t\t\t\t\t            <\/td>\n                               \n                                <td class=\"play\">\n\t\t\t\t\t               <a class=\"button-gold\" rel=\"nofollow\" href=\"https:\/\/www.top10casinowebsites.net\/de\/review\/888-casino\">Visit<\/a>\n\t                               <div class=\"\">\n\t\t\t\t\t                   <a class=\"review-snippet-link-play-now-col\" href=\"https:\/\/www.top10casinowebsites.net\/de\/review\/888-casino\">Read Review<\/a>\n\t\t\t\t\t               <\/div>\n\t\t\t\t\t           <\/td>\n     \t\t\t\t        <\/tr><\/tbody><\/table><\/div>\n<h2>Wie ist Baccarat zu spielen<\/h2>\n<p>Baccarat Spielen ist wirklich sehr einfach. Sobald Sie eine Website gefunden haben, die dieses Spiel anbietet, m\u00fcssen Sie nur noch entscheiden, welche der drei Optionen Sie spielen wollen.<\/p>\n<p>Sie finden dort eine Reihe von Karten, eine Hand, die Banker Hand, den Satz Karten, eine zweite Hand und die Hand, die Ihre ist und auf dem Bildschirm zu sehen ist, auch Spielerhand genannt.<\/p>\n<p><strong>LasVegasSun<\/strong><\/p>\n<p><center><iframe loading=\"lazy\" src=\"https:\/\/www.youtube.com\/embed\/8CljzvH-64w\" width=\"560\" height=\"315\" frameborder=\"0\" allowfullscreen=\"allowfullscreen\"><\/iframe><\/center>Die Anzahl der Karten in jeder Hand variiert je nach Variante und Regeln, die Sie spielen. Allerdings ist die gewinnende Hand immer die, die insgesamt einen Wert von 9 hat oder diesem sehr nahekommt.<\/p>\n<p>Die Spieler von Baccarat k\u00f6nnen eine Wette auf entweder dem Spieler oder der Bankerhand auslegen oder Sie w\u00e4hlen eine Wette, die auf dem Band platziert wird.\u00a0 Die gebundene Hand ist nur dann eine gewinnende Hand, wenn am Ende des Deals auf beiden H\u00e4nden exakt derselbe Wert steht.<\/p>\n<p>Wenn Sie beschlie\u00dfen eine Wette von beliebigem Wert f\u00fcr die Bankerhand abzugeben und die Hand gewinnt, dann erhalten Sie zur Auszahlung noch zus\u00e4tzlich Geld, abz\u00fcglich einer 5 % Hauskommission.<\/p>\n<p>Die Spielerhand wird dann bei der Auszahlung belohnt. Jedoch m\u00fcssen Sie die 5% Kommission nicht zahlen, wenn Sie die Wette auf ihre Hand gesetzt haben.<\/p>\n<p>Sie werden auch feststellen, dass die Auszahlungsquoten, die an die gebundene Hand angeh\u00e4ngt werden, variieren k\u00f6nnen, da verschiedene Casino-Seiten mit verschiedenen Software- und Gaming-Plattformen laufen und eine andere Anbieter-Auswahl an Spielen unterschiedlicher Auszahlungen bieten, die an diese Gewinnkombination angeh\u00e4ngt werden.<\/p>\n<p>Die Kommission h\u00e4ngt von der Variante ab, die sie ausgew\u00e4hlt haben und nat\u00fcrlich der Seite selbst. Allerdings sind die niedrigsten Optionen der verschiedenen Casino-Seiten 1,00.<\/p>\n<h2>Die beste Baccaratspiel Strategie<\/h2>\n<p>Sie sollten es vermeiden eine gebundene Hand zu spiel, wenn Sie mit uns online spielen. Allerdings sind die Vorteile der Auszahlungen in die gebundene Hand auch h\u00f6her als bei den beiden anderen Wetten. Konzentrieren Sie sich auf das, was Sie wollen.<\/p>\n<p>Eine interessante Sache ist sicherlich, wenn Sie\u00a0<strong>Lust haben Baccarat Online auch um echtes<\/strong> Geld zu spielen. Die meisten online Casinos bieten Spieler Comps und die wiederherum erm\u00f6glichen das Spielen um echtes Geld.<\/p>\n<p>Idealerweise sollten die Casinoseiten Ihnen die gro\u00dfz\u00fcgigen Comp-Clubs vorstellen, wodurch Sie im Spiel zus\u00e4tzlich punkten k\u00f6nnen. Diese Punkte k\u00f6nnen sie dann in echtes Geld eintauschen.<\/p>\n<p>Interessant ist sicherlich auch, dass viele Casinoseiten neuen Spielern einen Einzahlungsbonus gew\u00e4hren und wiederkehrenden Spieler, bei den meisten Casinos, ebenfalls neue \u00dcberraschungen erhalten.<\/p>\n<p>Stellen Sie sicher, dass wenn sie Baccarat mit zus\u00e4tzlichen Bonusoptionen spielen, dass das Casino dies auf seiner zul\u00e4ssigen Liste hat. W\u00e4hlen sie au\u00dferdem einen Bonus, der mit geringen Anforderungen einhergeht.<\/p>\n","protected":false},"excerpt":{"rendered":"<p>Im Gegensatz zu Spielen wie Blackjack brauchen Sie tats\u00e4chlich keinerlei Vorkenntnisse, Sie haben drei verschiedene Wettm\u00f6glichen auf jeder Hand das Spiel zu spielen. Im Lauf der Jahre gab es verschiedene Varianten von Baccarat. Alleine schon deswegen, werden Sie bei dem von Ihnen gew\u00e4hlten Onlinecasino auf verschiedene Optionen treffen. In unserer besonderen Baccarat-Anleitung werden wir einen [&hellip;]<\/p>\n","protected":false},"author":4,"featured_media":0,"parent":0,"menu_order":0,"comment_status":"closed","ping_status":"closed","template":"","meta":{"_acf_changed":false,"footnotes":""},"class_list":["post-423","page","type-page","status-publish","hentry"],"acf":[],"yoast_head":"<!-- This site is optimized with the Yoast SEO plugin v27.4 - https:\/\/yoast.com\/product\/yoast-seo-wordpress\/ -->\n<title>Baccarat - echtes Geld &amp; Gratis Baccarat Spiele<\/title>\n<meta name=\"description\" content=\"Baccarat ist ein Spiel, zu dem Sie keinerlei Vorkenntnisse brauchen, und Sie werden es schnell auf f\u00fcndig werden, denn es gibt online eine Unmenge davon.\" \/>\n<meta name=\"robots\" content=\"noindex, follow, max-snippet:-1, max-image-preview:large, max-video-preview:-1\" \/>\n<meta property=\"og:locale\" content=\"en_US\" \/>\n<meta property=\"og:type\" content=\"article\" \/>\n<meta property=\"og:title\" content=\"Baccarat - echtes Geld &amp; Gratis Baccarat Spiele\" \/>\n<meta property=\"og:description\" content=\"Baccarat ist ein Spiel, zu dem Sie keinerlei Vorkenntnisse brauchen, und Sie werden es schnell auf f\u00fcndig werden, denn es gibt online eine Unmenge davon.\" \/>\n<meta property=\"og:url\" content=\"https:\/\/www.top10casinowebsites.net\/de\/baccarat\" \/>\n<meta property=\"og:site_name\" content=\"DE\" \/>\n<meta property=\"article:modified_time\" content=\"2022-10-24T16:18:13+00:00\" \/>\n<meta name=\"twitter:card\" content=\"summary_large_image\" \/>\n<meta name=\"twitter:label1\" content=\"Est. reading time\" \/>\n\t<meta name=\"twitter:data1\" content=\"3 minutes\" \/>\n<script type=\"application\/ld+json\" class=\"yoast-schema-graph\">{\"@context\":\"https:\\\/\\\/schema.org\",\"@graph\":[{\"@type\":\"WebPage\",\"@id\":\"https:\\\/\\\/www.top10casinowebsites.net\\\/de\\\/baccarat\",\"url\":\"https:\\\/\\\/www.top10casinowebsites.net\\\/de\\\/baccarat\",\"name\":\"Baccarat - echtes Geld & Gratis Baccarat Spiele\",\"isPartOf\":{\"@id\":\"https:\\\/\\\/www.top10casinowebsites.net\\\/de\\\/#website\"},\"primaryImageOfPage\":{\"@id\":\"https:\\\/\\\/www.top10casinowebsites.net\\\/de\\\/baccarat#primaryimage\"},\"image\":{\"@id\":\"https:\\\/\\\/www.top10casinowebsites.net\\\/de\\\/baccarat#primaryimage\"},\"thumbnailUrl\":\"https:\\\/\\\/www.top10casinowebsites.net\\\/wp-content\\\/uploads\\\/2016\\\/03\\\/baccarat.jpg\",\"datePublished\":\"2016-02-10T10:27:46+00:00\",\"dateModified\":\"2022-10-24T16:18:13+00:00\",\"description\":\"Baccarat ist ein Spiel, zu dem Sie keinerlei Vorkenntnisse brauchen, und Sie werden es schnell auf f\u00fcndig werden, denn es gibt online eine Unmenge davon.\",\"breadcrumb\":{\"@id\":\"https:\\\/\\\/www.top10casinowebsites.net\\\/de\\\/baccarat#breadcrumb\"},\"inLanguage\":\"en-US\",\"potentialAction\":[{\"@type\":\"ReadAction\",\"target\":[\"https:\\\/\\\/www.top10casinowebsites.net\\\/de\\\/baccarat\"]}]},{\"@type\":\"ImageObject\",\"inLanguage\":\"en-US\",\"@id\":\"https:\\\/\\\/www.top10casinowebsites.net\\\/de\\\/baccarat#primaryimage\",\"url\":\"https:\\\/\\\/www.top10casinowebsites.net\\\/wp-content\\\/uploads\\\/2016\\\/03\\\/baccarat.jpg\",\"contentUrl\":\"https:\\\/\\\/www.top10casinowebsites.net\\\/wp-content\\\/uploads\\\/2016\\\/03\\\/baccarat.jpg\"},{\"@type\":\"BreadcrumbList\",\"@id\":\"https:\\\/\\\/www.top10casinowebsites.net\\\/de\\\/baccarat#breadcrumb\",\"itemListElement\":[{\"@type\":\"ListItem\",\"position\":1,\"name\":\"Home\",\"item\":\"https:\\\/\\\/www.top10casinowebsites.net\\\/de\\\/\"},{\"@type\":\"ListItem\",\"position\":2,\"name\":\"Baccarat &#8211; echtes Geld &#038; Gratis Baccarat Spiele\"}]},{\"@type\":\"WebSite\",\"@id\":\"https:\\\/\\\/www.top10casinowebsites.net\\\/de\\\/#website\",\"url\":\"https:\\\/\\\/www.top10casinowebsites.net\\\/de\\\/\",\"name\":\"DE\",\"description\":\"\",\"potentialAction\":[{\"@type\":\"SearchAction\",\"target\":{\"@type\":\"EntryPoint\",\"urlTemplate\":\"https:\\\/\\\/www.top10casinowebsites.net\\\/de\\\/?s={search_term_string}\"},\"query-input\":{\"@type\":\"PropertyValueSpecification\",\"valueRequired\":true,\"valueName\":\"search_term_string\"}}],\"inLanguage\":\"en-US\"}]}<\/script>\n<!-- \/ Yoast SEO plugin. -->","yoast_head_json":{"title":"Baccarat - echtes Geld & Gratis Baccarat Spiele","description":"Baccarat ist ein Spiel, zu dem Sie keinerlei Vorkenntnisse brauchen, und Sie werden es schnell auf f\u00fcndig werden, denn es gibt online eine Unmenge davon.","robots":{"index":"noindex","follow":"follow","max-snippet":"max-snippet:-1","max-image-preview":"max-image-preview:large","max-video-preview":"max-video-preview:-1"},"og_locale":"en_US","og_type":"article","og_title":"Baccarat - echtes Geld & Gratis Baccarat Spiele","og_description":"Baccarat ist ein Spiel, zu dem Sie keinerlei Vorkenntnisse brauchen, und Sie werden es schnell auf f\u00fcndig werden, denn es gibt online eine Unmenge davon.","og_url":"https:\/\/www.top10casinowebsites.net\/de\/baccarat","og_site_name":"DE","article_modified_time":"2022-10-24T16:18:13+00:00","twitter_card":"summary_large_image","twitter_misc":{"Est. reading time":"3 minutes"},"schema":{"@context":"https:\/\/schema.org","@graph":[{"@type":"WebPage","@id":"https:\/\/www.top10casinowebsites.net\/de\/baccarat","url":"https:\/\/www.top10casinowebsites.net\/de\/baccarat","name":"Baccarat - echtes Geld & Gratis Baccarat Spiele","isPartOf":{"@id":"https:\/\/www.top10casinowebsites.net\/de\/#website"},"primaryImageOfPage":{"@id":"https:\/\/www.top10casinowebsites.net\/de\/baccarat#primaryimage"},"image":{"@id":"https:\/\/www.top10casinowebsites.net\/de\/baccarat#primaryimage"},"thumbnailUrl":"https:\/\/www.top10casinowebsites.net\/wp-content\/uploads\/2016\/03\/baccarat.jpg","datePublished":"2016-02-10T10:27:46+00:00","dateModified":"2022-10-24T16:18:13+00:00","description":"Baccarat ist ein Spiel, zu dem Sie keinerlei Vorkenntnisse brauchen, und Sie werden es schnell auf f\u00fcndig werden, denn es gibt online eine Unmenge davon.","breadcrumb":{"@id":"https:\/\/www.top10casinowebsites.net\/de\/baccarat#breadcrumb"},"inLanguage":"en-US","potentialAction":[{"@type":"ReadAction","target":["https:\/\/www.top10casinowebsites.net\/de\/baccarat"]}]},{"@type":"ImageObject","inLanguage":"en-US","@id":"https:\/\/www.top10casinowebsites.net\/de\/baccarat#primaryimage","url":"https:\/\/www.top10casinowebsites.net\/wp-content\/uploads\/2016\/03\/baccarat.jpg","contentUrl":"https:\/\/www.top10casinowebsites.net\/wp-content\/uploads\/2016\/03\/baccarat.jpg"},{"@type":"BreadcrumbList","@id":"https:\/\/www.top10casinowebsites.net\/de\/baccarat#breadcrumb","itemListElement":[{"@type":"ListItem","position":1,"name":"Home","item":"https:\/\/www.top10casinowebsites.net\/de\/"},{"@type":"ListItem","position":2,"name":"Baccarat &#8211; echtes Geld &#038; Gratis Baccarat Spiele"}]},{"@type":"WebSite","@id":"https:\/\/www.top10casinowebsites.net\/de\/#website","url":"https:\/\/www.top10casinowebsites.net\/de\/","name":"DE","description":"","potentialAction":[{"@type":"SearchAction","target":{"@type":"EntryPoint","urlTemplate":"https:\/\/www.top10casinowebsites.net\/de\/?s={search_term_string}"},"query-input":{"@type":"PropertyValueSpecification","valueRequired":true,"valueName":"search_term_string"}}],"inLanguage":"en-US"}]}},"_links":{"self":[{"href":"https:\/\/www.top10casinowebsites.net\/de\/wp-json\/wp\/v2\/pages\/423","targetHints":{"allow":["GET"]}}],"collection":[{"href":"https:\/\/www.top10casinowebsites.net\/de\/wp-json\/wp\/v2\/pages"}],"about":[{"href":"https:\/\/www.top10casinowebsites.net\/de\/wp-json\/wp\/v2\/types\/page"}],"author":[{"embeddable":true,"href":"https:\/\/www.top10casinowebsites.net\/de\/wp-json\/wp\/v2\/users\/4"}],"replies":[{"embeddable":true,"href":"https:\/\/www.top10casinowebsites.net\/de\/wp-json\/wp\/v2\/comments?post=423"}],"version-history":[{"count":2,"href":"https:\/\/www.top10casinowebsites.net\/de\/wp-json\/wp\/v2\/pages\/423\/revisions"}],"predecessor-version":[{"id":2209,"href":"https:\/\/www.top10casinowebsites.net\/de\/wp-json\/wp\/v2\/pages\/423\/revisions\/2209"}],"wp:attachment":[{"href":"https:\/\/www.top10casinowebsites.net\/de\/wp-json\/wp\/v2\/media?parent=423"}],"curies":[{"name":"wp","href":"https:\/\/api.w.org\/{rel}","templated":true}]}}