{"id":427,"date":"2016-02-10T10:29:23","date_gmt":"2016-02-10T10:29:23","guid":{"rendered":"http:\/\/www.top10casinowebsites.net\/?page_id=427"},"modified":"2022-10-27T17:21:37","modified_gmt":"2022-10-27T17:21:37","slug":"video-poker","status":"publish","type":"page","link":"https:\/\/www.top10casinowebsites.net\/de\/video-poker","title":{"rendered":"Video Poker &#8211; Echt-Geld &#038; Free Video Poker Spiele"},"content":{"rendered":"<p><img decoding=\"async\" class=\"alignright size-full wp-image-127\" src=\"https:\/\/www.top10casinowebsites.net\/wp-content\/uploads\/2016\/01\/video-poker.jpg\" alt=\"Video Poker\" width=\"300\" \/> In diesem Abschnitt unserer Website werden Sie zum Spielen des Video Poker herangef\u00fchrt. In der Tat, eine bemerkenswerte Sache, denn Video Poker funktioniert \u00e4hnlich wie\u00a0<a href=\"https:\/\/www.top10casinowebsites.net\/de\/slots\">Spielautomaten<\/a>.\u00a0Es gibt viele verschiedene einzelne Spiele und davon etliche weitere Varianten des gleichen Spieles, je nach dem Casino, auf das Sie zugreifen.<\/p>\n<p>Sie werden einzelne Hand Videospiele finden, bei denen, wie der Name schon sagt, Sie aus einer einzigen Hand pro Spiel spielen. Bei Multi-Hand Varianten finden Sie von 4 H\u00e4nde pro Spiel bis zu 100 H\u00e4nde pro Spiel, je nach Variante.<\/p>\n<p>Beachten Sie bei Spielen, die von<a href=\"https:\/\/www.microgaming.co.uk\/\"> Microgaming angetrieben werden<\/a>, dass diese den Namen anzeigen! Auch progressive Video Poker Spiele sind f\u00fcr Sie abrufbereit, selbst wenn Sie beim Spielen dieser Spiele oft feststellen werden, dass Sie selbst bei gleichbleibenden Einsatz, im progressiven Jackpot, immer im Spiel maximalen Einsatz haben.<\/p>\n<p>Weiter unten lassen wir Sie wissen, wie Video Poker Spiele zu spielen sind und wie man auch in Spielen die besten Strategien einsetzt. Wir werden Sie auch wissen lassen, was ein Video Poker Spiel spielbarer als andere macht.<\/p>\n<div class=\"grid-contents\" id=\"grid-contents\"><table class=\"cas_table\" ><tbody><tr class=\"rank-1\">\n                                <td class=\"ranking\">1<\/td>\n                                <td class=\"brandcol\">\n                                    <a href=https:\/\/www.top10casinowebsites.net\/de\/review\/888-casino class=\"brand brand-bg\"><img loading=\"lazy\" decoding=\"async\" class=\"group list-group-image\" src=\"https:\/\/static.top10casinowebsites.net\/images\/casino-rooms\/888-casino-logo.png\" width=\"200\" height=\"128\"\/><\/a>\n                                <\/td>\n                                <td class=\"bonus\" data-title=\"Bonus\">\n\t\t\t\t\t               <p class=\"bonus-text\"><strong>$888<\/strong>Welcome Bonus <br>(<a href=\"https:\/\/www.top10casinowebsites.net\/de\/review\/888-casino\">T&Cs apply, 18+<\/a>)<\/p>\n\t\t\t\t                <\/td>\n\t\t\t\t\t            <td class=\"badge_game\" data-title=\"Rating\">\n                                    <div class=\"rating\"><strong>5<\/strong>\/5<\/div>\n                                    <div class=\"rating stars\" style=\"margin-top: 5px;\"><span class=\"icon icon-stars\"><span class=\"icon-stars green\" style=\"width: 100%;\"><\/span><\/span><\/div>\n\t\t\t\t\t            <\/td>\n                               \n                                <td class=\"play\">\n\t\t\t\t\t               <a class=\"button-gold\" rel=\"nofollow\" href=\"https:\/\/www.top10casinowebsites.net\/de\/review\/888-casino\">Visit<\/a>\n\t                               <div class=\"\">\n\t\t\t\t\t                   <a class=\"review-snippet-link-play-now-col\" href=\"https:\/\/www.top10casinowebsites.net\/de\/review\/888-casino\">Read Review<\/a>\n\t\t\t\t\t               <\/div>\n\t\t\t\t\t           <\/td>\n     \t\t\t\t        <\/tr><\/tbody><\/table><\/div>\n<p>Sie werden auch bald herausfinden, dass wir etliche Freie Spielversion von verschiedenen Video Poker Spiel Varianten im Angebot haben, die Sie direkt von dieser Website aus spielen k\u00f6nnen und auch solche, die Sie auf unserer Webseite einfach einmal ohne Risiko testen k\u00f6nnen.<\/p>\n<p>Durch das Spielen von mehreren verschiedenen Video Poker Spiel Varianten werden Sie bald feststellen, wie Sie zu spielen haben und kommen damit in die Lage, ihren eigenen Spielstil zu entwickeln. Sie werden feststellen, was sie brauchen, wenn es um Echtgeldspiele geht. Also bitte lesen Sie hier. Wichtig ist, dass Sie wissen, dass die Abgabebestimmungen und Quoten auf Video Poker Spiele um ein vielfaches h\u00f6her sind, als in jeder anderen Kategorie von Kasinospielen.<\/p>\n<h2>Wie man Video Poker spielt<\/h2>\n<p>Sobald Sie ein online Casino ausgew\u00e4hlt haben und wissen, von welchem Ort aus Sie spielen wollen &#8211; denn Sie k\u00f6nnen selbstverst\u00e4ndlich die Video Pokervariante auf Ihrer Webseite direkt spielen, entweder kostenlos oder um echtes Geld. Sie sollten allerdings sichergehen, dass Sie die Staking Option f\u00fcr die Livespielvariante ausgew\u00e4hlt haben, bevor Sie anfangen.<\/p>\n<p>Hier finden Sie eine Vielzahl von Spielen und deren Werteinstellungen und k\u00f6nnen die Wertzuweisungen einstellen und Ihr Niveau eingeben. Klicken Sie auf den M\u00fcnzwert auf der Schaltfl\u00e4che die am Bildschirm zu sehen ist, markieren Sie diese und w\u00e4hlen Sie den Modus \u201ezum live spielen\u201c an.<\/p>\n<p><strong>americancasinoguide<\/strong><\/p>\n<p><center><iframe loading=\"lazy\" src=\"https:\/\/www.youtube.com\/embed\/gLYQ3ZIowPA\" width=\"560\" height=\"315\" frameborder=\"0\" allowfullscreen=\"allowfullscreen\"><\/iframe><\/center>Wenn Sie mit dem Einsatz zufrieden sind, das die Videopokervariante f\u00fcr Sie ausgew\u00e4hlt hat, k\u00f6nnen Sie sofort anfangen. Sie m\u00fcssen aber entscheiden, ob sie ein, zwei, drei, vier oder f\u00fcnf M\u00fcnzen pro Hand spielen m\u00f6chten.<\/p>\n<p>Stellen Sie sicher, dass Sie immer die Spieltabelle der Variante, die Sie ausgew\u00e4hlt haben, im Blick haben. Wenn Sie dort zahlen m\u00fcssen oder weitere Auszahlungen zu jeder weiteren m\u00f6glichen Kombination t\u00e4tigen, dann kann es sein, dass Sie 5 M\u00fcnzen pro Hand spielen, wodurch die optimale Strategie dann weiterhin immer bei f\u00fcnf M\u00fcnzen pro Hand liegt.<\/p>\n<p>Sobald Sie den M\u00fcnzwert und die Anzahl der M\u00fcnzen gew\u00e4hlt haben, die Sie spielen m\u00f6chten, klicken Sie einfach auf die Schaltfl\u00e4che &#8220;Angebot\u201d und Sie werden dann 5 Karten nach oben spielen. Nun liegt es an Ihrem Geschick und Urteilsverm\u00f6gen zu entscheiden, ob eine dieser Karten f\u00fcr den weiteren Teil des Spieles f\u00fcr Sie geeignet ist. Falls ja, klicken sie auf \u201czu\u201d und die Karte wird f\u00fcr Sie aufgehoben.<\/p>\n<p>Wenn Sie auf \u201eweiter\u201d klicken, werden die Karten, die Sie nicht behalten haben auf dem Bildschirm gel\u00f6scht. Sobald die Karten ausgetauscht sind, und Sie eine Gewinnkombination, wie in der Tabelle aufgef\u00fchrt, haben, werden Ihnen die entsprechenden M\u00fcnzen als Gewinn ausgezahlt.<\/p>\n<h2>Die besten Video Poker Strategien<\/h2>\n<p>Es gibt drei Dinge, die Sie beachten sollten, wenn Sie Video Poker Spiele gewinnbringend spielen m\u00f6chten, damit Sie die beste Chance haben und jedes Spiel optimal angehen k\u00f6nnen. Dies sollte m\u00f6glichst immer die Variante beinhalten, die jede Hand perfekt macht und nat\u00fcrlich zu den h\u00f6chsten Auszahlungsquoten f\u00fchrt.<\/p>\n<p>Die Auszahlungsquote in jedem Onlinekasino zu entdecken setzt voraus, dass sie die Auszahlungstabellen kennen, durcharbeiten oder aber, in der Sektion HILFE nachlesen. Siehe Hier: Finde das, f\u00fcr jedes Spiel verf\u00fcgbare, RTP<\/p>\n<p>Bei allen voll lizensierten und regulierten Onlinecasinos, wird auch die zu erwartende Auszahlungsquote auf deren Website angezeigt werden. \u00dcberpr\u00fcfen Sie sie also, damit Sie alle relevanten Informationen \u00fcber das Spiel und dessen Varianten und den damit verbundenen Auszahlungsraten kennen.<\/p>\n<p>F\u00fcr jedes Spiel, das Sie ausw\u00e4hlen, ist es unbedingt n\u00f6tig, dass Sie wissen, welche Eins\u00e4tze Sie spielen m\u00fcssen und welche Anzahl an M\u00fcnzen erforderlich ist, um die besten Gewinnauszahlungen zu erhalten. Im Allgemeinen hei\u00dft das, f\u00fcnf M\u00fcnzen pro Hand.<\/p>\n<p>Eine weitere Option ist \u201cautonom\u201d. Damit gehen Sie sicher, dass Sie selbst keine falschen Entscheidungen treffen, da das System die Karten automatisch w\u00e4hlt.<\/p>\n","protected":false},"excerpt":{"rendered":"<p>In diesem Abschnitt unserer Website werden Sie zum Spielen des Video Poker herangef\u00fchrt. In der Tat, eine bemerkenswerte Sache, denn Video Poker funktioniert \u00e4hnlich wie\u00a0Spielautomaten.\u00a0Es gibt viele verschiedene einzelne Spiele und davon etliche weitere Varianten des gleichen Spieles, je nach dem Casino, auf das Sie zugreifen. Sie werden einzelne Hand Videospiele finden, bei denen, wie [&hellip;]<\/p>\n","protected":false},"author":4,"featured_media":0,"parent":0,"menu_order":0,"comment_status":"closed","ping_status":"closed","template":"","meta":{"_acf_changed":false,"footnotes":""},"class_list":["post-427","page","type-page","status-publish","hentry"],"acf":[],"yoast_head":"<!-- This site is optimized with the Yoast SEO plugin v27.4 - https:\/\/yoast.com\/product\/yoast-seo-wordpress\/ -->\n<title>Video Poker - Echt-Geld &amp; Free Video Poker Spiele<\/title>\n<meta name=\"description\" content=\"Dieser Bereich unserer Website wird Sie zum Spiel des Video Poker bringen, der es wirklich wert ist, einmal \u00fcber Video Poker nachzudenken\" \/>\n<meta name=\"robots\" content=\"noindex, follow, max-snippet:-1, max-image-preview:large, max-video-preview:-1\" \/>\n<meta property=\"og:locale\" content=\"en_US\" \/>\n<meta property=\"og:type\" content=\"article\" \/>\n<meta property=\"og:title\" content=\"Video Poker - Echt-Geld &amp; Free Video Poker Spiele\" \/>\n<meta property=\"og:description\" content=\"Dieser Bereich unserer Website wird Sie zum Spiel des Video Poker bringen, der es wirklich wert ist, einmal \u00fcber Video Poker nachzudenken\" \/>\n<meta property=\"og:url\" content=\"https:\/\/www.top10casinowebsites.net\/de\/video-poker\" \/>\n<meta property=\"og:site_name\" content=\"DE\" \/>\n<meta property=\"article:modified_time\" content=\"2022-10-27T17:21:37+00:00\" \/>\n<meta name=\"twitter:card\" content=\"summary_large_image\" \/>\n<meta name=\"twitter:label1\" content=\"Est. reading time\" \/>\n\t<meta name=\"twitter:data1\" content=\"4 minutes\" \/>\n<script type=\"application\/ld+json\" class=\"yoast-schema-graph\">{\"@context\":\"https:\\\/\\\/schema.org\",\"@graph\":[{\"@type\":\"WebPage\",\"@id\":\"https:\\\/\\\/www.top10casinowebsites.net\\\/de\\\/video-poker\",\"url\":\"https:\\\/\\\/www.top10casinowebsites.net\\\/de\\\/video-poker\",\"name\":\"Video Poker - Echt-Geld & Free Video Poker Spiele\",\"isPartOf\":{\"@id\":\"https:\\\/\\\/www.top10casinowebsites.net\\\/de\\\/#website\"},\"primaryImageOfPage\":{\"@id\":\"https:\\\/\\\/www.top10casinowebsites.net\\\/de\\\/video-poker#primaryimage\"},\"image\":{\"@id\":\"https:\\\/\\\/www.top10casinowebsites.net\\\/de\\\/video-poker#primaryimage\"},\"thumbnailUrl\":\"https:\\\/\\\/www.top10casinowebsites.net\\\/wp-content\\\/uploads\\\/2016\\\/01\\\/video-poker.jpg\",\"datePublished\":\"2016-02-10T10:29:23+00:00\",\"dateModified\":\"2022-10-27T17:21:37+00:00\",\"description\":\"Dieser Bereich unserer Website wird Sie zum Spiel des Video Poker bringen, der es wirklich wert ist, einmal \u00fcber Video Poker nachzudenken\",\"breadcrumb\":{\"@id\":\"https:\\\/\\\/www.top10casinowebsites.net\\\/de\\\/video-poker#breadcrumb\"},\"inLanguage\":\"en-US\",\"potentialAction\":[{\"@type\":\"ReadAction\",\"target\":[\"https:\\\/\\\/www.top10casinowebsites.net\\\/de\\\/video-poker\"]}]},{\"@type\":\"ImageObject\",\"inLanguage\":\"en-US\",\"@id\":\"https:\\\/\\\/www.top10casinowebsites.net\\\/de\\\/video-poker#primaryimage\",\"url\":\"https:\\\/\\\/www.top10casinowebsites.net\\\/wp-content\\\/uploads\\\/2016\\\/01\\\/video-poker.jpg\",\"contentUrl\":\"https:\\\/\\\/www.top10casinowebsites.net\\\/wp-content\\\/uploads\\\/2016\\\/01\\\/video-poker.jpg\"},{\"@type\":\"BreadcrumbList\",\"@id\":\"https:\\\/\\\/www.top10casinowebsites.net\\\/de\\\/video-poker#breadcrumb\",\"itemListElement\":[{\"@type\":\"ListItem\",\"position\":1,\"name\":\"Home\",\"item\":\"https:\\\/\\\/www.top10casinowebsites.net\\\/de\\\/\"},{\"@type\":\"ListItem\",\"position\":2,\"name\":\"Video Poker &#8211; Echt-Geld &#038; Free Video Poker Spiele\"}]},{\"@type\":\"WebSite\",\"@id\":\"https:\\\/\\\/www.top10casinowebsites.net\\\/de\\\/#website\",\"url\":\"https:\\\/\\\/www.top10casinowebsites.net\\\/de\\\/\",\"name\":\"DE\",\"description\":\"\",\"potentialAction\":[{\"@type\":\"SearchAction\",\"target\":{\"@type\":\"EntryPoint\",\"urlTemplate\":\"https:\\\/\\\/www.top10casinowebsites.net\\\/de\\\/?s={search_term_string}\"},\"query-input\":{\"@type\":\"PropertyValueSpecification\",\"valueRequired\":true,\"valueName\":\"search_term_string\"}}],\"inLanguage\":\"en-US\"}]}<\/script>\n<!-- \/ Yoast SEO plugin. -->","yoast_head_json":{"title":"Video Poker - Echt-Geld & Free Video Poker Spiele","description":"Dieser Bereich unserer Website wird Sie zum Spiel des Video Poker bringen, der es wirklich wert ist, einmal \u00fcber Video Poker nachzudenken","robots":{"index":"noindex","follow":"follow","max-snippet":"max-snippet:-1","max-image-preview":"max-image-preview:large","max-video-preview":"max-video-preview:-1"},"og_locale":"en_US","og_type":"article","og_title":"Video Poker - Echt-Geld & Free Video Poker Spiele","og_description":"Dieser Bereich unserer Website wird Sie zum Spiel des Video Poker bringen, der es wirklich wert ist, einmal \u00fcber Video Poker nachzudenken","og_url":"https:\/\/www.top10casinowebsites.net\/de\/video-poker","og_site_name":"DE","article_modified_time":"2022-10-27T17:21:37+00:00","twitter_card":"summary_large_image","twitter_misc":{"Est. reading time":"4 minutes"},"schema":{"@context":"https:\/\/schema.org","@graph":[{"@type":"WebPage","@id":"https:\/\/www.top10casinowebsites.net\/de\/video-poker","url":"https:\/\/www.top10casinowebsites.net\/de\/video-poker","name":"Video Poker - Echt-Geld & Free Video Poker Spiele","isPartOf":{"@id":"https:\/\/www.top10casinowebsites.net\/de\/#website"},"primaryImageOfPage":{"@id":"https:\/\/www.top10casinowebsites.net\/de\/video-poker#primaryimage"},"image":{"@id":"https:\/\/www.top10casinowebsites.net\/de\/video-poker#primaryimage"},"thumbnailUrl":"https:\/\/www.top10casinowebsites.net\/wp-content\/uploads\/2016\/01\/video-poker.jpg","datePublished":"2016-02-10T10:29:23+00:00","dateModified":"2022-10-27T17:21:37+00:00","description":"Dieser Bereich unserer Website wird Sie zum Spiel des Video Poker bringen, der es wirklich wert ist, einmal \u00fcber Video Poker nachzudenken","breadcrumb":{"@id":"https:\/\/www.top10casinowebsites.net\/de\/video-poker#breadcrumb"},"inLanguage":"en-US","potentialAction":[{"@type":"ReadAction","target":["https:\/\/www.top10casinowebsites.net\/de\/video-poker"]}]},{"@type":"ImageObject","inLanguage":"en-US","@id":"https:\/\/www.top10casinowebsites.net\/de\/video-poker#primaryimage","url":"https:\/\/www.top10casinowebsites.net\/wp-content\/uploads\/2016\/01\/video-poker.jpg","contentUrl":"https:\/\/www.top10casinowebsites.net\/wp-content\/uploads\/2016\/01\/video-poker.jpg"},{"@type":"BreadcrumbList","@id":"https:\/\/www.top10casinowebsites.net\/de\/video-poker#breadcrumb","itemListElement":[{"@type":"ListItem","position":1,"name":"Home","item":"https:\/\/www.top10casinowebsites.net\/de\/"},{"@type":"ListItem","position":2,"name":"Video Poker &#8211; Echt-Geld &#038; Free Video Poker Spiele"}]},{"@type":"WebSite","@id":"https:\/\/www.top10casinowebsites.net\/de\/#website","url":"https:\/\/www.top10casinowebsites.net\/de\/","name":"DE","description":"","potentialAction":[{"@type":"SearchAction","target":{"@type":"EntryPoint","urlTemplate":"https:\/\/www.top10casinowebsites.net\/de\/?s={search_term_string}"},"query-input":{"@type":"PropertyValueSpecification","valueRequired":true,"valueName":"search_term_string"}}],"inLanguage":"en-US"}]}},"_links":{"self":[{"href":"https:\/\/www.top10casinowebsites.net\/de\/wp-json\/wp\/v2\/pages\/427","targetHints":{"allow":["GET"]}}],"collection":[{"href":"https:\/\/www.top10casinowebsites.net\/de\/wp-json\/wp\/v2\/pages"}],"about":[{"href":"https:\/\/www.top10casinowebsites.net\/de\/wp-json\/wp\/v2\/types\/page"}],"author":[{"embeddable":true,"href":"https:\/\/www.top10casinowebsites.net\/de\/wp-json\/wp\/v2\/users\/4"}],"replies":[{"embeddable":true,"href":"https:\/\/www.top10casinowebsites.net\/de\/wp-json\/wp\/v2\/comments?post=427"}],"version-history":[{"count":3,"href":"https:\/\/www.top10casinowebsites.net\/de\/wp-json\/wp\/v2\/pages\/427\/revisions"}],"predecessor-version":[{"id":2211,"href":"https:\/\/www.top10casinowebsites.net\/de\/wp-json\/wp\/v2\/pages\/427\/revisions\/2211"}],"wp:attachment":[{"href":"https:\/\/www.top10casinowebsites.net\/de\/wp-json\/wp\/v2\/media?parent=427"}],"curies":[{"name":"wp","href":"https:\/\/api.w.org\/{rel}","templated":true}]}}