{"id":93,"date":"2016-01-25T10:48:46","date_gmt":"2016-01-25T10:48:46","guid":{"rendered":"http:\/\/www.top10casinowebsites.net\/?page_id=93"},"modified":"2021-02-18T17:09:34","modified_gmt":"2021-02-18T17:09:34","slug":"top-10-casinos","status":"publish","type":"page","link":"https:\/\/www.top10casinowebsites.net\/de\/","title":{"rendered":"Top 10 Casino Websites: Liste der besten Onlinekasinos 2019"},"content":{"rendered":"<p>Beschreibung: Top10CasinoWebsites.net bietet eine Liste der besten Onlinecasino-Websites f\u00fcr 2019, sowie Boni und Turniere, die von jedem Internetcasino angeboten werden.<\/p>\n<p>Sind sie auf der Suche nach den besten Casinos, in denen sie hunderte Spiele gleichzeitig und gefahrlos spielen k\u00f6nnen?<\/p>\n<p>Es ist mehr als leicht, die \u00dcbersicht in der Vielzahl von virtuellen Casinos zu verlieren. Das kann absolut verwirrend sein. Dies ist der Grund, weshalb Top10CasinoWebsite.net erstellt wurde.<\/p>\n<p>Top 10 Casinos Websites begr\u00fc\u00dfen in einer ganz neuen, virtuellen Welt des Gl\u00fccksspiels. Ob sie nun ein Anf\u00e4nger oder ein erfahrener Spieler sind, es gibt vieles, was wir Ihnen zu bieten haben.<\/p>\n<div class=\"grid-contents\" id=\"grid-contents\"><table class=\"cas_table\" ><tbody><tr class=\"rank-1\">\n                                <td class=\"ranking\">1<\/td>\n                                <td class=\"brandcol\">\n                                    <a href=https:\/\/www.top10casinowebsites.net\/de\/review\/888-casino class=\"brand brand-bg\"><img loading=\"lazy\" decoding=\"async\" class=\"group list-group-image\" src=\"https:\/\/static.top10casinowebsites.net\/images\/casino-rooms\/888-casino-logo.png\" width=\"200\" height=\"128\"\/><\/a>\n                                <\/td>\n                                <td class=\"bonus\" data-title=\"Bonus\">\n\t\t\t\t\t               <p class=\"bonus-text\"><strong>$888<\/strong>Welcome Bonus <br>(<a href=\"https:\/\/www.top10casinowebsites.net\/de\/review\/888-casino\">T&Cs apply, 18+<\/a>)<\/p>\n\t\t\t\t                <\/td>\n\t\t\t\t\t            <td class=\"badge_game\" data-title=\"Rating\">\n                                    <div class=\"rating\"><strong>5<\/strong>\/5<\/div>\n                                    <div class=\"rating stars\" style=\"margin-top: 5px;\"><span class=\"icon icon-stars\"><span class=\"icon-stars green\" style=\"width: 100%;\"><\/span><\/span><\/div>\n\t\t\t\t\t            <\/td>\n                               \n                                <td class=\"play\">\n\t\t\t\t\t               <a class=\"button-gold\" rel=\"nofollow\" href=\"https:\/\/www.top10casinowebsites.net\/de\/review\/888-casino\">Visit<\/a>\n\t                               <div class=\"\">\n\t\t\t\t\t                   <a class=\"review-snippet-link-play-now-col\" href=\"https:\/\/www.top10casinowebsites.net\/de\/review\/888-casino\">Read Review<\/a>\n\t\t\t\t\t               <\/div>\n\t\t\t\t\t           <\/td>\n     \t\t\t\t        <\/tr><\/tbody><\/table><\/div>\n<h2>Warum sollten sie unsere Website besuchen?<\/h2>\n<p>Wir sind ein Team von begeisterten Spielern. Was wir ver\u00f6ffentlichen basiert auf unseren umfangreichen Forschungen von jahrzehntelanger Erfahrung im Casinogesch\u00e4ft. Wir alle wissen, wie man das Beste herausholt.<\/p>\n<p>Hier sind einige Gr\u00fcnde, warum sie unsere Top 10 Casino Website im Auge haben sollten:<\/p>\n<ul>\n<li>Wir vergleichen die <a href=\"\/de\/casinos\">besten online Casinos<\/a> mit Dutzenden von Parametern, wie <strong>Software, Spielauswahl, Pr\u00e4mien, Jackpots, Quick-Einzahlungen und Auszahlungen, Wettstationen<\/strong> und vieles mehr.<\/li>\n<li>Hier werden Anf\u00e4nger und ge\u00fcbte Spieler gleicherma\u00dfen informiert. Au\u00dferdem erfahren sie mehr als nur die Grundlagen.<\/li>\n<li>Wir haben alle Neuigkeiten der hei\u00dfesten und progressivsten Jackpots, wo sie diese finden, so dass sie die richtigen R\u00e4der drehen k\u00f6nnen und wirklich eine Stange Kohle verdienen.<\/li>\n<li>Am wichtigsten ist, dass wir ihnen zeigen, wie Sie Online-Spiele wirklich genie\u00dfen k\u00f6nnen und mehr f\u00fcr ihr Geld erhalten.<\/li>\n<li>Wir haben zudem einige tolle Tipps zum Spielen in Onlinecasinos.<\/li>\n<\/ul>\n<div class=\"info-box star\">\n<h3>Wie wir ONLINE CASINOS bewerten<\/h3>\n<div class=\"info-box-content\">\n<p>Online Casinos, die es erfolgreich auf unserer Liste schaffen, wurden von unseren Gutachtern auf eine Vielzahl von Parametern bewertet. So stellen wir sicher, dass unsere Leser am erfolgreichsten spielen und das nicht nur, weil wir sie gut aussehen lassen wollen Zu den Eckpunkten auf unserer Checkliste geh\u00f6ren:<\/p>\n<ul class=\"tick\">\n<li><strong>Spielvielfalt im Angebot <\/strong>&#8211; die Qualit\u00e4t und Vielfalt der Spiele sind die Kennzeichen eines guten Casinos<\/li>\n<li><strong>Willkommensboni<\/strong> &#8211; Wir suchen f\u00fcr sie nach lukrativen Boni, die sich durch faire Wetten erzielen lassen<\/li>\n<li><strong>Bonusumfang und Bezeichnunge<\/strong>n &#8211; Der Bonus muss relativ einfach zu verdienen sein, damit ein Anreiz besteht<\/li>\n<li><strong>Kundendienst und Kundenzufriedenheit<\/strong> &#8211; Kein Kasino schafft es ohne professionellen Kundendienst rund um die Uhr auf unsere Liste.<\/li>\n<li><strong>Jackpots<\/strong> &#8211; Erfahren sie, wo sie die besten Jackpots einschlie\u00dflich Liveprogressivetools finden<\/li>\n<li><strong>Spezielle Funktionen und Aktionen<\/strong> &#8211; Wo sie als Kunde f\u00fcr exklusive Angebote in Frage kommen<\/li>\n<li><strong>Bezahl-Modalit\u00e4ten<\/strong> &#8211; Wir empfehlen Casinos, die eine Reihe von Zahlungsoptionen anbieten.<\/li>\n<li><strong>Sicherheit<\/strong> &#8211; Alle unsere aufgelisteten Casinos sind lizenziert, von renommierten Gl\u00fccksspiel-Beh\u00f6rden geregelt, regelm\u00e4\u00dfig getestet und f\u00fcr faires Spielen zertifiziert.<\/li>\n<\/ul>\n<\/div>\n<\/div>\n<h2>Finden SIE DIE BESTEN ONLINE CASINO SPIELE &#8211; Zeit, die Messlatte h\u00f6her zu legen<\/h2>\n<p>Eine der wichtigsten Priorit\u00e4ten ist es, f\u00fcr unsere Leser wirklich die besten Online Casinospiele zu finden. Wir wollen unseren Lesern die unterschiedlichen Regeln erkl\u00e4ren, aber nat\u00fcrlich auch ein paar Tipps und Tricks mit auf den Weg geben, wie diese im Spiel mehr als nur ein Paar Taler gewinnen k\u00f6nnen. Top 10 Casino Websites ist der Ort, wo Sie die besten Spiele finden.<\/p>\n<ul class=\"tick\">\n<li>Online Classic und Video Slots<\/li>\n<li>Online Blackjack<\/li>\n<li>Online Roulette<\/li>\n<li>Progressive Jackpot-Spiele und mehr<\/li>\n<\/ul>\n<div class=\"info-box star\">\n<h3>Steigern Sie Ihren Gewinn mit guten Boni<\/h3>\n<div class=\"info-box-content\">\n<p>Wir zeigen verschiedene Bonisysteme. Finden sie:<\/p>\n<ul class=\"tick\">\n<li>Bonus f\u00fcr neue Spieler, die Ihre erste Einzahlung machen<\/li>\n<li>Willkommensbonus<\/li>\n<li>Reload Boni auf anderen Systemen<\/li>\n<li>Cash Back Bonus, der in der Gewinnphase mit einem Prozentsatz berechnet wird, und der auf Verluste w\u00e4hrend einer bestimmten Periode aufgerechnet wird<\/li>\n<li>Treuepr\u00e4mien und Comp Punkte f\u00fcr regelm\u00e4\u00dfige Spieler<\/li>\n<li>Regul\u00e4re Promos und spezielle Angebote<\/li>\n<\/ul>\n<p>Wenn sie also Ihr Geld maximieren oder sogar verdreifachen wollen, dann sind sie hier richtig. Alle Pr\u00e4mien sind als fair eingestuft, ansonsten werden diese nicht auf unserer Liste ver\u00f6ffentlicht.<\/p>\n<\/div>\n<\/div>\n<h2>Erleben Sie das ultimative Spielerlebnis bei Live Dealer Kasinos<\/h2>\n<p>Live Dealer Kasinos sind Livekasino-Zug\u00e4nge. Dies wird m\u00f6glich durch Live Video Streaming. Sie sind live dabei, ohne das Haus verlassen zu m\u00fcssen. Unsere exklusive Auswahl umfasst Live Dealer Casinos, live Blackjack, Roulette, Bakkarat und Casino Hold&#8217;Em.<\/p>\n<p>Wir legen Wert auf Ihre Fragen und Kommentare und freuen uns immer, von Ihnen zu h\u00f6ren. Unser Team ist da, Ihnen zu helfen, Am Ende des Tages rentiert es sich wirklich, und Sie werden sehen, dass unsere Leser den Schuss ins Rote treffen und so einige hochdotierte progressive Spiele gewinnen. Wir w\u00fcnschen Ihnen eine sichere und lohnende Zeit beim Spielen Ihrer Lieblings-Online-Kasino-Spiele.<\/p>\n<p>Klicken Sie immer auf 10 Casino Websites um die neuesten Casino News zu erhalten oder Infos \u00fcber saftige Jackpots und neue Kasino-Spiele.<\/p>\n","protected":false},"excerpt":{"rendered":"<p>Beschreibung: Top10CasinoWebsites.net bietet eine Liste der besten Onlinecasino-Websites f\u00fcr 2019, sowie Boni und Turniere, die von jedem Internetcasino angeboten werden. Sind sie auf der Suche nach den besten Casinos, in denen sie hunderte Spiele gleichzeitig und gefahrlos spielen k\u00f6nnen? Es ist mehr als leicht, die \u00dcbersicht in der Vielzahl von virtuellen Casinos zu verlieren. Das [&hellip;]<\/p>\n","protected":false},"author":4,"featured_media":0,"parent":0,"menu_order":0,"comment_status":"closed","ping_status":"closed","template":"","meta":{"_acf_changed":false,"footnotes":""},"class_list":["post-93","page","type-page","status-publish","hentry"],"acf":[],"yoast_head":"<!-- This site is optimized with the Yoast SEO plugin v27.4 - https:\/\/yoast.com\/product\/yoast-seo-wordpress\/ -->\n<title>Top 10 Casino Websites: Liste der besten Onlinekasinos 2019<\/title>\n<meta name=\"robots\" content=\"noindex, follow, max-snippet:-1, max-image-preview:large, max-video-preview:-1\" \/>\n<meta property=\"og:locale\" content=\"en_US\" \/>\n<meta property=\"og:type\" content=\"article\" \/>\n<meta property=\"og:title\" content=\"Top 10 Casino Websites: Liste der besten Onlinekasinos 2019\" \/>\n<meta property=\"og:description\" content=\"Beschreibung: Top10CasinoWebsites.net bietet eine Liste der besten Onlinecasino-Websites f\u00fcr 2019, sowie Boni und Turniere, die von jedem Internetcasino angeboten werden. Sind sie auf der Suche nach den besten Casinos, in denen sie hunderte Spiele gleichzeitig und gefahrlos spielen k\u00f6nnen? Es ist mehr als leicht, die \u00dcbersicht in der Vielzahl von virtuellen Casinos zu verlieren. Das [&hellip;]\" \/>\n<meta property=\"og:url\" content=\"https:\/\/www.top10casinowebsites.net\/de\/\" \/>\n<meta property=\"og:site_name\" content=\"DE\" \/>\n<meta property=\"article:modified_time\" content=\"2021-02-18T17:09:34+00:00\" \/>\n<meta name=\"twitter:card\" content=\"summary_large_image\" \/>\n<meta name=\"twitter:label1\" content=\"Est. reading time\" \/>\n\t<meta name=\"twitter:data1\" content=\"4 minutes\" \/>\n<script type=\"application\/ld+json\" class=\"yoast-schema-graph\">{\"@context\":\"https:\\\/\\\/schema.org\",\"@graph\":[{\"@type\":\"WebPage\",\"@id\":\"https:\\\/\\\/www.top10casinowebsites.net\\\/de\\\/\",\"url\":\"https:\\\/\\\/www.top10casinowebsites.net\\\/de\\\/\",\"name\":\"Top 10 Casino Websites: Liste der besten Onlinekasinos 2019\",\"isPartOf\":{\"@id\":\"https:\\\/\\\/www.top10casinowebsites.net\\\/de\\\/#website\"},\"datePublished\":\"2016-01-25T10:48:46+00:00\",\"dateModified\":\"2021-02-18T17:09:34+00:00\",\"breadcrumb\":{\"@id\":\"https:\\\/\\\/www.top10casinowebsites.net\\\/de\\\/#breadcrumb\"},\"inLanguage\":\"en-US\",\"potentialAction\":[{\"@type\":\"ReadAction\",\"target\":[\"https:\\\/\\\/www.top10casinowebsites.net\\\/de\\\/\"]}]},{\"@type\":\"BreadcrumbList\",\"@id\":\"https:\\\/\\\/www.top10casinowebsites.net\\\/de\\\/#breadcrumb\",\"itemListElement\":[{\"@type\":\"ListItem\",\"position\":1,\"name\":\"Home\",\"item\":\"https:\\\/\\\/www.top10casinowebsites.net\\\/de\\\/\"},{\"@type\":\"ListItem\",\"position\":2,\"name\":\"Top 10 Casino Websites: Liste der besten Onlinekasinos 2019\"}]},{\"@type\":\"WebSite\",\"@id\":\"https:\\\/\\\/www.top10casinowebsites.net\\\/de\\\/#website\",\"url\":\"https:\\\/\\\/www.top10casinowebsites.net\\\/de\\\/\",\"name\":\"DE\",\"description\":\"\",\"potentialAction\":[{\"@type\":\"SearchAction\",\"target\":{\"@type\":\"EntryPoint\",\"urlTemplate\":\"https:\\\/\\\/www.top10casinowebsites.net\\\/de\\\/?s={search_term_string}\"},\"query-input\":{\"@type\":\"PropertyValueSpecification\",\"valueRequired\":true,\"valueName\":\"search_term_string\"}}],\"inLanguage\":\"en-US\"}]}<\/script>\n<!-- \/ Yoast SEO plugin. -->","yoast_head_json":{"title":"Top 10 Casino Websites: Liste der besten Onlinekasinos 2019","robots":{"index":"noindex","follow":"follow","max-snippet":"max-snippet:-1","max-image-preview":"max-image-preview:large","max-video-preview":"max-video-preview:-1"},"og_locale":"en_US","og_type":"article","og_title":"Top 10 Casino Websites: Liste der besten Onlinekasinos 2019","og_description":"Beschreibung: Top10CasinoWebsites.net bietet eine Liste der besten Onlinecasino-Websites f\u00fcr 2019, sowie Boni und Turniere, die von jedem Internetcasino angeboten werden. Sind sie auf der Suche nach den besten Casinos, in denen sie hunderte Spiele gleichzeitig und gefahrlos spielen k\u00f6nnen? Es ist mehr als leicht, die \u00dcbersicht in der Vielzahl von virtuellen Casinos zu verlieren. Das [&hellip;]","og_url":"https:\/\/www.top10casinowebsites.net\/de\/","og_site_name":"DE","article_modified_time":"2021-02-18T17:09:34+00:00","twitter_card":"summary_large_image","twitter_misc":{"Est. reading time":"4 minutes"},"schema":{"@context":"https:\/\/schema.org","@graph":[{"@type":"WebPage","@id":"https:\/\/www.top10casinowebsites.net\/de\/","url":"https:\/\/www.top10casinowebsites.net\/de\/","name":"Top 10 Casino Websites: Liste der besten Onlinekasinos 2019","isPartOf":{"@id":"https:\/\/www.top10casinowebsites.net\/de\/#website"},"datePublished":"2016-01-25T10:48:46+00:00","dateModified":"2021-02-18T17:09:34+00:00","breadcrumb":{"@id":"https:\/\/www.top10casinowebsites.net\/de\/#breadcrumb"},"inLanguage":"en-US","potentialAction":[{"@type":"ReadAction","target":["https:\/\/www.top10casinowebsites.net\/de\/"]}]},{"@type":"BreadcrumbList","@id":"https:\/\/www.top10casinowebsites.net\/de\/#breadcrumb","itemListElement":[{"@type":"ListItem","position":1,"name":"Home","item":"https:\/\/www.top10casinowebsites.net\/de\/"},{"@type":"ListItem","position":2,"name":"Top 10 Casino Websites: Liste der besten Onlinekasinos 2019"}]},{"@type":"WebSite","@id":"https:\/\/www.top10casinowebsites.net\/de\/#website","url":"https:\/\/www.top10casinowebsites.net\/de\/","name":"DE","description":"","potentialAction":[{"@type":"SearchAction","target":{"@type":"EntryPoint","urlTemplate":"https:\/\/www.top10casinowebsites.net\/de\/?s={search_term_string}"},"query-input":{"@type":"PropertyValueSpecification","valueRequired":true,"valueName":"search_term_string"}}],"inLanguage":"en-US"}]}},"_links":{"self":[{"href":"https:\/\/www.top10casinowebsites.net\/de\/wp-json\/wp\/v2\/pages\/93","targetHints":{"allow":["GET"]}}],"collection":[{"href":"https:\/\/www.top10casinowebsites.net\/de\/wp-json\/wp\/v2\/pages"}],"about":[{"href":"https:\/\/www.top10casinowebsites.net\/de\/wp-json\/wp\/v2\/types\/page"}],"author":[{"embeddable":true,"href":"https:\/\/www.top10casinowebsites.net\/de\/wp-json\/wp\/v2\/users\/4"}],"replies":[{"embeddable":true,"href":"https:\/\/www.top10casinowebsites.net\/de\/wp-json\/wp\/v2\/comments?post=93"}],"version-history":[{"count":2,"href":"https:\/\/www.top10casinowebsites.net\/de\/wp-json\/wp\/v2\/pages\/93\/revisions"}],"predecessor-version":[{"id":2110,"href":"https:\/\/www.top10casinowebsites.net\/de\/wp-json\/wp\/v2\/pages\/93\/revisions\/2110"}],"wp:attachment":[{"href":"https:\/\/www.top10casinowebsites.net\/de\/wp-json\/wp\/v2\/media?parent=93"}],"curies":[{"name":"wp","href":"https:\/\/api.w.org\/{rel}","templated":true}]}}