{"id":1033,"date":"2016-03-11T09:28:34","date_gmt":"2016-03-11T09:28:34","guid":{"rendered":"http:\/\/www.top10casinowebsites.net\/?page_id=1033"},"modified":"2017-10-06T18:14:01","modified_gmt":"2017-10-06T18:14:01","slug":"sobre-nosotros","status":"publish","type":"page","link":"https:\/\/www.top10casinowebsites.net\/es\/sobre-nosotros","title":{"rendered":"Sobre Nosotros"},"content":{"rendered":"<p>Esta p\u00e1gina web ha sido creada con la intenci\u00f3n de poder ayudarte a encontrar los mejores casinos online en los que jugar, de manera r\u00e1pida y sencilla.<\/p>\n<p>Para llegar a estas conclusiones, hemos dedicado meses recopilando informaci\u00f3n y datos relevantes que han sido obtenidos por nuestros expertos jugadores y por art\u00edculos relacionados con el sector de los casinos online. Todo ello nos ha llevado a verificar los lugares con las mejores caracter\u00edsticas para el juego en l\u00ednea.<\/p>\n<p>Desde aqu\u00ed animamos a nuestros visitantes a ponerse en contacto con nosotros si desean obtener cualquier tipo de informaci\u00f3n relacionada con un juego en concreto o con nuevos art\u00edculos sobre los casinos. Estaremos encantados de poder ayudarles y ofrecerles las mejores gu\u00edas de juego creadas por nuestros expertos.<\/p>\n<p>Es un placer seguir trabajando para poner a su disposici\u00f3n la informaci\u00f3n m\u00e1s \u00fatil y actualizada del mercado. Nuestra p\u00e1gina web est\u00e1 en constante renovaci\u00f3n y desde aqu\u00ed les contamos las \u00faltimas novedades de la manera m\u00e1s cercana posible, para poder llegar a todos vosotros.<\/p>\n<p>Nosotros nos comprometemos a seguir mejorando diariamente as\u00ed que \u00a1no dejes de visitarnos!<\/p>\n","protected":false},"excerpt":{"rendered":"<p>Esta p\u00e1gina web ha sido creada con la intenci\u00f3n de poder ayudarte a encontrar los mejores casinos online en los que jugar, de manera r\u00e1pida y sencilla. Para llegar a estas conclusiones, hemos dedicado meses recopilando informaci\u00f3n y datos relevantes que han sido obtenidos por nuestros expertos jugadores y por art\u00edculos relacionados con el sector [&hellip;]<\/p>\n","protected":false},"author":4,"featured_media":0,"parent":0,"menu_order":0,"comment_status":"closed","ping_status":"closed","template":"","meta":{"_acf_changed":false,"footnotes":""},"class_list":["post-1033","page","type-page","status-publish","hentry"],"acf":[],"yoast_head":"<!-- This site is optimized with the Yoast SEO plugin v25.2 - https:\/\/yoast.com\/wordpress\/plugins\/seo\/ -->\n<title>Sobre nosotros<\/title>\n<meta name=\"description\" content=\"Este es el apartado Sobre Nosotros de la p\u00e1gina web Top10 Casinos Websites.\" \/>\n<meta name=\"robots\" content=\"index, follow, max-snippet:-1, max-image-preview:large, max-video-preview:-1\" \/>\n<link rel=\"canonical\" href=\"https:\/\/www.top10casinowebsites.net\/es\/sobre-nosotros\" \/>\n<meta property=\"og:locale\" content=\"en_US\" \/>\n<meta property=\"og:type\" content=\"article\" \/>\n<meta property=\"og:title\" content=\"Sobre nosotros\" \/>\n<meta property=\"og:description\" content=\"Este es el apartado Sobre Nosotros de la p\u00e1gina web Top10 Casinos Websites.\" \/>\n<meta property=\"og:url\" content=\"https:\/\/www.top10casinowebsites.net\/es\/sobre-nosotros\" \/>\n<meta property=\"og:site_name\" content=\"ES\" \/>\n<meta property=\"article:modified_time\" content=\"2017-10-06T18:14:01+00:00\" \/>\n<meta name=\"twitter:card\" content=\"summary_large_image\" \/>\n<meta name=\"twitter:label1\" content=\"Est. reading time\" \/>\n\t<meta name=\"twitter:data1\" content=\"1 minute\" \/>\n<script type=\"application\/ld+json\" class=\"yoast-schema-graph\">{\"@context\":\"https:\/\/schema.org\",\"@graph\":[{\"@type\":\"WebPage\",\"@id\":\"https:\/\/www.top10casinowebsites.net\/es\/sobre-nosotros\",\"url\":\"https:\/\/www.top10casinowebsites.net\/es\/sobre-nosotros\",\"name\":\"Sobre nosotros\",\"isPartOf\":{\"@id\":\"https:\/\/www.top10casinowebsites.net\/es\/#website\"},\"datePublished\":\"2016-03-11T09:28:34+00:00\",\"dateModified\":\"2017-10-06T18:14:01+00:00\",\"description\":\"Este es el apartado Sobre Nosotros de la p\u00e1gina web Top10 Casinos Websites.\",\"breadcrumb\":{\"@id\":\"https:\/\/www.top10casinowebsites.net\/es\/sobre-nosotros#breadcrumb\"},\"inLanguage\":\"en-US\",\"potentialAction\":[{\"@type\":\"ReadAction\",\"target\":[\"https:\/\/www.top10casinowebsites.net\/es\/sobre-nosotros\"]}]},{\"@type\":\"BreadcrumbList\",\"@id\":\"https:\/\/www.top10casinowebsites.net\/es\/sobre-nosotros#breadcrumb\",\"itemListElement\":[{\"@type\":\"ListItem\",\"position\":1,\"name\":\"Home\",\"item\":\"https:\/\/www.top10casinowebsites.net\/es\/\"},{\"@type\":\"ListItem\",\"position\":2,\"name\":\"Sobre Nosotros\"}]},{\"@type\":\"WebSite\",\"@id\":\"https:\/\/www.top10casinowebsites.net\/es\/#website\",\"url\":\"https:\/\/www.top10casinowebsites.net\/es\/\",\"name\":\"ES\",\"description\":\"\",\"potentialAction\":[{\"@type\":\"SearchAction\",\"target\":{\"@type\":\"EntryPoint\",\"urlTemplate\":\"https:\/\/www.top10casinowebsites.net\/es\/?s={search_term_string}\"},\"query-input\":{\"@type\":\"PropertyValueSpecification\",\"valueRequired\":true,\"valueName\":\"search_term_string\"}}],\"inLanguage\":\"en-US\"}]}<\/script>\n<!-- \/ Yoast SEO plugin. -->","yoast_head_json":{"title":"Sobre nosotros","description":"Este es el apartado Sobre Nosotros de la p\u00e1gina web Top10 Casinos Websites.","robots":{"index":"index","follow":"follow","max-snippet":"max-snippet:-1","max-image-preview":"max-image-preview:large","max-video-preview":"max-video-preview:-1"},"canonical":"https:\/\/www.top10casinowebsites.net\/es\/sobre-nosotros","og_locale":"en_US","og_type":"article","og_title":"Sobre nosotros","og_description":"Este es el apartado Sobre Nosotros de la p\u00e1gina web Top10 Casinos Websites.","og_url":"https:\/\/www.top10casinowebsites.net\/es\/sobre-nosotros","og_site_name":"ES","article_modified_time":"2017-10-06T18:14:01+00:00","twitter_card":"summary_large_image","twitter_misc":{"Est. reading time":"1 minute"},"schema":{"@context":"https:\/\/schema.org","@graph":[{"@type":"WebPage","@id":"https:\/\/www.top10casinowebsites.net\/es\/sobre-nosotros","url":"https:\/\/www.top10casinowebsites.net\/es\/sobre-nosotros","name":"Sobre nosotros","isPartOf":{"@id":"https:\/\/www.top10casinowebsites.net\/es\/#website"},"datePublished":"2016-03-11T09:28:34+00:00","dateModified":"2017-10-06T18:14:01+00:00","description":"Este es el apartado Sobre Nosotros de la p\u00e1gina web Top10 Casinos Websites.","breadcrumb":{"@id":"https:\/\/www.top10casinowebsites.net\/es\/sobre-nosotros#breadcrumb"},"inLanguage":"en-US","potentialAction":[{"@type":"ReadAction","target":["https:\/\/www.top10casinowebsites.net\/es\/sobre-nosotros"]}]},{"@type":"BreadcrumbList","@id":"https:\/\/www.top10casinowebsites.net\/es\/sobre-nosotros#breadcrumb","itemListElement":[{"@type":"ListItem","position":1,"name":"Home","item":"https:\/\/www.top10casinowebsites.net\/es\/"},{"@type":"ListItem","position":2,"name":"Sobre Nosotros"}]},{"@type":"WebSite","@id":"https:\/\/www.top10casinowebsites.net\/es\/#website","url":"https:\/\/www.top10casinowebsites.net\/es\/","name":"ES","description":"","potentialAction":[{"@type":"SearchAction","target":{"@type":"EntryPoint","urlTemplate":"https:\/\/www.top10casinowebsites.net\/es\/?s={search_term_string}"},"query-input":{"@type":"PropertyValueSpecification","valueRequired":true,"valueName":"search_term_string"}}],"inLanguage":"en-US"}]}},"_links":{"self":[{"href":"https:\/\/www.top10casinowebsites.net\/es\/wp-json\/wp\/v2\/pages\/1033","targetHints":{"allow":["GET"]}}],"collection":[{"href":"https:\/\/www.top10casinowebsites.net\/es\/wp-json\/wp\/v2\/pages"}],"about":[{"href":"https:\/\/www.top10casinowebsites.net\/es\/wp-json\/wp\/v2\/types\/page"}],"author":[{"embeddable":true,"href":"https:\/\/www.top10casinowebsites.net\/es\/wp-json\/wp\/v2\/users\/4"}],"replies":[{"embeddable":true,"href":"https:\/\/www.top10casinowebsites.net\/es\/wp-json\/wp\/v2\/comments?post=1033"}],"version-history":[{"count":0,"href":"https:\/\/www.top10casinowebsites.net\/es\/wp-json\/wp\/v2\/pages\/1033\/revisions"}],"wp:attachment":[{"href":"https:\/\/www.top10casinowebsites.net\/es\/wp-json\/wp\/v2\/media?parent=1033"}],"curies":[{"name":"wp","href":"https:\/\/api.w.org\/{rel}","templated":true}]}}