{"id":1035,"date":"2016-03-11T09:29:31","date_gmt":"2016-03-11T09:29:31","guid":{"rendered":"http:\/\/www.top10casinowebsites.net\/?page_id=1035"},"modified":"2017-10-06T18:16:08","modified_gmt":"2017-10-06T18:16:08","slug":"contacto","status":"publish","type":"page","link":"https:\/\/www.top10casinowebsites.net\/es\/contacto","title":{"rendered":"Contacto"},"content":{"rendered":"<p>Bienvenido a nuestra p\u00e1gina de contacto. Desde Top 10 Casino Websites hemos puesto a tu disposici\u00f3n dos direcciones de correo electr\u00f3nico para que puedas contactar con nosotros.<\/p>\n<p>Si tienes alguna pregunta sobre nuestra p\u00e1gina web, te gustar\u00eda que recibir una rese\u00f1a sobre alg\u00fan casino online en concreto o quieres que escribamos nuevos art\u00edculos, ponte en contacto con nosotros en el e-mail <strong>info@top10casinowebsites.net<\/strong>.<\/p>\n<p>Con un simple mensaje y tu direcci\u00f3n de correo, resolveremos tus dudas con la mayor brevedad posible.<\/p>\n<p>Si crees que tu casino cumple con nuestras exigencias de calidad y quieres que aparezca dentro de nuestro ranking, puedes enviar un correo a la direcci\u00f3n <strong>sales@top10casinowebsites.net<\/strong>.<\/p>\n<p>En este email tambi\u00e9n resolveremos tus dudas sobre cualquier pregunta relacionada con ventas o marketing.<\/p>\n<p>Nos esforzamos por resolver todas tus preguntas y responder a todos los correos con la mayor rapidez posible. Nuestra estricta pol\u00edtica de privacidad no permite que usemos tu direcci\u00f3n de correo para otros prop\u00f3sitos que no sean resolver tus dudas. Te invitamos a leer nuestra pol\u00edtica de privacidad para m\u00e1s detalles.<\/p>\n\r\n<!-- Super Simple Contact Form -->\r\n<!-- Support URL: http:\/\/shinraholdings.com\/plugins\/super-simple-contact-form\/ -->\r\n\r\n<div class=\"sscf-wrapper\">\r\n\t<form action=\"\" method=\"post\">\r\n\t\t\r\n\t\t<p id=\"sscf-name-wrapper\" class=\"sscf-input-wrapper\">\r\n\t\t\t<label for=\"sscf_name\">Your name:<\/label>\r\n\t\t\t<input type=\"text\" name=\"sscf_name\" id=\"sscf_name\" value=\"\" \/>\r\n\t\t<\/p>\r\n\r\n\t\t<p id=\"sscf-from-wrapper\" class=\"sscf-input-wrapper\">\r\n\t\t\t<label for=\"sscf_from\">Your email:<\/label>\r\n\t\t\t<input type=\"text\" name=\"sscf_from\" id=\"sscf_from\" value=\"\" \/>\r\n\t\t\t<\/p>\r\n\r\n\t\t<p id=\"sscf-subject-wrapper\" class=\"sscf-input-wrapper\">\r\n\t\t\t<label for=\"sscf_subject\">Subject:<\/label>\r\n\t\t\t<input type=\"text\" name=\"sscf_subject\" id=\"sscf_subject\" value=\"\" \/>\r\n\t\t<\/p>\r\n\r\n\t\t<p id=\"sscf-message-wrapper\" class=\"sscf-input-wrapper\">\r\n\t\t\t<label for=\"sscf_message\">Message:<\/label>\r\n\t\t\t<textarea name=\"sscf_message\" id=\"sscf_message\" cols=\"45\" rows=\"5\"><\/textarea>\r\n\t\t<\/p>\r\n\r\n\t\t<p id=\"sscf-submit-wrapper\">\r\n\t\t\t<input type=\"submit\" name=\"submit\" id=\"submit\" value=\"Send\" class=\"sscf-submit\"\/>\r\n\t\t<\/p>\r\n\r\n\t\t<p class=\"sscf-clear\"><\/p>\r\n\r\n\t<\/form>\r\n<\/div><!-- \/.sscf-wrapper -->\r\n\r\n<!-- \/\/ Super Simple Contact Form -->\r\n\n","protected":false},"excerpt":{"rendered":"<p>Bienvenido a nuestra p\u00e1gina de contacto. Desde Top 10 Casino Websites hemos puesto a tu disposici\u00f3n dos direcciones de correo electr\u00f3nico para que puedas contactar con nosotros. Si tienes alguna pregunta sobre nuestra p\u00e1gina web, te gustar\u00eda que recibir una rese\u00f1a sobre alg\u00fan casino online en concreto o quieres que escribamos nuevos art\u00edculos, ponte en [&hellip;]<\/p>\n","protected":false},"author":4,"featured_media":0,"parent":0,"menu_order":0,"comment_status":"closed","ping_status":"closed","template":"","meta":{"_acf_changed":false,"footnotes":""},"class_list":["post-1035","page","type-page","status-publish","hentry"],"acf":[],"yoast_head":"<!-- This site is optimized with the Yoast SEO plugin v27.4 - https:\/\/yoast.com\/product\/yoast-seo-wordpress\/ -->\n<title>Contacto<\/title>\n<meta name=\"description\" content=\"Este es el apartado de contacto de la p\u00e1gina web Top 10 Casino Websites.\" \/>\n<meta name=\"robots\" content=\"index, follow, max-snippet:-1, max-image-preview:large, max-video-preview:-1\" \/>\n<link rel=\"canonical\" href=\"https:\/\/www.top10casinowebsites.net\/es\/contacto\" \/>\n<meta property=\"og:locale\" content=\"en_US\" \/>\n<meta property=\"og:type\" content=\"article\" \/>\n<meta property=\"og:title\" content=\"Contacto\" \/>\n<meta property=\"og:description\" content=\"Este es el apartado de contacto de la p\u00e1gina web Top 10 Casino Websites.\" \/>\n<meta property=\"og:url\" content=\"https:\/\/www.top10casinowebsites.net\/es\/contacto\" \/>\n<meta property=\"og:site_name\" content=\"ES\" \/>\n<meta property=\"article:modified_time\" content=\"2017-10-06T18:16:08+00:00\" \/>\n<meta name=\"twitter:card\" content=\"summary_large_image\" \/>\n<meta name=\"twitter:label1\" content=\"Est. reading time\" \/>\n\t<meta name=\"twitter:data1\" content=\"1 minute\" \/>\n<script type=\"application\/ld+json\" class=\"yoast-schema-graph\">{\"@context\":\"https:\\\/\\\/schema.org\",\"@graph\":[{\"@type\":\"WebPage\",\"@id\":\"https:\\\/\\\/www.top10casinowebsites.net\\\/es\\\/contacto\",\"url\":\"https:\\\/\\\/www.top10casinowebsites.net\\\/es\\\/contacto\",\"name\":\"Contacto\",\"isPartOf\":{\"@id\":\"https:\\\/\\\/www.top10casinowebsites.net\\\/es\\\/#website\"},\"datePublished\":\"2016-03-11T09:29:31+00:00\",\"dateModified\":\"2017-10-06T18:16:08+00:00\",\"description\":\"Este es el apartado de contacto de la p\u00e1gina web Top 10 Casino Websites.\",\"breadcrumb\":{\"@id\":\"https:\\\/\\\/www.top10casinowebsites.net\\\/es\\\/contacto#breadcrumb\"},\"inLanguage\":\"en-US\",\"potentialAction\":[{\"@type\":\"ReadAction\",\"target\":[\"https:\\\/\\\/www.top10casinowebsites.net\\\/es\\\/contacto\"]}]},{\"@type\":\"BreadcrumbList\",\"@id\":\"https:\\\/\\\/www.top10casinowebsites.net\\\/es\\\/contacto#breadcrumb\",\"itemListElement\":[{\"@type\":\"ListItem\",\"position\":1,\"name\":\"Home\",\"item\":\"https:\\\/\\\/www.top10casinowebsites.net\\\/es\\\/\"},{\"@type\":\"ListItem\",\"position\":2,\"name\":\"Contacto\"}]},{\"@type\":\"WebSite\",\"@id\":\"https:\\\/\\\/www.top10casinowebsites.net\\\/es\\\/#website\",\"url\":\"https:\\\/\\\/www.top10casinowebsites.net\\\/es\\\/\",\"name\":\"ES\",\"description\":\"\",\"potentialAction\":[{\"@type\":\"SearchAction\",\"target\":{\"@type\":\"EntryPoint\",\"urlTemplate\":\"https:\\\/\\\/www.top10casinowebsites.net\\\/es\\\/?s={search_term_string}\"},\"query-input\":{\"@type\":\"PropertyValueSpecification\",\"valueRequired\":true,\"valueName\":\"search_term_string\"}}],\"inLanguage\":\"en-US\"}]}<\/script>\n<!-- \/ Yoast SEO plugin. -->","yoast_head_json":{"title":"Contacto","description":"Este es el apartado de contacto de la p\u00e1gina web Top 10 Casino Websites.","robots":{"index":"index","follow":"follow","max-snippet":"max-snippet:-1","max-image-preview":"max-image-preview:large","max-video-preview":"max-video-preview:-1"},"canonical":"https:\/\/www.top10casinowebsites.net\/es\/contacto","og_locale":"en_US","og_type":"article","og_title":"Contacto","og_description":"Este es el apartado de contacto de la p\u00e1gina web Top 10 Casino Websites.","og_url":"https:\/\/www.top10casinowebsites.net\/es\/contacto","og_site_name":"ES","article_modified_time":"2017-10-06T18:16:08+00:00","twitter_card":"summary_large_image","twitter_misc":{"Est. reading time":"1 minute"},"schema":{"@context":"https:\/\/schema.org","@graph":[{"@type":"WebPage","@id":"https:\/\/www.top10casinowebsites.net\/es\/contacto","url":"https:\/\/www.top10casinowebsites.net\/es\/contacto","name":"Contacto","isPartOf":{"@id":"https:\/\/www.top10casinowebsites.net\/es\/#website"},"datePublished":"2016-03-11T09:29:31+00:00","dateModified":"2017-10-06T18:16:08+00:00","description":"Este es el apartado de contacto de la p\u00e1gina web Top 10 Casino Websites.","breadcrumb":{"@id":"https:\/\/www.top10casinowebsites.net\/es\/contacto#breadcrumb"},"inLanguage":"en-US","potentialAction":[{"@type":"ReadAction","target":["https:\/\/www.top10casinowebsites.net\/es\/contacto"]}]},{"@type":"BreadcrumbList","@id":"https:\/\/www.top10casinowebsites.net\/es\/contacto#breadcrumb","itemListElement":[{"@type":"ListItem","position":1,"name":"Home","item":"https:\/\/www.top10casinowebsites.net\/es\/"},{"@type":"ListItem","position":2,"name":"Contacto"}]},{"@type":"WebSite","@id":"https:\/\/www.top10casinowebsites.net\/es\/#website","url":"https:\/\/www.top10casinowebsites.net\/es\/","name":"ES","description":"","potentialAction":[{"@type":"SearchAction","target":{"@type":"EntryPoint","urlTemplate":"https:\/\/www.top10casinowebsites.net\/es\/?s={search_term_string}"},"query-input":{"@type":"PropertyValueSpecification","valueRequired":true,"valueName":"search_term_string"}}],"inLanguage":"en-US"}]}},"_links":{"self":[{"href":"https:\/\/www.top10casinowebsites.net\/es\/wp-json\/wp\/v2\/pages\/1035","targetHints":{"allow":["GET"]}}],"collection":[{"href":"https:\/\/www.top10casinowebsites.net\/es\/wp-json\/wp\/v2\/pages"}],"about":[{"href":"https:\/\/www.top10casinowebsites.net\/es\/wp-json\/wp\/v2\/types\/page"}],"author":[{"embeddable":true,"href":"https:\/\/www.top10casinowebsites.net\/es\/wp-json\/wp\/v2\/users\/4"}],"replies":[{"embeddable":true,"href":"https:\/\/www.top10casinowebsites.net\/es\/wp-json\/wp\/v2\/comments?post=1035"}],"version-history":[{"count":1,"href":"https:\/\/www.top10casinowebsites.net\/es\/wp-json\/wp\/v2\/pages\/1035\/revisions"}],"predecessor-version":[{"id":2117,"href":"https:\/\/www.top10casinowebsites.net\/es\/wp-json\/wp\/v2\/pages\/1035\/revisions\/2117"}],"wp:attachment":[{"href":"https:\/\/www.top10casinowebsites.net\/es\/wp-json\/wp\/v2\/media?parent=1035"}],"curies":[{"name":"wp","href":"https:\/\/api.w.org\/{rel}","templated":true}]}}