{"id":1049,"date":"2016-03-11T09:36:22","date_gmt":"2016-03-11T09:36:22","guid":{"rendered":"http:\/\/www.top10casinowebsites.net\/?page_id=1049"},"modified":"2017-10-06T18:21:53","modified_gmt":"2017-10-06T18:21:53","slug":"condiciones","status":"publish","type":"page","link":"https:\/\/www.top10casinowebsites.net\/es\/condiciones","title":{"rendered":"Condiciones"},"content":{"rendered":"<p>Si\u00e9ntete libre de visitar nuestra web tantas veces como quieras y en cualquier momento y lugar. Sin embargo, ten en cuenta de que todas las im\u00e1genes, contenido y dise\u00f1o de este portal web est\u00e1 protegido con derechos de autor, con lo cual su uso o copia sin consentimiento es ilegal. Le rogamos se ponga en contacto con nosotros si tiene alguna cuesti\u00f3n en referencia a esto. Puedes hacerlo usando nuestra <a href=\"\/es\/contacto\">secci\u00f3n de Contacto<\/a>.<\/p>\n<p>Debe de tener en cuenta de que operamos con una estricta pol\u00edtica de privacidad, la cual podr\u00e1 consultar entrando dentro de la <a href=\"\/es\/privacidad\">secci\u00f3n de Privacidad<\/a>. Asimismo cualquier enlace a terceros que pueda encontrar dentro de nuestra web, contar\u00e1 con su propia pol\u00edtica de privacidad.<\/p>\n<p>Por tanto, nosotros no nos responsabilizamos de las pol\u00edticas de terceras p\u00e1ginas a las que puedas acceder a trav\u00e9s de nuestro portal.<\/p>\n<p>Tenga en consideraci\u00f3n que si eliges jugar en cualquiera de las webs de nuestro ranking, estas aceptando el riesgo impl\u00edcito a\u00f1adido que todo juego de azar posee. No pongas en juego m\u00e1s dinero del que te puedas permitir perder.<\/p>\n","protected":false},"excerpt":{"rendered":"<p>Si\u00e9ntete libre de visitar nuestra web tantas veces como quieras y en cualquier momento y lugar. Sin embargo, ten en cuenta de que todas las im\u00e1genes, contenido y dise\u00f1o de este portal web est\u00e1 protegido con derechos de autor, con lo cual su uso o copia sin consentimiento es ilegal. Le rogamos se ponga en [&hellip;]<\/p>\n","protected":false},"author":4,"featured_media":0,"parent":0,"menu_order":0,"comment_status":"closed","ping_status":"closed","template":"","meta":{"_acf_changed":false,"footnotes":""},"class_list":["post-1049","page","type-page","status-publish","hentry"],"acf":[],"yoast_head":"<!-- This site is optimized with the Yoast SEO plugin v27.4 - https:\/\/yoast.com\/product\/yoast-seo-wordpress\/ -->\n<title>Condiciones<\/title>\n<meta name=\"description\" content=\"Esta es la secci\u00f3n de t\u00e9rminos y condiciones de nuestra p\u00e1gina Top 10 Casino Websites.\" \/>\n<meta name=\"robots\" content=\"index, follow, max-snippet:-1, max-image-preview:large, max-video-preview:-1\" \/>\n<link rel=\"canonical\" href=\"https:\/\/www.top10casinowebsites.net\/es\/condiciones\" \/>\n<meta property=\"og:locale\" content=\"en_US\" \/>\n<meta property=\"og:type\" content=\"article\" \/>\n<meta property=\"og:title\" content=\"Condiciones\" \/>\n<meta property=\"og:description\" content=\"Esta es la secci\u00f3n de t\u00e9rminos y condiciones de nuestra p\u00e1gina Top 10 Casino Websites.\" \/>\n<meta property=\"og:url\" content=\"https:\/\/www.top10casinowebsites.net\/es\/condiciones\" \/>\n<meta property=\"og:site_name\" content=\"ES\" \/>\n<meta property=\"article:modified_time\" content=\"2017-10-06T18:21:53+00:00\" \/>\n<meta name=\"twitter:card\" content=\"summary_large_image\" \/>\n<meta name=\"twitter:label1\" content=\"Est. reading time\" \/>\n\t<meta name=\"twitter:data1\" content=\"1 minute\" \/>\n<script type=\"application\/ld+json\" class=\"yoast-schema-graph\">{\"@context\":\"https:\\\/\\\/schema.org\",\"@graph\":[{\"@type\":\"WebPage\",\"@id\":\"https:\\\/\\\/www.top10casinowebsites.net\\\/es\\\/condiciones\",\"url\":\"https:\\\/\\\/www.top10casinowebsites.net\\\/es\\\/condiciones\",\"name\":\"Condiciones\",\"isPartOf\":{\"@id\":\"https:\\\/\\\/www.top10casinowebsites.net\\\/es\\\/#website\"},\"datePublished\":\"2016-03-11T09:36:22+00:00\",\"dateModified\":\"2017-10-06T18:21:53+00:00\",\"description\":\"Esta es la secci\u00f3n de t\u00e9rminos y condiciones de nuestra p\u00e1gina Top 10 Casino Websites.\",\"breadcrumb\":{\"@id\":\"https:\\\/\\\/www.top10casinowebsites.net\\\/es\\\/condiciones#breadcrumb\"},\"inLanguage\":\"en-US\",\"potentialAction\":[{\"@type\":\"ReadAction\",\"target\":[\"https:\\\/\\\/www.top10casinowebsites.net\\\/es\\\/condiciones\"]}]},{\"@type\":\"BreadcrumbList\",\"@id\":\"https:\\\/\\\/www.top10casinowebsites.net\\\/es\\\/condiciones#breadcrumb\",\"itemListElement\":[{\"@type\":\"ListItem\",\"position\":1,\"name\":\"Home\",\"item\":\"https:\\\/\\\/www.top10casinowebsites.net\\\/es\\\/\"},{\"@type\":\"ListItem\",\"position\":2,\"name\":\"Condiciones\"}]},{\"@type\":\"WebSite\",\"@id\":\"https:\\\/\\\/www.top10casinowebsites.net\\\/es\\\/#website\",\"url\":\"https:\\\/\\\/www.top10casinowebsites.net\\\/es\\\/\",\"name\":\"ES\",\"description\":\"\",\"potentialAction\":[{\"@type\":\"SearchAction\",\"target\":{\"@type\":\"EntryPoint\",\"urlTemplate\":\"https:\\\/\\\/www.top10casinowebsites.net\\\/es\\\/?s={search_term_string}\"},\"query-input\":{\"@type\":\"PropertyValueSpecification\",\"valueRequired\":true,\"valueName\":\"search_term_string\"}}],\"inLanguage\":\"en-US\"}]}<\/script>\n<!-- \/ Yoast SEO plugin. -->","yoast_head_json":{"title":"Condiciones","description":"Esta es la secci\u00f3n de t\u00e9rminos y condiciones de nuestra p\u00e1gina Top 10 Casino Websites.","robots":{"index":"index","follow":"follow","max-snippet":"max-snippet:-1","max-image-preview":"max-image-preview:large","max-video-preview":"max-video-preview:-1"},"canonical":"https:\/\/www.top10casinowebsites.net\/es\/condiciones","og_locale":"en_US","og_type":"article","og_title":"Condiciones","og_description":"Esta es la secci\u00f3n de t\u00e9rminos y condiciones de nuestra p\u00e1gina Top 10 Casino Websites.","og_url":"https:\/\/www.top10casinowebsites.net\/es\/condiciones","og_site_name":"ES","article_modified_time":"2017-10-06T18:21:53+00:00","twitter_card":"summary_large_image","twitter_misc":{"Est. reading time":"1 minute"},"schema":{"@context":"https:\/\/schema.org","@graph":[{"@type":"WebPage","@id":"https:\/\/www.top10casinowebsites.net\/es\/condiciones","url":"https:\/\/www.top10casinowebsites.net\/es\/condiciones","name":"Condiciones","isPartOf":{"@id":"https:\/\/www.top10casinowebsites.net\/es\/#website"},"datePublished":"2016-03-11T09:36:22+00:00","dateModified":"2017-10-06T18:21:53+00:00","description":"Esta es la secci\u00f3n de t\u00e9rminos y condiciones de nuestra p\u00e1gina Top 10 Casino Websites.","breadcrumb":{"@id":"https:\/\/www.top10casinowebsites.net\/es\/condiciones#breadcrumb"},"inLanguage":"en-US","potentialAction":[{"@type":"ReadAction","target":["https:\/\/www.top10casinowebsites.net\/es\/condiciones"]}]},{"@type":"BreadcrumbList","@id":"https:\/\/www.top10casinowebsites.net\/es\/condiciones#breadcrumb","itemListElement":[{"@type":"ListItem","position":1,"name":"Home","item":"https:\/\/www.top10casinowebsites.net\/es\/"},{"@type":"ListItem","position":2,"name":"Condiciones"}]},{"@type":"WebSite","@id":"https:\/\/www.top10casinowebsites.net\/es\/#website","url":"https:\/\/www.top10casinowebsites.net\/es\/","name":"ES","description":"","potentialAction":[{"@type":"SearchAction","target":{"@type":"EntryPoint","urlTemplate":"https:\/\/www.top10casinowebsites.net\/es\/?s={search_term_string}"},"query-input":{"@type":"PropertyValueSpecification","valueRequired":true,"valueName":"search_term_string"}}],"inLanguage":"en-US"}]}},"_links":{"self":[{"href":"https:\/\/www.top10casinowebsites.net\/es\/wp-json\/wp\/v2\/pages\/1049","targetHints":{"allow":["GET"]}}],"collection":[{"href":"https:\/\/www.top10casinowebsites.net\/es\/wp-json\/wp\/v2\/pages"}],"about":[{"href":"https:\/\/www.top10casinowebsites.net\/es\/wp-json\/wp\/v2\/types\/page"}],"author":[{"embeddable":true,"href":"https:\/\/www.top10casinowebsites.net\/es\/wp-json\/wp\/v2\/users\/4"}],"replies":[{"embeddable":true,"href":"https:\/\/www.top10casinowebsites.net\/es\/wp-json\/wp\/v2\/comments?post=1049"}],"version-history":[{"count":0,"href":"https:\/\/www.top10casinowebsites.net\/es\/wp-json\/wp\/v2\/pages\/1049\/revisions"}],"wp:attachment":[{"href":"https:\/\/www.top10casinowebsites.net\/es\/wp-json\/wp\/v2\/media?parent=1049"}],"curies":[{"name":"wp","href":"https:\/\/api.w.org\/{rel}","templated":true}]}}