{"id":1161,"date":"2016-03-11T10:40:59","date_gmt":"2016-03-11T10:40:59","guid":{"rendered":"http:\/\/www.top10casinowebsites.net\/?page_id=1161"},"modified":"2017-10-06T17:55:33","modified_gmt":"2017-10-06T17:55:33","slug":"top-10-casinos-online-sin-deposito","status":"publish","type":"page","link":"https:\/\/www.top10casinowebsites.net\/es\/top-10-casinos-online-sin-deposito","title":{"rendered":"Los 10 mejores casinos online sin d\u00e9posito de Top10 Casino Websites"},"content":{"rendered":"<p><img decoding=\"async\" class=\"alignleft size-full\" src=\"https:\/\/www.top10casinowebsites.net\/wp-content\/uploads\/2015\/05\/online-casino.jpg\" alt=\"Online Casino\" width=\"300\" \/>Existe un abanico muy amplio de posibilidades para jugar en casinos online sin dep\u00f3sito. Entre tantas y variadas opciones, te ofrecemos ser tu gu\u00eda y responderte a todas las preguntas que seguramente, como jugador, tendr\u00e1s en tu cabeza.<\/p>\n<p>El primer modo para acceder y jugar en un casino online sin dep\u00f3sito es hacerlo sin registrarte. Muchos casinos online ofrecen a sus usuarios la posibilidad de jugar sin registro y de manera totalmente gratuita. De este modo, no tendr\u00e1s que introducir tus datos personales y podr\u00e1s jugar gratis en los casinos sin dep\u00f3sito.<\/p>\n<p>Muchas webs ofrecen diariamente tiradas gratis en torneos de juego de m\u00e1quinas tragaperras.<\/p>\n<p>S\u00ed las slots son tu juego, quiz\u00e1 esta sea una buena manera de jugar sin dep\u00f3sito y hacerse con un poco de dinero extra. Entra en nuestros listados y podr\u00e1s encontrar los <a href=\"http:\/\/casinogambling.about.com\/od\/slots\/a\/slottourny.htm\">mejores torneos tragamonedas<\/a> de manera gratuita.<\/p>\n<div class=\"grid-contents\" id=\"grid-contents\"><table class=\"cas_table\" ><tbody><tr class=\"rank-1\">\n                                <td class=\"ranking\">1<\/td>\n                                <td class=\"brandcol\">\n                                    <a href=https:\/\/www.top10casinowebsites.net\/es\/review\/888-casino class=\"brand brand-bg\"><img loading=\"lazy\" decoding=\"async\" class=\"group list-group-image\" src=\"https:\/\/static.top10casinowebsites.net\/images\/casino-rooms\/888-casino-logo.png\" width=\"200\" height=\"128\"\/><\/a>\n                                <\/td>\n                                <td class=\"bonus\" data-title=\"Bonus\">\n\t\t\t\t\t               <p class=\"bonus-text\"><strong>$888<\/strong>Welcome Bonus <br>(<a href=\"https:\/\/www.top10casinowebsites.net\/es\/review\/888-casino\">T&Cs apply, 18+<\/a>)<\/p>\n\t\t\t\t                <\/td>\n\t\t\t\t\t            <td class=\"badge_game\" data-title=\"Rating\">\n                                    <div class=\"rating\"><strong>5<\/strong>\/5<\/div>\n                                    <div class=\"rating stars\" style=\"margin-top: 5px;\"><span class=\"icon icon-stars\"><span class=\"icon-stars green\" style=\"width: 100%;\"><\/span><\/span><\/div>\n\t\t\t\t\t            <\/td>\n                               \n                                <td class=\"play\">\n\t\t\t\t\t               <a class=\"button-gold\" rel=\"nofollow\" href=\"https:\/\/www.top10casinowebsites.net\/es\/review\/888-casino\">Visit<\/a>\n\t                               <div class=\"\">\n\t\t\t\t\t                   <a class=\"review-snippet-link-play-now-col\" href=\"https:\/\/www.top10casinowebsites.net\/es\/review\/888-casino\">Read Review<\/a>\n\t\t\t\t\t               <\/div>\n\t\t\t\t\t           <\/td>\n     \t\t\t\t        <\/tr><\/tbody><\/table><\/div>\n<p>Asimismo, tambi\u00e9n podr\u00e1s encontrar un gran n\u00famero de casinos que ofrecen dep\u00f3sitos gratuitos. La \u00fanica diferencia respecto a las otras web, es que es este tipo de casino necesitas registrarte como nuevo jugador. Una vez que hecho esto, podr\u00e1s disponer de una bonificaci\u00f3n en efectivo totalmente gratuita.<\/p>\n<h2>Beneficios de jugar en casinos online sin d\u00e9posito<\/h2>\n<p>Solamente en <strong>Top 10 Casino Websites<\/strong> encontrar\u00e1s los rankings m\u00e1s actualizados de los mejores casinos SIN dep\u00f3sito. Presta atenci\u00f3n a las \u00faltimas novedades en casino para poder acceder a los mejores juegos y beneficiarte de los bonos que los casinos online tienen preparados exclusivamente para ti.<\/p>\n<p>Actualmente en el mercado existen una gran variedad de operadores online gracias a los cuales puedes beneficiarte de una enorme selecci\u00f3n de juegos. \u00a1Lo dif\u00edcil ser\u00e1 elegir el que m\u00e1s te guste!<\/p>\n<h2>Preguntas frecuentes<\/h2>\n<p>Suelen ser habituales las preguntas sobre el uso de los dep\u00f3sitos gratuitos que muchos casinos online ofrecen. Tambi\u00e9n recibimos dudas de muchos jugadores en cuanto a la fiabilidad de beneficiarse de estos bonos gratuitos. Desde aqu\u00ed queremos resolver todas esas cuestiones y hemos seleccionado las m\u00e1s frecuentes.<br \/>\n<div class='dt-sc-toggle-frame-set'><div class=\"dt-sc-toggle-frame\">\t<h5 class='dt-sc-toggle-accordion '><a href='#'>1. \u00bfPuedo realmente quedarme las ganancias?<\/a><\/h5>\t<div class=\"dt-sc-toggle-content\" style=\"display: none;\">\t\t<div class=\"block\">Por supuesto. Todos los casinos online sin dep\u00f3sito permiten quedarse con las ganancias obtenidas con los bonos gratuitos. Aunque sin embargo, algunas webs solamente te permiten quedarte con una cantidad m\u00e1xima. Por eso te recomendamos que, antes de comenzar a jugar, hagas una selecci\u00f3n de los casinos que ofrezcan las ofertas m\u00e1s convenientes. Nosotros ya hemos preparado un listado para ti, \u00a1no te lo pierdas!\t\t<\/div>\t<\/div><\/div>\n<div class=\"dt-sc-toggle-frame\">\t<h5 class='dt-sc-toggle-accordion '><a href='#'>2. \u00bfCu\u00e1nto dinero en efectivo puedo obtener?<\/a><\/h5>\t<div class=\"dt-sc-toggle-content\" style=\"display: none;\">\t\t<div class=\"block\">Las cantidades en los bonos gratuitos pueden variar de unos casinos a otros. Con frecuencia el dinero en efectivo que puedes reclamar de los bonos sin dep\u00f3sito suele ser muy poco, pero existen otro tipo de beneficios. Con estos bonos gratuitos podr\u00e1s disfrutar de una hora de juego sin tener que pagar ning\u00fan importe. Adem\u00e1s de la posibilidad de probar los juegos, normalmente la cantidad de beneficios que generes durante esos 60 minutos se a\u00f1adir\u00e1 a mayores de la cantidad de dep\u00f3sito gratuita que has recibido.\t\t<\/div>\t<\/div><\/div>\n<div class=\"dt-sc-toggle-frame\">\t<h5 class='dt-sc-toggle-accordion '><a href='#'>3. \u00bfCu\u00e1les son los juegos de casinos sin dep\u00f3sito disponibles?<\/a><\/h5>\t<div class=\"dt-sc-toggle-content\" style=\"display: none;\">\t\t<div class=\"block\">\u00a1Todos! Podr\u00e1s jugar a todos los juegos de casino de manera gratuita y sin hacer un dep\u00f3sito. Pero como cada norma hay una excepci\u00f3n y esos son los juegos progresivos.<\/p>\n<p>Todos los juegos progresivos online necesitan una cantidad de dinero real que cada jugador debe aportar para aumentar el bote. Por ese motivo no existen <a href=\"http:\/\/en.wikipedia.org\/wiki\/Progressive_jackpot\">juegos progresivos gratuitos<\/a>. Algunas p\u00e1ginas de casino permiten la opci\u00f3n de probar estos juegos de manera gratuita pero al tratarse de una demostraci\u00f3n, la opci\u00f3n de premio se desactiva de manera autom\u00e1tica.\t\t<\/div>\t<\/div><\/div><\/div>\n","protected":false},"excerpt":{"rendered":"<p>Existe un abanico muy amplio de posibilidades para jugar en casinos online sin dep\u00f3sito. Entre tantas y variadas opciones, te ofrecemos ser tu gu\u00eda y responderte a todas las preguntas que seguramente, como jugador, tendr\u00e1s en tu cabeza. El primer modo para acceder y jugar en un casino online sin dep\u00f3sito es hacerlo sin registrarte. [&hellip;]<\/p>\n","protected":false},"author":4,"featured_media":0,"parent":0,"menu_order":0,"comment_status":"closed","ping_status":"closed","template":"","meta":{"_acf_changed":false,"footnotes":""},"class_list":["post-1161","page","type-page","status-publish","hentry"],"acf":[],"yoast_head":"<!-- This site is optimized with the Yoast SEO plugin v27.4 - https:\/\/yoast.com\/product\/yoast-seo-wordpress\/ -->\n<title>Los 10 mejores casinos online sin d\u00e9posito de Top10 Casino Websites<\/title>\n<meta name=\"description\" content=\"Echa un vistazo a nuestra lista con los mejores p\u00e1ginas de casinos online sin dep\u00f3sito, a los que podr\u00e1s jugar gratis y donde tendr\u00e1s la oportunidad de ganar dinero real.\" \/>\n<meta name=\"robots\" content=\"index, follow, max-snippet:-1, max-image-preview:large, max-video-preview:-1\" \/>\n<link rel=\"canonical\" href=\"https:\/\/www.top10casinowebsites.net\/es\/top-10-casinos-online-sin-deposito\" \/>\n<meta property=\"og:locale\" content=\"en_US\" \/>\n<meta property=\"og:type\" content=\"article\" \/>\n<meta property=\"og:title\" content=\"Los 10 mejores casinos online sin d\u00e9posito de Top10 Casino Websites\" \/>\n<meta property=\"og:description\" content=\"Echa un vistazo a nuestra lista con los mejores p\u00e1ginas de casinos online sin dep\u00f3sito, a los que podr\u00e1s jugar gratis y donde tendr\u00e1s la oportunidad de ganar dinero real.\" \/>\n<meta property=\"og:url\" content=\"https:\/\/www.top10casinowebsites.net\/es\/top-10-casinos-online-sin-deposito\" \/>\n<meta property=\"og:site_name\" content=\"ES\" \/>\n<meta property=\"article:modified_time\" content=\"2017-10-06T17:55:33+00:00\" \/>\n<meta property=\"og:image\" content=\"https:\/\/www.top10casinowebsites.net\/wp-content\/uploads\/2015\/05\/online-casino.jpg\" \/>\n<meta name=\"twitter:card\" content=\"summary_large_image\" \/>\n<meta name=\"twitter:label1\" content=\"Est. reading time\" \/>\n\t<meta name=\"twitter:data1\" content=\"3 minutes\" \/>\n<script type=\"application\/ld+json\" class=\"yoast-schema-graph\">{\"@context\":\"https:\\\/\\\/schema.org\",\"@graph\":[{\"@type\":\"WebPage\",\"@id\":\"https:\\\/\\\/www.top10casinowebsites.net\\\/es\\\/top-10-casinos-online-sin-deposito\",\"url\":\"https:\\\/\\\/www.top10casinowebsites.net\\\/es\\\/top-10-casinos-online-sin-deposito\",\"name\":\"Los 10 mejores casinos online sin d\u00e9posito de Top10 Casino Websites\",\"isPartOf\":{\"@id\":\"https:\\\/\\\/www.top10casinowebsites.net\\\/es\\\/#website\"},\"primaryImageOfPage\":{\"@id\":\"https:\\\/\\\/www.top10casinowebsites.net\\\/es\\\/top-10-casinos-online-sin-deposito#primaryimage\"},\"image\":{\"@id\":\"https:\\\/\\\/www.top10casinowebsites.net\\\/es\\\/top-10-casinos-online-sin-deposito#primaryimage\"},\"thumbnailUrl\":\"https:\\\/\\\/www.top10casinowebsites.net\\\/wp-content\\\/uploads\\\/2015\\\/05\\\/online-casino.jpg\",\"datePublished\":\"2016-03-11T10:40:59+00:00\",\"dateModified\":\"2017-10-06T17:55:33+00:00\",\"description\":\"Echa un vistazo a nuestra lista con los mejores p\u00e1ginas de casinos online sin dep\u00f3sito, a los que podr\u00e1s jugar gratis y donde tendr\u00e1s la oportunidad de ganar dinero real.\",\"breadcrumb\":{\"@id\":\"https:\\\/\\\/www.top10casinowebsites.net\\\/es\\\/top-10-casinos-online-sin-deposito#breadcrumb\"},\"inLanguage\":\"en-US\",\"potentialAction\":[{\"@type\":\"ReadAction\",\"target\":[\"https:\\\/\\\/www.top10casinowebsites.net\\\/es\\\/top-10-casinos-online-sin-deposito\"]}]},{\"@type\":\"ImageObject\",\"inLanguage\":\"en-US\",\"@id\":\"https:\\\/\\\/www.top10casinowebsites.net\\\/es\\\/top-10-casinos-online-sin-deposito#primaryimage\",\"url\":\"https:\\\/\\\/www.top10casinowebsites.net\\\/wp-content\\\/uploads\\\/2015\\\/05\\\/online-casino.jpg\",\"contentUrl\":\"https:\\\/\\\/www.top10casinowebsites.net\\\/wp-content\\\/uploads\\\/2015\\\/05\\\/online-casino.jpg\"},{\"@type\":\"BreadcrumbList\",\"@id\":\"https:\\\/\\\/www.top10casinowebsites.net\\\/es\\\/top-10-casinos-online-sin-deposito#breadcrumb\",\"itemListElement\":[{\"@type\":\"ListItem\",\"position\":1,\"name\":\"Home\",\"item\":\"https:\\\/\\\/www.top10casinowebsites.net\\\/es\\\/\"},{\"@type\":\"ListItem\",\"position\":2,\"name\":\"Los 10 mejores casinos online sin d\u00e9posito de Top10 Casino Websites\"}]},{\"@type\":\"WebSite\",\"@id\":\"https:\\\/\\\/www.top10casinowebsites.net\\\/es\\\/#website\",\"url\":\"https:\\\/\\\/www.top10casinowebsites.net\\\/es\\\/\",\"name\":\"ES\",\"description\":\"\",\"potentialAction\":[{\"@type\":\"SearchAction\",\"target\":{\"@type\":\"EntryPoint\",\"urlTemplate\":\"https:\\\/\\\/www.top10casinowebsites.net\\\/es\\\/?s={search_term_string}\"},\"query-input\":{\"@type\":\"PropertyValueSpecification\",\"valueRequired\":true,\"valueName\":\"search_term_string\"}}],\"inLanguage\":\"en-US\"}]}<\/script>\n<!-- \/ Yoast SEO plugin. -->","yoast_head_json":{"title":"Los 10 mejores casinos online sin d\u00e9posito de Top10 Casino Websites","description":"Echa un vistazo a nuestra lista con los mejores p\u00e1ginas de casinos online sin dep\u00f3sito, a los que podr\u00e1s jugar gratis y donde tendr\u00e1s la oportunidad de ganar dinero real.","robots":{"index":"index","follow":"follow","max-snippet":"max-snippet:-1","max-image-preview":"max-image-preview:large","max-video-preview":"max-video-preview:-1"},"canonical":"https:\/\/www.top10casinowebsites.net\/es\/top-10-casinos-online-sin-deposito","og_locale":"en_US","og_type":"article","og_title":"Los 10 mejores casinos online sin d\u00e9posito de Top10 Casino Websites","og_description":"Echa un vistazo a nuestra lista con los mejores p\u00e1ginas de casinos online sin dep\u00f3sito, a los que podr\u00e1s jugar gratis y donde tendr\u00e1s la oportunidad de ganar dinero real.","og_url":"https:\/\/www.top10casinowebsites.net\/es\/top-10-casinos-online-sin-deposito","og_site_name":"ES","article_modified_time":"2017-10-06T17:55:33+00:00","og_image":[{"url":"https:\/\/www.top10casinowebsites.net\/wp-content\/uploads\/2015\/05\/online-casino.jpg","type":"","width":"","height":""}],"twitter_card":"summary_large_image","twitter_misc":{"Est. reading time":"3 minutes"},"schema":{"@context":"https:\/\/schema.org","@graph":[{"@type":"WebPage","@id":"https:\/\/www.top10casinowebsites.net\/es\/top-10-casinos-online-sin-deposito","url":"https:\/\/www.top10casinowebsites.net\/es\/top-10-casinos-online-sin-deposito","name":"Los 10 mejores casinos online sin d\u00e9posito de Top10 Casino Websites","isPartOf":{"@id":"https:\/\/www.top10casinowebsites.net\/es\/#website"},"primaryImageOfPage":{"@id":"https:\/\/www.top10casinowebsites.net\/es\/top-10-casinos-online-sin-deposito#primaryimage"},"image":{"@id":"https:\/\/www.top10casinowebsites.net\/es\/top-10-casinos-online-sin-deposito#primaryimage"},"thumbnailUrl":"https:\/\/www.top10casinowebsites.net\/wp-content\/uploads\/2015\/05\/online-casino.jpg","datePublished":"2016-03-11T10:40:59+00:00","dateModified":"2017-10-06T17:55:33+00:00","description":"Echa un vistazo a nuestra lista con los mejores p\u00e1ginas de casinos online sin dep\u00f3sito, a los que podr\u00e1s jugar gratis y donde tendr\u00e1s la oportunidad de ganar dinero real.","breadcrumb":{"@id":"https:\/\/www.top10casinowebsites.net\/es\/top-10-casinos-online-sin-deposito#breadcrumb"},"inLanguage":"en-US","potentialAction":[{"@type":"ReadAction","target":["https:\/\/www.top10casinowebsites.net\/es\/top-10-casinos-online-sin-deposito"]}]},{"@type":"ImageObject","inLanguage":"en-US","@id":"https:\/\/www.top10casinowebsites.net\/es\/top-10-casinos-online-sin-deposito#primaryimage","url":"https:\/\/www.top10casinowebsites.net\/wp-content\/uploads\/2015\/05\/online-casino.jpg","contentUrl":"https:\/\/www.top10casinowebsites.net\/wp-content\/uploads\/2015\/05\/online-casino.jpg"},{"@type":"BreadcrumbList","@id":"https:\/\/www.top10casinowebsites.net\/es\/top-10-casinos-online-sin-deposito#breadcrumb","itemListElement":[{"@type":"ListItem","position":1,"name":"Home","item":"https:\/\/www.top10casinowebsites.net\/es\/"},{"@type":"ListItem","position":2,"name":"Los 10 mejores casinos online sin d\u00e9posito de Top10 Casino Websites"}]},{"@type":"WebSite","@id":"https:\/\/www.top10casinowebsites.net\/es\/#website","url":"https:\/\/www.top10casinowebsites.net\/es\/","name":"ES","description":"","potentialAction":[{"@type":"SearchAction","target":{"@type":"EntryPoint","urlTemplate":"https:\/\/www.top10casinowebsites.net\/es\/?s={search_term_string}"},"query-input":{"@type":"PropertyValueSpecification","valueRequired":true,"valueName":"search_term_string"}}],"inLanguage":"en-US"}]}},"_links":{"self":[{"href":"https:\/\/www.top10casinowebsites.net\/es\/wp-json\/wp\/v2\/pages\/1161","targetHints":{"allow":["GET"]}}],"collection":[{"href":"https:\/\/www.top10casinowebsites.net\/es\/wp-json\/wp\/v2\/pages"}],"about":[{"href":"https:\/\/www.top10casinowebsites.net\/es\/wp-json\/wp\/v2\/types\/page"}],"author":[{"embeddable":true,"href":"https:\/\/www.top10casinowebsites.net\/es\/wp-json\/wp\/v2\/users\/4"}],"replies":[{"embeddable":true,"href":"https:\/\/www.top10casinowebsites.net\/es\/wp-json\/wp\/v2\/comments?post=1161"}],"version-history":[{"count":2,"href":"https:\/\/www.top10casinowebsites.net\/es\/wp-json\/wp\/v2\/pages\/1161\/revisions"}],"predecessor-version":[{"id":2162,"href":"https:\/\/www.top10casinowebsites.net\/es\/wp-json\/wp\/v2\/pages\/1161\/revisions\/2162"}],"wp:attachment":[{"href":"https:\/\/www.top10casinowebsites.net\/es\/wp-json\/wp\/v2\/media?parent=1161"}],"curies":[{"name":"wp","href":"https:\/\/api.w.org\/{rel}","templated":true}]}}