{"id":1169,"date":"2016-03-11T10:47:51","date_gmt":"2016-03-11T10:47:51","guid":{"rendered":"http:\/\/www.top10casinowebsites.net\/?page_id=1169"},"modified":"2019-11-21T17:29:11","modified_gmt":"2019-11-21T17:29:11","slug":"las-10-mejores-paginas-web-de-casinos-con-dinero-real","status":"publish","type":"page","link":"https:\/\/www.top10casinowebsites.net\/es\/las-10-mejores-paginas-web-de-casinos-con-dinero-real","title":{"rendered":"Las 10 mejores p\u00e1ginas web de casinos con dinero real por Top 10 Casino Websites"},"content":{"rendered":"<p><img decoding=\"async\" class=\"alignleft size-full\" src=\"https:\/\/www.top10casinowebsites.net\/wp-content\/uploads\/2015\/05\/online-casino.jpg\" alt=\"Online Casino\" width=\"300\" \/>Desde top10casinowebsite hemos creado las mejores listas de casino online para ayudar a todos nuestros visitantes que buscan y demandan lo \u00faltimo en experiencia de juego online.<\/p>\n<p>Si est\u00e1s buscando las mejores ofertas y los pagos m\u00e1s r\u00e1pidos, te invitamos a echar un vistazo por nuestra web. No importa el pa\u00eds de donde nos visites, nuestros art\u00edculos especializados te ayudar\u00e1n a encontrar el mejor casino de dinero real para que puedas jugar desde cualquier punto del planeta.<\/p>\n<p>Durante los \u00faltimos a\u00f1os el aspecto de los casinos online ha estado cambiando a pasos agigantados. Sin embargo, gracias al control sobre las apuestas online, los casinos son lugares seguros donde podremos divertirnos sin trampa ni cart\u00f3n.<\/p>\n<p>Encontrar las mejores ofertas y acceder a los mejores juegos no ha sido nunca tan sencillo. Desde nuestra secci\u00f3n de 10 mejores casinos con dinero real podr\u00e1s encontrar los mejores beneficios extra para comenzar adentrarte en el divertido entorno de los casinos online.<\/p>\n<h2>Las mejores salas de casino<\/h2>\n<div class=\"grid-contents\" id=\"grid-contents\"><table class=\"cas_table\" ><tbody><tr class=\"rank-1\">\n                                <td class=\"ranking\">1<\/td>\n                                <td class=\"brandcol\">\n                                    <a href=https:\/\/www.top10casinowebsites.net\/es\/review\/888-casino class=\"brand brand-bg\"><img loading=\"lazy\" decoding=\"async\" class=\"group list-group-image\" src=\"https:\/\/static.top10casinowebsites.net\/images\/casino-rooms\/888-casino-logo.png\" width=\"200\" height=\"128\"\/><\/a>\n                                <\/td>\n                                <td class=\"bonus\" data-title=\"Bonus\">\n\t\t\t\t\t               <p class=\"bonus-text\"><strong>$888<\/strong>Welcome Bonus <br>(<a href=\"https:\/\/www.top10casinowebsites.net\/es\/review\/888-casino\">T&Cs apply, 18+<\/a>)<\/p>\n\t\t\t\t                <\/td>\n\t\t\t\t\t            <td class=\"badge_game\" data-title=\"Rating\">\n                                    <div class=\"rating\"><strong>5<\/strong>\/5<\/div>\n                                    <div class=\"rating stars\" style=\"margin-top: 5px;\"><span class=\"icon icon-stars\"><span class=\"icon-stars green\" style=\"width: 100%;\"><\/span><\/span><\/div>\n\t\t\t\t\t            <\/td>\n                               \n                                <td class=\"play\">\n\t\t\t\t\t               <a class=\"button-gold\" rel=\"nofollow\" href=\"https:\/\/www.top10casinowebsites.net\/es\/review\/888-casino\">Visit<\/a>\n\t                               <div class=\"\">\n\t\t\t\t\t                   <a class=\"review-snippet-link-play-now-col\" href=\"https:\/\/www.top10casinowebsites.net\/es\/review\/888-casino\">Read Review<\/a>\n\t\t\t\t\t               <\/div>\n\t\t\t\t\t           <\/td>\n     \t\t\t\t        <\/tr><\/tbody><\/table><\/div>\n<h2>Beneficios de jugar en casinos con dinero real<\/h2>\n<p>El aspecto m\u00e1s obvio de entrar y jugar en casinos online de dinero real es que tus posibilidades de ganancia son mucho mayores que si visitas un casino f\u00edsico.<\/p>\n<p>La mayor\u00eda de nuevos jugadores de casino ya se han percatado de que pueden duplicar sus oportunidades de ganancia dentro de los casinos online con dinero real, adem\u00e1s de beneficiarse de bonos y promociones especiales. Esto hace que tu presupuesto se estire mucho m\u00e1s delo que podr\u00eda dar de s\u00ed en el casino de tu ciudad.<\/p>\n<p>Al contrario de lo que ocurr\u00eda a\u00f1os atr\u00e1s, no est\u00e1s obligado a jugar solo con una moneda. Puedes gestionar tus cuentas de casino para usar tu moneda local a la vez <a href=\"\/es\/metodos-de-deposito\">que puedes hacer dep\u00f3sitos<\/a> y retirar tus ganancias de la manera m\u00e1s rentable.<\/p>\n<h2>Preguntas frecuentes<\/h2>\n<p>Si bien jugar en alguna p\u00e1gina web de casino con dinero real puede ser emocionante y en ocasiones gratificante, puede que tengas algunas preguntas sobre c\u00f3mo hacerlo. A continuaci\u00f3n resolveremos las dudas m\u00e1s frecuentes de los jugadores de casinos online.<br \/>\n<div class='dt-sc-toggle-frame-set'><div class=\"dt-sc-toggle-frame\">\t<h5 class='dt-sc-toggle-accordion '><a href='#'>1. \u00bfSon fiables los juegos de casino con dinero real?<\/a><\/h5>\t<div class=\"dt-sc-toggle-content\" style=\"display: none;\">\t\t<div class=\"block\">La \u00fanica manera que tienes de averiguar de si la web de un casino es seguro, es echando un vistazo a dos aspectos importantes.<\/p>\n<p>El primero de ellos es mirar si la p\u00e1gina web del casino ha recibido la licencia de juego que valida su fiabilidad. De ser as\u00ed, la p\u00e1gina ha de mostrar el logotipo en un sitio visible generalmente al pie de la web. Adem\u00e1s te servir\u00e1 de ayuda comprobar que cuenta con alguna <a href=\"http:\/\/www.ecogra.org\/\">certificaci\u00f3n independiente de juegos de casinos<\/a>. Estas \u00faltimas son empresas que comprueban y certifican cada juego que los casinos ofrecen en sus p\u00e1ginas web.\t\t<\/div>\t<\/div><\/div>\n<div class=\"dt-sc-toggle-frame\">\t<h5 class='dt-sc-toggle-accordion '><a href='#'>2. \u00bfPuedo realmente ganar un jackpot progresivo?<\/a><\/h5>\t<div class=\"dt-sc-toggle-content\" style=\"display: none;\">\t\t<div class=\"block\">\u00a1S\u00ed! Para ganar un jackpot progresivo y que tu vida cambie solamente necesitar\u00e1s jugar a juegos con botes progresivos. Podemos asegurar sin equivocarnos, que todos los botes progresivos de nuestras listas se reparten.\t\t<\/div>\t<\/div><\/div>\n<div class=\"dt-sc-toggle-frame\">\t<h5 class='dt-sc-toggle-accordion '><a href='#'>3. \u00bfCu\u00e1nto tiempo tengo que esperar hasta cobrar mis ganancias?<\/a><\/h5>\t<div class=\"dt-sc-toggle-content\" style=\"display: none;\">\t\t<div class=\"block\">Todo depende de la p\u00e1gina de casino que hayas elegido y del m\u00e9todo de cobro que hayas seleccionado. Los casinos que forman parte de nuestras listas normalmente realizan los pagos en un plazo de 24h. Nuestro consejo es que evites jugar en p\u00e1ginas donde los pagos sufran habituales demoras.\t\t<\/div>\t<\/div><\/div><\/div>\n","protected":false},"excerpt":{"rendered":"<p>Desde top10casinowebsite hemos creado las mejores listas de casino online para ayudar a todos nuestros visitantes que buscan y demandan lo \u00faltimo en experiencia de juego online. Si est\u00e1s buscando las mejores ofertas y los pagos m\u00e1s r\u00e1pidos, te invitamos a echar un vistazo por nuestra web. No importa el pa\u00eds de donde nos visites, [&hellip;]<\/p>\n","protected":false},"author":4,"featured_media":0,"parent":0,"menu_order":0,"comment_status":"closed","ping_status":"closed","template":"","meta":{"_acf_changed":false,"footnotes":""},"class_list":["post-1169","page","type-page","status-publish","hentry"],"acf":[],"yoast_head":"<!-- This site is optimized with the Yoast SEO plugin v27.4 - https:\/\/yoast.com\/product\/yoast-seo-wordpress\/ -->\n<title>Las 10 mejores p\u00e1ginas web de casinos con dinero real por Top 10 Casino Websites<\/title>\n<meta name=\"description\" content=\"Si te gusta la idea de participar en juegos de casinos online con dinero real, echa un vistazo a nuestro exclusivo cat\u00e1logo y prep\u00e1rate para disfrutar de lo mejor.\" \/>\n<meta name=\"robots\" content=\"index, follow, max-snippet:-1, max-image-preview:large, max-video-preview:-1\" \/>\n<link rel=\"canonical\" href=\"https:\/\/www.top10casinowebsites.net\/es\/las-10-mejores-paginas-web-de-casinos-con-dinero-real\" \/>\n<meta property=\"og:locale\" content=\"en_US\" \/>\n<meta property=\"og:type\" content=\"article\" \/>\n<meta property=\"og:title\" content=\"Las 10 mejores p\u00e1ginas web de casinos con dinero real por Top 10 Casino Websites\" \/>\n<meta property=\"og:description\" content=\"Si te gusta la idea de participar en juegos de casinos online con dinero real, echa un vistazo a nuestro exclusivo cat\u00e1logo y prep\u00e1rate para disfrutar de lo mejor.\" \/>\n<meta property=\"og:url\" content=\"https:\/\/www.top10casinowebsites.net\/es\/las-10-mejores-paginas-web-de-casinos-con-dinero-real\" \/>\n<meta property=\"og:site_name\" content=\"ES\" \/>\n<meta property=\"article:modified_time\" content=\"2019-11-21T17:29:11+00:00\" \/>\n<meta property=\"og:image\" content=\"https:\/\/www.top10casinowebsites.net\/wp-content\/uploads\/2015\/05\/online-casino.jpg\" \/>\n<meta name=\"twitter:card\" content=\"summary_large_image\" \/>\n<meta name=\"twitter:label1\" content=\"Est. reading time\" \/>\n\t<meta name=\"twitter:data1\" content=\"3 minutes\" \/>\n<script type=\"application\/ld+json\" class=\"yoast-schema-graph\">{\"@context\":\"https:\\\/\\\/schema.org\",\"@graph\":[{\"@type\":\"WebPage\",\"@id\":\"https:\\\/\\\/www.top10casinowebsites.net\\\/es\\\/las-10-mejores-paginas-web-de-casinos-con-dinero-real\",\"url\":\"https:\\\/\\\/www.top10casinowebsites.net\\\/es\\\/las-10-mejores-paginas-web-de-casinos-con-dinero-real\",\"name\":\"Las 10 mejores p\u00e1ginas web de casinos con dinero real por Top 10 Casino Websites\",\"isPartOf\":{\"@id\":\"https:\\\/\\\/www.top10casinowebsites.net\\\/es\\\/#website\"},\"primaryImageOfPage\":{\"@id\":\"https:\\\/\\\/www.top10casinowebsites.net\\\/es\\\/las-10-mejores-paginas-web-de-casinos-con-dinero-real#primaryimage\"},\"image\":{\"@id\":\"https:\\\/\\\/www.top10casinowebsites.net\\\/es\\\/las-10-mejores-paginas-web-de-casinos-con-dinero-real#primaryimage\"},\"thumbnailUrl\":\"https:\\\/\\\/www.top10casinowebsites.net\\\/wp-content\\\/uploads\\\/2015\\\/05\\\/online-casino.jpg\",\"datePublished\":\"2016-03-11T10:47:51+00:00\",\"dateModified\":\"2019-11-21T17:29:11+00:00\",\"description\":\"Si te gusta la idea de participar en juegos de casinos online con dinero real, echa un vistazo a nuestro exclusivo cat\u00e1logo y prep\u00e1rate para disfrutar de lo mejor.\",\"breadcrumb\":{\"@id\":\"https:\\\/\\\/www.top10casinowebsites.net\\\/es\\\/las-10-mejores-paginas-web-de-casinos-con-dinero-real#breadcrumb\"},\"inLanguage\":\"en-US\",\"potentialAction\":[{\"@type\":\"ReadAction\",\"target\":[\"https:\\\/\\\/www.top10casinowebsites.net\\\/es\\\/las-10-mejores-paginas-web-de-casinos-con-dinero-real\"]}]},{\"@type\":\"ImageObject\",\"inLanguage\":\"en-US\",\"@id\":\"https:\\\/\\\/www.top10casinowebsites.net\\\/es\\\/las-10-mejores-paginas-web-de-casinos-con-dinero-real#primaryimage\",\"url\":\"https:\\\/\\\/www.top10casinowebsites.net\\\/wp-content\\\/uploads\\\/2015\\\/05\\\/online-casino.jpg\",\"contentUrl\":\"https:\\\/\\\/www.top10casinowebsites.net\\\/wp-content\\\/uploads\\\/2015\\\/05\\\/online-casino.jpg\"},{\"@type\":\"BreadcrumbList\",\"@id\":\"https:\\\/\\\/www.top10casinowebsites.net\\\/es\\\/las-10-mejores-paginas-web-de-casinos-con-dinero-real#breadcrumb\",\"itemListElement\":[{\"@type\":\"ListItem\",\"position\":1,\"name\":\"Home\",\"item\":\"https:\\\/\\\/www.top10casinowebsites.net\\\/es\\\/\"},{\"@type\":\"ListItem\",\"position\":2,\"name\":\"Las 10 mejores p\u00e1ginas web de casinos con dinero real por Top 10 Casino Websites\"}]},{\"@type\":\"WebSite\",\"@id\":\"https:\\\/\\\/www.top10casinowebsites.net\\\/es\\\/#website\",\"url\":\"https:\\\/\\\/www.top10casinowebsites.net\\\/es\\\/\",\"name\":\"ES\",\"description\":\"\",\"potentialAction\":[{\"@type\":\"SearchAction\",\"target\":{\"@type\":\"EntryPoint\",\"urlTemplate\":\"https:\\\/\\\/www.top10casinowebsites.net\\\/es\\\/?s={search_term_string}\"},\"query-input\":{\"@type\":\"PropertyValueSpecification\",\"valueRequired\":true,\"valueName\":\"search_term_string\"}}],\"inLanguage\":\"en-US\"}]}<\/script>\n<!-- \/ Yoast SEO plugin. -->","yoast_head_json":{"title":"Las 10 mejores p\u00e1ginas web de casinos con dinero real por Top 10 Casino Websites","description":"Si te gusta la idea de participar en juegos de casinos online con dinero real, echa un vistazo a nuestro exclusivo cat\u00e1logo y prep\u00e1rate para disfrutar de lo mejor.","robots":{"index":"index","follow":"follow","max-snippet":"max-snippet:-1","max-image-preview":"max-image-preview:large","max-video-preview":"max-video-preview:-1"},"canonical":"https:\/\/www.top10casinowebsites.net\/es\/las-10-mejores-paginas-web-de-casinos-con-dinero-real","og_locale":"en_US","og_type":"article","og_title":"Las 10 mejores p\u00e1ginas web de casinos con dinero real por Top 10 Casino Websites","og_description":"Si te gusta la idea de participar en juegos de casinos online con dinero real, echa un vistazo a nuestro exclusivo cat\u00e1logo y prep\u00e1rate para disfrutar de lo mejor.","og_url":"https:\/\/www.top10casinowebsites.net\/es\/las-10-mejores-paginas-web-de-casinos-con-dinero-real","og_site_name":"ES","article_modified_time":"2019-11-21T17:29:11+00:00","og_image":[{"url":"https:\/\/www.top10casinowebsites.net\/wp-content\/uploads\/2015\/05\/online-casino.jpg","type":"","width":"","height":""}],"twitter_card":"summary_large_image","twitter_misc":{"Est. reading time":"3 minutes"},"schema":{"@context":"https:\/\/schema.org","@graph":[{"@type":"WebPage","@id":"https:\/\/www.top10casinowebsites.net\/es\/las-10-mejores-paginas-web-de-casinos-con-dinero-real","url":"https:\/\/www.top10casinowebsites.net\/es\/las-10-mejores-paginas-web-de-casinos-con-dinero-real","name":"Las 10 mejores p\u00e1ginas web de casinos con dinero real por Top 10 Casino Websites","isPartOf":{"@id":"https:\/\/www.top10casinowebsites.net\/es\/#website"},"primaryImageOfPage":{"@id":"https:\/\/www.top10casinowebsites.net\/es\/las-10-mejores-paginas-web-de-casinos-con-dinero-real#primaryimage"},"image":{"@id":"https:\/\/www.top10casinowebsites.net\/es\/las-10-mejores-paginas-web-de-casinos-con-dinero-real#primaryimage"},"thumbnailUrl":"https:\/\/www.top10casinowebsites.net\/wp-content\/uploads\/2015\/05\/online-casino.jpg","datePublished":"2016-03-11T10:47:51+00:00","dateModified":"2019-11-21T17:29:11+00:00","description":"Si te gusta la idea de participar en juegos de casinos online con dinero real, echa un vistazo a nuestro exclusivo cat\u00e1logo y prep\u00e1rate para disfrutar de lo mejor.","breadcrumb":{"@id":"https:\/\/www.top10casinowebsites.net\/es\/las-10-mejores-paginas-web-de-casinos-con-dinero-real#breadcrumb"},"inLanguage":"en-US","potentialAction":[{"@type":"ReadAction","target":["https:\/\/www.top10casinowebsites.net\/es\/las-10-mejores-paginas-web-de-casinos-con-dinero-real"]}]},{"@type":"ImageObject","inLanguage":"en-US","@id":"https:\/\/www.top10casinowebsites.net\/es\/las-10-mejores-paginas-web-de-casinos-con-dinero-real#primaryimage","url":"https:\/\/www.top10casinowebsites.net\/wp-content\/uploads\/2015\/05\/online-casino.jpg","contentUrl":"https:\/\/www.top10casinowebsites.net\/wp-content\/uploads\/2015\/05\/online-casino.jpg"},{"@type":"BreadcrumbList","@id":"https:\/\/www.top10casinowebsites.net\/es\/las-10-mejores-paginas-web-de-casinos-con-dinero-real#breadcrumb","itemListElement":[{"@type":"ListItem","position":1,"name":"Home","item":"https:\/\/www.top10casinowebsites.net\/es\/"},{"@type":"ListItem","position":2,"name":"Las 10 mejores p\u00e1ginas web de casinos con dinero real por Top 10 Casino Websites"}]},{"@type":"WebSite","@id":"https:\/\/www.top10casinowebsites.net\/es\/#website","url":"https:\/\/www.top10casinowebsites.net\/es\/","name":"ES","description":"","potentialAction":[{"@type":"SearchAction","target":{"@type":"EntryPoint","urlTemplate":"https:\/\/www.top10casinowebsites.net\/es\/?s={search_term_string}"},"query-input":{"@type":"PropertyValueSpecification","valueRequired":true,"valueName":"search_term_string"}}],"inLanguage":"en-US"}]}},"_links":{"self":[{"href":"https:\/\/www.top10casinowebsites.net\/es\/wp-json\/wp\/v2\/pages\/1169","targetHints":{"allow":["GET"]}}],"collection":[{"href":"https:\/\/www.top10casinowebsites.net\/es\/wp-json\/wp\/v2\/pages"}],"about":[{"href":"https:\/\/www.top10casinowebsites.net\/es\/wp-json\/wp\/v2\/types\/page"}],"author":[{"embeddable":true,"href":"https:\/\/www.top10casinowebsites.net\/es\/wp-json\/wp\/v2\/users\/4"}],"replies":[{"embeddable":true,"href":"https:\/\/www.top10casinowebsites.net\/es\/wp-json\/wp\/v2\/comments?post=1169"}],"version-history":[{"count":2,"href":"https:\/\/www.top10casinowebsites.net\/es\/wp-json\/wp\/v2\/pages\/1169\/revisions"}],"predecessor-version":[{"id":1823,"href":"https:\/\/www.top10casinowebsites.net\/es\/wp-json\/wp\/v2\/pages\/1169\/revisions\/1823"}],"wp:attachment":[{"href":"https:\/\/www.top10casinowebsites.net\/es\/wp-json\/wp\/v2\/media?parent=1169"}],"curies":[{"name":"wp","href":"https:\/\/api.w.org\/{rel}","templated":true}]}}