{"id":141,"date":"2016-01-25T11:12:50","date_gmt":"2016-01-25T11:12:50","guid":{"rendered":"http:\/\/www.top10casinowebsites.net\/?page_id=141"},"modified":"2017-10-06T15:01:14","modified_gmt":"2017-10-06T15:01:14","slug":"casinos-en-vivo","status":"publish","type":"page","link":"https:\/\/www.top10casinowebsites.net\/es\/casinos-en-vivo","title":{"rendered":"Casinos en vivo \u2013 casinos en directo con crupieres reales"},"content":{"rendered":"<p><img decoding=\"async\" class=\"alignleft size-full wp-image-1752\" src=\"https:\/\/www.top10casinowebsites.net\/wp-content\/uploads\/2016\/01\/live-casino-dealer.jpg\" alt=\"\" width=\"300\" \/>\u00bfQuieres experimentar la sensaci\u00f3n de disfrutar de juegos de mesa y cartas como lo hacen los usuarios de casinos f\u00edsicos sin la necesidad de desplazarte a ninguno de estos inmuebles? Gracias a los avances tecnol\u00f3gicos, ya no tendr\u00e1s que abandonar el confort de tu casa para deleitarte de una experiencia como esta.<\/p>\n<p><strong>Top 10 Casino Websites<\/strong> cuenta con un cat\u00e1logo de los mejores casinos en vivo con los que poder disfrutar de una experiencia \u00fanica de forma relajada desde donde te encuentres, dejando que la tecnolog\u00eda haga todo el trabajo.<\/p>\n<p>Para ello, nuestros expertos se pusieron manos a la obra y no se detuvieron hasta encontrar los mejores casinos en directo de toda la red, cuya principal misi\u00f3n es la de ofrecer una pr\u00e1ctica lo m\u00e1s cercana posible a la de un casino real.<\/p>\n<h2>Mejores p\u00e1ginas de casinos en vivo<\/h2>\n<div class=\"grid-contents\" id=\"grid-contents\"><table class=\"cas_table\" ><tbody><tr class=\"rank-1\">\n                                <td class=\"ranking\">1<\/td>\n                                <td class=\"brandcol\">\n                                    <a href=https:\/\/www.top10casinowebsites.net\/es\/review\/888-casino class=\"brand brand-bg\"><img loading=\"lazy\" decoding=\"async\" class=\"group list-group-image\" src=\"https:\/\/static.top10casinowebsites.net\/images\/casino-rooms\/888-casino-logo.png\" width=\"200\" height=\"128\"\/><\/a>\n                                <\/td>\n                                <td class=\"bonus\" data-title=\"Bonus\">\n\t\t\t\t\t               <p class=\"bonus-text\"><strong>$888<\/strong>Welcome Bonus <br>(<a href=\"https:\/\/www.top10casinowebsites.net\/es\/review\/888-casino\">T&Cs apply, 18+<\/a>)<\/p>\n\t\t\t\t                <\/td>\n\t\t\t\t\t            <td class=\"badge_game\" data-title=\"Rating\">\n                                    <div class=\"rating\"><strong>5<\/strong>\/5<\/div>\n                                    <div class=\"rating stars\" style=\"margin-top: 5px;\"><span class=\"icon icon-stars\"><span class=\"icon-stars green\" style=\"width: 100%;\"><\/span><\/span><\/div>\n\t\t\t\t\t            <\/td>\n                               \n                                <td class=\"play\">\n\t\t\t\t\t               <a class=\"button-gold\" rel=\"nofollow\" href=\"https:\/\/www.top10casinowebsites.net\/es\/review\/888-casino\">Visit<\/a>\n\t                               <div class=\"\">\n\t\t\t\t\t                   <a class=\"review-snippet-link-play-now-col\" href=\"https:\/\/www.top10casinowebsites.net\/es\/review\/888-casino\">Read Review<\/a>\n\t\t\t\t\t               <\/div>\n\t\t\t\t\t           <\/td>\n     \t\t\t\t        <\/tr><\/tbody><\/table><\/div>\n<p>As\u00ed que, si est\u00e1s preparado para experimentar el mundo de los crupieres reales, es el momento de comenzar. Hemos creado una lista con los mejores casinos con crupieres reales, que son aquellos que ofrecen las siguientes ventajas:<\/p>\n<ul>\n<li>Una interfaz amigable con los mejores distribuidores de juegos con \u00b4dealers\u00b4 en vivo.<\/li>\n<li>Retransmisi\u00f3n en directo en alta definici\u00f3n con crupieres y repartidores profesionales.<\/li>\n<li>Sofisticados software que te permiten apostar desde cualquier parte con tu Smartphone o Tableta.<\/li>\n<li>Los mejores juegos con crupieres reales incluyendo: <a href=\"\/es\/casinos-en-vivo\/blackjack\">Blackjack<\/a>, <a href=\"\/es\/casinos-en-vivo\/ruleta\">Ruleta<\/a>, <a href=\"\/es\/casinos-en-vivo\/bacara\">Bacar\u00e1<\/a> y <a href=\"\/es\/casinos-en-vivo\/casino-holdem\">Casino Hold\u00b4em<\/a>.<\/li>\n<\/ul>\n<p>Si eres un jugador que disfruta con experiencias \u00fanicas y amante de las emociones que se viven en los casinos f\u00edsicos, entonces Top 10 Casino Websites es la p\u00e1gina que estabas buscando.<\/p>\n<h2>\u00bfC\u00f3mo funcionan los casinos con crupieres reales?<\/h2>\n<p><img loading=\"lazy\" decoding=\"async\" class=\"alignleft size-full\" src=\"https:\/\/static.top10casinowebsites.net\/images\/icons\/help-and-tips.png\" alt=\"\" width=\"128\" height=\"128\" \/>Los casinos con crupieres reales son una de las innovaciones m\u00e1s importantes de la industria de las apuestas online y han visto la luz gracias a proveedores de software de fama internacional como <strong>Microgaming, <a href=\"https:\/\/www.evolutiongaming.com\/\">Evolution Gaming<\/a>, Playtech y <a href=\"http:\/\/netent.com\/\">Net Enterntainment<\/a><\/strong>.<\/p>\n<p>El desarrollo de los juegos se retransmite en directo desde los estudios de los proveedores y se llevan a cabo en un entorno de casino real, con crupieres reales que se encargan de dirigir el juego en vez de hacerse con un software. En muchos casos, algunos juegos se retransmiten en vivo desde un casino f\u00edsico.<\/p>\n<p>De esta forma, tienes la oportunidad de interactuar con el crupier y otros jugadores y apostar tal y como lo har\u00edas en un casino real. Si juegas al Blackjack, el crupier se encargar\u00e1 de barajar y repartir las cartas, mientras que si juegas a la Ruleta, esta persona se ocupar\u00e1 de girar la rueda y lanzar la bola.<\/p>\n<p><strong>Evolution Gaming<\/strong><\/p>\n<p>Para disfrutar de estos juegos, simplemente elije el tipo de apuesta y la cantidad y deja que el distribuidor haga el resto. Dependiendo de la mesa de juego en la que participes tendr\u00e1s la opci\u00f3n de a\u00f1adir o quitar fichas a tu apuesta.<\/p>\n<p>Podr\u00e1s adem\u00e1s ver c\u00f3modamente desde tu casa c\u00f3mo se desarrolla el juego y, lo que es m\u00e1s interesante, apostar a m\u00faltiples juegos al mismo tiempo. Prep\u00e1rate para emociones fuertes, porque la emisi\u00f3n en directo del juego contiene toda la emoci\u00f3n que un casino real pueda ofrecer.<\/p>\n<h2>La interfaz de usuario<\/h2>\n<p><img loading=\"lazy\" decoding=\"async\" class=\"alignleft size-full\" src=\"https:\/\/static.top10casinowebsites.net\/images\/icons\/help-and-tips.png\" alt=\"\" width=\"128\" height=\"128\" \/>Una vez haz depositado los fondos en tu cuenta de casino, puedes dirigirte a la secci\u00f3n de casinos con crupieres en directo al instante. Los crupieres reales te estar\u00e1n esperando para que disfrutes de juegos de forma individual o con otros jugadores (multijugador)<\/p>\n<p>Normalmente, la interfaz de esta secci\u00f3n con crupieres en vivo cuenta con dos modos de visualizaci\u00f3n:<\/p>\n<p><strong>Vista del juego<\/strong>: en esta vista, la pantalla del video es m\u00e1s peque\u00f1a. Podr\u00e1s observarlo en la parte superior de la pantalla junto con un tablero con tu historial, las estad\u00edsticas del juego y la informaci\u00f3n del crupier a cada lado. La interfaz de las apuestas se encuentra en la parte inferior de la pantalla, donde podr\u00e1s modificar la cantidad apostada.<\/p>\n<p><strong>Vista del casino<\/strong>: la secuencia de video cubre la pantalla con una vista completa de la mesa y el \u00b4dealer\u00b4. El historial de apuestas, las estad\u00edsticas del juego y la informaci\u00f3n relativa al crupier se encuentran en ambas esquinas de la pantalla.<\/p>\n<p>Ambas vistas poseen una interfaz que permite realizar las apuestas de manera sencilla. En Blackjack, Baccarat y Casino Hold\u00b4em, los jugadores suelen tener de entre 10 a 15 segundos para hacer su apuesta, para hacerlo en la ruleta dispondr\u00e1n de unos 40 segundos. En muchos casos, hay casinos permiten participar de forma simult\u00e1nea a 2 o m\u00e1s juegos.<\/p>\n<h2>Los beneficios de los casinos con crupieres en vivo<\/h2>\n<p><img loading=\"lazy\" decoding=\"async\" class=\"alignleft size-full\" src=\"https:\/\/static.top10casinowebsites.net\/images\/icons\/help-and-tips.png\" alt=\"\" width=\"128\" height=\"128\" \/>Nuestros expertos de Top 10 Casino Websites recomiendan que juegues a un casino con crupieres en vivo al menos una vez. De esta forma, podr\u00e1s explorar la gran cantidad de beneficios que este tipo de juegos poseen en relaci\u00f3n con el resto de versiones. Entre otras, los usuarios disfrutar\u00e1n de las siguientes ventajas:<\/p>\n<ul>\n<li>Disfruta de elementos visuales y sonoros al igual que si estuvieras en un casino f\u00edsico pero desde la comodidad de tu hogar.<\/li>\n<li>Juega con equipamiento de casino real.<\/li>\n<li>Elije el crupier profesional que prefieras.<\/li>\n<li>Selecciona la mesa de juego que mejor se adapte a tu bolsa.<\/li>\n<li>Utiliza la opci\u00f3n \u00b4bet behind\u00b4 cuando m\u00e1s te interese.<\/li>\n<\/ul>\n<h2>Preguntas frecuentes para casinos con crupieres en directo<\/h2>\n<div class='dt-sc-toggle-frame-set'><div class=\"dt-sc-toggle-frame\">\t<h5 class='dt-sc-toggle-accordion '><a href='#'>1. \u00bfD\u00f3nde puedo encontrar los mejores juegos de casino con crupieres en vivo?<\/a><\/h5>\t<div class=\"dt-sc-toggle-content\" style=\"display: none;\">\t\t<div class=\"block\">Realmente no tienes que buscar m\u00e1s all\u00e1 de Top 10 Casino Websites. Aqu\u00ed mismo encontrar\u00e1s muchos de los mejores casinos con crupieres en vivo de todo internet. Adem\u00e1s, est\u00e1s p\u00e1ginas de casinos online suelen mostrar un enlace en la secci\u00f3n de crupieres en directo en su p\u00e1gina de inicio.\t\t<\/div>\t<\/div><\/div>\n<div class=\"dt-sc-toggle-frame\">\t<h5 class='dt-sc-toggle-accordion '><a href='#'>2. \u00bfCu\u00e1les son los juegos con crupieres en directo m\u00e1s populares?<\/a><\/h5>\t<div class=\"dt-sc-toggle-content\" style=\"display: none;\">\t\t<div class=\"block\">En la actualidad, el Blackjack y la Ruleta son los juegos m\u00e1s atrayentes para los usuarios de casinos con \u00b4dealers\u00b4 en vivo. Esto se debe principalmente a que sus reglas son f\u00e1ciles de aprender. Adem\u00e1s, la ventaja de la casa en ambos juegos es m\u00e1s baja, lo que ofrece mayores opciones de ganar a los usuarios. Bacar\u00e1, Casino Hold\u00b4em y 3 Card Poker son otras de las alternativas m\u00e1s jugadas.\t\t<\/div>\t<\/div><\/div>\n<div class=\"dt-sc-toggle-frame\">\t<h5 class='dt-sc-toggle-accordion '><a href='#'>3. \u00bfQu\u00e9 cantidad tengo que apostar para poder jugar a estos casinos con crupieres reales?<\/a><\/h5>\t<div class=\"dt-sc-toggle-content\" style=\"display: none;\">\t\t<div class=\"block\">Las apuestas m\u00ednimas y m\u00e1ximas suelen variar de un juego a otro. El Blackjack suele tener una apuesta m\u00ednima de 25\u20ac y un m\u00e1ximo de 500\u20ac por mano. La ruleta comienza con una apuesta reducida de 0.5\u20ac y una tope de 10\u20ac, aunque puede haber l\u00edmites muchos m\u00e1s altos dependiendo de la modalidad a la que se juegue.<\/p>\n<p>Por otro lado, la apuesta m\u00ednima para Bacar\u00e1 suele ser de 10\u20ac y de 500\u20ac como m\u00e1ximo. En el P\u00f3ker, el jugador puede ir con una apuesta desde 1\u20ac hasta 2.500\u20ac.\t\t<\/div>\t<\/div><\/div>\n<div class=\"dt-sc-toggle-frame\">\t<h5 class='dt-sc-toggle-accordion '><a href='#'>4. \u00bfC\u00f3mo me uno a una mesa?<\/a><\/h5>\t<div class=\"dt-sc-toggle-content\" style=\"display: none;\">\t\t<div class=\"block\">Una vez tu cuenta tiene los fondos suficientes para participar, basta con dirigirte a la secci\u00f3n de casinos con crupieres en vivo de tu p\u00e1gina favorita, seleccionar la mesa en la que quieres jugar y realizar tu apuesta.\t\t<\/div>\t<\/div><\/div>\n<div class=\"dt-sc-toggle-frame\">\t<h5 class='dt-sc-toggle-accordion '><a href='#'>5. \u00bfEst\u00e1n estos juegos disponibles para dispositivos m\u00f3viles?<\/a><\/h5>\t<div class=\"dt-sc-toggle-content\" style=\"display: none;\">\t\t<div class=\"block\">S\u00ed, la mayor\u00eda de casino que posee una secci\u00f3n de juegos con crupieres en directo, ofrece una interfaz compatible con un amplio rango de tel\u00e9fonos m\u00f3viles y tabletas, que incluyen dispositivos <strong>Apple y <a href=\"https:\/\/www.top10casinowebsites.net\/es\/moviles\/android\">Android<\/a><\/strong>.\t\t<\/div>\t<\/div><\/div>\n<div class=\"dt-sc-toggle-frame\">\t<h5 class='dt-sc-toggle-accordion '><a href='#'>6. \u00bfQu\u00e9 conexi\u00f3n a internet necesito?<\/a><\/h5>\t<div class=\"dt-sc-toggle-content\" style=\"display: none;\">\t\t<div class=\"block\">Una conexi\u00f3n razonablemente r\u00e1pida, como la banda ancha o <a href=\"https:\/\/es.wikipedia.org\/wiki\/4G\">conexi\u00f3n 4G<\/a> en el caso que quieras jugar desde tu dispositivo m\u00f3vil, es suficientes para disfrutar de los juegos de casino con crupieres en vivo.\t\t<\/div>\t<\/div><\/div>\n<div class=\"dt-sc-toggle-frame\">\t<h5 class='dt-sc-toggle-accordion '><a href='#'>7. \u00bfTengo que descargar alg\u00fan software para jugar?<\/a><\/h5>\t<div class=\"dt-sc-toggle-content\" style=\"display: none;\">\t\t<div class=\"block\">Esto depender\u00e1 del casino online en el que vayas a participar. La mayor\u00eda de las p\u00e1ginas te permiten jugar directamente desde el navegador, mientras que en otras no tendr\u00e1s m\u00e1s remedio que descargar el software pertinente.\t\t<\/div>\t<\/div><\/div>\n<div class=\"dt-sc-toggle-frame\">\t<h5 class='dt-sc-toggle-accordion '><a href='#'>8. \u00bfQu\u00e9 pasa si mi conexi\u00f3n a internet se desconecta mientras estoy jugando?<\/a><\/h5>\t<div class=\"dt-sc-toggle-content\" style=\"display: none;\">\t\t<div class=\"block\">La mayor\u00eda de casinos tiene su propia pol\u00edtica de desconexi\u00f3n, as\u00ed que es necesario que leas los t\u00e9rminos y condiciones de la p\u00e1gina en la que juegues previamente. Tambi\u00e9n existe la posibilidad de ponerse en contacto con el servicio de atenci\u00f3n al cliente antes de jugar y dilucidar dicha inc\u00f3gnita.<\/p>\n<p>En la mayor\u00eda de los casos, el saldo, que incluye lo que el jugador gan\u00f3 y perdi\u00f3 durante la jugada de la desconexi\u00f3n, se reflejar\u00e1 en la cuenta de usuario cuando vuelva la conexi\u00f3n.\t\t<\/div>\t<\/div><\/div><\/div>\n","protected":false},"excerpt":{"rendered":"<p>\u00bfQuieres experimentar la sensaci\u00f3n de disfrutar de juegos de mesa y cartas como lo hacen los usuarios de casinos f\u00edsicos sin la necesidad de desplazarte a ninguno de estos inmuebles? Gracias a los avances tecnol\u00f3gicos, ya no tendr\u00e1s que abandonar el confort de tu casa para deleitarte de una experiencia como esta. Top 10 Casino [&hellip;]<\/p>\n","protected":false},"author":4,"featured_media":0,"parent":0,"menu_order":0,"comment_status":"closed","ping_status":"closed","template":"","meta":{"_acf_changed":false,"footnotes":""},"class_list":["post-141","page","type-page","status-publish","hentry"],"acf":[],"yoast_head":"<!-- This site is optimized with the Yoast SEO plugin v27.4 - https:\/\/yoast.com\/product\/yoast-seo-wordpress\/ -->\n<title>Casinos en vivo \u2013 casinos en directo con crupieres reales<\/title>\n<meta name=\"description\" content=\"Encuentra la lista de los mejores casinos en vivo donde jugar a cientos de juegos en directo y con los que disfrutar\u00e1s de una experiencia casi real.\" \/>\n<meta name=\"robots\" content=\"index, follow, max-snippet:-1, max-image-preview:large, max-video-preview:-1\" \/>\n<link rel=\"canonical\" href=\"https:\/\/www.top10casinowebsites.net\/es\/casinos-en-vivo\" \/>\n<meta property=\"og:locale\" content=\"en_US\" \/>\n<meta property=\"og:type\" content=\"article\" \/>\n<meta property=\"og:title\" content=\"Casinos en vivo \u2013 casinos en directo con crupieres reales\" \/>\n<meta property=\"og:description\" content=\"Encuentra la lista de los mejores casinos en vivo donde jugar a cientos de juegos en directo y con los que disfrutar\u00e1s de una experiencia casi real.\" \/>\n<meta property=\"og:url\" content=\"https:\/\/www.top10casinowebsites.net\/es\/casinos-en-vivo\" \/>\n<meta property=\"og:site_name\" content=\"ES\" \/>\n<meta property=\"article:modified_time\" content=\"2017-10-06T15:01:14+00:00\" \/>\n<meta name=\"twitter:card\" content=\"summary_large_image\" \/>\n<meta name=\"twitter:label1\" content=\"Est. reading time\" \/>\n\t<meta name=\"twitter:data1\" content=\"8 minutes\" \/>\n<script type=\"application\/ld+json\" class=\"yoast-schema-graph\">{\"@context\":\"https:\\\/\\\/schema.org\",\"@graph\":[{\"@type\":\"WebPage\",\"@id\":\"https:\\\/\\\/www.top10casinowebsites.net\\\/es\\\/casinos-en-vivo\",\"url\":\"https:\\\/\\\/www.top10casinowebsites.net\\\/es\\\/casinos-en-vivo\",\"name\":\"Casinos en vivo \u2013 casinos en directo con crupieres reales\",\"isPartOf\":{\"@id\":\"https:\\\/\\\/www.top10casinowebsites.net\\\/es\\\/#website\"},\"primaryImageOfPage\":{\"@id\":\"https:\\\/\\\/www.top10casinowebsites.net\\\/es\\\/casinos-en-vivo#primaryimage\"},\"image\":{\"@id\":\"https:\\\/\\\/www.top10casinowebsites.net\\\/es\\\/casinos-en-vivo#primaryimage\"},\"thumbnailUrl\":\"https:\\\/\\\/www.top10casinowebsites.net\\\/wp-content\\\/uploads\\\/2016\\\/01\\\/live-casino-dealer.jpg\",\"datePublished\":\"2016-01-25T11:12:50+00:00\",\"dateModified\":\"2017-10-06T15:01:14+00:00\",\"description\":\"Encuentra la lista de los mejores casinos en vivo donde jugar a cientos de juegos en directo y con los que disfrutar\u00e1s de una experiencia casi real.\",\"breadcrumb\":{\"@id\":\"https:\\\/\\\/www.top10casinowebsites.net\\\/es\\\/casinos-en-vivo#breadcrumb\"},\"inLanguage\":\"en-US\",\"potentialAction\":[{\"@type\":\"ReadAction\",\"target\":[\"https:\\\/\\\/www.top10casinowebsites.net\\\/es\\\/casinos-en-vivo\"]}]},{\"@type\":\"ImageObject\",\"inLanguage\":\"en-US\",\"@id\":\"https:\\\/\\\/www.top10casinowebsites.net\\\/es\\\/casinos-en-vivo#primaryimage\",\"url\":\"https:\\\/\\\/www.top10casinowebsites.net\\\/wp-content\\\/uploads\\\/2016\\\/01\\\/live-casino-dealer.jpg\",\"contentUrl\":\"https:\\\/\\\/www.top10casinowebsites.net\\\/wp-content\\\/uploads\\\/2016\\\/01\\\/live-casino-dealer.jpg\"},{\"@type\":\"BreadcrumbList\",\"@id\":\"https:\\\/\\\/www.top10casinowebsites.net\\\/es\\\/casinos-en-vivo#breadcrumb\",\"itemListElement\":[{\"@type\":\"ListItem\",\"position\":1,\"name\":\"Home\",\"item\":\"https:\\\/\\\/www.top10casinowebsites.net\\\/es\\\/\"},{\"@type\":\"ListItem\",\"position\":2,\"name\":\"Casinos en vivo \u2013 casinos en directo con crupieres reales\"}]},{\"@type\":\"WebSite\",\"@id\":\"https:\\\/\\\/www.top10casinowebsites.net\\\/es\\\/#website\",\"url\":\"https:\\\/\\\/www.top10casinowebsites.net\\\/es\\\/\",\"name\":\"ES\",\"description\":\"\",\"potentialAction\":[{\"@type\":\"SearchAction\",\"target\":{\"@type\":\"EntryPoint\",\"urlTemplate\":\"https:\\\/\\\/www.top10casinowebsites.net\\\/es\\\/?s={search_term_string}\"},\"query-input\":{\"@type\":\"PropertyValueSpecification\",\"valueRequired\":true,\"valueName\":\"search_term_string\"}}],\"inLanguage\":\"en-US\"}]}<\/script>\n<!-- \/ Yoast SEO plugin. -->","yoast_head_json":{"title":"Casinos en vivo \u2013 casinos en directo con crupieres reales","description":"Encuentra la lista de los mejores casinos en vivo donde jugar a cientos de juegos en directo y con los que disfrutar\u00e1s de una experiencia casi real.","robots":{"index":"index","follow":"follow","max-snippet":"max-snippet:-1","max-image-preview":"max-image-preview:large","max-video-preview":"max-video-preview:-1"},"canonical":"https:\/\/www.top10casinowebsites.net\/es\/casinos-en-vivo","og_locale":"en_US","og_type":"article","og_title":"Casinos en vivo \u2013 casinos en directo con crupieres reales","og_description":"Encuentra la lista de los mejores casinos en vivo donde jugar a cientos de juegos en directo y con los que disfrutar\u00e1s de una experiencia casi real.","og_url":"https:\/\/www.top10casinowebsites.net\/es\/casinos-en-vivo","og_site_name":"ES","article_modified_time":"2017-10-06T15:01:14+00:00","twitter_card":"summary_large_image","twitter_misc":{"Est. reading time":"8 minutes"},"schema":{"@context":"https:\/\/schema.org","@graph":[{"@type":"WebPage","@id":"https:\/\/www.top10casinowebsites.net\/es\/casinos-en-vivo","url":"https:\/\/www.top10casinowebsites.net\/es\/casinos-en-vivo","name":"Casinos en vivo \u2013 casinos en directo con crupieres reales","isPartOf":{"@id":"https:\/\/www.top10casinowebsites.net\/es\/#website"},"primaryImageOfPage":{"@id":"https:\/\/www.top10casinowebsites.net\/es\/casinos-en-vivo#primaryimage"},"image":{"@id":"https:\/\/www.top10casinowebsites.net\/es\/casinos-en-vivo#primaryimage"},"thumbnailUrl":"https:\/\/www.top10casinowebsites.net\/wp-content\/uploads\/2016\/01\/live-casino-dealer.jpg","datePublished":"2016-01-25T11:12:50+00:00","dateModified":"2017-10-06T15:01:14+00:00","description":"Encuentra la lista de los mejores casinos en vivo donde jugar a cientos de juegos en directo y con los que disfrutar\u00e1s de una experiencia casi real.","breadcrumb":{"@id":"https:\/\/www.top10casinowebsites.net\/es\/casinos-en-vivo#breadcrumb"},"inLanguage":"en-US","potentialAction":[{"@type":"ReadAction","target":["https:\/\/www.top10casinowebsites.net\/es\/casinos-en-vivo"]}]},{"@type":"ImageObject","inLanguage":"en-US","@id":"https:\/\/www.top10casinowebsites.net\/es\/casinos-en-vivo#primaryimage","url":"https:\/\/www.top10casinowebsites.net\/wp-content\/uploads\/2016\/01\/live-casino-dealer.jpg","contentUrl":"https:\/\/www.top10casinowebsites.net\/wp-content\/uploads\/2016\/01\/live-casino-dealer.jpg"},{"@type":"BreadcrumbList","@id":"https:\/\/www.top10casinowebsites.net\/es\/casinos-en-vivo#breadcrumb","itemListElement":[{"@type":"ListItem","position":1,"name":"Home","item":"https:\/\/www.top10casinowebsites.net\/es\/"},{"@type":"ListItem","position":2,"name":"Casinos en vivo \u2013 casinos en directo con crupieres reales"}]},{"@type":"WebSite","@id":"https:\/\/www.top10casinowebsites.net\/es\/#website","url":"https:\/\/www.top10casinowebsites.net\/es\/","name":"ES","description":"","potentialAction":[{"@type":"SearchAction","target":{"@type":"EntryPoint","urlTemplate":"https:\/\/www.top10casinowebsites.net\/es\/?s={search_term_string}"},"query-input":{"@type":"PropertyValueSpecification","valueRequired":true,"valueName":"search_term_string"}}],"inLanguage":"en-US"}]}},"_links":{"self":[{"href":"https:\/\/www.top10casinowebsites.net\/es\/wp-json\/wp\/v2\/pages\/141","targetHints":{"allow":["GET"]}}],"collection":[{"href":"https:\/\/www.top10casinowebsites.net\/es\/wp-json\/wp\/v2\/pages"}],"about":[{"href":"https:\/\/www.top10casinowebsites.net\/es\/wp-json\/wp\/v2\/types\/page"}],"author":[{"embeddable":true,"href":"https:\/\/www.top10casinowebsites.net\/es\/wp-json\/wp\/v2\/users\/4"}],"replies":[{"embeddable":true,"href":"https:\/\/www.top10casinowebsites.net\/es\/wp-json\/wp\/v2\/comments?post=141"}],"version-history":[{"count":2,"href":"https:\/\/www.top10casinowebsites.net\/es\/wp-json\/wp\/v2\/pages\/141\/revisions"}],"predecessor-version":[{"id":2160,"href":"https:\/\/www.top10casinowebsites.net\/es\/wp-json\/wp\/v2\/pages\/141\/revisions\/2160"}],"wp:attachment":[{"href":"https:\/\/www.top10casinowebsites.net\/es\/wp-json\/wp\/v2\/media?parent=141"}],"curies":[{"name":"wp","href":"https:\/\/api.w.org\/{rel}","templated":true}]}}