{"id":145,"date":"2016-01-25T11:14:02","date_gmt":"2016-01-25T11:14:02","guid":{"rendered":"http:\/\/www.top10casinowebsites.net\/?page_id=145"},"modified":"2017-10-06T13:59:52","modified_gmt":"2017-10-06T13:59:52","slug":"moviles","status":"publish","type":"page","link":"https:\/\/www.top10casinowebsites.net\/es\/moviles","title":{"rendered":"Mejores casinos para dispositivos m\u00f3viles iOs, Android, Blackberry y Windows"},"content":{"rendered":"<h2>CASINOS M\u00d3VILES \u2013 LA NUEVA ERA DE LAS APUESTAS<\/h2>\n<p><img decoding=\"async\" class=\"alignright size-full wp-image-116\" src=\"https:\/\/www.top10casinowebsites.net\/wp-content\/uploads\/2016\/01\/mobile-platforms.jpg\" alt=\"Mobile Platforms\" width=\"260\" \/>A\u00f1os atr\u00e1s, si quer\u00edas participar en cualquiera de tus juegos de casino favoritos, no quedaba otra opci\u00f3n m\u00e1s all\u00e1 de la de desplazarte hasta una sala f\u00edsica y disfrutar en ella de los juegos de tu elecci\u00f3n. Sin embargo, gracias a los innovadores <a href=\"\/es\/casinos\">casinos online con dinero real<\/a>, hoy en d\u00eda los aficionados a este tipo de ocio ya pueden disfrutar de los mejores juegos de azar desde la comodidad de su hogar de la forma m\u00e1s sencilla.<\/p>\n<p>Los casinos online ofrecen una excelente interfaz de juego para ordenadores y port\u00e1tiles. Sin embargo, el jugador no siempre puede acceder a estos aparatos electr\u00f3nicos. Es por esta raz\u00f3n, que los operadores de casinos en l\u00ednea han continuado trabajando para desarrollar un sistema de juego totalmente compatible con otros dispositivos que puedan usarse en cualquier lugar, esto es: los tel\u00e9fonos m\u00f3viles y Tabletas.<\/p>\n<p>Desde el momento en el que nos levantamos, hasta que nos volvemos a meter en la cama, nuestro Smartphone es parte importante de nuestro d\u00eda a d\u00eda. Es por esta raz\u00f3n por la que muchas p\u00e1ginas de casino han puesto todos sus esfuerzos en crear versiones m\u00f3viles de sus websites en la que poder jugar de forma c\u00f3moda y segura desde cualquier sitio.<\/p>\n<h2>Mejores p\u00e1ginas de casino para m\u00f3viles<\/h2>\n<div class=\"grid-contents\" id=\"grid-contents\"><table class=\"cas_table\" ><tbody><tr class=\"rank-1\">\n                                <td class=\"ranking\">1<\/td>\n                                <td class=\"brandcol\">\n                                    <a href=https:\/\/www.top10casinowebsites.net\/es\/review\/888-casino class=\"brand brand-bg\"><img loading=\"lazy\" decoding=\"async\" class=\"group list-group-image\" src=\"https:\/\/static.top10casinowebsites.net\/images\/casino-rooms\/888-casino-logo.png\" width=\"200\" height=\"128\"\/><\/a>\n                                <\/td>\n                                <td class=\"bonus\" data-title=\"Bonus\">\n\t\t\t\t\t               <p class=\"bonus-text\"><strong>$888<\/strong>Welcome Bonus <br>(<a href=\"https:\/\/www.top10casinowebsites.net\/es\/review\/888-casino\">T&Cs apply, 18+<\/a>)<\/p>\n\t\t\t\t                <\/td>\n\t\t\t\t\t            <td class=\"badge_game\" data-title=\"Rating\">\n                                    <div class=\"rating\"><strong>5<\/strong>\/5<\/div>\n                                    <div class=\"rating stars\" style=\"margin-top: 5px;\"><span class=\"icon icon-stars\"><span class=\"icon-stars green\" style=\"width: 100%;\"><\/span><\/span><\/div>\n\t\t\t\t\t            <\/td>\n                               \n                                <td class=\"play\">\n\t\t\t\t\t               <a class=\"button-gold\" rel=\"nofollow\" href=\"https:\/\/www.top10casinowebsites.net\/es\/review\/888-casino\">Visit<\/a>\n\t                               <div class=\"\">\n\t\t\t\t\t                   <a class=\"review-snippet-link-play-now-col\" href=\"https:\/\/www.top10casinowebsites.net\/es\/review\/888-casino\">Read Review<\/a>\n\t\t\t\t\t               <\/div>\n\t\t\t\t\t           <\/td>\n     \t\t\t\t        <\/tr><\/tbody><\/table><\/div>\n<p>Si eres un jugador de casino online habitual, entonces es cuesti\u00f3n de tiempo que consideres la posibilidad de disfrutar de tus juegos preferidos a trav\u00e9s de tu tel\u00e9fono m\u00f3vil, si no lo has hecho ya. Si a\u00fan no tienes experiencia en este tipo de plataforma y est\u00e1s considerando comenzar a utilizarla, te recomendamos que eches un vistazo a nuestra gu\u00eda b\u00e1sica de casinos con dinero real para dispositivos m\u00f3viles, donde aprender\u00e1s todo lo que necesitas saber para sacarle el m\u00e1ximo partido a tu Smartphone. <strong>Top 10 Casino Websites<\/strong> te ofrecer\u00e1 adem\u00e1s un listado con las mejores p\u00e1ginas de casino para tu dispositivo m\u00f3vil o Tablet.<\/p>\n<h2>100% verificados, regulados y fiables<\/h2>\n<p><img loading=\"lazy\" decoding=\"async\" class=\"alignleft size-full\" src=\"https:\/\/static.top10casinowebsites.net\/images\/icons\/licensed-casinos.png\" alt=\"licensed mobile casinos\" width=\"128\" height=\"128\" \/>Algo de lo que puedes estar totalmente seguro, es que cuando seleccionamos cualquier p\u00e1gina para nuestro formar parte de nuestro listado, se trata de casinos m\u00f3vil que est\u00e1n completamente legalizados por las autoridades de nuestro pa\u00eds, por lo que poseen las m\u00e1ximas garant\u00edas de seguridad y fiabilidad.<\/p>\n<p>Para ello, contamos con un equipo de expertos altamente cualificados que selecciona \u00fanicamente aquellos casinos que han pasado una serie de rigurosas pruebas. De esta forma, nos aseguramos que todas las p\u00e1ginas de nuestro cat\u00e1logo se encuentran entre las mejores de internet.<\/p>\n<p>Entre otras muchas cosas, los casinos de nuestro listado te garantizan las siguientes ventajas:<\/p>\n<ul class=\"tick\">\n<li>A trav\u00e9s de la tecnolog\u00eda de generaci\u00f3n de n\u00fameros aleatorios, todos los juegos que se encuentran en nuestra lista garantizan unos resultados 100% dependientes del azar.<\/li>\n<li>Una amplia colecci\u00f3n de juegos de azar que va desde la famosa Ruleta hasta el BlackJack, pasando por las Tragaperras.<\/li>\n<li>Una interesante gama de apuestas, que va desde m\u00ednimas inversiones hasta otras que podr\u00edan hacerte ganar mucho dinero.<\/li>\n<li>Excelentes bonos, promociones y programas de fidelidad que incrementar\u00e1n el saldo de tu cuenta de forma considerable<\/li>\n<\/ul>\n<h2>Compatibilidad: m\u00f3viles y casinos<\/h2>\n<p><img loading=\"lazy\" decoding=\"async\" class=\"alignleft size-full\" src=\"https:\/\/static.top10casinowebsites.net\/images\/icons\/help-and-tips.png\" alt=\"\" width=\"128\" height=\"128\" \/>Al igual que los port\u00e1tiles y los PC, los tel\u00e9fonos m\u00f3viles y Tabletas poseen poderosos sistemas operativos, capaces de mover grandes cantidades de informaci\u00f3n, como la que requieren los juegos de casino. En algunos casos, el problema reside en la compatibilidad de estos dispositivos con las p\u00e1ginas de casino online. Un casino m\u00f3vil que ha sido codificado y desarrollado para funcionar en tel\u00e9fonos Android, por ejemplo, no podr\u00e1 hacerlo en iOS.<\/p>\n<p>Es por esta raz\u00f3n por la que debemos diferenciar entre las diferentes plataformas existentes y las prestaciones que ofrecen a los usuarios.<\/p>\n<p><strong><a href=\"\/es\/moviles\/android\">Android<\/a><\/strong> &#8211; este sistema operativo es el m\u00e1s popular del planeta. Tradicionalmente, los dispositivos que usaban Android eran mucho m\u00e1s asequibles de adquirir que los tel\u00e9fonos o Tabletas Apple. A pesar de esto, en muchos casos, Android ofrece un rendimiento de alta gama en cuanto a prestaciones relacionadas con su software.<\/p>\n<p>Esto quiere decir que no tendr\u00e1s ning\u00fan problema en encontrar excelentes casinos para Android, ya que existen decenas de ellos disponibles y con los mayores reconocimientos. En este sentido, nos hemos encargado de crear un listado con los mejores casinos para Android, as\u00ed tendr\u00e1s mucho m\u00e1s f\u00e1cil escoger entre tantas opciones.<\/p>\n<p>La ventaja de jugar a cualquiera de las p\u00e1ginas de casino para este sistema operativo es que han sido 100% analizados y poseen la m\u00e1xima certificaci\u00f3n posible, lo que los convierte en la <em>cr\u00e8me de la cr\u00e8me<\/em>.<\/p>\n<p><strong><a href=\"\/es\/moviles\/iphone\">iPhone<\/a>\/<a href=\"\/es\/moviles\/ipad\">iPad<\/a><\/strong> &#8211; iOS es otro de los sistemas operativos m\u00e1s populares del mundo, con una base de clientes muy considerable. De hecho, hay millones de usuarios que utilizan iOS para jugar online a casinos con dinero real.<\/p>\n<p>Existen dos dispositivos que utilizan este tipo de sistema operativo desarrollado por Apple: iPhone y iPad. Mientras el primero cuenta con la ventaja de tener toda la acci\u00f3n de tu casino favorito en tu tel\u00e9fono m\u00f3vil, el segundo ofrece una experiencia en una pantalla m\u00e1s grande.<\/p>\n<p>Cualquiera que sea tu elecci\u00f3n, estamos seguros que la plataforma de Apple explotar\u00e1 al m\u00e1ximo las prestaciones de tu casino iOS favorito.<\/p>\n<p><strong><a href=\"http:\/\/global.blackberry.com\">Blackberry<\/a><\/strong> &#8211; esta marca fue una de las m\u00e1s populares tiempos atr\u00e1s y, aunque perdi\u00f3 mucha fuerza con la irrupci\u00f3n de otros dispositivos, todav\u00eda tiene algunos adeptos. De hecho, todav\u00eda compite con gigantes como los anteriormente nombrados en la industria de la telefon\u00eda m\u00f3vil. Es por ello, que muchos desarrolladores de juegos no han querido obviar el potencial de Blackberry y han desarrollado casinos m\u00f3viles 100% adaptados a este sistema operativo.<\/p>\n<p><strong><a href=\"\/mobile\/windows\">Windows<\/a><\/strong> &#8211; hablamos del sistema operativo para ordenadores y port\u00e1tiles m\u00e1s popular de todo el mundo, que ahora tambi\u00e9n cuenta con que muchos de sus clientes han migrado a Windows Phone, aprovechando su familiaridad con la firma y su f\u00e1cil uso. Microsoft tambi\u00e9n se asoci\u00f3 con Nokia, que ha creado excelentes dispositivos que utilizan dicha plataforma. As\u00ed pues, tambi\u00e9n son muchas las opciones de casino existentes para este tipo de sistema operativo.<\/p>\n<h2>Navegador vs aplicaci\u00f3n<\/h2>\n<p><img loading=\"lazy\" decoding=\"async\" class=\"alignleft size-full\" src=\"https:\/\/static.top10casinowebsites.net\/images\/icons\/help-and-tips.png\" alt=\"\" width=\"128\" height=\"128\" \/>Existen dos opciones para jugar a los casinos online a trav\u00e9s de estos dispositivos: de forma instant\u00e1nea a trav\u00e9s del navegador de internet que usa el aparato o bien descargando la APP que muchas p\u00e1ginas ofrecen a sus usuarios.<\/p>\n<p>Las aplicaciones se descargan en el tel\u00e9fono m\u00f3vil o Tableta y, una vez instaladas, sirven para jugar, de manera totalmente compatible, al casino online del que queramos disfrutar.<\/p>\n<p>Por otra parte, si preferimos jugar de forma instant\u00e1nea sin descargar ninguna aplicaci\u00f3n, podremos hacerlo utilizando el navegador web, que ofrecer\u00e1 la opci\u00f3n de disfrutar de estos juegos de casino gracias a la tecnolog\u00eda <a href=\"http:\/\/www.w3schools.com\/html\/html5_intro.asp\"><strong>HTML5<\/strong><\/a> y <strong>Flash<\/strong>.<\/p>\n<h2>Preguntas frecuentes de casinos m\u00f3viles<\/h2>\n<div class='dt-sc-toggle-frame-set'><div class=\"dt-sc-toggle-frame\">\t<h5 class='dt-sc-toggle-accordion '><a href='#'>1. \u00bfPuedo jugar desde cualquier lugar?<\/a><\/h5>\t<div class=\"dt-sc-toggle-content\" style=\"display: none;\">\t\t<div class=\"block\">S\u00ed, lo m\u00e1s interesante de usar un dispositivo m\u00f3vil para jugar a tu casino online favorito es poder hacerlo desde cualquier sitio en el que te encuentres. Adem\u00e1s de acompa\u00f1arte donde vayas, tu cuenta de casino m\u00f3vil y te dar\u00e1 la posibilidad de disfrutar de todas las ventajas que se ofrecen a los usuarios de otras plataformas, tales como: realizar dep\u00f3sitos, beneficiarte de bonos, jugar a multitud de juegos, etc.\t\t<\/div>\t<\/div><\/div>\n<div class=\"dt-sc-toggle-frame\">\t<h5 class='dt-sc-toggle-accordion '><a href='#'>2. \u00bfTengo que jugar con dinero real?<\/a><\/h5>\t<div class=\"dt-sc-toggle-content\" style=\"display: none;\">\t\t<div class=\"block\">No es obligatorio jugar con dinero real. Todos los casinos para m\u00f3viles de nuestro listado te ofrecen la posibilidad de jugar de forma gratuita, simplemente por diversi\u00f3n. Adem\u00e1s, estos juegos te pueden servir para practicar y mejorar tus estrategias antes de empezar a jugar con dinero de verdad.\t\t<\/div>\t<\/div><\/div><\/div>\n","protected":false},"excerpt":{"rendered":"<p>CASINOS M\u00d3VILES \u2013 LA NUEVA ERA DE LAS APUESTAS A\u00f1os atr\u00e1s, si quer\u00edas participar en cualquiera de tus juegos de casino favoritos, no quedaba otra opci\u00f3n m\u00e1s all\u00e1 de la de desplazarte hasta una sala f\u00edsica y disfrutar en ella de los juegos de tu elecci\u00f3n. Sin embargo, gracias a los innovadores casinos online con [&hellip;]<\/p>\n","protected":false},"author":4,"featured_media":0,"parent":0,"menu_order":0,"comment_status":"closed","ping_status":"closed","template":"","meta":{"_acf_changed":false,"footnotes":""},"class_list":["post-145","page","type-page","status-publish","hentry"],"acf":[],"yoast_head":"<!-- This site is optimized with the Yoast SEO plugin v25.2 - https:\/\/yoast.com\/wordpress\/plugins\/seo\/ -->\n<title>Mejores casinos para dispositivos m\u00f3viles iOs, Android, Blackberry y Windows<\/title>\n<meta name=\"description\" content=\"Encuentre una lista completa de casinos m\u00f3viles a los que jugar con dinero real y gratis. Disfruta de juegos como la tragamonedas, ruleta, blackjack y m\u00e1s en tu smartphone o tableta.\" \/>\n<meta name=\"robots\" content=\"index, follow, max-snippet:-1, max-image-preview:large, max-video-preview:-1\" \/>\n<link rel=\"canonical\" href=\"https:\/\/www.top10casinowebsites.net\/es\/moviles\" \/>\n<meta property=\"og:locale\" content=\"en_US\" \/>\n<meta property=\"og:type\" content=\"article\" \/>\n<meta property=\"og:title\" content=\"Mejores casinos para dispositivos m\u00f3viles iOs, Android, Blackberry y Windows\" \/>\n<meta property=\"og:description\" content=\"Encuentre una lista completa de casinos m\u00f3viles a los que jugar con dinero real y gratis. Disfruta de juegos como la tragamonedas, ruleta, blackjack y m\u00e1s en tu smartphone o tableta.\" \/>\n<meta property=\"og:url\" content=\"https:\/\/www.top10casinowebsites.net\/es\/moviles\" \/>\n<meta property=\"og:site_name\" content=\"ES\" \/>\n<meta property=\"article:modified_time\" content=\"2017-10-06T13:59:52+00:00\" \/>\n<meta name=\"twitter:card\" content=\"summary_large_image\" \/>\n<meta name=\"twitter:label1\" content=\"Est. reading time\" \/>\n\t<meta name=\"twitter:data1\" content=\"7 minutes\" \/>\n<script type=\"application\/ld+json\" class=\"yoast-schema-graph\">{\"@context\":\"https:\/\/schema.org\",\"@graph\":[{\"@type\":\"WebPage\",\"@id\":\"https:\/\/www.top10casinowebsites.net\/es\/moviles\",\"url\":\"https:\/\/www.top10casinowebsites.net\/es\/moviles\",\"name\":\"Mejores casinos para dispositivos m\u00f3viles iOs, Android, Blackberry y Windows\",\"isPartOf\":{\"@id\":\"https:\/\/www.top10casinowebsites.net\/es\/#website\"},\"primaryImageOfPage\":{\"@id\":\"https:\/\/www.top10casinowebsites.net\/es\/moviles#primaryimage\"},\"image\":{\"@id\":\"https:\/\/www.top10casinowebsites.net\/es\/moviles#primaryimage\"},\"thumbnailUrl\":\"https:\/\/www.top10casinowebsites.net\/wp-content\/uploads\/2016\/01\/mobile-platforms.jpg\",\"datePublished\":\"2016-01-25T11:14:02+00:00\",\"dateModified\":\"2017-10-06T13:59:52+00:00\",\"description\":\"Encuentre una lista completa de casinos m\u00f3viles a los que jugar con dinero real y gratis. Disfruta de juegos como la tragamonedas, ruleta, blackjack y m\u00e1s en tu smartphone o tableta.\",\"breadcrumb\":{\"@id\":\"https:\/\/www.top10casinowebsites.net\/es\/moviles#breadcrumb\"},\"inLanguage\":\"en-US\",\"potentialAction\":[{\"@type\":\"ReadAction\",\"target\":[\"https:\/\/www.top10casinowebsites.net\/es\/moviles\"]}]},{\"@type\":\"ImageObject\",\"inLanguage\":\"en-US\",\"@id\":\"https:\/\/www.top10casinowebsites.net\/es\/moviles#primaryimage\",\"url\":\"https:\/\/www.top10casinowebsites.net\/wp-content\/uploads\/2016\/01\/mobile-platforms.jpg\",\"contentUrl\":\"https:\/\/www.top10casinowebsites.net\/wp-content\/uploads\/2016\/01\/mobile-platforms.jpg\"},{\"@type\":\"BreadcrumbList\",\"@id\":\"https:\/\/www.top10casinowebsites.net\/es\/moviles#breadcrumb\",\"itemListElement\":[{\"@type\":\"ListItem\",\"position\":1,\"name\":\"Home\",\"item\":\"https:\/\/www.top10casinowebsites.net\/es\/\"},{\"@type\":\"ListItem\",\"position\":2,\"name\":\"Mejores casinos para dispositivos m\u00f3viles iOs, Android, Blackberry y Windows\"}]},{\"@type\":\"WebSite\",\"@id\":\"https:\/\/www.top10casinowebsites.net\/es\/#website\",\"url\":\"https:\/\/www.top10casinowebsites.net\/es\/\",\"name\":\"ES\",\"description\":\"\",\"potentialAction\":[{\"@type\":\"SearchAction\",\"target\":{\"@type\":\"EntryPoint\",\"urlTemplate\":\"https:\/\/www.top10casinowebsites.net\/es\/?s={search_term_string}\"},\"query-input\":{\"@type\":\"PropertyValueSpecification\",\"valueRequired\":true,\"valueName\":\"search_term_string\"}}],\"inLanguage\":\"en-US\"}]}<\/script>\n<!-- \/ Yoast SEO plugin. -->","yoast_head_json":{"title":"Mejores casinos para dispositivos m\u00f3viles iOs, Android, Blackberry y Windows","description":"Encuentre una lista completa de casinos m\u00f3viles a los que jugar con dinero real y gratis. Disfruta de juegos como la tragamonedas, ruleta, blackjack y m\u00e1s en tu smartphone o tableta.","robots":{"index":"index","follow":"follow","max-snippet":"max-snippet:-1","max-image-preview":"max-image-preview:large","max-video-preview":"max-video-preview:-1"},"canonical":"https:\/\/www.top10casinowebsites.net\/es\/moviles","og_locale":"en_US","og_type":"article","og_title":"Mejores casinos para dispositivos m\u00f3viles iOs, Android, Blackberry y Windows","og_description":"Encuentre una lista completa de casinos m\u00f3viles a los que jugar con dinero real y gratis. Disfruta de juegos como la tragamonedas, ruleta, blackjack y m\u00e1s en tu smartphone o tableta.","og_url":"https:\/\/www.top10casinowebsites.net\/es\/moviles","og_site_name":"ES","article_modified_time":"2017-10-06T13:59:52+00:00","twitter_card":"summary_large_image","twitter_misc":{"Est. reading time":"7 minutes"},"schema":{"@context":"https:\/\/schema.org","@graph":[{"@type":"WebPage","@id":"https:\/\/www.top10casinowebsites.net\/es\/moviles","url":"https:\/\/www.top10casinowebsites.net\/es\/moviles","name":"Mejores casinos para dispositivos m\u00f3viles iOs, Android, Blackberry y Windows","isPartOf":{"@id":"https:\/\/www.top10casinowebsites.net\/es\/#website"},"primaryImageOfPage":{"@id":"https:\/\/www.top10casinowebsites.net\/es\/moviles#primaryimage"},"image":{"@id":"https:\/\/www.top10casinowebsites.net\/es\/moviles#primaryimage"},"thumbnailUrl":"https:\/\/www.top10casinowebsites.net\/wp-content\/uploads\/2016\/01\/mobile-platforms.jpg","datePublished":"2016-01-25T11:14:02+00:00","dateModified":"2017-10-06T13:59:52+00:00","description":"Encuentre una lista completa de casinos m\u00f3viles a los que jugar con dinero real y gratis. Disfruta de juegos como la tragamonedas, ruleta, blackjack y m\u00e1s en tu smartphone o tableta.","breadcrumb":{"@id":"https:\/\/www.top10casinowebsites.net\/es\/moviles#breadcrumb"},"inLanguage":"en-US","potentialAction":[{"@type":"ReadAction","target":["https:\/\/www.top10casinowebsites.net\/es\/moviles"]}]},{"@type":"ImageObject","inLanguage":"en-US","@id":"https:\/\/www.top10casinowebsites.net\/es\/moviles#primaryimage","url":"https:\/\/www.top10casinowebsites.net\/wp-content\/uploads\/2016\/01\/mobile-platforms.jpg","contentUrl":"https:\/\/www.top10casinowebsites.net\/wp-content\/uploads\/2016\/01\/mobile-platforms.jpg"},{"@type":"BreadcrumbList","@id":"https:\/\/www.top10casinowebsites.net\/es\/moviles#breadcrumb","itemListElement":[{"@type":"ListItem","position":1,"name":"Home","item":"https:\/\/www.top10casinowebsites.net\/es\/"},{"@type":"ListItem","position":2,"name":"Mejores casinos para dispositivos m\u00f3viles iOs, Android, Blackberry y Windows"}]},{"@type":"WebSite","@id":"https:\/\/www.top10casinowebsites.net\/es\/#website","url":"https:\/\/www.top10casinowebsites.net\/es\/","name":"ES","description":"","potentialAction":[{"@type":"SearchAction","target":{"@type":"EntryPoint","urlTemplate":"https:\/\/www.top10casinowebsites.net\/es\/?s={search_term_string}"},"query-input":{"@type":"PropertyValueSpecification","valueRequired":true,"valueName":"search_term_string"}}],"inLanguage":"en-US"}]}},"_links":{"self":[{"href":"https:\/\/www.top10casinowebsites.net\/es\/wp-json\/wp\/v2\/pages\/145","targetHints":{"allow":["GET"]}}],"collection":[{"href":"https:\/\/www.top10casinowebsites.net\/es\/wp-json\/wp\/v2\/pages"}],"about":[{"href":"https:\/\/www.top10casinowebsites.net\/es\/wp-json\/wp\/v2\/types\/page"}],"author":[{"embeddable":true,"href":"https:\/\/www.top10casinowebsites.net\/es\/wp-json\/wp\/v2\/users\/4"}],"replies":[{"embeddable":true,"href":"https:\/\/www.top10casinowebsites.net\/es\/wp-json\/wp\/v2\/comments?post=145"}],"version-history":[{"count":2,"href":"https:\/\/www.top10casinowebsites.net\/es\/wp-json\/wp\/v2\/pages\/145\/revisions"}],"predecessor-version":[{"id":2164,"href":"https:\/\/www.top10casinowebsites.net\/es\/wp-json\/wp\/v2\/pages\/145\/revisions\/2164"}],"wp:attachment":[{"href":"https:\/\/www.top10casinowebsites.net\/es\/wp-json\/wp\/v2\/media?parent=145"}],"curies":[{"name":"wp","href":"https:\/\/api.w.org\/{rel}","templated":true}]}}