{"id":1729,"date":"2017-01-27T10:17:58","date_gmt":"2017-01-27T10:17:58","guid":{"rendered":"https:\/\/www.top10casinowebsites.net\/?page_id=1729"},"modified":"2017-10-06T14:15:19","modified_gmt":"2017-10-06T14:15:19","slug":"android","status":"publish","type":"page","link":"https:\/\/www.top10casinowebsites.net\/es\/moviles\/android","title":{"rendered":"Casinos Android \u2013 los mejores casinos para m\u00f3viles Android"},"content":{"rendered":"<h2>Casinos m\u00f3vil para Android \u2013 \u00a1diversi\u00f3n asegurada!<\/h2>\n<p><img decoding=\"async\" class=\"alignright size-full wp-image-1730\" src=\"https:\/\/www.top10casinowebsites.net\/wp-content\/uploads\/2017\/01\/android.jpg\" alt=\"android online casinos\" width=\"300\" \/><a href=\"https:\/\/www.android.com\/intl\/es_es\/\">Android es el sistema operativo<\/a> que m\u00e1s del 90% de los espa\u00f1oles elige a la hora de comprarse un Smartphone o una Tablet. Adem\u00e1s, Android usa un sistema de c\u00f3digo abierto, es decir, es libre de costes y el usuario puede acceder al c\u00f3digo fuente. Los tel\u00e9fonos Android son, sin lugar a duda, los m\u00f3viles inteligentes con mayor cuota de mercado a nivel mundial.<\/p>\n<p>La principal ventaja de Android frente a su competidor m\u00e1s directo, <a href=\"\/es\/moviles\/iphone\">iPhone<\/a>, la encontramos en el bolsillo. Ambas compa\u00f1\u00edas se mantienen a la \u00faltima en cuanto a vanguardia y tecnolog\u00eda tanto en software como en hardware, pero en cuanto a precios Android sigue presentando una oferta mucho m\u00e1s competitiva (al menos en la mayor\u00eda de sus productos).<\/p>\n<p>El sistema operativo Android cuenta con un potente procesador que nos invita a pensar en \u00e9l como un mini ordenador que te puedes llevar a todas partes dentro de tu bolsillo. Todo en estos tel\u00e9fonos inteligentes funciona a la perfecci\u00f3n y la gran velocidad de procesamiento sumado a la calidad de gr\u00e1ficos, los convierten en las herramientas ideales para jugar.<\/p>\n<h2>Las mejores p\u00e1ginas de casino para dispositivos Android<\/h2>\n<div class=\"grid-contents\" id=\"grid-contents\"><table class=\"cas_table\" ><tbody><tr class=\"rank-1\">\n                                <td class=\"ranking\">1<\/td>\n                                <td class=\"brandcol\">\n                                    <a href=https:\/\/www.top10casinowebsites.net\/es\/review\/888-casino class=\"brand brand-bg\"><img loading=\"lazy\" decoding=\"async\" class=\"group list-group-image\" src=\"https:\/\/static.top10casinowebsites.net\/images\/casino-rooms\/888-casino-logo.png\" width=\"200\" height=\"128\"\/><\/a>\n                                <\/td>\n                                <td class=\"bonus\" data-title=\"Bonus\">\n\t\t\t\t\t               <p class=\"bonus-text\"><strong>$888<\/strong>Welcome Bonus <br>(<a href=\"https:\/\/www.top10casinowebsites.net\/es\/review\/888-casino\">T&Cs apply, 18+<\/a>)<\/p>\n\t\t\t\t                <\/td>\n\t\t\t\t\t            <td class=\"badge_game\" data-title=\"Rating\">\n                                    <div class=\"rating\"><strong>5<\/strong>\/5<\/div>\n                                    <div class=\"rating stars\" style=\"margin-top: 5px;\"><span class=\"icon icon-stars\"><span class=\"icon-stars green\" style=\"width: 100%;\"><\/span><\/span><\/div>\n\t\t\t\t\t            <\/td>\n                               \n                                <td class=\"play\">\n\t\t\t\t\t               <a class=\"button-gold\" rel=\"nofollow\" href=\"https:\/\/www.top10casinowebsites.net\/es\/review\/888-casino\">Visit<\/a>\n\t                               <div class=\"\">\n\t\t\t\t\t                   <a class=\"review-snippet-link-play-now-col\" href=\"https:\/\/www.top10casinowebsites.net\/es\/review\/888-casino\">Read Review<\/a>\n\t\t\t\t\t               <\/div>\n\t\t\t\t\t           <\/td>\n     \t\t\t\t        <\/tr><\/tbody><\/table><\/div>\n<p>Si eres fan de los juegos de casino y tienes un tel\u00e9fono Android \u00a1tenemos buenas noticias para ti! A partir de ahora no necesitar\u00e1s visitar un casino f\u00edsico para <a href=\"\/es\/juegos\">jugar a tus juegos favoritos<\/a>. Tampoco ser\u00e1 necesario sentarse durante horas delante del ordenador para acceder a tu lista de casinos online habitual. Desde tu tel\u00e9fono m\u00f3vil Android podr\u00e1s jugar a tus juegos de casino preferidos a cualquier hora y sin importar el lugar donde te encuentres.<\/p>\n<p>La revoluci\u00f3n de los dispositivos m\u00f3viles ha llegado y cada d\u00eda son m\u00e1s los usuarios que los prefieren frente a los ordenadores personales. Su f\u00e1cil manejo y facilidad de movimiento los convierte en una de las herramientas m\u00e1s usadas para consultar el e-mail, actualizar las redes sociales e incluso para divertirse con los mejores juegos de casino.<\/p>\n<h2>Legitimado, certificado, probado y testado<\/h2>\n<p><img loading=\"lazy\" decoding=\"async\" class=\"alignleft size-full\" src=\"https:\/\/static.top10casinowebsites.net\/images\/icons\/licensed-casinos.png\" alt=\"android licensed casinos\" width=\"128\" height=\"128\" \/>Hemos de confesar que tanto si quiere apostar dinero real como si es s\u00f3lo por diversi\u00f3n, cualquiera que empiece a jugar por primera vez a juegos de Casino Android puede acabar un poco abrumado debido a la gran oferta de juegos para elegir. Aunque en un primer vistazo creas que una gran variedad puede ser algo bueno, la realidad es que hay muchos casinos que no son lo que parecen y en donde puedes ser estafado y perder tu dinero.<\/p>\n<p>Por eso es fundamental que compruebes la fiabilidad del juego de casino antes de empezar a jugar con dinero real. Este es el punto donde nosotros podremos ayudarte. Desde <strong>top10casinowebsites.net<\/strong> nos dedicamos a testear, revisar y crear los rankings de los mejores casinos para m\u00f3viles. Nosotros haremos todo el trabajo duro por ti y te lo presentamos de la manera m\u00e1s simple y sencilla posible.<\/p>\n<p>Somos perfeccionistas y nos fijamos en los peque\u00f1os detalles. Cada casino es comprobado rigurosamente por nuestro equipo de especialistas y cualquier posible fallo es expuesto para que todo el mundo lo pueda ver.<\/p>\n<p>Las ventajas de jugar en los casinos que nosotros hemos incluido en nuestros rankings o dentro de nuestras rese\u00f1as son muchas, pero lo m\u00e1s importante, tu puedes estar seguro de que el casino es legal, los juegos de casino son justos y usan la tecnolog\u00eda para generar n\u00fameros aleatoriamente, el casino est\u00e1 autorizado y cuanta con los permisos necesarios, el servicio de atenci\u00f3n al cliente del casino funciona correctamente, los juegos son de alta calidad y la elecci\u00f3n de juegos es arm\u00f3nica.<\/p>\n<h2>Casinos Android &#8211; \u00bfc\u00f3mo evalu\u00e1mos estas p\u00e1ginas?<\/h2>\n<p><img loading=\"lazy\" decoding=\"async\" class=\"alignleft size-full\" src=\"https:\/\/static.top10casinowebsites.net\/images\/icons\/help-and-tips.png\" alt=\"\" width=\"128\" height=\"128\" \/>Al contrario de las creencias tradicionales, los casinos para m\u00f3viles Android pueden estar tan extendidos como los casinos para ordenadores y port\u00e1tiles. Muchos de ellos son capaces de albergar miles de juegos, incluyen exclusivos bonos, salas con crupieres en vivo, servicios de chat, servicio de atenci\u00f3n al cliente disponible 24 horas, etc.<\/p>\n<p>Por otro lado, hay adem\u00e1s otros factores que juzgar y analizar en este tipo de casinos para m\u00f3viles Android. De hecho, hay demasiados para enumerarlos todos aqu\u00ed, pero algunos de las preguntas m\u00e1s fundamentales que hemos tenido en cuenta en nuestra evaluaci\u00f3n se encuentran enumeradas a continuaci\u00f3n:<\/p>\n<ol>\n<li><strong>Bonos de bienvenida<\/strong> &#8211; \u00bfOfrecen estos casinos bonos de bienvenida para nuevos jugadores? \u00bfC\u00f3mo se comparan estos bonos con los de otros casinos? \u00bfSu pueden conseguir estos bonos de forma sencilla? \u00bfHay algunas condiciones ocultas?<\/li>\n<li><strong>Juegos<\/strong> &#8211; \u00bfC\u00f3mo son los gr\u00e1ficos? \u00bfHay una gran variedad de video p\u00f3ker? \u00bfRuleta? \u00bfSlots? \u00bfSon los juegos justos? \u00bfSon f\u00e1ciles de jugar? \u00bfEs posible que se desconecten mientras juego? \u00bfExisten buenas probabilidades de ganar?<\/li>\n<li><strong>Seguridad<\/strong> &#8211; \u00bfUsan estos casinos la tecnolog\u00eda SSL? \u00bfSe pueden hackear? \u00bfEst\u00e1 la informaci\u00f3n privada de los jugadores segura? \u00bfSe puede jugar de forma an\u00f3nima?<\/li>\n<li><strong>Dep\u00f3sitos y pagos<\/strong> &#8211; \u00bfSe aceptan todos los posibles m\u00e9todos de pago? \u00bfSuponen alg\u00fan coste? \u00bfCu\u00e1nto tarda en procesarse este tipo de movimiento?<\/li>\n<li><strong>Servicio al consumidor<\/strong> &#8211; \u00bfEst\u00e1 este servicio disponible en todo momento? \u00bfCu\u00e1l es el tiempo medio de respuesta? \u00bfExiste alg\u00fan n\u00famero gratuito donde llamar o s\u00f3lo email y chat?<\/li>\n<\/ol>\n<h2>Aplicaci\u00f3n nativa vs aplicaci\u00f3n web<\/h2>\n<p><img loading=\"lazy\" decoding=\"async\" class=\"alignleft size-full\" src=\"https:\/\/static.top10casinowebsites.net\/images\/icons\/help-and-tips.png\" alt=\"\" width=\"128\" height=\"128\" \/>Existen dos tipos de Casinos Android: aplicaciones nativas y web. La primera es un tipo de app que puedes descargar en tu tel\u00e9fono m\u00f3vil y ejecutarla cada vez que quieras jugar a alguno de tus juegos de casino favorito. Para poder acceder a este tipo casino tan solo tendr\u00e1s que descargarte la app en tu tel\u00e9fono y actualizarla cada vez que haya una nueva versi\u00f3n disponible. Normalmente las aplicaciones de casino de dinero real no se pueden encontrar dentro de la tienda de <a href=\"https:\/\/play.google.com\/store?hl=es\">Google Play<\/a>, dado a su pol\u00edtica de empresa, por lo que encontrar apps de confianza puede ser una tarea complicada.<\/p>\n<p>De todos modos, existe otra forma de jugar a tu casino Android de forma inmediata. Estas las podr\u00e1s encontrar dentro de las propias p\u00e1ginas de casino. Simplemente accediendo a la web desde tu navegador, podr\u00e1s jugar sin la necesidad de descargarte ning\u00fan tipo de aplicaci\u00f3n en tu dispositivo.<\/p>\n<h2>Preguntas frecuentes para casinos Android<\/h2>\n<div class='dt-sc-toggle-frame-set'><div class=\"dt-sc-toggle-frame\">\t<h5 class='dt-sc-toggle-accordion '><a href='#'>1. \u00bfPuedo jugar desde cualquier parte del mundo?<\/a><\/h5>\t<div class=\"dt-sc-toggle-content\" style=\"display: none;\">\t\t<div class=\"block\">La mayor ventaja de jugar a trav\u00e9s de los Casinos Android es que puedes entrar y jugar desde el lugar que desees. Lo \u00fanico que necesitas es tener una buena conexi\u00f3n a internet.\t\t<\/div>\t<\/div><\/div>\n<div class=\"dt-sc-toggle-frame\">\t<h5 class='dt-sc-toggle-accordion '><a href='#'>2. \u00bfTengo que jugar con dinero real?<\/a><\/h5>\t<div class=\"dt-sc-toggle-content\" style=\"display: none;\">\t\t<div class=\"block\">Puedes jugar a una gran variedad de divertidos juegos sin la necesidad de apostar ninguna cantidad de dinero. Este es un buen modo de entretenimiento, as\u00ed como una manera de familiarizarse con los casinos para m\u00f3viles antes de comenzar a apostar con dinero real.\t\t<\/div>\t<\/div><\/div><\/div>\n","protected":false},"excerpt":{"rendered":"<p>Casinos m\u00f3vil para Android \u2013 \u00a1diversi\u00f3n asegurada! Android es el sistema operativo que m\u00e1s del 90% de los espa\u00f1oles elige a la hora de comprarse un Smartphone o una Tablet. Adem\u00e1s, Android usa un sistema de c\u00f3digo abierto, es decir, es libre de costes y el usuario puede acceder al c\u00f3digo fuente. Los tel\u00e9fonos Android [&hellip;]<\/p>\n","protected":false},"author":4,"featured_media":0,"parent":145,"menu_order":0,"comment_status":"closed","ping_status":"closed","template":"","meta":{"_acf_changed":false,"footnotes":""},"class_list":["post-1729","page","type-page","status-publish","hentry"],"acf":[],"yoast_head":"<!-- This site is optimized with the Yoast SEO plugin v27.4 - https:\/\/yoast.com\/product\/yoast-seo-wordpress\/ -->\n<title>Casinos android \u2013 los mejores casinos para m\u00f3viles Android<\/title>\n<meta name=\"description\" content=\"Encuentra una completa lista de casinos Android para jugar de forma gratuita o con dinero real desde tu tel\u00e9fono o Tablet a la tragamonedas, ruleta, blackjack, etc.\" \/>\n<meta name=\"robots\" content=\"index, follow, max-snippet:-1, max-image-preview:large, max-video-preview:-1\" \/>\n<link rel=\"canonical\" href=\"https:\/\/www.top10casinowebsites.net\/es\/moviles\/android\" \/>\n<meta property=\"og:locale\" content=\"en_US\" \/>\n<meta property=\"og:type\" content=\"article\" \/>\n<meta property=\"og:title\" content=\"Casinos android \u2013 los mejores casinos para m\u00f3viles Android\" \/>\n<meta property=\"og:description\" content=\"Encuentra una completa lista de casinos Android para jugar de forma gratuita o con dinero real desde tu tel\u00e9fono o Tablet a la tragamonedas, ruleta, blackjack, etc.\" \/>\n<meta property=\"og:url\" content=\"https:\/\/www.top10casinowebsites.net\/es\/moviles\/android\" \/>\n<meta property=\"og:site_name\" content=\"ES\" \/>\n<meta property=\"article:modified_time\" content=\"2017-10-06T14:15:19+00:00\" \/>\n<meta name=\"twitter:card\" content=\"summary_large_image\" \/>\n<meta name=\"twitter:label1\" content=\"Est. reading time\" \/>\n\t<meta name=\"twitter:data1\" content=\"6 minutes\" \/>\n<script type=\"application\/ld+json\" class=\"yoast-schema-graph\">{\"@context\":\"https:\\\/\\\/schema.org\",\"@graph\":[{\"@type\":\"WebPage\",\"@id\":\"https:\\\/\\\/www.top10casinowebsites.net\\\/es\\\/moviles\\\/android\",\"url\":\"https:\\\/\\\/www.top10casinowebsites.net\\\/es\\\/moviles\\\/android\",\"name\":\"Casinos android \u2013 los mejores casinos para m\u00f3viles Android\",\"isPartOf\":{\"@id\":\"https:\\\/\\\/www.top10casinowebsites.net\\\/es\\\/#website\"},\"primaryImageOfPage\":{\"@id\":\"https:\\\/\\\/www.top10casinowebsites.net\\\/es\\\/moviles\\\/android#primaryimage\"},\"image\":{\"@id\":\"https:\\\/\\\/www.top10casinowebsites.net\\\/es\\\/moviles\\\/android#primaryimage\"},\"thumbnailUrl\":\"https:\\\/\\\/www.top10casinowebsites.net\\\/wp-content\\\/uploads\\\/2017\\\/01\\\/android.jpg\",\"datePublished\":\"2017-01-27T10:17:58+00:00\",\"dateModified\":\"2017-10-06T14:15:19+00:00\",\"description\":\"Encuentra una completa lista de casinos Android para jugar de forma gratuita o con dinero real desde tu tel\u00e9fono o Tablet a la tragamonedas, ruleta, blackjack, etc.\",\"breadcrumb\":{\"@id\":\"https:\\\/\\\/www.top10casinowebsites.net\\\/es\\\/moviles\\\/android#breadcrumb\"},\"inLanguage\":\"en-US\",\"potentialAction\":[{\"@type\":\"ReadAction\",\"target\":[\"https:\\\/\\\/www.top10casinowebsites.net\\\/es\\\/moviles\\\/android\"]}]},{\"@type\":\"ImageObject\",\"inLanguage\":\"en-US\",\"@id\":\"https:\\\/\\\/www.top10casinowebsites.net\\\/es\\\/moviles\\\/android#primaryimage\",\"url\":\"https:\\\/\\\/www.top10casinowebsites.net\\\/wp-content\\\/uploads\\\/2017\\\/01\\\/android.jpg\",\"contentUrl\":\"https:\\\/\\\/www.top10casinowebsites.net\\\/wp-content\\\/uploads\\\/2017\\\/01\\\/android.jpg\"},{\"@type\":\"BreadcrumbList\",\"@id\":\"https:\\\/\\\/www.top10casinowebsites.net\\\/es\\\/moviles\\\/android#breadcrumb\",\"itemListElement\":[{\"@type\":\"ListItem\",\"position\":1,\"name\":\"Home\",\"item\":\"https:\\\/\\\/www.top10casinowebsites.net\\\/es\\\/\"},{\"@type\":\"ListItem\",\"position\":2,\"name\":\"Mejores casinos para dispositivos m\u00f3viles iOs, Android, Blackberry y Windows\",\"item\":\"https:\\\/\\\/www.top10casinowebsites.net\\\/es\\\/moviles\"},{\"@type\":\"ListItem\",\"position\":3,\"name\":\"Casinos Android \u2013 los mejores casinos para m\u00f3viles Android\"}]},{\"@type\":\"WebSite\",\"@id\":\"https:\\\/\\\/www.top10casinowebsites.net\\\/es\\\/#website\",\"url\":\"https:\\\/\\\/www.top10casinowebsites.net\\\/es\\\/\",\"name\":\"ES\",\"description\":\"\",\"potentialAction\":[{\"@type\":\"SearchAction\",\"target\":{\"@type\":\"EntryPoint\",\"urlTemplate\":\"https:\\\/\\\/www.top10casinowebsites.net\\\/es\\\/?s={search_term_string}\"},\"query-input\":{\"@type\":\"PropertyValueSpecification\",\"valueRequired\":true,\"valueName\":\"search_term_string\"}}],\"inLanguage\":\"en-US\"}]}<\/script>\n<!-- \/ Yoast SEO plugin. -->","yoast_head_json":{"title":"Casinos android \u2013 los mejores casinos para m\u00f3viles Android","description":"Encuentra una completa lista de casinos Android para jugar de forma gratuita o con dinero real desde tu tel\u00e9fono o Tablet a la tragamonedas, ruleta, blackjack, etc.","robots":{"index":"index","follow":"follow","max-snippet":"max-snippet:-1","max-image-preview":"max-image-preview:large","max-video-preview":"max-video-preview:-1"},"canonical":"https:\/\/www.top10casinowebsites.net\/es\/moviles\/android","og_locale":"en_US","og_type":"article","og_title":"Casinos android \u2013 los mejores casinos para m\u00f3viles Android","og_description":"Encuentra una completa lista de casinos Android para jugar de forma gratuita o con dinero real desde tu tel\u00e9fono o Tablet a la tragamonedas, ruleta, blackjack, etc.","og_url":"https:\/\/www.top10casinowebsites.net\/es\/moviles\/android","og_site_name":"ES","article_modified_time":"2017-10-06T14:15:19+00:00","twitter_card":"summary_large_image","twitter_misc":{"Est. reading time":"6 minutes"},"schema":{"@context":"https:\/\/schema.org","@graph":[{"@type":"WebPage","@id":"https:\/\/www.top10casinowebsites.net\/es\/moviles\/android","url":"https:\/\/www.top10casinowebsites.net\/es\/moviles\/android","name":"Casinos android \u2013 los mejores casinos para m\u00f3viles Android","isPartOf":{"@id":"https:\/\/www.top10casinowebsites.net\/es\/#website"},"primaryImageOfPage":{"@id":"https:\/\/www.top10casinowebsites.net\/es\/moviles\/android#primaryimage"},"image":{"@id":"https:\/\/www.top10casinowebsites.net\/es\/moviles\/android#primaryimage"},"thumbnailUrl":"https:\/\/www.top10casinowebsites.net\/wp-content\/uploads\/2017\/01\/android.jpg","datePublished":"2017-01-27T10:17:58+00:00","dateModified":"2017-10-06T14:15:19+00:00","description":"Encuentra una completa lista de casinos Android para jugar de forma gratuita o con dinero real desde tu tel\u00e9fono o Tablet a la tragamonedas, ruleta, blackjack, etc.","breadcrumb":{"@id":"https:\/\/www.top10casinowebsites.net\/es\/moviles\/android#breadcrumb"},"inLanguage":"en-US","potentialAction":[{"@type":"ReadAction","target":["https:\/\/www.top10casinowebsites.net\/es\/moviles\/android"]}]},{"@type":"ImageObject","inLanguage":"en-US","@id":"https:\/\/www.top10casinowebsites.net\/es\/moviles\/android#primaryimage","url":"https:\/\/www.top10casinowebsites.net\/wp-content\/uploads\/2017\/01\/android.jpg","contentUrl":"https:\/\/www.top10casinowebsites.net\/wp-content\/uploads\/2017\/01\/android.jpg"},{"@type":"BreadcrumbList","@id":"https:\/\/www.top10casinowebsites.net\/es\/moviles\/android#breadcrumb","itemListElement":[{"@type":"ListItem","position":1,"name":"Home","item":"https:\/\/www.top10casinowebsites.net\/es\/"},{"@type":"ListItem","position":2,"name":"Mejores casinos para dispositivos m\u00f3viles iOs, Android, Blackberry y Windows","item":"https:\/\/www.top10casinowebsites.net\/es\/moviles"},{"@type":"ListItem","position":3,"name":"Casinos Android \u2013 los mejores casinos para m\u00f3viles Android"}]},{"@type":"WebSite","@id":"https:\/\/www.top10casinowebsites.net\/es\/#website","url":"https:\/\/www.top10casinowebsites.net\/es\/","name":"ES","description":"","potentialAction":[{"@type":"SearchAction","target":{"@type":"EntryPoint","urlTemplate":"https:\/\/www.top10casinowebsites.net\/es\/?s={search_term_string}"},"query-input":{"@type":"PropertyValueSpecification","valueRequired":true,"valueName":"search_term_string"}}],"inLanguage":"en-US"}]}},"_links":{"self":[{"href":"https:\/\/www.top10casinowebsites.net\/es\/wp-json\/wp\/v2\/pages\/1729","targetHints":{"allow":["GET"]}}],"collection":[{"href":"https:\/\/www.top10casinowebsites.net\/es\/wp-json\/wp\/v2\/pages"}],"about":[{"href":"https:\/\/www.top10casinowebsites.net\/es\/wp-json\/wp\/v2\/types\/page"}],"author":[{"embeddable":true,"href":"https:\/\/www.top10casinowebsites.net\/es\/wp-json\/wp\/v2\/users\/4"}],"replies":[{"embeddable":true,"href":"https:\/\/www.top10casinowebsites.net\/es\/wp-json\/wp\/v2\/comments?post=1729"}],"version-history":[{"count":0,"href":"https:\/\/www.top10casinowebsites.net\/es\/wp-json\/wp\/v2\/pages\/1729\/revisions"}],"up":[{"embeddable":true,"href":"https:\/\/www.top10casinowebsites.net\/es\/wp-json\/wp\/v2\/pages\/145"}],"wp:attachment":[{"href":"https:\/\/www.top10casinowebsites.net\/es\/wp-json\/wp\/v2\/media?parent=1729"}],"curies":[{"name":"wp","href":"https:\/\/api.w.org\/{rel}","templated":true}]}}