{"id":1732,"date":"2017-01-27T13:56:14","date_gmt":"2017-01-27T13:56:14","guid":{"rendered":"https:\/\/www.top10casinowebsites.net\/?page_id=1732"},"modified":"2017-10-06T14:32:43","modified_gmt":"2017-10-06T14:32:43","slug":"iphone","status":"publish","type":"page","link":"https:\/\/www.top10casinowebsites.net\/es\/moviles\/iphone","title":{"rendered":"Casinos para iPhone \u2013 los mejores casinos para m\u00f3viles iPhone"},"content":{"rendered":"<h2>Casinos m\u00f3viles para iPhone \u2013 la excelencia Apple<\/h2>\n<p><img decoding=\"async\" class=\"alignright size-full wp-image-1733\" src=\"https:\/\/www.top10casinowebsites.net\/wp-content\/uploads\/2017\/01\/apple.jpg\" alt=\"\" width=\"300\" \/><a href=\"https:\/\/www.apple.com\/es\/iphone\/\">iPhone es uno de los productos con mayor<\/a> venta jam\u00e1s creado y cuenta con un enorme n\u00famero de seguidores en todo el mundo. Y es que qui\u00e9n prueba la tecnolog\u00eda de Apple no quiere probar otra cosa.<\/p>\n<p>El sistema operativo con el que trabaja la compa\u00f1\u00eda americana es llamado iOS. Se caracteriza por ser muy intuitivo y consigue generar en el usuario una experiencia altamente satisfactoria. Algo sencillamente genial.<\/p>\n<p>Desde sus comienzos Apple ha tenido la capacidad y la visi\u00f3n de romper con todas las barreras establecidas. Sus l\u00edneas de dise\u00f1o son limpias, llevando al l\u00edmite la simplicidad hasta convertir sus productos en aut\u00e9nticos objetos de deseo. iPhone, iPad, iPod, Apple MacBook, y los ordenadores Mac comparten manzana y el sistema operativo de iOS.<\/p>\n<p>La empresa de californiana trabaja por mantenerse en la cresta de la innovaci\u00f3n y cada actualizaci\u00f3n de su sistema operativo intenta ser notablemente mejor que la anterior. Gracias a una perfecta combinaci\u00f3n de hardware y software, Apple puede alardear de que sus tel\u00e9fonos iPhone se venden solos.<\/p>\n<p>Los desarrolladores de casinos para dispositivos m\u00f3viles no pueden ignorar a los tel\u00e9fonos iPhone dado su extendido uso en el mercado. De hecho alrededor de todo el mundo hay m\u00e1s de un bill\u00f3n de terminales Apple en activo.<\/p>\n<h2>Las mejores p\u00e1ginas de casino para iPhone<\/h2>\n<div class=\"grid-contents\" id=\"grid-contents\"><table class=\"cas_table\" ><tbody><tr class=\"rank-1\">\n                                <td class=\"ranking\">1<\/td>\n                                <td class=\"brandcol\">\n                                    <a href=https:\/\/www.top10casinowebsites.net\/es\/review\/888-casino class=\"brand brand-bg\"><img loading=\"lazy\" decoding=\"async\" class=\"group list-group-image\" src=\"https:\/\/static.top10casinowebsites.net\/images\/casino-rooms\/888-casino-logo.png\" width=\"200\" height=\"128\"\/><\/a>\n                                <\/td>\n                                <td class=\"bonus\" data-title=\"Bonus\">\n\t\t\t\t\t               <p class=\"bonus-text\"><strong>$888<\/strong>Welcome Bonus <br>(<a href=\"https:\/\/www.top10casinowebsites.net\/es\/review\/888-casino\">T&Cs apply, 18+<\/a>)<\/p>\n\t\t\t\t                <\/td>\n\t\t\t\t\t            <td class=\"badge_game\" data-title=\"Rating\">\n                                    <div class=\"rating\"><strong>5<\/strong>\/5<\/div>\n                                    <div class=\"rating stars\" style=\"margin-top: 5px;\"><span class=\"icon icon-stars\"><span class=\"icon-stars green\" style=\"width: 100%;\"><\/span><\/span><\/div>\n\t\t\t\t\t            <\/td>\n                               \n                                <td class=\"play\">\n\t\t\t\t\t               <a class=\"button-gold\" rel=\"nofollow\" href=\"https:\/\/www.top10casinowebsites.net\/es\/review\/888-casino\">Visit<\/a>\n\t                               <div class=\"\">\n\t\t\t\t\t                   <a class=\"review-snippet-link-play-now-col\" href=\"https:\/\/www.top10casinowebsites.net\/es\/review\/888-casino\">Read Review<\/a>\n\t\t\t\t\t               <\/div>\n\t\t\t\t\t           <\/td>\n     \t\t\t\t        <\/tr><\/tbody><\/table><\/div>\n<p>Para estar altura de las exigencias de los usuarios de iPhone, desarrolladores como <a href=\"http:\/\/microgaming.co.uk\/\">Microgaming<\/a> y <a href=\"http:\/\/netent.com\/\">NetEnt<\/a> han dise\u00f1ado y lanzado incre\u00edbles juegos de casino exclusivamente dise\u00f1ados para Apple. La excelencia hecha casino.<\/p>\n<p>S\u00ed eres un entusiasta de los juegos online y tienes un iPhone, es el momento en que empieces a pensar en cambiar los juegos de ordenador por los juegos de casino de iPhone. Algunos de los mejores casino, aunque no est\u00e1n todos son <strong>Mega Moolah, Major Millions, Tomb Raider, Mermaid\u2019s Millions, Royal Derby<\/strong>. \u00bfA qu\u00e9 ya no ves t\u00fa iPhone como un simple m\u00f3vil?<\/p>\n<h2>Legitimado, certificado, probado y testado<\/h2>\n<p><img loading=\"lazy\" decoding=\"async\" class=\"alignleft size-full\" src=\"https:\/\/static.top10casinowebsites.net\/images\/icons\/licensed-casinos.png\" alt=\"iPhone licensed casinos\" width=\"128\" height=\"128\" \/>S\u00ed finalmente has decidido cambiar los juegos de tu PC por los juegos online de tu iPhone, o incluso si eres un novato lo primero que tienes que hacer es pasarte por la Apple Store de tu tel\u00e9fono y echar un vistazo a las opciones de casino disponible.<\/p>\n<p>El mayor de los problemas que te puedes encontrar es que hay cientos y cientos de opciones disponibles. \u00bfNuestro consejo? Te instamos a que hagas a que contrastes los casinos antes de instalarlo en tu iPhone.<\/p>\n<p>Sabemos que esto puede ser una tarea un poco engorrosa, por eso, nos hemos encargado de seleccionar y clasificar los mejores casinos por ti. En nuestra p\u00e1gina podr\u00e1s encontrar una lista de los mejores casinos online para iPhone que actualmente est\u00e1n en el mercado. As\u00ed, solamente tendr\u00e1s que preocuparte de elegir uno, bas\u00e1ndote en las rese\u00f1as y puntuaciones que le hemos dado.<\/p>\n<p>Tambi\u00e9n nos hemos preocupado de testar los casinos que forman parte de nuestra \u201c<em>lista negra<\/em>\u201d. Eso significa que no han pasado los controles necesarios y por tanto no son lugares seguros donde apostar tu dinero.<\/p>\n<p>Por fortuna no todos los casinos son malos y, no s\u00e9 si suerte o por desgracia, no todos los mejores casinos online de dinero real se pueden encontrar dentro de la <a href=\"https:\/\/www.apple.com\/es\/itunes\/\">Apple Store<\/a> debido a las pol\u00edticas de la compa\u00f1\u00eda. Aun as\u00ed, nosotros te garantizamos que cualquiera de los casinos que forman parte de nuestra lista de mejores casinos ha sido testado, cuenta con una gran selecci\u00f3n de juegos, los juegos son 100% seguros y los pagos y dep\u00f3sitos pueden ser reclamados con total garant\u00eda.<\/p>\n<h2>Casinos para iPhone &#8211; \u00bfc\u00f3mo los testamos y evaluamos?<\/h2>\n<p><img loading=\"lazy\" decoding=\"async\" class=\"alignleft size-full\" src=\"https:\/\/static.top10casinowebsites.net\/images\/icons\/help-and-tips.png\" alt=\"\" width=\"128\" height=\"128\" \/>Son muchos los factores que tenemos en cuenta a la hora de evaluar los casinos para m\u00f3vil.<\/p>\n<ol>\n<li><strong>Bonos de Bienvenida<\/strong>: Todos los casinos ofrecen unos bonos con el primer dep\u00f3sito. Nosotros los comparamos dentro de una misma tabla para que a ti te resulte m\u00e1s f\u00e1cil identificar cual es que ofrece la oferta que mejor se adapte a tus gustos y necesidades.<\/li>\n<li><strong>Juegos<\/strong>: Son la verdadera raz\u00f3n por la que juegas, por eso dedicamos horas y horas en probar que la calidad de los juegos es la mejor<\/li>\n<li><strong>Seguridad<\/strong>: Sin duda uno de los factores m\u00e1s importantes es la seguridad. Nos aseguramos de que todos los casinos que recomendamos est\u00e1n a prueba de piratas y usan la \u00faltima tecnolog\u00eda de seguridad.<\/li>\n<li><strong>Dep\u00f3sitos y Pagos<\/strong> &#8211; Al igual que la seguridad, los pagos son otro de los factores m\u00e1s importante en cuanto a fiabilidad de un casino. Nosotros comprobamos todos los m\u00e9todos de pago que el casino acepta y controlamos el tiempo de procesamiento de dep\u00f3sitos y retiradas de dinero<\/li>\n<li><strong>Atenci\u00f3n al cliente<\/strong>: El servicio al consumidor es algo que todos los usuarios tenemos muy en cuenta. En los momentos de problemas, necesitas que haya alguien que pueda atenderte y resolver las incidencias. Los casinos que recomendamos ofrecen al menos una de estas opciones: chat inmediato, soporte telef\u00f3nico o servicio de atenci\u00f3n trav\u00e9s de e-mail.<\/li>\n<\/ol>\n<h2>Aplicaciones nativas vs aplicaciones web<\/h2>\n<p><img loading=\"lazy\" decoding=\"async\" class=\"alignleft size-full\" src=\"https:\/\/static.top10casinowebsites.net\/images\/icons\/help-and-tips.png\" alt=\"\" width=\"128\" height=\"128\" \/>Cuando la gente piensa en iPhone piensa en aplicaciones. Por el contrario, no todos los casinos cuentan con aplicaciones. Es m\u00e1s, algunos de los mejores casinos para iPhone son casinos de juego directo.<\/p>\n<p>La diferencia es que las aplicaciones son algo que necesitas descargar en tu tel\u00e9fono m\u00f3vil y entrar cada vez que quieras jugar. Por otro lado, para disfrutar de los casinos de juego directo, simplemente tienes que entrar en la p\u00e1gina de tu casino favorito a trav\u00e9s de tu navegador.<\/p>\n<h2>Preguntas frecuentes para casinos iPhone<\/h2>\n<div class='dt-sc-toggle-frame-set'><div class=\"dt-sc-toggle-frame\">\t<h5 class='dt-sc-toggle-accordion '><a href='#'>1. \u00bfA qu\u00e9 juegos de casino puedo acceder desde mi iPhone?<\/a><\/h5>\t<div class=\"dt-sc-toggle-content\" style=\"display: none;\">\t\t<div class=\"block\">iOS soporta literalmente todos y cada uno de los juegos disponibles. Desde tragaperras, juegos de mesa, ruleta, video p\u00f3ker y much\u00edsimos m\u00e1s. La mayor\u00eda de los casinos para iPhone cuentan ya con una pre-selecci\u00f3n dividida por categor\u00edas de juegos para facilitar su elecci\u00f3n\t\t<\/div>\t<\/div><\/div>\n<div class=\"dt-sc-toggle-frame\">\t<h5 class='dt-sc-toggle-accordion '><a href='#'>2. \u00bfPuedo jugar de manera gratuita desde mi iPhone?<\/a><\/h5>\t<div class=\"dt-sc-toggle-content\" style=\"display: none;\">\t\t<div class=\"block\">Existen cantidad de juegos de casino para iPhone y a los que podr\u00e1s jugar de manera gratuita. Podr\u00e1s empezar a jugar simplemente por diversi\u00f3n o para practicar sin tener que apostar un m\u00ednimo de dinero.\t\t<\/div>\t<\/div><\/div>\n<div class=\"dt-sc-toggle-frame\">\t<h5 class='dt-sc-toggle-accordion '><a href='#'>3. \u00bfPuedo obtener bonos de bienvenida?<\/a><\/h5>\t<div class=\"dt-sc-toggle-content\" style=\"display: none;\">\t\t<div class=\"block\">\u00a1Claro! La mayor\u00eda de los casinos ofrecen bonos de bienvenida. Echa un vistazo a nuestra lista de recomendaciones para casinos para iPhone.\t\t<\/div>\t<\/div><\/div><\/div>\n","protected":false},"excerpt":{"rendered":"<p>Casinos m\u00f3viles para iPhone \u2013 la excelencia Apple iPhone es uno de los productos con mayor venta jam\u00e1s creado y cuenta con un enorme n\u00famero de seguidores en todo el mundo. Y es que qui\u00e9n prueba la tecnolog\u00eda de Apple no quiere probar otra cosa. El sistema operativo con el que trabaja la compa\u00f1\u00eda americana [&hellip;]<\/p>\n","protected":false},"author":4,"featured_media":0,"parent":145,"menu_order":0,"comment_status":"closed","ping_status":"closed","template":"","meta":{"_acf_changed":false,"footnotes":""},"class_list":["post-1732","page","type-page","status-publish","hentry"],"acf":[],"yoast_head":"<!-- This site is optimized with the Yoast SEO plugin v27.4 - https:\/\/yoast.com\/product\/yoast-seo-wordpress\/ -->\n<title>Casinos para iPhone \u2013 los mejores casinos para m\u00f3viles iPhone<\/title>\n<meta name=\"description\" content=\"Disfruta de nuestra exclusiva gu\u00eda para casinos iPhone, que te mostrar\u00e1 m\u00e1gn\u00edficas p\u00e1ginas donde disfrutar de los mejores juegos para estos dispositivos Apple.\" \/>\n<meta name=\"robots\" content=\"index, follow, max-snippet:-1, max-image-preview:large, max-video-preview:-1\" \/>\n<link rel=\"canonical\" href=\"https:\/\/www.top10casinowebsites.net\/es\/moviles\/iphone\" \/>\n<meta property=\"og:locale\" content=\"en_US\" \/>\n<meta property=\"og:type\" content=\"article\" \/>\n<meta property=\"og:title\" content=\"Casinos para iPhone \u2013 los mejores casinos para m\u00f3viles iPhone\" \/>\n<meta property=\"og:description\" content=\"Disfruta de nuestra exclusiva gu\u00eda para casinos iPhone, que te mostrar\u00e1 m\u00e1gn\u00edficas p\u00e1ginas donde disfrutar de los mejores juegos para estos dispositivos Apple.\" \/>\n<meta property=\"og:url\" content=\"https:\/\/www.top10casinowebsites.net\/es\/moviles\/iphone\" \/>\n<meta property=\"og:site_name\" content=\"ES\" \/>\n<meta property=\"article:modified_time\" content=\"2017-10-06T14:32:43+00:00\" \/>\n<meta name=\"twitter:card\" content=\"summary_large_image\" \/>\n<meta name=\"twitter:label1\" content=\"Est. reading time\" \/>\n\t<meta name=\"twitter:data1\" content=\"6 minutes\" \/>\n<script type=\"application\/ld+json\" class=\"yoast-schema-graph\">{\"@context\":\"https:\\\/\\\/schema.org\",\"@graph\":[{\"@type\":\"WebPage\",\"@id\":\"https:\\\/\\\/www.top10casinowebsites.net\\\/es\\\/moviles\\\/iphone\",\"url\":\"https:\\\/\\\/www.top10casinowebsites.net\\\/es\\\/moviles\\\/iphone\",\"name\":\"Casinos para iPhone \u2013 los mejores casinos para m\u00f3viles iPhone\",\"isPartOf\":{\"@id\":\"https:\\\/\\\/www.top10casinowebsites.net\\\/es\\\/#website\"},\"primaryImageOfPage\":{\"@id\":\"https:\\\/\\\/www.top10casinowebsites.net\\\/es\\\/moviles\\\/iphone#primaryimage\"},\"image\":{\"@id\":\"https:\\\/\\\/www.top10casinowebsites.net\\\/es\\\/moviles\\\/iphone#primaryimage\"},\"thumbnailUrl\":\"https:\\\/\\\/www.top10casinowebsites.net\\\/wp-content\\\/uploads\\\/2017\\\/01\\\/apple.jpg\",\"datePublished\":\"2017-01-27T13:56:14+00:00\",\"dateModified\":\"2017-10-06T14:32:43+00:00\",\"description\":\"Disfruta de nuestra exclusiva gu\u00eda para casinos iPhone, que te mostrar\u00e1 m\u00e1gn\u00edficas p\u00e1ginas donde disfrutar de los mejores juegos para estos dispositivos Apple.\",\"breadcrumb\":{\"@id\":\"https:\\\/\\\/www.top10casinowebsites.net\\\/es\\\/moviles\\\/iphone#breadcrumb\"},\"inLanguage\":\"en-US\",\"potentialAction\":[{\"@type\":\"ReadAction\",\"target\":[\"https:\\\/\\\/www.top10casinowebsites.net\\\/es\\\/moviles\\\/iphone\"]}]},{\"@type\":\"ImageObject\",\"inLanguage\":\"en-US\",\"@id\":\"https:\\\/\\\/www.top10casinowebsites.net\\\/es\\\/moviles\\\/iphone#primaryimage\",\"url\":\"https:\\\/\\\/www.top10casinowebsites.net\\\/wp-content\\\/uploads\\\/2017\\\/01\\\/apple.jpg\",\"contentUrl\":\"https:\\\/\\\/www.top10casinowebsites.net\\\/wp-content\\\/uploads\\\/2017\\\/01\\\/apple.jpg\"},{\"@type\":\"BreadcrumbList\",\"@id\":\"https:\\\/\\\/www.top10casinowebsites.net\\\/es\\\/moviles\\\/iphone#breadcrumb\",\"itemListElement\":[{\"@type\":\"ListItem\",\"position\":1,\"name\":\"Home\",\"item\":\"https:\\\/\\\/www.top10casinowebsites.net\\\/es\\\/\"},{\"@type\":\"ListItem\",\"position\":2,\"name\":\"Mejores casinos para dispositivos m\u00f3viles iOs, Android, Blackberry y Windows\",\"item\":\"https:\\\/\\\/www.top10casinowebsites.net\\\/es\\\/moviles\"},{\"@type\":\"ListItem\",\"position\":3,\"name\":\"Casinos para iPhone \u2013 los mejores casinos para m\u00f3viles iPhone\"}]},{\"@type\":\"WebSite\",\"@id\":\"https:\\\/\\\/www.top10casinowebsites.net\\\/es\\\/#website\",\"url\":\"https:\\\/\\\/www.top10casinowebsites.net\\\/es\\\/\",\"name\":\"ES\",\"description\":\"\",\"potentialAction\":[{\"@type\":\"SearchAction\",\"target\":{\"@type\":\"EntryPoint\",\"urlTemplate\":\"https:\\\/\\\/www.top10casinowebsites.net\\\/es\\\/?s={search_term_string}\"},\"query-input\":{\"@type\":\"PropertyValueSpecification\",\"valueRequired\":true,\"valueName\":\"search_term_string\"}}],\"inLanguage\":\"en-US\"}]}<\/script>\n<!-- \/ Yoast SEO plugin. -->","yoast_head_json":{"title":"Casinos para iPhone \u2013 los mejores casinos para m\u00f3viles iPhone","description":"Disfruta de nuestra exclusiva gu\u00eda para casinos iPhone, que te mostrar\u00e1 m\u00e1gn\u00edficas p\u00e1ginas donde disfrutar de los mejores juegos para estos dispositivos Apple.","robots":{"index":"index","follow":"follow","max-snippet":"max-snippet:-1","max-image-preview":"max-image-preview:large","max-video-preview":"max-video-preview:-1"},"canonical":"https:\/\/www.top10casinowebsites.net\/es\/moviles\/iphone","og_locale":"en_US","og_type":"article","og_title":"Casinos para iPhone \u2013 los mejores casinos para m\u00f3viles iPhone","og_description":"Disfruta de nuestra exclusiva gu\u00eda para casinos iPhone, que te mostrar\u00e1 m\u00e1gn\u00edficas p\u00e1ginas donde disfrutar de los mejores juegos para estos dispositivos Apple.","og_url":"https:\/\/www.top10casinowebsites.net\/es\/moviles\/iphone","og_site_name":"ES","article_modified_time":"2017-10-06T14:32:43+00:00","twitter_card":"summary_large_image","twitter_misc":{"Est. reading time":"6 minutes"},"schema":{"@context":"https:\/\/schema.org","@graph":[{"@type":"WebPage","@id":"https:\/\/www.top10casinowebsites.net\/es\/moviles\/iphone","url":"https:\/\/www.top10casinowebsites.net\/es\/moviles\/iphone","name":"Casinos para iPhone \u2013 los mejores casinos para m\u00f3viles iPhone","isPartOf":{"@id":"https:\/\/www.top10casinowebsites.net\/es\/#website"},"primaryImageOfPage":{"@id":"https:\/\/www.top10casinowebsites.net\/es\/moviles\/iphone#primaryimage"},"image":{"@id":"https:\/\/www.top10casinowebsites.net\/es\/moviles\/iphone#primaryimage"},"thumbnailUrl":"https:\/\/www.top10casinowebsites.net\/wp-content\/uploads\/2017\/01\/apple.jpg","datePublished":"2017-01-27T13:56:14+00:00","dateModified":"2017-10-06T14:32:43+00:00","description":"Disfruta de nuestra exclusiva gu\u00eda para casinos iPhone, que te mostrar\u00e1 m\u00e1gn\u00edficas p\u00e1ginas donde disfrutar de los mejores juegos para estos dispositivos Apple.","breadcrumb":{"@id":"https:\/\/www.top10casinowebsites.net\/es\/moviles\/iphone#breadcrumb"},"inLanguage":"en-US","potentialAction":[{"@type":"ReadAction","target":["https:\/\/www.top10casinowebsites.net\/es\/moviles\/iphone"]}]},{"@type":"ImageObject","inLanguage":"en-US","@id":"https:\/\/www.top10casinowebsites.net\/es\/moviles\/iphone#primaryimage","url":"https:\/\/www.top10casinowebsites.net\/wp-content\/uploads\/2017\/01\/apple.jpg","contentUrl":"https:\/\/www.top10casinowebsites.net\/wp-content\/uploads\/2017\/01\/apple.jpg"},{"@type":"BreadcrumbList","@id":"https:\/\/www.top10casinowebsites.net\/es\/moviles\/iphone#breadcrumb","itemListElement":[{"@type":"ListItem","position":1,"name":"Home","item":"https:\/\/www.top10casinowebsites.net\/es\/"},{"@type":"ListItem","position":2,"name":"Mejores casinos para dispositivos m\u00f3viles iOs, Android, Blackberry y Windows","item":"https:\/\/www.top10casinowebsites.net\/es\/moviles"},{"@type":"ListItem","position":3,"name":"Casinos para iPhone \u2013 los mejores casinos para m\u00f3viles iPhone"}]},{"@type":"WebSite","@id":"https:\/\/www.top10casinowebsites.net\/es\/#website","url":"https:\/\/www.top10casinowebsites.net\/es\/","name":"ES","description":"","potentialAction":[{"@type":"SearchAction","target":{"@type":"EntryPoint","urlTemplate":"https:\/\/www.top10casinowebsites.net\/es\/?s={search_term_string}"},"query-input":{"@type":"PropertyValueSpecification","valueRequired":true,"valueName":"search_term_string"}}],"inLanguage":"en-US"}]}},"_links":{"self":[{"href":"https:\/\/www.top10casinowebsites.net\/es\/wp-json\/wp\/v2\/pages\/1732","targetHints":{"allow":["GET"]}}],"collection":[{"href":"https:\/\/www.top10casinowebsites.net\/es\/wp-json\/wp\/v2\/pages"}],"about":[{"href":"https:\/\/www.top10casinowebsites.net\/es\/wp-json\/wp\/v2\/types\/page"}],"author":[{"embeddable":true,"href":"https:\/\/www.top10casinowebsites.net\/es\/wp-json\/wp\/v2\/users\/4"}],"replies":[{"embeddable":true,"href":"https:\/\/www.top10casinowebsites.net\/es\/wp-json\/wp\/v2\/comments?post=1732"}],"version-history":[{"count":2,"href":"https:\/\/www.top10casinowebsites.net\/es\/wp-json\/wp\/v2\/pages\/1732\/revisions"}],"predecessor-version":[{"id":2166,"href":"https:\/\/www.top10casinowebsites.net\/es\/wp-json\/wp\/v2\/pages\/1732\/revisions\/2166"}],"up":[{"embeddable":true,"href":"https:\/\/www.top10casinowebsites.net\/es\/wp-json\/wp\/v2\/pages\/145"}],"wp:attachment":[{"href":"https:\/\/www.top10casinowebsites.net\/es\/wp-json\/wp\/v2\/media?parent=1732"}],"curies":[{"name":"wp","href":"https:\/\/api.w.org\/{rel}","templated":true}]}}