{"id":1740,"date":"2017-01-27T14:30:23","date_gmt":"2017-01-27T14:30:23","guid":{"rendered":"https:\/\/www.top10casinowebsites.net\/?page_id=1740"},"modified":"2017-10-06T14:24:21","modified_gmt":"2017-10-06T14:24:21","slug":"ipad","status":"publish","type":"page","link":"https:\/\/www.top10casinowebsites.net\/es\/moviles\/ipad","title":{"rendered":"Casinos para ipad \u2013 los mejores casinos m\u00f3viles para iPad"},"content":{"rendered":"<h2>Casinos m\u00f3viles para ipad \u2013 la mejor experiencia virtual<\/h2>\n<p><img decoding=\"async\" class=\"alignright size-full wp-image-1733\" src=\"https:\/\/www.top10casinowebsites.net\/wp-content\/uploads\/2017\/01\/apple.jpg\" alt=\"\" width=\"300\" \/><a href=\"https:\/\/www.apple.com\/es\/ipad\">Los dispositivos Tablet, tales como el iPad<\/a>, son considerados el futuro de la inform\u00e1tica por numerosos expertos en tecnolog\u00eda. Actualmente, el iPad es, sin lugar a duda, la Tablet m\u00e1s reconocida y utilizada del mercado.<\/p>\n<p>Sus competidoras m\u00e1s directas son <a href=\"http:\/\/www.samsung.com\/es\/\">las series Galaxy de Samsung<\/a>, pero aun as\u00ed, iPad gana por goleada. Existe una cierta adoraci\u00f3n hacia iPad, llegando a ser incluso amado por sus usuarios. Su facilidad de uso, simplicidad en el dise\u00f1o y su gran pantalla crea cada d\u00eda m\u00e1s seguidores, que no dudan en llevar su Tablet all\u00e1 a donde van. Es genial poder leer libros, hacer una presentaci\u00f3n de negocios, ver pel\u00edculas e incluso disfrutar jugando.<\/p>\n<p>Una pantalla m\u00e1s grande implica una sensaci\u00f3n envolvente y atractiva para todos los jugadores. Asimismo, te permite una mayor experiencia de juego ya que dispones de m\u00e1s espacio donde poder tocar. Adem\u00e1s, actualmente existen teclados externos que puedes conectar a tu iPad de manera inal\u00e1mbrica convirtiendo al juego a algo parecido a jugar en el ordenador o la videoconsola.<\/p>\n<p>Cuando se trata de casinos online o juegos de azar no hay nada mejor que un iPad. Una mayor pantalla marca la diferencia.<\/p>\n<h2>Las mejores p\u00e1ginas para casinos m\u00f3vil<\/h2>\n<div class=\"grid-contents\" id=\"grid-contents\"><table class=\"cas_table\" ><tbody><tr class=\"rank-1\">\n                                <td class=\"ranking\">1<\/td>\n                                <td class=\"brandcol\">\n                                    <a href=https:\/\/www.top10casinowebsites.net\/es\/review\/888-casino class=\"brand brand-bg\"><img loading=\"lazy\" decoding=\"async\" class=\"group list-group-image\" src=\"https:\/\/static.top10casinowebsites.net\/images\/casino-rooms\/888-casino-logo.png\" width=\"200\" height=\"128\"\/><\/a>\n                                <\/td>\n                                <td class=\"bonus\" data-title=\"Bonus\">\n\t\t\t\t\t               <p class=\"bonus-text\"><strong>$888<\/strong>Welcome Bonus <br>(<a href=\"https:\/\/www.top10casinowebsites.net\/es\/review\/888-casino\">T&Cs apply, 18+<\/a>)<\/p>\n\t\t\t\t                <\/td>\n\t\t\t\t\t            <td class=\"badge_game\" data-title=\"Rating\">\n                                    <div class=\"rating\"><strong>5<\/strong>\/5<\/div>\n                                    <div class=\"rating stars\" style=\"margin-top: 5px;\"><span class=\"icon icon-stars\"><span class=\"icon-stars green\" style=\"width: 100%;\"><\/span><\/span><\/div>\n\t\t\t\t\t            <\/td>\n                               \n                                <td class=\"play\">\n\t\t\t\t\t               <a class=\"button-gold\" rel=\"nofollow\" href=\"https:\/\/www.top10casinowebsites.net\/es\/review\/888-casino\">Visit<\/a>\n\t                               <div class=\"\">\n\t\t\t\t\t                   <a class=\"review-snippet-link-play-now-col\" href=\"https:\/\/www.top10casinowebsites.net\/es\/review\/888-casino\">Read Review<\/a>\n\t\t\t\t\t               <\/div>\n\t\t\t\t\t           <\/td>\n     \t\t\t\t        <\/tr><\/tbody><\/table><\/div>\n<p>iPad ha llegado para quedarse y se ha convertido en el mejor dispositivo con el que disfrutar de los juegos de casino. Si eres un jugador entregado y has estado usando el ordenador o tu tel\u00e9fono m\u00f3vil, quiz\u00e1 necesites considerar la opci\u00f3n de cambiar a iPad. La Tablet de Apple es la mezcla perfecta entre los ordenadores de sobremesa y los tel\u00e9fonos inteligentes. Debido al tama\u00f1o de su pantalla no tendr\u00e1s la necesidad de forzar la vista y podr\u00e1s disfrutar de la misma experiencia que ofrece un ordenador pero con la ventaja de ser un dispositivo f\u00e1cilmente portable. Al igual que si se tratase de un tel\u00e9fono, podr\u00e1s acceder a tus <a href=\"\/es\/juegos\">casinos online favoritos y jugar a todos los juegos de casino desde donde quieras y cuando quieras<\/a>.<\/p>\n<h2>Legitimado, certificado, probado y testado<\/h2>\n<p><img loading=\"lazy\" decoding=\"async\" class=\"alignleft size-full\" src=\"https:\/\/static.top10casinowebsites.net\/images\/icons\/licensed-casinos.png\" alt=\"iPad licensed casinos\" width=\"128\" height=\"128\" \/>Al igual que iPhone, iPad funciona con el sistema operativo iOS. Con lo cual puedes descargar de manera oficial y segura para tu dispositivo en la tienda oficial de Apple Store.<\/p>\n<p>Sin embargo, debido a la pol\u00edtica de empresa y a sus restricciones no podr\u00e1s encontrar disponible ninguna aplicaci\u00f3n de casino online que admita apuestas con dinero real.<\/p>\n<p>Pero no se preocupe, s\u00ed lo que est\u00e1 buscando son los mejores casinos online para iPad, estas en el lugar correcto. Nosotros ofrecemos un listado de los mejores casinos para la Tablet de Apple y adem\u00e1s, nos preocupamos por actualizarla y tratar de mejorarla para estar siempre a la vanguardia de los mejores juegos para iPad.<\/p>\n<p>Cuando decides jugar en alguno de los casinos que de nuestra lista, estas decidiendo apostar a lo mejor de lo mejor. Y lo m\u00e1s importante de todo, puedes jugar sin preocupaciones ya que nosotros hemos verificado y certificado que los casinos son <strong>totalmente legales<\/strong>. Cada c\u00e9ntimo que juegues lo har\u00e1s en p\u00e1ginas de total confianza.<\/p>\n<p>Pero no te relajes. Todav\u00eda quedan muchos casinos donde apostar tu dinero no es una buena idea. Por eso te ofrecemos una lista negra para que te mantengas al tanto de los sitios menos recomendables donde jugar. Te recomendamos echarle un ojo antes de poner tu dinero en juego.<\/p>\n<h2>Casinos para ipad &#8211; \u00bfc\u00f3mo los evaluamos?<\/h2>\n<p><img loading=\"lazy\" decoding=\"async\" class=\"alignleft size-full\" src=\"https:\/\/static.top10casinowebsites.net\/images\/icons\/help-and-tips.png\" alt=\"\" width=\"128\" height=\"128\" \/>En <strong>top10casinowebsites.net<\/strong> apostamos por el trabajo bien hecho. Contamos con un equipo de grandes profesionales que analizan y revisan cada casino rigurosamente. No podr\u00e1s encontrar otro lugar en que los detalles importen tanto y cada elemento se examine con lupa.<\/p>\n<p>Podr\u00edamos aburrirte con una larga lista de factores t\u00e9cnicos a la hora de valorar los casinos para iPad, por eso lo hemos simplificado a cinco punto, que ti tambi\u00e9n podr\u00edan ayudarte a la hora de elegir un casino.<\/p>\n<ol>\n<li><strong>Bonos de bienvenida<\/strong>: Estos cupones se utilizan para atraer a nuevos clientes y casi todos los casinos lo utilizan como reclamo. Nosotros analizamos y comparamos las mejores ofertas para que a ti te resulte m\u00e1s f\u00e1cil elegir en donde jugar<\/li>\n<li><strong>Juegos<\/strong>: Son la raz\u00f3n de ser de cada casino. Por eso es importante conocer cu\u00e1ntos juegos ofrece cada casino m\u00f3vil, que tipo de juegos son, qui\u00e9nes son los desarrolladores del software y hacemos un balance general de toda la oferta de entretenimiento.<\/li>\n<li><strong>Seguridad<\/strong>: El intercambio de datos confidenciales entre jugador y servidor de casino es algo que nos preocupa. Por ello comprobamos la seguridad de la informaci\u00f3n personal dentro de las p\u00e1ginas y exponemos los puntos d\u00e9biles para su revisi\u00f3n.<\/li>\n<li><strong>Pagos y Dep\u00f3sito<\/strong>: En el caso de casino con dinero real, un pago r\u00e1pido lo es todo<\/li>\n<li><strong>Servicio al Cliente<\/strong>: Es donde acudimos cuando algo no funciona adecuadamente. Personalmente nos aseguramos de que este servicio funciona correctamente y todos los casinos que recomendamos cuentan con un servicio de atenci\u00f3n al cliente de calidad.<\/li>\n<\/ol>\n<h2>Aplicaciones nativas vs aplicaciones web<\/h2>\n<p><img loading=\"lazy\" decoding=\"async\" class=\"alignleft size-full\" src=\"https:\/\/static.top10casinowebsites.net\/images\/icons\/help-and-tips.png\" alt=\"\" width=\"128\" height=\"128\" \/>NO tienes que descargarte ninguna aplicaci\u00f3n para poder jugar con dinero real en tu iPad.<\/p>\n<p>La manera m\u00e1s f\u00e1cil y sencillas es jugar desde las p\u00e1ginas de casinos.<\/p>\n<p>Te recomendamos acceder a tu p\u00e1gina de casino favorita, entrando directamente desde el buscador web de tu iPad (generalmente Safari) y a comenzar a jugar<\/p>\n<h2>iPad Casino FAQs<\/h2>\n<div class='dt-sc-toggle-frame-set'><div class=\"dt-sc-toggle-frame\">\t<h5 class='dt-sc-toggle-accordion '><a href='#'>1. \u00bfA qu\u00e9 juegos de casino puedo acceder desde mi iPad?<\/a><\/h5>\t<div class=\"dt-sc-toggle-content\" style=\"display: none;\">\t\t<div class=\"block\">Poker, Ruleta, Slots, Tragaperras Progresivas, Bingo, Black Jack, Video Poker, \u00a1t\u00fa decides! Cualquier juego de casino que puedas encontrar en uno f\u00edsico tambi\u00e9n podr\u00e1s encontrarlo en versi\u00f3n para iPad.\t\t<\/div>\t<\/div><\/div>\n<div class=\"dt-sc-toggle-frame\">\t<h5 class='dt-sc-toggle-accordion '><a href='#'>2. \u00bfPuedo jugar gratis desde mi iPad?<\/a><\/h5>\t<div class=\"dt-sc-toggle-content\" style=\"display: none;\">\t\t<div class=\"block\">\u00a1Por supuesto! Hay muchas maneras gratuitas de jugar y divertirte con los juegos de casino sin tener que apostar nada.\t\t<\/div>\t<\/div><\/div>\n<div class=\"dt-sc-toggle-frame\">\t<h5 class='dt-sc-toggle-accordion '><a href='#'>3. \u00bfPuedo conseguir Bonos de Bienvenida?<\/a><\/h5>\t<div class=\"dt-sc-toggle-content\" style=\"display: none;\">\t\t<div class=\"block\">\u00a1Claro! Solamente comprueba nuestra lista con las rese\u00f1as de los mejores casinos para que puedas hacerte una idea de las condiciones de cada uno de ellos.\t\t<\/div>\t<\/div><\/div><\/div>\n","protected":false},"excerpt":{"rendered":"<p>Casinos m\u00f3viles para ipad \u2013 la mejor experiencia virtual Los dispositivos Tablet, tales como el iPad, son considerados el futuro de la inform\u00e1tica por numerosos expertos en tecnolog\u00eda. Actualmente, el iPad es, sin lugar a duda, la Tablet m\u00e1s reconocida y utilizada del mercado. Sus competidoras m\u00e1s directas son las series Galaxy de Samsung, pero [&hellip;]<\/p>\n","protected":false},"author":4,"featured_media":0,"parent":145,"menu_order":0,"comment_status":"closed","ping_status":"closed","template":"","meta":{"_acf_changed":false,"footnotes":""},"class_list":["post-1740","page","type-page","status-publish","hentry"],"acf":[],"yoast_head":"<!-- This site is optimized with the Yoast SEO plugin v27.4 - https:\/\/yoast.com\/product\/yoast-seo-wordpress\/ -->\n<title>Casinos para ipad \u2013 los mejores casinos m\u00f3viles para iPad<\/title>\n<meta name=\"description\" content=\"Encuentra las mejores p\u00e1ginas de casino iPad y participa en una amplia gama de juegos como la tragamonedas, ruleta, blackjack y muchos m\u00e1s desde tu dispositivo Apple.\" \/>\n<meta name=\"robots\" content=\"index, follow, max-snippet:-1, max-image-preview:large, max-video-preview:-1\" \/>\n<link rel=\"canonical\" href=\"https:\/\/www.top10casinowebsites.net\/es\/moviles\/ipad\" \/>\n<meta property=\"og:locale\" content=\"en_US\" \/>\n<meta property=\"og:type\" content=\"article\" \/>\n<meta property=\"og:title\" content=\"Casinos para ipad \u2013 los mejores casinos m\u00f3viles para iPad\" \/>\n<meta property=\"og:description\" content=\"Encuentra las mejores p\u00e1ginas de casino iPad y participa en una amplia gama de juegos como la tragamonedas, ruleta, blackjack y muchos m\u00e1s desde tu dispositivo Apple.\" \/>\n<meta property=\"og:url\" content=\"https:\/\/www.top10casinowebsites.net\/es\/moviles\/ipad\" \/>\n<meta property=\"og:site_name\" content=\"ES\" \/>\n<meta property=\"article:modified_time\" content=\"2017-10-06T14:24:21+00:00\" \/>\n<meta name=\"twitter:card\" content=\"summary_large_image\" \/>\n<meta name=\"twitter:label1\" content=\"Est. reading time\" \/>\n\t<meta name=\"twitter:data1\" content=\"5 minutes\" \/>\n<script type=\"application\/ld+json\" class=\"yoast-schema-graph\">{\"@context\":\"https:\\\/\\\/schema.org\",\"@graph\":[{\"@type\":\"WebPage\",\"@id\":\"https:\\\/\\\/www.top10casinowebsites.net\\\/es\\\/moviles\\\/ipad\",\"url\":\"https:\\\/\\\/www.top10casinowebsites.net\\\/es\\\/moviles\\\/ipad\",\"name\":\"Casinos para ipad \u2013 los mejores casinos m\u00f3viles para iPad\",\"isPartOf\":{\"@id\":\"https:\\\/\\\/www.top10casinowebsites.net\\\/es\\\/#website\"},\"primaryImageOfPage\":{\"@id\":\"https:\\\/\\\/www.top10casinowebsites.net\\\/es\\\/moviles\\\/ipad#primaryimage\"},\"image\":{\"@id\":\"https:\\\/\\\/www.top10casinowebsites.net\\\/es\\\/moviles\\\/ipad#primaryimage\"},\"thumbnailUrl\":\"https:\\\/\\\/www.top10casinowebsites.net\\\/wp-content\\\/uploads\\\/2017\\\/01\\\/apple.jpg\",\"datePublished\":\"2017-01-27T14:30:23+00:00\",\"dateModified\":\"2017-10-06T14:24:21+00:00\",\"description\":\"Encuentra las mejores p\u00e1ginas de casino iPad y participa en una amplia gama de juegos como la tragamonedas, ruleta, blackjack y muchos m\u00e1s desde tu dispositivo Apple.\",\"breadcrumb\":{\"@id\":\"https:\\\/\\\/www.top10casinowebsites.net\\\/es\\\/moviles\\\/ipad#breadcrumb\"},\"inLanguage\":\"en-US\",\"potentialAction\":[{\"@type\":\"ReadAction\",\"target\":[\"https:\\\/\\\/www.top10casinowebsites.net\\\/es\\\/moviles\\\/ipad\"]}]},{\"@type\":\"ImageObject\",\"inLanguage\":\"en-US\",\"@id\":\"https:\\\/\\\/www.top10casinowebsites.net\\\/es\\\/moviles\\\/ipad#primaryimage\",\"url\":\"https:\\\/\\\/www.top10casinowebsites.net\\\/wp-content\\\/uploads\\\/2017\\\/01\\\/apple.jpg\",\"contentUrl\":\"https:\\\/\\\/www.top10casinowebsites.net\\\/wp-content\\\/uploads\\\/2017\\\/01\\\/apple.jpg\"},{\"@type\":\"BreadcrumbList\",\"@id\":\"https:\\\/\\\/www.top10casinowebsites.net\\\/es\\\/moviles\\\/ipad#breadcrumb\",\"itemListElement\":[{\"@type\":\"ListItem\",\"position\":1,\"name\":\"Home\",\"item\":\"https:\\\/\\\/www.top10casinowebsites.net\\\/es\\\/\"},{\"@type\":\"ListItem\",\"position\":2,\"name\":\"Mejores casinos para dispositivos m\u00f3viles iOs, Android, Blackberry y Windows\",\"item\":\"https:\\\/\\\/www.top10casinowebsites.net\\\/es\\\/moviles\"},{\"@type\":\"ListItem\",\"position\":3,\"name\":\"Casinos para ipad \u2013 los mejores casinos m\u00f3viles para iPad\"}]},{\"@type\":\"WebSite\",\"@id\":\"https:\\\/\\\/www.top10casinowebsites.net\\\/es\\\/#website\",\"url\":\"https:\\\/\\\/www.top10casinowebsites.net\\\/es\\\/\",\"name\":\"ES\",\"description\":\"\",\"potentialAction\":[{\"@type\":\"SearchAction\",\"target\":{\"@type\":\"EntryPoint\",\"urlTemplate\":\"https:\\\/\\\/www.top10casinowebsites.net\\\/es\\\/?s={search_term_string}\"},\"query-input\":{\"@type\":\"PropertyValueSpecification\",\"valueRequired\":true,\"valueName\":\"search_term_string\"}}],\"inLanguage\":\"en-US\"}]}<\/script>\n<!-- \/ Yoast SEO plugin. -->","yoast_head_json":{"title":"Casinos para ipad \u2013 los mejores casinos m\u00f3viles para iPad","description":"Encuentra las mejores p\u00e1ginas de casino iPad y participa en una amplia gama de juegos como la tragamonedas, ruleta, blackjack y muchos m\u00e1s desde tu dispositivo Apple.","robots":{"index":"index","follow":"follow","max-snippet":"max-snippet:-1","max-image-preview":"max-image-preview:large","max-video-preview":"max-video-preview:-1"},"canonical":"https:\/\/www.top10casinowebsites.net\/es\/moviles\/ipad","og_locale":"en_US","og_type":"article","og_title":"Casinos para ipad \u2013 los mejores casinos m\u00f3viles para iPad","og_description":"Encuentra las mejores p\u00e1ginas de casino iPad y participa en una amplia gama de juegos como la tragamonedas, ruleta, blackjack y muchos m\u00e1s desde tu dispositivo Apple.","og_url":"https:\/\/www.top10casinowebsites.net\/es\/moviles\/ipad","og_site_name":"ES","article_modified_time":"2017-10-06T14:24:21+00:00","twitter_card":"summary_large_image","twitter_misc":{"Est. reading time":"5 minutes"},"schema":{"@context":"https:\/\/schema.org","@graph":[{"@type":"WebPage","@id":"https:\/\/www.top10casinowebsites.net\/es\/moviles\/ipad","url":"https:\/\/www.top10casinowebsites.net\/es\/moviles\/ipad","name":"Casinos para ipad \u2013 los mejores casinos m\u00f3viles para iPad","isPartOf":{"@id":"https:\/\/www.top10casinowebsites.net\/es\/#website"},"primaryImageOfPage":{"@id":"https:\/\/www.top10casinowebsites.net\/es\/moviles\/ipad#primaryimage"},"image":{"@id":"https:\/\/www.top10casinowebsites.net\/es\/moviles\/ipad#primaryimage"},"thumbnailUrl":"https:\/\/www.top10casinowebsites.net\/wp-content\/uploads\/2017\/01\/apple.jpg","datePublished":"2017-01-27T14:30:23+00:00","dateModified":"2017-10-06T14:24:21+00:00","description":"Encuentra las mejores p\u00e1ginas de casino iPad y participa en una amplia gama de juegos como la tragamonedas, ruleta, blackjack y muchos m\u00e1s desde tu dispositivo Apple.","breadcrumb":{"@id":"https:\/\/www.top10casinowebsites.net\/es\/moviles\/ipad#breadcrumb"},"inLanguage":"en-US","potentialAction":[{"@type":"ReadAction","target":["https:\/\/www.top10casinowebsites.net\/es\/moviles\/ipad"]}]},{"@type":"ImageObject","inLanguage":"en-US","@id":"https:\/\/www.top10casinowebsites.net\/es\/moviles\/ipad#primaryimage","url":"https:\/\/www.top10casinowebsites.net\/wp-content\/uploads\/2017\/01\/apple.jpg","contentUrl":"https:\/\/www.top10casinowebsites.net\/wp-content\/uploads\/2017\/01\/apple.jpg"},{"@type":"BreadcrumbList","@id":"https:\/\/www.top10casinowebsites.net\/es\/moviles\/ipad#breadcrumb","itemListElement":[{"@type":"ListItem","position":1,"name":"Home","item":"https:\/\/www.top10casinowebsites.net\/es\/"},{"@type":"ListItem","position":2,"name":"Mejores casinos para dispositivos m\u00f3viles iOs, Android, Blackberry y Windows","item":"https:\/\/www.top10casinowebsites.net\/es\/moviles"},{"@type":"ListItem","position":3,"name":"Casinos para ipad \u2013 los mejores casinos m\u00f3viles para iPad"}]},{"@type":"WebSite","@id":"https:\/\/www.top10casinowebsites.net\/es\/#website","url":"https:\/\/www.top10casinowebsites.net\/es\/","name":"ES","description":"","potentialAction":[{"@type":"SearchAction","target":{"@type":"EntryPoint","urlTemplate":"https:\/\/www.top10casinowebsites.net\/es\/?s={search_term_string}"},"query-input":{"@type":"PropertyValueSpecification","valueRequired":true,"valueName":"search_term_string"}}],"inLanguage":"en-US"}]}},"_links":{"self":[{"href":"https:\/\/www.top10casinowebsites.net\/es\/wp-json\/wp\/v2\/pages\/1740","targetHints":{"allow":["GET"]}}],"collection":[{"href":"https:\/\/www.top10casinowebsites.net\/es\/wp-json\/wp\/v2\/pages"}],"about":[{"href":"https:\/\/www.top10casinowebsites.net\/es\/wp-json\/wp\/v2\/types\/page"}],"author":[{"embeddable":true,"href":"https:\/\/www.top10casinowebsites.net\/es\/wp-json\/wp\/v2\/users\/4"}],"replies":[{"embeddable":true,"href":"https:\/\/www.top10casinowebsites.net\/es\/wp-json\/wp\/v2\/comments?post=1740"}],"version-history":[{"count":1,"href":"https:\/\/www.top10casinowebsites.net\/es\/wp-json\/wp\/v2\/pages\/1740\/revisions"}],"predecessor-version":[{"id":2165,"href":"https:\/\/www.top10casinowebsites.net\/es\/wp-json\/wp\/v2\/pages\/1740\/revisions\/2165"}],"up":[{"embeddable":true,"href":"https:\/\/www.top10casinowebsites.net\/es\/wp-json\/wp\/v2\/pages\/145"}],"wp:attachment":[{"href":"https:\/\/www.top10casinowebsites.net\/es\/wp-json\/wp\/v2\/media?parent=1740"}],"curies":[{"name":"wp","href":"https:\/\/api.w.org\/{rel}","templated":true}]}}