{"id":1742,"date":"2017-01-27T14:50:28","date_gmt":"2017-01-27T14:50:28","guid":{"rendered":"https:\/\/www.top10casinowebsites.net\/?page_id=1742"},"modified":"2017-10-06T14:40:49","modified_gmt":"2017-10-06T14:40:49","slug":"samsung","status":"publish","type":"page","link":"https:\/\/www.top10casinowebsites.net\/es\/moviles\/samsung","title":{"rendered":"Casinos para samsung \u2013 los mejores casinos para m\u00f3viles Samsung"},"content":{"rendered":"<h2>Casinos para smartphone Samsung &#8211; \u00a1dise\u00f1ados para ti!<\/h2>\n<p><img decoding=\"async\" class=\"alignright size-full wp-image-1743\" src=\"https:\/\/www.top10casinowebsites.net\/wp-content\/uploads\/2017\/01\/samsung.jpg\" alt=\"\" width=\"300\" \/><a href=\"http:\/\/www.samsung.com\/es\/\">Samsung<\/a> es el nombre de una de las marcas m\u00e1s reconocidas en el mercado de los Smartphone. Y tiene una buena explicaci\u00f3n, son los precursores de la <a href=\"\/es\/moviles\/android\">tecnolog\u00eda Android<\/a> y los principales competidores de Apple.<\/p>\n<p>Aunque no todos han sido \u00e9xitos, v\u00e9ase el <a href=\"http:\/\/www.dw.com\/es\/desastre-de-samsung-el-galaxy-note-7-se-prende-fuego\/a-36018821\">colosal fallo del Samsung Note 7<\/a>, la empresa surcoreana se esfuerza por hacer que sus tel\u00e9fonos sean los m\u00e1s atractivos, elegantes y con m\u00e1s caracter\u00edsticas del mercado. Y todo sea dicho, lo est\u00e1 consiguiendo. El terminal estrella de la marca, el Galaxy S7 Edge, se comporta como algo venido del futuro y eso parece atraer al p\u00fablico m\u00e1s exigente.<\/p>\n<p>Los tel\u00e9fonos Samsung se caracterizan por tener un excelente procesador apto para soportar los mejores juegos. Adem\u00e1s, las gamas altas de m\u00f3viles Samsung cuentan con una resoluci\u00f3n de pantalla que hace que parezca que los objetos atraviesen la pantalla. En t\u00e9rminos de PPP (P\u00edxeles Por Pulgada) sobresalen por encima de todos los dem\u00e1s tel\u00e9fonos del mercado. Los colores vienen a la vida en los m\u00f3viles Samsung y hace que jugar en se convierta en un aut\u00e9ntico regalo.<\/p>\n<h2>Los mejores casinos para m\u00f3viles samsung<\/h2>\n<div class=\"grid-contents\" id=\"grid-contents\"><table class=\"cas_table\" ><tbody><tr class=\"rank-1\">\n                                <td class=\"ranking\">1<\/td>\n                                <td class=\"brandcol\">\n                                    <a href=https:\/\/www.top10casinowebsites.net\/es\/review\/888-casino class=\"brand brand-bg\"><img loading=\"lazy\" decoding=\"async\" class=\"group list-group-image\" src=\"https:\/\/static.top10casinowebsites.net\/images\/casino-rooms\/888-casino-logo.png\" width=\"200\" height=\"128\"\/><\/a>\n                                <\/td>\n                                <td class=\"bonus\" data-title=\"Bonus\">\n\t\t\t\t\t               <p class=\"bonus-text\"><strong>$888<\/strong>Welcome Bonus <br>(<a href=\"https:\/\/www.top10casinowebsites.net\/es\/review\/888-casino\">T&Cs apply, 18+<\/a>)<\/p>\n\t\t\t\t                <\/td>\n\t\t\t\t\t            <td class=\"badge_game\" data-title=\"Rating\">\n                                    <div class=\"rating\"><strong>5<\/strong>\/5<\/div>\n                                    <div class=\"rating stars\" style=\"margin-top: 5px;\"><span class=\"icon icon-stars\"><span class=\"icon-stars green\" style=\"width: 100%;\"><\/span><\/span><\/div>\n\t\t\t\t\t            <\/td>\n                               \n                                <td class=\"play\">\n\t\t\t\t\t               <a class=\"button-gold\" rel=\"nofollow\" href=\"https:\/\/www.top10casinowebsites.net\/es\/review\/888-casino\">Visit<\/a>\n\t                               <div class=\"\">\n\t\t\t\t\t                   <a class=\"review-snippet-link-play-now-col\" href=\"https:\/\/www.top10casinowebsites.net\/es\/review\/888-casino\">Read Review<\/a>\n\t\t\t\t\t               <\/div>\n\t\t\t\t\t           <\/td>\n     \t\t\t\t        <\/tr><\/tbody><\/table><\/div>\n<h2>Legitimado, certificado, probado y testado<\/h2>\n<p>Para todos aquellos que ten\u00e9is un tel\u00e9fono Samsung, y muy especialmente los que ten\u00e9is la gama m\u00e1s alta de la serie Galaxy, no le est\u00e1is haciendo justicia a vuestro m\u00f3vil si no os hab\u00e9is descargado ya ning\u00fan juego de casino. \u00bfTe imaginas como ser\u00eda tu vida teniendo un dinero extra cada mes? \u00bfY si adem\u00e1s de dinero te estuvieras divirtiendo? Todo esto y mucho m\u00e1s solamente jugando a juegos de casino en tu terminal Samsung. Sencillo, \u00bfverdad?<\/p>\n<p><img loading=\"lazy\" decoding=\"async\" class=\"alignleft size-full\" src=\"https:\/\/static.top10casinowebsites.net\/images\/icons\/licensed-casinos.png\" alt=\"Samsung licensed casinos\" width=\"128\" height=\"128\" \/>La mayor\u00eda de los m\u00f3viles Samsung trabajan con la tecnolog\u00eda Android y sobre ella personalizan su interfaz. As\u00ed que lo habitual es que si tienes un tel\u00e9fono Samsung tengas que visitar la tienda de Google Play para descargarte las aplicaciones.<\/p>\n<p>Si pensabas que a trav\u00e9s de la tienda de Google podr\u00edas descargarte las aplicaciones de casinos para m\u00f3viles, tenemos malas noticias para ti. Lamentablemente las pol\u00edticas de la compa\u00f1\u00eda proh\u00edben la descarga de casinos de dinero real.<\/p>\n<p>Pero nosotros tenemos la soluci\u00f3n. Encontrar los mejores juegos de casino para tu dispositivo m\u00f3vil no va ser un problema. Solamente necesitar\u00e1s echar un vistazo por nuestra p\u00e1gina web para encontrar las mejores listas de casinos online para dispositivos Android. Todo lo que tendr\u00e1s que hacer ser\u00e1 elegir el casino que m\u00e1s te guste y comenzar a jugar. \u00bfA que estas esperando?<\/p>\n<p>Cuando eliges alguno de los casinos que nosotros recomendamos en nuestra p\u00e1gina web, est\u00e1s apostando sobre seguro, ya que nosotros hemos verificado todos y cada uno de los casinos que recomendamos. Nos aseguramos de que cumplen con todas las normativas, los probamos, testeamos y certificamos que todos los juegos son legales al 100%. Solamente ofrecemos la <em>cr\u00e8me de cr\u00e8me<\/em> de los casinos online.<\/p>\n<h2>Casinos para dispositivos samsung &#8211; \u00bfc\u00f3mo los evaluamos?<\/h2>\n<p><img loading=\"lazy\" decoding=\"async\" class=\"alignleft size-full\" src=\"https:\/\/static.top10casinowebsites.net\/images\/icons\/help-and-tips.png\" alt=\"\" width=\"128\" height=\"128\" \/>Tal y como ya hemos dicho, nosotros no solo recomendamos casinos. Invertimos tiempo y recursos en evaluar cualquier casino antes de incluirlo en una de nuestras listas, para ofrecer siempre la m\u00e1s alta calidad.<\/p>\n<p>A continuaci\u00f3n os enumeramos algunos de los factores en los que nos fijamos para verificar los casinos para m\u00f3viles Samsung.<\/p>\n<ol>\n<li><strong>Bonos de bienvenida<\/strong>: Es muy com\u00fan recibir un primer dep\u00f3sito gratuito cada vez que entras en un casino por primera vez. Lo que seguramente no sepas es que esos bonos esconden t\u00e9rminos y condiciones. Nosotros te los mostramos todos, as\u00ed estar\u00e1s informado antes de tomar cualquier decisi\u00f3n.<\/li>\n<li><strong>Juegos<\/strong>: Los casinos que recomendamos ofrecen una variada colecci\u00f3n de juegos que puede ir desde poker o apuestas deportivas hasta juegos de ruleta o bingo. Juegos de cartas, tragaperras, juegos de mesa\u2026 \u00a1Los hay para todos los gustos y colores!<\/li>\n<li><strong>Seguridad<\/strong>: De todos los casinos que testamos, solamente ofrecemos a nuestros lectores una selecci\u00f3n de los que mejores. La ley de protecci\u00f3n de datos es imprescindible en nuestras bases y no aceptamos casinos que no cumplan las norma de la misma manera que nosotros lo hacemos.<\/li>\n<li><strong>Dep\u00f3sitos y pagos<\/strong>: Deben realizarse de manera r\u00e1pida y sencilla. Los mejores casinos para Samsung aceptan diferentes m\u00e9todos de pago como tarjetas de cr\u00e9dito, d\u00e9bito, cheques, transferencia bancaria, etc.<\/li>\n<li><strong>Servicio al cliente<\/strong>: Si un casino lo tiene todo pero no cuida su atenci\u00f3n a sus clientes, simplemente no pasar\u00e1 nuestro filtro de recomendaciones.<\/li>\n<\/ol>\n<h2>Aplicaciones nativas vs aplicaciones web<\/h2>\n<p><img loading=\"lazy\" decoding=\"async\" class=\"alignleft size-full\" src=\"https:\/\/static.top10casinowebsites.net\/images\/icons\/help-and-tips.png\" alt=\"\" width=\"128\" height=\"128\" \/>Al contrario de lo que mucha gente piensa, los mejores casinos no tienen aplicaciones para m\u00f3viles.<\/p>\n<p>De hecho, hay juegos instant\u00e1neos impulsados por <a href=\"https:\/\/es.wikipedia.org\/wiki\/HTML5\">HTML5<\/a> y <a href=\"https:\/\/get.adobe.com\/es\/flashplayer\">Flash<\/a> a los que puedes acceder a trav\u00e9s del navegador de tu dispositivo Samsung.<\/p>\n<p>Todo lo que tienes que hacer es entrar en el buscador y escribir la direcci\u00f3n del casino al que quieras acceder. Pues probar con alguno de los que nosotros hemos seleccionado para ti.<\/p>\n<p>De este modo, no tendr\u00e1s que correr ning\u00fan riesgo innecesario descarg\u00e1ndote aplicaciones e infectando tu tel\u00e9fono con virus de sitios poco seguros.<\/p>\n<h2>Preguntas frecuentes para casinos samsung<\/h2>\n<div class='dt-sc-toggle-frame-set'><div class=\"dt-sc-toggle-frame\">\t<h5 class='dt-sc-toggle-accordion '><a href='#'>1. \u00bfA qu\u00e9 juegos puedo jugar en mi m\u00f3vil Samsung?<\/a><\/h5>\t<div class=\"dt-sc-toggle-content\" style=\"display: none;\">\t\t<div class=\"block\">La mayor\u00eda de los casinos tienen una amplia variedad de juegos. Todos los juegos que puedes encontrar dentro de un casino real, estar\u00e1 disponible para jugar desde tu tel\u00e9fono Samsung.\t\t<\/div>\t<\/div><\/div>\n<div class=\"dt-sc-toggle-frame\">\t<h5 class='dt-sc-toggle-accordion '><a href='#'>2. \u00bfSon seguros los juegos de casino con dinero real para mi m\u00f3vil Samsung?<\/a><\/h5>\t<div class=\"dt-sc-toggle-content\" style=\"display: none;\">\t\t<div class=\"block\">Tenemos la certeza de que si eliges jugar en alguno de los casinos que nosotros hemos verificado, tu apuesta ser\u00e1 completamente segura. Asimismo tambi\u00e9n te ofrecemos una \u201clista negra\u201d con los casinos que operan de forma fraudulenta. Te recomendamos echarle un ojo antes de empezar a jugar.\t\t<\/div>\t<\/div><\/div>\n<div class=\"dt-sc-toggle-frame\">\t<h5 class='dt-sc-toggle-accordion '><a href='#'>3. \u00bfHacen los juegos de casino que mi tel\u00e9fono Samsung funcione m\u00e1s lento?<\/a><\/h5>\t<div class=\"dt-sc-toggle-content\" style=\"display: none;\">\t\t<div class=\"block\">\u00a1Claro qu\u00e9 no! Recuerda que para disfrutar de los juegos de casino no tienes que descargarte ninguna aplicaci\u00f3n en tu dispositivo. Lo \u00fanico que tienes que hacer es entrar en la p\u00e1gina web del casino y jugar desde all\u00ed. Y, honestamente, eso solo usa el 20% de procesador de tu m\u00f3vil Samsung. Si notas que tu tel\u00e9fono funciona m\u00e1s lento cada vez que accedes a un casino online, comprueba tu cobertura\/conexi\u00f3n a internet. Es muy probable que sea eso lo que funcione con lentitud.\t\t<\/div>\t<\/div><\/div><\/div>\n","protected":false},"excerpt":{"rendered":"<p>Casinos para smartphone Samsung &#8211; \u00a1dise\u00f1ados para ti! Samsung es el nombre de una de las marcas m\u00e1s reconocidas en el mercado de los Smartphone. Y tiene una buena explicaci\u00f3n, son los precursores de la tecnolog\u00eda Android y los principales competidores de Apple. Aunque no todos han sido \u00e9xitos, v\u00e9ase el colosal fallo del Samsung [&hellip;]<\/p>\n","protected":false},"author":4,"featured_media":0,"parent":145,"menu_order":0,"comment_status":"closed","ping_status":"closed","template":"","meta":{"_acf_changed":false,"footnotes":""},"class_list":["post-1742","page","type-page","status-publish","hentry"],"acf":[],"yoast_head":"<!-- This site is optimized with the Yoast SEO plugin v27.4 - https:\/\/yoast.com\/product\/yoast-seo-wordpress\/ -->\n<title>Casinos para samsung \u2013 los mejores casinos para m\u00f3viles samsung<\/title>\n<meta name=\"description\" content=\"Visita nuestra lista con los 10 principales casinos para m\u00f3viles de Samsung y disfruta de los mejores juegos con dinero real y gratis para jugar con este dispositivo.\" \/>\n<meta name=\"robots\" content=\"index, follow, max-snippet:-1, max-image-preview:large, max-video-preview:-1\" \/>\n<link rel=\"canonical\" href=\"https:\/\/www.top10casinowebsites.net\/es\/moviles\/samsung\" \/>\n<meta property=\"og:locale\" content=\"en_US\" \/>\n<meta property=\"og:type\" content=\"article\" \/>\n<meta property=\"og:title\" content=\"Casinos para samsung \u2013 los mejores casinos para m\u00f3viles samsung\" \/>\n<meta property=\"og:description\" content=\"Visita nuestra lista con los 10 principales casinos para m\u00f3viles de Samsung y disfruta de los mejores juegos con dinero real y gratis para jugar con este dispositivo.\" \/>\n<meta property=\"og:url\" content=\"https:\/\/www.top10casinowebsites.net\/es\/moviles\/samsung\" \/>\n<meta property=\"og:site_name\" content=\"ES\" \/>\n<meta property=\"article:modified_time\" content=\"2017-10-06T14:40:49+00:00\" \/>\n<meta name=\"twitter:card\" content=\"summary_large_image\" \/>\n<meta name=\"twitter:label1\" content=\"Est. reading time\" \/>\n\t<meta name=\"twitter:data1\" content=\"6 minutes\" \/>\n<script type=\"application\/ld+json\" class=\"yoast-schema-graph\">{\"@context\":\"https:\\\/\\\/schema.org\",\"@graph\":[{\"@type\":\"WebPage\",\"@id\":\"https:\\\/\\\/www.top10casinowebsites.net\\\/es\\\/moviles\\\/samsung\",\"url\":\"https:\\\/\\\/www.top10casinowebsites.net\\\/es\\\/moviles\\\/samsung\",\"name\":\"Casinos para samsung \u2013 los mejores casinos para m\u00f3viles samsung\",\"isPartOf\":{\"@id\":\"https:\\\/\\\/www.top10casinowebsites.net\\\/es\\\/#website\"},\"primaryImageOfPage\":{\"@id\":\"https:\\\/\\\/www.top10casinowebsites.net\\\/es\\\/moviles\\\/samsung#primaryimage\"},\"image\":{\"@id\":\"https:\\\/\\\/www.top10casinowebsites.net\\\/es\\\/moviles\\\/samsung#primaryimage\"},\"thumbnailUrl\":\"https:\\\/\\\/www.top10casinowebsites.net\\\/wp-content\\\/uploads\\\/2017\\\/01\\\/samsung.jpg\",\"datePublished\":\"2017-01-27T14:50:28+00:00\",\"dateModified\":\"2017-10-06T14:40:49+00:00\",\"description\":\"Visita nuestra lista con los 10 principales casinos para m\u00f3viles de Samsung y disfruta de los mejores juegos con dinero real y gratis para jugar con este dispositivo.\",\"breadcrumb\":{\"@id\":\"https:\\\/\\\/www.top10casinowebsites.net\\\/es\\\/moviles\\\/samsung#breadcrumb\"},\"inLanguage\":\"en-US\",\"potentialAction\":[{\"@type\":\"ReadAction\",\"target\":[\"https:\\\/\\\/www.top10casinowebsites.net\\\/es\\\/moviles\\\/samsung\"]}]},{\"@type\":\"ImageObject\",\"inLanguage\":\"en-US\",\"@id\":\"https:\\\/\\\/www.top10casinowebsites.net\\\/es\\\/moviles\\\/samsung#primaryimage\",\"url\":\"https:\\\/\\\/www.top10casinowebsites.net\\\/wp-content\\\/uploads\\\/2017\\\/01\\\/samsung.jpg\",\"contentUrl\":\"https:\\\/\\\/www.top10casinowebsites.net\\\/wp-content\\\/uploads\\\/2017\\\/01\\\/samsung.jpg\"},{\"@type\":\"BreadcrumbList\",\"@id\":\"https:\\\/\\\/www.top10casinowebsites.net\\\/es\\\/moviles\\\/samsung#breadcrumb\",\"itemListElement\":[{\"@type\":\"ListItem\",\"position\":1,\"name\":\"Home\",\"item\":\"https:\\\/\\\/www.top10casinowebsites.net\\\/es\\\/\"},{\"@type\":\"ListItem\",\"position\":2,\"name\":\"Mejores casinos para dispositivos m\u00f3viles iOs, Android, Blackberry y Windows\",\"item\":\"https:\\\/\\\/www.top10casinowebsites.net\\\/es\\\/moviles\"},{\"@type\":\"ListItem\",\"position\":3,\"name\":\"Casinos para samsung \u2013 los mejores casinos para m\u00f3viles Samsung\"}]},{\"@type\":\"WebSite\",\"@id\":\"https:\\\/\\\/www.top10casinowebsites.net\\\/es\\\/#website\",\"url\":\"https:\\\/\\\/www.top10casinowebsites.net\\\/es\\\/\",\"name\":\"ES\",\"description\":\"\",\"potentialAction\":[{\"@type\":\"SearchAction\",\"target\":{\"@type\":\"EntryPoint\",\"urlTemplate\":\"https:\\\/\\\/www.top10casinowebsites.net\\\/es\\\/?s={search_term_string}\"},\"query-input\":{\"@type\":\"PropertyValueSpecification\",\"valueRequired\":true,\"valueName\":\"search_term_string\"}}],\"inLanguage\":\"en-US\"}]}<\/script>\n<!-- \/ Yoast SEO plugin. -->","yoast_head_json":{"title":"Casinos para samsung \u2013 los mejores casinos para m\u00f3viles samsung","description":"Visita nuestra lista con los 10 principales casinos para m\u00f3viles de Samsung y disfruta de los mejores juegos con dinero real y gratis para jugar con este dispositivo.","robots":{"index":"index","follow":"follow","max-snippet":"max-snippet:-1","max-image-preview":"max-image-preview:large","max-video-preview":"max-video-preview:-1"},"canonical":"https:\/\/www.top10casinowebsites.net\/es\/moviles\/samsung","og_locale":"en_US","og_type":"article","og_title":"Casinos para samsung \u2013 los mejores casinos para m\u00f3viles samsung","og_description":"Visita nuestra lista con los 10 principales casinos para m\u00f3viles de Samsung y disfruta de los mejores juegos con dinero real y gratis para jugar con este dispositivo.","og_url":"https:\/\/www.top10casinowebsites.net\/es\/moviles\/samsung","og_site_name":"ES","article_modified_time":"2017-10-06T14:40:49+00:00","twitter_card":"summary_large_image","twitter_misc":{"Est. reading time":"6 minutes"},"schema":{"@context":"https:\/\/schema.org","@graph":[{"@type":"WebPage","@id":"https:\/\/www.top10casinowebsites.net\/es\/moviles\/samsung","url":"https:\/\/www.top10casinowebsites.net\/es\/moviles\/samsung","name":"Casinos para samsung \u2013 los mejores casinos para m\u00f3viles samsung","isPartOf":{"@id":"https:\/\/www.top10casinowebsites.net\/es\/#website"},"primaryImageOfPage":{"@id":"https:\/\/www.top10casinowebsites.net\/es\/moviles\/samsung#primaryimage"},"image":{"@id":"https:\/\/www.top10casinowebsites.net\/es\/moviles\/samsung#primaryimage"},"thumbnailUrl":"https:\/\/www.top10casinowebsites.net\/wp-content\/uploads\/2017\/01\/samsung.jpg","datePublished":"2017-01-27T14:50:28+00:00","dateModified":"2017-10-06T14:40:49+00:00","description":"Visita nuestra lista con los 10 principales casinos para m\u00f3viles de Samsung y disfruta de los mejores juegos con dinero real y gratis para jugar con este dispositivo.","breadcrumb":{"@id":"https:\/\/www.top10casinowebsites.net\/es\/moviles\/samsung#breadcrumb"},"inLanguage":"en-US","potentialAction":[{"@type":"ReadAction","target":["https:\/\/www.top10casinowebsites.net\/es\/moviles\/samsung"]}]},{"@type":"ImageObject","inLanguage":"en-US","@id":"https:\/\/www.top10casinowebsites.net\/es\/moviles\/samsung#primaryimage","url":"https:\/\/www.top10casinowebsites.net\/wp-content\/uploads\/2017\/01\/samsung.jpg","contentUrl":"https:\/\/www.top10casinowebsites.net\/wp-content\/uploads\/2017\/01\/samsung.jpg"},{"@type":"BreadcrumbList","@id":"https:\/\/www.top10casinowebsites.net\/es\/moviles\/samsung#breadcrumb","itemListElement":[{"@type":"ListItem","position":1,"name":"Home","item":"https:\/\/www.top10casinowebsites.net\/es\/"},{"@type":"ListItem","position":2,"name":"Mejores casinos para dispositivos m\u00f3viles iOs, Android, Blackberry y Windows","item":"https:\/\/www.top10casinowebsites.net\/es\/moviles"},{"@type":"ListItem","position":3,"name":"Casinos para samsung \u2013 los mejores casinos para m\u00f3viles Samsung"}]},{"@type":"WebSite","@id":"https:\/\/www.top10casinowebsites.net\/es\/#website","url":"https:\/\/www.top10casinowebsites.net\/es\/","name":"ES","description":"","potentialAction":[{"@type":"SearchAction","target":{"@type":"EntryPoint","urlTemplate":"https:\/\/www.top10casinowebsites.net\/es\/?s={search_term_string}"},"query-input":{"@type":"PropertyValueSpecification","valueRequired":true,"valueName":"search_term_string"}}],"inLanguage":"en-US"}]}},"_links":{"self":[{"href":"https:\/\/www.top10casinowebsites.net\/es\/wp-json\/wp\/v2\/pages\/1742","targetHints":{"allow":["GET"]}}],"collection":[{"href":"https:\/\/www.top10casinowebsites.net\/es\/wp-json\/wp\/v2\/pages"}],"about":[{"href":"https:\/\/www.top10casinowebsites.net\/es\/wp-json\/wp\/v2\/types\/page"}],"author":[{"embeddable":true,"href":"https:\/\/www.top10casinowebsites.net\/es\/wp-json\/wp\/v2\/users\/4"}],"replies":[{"embeddable":true,"href":"https:\/\/www.top10casinowebsites.net\/es\/wp-json\/wp\/v2\/comments?post=1742"}],"version-history":[{"count":2,"href":"https:\/\/www.top10casinowebsites.net\/es\/wp-json\/wp\/v2\/pages\/1742\/revisions"}],"predecessor-version":[{"id":2167,"href":"https:\/\/www.top10casinowebsites.net\/es\/wp-json\/wp\/v2\/pages\/1742\/revisions\/2167"}],"up":[{"embeddable":true,"href":"https:\/\/www.top10casinowebsites.net\/es\/wp-json\/wp\/v2\/pages\/145"}],"wp:attachment":[{"href":"https:\/\/www.top10casinowebsites.net\/es\/wp-json\/wp\/v2\/media?parent=1742"}],"curies":[{"name":"wp","href":"https:\/\/api.w.org\/{rel}","templated":true}]}}