{"id":1746,"date":"2017-01-30T08:05:23","date_gmt":"2017-01-30T08:05:23","guid":{"rendered":"https:\/\/www.top10casinowebsites.net\/?page_id=1746"},"modified":"2017-10-06T14:50:54","modified_gmt":"2017-10-06T14:50:54","slug":"windows","status":"publish","type":"page","link":"https:\/\/www.top10casinowebsites.net\/es\/moviles\/windows","title":{"rendered":"Casinos para Windows \u2013 los mejores casinos para m\u00f3viles Windows"},"content":{"rendered":"<h2>Casinos para m\u00f3viles Windows \u2013 la revelaci\u00f3n del mercado<\/h2>\n<p><img decoding=\"async\" class=\"alignright size-full wp-image-1747\" src=\"https:\/\/www.top10casinowebsites.net\/wp-content\/uploads\/2017\/01\/windows.jpg\" alt=\"\" width=\"300\" \/>Es innegable que la mayor parte de mercado de la telefon\u00eda m\u00f3vil es dominio de Android y Apple, dignos sucesores de <a href=\"http:\/\/www.nokia.com\/es_int\">Nokia<\/a> y <a href=\"https:\/\/global.blackberry.com\/es\/index\">BlackBerry<\/a>. Pero lo cierto es que Windows sigue siendo el sistema operativo preferido de muchos usuarios alrededor de todo el planeta.<\/p>\n<p>Antes de la llegada de iOS, millones de consumidores se acostumbraron al m\u00e9todo de escritorio de Windows y muchos de ellos lo siguen prefiriendo por encima de Apple. Clientes leales que siguen fieles a Microsoft y Windows y que optan por m\u00f3viles Windows antes que <a href=\"\/es\/moviles\/android\">Android<\/a> o <a href=\"\/es\/moviles\/iphone\">iPhone<\/a>.<\/p>\n<p>No te confundas, no solamente la familiaridad de conocer el sistema de Windows los convierte en la opci\u00f3n m\u00e1s atrayente. Lo cierto es que existen muchas m\u00e1s razones por las que Windows es todav\u00eda el caballo ganador.<\/p>\n<p>Por ejemplo, cuando se trata de administrar archivos, directorios y memoria (ya sea interna o externa) el sistema de las ventanas sigue siendo el m\u00e1s eficiente. De acuerdo, Android tambi\u00e9n cuenta con un administrador de archivos, pero no es tan sencillo, din\u00e1mico y vers\u00e1til como lo es el de Windows.<\/p>\n<h2>Las mejores p\u00e1ginas de casino m\u00f3vil para Windows<\/h2>\n<div class=\"grid-contents\" id=\"grid-contents\"><table class=\"cas_table\" ><tbody><tr class=\"rank-1\">\n                                <td class=\"ranking\">1<\/td>\n                                <td class=\"brandcol\">\n                                    <a href=https:\/\/www.top10casinowebsites.net\/es\/review\/888-casino class=\"brand brand-bg\"><img loading=\"lazy\" decoding=\"async\" class=\"group list-group-image\" src=\"https:\/\/static.top10casinowebsites.net\/images\/casino-rooms\/888-casino-logo.png\" width=\"200\" height=\"128\"\/><\/a>\n                                <\/td>\n                                <td class=\"bonus\" data-title=\"Bonus\">\n\t\t\t\t\t               <p class=\"bonus-text\"><strong>$888<\/strong>Welcome Bonus <br>(<a href=\"https:\/\/www.top10casinowebsites.net\/es\/review\/888-casino\">T&Cs apply, 18+<\/a>)<\/p>\n\t\t\t\t                <\/td>\n\t\t\t\t\t            <td class=\"badge_game\" data-title=\"Rating\">\n                                    <div class=\"rating\"><strong>5<\/strong>\/5<\/div>\n                                    <div class=\"rating stars\" style=\"margin-top: 5px;\"><span class=\"icon icon-stars\"><span class=\"icon-stars green\" style=\"width: 100%;\"><\/span><\/span><\/div>\n\t\t\t\t\t            <\/td>\n                               \n                                <td class=\"play\">\n\t\t\t\t\t               <a class=\"button-gold\" rel=\"nofollow\" href=\"https:\/\/www.top10casinowebsites.net\/es\/review\/888-casino\">Visit<\/a>\n\t                               <div class=\"\">\n\t\t\t\t\t                   <a class=\"review-snippet-link-play-now-col\" href=\"https:\/\/www.top10casinowebsites.net\/es\/review\/888-casino\">Read Review<\/a>\n\t\t\t\t\t               <\/div>\n\t\t\t\t\t           <\/td>\n     \t\t\t\t        <\/tr><\/tbody><\/table><\/div>\n<p>Adem\u00e1s, en t\u00e9rminos de hardware, Microsoft y Nokia se han unido y lanzado la serie Lumia de tel\u00e9fonos m\u00f3vil inteligentes. Una compilaci\u00f3n de la mejor tecnolog\u00eda y dise\u00f1o con la que dan forma una l\u00ednea de mini ordenadores m\u00f3viles. Pero eso no es todo. Pueden presumir tambi\u00e9n de tener una de las mejores c\u00e1maras del mercado instalada dentro del <strong>Nokia 808 PureView<\/strong>.<\/p>\n<p>Teniendo en cuenta que una gran cuota de mercado usa tel\u00e9fonos Windows y que esa lealtad es muy dif\u00edcil de cambiar, desarrolladores de juegos como <strong>Microgaming<\/strong> y <strong>NetEnt<\/strong> ofrecen en exclusiva una amplia gama de casinos para m\u00f3viles Windows.<\/p>\n<p>Nosotros te ayudaremos a encontrarlos mejores del mercado para que no pierdas ni un minuto en empezar a jugar.<\/p>\n<h2>Legitimado, certificado, probado y testado<\/h2>\n<p><img loading=\"lazy\" decoding=\"async\" class=\"alignleft size-full\" src=\"https:\/\/static.top10casinowebsites.net\/images\/icons\/licensed-casinos.png\" alt=\"Windows licensed casinos\" width=\"128\" height=\"128\" \/>La <a href=\"https:\/\/www.microsoft.com\/es-es\/store\/apps\">tienda de aplicaciones para Windows<\/a> es bastante estricta acerca de los juegos de casino con dinero real. Por eso puede ser una tarea complicada para todos los jugadores encontrar los mejores casinos.<\/p>\n<p>Si las aplicaciones estuvieran disponibles en la tienda de Windows, ser\u00eda muy sencillo para todos los aficionados al juego comprobarlas valoraciones y puntaciones de otros usuarios que se hayan descargado la app.<\/p>\n<p>Desgraciadamente no existen aplicaciones de casino con dinero real. Pero no te preocupes porque <strong>top10casinoswebsites.net<\/strong> ha venido al rescate.<\/p>\n<p>Hemos creado una amplia lista con los mejores casinos para m\u00f3viles Windows y te contamos c\u00f3mo puedes acceder a ellos. Jugar en alguno de los casinos que nosotros recomendamos significa estar en buenas manos. Todos los casinos de nuestras listas han sido comprobados y testados primero y por tanto podemos asegurar que todos ellos han sido legitimados, cuentan con las licencias pertinentes, son justos y ofrecen una calidad de juegos que los hace estar donde est\u00e1n.<\/p>\n<h2>Casinos para Windows &#8211; \u00bfc\u00f3mo los probamos?<\/h2>\n<p><img loading=\"lazy\" decoding=\"async\" class=\"alignleft size-full\" src=\"https:\/\/static.top10casinowebsites.net\/images\/icons\/help-and-tips.png\" alt=\"\" width=\"128\" height=\"128\" \/>Cuando nuestro equipo de calidad comprueba cualquier casino, no deja pasa por alto ning\u00fan detalle o especificaci\u00f3n. No solo son rigurosos y exhaustivos, sino que existen varias rondas y grados de pruebas para poder llegar a una conclusi\u00f3n lo m\u00e1s t\u00e9cnica y objetiva posible.<\/p>\n<p>A continuaci\u00f3n os mostramos una lista de algunos aspectos en los que nos centramos a la hora de valorar un casino para m\u00f3vil Windows.<\/p>\n<ol>\n<li><strong>Bono de bienvenida<\/strong>: En la actualidad, este tipo de bonos son una realidad de lo m\u00e1s habitual. Casi cualquier casino que visites oferta un bono de bienvenida de manera permanente. Nosotros te mostraremos las verdaderas ofertas en este tipo de reclamos y cu\u00e1les de ellos son solo fachada.<\/li>\n<li><strong>Juegos<\/strong>: La calidad de los juegos, el rendimiento, los gr\u00e1ficos, la variedad de juegos, etc. \u00a1Lo analizamos todo!<\/li>\n<li><strong>Seguridad<\/strong>: \u00bfUtilizan las webs y aplicaciones de casino una tecnolog\u00eda segura? \u00bfHan sido alguna vez hackeados? \u00bfEst\u00e1n tus datos a salvo o pueden ser robados? Resolvemos est\u00e1 y muchas m\u00e1s preguntas para su total seguridad.<\/li>\n<li><strong>Dep\u00f3sitos y pagos<\/strong>: Analizamos cuanto tiempo tarda un casino de Windows en proceder al pago de las ganancias as\u00ed como el posible pago de cargos extra.<\/li>\n<li><strong><strong>Servicio al cliente<\/strong>: Valoramos positivamente el servicio de atenci\u00f3n al cliente 24h y tambi\u00e9n tenemos en cuenta todos los peque\u00f1os detalles que marcan la diferencia entre unos casinos y otros para ofrecer siempre el mejor servicio. <\/strong><\/li>\n<\/ol>\n<h2>Aplicaciones nativas vs aplicaciones web<\/h2>\n<p><img loading=\"lazy\" decoding=\"async\" class=\"alignleft size-full\" src=\"https:\/\/static.top10casinowebsites.net\/images\/icons\/help-and-tips.png\" alt=\"\" width=\"128\" height=\"128\" \/>En tu tel\u00e9fono Windows no corres el riesgo de descargarte algo si no quieres. Las aplicaciones de casino para Windows (aplicaciones de dinero real) son muy pocas y muy dif\u00edciles de encontrar.<\/p>\n<p>Seguramente lo \u00faltimo que desees es descargarte una aplicaci\u00f3n que infecte tel\u00e9fono con alg\u00fan virus. Lo que puedes hacer para evitar todo tipo de riesgo es visitar la p\u00e1gina de tu casino favorito y jugar directamente desde all\u00ed con total seguridad.<\/p>\n<p>Lo \u00fanico que necesitas hacer es abrir <a href=\"https:\/\/it.wikipedia.org\/wiki\/Internet_Explorer\">Internet Explorer<\/a> (el navegador predefinido para m\u00f3viles Windows) y escribir la direcci\u00f3n web de la p\u00e1gina de casino que quieres visitar.<\/p>\n<h2>Preguntas frecuentes m\u00f3viles Windows<\/h2>\n<div class='dt-sc-toggle-frame-set'><div class=\"dt-sc-toggle-frame\">\t<h5 class='dt-sc-toggle-accordion '><a href='#'>1. \u00bfEs seguro jugar a juegos de casino con dinero real en mi m\u00f3vil Windows?<\/a><\/h5>\t<div class=\"dt-sc-toggle-content\" style=\"display: none;\">\t\t<div class=\"block\">Siempre que entres en cualquiera de las p\u00e1ginas de casino que recomendamos, estas en buenas manos. Pero, \u00a1cuidado! Existen muchos casinos fraudulentos ah\u00ed fuera. Echa un vistazo a nuestra lista negra de casinos a evitar.\t\t<\/div>\t<\/div><\/div>\n<div class=\"dt-sc-toggle-frame\">\t<h5 class='dt-sc-toggle-accordion '><a href='#'>2. \u00bfPuedo jugar gratis en mi m\u00f3vil Windows?<\/a><\/h5>\t<div class=\"dt-sc-toggle-content\" style=\"display: none;\">\t\t<div class=\"block\">S\u00ed, puedes jugar sin apostar dinero real. Entra directamente en la tienda de Windows y juega en alguna de las aplicaciones de casino disponible.\t\t<\/div>\t<\/div><\/div>\n<div class=\"dt-sc-toggle-frame\">\t<h5 class='dt-sc-toggle-accordion '><a href='#'>3. \u00bfEs legal jugar con dinero real?<\/a><\/h5>\t<div class=\"dt-sc-toggle-content\" style=\"display: none;\">\t\t<div class=\"block\">Todo depende de la ley del pa\u00eds en el que te encuentres, pero la verdad es que nadie ha sido arrestado por jugar en casinos para m\u00f3viles. De todas maneras, mira en las listas de casinos que recomendamos y juega con total seguridad.\t\t<\/div>\t<\/div><\/div><\/div>\n","protected":false},"excerpt":{"rendered":"<p>Casinos para m\u00f3viles Windows \u2013 la revelaci\u00f3n del mercado Es innegable que la mayor parte de mercado de la telefon\u00eda m\u00f3vil es dominio de Android y Apple, dignos sucesores de Nokia y BlackBerry. Pero lo cierto es que Windows sigue siendo el sistema operativo preferido de muchos usuarios alrededor de todo el planeta. Antes de [&hellip;]<\/p>\n","protected":false},"author":4,"featured_media":0,"parent":145,"menu_order":0,"comment_status":"closed","ping_status":"closed","template":"","meta":{"_acf_changed":false,"footnotes":""},"class_list":["post-1746","page","type-page","status-publish","hentry"],"acf":[],"yoast_head":"<!-- This site is optimized with the Yoast SEO plugin v27.4 - https:\/\/yoast.com\/product\/yoast-seo-wordpress\/ -->\n<title>Casinos para Windows \u2013 los mejores casinos para m\u00f3viles Windows<\/title>\n<meta name=\"description\" content=\"Juega en los mejores casinos m\u00f3viles de Windows Phone. Disfruta de miles de juegos de casino gratis y con dinero real, incluyendo tragaperras, blackjack y la ruleta.\" \/>\n<meta name=\"robots\" content=\"index, follow, max-snippet:-1, max-image-preview:large, max-video-preview:-1\" \/>\n<link rel=\"canonical\" href=\"https:\/\/www.top10casinowebsites.net\/es\/moviles\/windows\" \/>\n<meta property=\"og:locale\" content=\"en_US\" \/>\n<meta property=\"og:type\" content=\"article\" \/>\n<meta property=\"og:title\" content=\"Casinos para Windows \u2013 los mejores casinos para m\u00f3viles Windows\" \/>\n<meta property=\"og:description\" content=\"Juega en los mejores casinos m\u00f3viles de Windows Phone. Disfruta de miles de juegos de casino gratis y con dinero real, incluyendo tragaperras, blackjack y la ruleta.\" \/>\n<meta property=\"og:url\" content=\"https:\/\/www.top10casinowebsites.net\/es\/moviles\/windows\" \/>\n<meta property=\"og:site_name\" content=\"ES\" \/>\n<meta property=\"article:modified_time\" content=\"2017-10-06T14:50:54+00:00\" \/>\n<meta name=\"twitter:card\" content=\"summary_large_image\" \/>\n<meta name=\"twitter:label1\" content=\"Est. reading time\" \/>\n\t<meta name=\"twitter:data1\" content=\"5 minutes\" \/>\n<script type=\"application\/ld+json\" class=\"yoast-schema-graph\">{\"@context\":\"https:\\\/\\\/schema.org\",\"@graph\":[{\"@type\":\"WebPage\",\"@id\":\"https:\\\/\\\/www.top10casinowebsites.net\\\/es\\\/moviles\\\/windows\",\"url\":\"https:\\\/\\\/www.top10casinowebsites.net\\\/es\\\/moviles\\\/windows\",\"name\":\"Casinos para Windows \u2013 los mejores casinos para m\u00f3viles Windows\",\"isPartOf\":{\"@id\":\"https:\\\/\\\/www.top10casinowebsites.net\\\/es\\\/#website\"},\"primaryImageOfPage\":{\"@id\":\"https:\\\/\\\/www.top10casinowebsites.net\\\/es\\\/moviles\\\/windows#primaryimage\"},\"image\":{\"@id\":\"https:\\\/\\\/www.top10casinowebsites.net\\\/es\\\/moviles\\\/windows#primaryimage\"},\"thumbnailUrl\":\"https:\\\/\\\/www.top10casinowebsites.net\\\/wp-content\\\/uploads\\\/2017\\\/01\\\/windows.jpg\",\"datePublished\":\"2017-01-30T08:05:23+00:00\",\"dateModified\":\"2017-10-06T14:50:54+00:00\",\"description\":\"Juega en los mejores casinos m\u00f3viles de Windows Phone. Disfruta de miles de juegos de casino gratis y con dinero real, incluyendo tragaperras, blackjack y la ruleta.\",\"breadcrumb\":{\"@id\":\"https:\\\/\\\/www.top10casinowebsites.net\\\/es\\\/moviles\\\/windows#breadcrumb\"},\"inLanguage\":\"en-US\",\"potentialAction\":[{\"@type\":\"ReadAction\",\"target\":[\"https:\\\/\\\/www.top10casinowebsites.net\\\/es\\\/moviles\\\/windows\"]}]},{\"@type\":\"ImageObject\",\"inLanguage\":\"en-US\",\"@id\":\"https:\\\/\\\/www.top10casinowebsites.net\\\/es\\\/moviles\\\/windows#primaryimage\",\"url\":\"https:\\\/\\\/www.top10casinowebsites.net\\\/wp-content\\\/uploads\\\/2017\\\/01\\\/windows.jpg\",\"contentUrl\":\"https:\\\/\\\/www.top10casinowebsites.net\\\/wp-content\\\/uploads\\\/2017\\\/01\\\/windows.jpg\"},{\"@type\":\"BreadcrumbList\",\"@id\":\"https:\\\/\\\/www.top10casinowebsites.net\\\/es\\\/moviles\\\/windows#breadcrumb\",\"itemListElement\":[{\"@type\":\"ListItem\",\"position\":1,\"name\":\"Home\",\"item\":\"https:\\\/\\\/www.top10casinowebsites.net\\\/es\\\/\"},{\"@type\":\"ListItem\",\"position\":2,\"name\":\"Mejores casinos para dispositivos m\u00f3viles iOs, Android, Blackberry y Windows\",\"item\":\"https:\\\/\\\/www.top10casinowebsites.net\\\/es\\\/moviles\"},{\"@type\":\"ListItem\",\"position\":3,\"name\":\"Casinos para Windows \u2013 los mejores casinos para m\u00f3viles Windows\"}]},{\"@type\":\"WebSite\",\"@id\":\"https:\\\/\\\/www.top10casinowebsites.net\\\/es\\\/#website\",\"url\":\"https:\\\/\\\/www.top10casinowebsites.net\\\/es\\\/\",\"name\":\"ES\",\"description\":\"\",\"potentialAction\":[{\"@type\":\"SearchAction\",\"target\":{\"@type\":\"EntryPoint\",\"urlTemplate\":\"https:\\\/\\\/www.top10casinowebsites.net\\\/es\\\/?s={search_term_string}\"},\"query-input\":{\"@type\":\"PropertyValueSpecification\",\"valueRequired\":true,\"valueName\":\"search_term_string\"}}],\"inLanguage\":\"en-US\"}]}<\/script>\n<!-- \/ Yoast SEO plugin. -->","yoast_head_json":{"title":"Casinos para Windows \u2013 los mejores casinos para m\u00f3viles Windows","description":"Juega en los mejores casinos m\u00f3viles de Windows Phone. Disfruta de miles de juegos de casino gratis y con dinero real, incluyendo tragaperras, blackjack y la ruleta.","robots":{"index":"index","follow":"follow","max-snippet":"max-snippet:-1","max-image-preview":"max-image-preview:large","max-video-preview":"max-video-preview:-1"},"canonical":"https:\/\/www.top10casinowebsites.net\/es\/moviles\/windows","og_locale":"en_US","og_type":"article","og_title":"Casinos para Windows \u2013 los mejores casinos para m\u00f3viles Windows","og_description":"Juega en los mejores casinos m\u00f3viles de Windows Phone. Disfruta de miles de juegos de casino gratis y con dinero real, incluyendo tragaperras, blackjack y la ruleta.","og_url":"https:\/\/www.top10casinowebsites.net\/es\/moviles\/windows","og_site_name":"ES","article_modified_time":"2017-10-06T14:50:54+00:00","twitter_card":"summary_large_image","twitter_misc":{"Est. reading time":"5 minutes"},"schema":{"@context":"https:\/\/schema.org","@graph":[{"@type":"WebPage","@id":"https:\/\/www.top10casinowebsites.net\/es\/moviles\/windows","url":"https:\/\/www.top10casinowebsites.net\/es\/moviles\/windows","name":"Casinos para Windows \u2013 los mejores casinos para m\u00f3viles Windows","isPartOf":{"@id":"https:\/\/www.top10casinowebsites.net\/es\/#website"},"primaryImageOfPage":{"@id":"https:\/\/www.top10casinowebsites.net\/es\/moviles\/windows#primaryimage"},"image":{"@id":"https:\/\/www.top10casinowebsites.net\/es\/moviles\/windows#primaryimage"},"thumbnailUrl":"https:\/\/www.top10casinowebsites.net\/wp-content\/uploads\/2017\/01\/windows.jpg","datePublished":"2017-01-30T08:05:23+00:00","dateModified":"2017-10-06T14:50:54+00:00","description":"Juega en los mejores casinos m\u00f3viles de Windows Phone. Disfruta de miles de juegos de casino gratis y con dinero real, incluyendo tragaperras, blackjack y la ruleta.","breadcrumb":{"@id":"https:\/\/www.top10casinowebsites.net\/es\/moviles\/windows#breadcrumb"},"inLanguage":"en-US","potentialAction":[{"@type":"ReadAction","target":["https:\/\/www.top10casinowebsites.net\/es\/moviles\/windows"]}]},{"@type":"ImageObject","inLanguage":"en-US","@id":"https:\/\/www.top10casinowebsites.net\/es\/moviles\/windows#primaryimage","url":"https:\/\/www.top10casinowebsites.net\/wp-content\/uploads\/2017\/01\/windows.jpg","contentUrl":"https:\/\/www.top10casinowebsites.net\/wp-content\/uploads\/2017\/01\/windows.jpg"},{"@type":"BreadcrumbList","@id":"https:\/\/www.top10casinowebsites.net\/es\/moviles\/windows#breadcrumb","itemListElement":[{"@type":"ListItem","position":1,"name":"Home","item":"https:\/\/www.top10casinowebsites.net\/es\/"},{"@type":"ListItem","position":2,"name":"Mejores casinos para dispositivos m\u00f3viles iOs, Android, Blackberry y Windows","item":"https:\/\/www.top10casinowebsites.net\/es\/moviles"},{"@type":"ListItem","position":3,"name":"Casinos para Windows \u2013 los mejores casinos para m\u00f3viles Windows"}]},{"@type":"WebSite","@id":"https:\/\/www.top10casinowebsites.net\/es\/#website","url":"https:\/\/www.top10casinowebsites.net\/es\/","name":"ES","description":"","potentialAction":[{"@type":"SearchAction","target":{"@type":"EntryPoint","urlTemplate":"https:\/\/www.top10casinowebsites.net\/es\/?s={search_term_string}"},"query-input":{"@type":"PropertyValueSpecification","valueRequired":true,"valueName":"search_term_string"}}],"inLanguage":"en-US"}]}},"_links":{"self":[{"href":"https:\/\/www.top10casinowebsites.net\/es\/wp-json\/wp\/v2\/pages\/1746","targetHints":{"allow":["GET"]}}],"collection":[{"href":"https:\/\/www.top10casinowebsites.net\/es\/wp-json\/wp\/v2\/pages"}],"about":[{"href":"https:\/\/www.top10casinowebsites.net\/es\/wp-json\/wp\/v2\/types\/page"}],"author":[{"embeddable":true,"href":"https:\/\/www.top10casinowebsites.net\/es\/wp-json\/wp\/v2\/users\/4"}],"replies":[{"embeddable":true,"href":"https:\/\/www.top10casinowebsites.net\/es\/wp-json\/wp\/v2\/comments?post=1746"}],"version-history":[{"count":2,"href":"https:\/\/www.top10casinowebsites.net\/es\/wp-json\/wp\/v2\/pages\/1746\/revisions"}],"predecessor-version":[{"id":2098,"href":"https:\/\/www.top10casinowebsites.net\/es\/wp-json\/wp\/v2\/pages\/1746\/revisions\/2098"}],"up":[{"embeddable":true,"href":"https:\/\/www.top10casinowebsites.net\/es\/wp-json\/wp\/v2\/pages\/145"}],"wp:attachment":[{"href":"https:\/\/www.top10casinowebsites.net\/es\/wp-json\/wp\/v2\/media?parent=1746"}],"curies":[{"name":"wp","href":"https:\/\/api.w.org\/{rel}","templated":true}]}}