{"id":1753,"date":"2017-01-30T10:51:52","date_gmt":"2017-01-30T10:51:52","guid":{"rendered":"https:\/\/www.top10casinowebsites.net\/?page_id=1753"},"modified":"2017-10-06T15:12:29","modified_gmt":"2017-10-06T15:12:29","slug":"bacara","status":"publish","type":"page","link":"https:\/\/www.top10casinowebsites.net\/es\/casinos-en-vivo\/bacara","title":{"rendered":"Bacar\u00e1 con crupieres en directo \u2013 disfruta de juegos de bacar\u00e1 en vivo"},"content":{"rendered":"<p><img decoding=\"async\" class=\"alignright size-full wp-image-1754\" src=\"https:\/\/www.top10casinowebsites.net\/wp-content\/uploads\/2017\/01\/live-baccarat.jpg\" alt=\"\" width=\"300\" \/>Si te encuentras en la b\u00fasqueda de las mejores p\u00e1ginas para jugar Baccarat con crupieres reales, has llegado al sitio correcto. <strong>Top 10 Casino Websites<\/strong> es el lugar donde podr\u00e1s encontrar los m\u00e1s destacados casinos con crupieres reales para este simple pero emocionante juego de cartas.<\/p>\n<p>Las probabilidades de ganar son razonablemente buenas, as\u00ed que si est\u00e1s listo para embarcarte en una experiencia casi id\u00e9ntica a la que vivir\u00edas en un casino real sin moverte de tu escritorio, contin\u00faa leyendo.<\/p>\n<p>Existen diferentes variantes del Baccarat, aunque la m\u00e1s com\u00fan en los casinos con crupieres reales es el <a href=\"http:\/\/www.casino.es\/punto-banca\/\">Punto y Banca<\/a>, mientras que el mini bacar\u00e1 tambi\u00e9n puede encontrarse en alguna que otra p\u00e1gina.<\/p>\n<h2>Las mejores p\u00e1ginas de casino con crupieres en vivo para bacar\u00e1<\/h2>\n<div class=\"grid-contents\" id=\"grid-contents\"><table class=\"cas_table\" ><tbody><tr class=\"rank-1\">\n                                <td class=\"ranking\">1<\/td>\n                                <td class=\"brandcol\">\n                                    <a href=https:\/\/www.top10casinowebsites.net\/es\/review\/888-casino class=\"brand brand-bg\"><img loading=\"lazy\" decoding=\"async\" class=\"group list-group-image\" src=\"https:\/\/static.top10casinowebsites.net\/images\/casino-rooms\/888-casino-logo.png\" width=\"200\" height=\"128\"\/><\/a>\n                                <\/td>\n                                <td class=\"bonus\" data-title=\"Bonus\">\n\t\t\t\t\t               <p class=\"bonus-text\"><strong>$888<\/strong>Welcome Bonus <br>(<a href=\"https:\/\/www.top10casinowebsites.net\/es\/review\/888-casino\">T&Cs apply, 18+<\/a>)<\/p>\n\t\t\t\t                <\/td>\n\t\t\t\t\t            <td class=\"badge_game\" data-title=\"Rating\">\n                                    <div class=\"rating\"><strong>5<\/strong>\/5<\/div>\n                                    <div class=\"rating stars\" style=\"margin-top: 5px;\"><span class=\"icon icon-stars\"><span class=\"icon-stars green\" style=\"width: 100%;\"><\/span><\/span><\/div>\n\t\t\t\t\t            <\/td>\n                               \n                                <td class=\"play\">\n\t\t\t\t\t               <a class=\"button-gold\" rel=\"nofollow\" href=\"https:\/\/www.top10casinowebsites.net\/es\/review\/888-casino\">Visit<\/a>\n\t                               <div class=\"\">\n\t\t\t\t\t                   <a class=\"review-snippet-link-play-now-col\" href=\"https:\/\/www.top10casinowebsites.net\/es\/review\/888-casino\">Read Review<\/a>\n\t\t\t\t\t               <\/div>\n\t\t\t\t\t           <\/td>\n     \t\t\t\t        <\/tr><\/tbody><\/table><\/div>\n<p>En nuestra p\u00e1gina podr\u00e1s encontrar:<\/p>\n<ul>\n<li>Webs que ofrecen una gran variedad de l\u00edmites de apuestas para bacar\u00e1 en vivo.<\/li>\n<li>Casinos que combinan la m\u00e1s novedosa experiencia con crupieres reales con los mejores bonos y promociones del mercado.<\/li>\n<li>Los 10 mejores casinos con crupieres en directo para Bacar\u00e1.<\/li>\n<li>P\u00e1ginas que ofrecen un amplio soporte de atenci\u00f3n al cliente y m\u00e9todos bancarios para jugadores de Baccarat en directo.<\/li>\n<\/ul>\n<p>Ahora que ya sabes que puedes beneficiarte de lo mejor en <strong>Top 10 Casino Websites<\/strong>, es hora de echar un vistazo a las ventajas que ofrecen todas las p\u00e1ginas de casino en vivo para Bacar\u00e1 de nuestro cat\u00e1logo. Pero antes de hacerlo, te mostraremos algunas de las razones por las que jugar a este popular juego de cartas.<\/p>\n<h2>\u00bfPor qu\u00e9 jugar al bacar\u00e1 con crupieres en vivo?<\/h2>\n<p><img loading=\"lazy\" decoding=\"async\" class=\"alignleft size-full\" src=\"https:\/\/static.top10casinowebsites.net\/images\/icons\/help-and-tips.png\" alt=\"\" width=\"128\" height=\"128\" \/>Te mostramos a continuaci\u00f3n, algunos motivos por los que deber\u00edas decantarte por participar en juegos de Bacar\u00e1 con crupieres en directo:<\/p>\n<ul>\n<li>El <a href=\"https:\/\/www.top10casinowebsites.net\/es\/bacara\">Baccarat<\/a> en un juego de ritmo r\u00e1pido con muchas oportunidades de ganar.<\/li>\n<li>Los jugadores que realizan apuestas altas tienen muchas m\u00e1s posibilidades de hacerse con las ganancias de la mesa.<\/li>\n<li>Participa en varias mesas simult\u00e1neamente.<\/li>\n<li>Juega con los mejores crupieres profesionales.<\/li>\n<li>Adquiere un mayor conocimiento de las reglas del juego.<\/li>\n<li>Escoge apuestas de forma sencilla en la pantalla.<\/li>\n<li>Interact\u00faa con el crupier y el resto de jugadores.<\/li>\n<li>Juega en casinos 100% seguros y regulados.<\/li>\n<li>Juega con la misma ventaja de la casa que en el baccarat online.<\/li>\n<\/ul>\n<p><strong>Adelaide Casino<\/strong><\/p>\n<h2>\u00bfC\u00f3mo jugar al baccarat con crupieres en vivo?<\/h2>\n<p><img loading=\"lazy\" decoding=\"async\" class=\"alignleft size-full\" src=\"https:\/\/static.top10casinowebsites.net\/images\/icons\/help-and-tips.png\" alt=\"\" width=\"128\" height=\"128\" \/>Uno de los aspectos m\u00e1s interesantes sobre el Baccarat con crupieres en directo es que es un juego de ritmo r\u00e1pido. Si te gustan los desaf\u00edos y est\u00e1s listos para apostar con decisi\u00f3n, entonces vas a disfrutar de jugar a la versi\u00f3n en vivo. Actualmente hay dos versiones: Baccarat en vivo y multijugador en vivo, donde se incluyen interesantes bonos.<\/p>\n<p>Jugar es muy simple. Simplemente necesitas hacer una apuesta siguiendo los pasos indicados por el crupier, que dirigir\u00e1 el juego desde el primer momento. Todas las ganancias se pagan de manera instant\u00e1nea, reinici\u00e1ndose las apuestas desde cero para la siguiente mano.<\/p>\n<h3>Conceptos b\u00e1sicos del Bacar\u00e1 con crupieres en vivo<\/h3>\n<ul>\n<li>El objetivo del juego es obtener una mano con un valor lo m\u00e1s cercana a 9 posible.<\/li>\n<li>Los ASES pueden valer 1 o 10.<\/li>\n<li>Reyes, Reinas y Jotas valen 0.<\/li>\n<li>Las cartas del 2 al 9 mantienen su valor num\u00e9rico.<\/li>\n<li>Cuando una mano suma 10 o m\u00e1s, 10 se resta al valor total para determinar el valor final de la jugada. Si, por ejemplo, una mano suma 15, al restar 10 el valor \u00faltimo de la mano ser\u00e1 de 5.<\/li>\n<\/ul>\n<p>De forma resumida, as\u00ed es como se desarrolla una partida de Bacar\u00e1:<\/p>\n<ul>\n<li>Una vez hayas entrado en la secci\u00f3n de crupieres en vivo, haz clic sobre el apartado de Baccarat con crupieres en directo.<\/li>\n<li>Puedes apostar a favor del jugador (tu mano), la banca (crupier) o al empate.<\/li>\n<li>Una vez se ha realizado la apuesta, tanto el jugador como la banca reciben dos cartas cada uno de 6 mazos que entran en juego.<\/li>\n<li>El usuario recibe un pago 2:1 si ha apostado a favor de su propia mano y esta ha resultado ganadora.<\/li>\n<li>El jugador tambi\u00e9n recibir\u00e1 un pago de 2:1 si realiz\u00f3 la apuesta a favor de la Banca y su mano fue la vencedora.<\/li>\n<li>En el caso que la mano del jugador y la banca sean iguales, la jugada se resolver\u00e1 en empate. Las apuestas al empate se pagan 9:1.<\/li>\n<\/ul>\n<h2>Preguntas frecuentes para bacar\u00e1 con crupieres en directo<\/h2>\n<div class='dt-sc-toggle-frame-set'><div class=\"dt-sc-toggle-frame\">\t<h5 class='dt-sc-toggle-accordion '><a href='#'>1. \u00bfD\u00f3nde encuentro los mejores juegos de Bacar\u00e1 con crupieres en vivo?<\/a><\/h5>\t<div class=\"dt-sc-toggle-content\" style=\"display: none;\">\t\t<div class=\"block\">No busques m\u00e1s all\u00e1 de nuestra p\u00e1gina <strong>Top 10 Casino Websites<\/strong>. Aqu\u00ed es donde encontrar\u00e1s la mejor oferta de reputados casinos con crupieres en vivo para Bacar\u00e1 totalmente regulados. Nuestros expertos no seleccionan los casinos de nuestro cat\u00e1logo bas\u00e1ndose en presunciones. Hablamos de experimentados jugadores que analizan cada una de estas p\u00e1ginas teniendo en cuenta par\u00e1metros clave.\t\t<\/div>\t<\/div><\/div>\n<div class=\"dt-sc-toggle-frame\">\t<h5 class='dt-sc-toggle-accordion '><a href='#'>2. \u00bfSe pueden trucar estos juegos a favor del casino?<\/a><\/h5>\t<div class=\"dt-sc-toggle-content\" style=\"display: none;\">\t\t<div class=\"block\">No en ninguno de los casinos que encontrar\u00e1s en nuestro listado. Todos estos juegos se encuentran auditados y certificados para que se desarrollen de manera justa y 100% aleatoria. Adem\u00e1s, estar\u00e1s jugando en un entorno de casino f\u00edsico con crupieres reales, por lo que no habr\u00e1 ning\u00fan software implicado, una raz\u00f3n m\u00e1s que suficiente para tener la tranquilidad que estos juegos son justos.\t\t<\/div>\t<\/div><\/div>\n<div class=\"dt-sc-toggle-frame\">\t<h5 class='dt-sc-toggle-accordion '><a href='#'>3. \u00bfDebo tener en cuenta alguna regla espec\u00edfica?<\/a><\/h5>\t<div class=\"dt-sc-toggle-content\" style=\"display: none;\">\t\t<div class=\"block\">Ser\u00eda interesantes que conocieras la regla de la tercera carta del jugador.<\/p>\n<p><strong>REGLA DE LA TERCERA CARTA PARA EL JUGADOR<\/strong><\/p>\n<ul>\n<li>Si el jugador o la banca tienen una mano con un valor de 8 o 9 tras el reparto de las dos primeras cartas, no se sacan m\u00e1s naipes. Esta jugada es conocida como \u00b4natural\u00b4.<\/li>\n<li>Si la suma de la mano del jugador es inferior o igual a 5, el jugador recibir\u00e1 una tercera carta.<\/li>\n<li>Si, por el contrario, la mano del jugador suma 6, se quedar\u00e1 con las cartas que tiene.<\/li>\n<\/ul>\n<p><strong>REGLA DE LA TERCERA CARTA PARA LA BANCA<\/strong><\/p>\n<ul>\n<li>Si la mano de la casa suma 2 o menos, podr\u00e1 recibir una tercera carta.<\/li>\n<li>La Banca podr\u00e1 recibir una tercera carta si su mano suma 3, pero \u00fanicamente si la tercera carta del jugador no es un 8.<\/li>\n<li>El crupier deber\u00e1 plantarse si el total de puntos de su mano suma 7 con las primeras dos cartas.<\/li>\n<\/ul>\t\t<\/div>\t<\/div><\/div>\n<div class=\"dt-sc-toggle-frame\">\t<h5 class='dt-sc-toggle-accordion '><a href='#'>4. \u00bfCu\u00e1les son las probabilidades de ganar jugando al Bacar\u00e1 con crupier en vivo?<\/a><\/h5>\t<div class=\"dt-sc-toggle-content\" style=\"display: none;\">\t\t<div class=\"block\">Las probabilidades de ganar jugando a Baccarat online o en vivo no cambian, son exactamente las mismas. Sin embargo, siempre vale la pena consultar con el personal de soporte t\u00e9cnico del casino si tienes alguna duda, ya que podr\u00eda haber diferencias entre las modalidades de Bacar\u00e1 en la que se participe.\t\t<\/div>\t<\/div><\/div>\n<div class=\"dt-sc-toggle-frame\">\t<h5 class='dt-sc-toggle-accordion '><a href='#'>5. \u00bfCu\u00e1les son los tipos de Baccarat en directo que existen?<\/a><\/h5>\t<div class=\"dt-sc-toggle-content\" style=\"display: none;\">\t\t<div class=\"block\">Hay diferentes variantes de Bacar\u00e1 que se pueden jugar en vivo, tales como: Punto y Banca, Mini Bacar\u00e1 y la versi\u00f3n francesa <em>Chemin de Fer<\/em>. En cualquier caso, la primera, Punto y Banca, es actualmente la versi\u00f3n m\u00e1s popular.\t\t<\/div>\t<\/div><\/div>\n<div class=\"dt-sc-toggle-frame\">\t<h5 class='dt-sc-toggle-accordion '><a href='#'>6. \u00bfPuedo jugar Bacar\u00e1 en vivo desde un tel\u00e9fono m\u00f3vil o Tableta?<\/a><\/h5>\t<div class=\"dt-sc-toggle-content\" style=\"display: none;\">\t\t<div class=\"block\">Si, muchos de estos casinos ofrecen versiones optimizadas de este juego en vivo para jugar a trav\u00e9s de tel\u00e9fonos Apple y Android.\t\t<\/div>\t<\/div><\/div><\/div>\n","protected":false},"excerpt":{"rendered":"<p>Si te encuentras en la b\u00fasqueda de las mejores p\u00e1ginas para jugar Baccarat con crupieres reales, has llegado al sitio correcto. Top 10 Casino Websites es el lugar donde podr\u00e1s encontrar los m\u00e1s destacados casinos con crupieres reales para este simple pero emocionante juego de cartas. Las probabilidades de ganar son razonablemente buenas, as\u00ed que [&hellip;]<\/p>\n","protected":false},"author":4,"featured_media":0,"parent":141,"menu_order":0,"comment_status":"closed","ping_status":"closed","template":"","meta":{"_acf_changed":false,"footnotes":""},"class_list":["post-1753","page","type-page","status-publish","hentry"],"acf":[],"yoast_head":"<!-- This site is optimized with the Yoast SEO plugin v27.4 - https:\/\/yoast.com\/product\/yoast-seo-wordpress\/ -->\n<title>Bacar\u00e1 con crupieres en directo \u2013 disfruta de juegos de bacar\u00e1 en vivo<\/title>\n<meta name=\"description\" content=\"Participa en los mejores casinos para Baccarat en vivo y desaf\u00eda a crupieres reales hasta convertirte en el mejor jugador de este elegante juego.\" \/>\n<meta name=\"robots\" content=\"index, follow, max-snippet:-1, max-image-preview:large, max-video-preview:-1\" \/>\n<link rel=\"canonical\" href=\"https:\/\/www.top10casinowebsites.net\/es\/casinos-en-vivo\/bacara\" \/>\n<meta property=\"og:locale\" content=\"en_US\" \/>\n<meta property=\"og:type\" content=\"article\" \/>\n<meta property=\"og:title\" content=\"Bacar\u00e1 con crupieres en directo \u2013 disfruta de juegos de bacar\u00e1 en vivo\" \/>\n<meta property=\"og:description\" content=\"Participa en los mejores casinos para Baccarat en vivo y desaf\u00eda a crupieres reales hasta convertirte en el mejor jugador de este elegante juego.\" \/>\n<meta property=\"og:url\" content=\"https:\/\/www.top10casinowebsites.net\/es\/casinos-en-vivo\/bacara\" \/>\n<meta property=\"og:site_name\" content=\"ES\" \/>\n<meta property=\"article:modified_time\" content=\"2017-10-06T15:12:29+00:00\" \/>\n<meta name=\"twitter:card\" content=\"summary_large_image\" \/>\n<meta name=\"twitter:label1\" content=\"Est. reading time\" \/>\n\t<meta name=\"twitter:data1\" content=\"6 minutes\" \/>\n<script type=\"application\/ld+json\" class=\"yoast-schema-graph\">{\"@context\":\"https:\\\/\\\/schema.org\",\"@graph\":[{\"@type\":\"WebPage\",\"@id\":\"https:\\\/\\\/www.top10casinowebsites.net\\\/es\\\/casinos-en-vivo\\\/bacara\",\"url\":\"https:\\\/\\\/www.top10casinowebsites.net\\\/es\\\/casinos-en-vivo\\\/bacara\",\"name\":\"Bacar\u00e1 con crupieres en directo \u2013 disfruta de juegos de bacar\u00e1 en vivo\",\"isPartOf\":{\"@id\":\"https:\\\/\\\/www.top10casinowebsites.net\\\/es\\\/#website\"},\"primaryImageOfPage\":{\"@id\":\"https:\\\/\\\/www.top10casinowebsites.net\\\/es\\\/casinos-en-vivo\\\/bacara#primaryimage\"},\"image\":{\"@id\":\"https:\\\/\\\/www.top10casinowebsites.net\\\/es\\\/casinos-en-vivo\\\/bacara#primaryimage\"},\"thumbnailUrl\":\"https:\\\/\\\/www.top10casinowebsites.net\\\/wp-content\\\/uploads\\\/2017\\\/01\\\/live-baccarat.jpg\",\"datePublished\":\"2017-01-30T10:51:52+00:00\",\"dateModified\":\"2017-10-06T15:12:29+00:00\",\"description\":\"Participa en los mejores casinos para Baccarat en vivo y desaf\u00eda a crupieres reales hasta convertirte en el mejor jugador de este elegante juego.\",\"breadcrumb\":{\"@id\":\"https:\\\/\\\/www.top10casinowebsites.net\\\/es\\\/casinos-en-vivo\\\/bacara#breadcrumb\"},\"inLanguage\":\"en-US\",\"potentialAction\":[{\"@type\":\"ReadAction\",\"target\":[\"https:\\\/\\\/www.top10casinowebsites.net\\\/es\\\/casinos-en-vivo\\\/bacara\"]}]},{\"@type\":\"ImageObject\",\"inLanguage\":\"en-US\",\"@id\":\"https:\\\/\\\/www.top10casinowebsites.net\\\/es\\\/casinos-en-vivo\\\/bacara#primaryimage\",\"url\":\"https:\\\/\\\/www.top10casinowebsites.net\\\/wp-content\\\/uploads\\\/2017\\\/01\\\/live-baccarat.jpg\",\"contentUrl\":\"https:\\\/\\\/www.top10casinowebsites.net\\\/wp-content\\\/uploads\\\/2017\\\/01\\\/live-baccarat.jpg\"},{\"@type\":\"BreadcrumbList\",\"@id\":\"https:\\\/\\\/www.top10casinowebsites.net\\\/es\\\/casinos-en-vivo\\\/bacara#breadcrumb\",\"itemListElement\":[{\"@type\":\"ListItem\",\"position\":1,\"name\":\"Home\",\"item\":\"https:\\\/\\\/www.top10casinowebsites.net\\\/es\\\/\"},{\"@type\":\"ListItem\",\"position\":2,\"name\":\"Casinos en vivo \u2013 casinos en directo con crupieres reales\",\"item\":\"https:\\\/\\\/www.top10casinowebsites.net\\\/es\\\/casinos-en-vivo\"},{\"@type\":\"ListItem\",\"position\":3,\"name\":\"Bacar\u00e1 con crupieres en directo \u2013 disfruta de juegos de bacar\u00e1 en vivo\"}]},{\"@type\":\"WebSite\",\"@id\":\"https:\\\/\\\/www.top10casinowebsites.net\\\/es\\\/#website\",\"url\":\"https:\\\/\\\/www.top10casinowebsites.net\\\/es\\\/\",\"name\":\"ES\",\"description\":\"\",\"potentialAction\":[{\"@type\":\"SearchAction\",\"target\":{\"@type\":\"EntryPoint\",\"urlTemplate\":\"https:\\\/\\\/www.top10casinowebsites.net\\\/es\\\/?s={search_term_string}\"},\"query-input\":{\"@type\":\"PropertyValueSpecification\",\"valueRequired\":true,\"valueName\":\"search_term_string\"}}],\"inLanguage\":\"en-US\"}]}<\/script>\n<!-- \/ Yoast SEO plugin. -->","yoast_head_json":{"title":"Bacar\u00e1 con crupieres en directo \u2013 disfruta de juegos de bacar\u00e1 en vivo","description":"Participa en los mejores casinos para Baccarat en vivo y desaf\u00eda a crupieres reales hasta convertirte en el mejor jugador de este elegante juego.","robots":{"index":"index","follow":"follow","max-snippet":"max-snippet:-1","max-image-preview":"max-image-preview:large","max-video-preview":"max-video-preview:-1"},"canonical":"https:\/\/www.top10casinowebsites.net\/es\/casinos-en-vivo\/bacara","og_locale":"en_US","og_type":"article","og_title":"Bacar\u00e1 con crupieres en directo \u2013 disfruta de juegos de bacar\u00e1 en vivo","og_description":"Participa en los mejores casinos para Baccarat en vivo y desaf\u00eda a crupieres reales hasta convertirte en el mejor jugador de este elegante juego.","og_url":"https:\/\/www.top10casinowebsites.net\/es\/casinos-en-vivo\/bacara","og_site_name":"ES","article_modified_time":"2017-10-06T15:12:29+00:00","twitter_card":"summary_large_image","twitter_misc":{"Est. reading time":"6 minutes"},"schema":{"@context":"https:\/\/schema.org","@graph":[{"@type":"WebPage","@id":"https:\/\/www.top10casinowebsites.net\/es\/casinos-en-vivo\/bacara","url":"https:\/\/www.top10casinowebsites.net\/es\/casinos-en-vivo\/bacara","name":"Bacar\u00e1 con crupieres en directo \u2013 disfruta de juegos de bacar\u00e1 en vivo","isPartOf":{"@id":"https:\/\/www.top10casinowebsites.net\/es\/#website"},"primaryImageOfPage":{"@id":"https:\/\/www.top10casinowebsites.net\/es\/casinos-en-vivo\/bacara#primaryimage"},"image":{"@id":"https:\/\/www.top10casinowebsites.net\/es\/casinos-en-vivo\/bacara#primaryimage"},"thumbnailUrl":"https:\/\/www.top10casinowebsites.net\/wp-content\/uploads\/2017\/01\/live-baccarat.jpg","datePublished":"2017-01-30T10:51:52+00:00","dateModified":"2017-10-06T15:12:29+00:00","description":"Participa en los mejores casinos para Baccarat en vivo y desaf\u00eda a crupieres reales hasta convertirte en el mejor jugador de este elegante juego.","breadcrumb":{"@id":"https:\/\/www.top10casinowebsites.net\/es\/casinos-en-vivo\/bacara#breadcrumb"},"inLanguage":"en-US","potentialAction":[{"@type":"ReadAction","target":["https:\/\/www.top10casinowebsites.net\/es\/casinos-en-vivo\/bacara"]}]},{"@type":"ImageObject","inLanguage":"en-US","@id":"https:\/\/www.top10casinowebsites.net\/es\/casinos-en-vivo\/bacara#primaryimage","url":"https:\/\/www.top10casinowebsites.net\/wp-content\/uploads\/2017\/01\/live-baccarat.jpg","contentUrl":"https:\/\/www.top10casinowebsites.net\/wp-content\/uploads\/2017\/01\/live-baccarat.jpg"},{"@type":"BreadcrumbList","@id":"https:\/\/www.top10casinowebsites.net\/es\/casinos-en-vivo\/bacara#breadcrumb","itemListElement":[{"@type":"ListItem","position":1,"name":"Home","item":"https:\/\/www.top10casinowebsites.net\/es\/"},{"@type":"ListItem","position":2,"name":"Casinos en vivo \u2013 casinos en directo con crupieres reales","item":"https:\/\/www.top10casinowebsites.net\/es\/casinos-en-vivo"},{"@type":"ListItem","position":3,"name":"Bacar\u00e1 con crupieres en directo \u2013 disfruta de juegos de bacar\u00e1 en vivo"}]},{"@type":"WebSite","@id":"https:\/\/www.top10casinowebsites.net\/es\/#website","url":"https:\/\/www.top10casinowebsites.net\/es\/","name":"ES","description":"","potentialAction":[{"@type":"SearchAction","target":{"@type":"EntryPoint","urlTemplate":"https:\/\/www.top10casinowebsites.net\/es\/?s={search_term_string}"},"query-input":{"@type":"PropertyValueSpecification","valueRequired":true,"valueName":"search_term_string"}}],"inLanguage":"en-US"}]}},"_links":{"self":[{"href":"https:\/\/www.top10casinowebsites.net\/es\/wp-json\/wp\/v2\/pages\/1753","targetHints":{"allow":["GET"]}}],"collection":[{"href":"https:\/\/www.top10casinowebsites.net\/es\/wp-json\/wp\/v2\/pages"}],"about":[{"href":"https:\/\/www.top10casinowebsites.net\/es\/wp-json\/wp\/v2\/types\/page"}],"author":[{"embeddable":true,"href":"https:\/\/www.top10casinowebsites.net\/es\/wp-json\/wp\/v2\/users\/4"}],"replies":[{"embeddable":true,"href":"https:\/\/www.top10casinowebsites.net\/es\/wp-json\/wp\/v2\/comments?post=1753"}],"version-history":[{"count":1,"href":"https:\/\/www.top10casinowebsites.net\/es\/wp-json\/wp\/v2\/pages\/1753\/revisions"}],"predecessor-version":[{"id":2112,"href":"https:\/\/www.top10casinowebsites.net\/es\/wp-json\/wp\/v2\/pages\/1753\/revisions\/2112"}],"up":[{"embeddable":true,"href":"https:\/\/www.top10casinowebsites.net\/es\/wp-json\/wp\/v2\/pages\/141"}],"wp:attachment":[{"href":"https:\/\/www.top10casinowebsites.net\/es\/wp-json\/wp\/v2\/media?parent=1753"}],"curies":[{"name":"wp","href":"https:\/\/api.w.org\/{rel}","templated":true}]}}