{"id":1757,"date":"2017-01-30T13:06:44","date_gmt":"2017-01-30T13:06:44","guid":{"rendered":"https:\/\/www.top10casinowebsites.net\/?page_id=1757"},"modified":"2017-10-06T15:23:15","modified_gmt":"2017-10-06T15:23:15","slug":"blackjack","status":"publish","type":"page","link":"https:\/\/www.top10casinowebsites.net\/es\/casinos-en-vivo\/blackjack","title":{"rendered":"Blackjack con crupieres en vivo \u2013 disfruta de juegos de blackjack en directo"},"content":{"rendered":"<p><img decoding=\"async\" class=\"alignright size-full wp-image-1758\" src=\"https:\/\/www.top10casinowebsites.net\/wp-content\/uploads\/2017\/01\/live-blackjack.jpg\" alt=\"\" width=\"300\" \/>Si est\u00e1s buscando <a href=\"https:\/\/www.top10casinowebsites.net\/es\/blackjack\">las emociones m\u00e1s fuertes jugando al Blackjack<\/a>, entonces es posible que la versi\u00f3n con crupieres en vivo sea la m\u00e1s adecuada para tu estilo de jugador.<\/p>\n<p>Top 10 Casino Websites te ofrece las mejores p\u00e1ginas de casino con crupieres en vivo, donde disfrutar de la ventaja de jugar desde la comodidad de tu <strong>ordenador<\/strong> o <strong>dispositivo m\u00f3vil<\/strong>, pero experimentando la sensaci\u00f3n de encontrarte en un casino f\u00edsico.<\/p>\n<p>La carrera por obtener 21 o derrotar a la casa obteniendo el n\u00famero m\u00e1gico en Blackjack es m\u00e1s excitante y divertido incluso si lo haces en la versi\u00f3n con crupieres en vivo. De hecho, disfrutar\u00e1s de una experiencia mucho m\u00e1s real jugando a esta modalidad de Blackjack, puesto que jugaras en un contexto de casino f\u00edsico con crupieres y jugadores de verdad.<\/p>\n<div class=\"grid-contents\" id=\"grid-contents\"><table class=\"cas_table\" ><tbody><tr class=\"rank-1\">\n                                <td class=\"ranking\">1<\/td>\n                                <td class=\"brandcol\">\n                                    <a href=https:\/\/www.top10casinowebsites.net\/es\/review\/888-casino class=\"brand brand-bg\"><img loading=\"lazy\" decoding=\"async\" class=\"group list-group-image\" src=\"https:\/\/static.top10casinowebsites.net\/images\/casino-rooms\/888-casino-logo.png\" width=\"200\" height=\"128\"\/><\/a>\n                                <\/td>\n                                <td class=\"bonus\" data-title=\"Bonus\">\n\t\t\t\t\t               <p class=\"bonus-text\"><strong>$888<\/strong>Welcome Bonus <br>(<a href=\"https:\/\/www.top10casinowebsites.net\/es\/review\/888-casino\">T&Cs apply, 18+<\/a>)<\/p>\n\t\t\t\t                <\/td>\n\t\t\t\t\t            <td class=\"badge_game\" data-title=\"Rating\">\n                                    <div class=\"rating\"><strong>5<\/strong>\/5<\/div>\n                                    <div class=\"rating stars\" style=\"margin-top: 5px;\"><span class=\"icon icon-stars\"><span class=\"icon-stars green\" style=\"width: 100%;\"><\/span><\/span><\/div>\n\t\t\t\t\t            <\/td>\n                               \n                                <td class=\"play\">\n\t\t\t\t\t               <a class=\"button-gold\" rel=\"nofollow\" href=\"https:\/\/www.top10casinowebsites.net\/es\/review\/888-casino\">Visit<\/a>\n\t                               <div class=\"\">\n\t\t\t\t\t                   <a class=\"review-snippet-link-play-now-col\" href=\"https:\/\/www.top10casinowebsites.net\/es\/review\/888-casino\">Read Review<\/a>\n\t\t\t\t\t               <\/div>\n\t\t\t\t\t           <\/td>\n     \t\t\t\t        <\/tr><\/tbody><\/table><\/div>\n<p>En nuestras website encontrar\u00e1 casinos que ofrecen juegos de Blackjack con crupieres en vivo con:<\/p>\n<ul>\n<li>Una baja ventaja de la casa.<\/li>\n<li>Las mejores probabilidades de ganar para los jugadores.<\/li>\n<li>Crupieres profesionales con experiencia en casino f\u00edsicos.<\/li>\n<li>Un contexto visual y auditivo id\u00e9ntico al de un casino real.<\/li>\n<li>Funciones de video en directo con la que poder interactuar con el crupier y el resto de jugadores.<\/li>\n<li>Excelente calidad de video.<\/li>\n<\/ul>\n<h2>\u00bfC\u00f3mo funciona el blackjack con crupieres en vivo?<\/h2>\n<p><img loading=\"lazy\" decoding=\"async\" class=\"alignleft size-full\" src=\"https:\/\/static.top10casinowebsites.net\/images\/icons\/help-and-tips.png\" alt=\"\" width=\"128\" height=\"128\" \/>Si ya has jugado a la versi\u00f3n online de Blackjack, entonces podr\u00e1s comprobar que la modalidad con crupieres en directo no es diferente a las anteriormente nombradas. Lo m\u00e1s relevante es que el juego es dirigido por un \u00b4<em>dealer<\/em>\u00b4 real en un contexto de casino f\u00edsico, lo que supone un interesante beneficio en comparaci\u00f3n con la versi\u00f3n en l\u00ednea.<\/p>\n<p>Los juegos se retransmiten en vivo desde un casino de verdad o los estudios de la empresa proveedora del servicio, con una ambientaci\u00f3n 100% id\u00e9ntica a la de un casino f\u00edsico. En todo momento, un crupier se encargar\u00e1 de dirigir el juego y asistir a los jugadores en el caso que estos lo necesiten.<\/p>\n<p>Durante el desarrollo del juego podr\u00e1s ver al crupier, el <a href=\"http:\/\/www.blogdelpoker.net\/2009\/02\/el-reparto-de-cartas.html\">reparto de las cartas<\/a>, las apuestas que se realizan y mucho m\u00e1s, todo ello en tiempo real.<\/p>\n<p><strong>Hypalinx<\/strong><\/p>\n<p>Una vez se realicen las apuestas, recibir\u00e1s dos cartas, tras lo que tendr\u00e1s que decidir si plantarte o pedir nuevas que se sumen a la mano que ya ten\u00edas. S\u00f3lo necesitas un poco de suerte para ganar algo de dinero extra.<\/p>\n<h2>\u00bfC\u00f3mo se juega al blackjack con crupieres en directo?<\/h2>\n<p><img loading=\"lazy\" decoding=\"async\" class=\"alignleft size-full\" src=\"https:\/\/static.top10casinowebsites.net\/images\/icons\/help-and-tips.png\" alt=\"\" width=\"128\" height=\"128\" \/>Tanto nuestros expertos profesionales, como cualquier usuario que haya probado los servicios de Blackjack con crupieres en vivo, podr\u00e1 decirte que esta es una de las formas m\u00e1s emocionantes de empaparte de una experiencia de casino real desde tu ordenador o dispositivo m\u00f3vil.<\/p>\n<p>Esta modalidad de Blackjack es jugada, en general, con las mismas reglas que el resto de variantes del juego.<\/p>\n<ul>\n<li>El Blackjack en vivo se juega con una baraja o m\u00e1s de 52 cartas, donde el objetivo del juego es batir al crupier obteniendo una mano con un valor de 21 o lo m\u00e1s cercano posible, pero sin superar dicho n\u00famero.<\/li>\n<li>Una vez hayas ingresado dinero en tu cuenta de casino online, puedes dirigirte directamente a la secci\u00f3n de crupieres en vivo y elegir cualquiera de las variantes de Blackjack a la que desees jugar. Una vez ah\u00ed, podr\u00e1s seleccionar la mesa que quieras y disfrutar de la experiencia.<\/li>\n<li><strong>Coloca tu apuesta inicial<\/strong>: lo primero que tendr\u00e1s que hacer es realizar una apuesta. En el caso de jugar en una mesa multi-asiento, tu jugada deber\u00e1 tener el mismo valor que la del resto de jugadores. Siempre recomendamos a nuevos jugadores que comiencen jugando con una inversi\u00f3n peque\u00f1a y gradualmente vayan incrementando lo apostado.<\/li>\n<li><strong>El crupier reparte las cartas<\/strong>: una vez el jugador, o jugadores si se trata de un juego multi-asiento, han realizado sus apuestas, el crupier repartir\u00e1 dos cartas a cada uno de los usuarios. Tambi\u00e9n se repartir\u00e1 dos cartas a s\u00ed mismo, una boca arriba y otra boca abajo.<\/li>\n<li><strong>Elige pedir nueva carta, plantarte, doblar o asegurar la apuesta<\/strong>: una vez se hayan repartido los naipes, el jugador tendr\u00e1 la posibilidad de realizar los movimientos anteriormente nombrados. Podr\u00e1s observar tu mano al descubierto y una de las cartas del crupier antes de tomar una decisi\u00f3n.<\/li>\n<li>Para ello, podr\u00e1s comprobar que sobre la pantalla aparecen diferentes botones que corresponden a cada una de estas acciones. El crupier confirmar\u00e1 tu elecci\u00f3n una vez selecciones una de las opciones.<\/li>\n<li><strong>El crupier se\u00f1ala el ganador<\/strong>: una vez todos los jugadores hayan cerrado su mano, el repartidor indicar\u00e1 como se resolvi\u00f3 el juego y quien result\u00f3 ganador. Si tu mano est\u00e1 m\u00e1s cerca de 21 que la del crupier habr\u00e1s ganado, si tu mano supera 21 habr\u00e1s perdido.<\/li>\n<\/ul>\n<h2>Preguntas frecuentes para el blackjack con crupieres en vivo<\/h2>\n<div class='dt-sc-toggle-frame-set'><div class=\"dt-sc-toggle-frame\">\t<h5 class='dt-sc-toggle-accordion '><a href='#'>1. \u00bfEs seguro jugar al Blackjack con crupieres en directo?<\/a><\/h5>\t<div class=\"dt-sc-toggle-content\" style=\"display: none;\">\t\t<div class=\"block\">Todos los casinos de nuestro listado que ofrecen este tipo de juego de cartas en vivo est\u00e1n licenciados y regulados por las autoridades competentes de nuestro pa\u00eds. Y lo que es lo m\u00e1s importante, podr\u00e1s ver en todo momento como son repartidas las cartas por un crupier real, haciendo esta variante mucho m\u00e1s segura de jugar.\t\t<\/div>\t<\/div><\/div>\n<div class=\"dt-sc-toggle-frame\">\t<h5 class='dt-sc-toggle-accordion '><a href='#'>2. \u00bfCu\u00e1les son las probabilidades de ganar que puedo esperar de este juego?<\/a><\/h5>\t<div class=\"dt-sc-toggle-content\" style=\"display: none;\">\t\t<div class=\"block\">Las probabilidades de esta modalidad de Blackjack en vivo son normalmente las mismas que las que se tienen de ganar en la versi\u00f3n online. Teniendo en cuenta que la ventaja de la casa es bastante baja en este juego, tus opciones de ganar son mayores. La ventaja del casino oscila entre el 0.5% y el 5%, dependiendo del n\u00famero de barajas que se usen\t\t<\/div>\t<\/div><\/div>\n<div class=\"dt-sc-toggle-frame\">\t<h5 class='dt-sc-toggle-accordion '><a href='#'>3. \u00bfPuede alg\u00fan casino manipular un juego de este tipo?<\/a><\/h5>\t<div class=\"dt-sc-toggle-content\" style=\"display: none;\">\t\t<div class=\"block\">Con respecto a los <a href=\"\/es\/casinos\">casinos con licencia<\/a> que encontrar\u00e1s en el listado de Top 10 Casino Websites, auditados y certificados para poder operar, esto resulta imposible. Es por ello que te recomendamos que siempre participes en cualquiera de las p\u00e1ginas que te ofrecemos, ya que cuentan con las m\u00e1ximas garant\u00edas de internet.\t\t<\/div>\t<\/div><\/div>\n<div class=\"dt-sc-toggle-frame\">\t<h5 class='dt-sc-toggle-accordion '><a href='#'>4. \u00bfEs efectivo contar cartas cuando se juega al blackjack en directo?<\/a><\/h5>\t<div class=\"dt-sc-toggle-content\" style=\"display: none;\">\t\t<div class=\"block\">Estas pr\u00e1cticas est\u00e1s ciertamente mal vista por los actores del sector del juego online, ya que no es algo 100% l\u00edcito y adultera la esencia del juego en s\u00ed. En cualquier caso, los casinos utilizan varias barajas de cartas para evitar estas pr\u00e1cticas abusivas por parte de algunos usuarios sin escr\u00fapulos.\t\t<\/div>\t<\/div><\/div>\n<div class=\"dt-sc-toggle-frame\">\t<h5 class='dt-sc-toggle-accordion '><a href='#'>5. \u00bfPuedo jugar a estos juegos desde mi Smartphone o Tablet?<\/a><\/h5>\t<div class=\"dt-sc-toggle-content\" style=\"display: none;\">\t\t<div class=\"block\">Existen muchos casinos online que han extendido su oferta para jugar al Blackjack en vivo a <a href=\"\/es\/moviles\">plataformas m\u00f3viles<\/a>. Mientras que tu dispositivo posea una conexi\u00f3n wifi o 4G decente no tendr\u00e1s problemas en disfrutar de este servicio en cualquier momento y lugar.\t\t<\/div>\t<\/div><\/div>\n<div class=\"dt-sc-toggle-frame\">\t<h5 class='dt-sc-toggle-accordion '><a href='#'>6. \u00bfExiste alguna versi\u00f3n gratuita de Blackjack en vivo a la que pueda jugar?<\/a><\/h5>\t<div class=\"dt-sc-toggle-content\" style=\"display: none;\">\t\t<div class=\"block\">Al contrario que con otros juegos online, el blackjack en directo \u00fanicamente se puede jugar con dinero real. Sin embargo, muchos casinos te ofrecen la posibilidad de visualizar c\u00f3mo se desarrollan estas partidas con videos de demostraci\u00f3n. Es posible adem\u00e1s, ver en vivo como se desarrollan manos de Blackjack con crupieres reales aunque sin participar. Esta es una buena manera de aprender el funcionamiento del juego antes de entrar a jugar con dinero real.\t\t<\/div>\t<\/div><\/div><\/div>\n","protected":false},"excerpt":{"rendered":"<p>Si est\u00e1s buscando las emociones m\u00e1s fuertes jugando al Blackjack, entonces es posible que la versi\u00f3n con crupieres en vivo sea la m\u00e1s adecuada para tu estilo de jugador. Top 10 Casino Websites te ofrece las mejores p\u00e1ginas de casino con crupieres en vivo, donde disfrutar de la ventaja de jugar desde la comodidad de [&hellip;]<\/p>\n","protected":false},"author":4,"featured_media":0,"parent":141,"menu_order":0,"comment_status":"closed","ping_status":"closed","template":"","meta":{"_acf_changed":false,"footnotes":""},"class_list":["post-1757","page","type-page","status-publish","hentry"],"acf":[],"yoast_head":"<!-- This site is optimized with the Yoast SEO plugin v27.4 - https:\/\/yoast.com\/product\/yoast-seo-wordpress\/ -->\n<title>Blackjack con crupieres en vivo \u2013 disfruta de juegos de blackjack en directo<\/title>\n<meta name=\"description\" content=\"Encuentra los mejores casinos en l\u00ednea para jugar al blackjack con crupieres en directo y disfruta de una aut\u00e9ntica experiencia de juego en vivo.\" \/>\n<meta name=\"robots\" content=\"index, follow, max-snippet:-1, max-image-preview:large, max-video-preview:-1\" \/>\n<link rel=\"canonical\" href=\"https:\/\/www.top10casinowebsites.net\/es\/casinos-en-vivo\/blackjack\" \/>\n<meta property=\"og:locale\" content=\"en_US\" \/>\n<meta property=\"og:type\" content=\"article\" \/>\n<meta property=\"og:title\" content=\"Blackjack con crupieres en vivo \u2013 disfruta de juegos de blackjack en directo\" \/>\n<meta property=\"og:description\" content=\"Encuentra los mejores casinos en l\u00ednea para jugar al blackjack con crupieres en directo y disfruta de una aut\u00e9ntica experiencia de juego en vivo.\" \/>\n<meta property=\"og:url\" content=\"https:\/\/www.top10casinowebsites.net\/es\/casinos-en-vivo\/blackjack\" \/>\n<meta property=\"og:site_name\" content=\"ES\" \/>\n<meta property=\"article:modified_time\" content=\"2017-10-06T15:23:15+00:00\" \/>\n<meta name=\"twitter:card\" content=\"summary_large_image\" \/>\n<meta name=\"twitter:label1\" content=\"Est. reading time\" \/>\n\t<meta name=\"twitter:data1\" content=\"7 minutes\" \/>\n<script type=\"application\/ld+json\" class=\"yoast-schema-graph\">{\"@context\":\"https:\\\/\\\/schema.org\",\"@graph\":[{\"@type\":\"WebPage\",\"@id\":\"https:\\\/\\\/www.top10casinowebsites.net\\\/es\\\/casinos-en-vivo\\\/blackjack\",\"url\":\"https:\\\/\\\/www.top10casinowebsites.net\\\/es\\\/casinos-en-vivo\\\/blackjack\",\"name\":\"Blackjack con crupieres en vivo \u2013 disfruta de juegos de blackjack en directo\",\"isPartOf\":{\"@id\":\"https:\\\/\\\/www.top10casinowebsites.net\\\/es\\\/#website\"},\"primaryImageOfPage\":{\"@id\":\"https:\\\/\\\/www.top10casinowebsites.net\\\/es\\\/casinos-en-vivo\\\/blackjack#primaryimage\"},\"image\":{\"@id\":\"https:\\\/\\\/www.top10casinowebsites.net\\\/es\\\/casinos-en-vivo\\\/blackjack#primaryimage\"},\"thumbnailUrl\":\"https:\\\/\\\/www.top10casinowebsites.net\\\/wp-content\\\/uploads\\\/2017\\\/01\\\/live-blackjack.jpg\",\"datePublished\":\"2017-01-30T13:06:44+00:00\",\"dateModified\":\"2017-10-06T15:23:15+00:00\",\"description\":\"Encuentra los mejores casinos en l\u00ednea para jugar al blackjack con crupieres en directo y disfruta de una aut\u00e9ntica experiencia de juego en vivo.\",\"breadcrumb\":{\"@id\":\"https:\\\/\\\/www.top10casinowebsites.net\\\/es\\\/casinos-en-vivo\\\/blackjack#breadcrumb\"},\"inLanguage\":\"en-US\",\"potentialAction\":[{\"@type\":\"ReadAction\",\"target\":[\"https:\\\/\\\/www.top10casinowebsites.net\\\/es\\\/casinos-en-vivo\\\/blackjack\"]}]},{\"@type\":\"ImageObject\",\"inLanguage\":\"en-US\",\"@id\":\"https:\\\/\\\/www.top10casinowebsites.net\\\/es\\\/casinos-en-vivo\\\/blackjack#primaryimage\",\"url\":\"https:\\\/\\\/www.top10casinowebsites.net\\\/wp-content\\\/uploads\\\/2017\\\/01\\\/live-blackjack.jpg\",\"contentUrl\":\"https:\\\/\\\/www.top10casinowebsites.net\\\/wp-content\\\/uploads\\\/2017\\\/01\\\/live-blackjack.jpg\"},{\"@type\":\"BreadcrumbList\",\"@id\":\"https:\\\/\\\/www.top10casinowebsites.net\\\/es\\\/casinos-en-vivo\\\/blackjack#breadcrumb\",\"itemListElement\":[{\"@type\":\"ListItem\",\"position\":1,\"name\":\"Home\",\"item\":\"https:\\\/\\\/www.top10casinowebsites.net\\\/es\\\/\"},{\"@type\":\"ListItem\",\"position\":2,\"name\":\"Casinos en vivo \u2013 casinos en directo con crupieres reales\",\"item\":\"https:\\\/\\\/www.top10casinowebsites.net\\\/es\\\/casinos-en-vivo\"},{\"@type\":\"ListItem\",\"position\":3,\"name\":\"Blackjack con crupieres en vivo \u2013 disfruta de juegos de blackjack en directo\"}]},{\"@type\":\"WebSite\",\"@id\":\"https:\\\/\\\/www.top10casinowebsites.net\\\/es\\\/#website\",\"url\":\"https:\\\/\\\/www.top10casinowebsites.net\\\/es\\\/\",\"name\":\"ES\",\"description\":\"\",\"potentialAction\":[{\"@type\":\"SearchAction\",\"target\":{\"@type\":\"EntryPoint\",\"urlTemplate\":\"https:\\\/\\\/www.top10casinowebsites.net\\\/es\\\/?s={search_term_string}\"},\"query-input\":{\"@type\":\"PropertyValueSpecification\",\"valueRequired\":true,\"valueName\":\"search_term_string\"}}],\"inLanguage\":\"en-US\"}]}<\/script>\n<!-- \/ Yoast SEO plugin. -->","yoast_head_json":{"title":"Blackjack con crupieres en vivo \u2013 disfruta de juegos de blackjack en directo","description":"Encuentra los mejores casinos en l\u00ednea para jugar al blackjack con crupieres en directo y disfruta de una aut\u00e9ntica experiencia de juego en vivo.","robots":{"index":"index","follow":"follow","max-snippet":"max-snippet:-1","max-image-preview":"max-image-preview:large","max-video-preview":"max-video-preview:-1"},"canonical":"https:\/\/www.top10casinowebsites.net\/es\/casinos-en-vivo\/blackjack","og_locale":"en_US","og_type":"article","og_title":"Blackjack con crupieres en vivo \u2013 disfruta de juegos de blackjack en directo","og_description":"Encuentra los mejores casinos en l\u00ednea para jugar al blackjack con crupieres en directo y disfruta de una aut\u00e9ntica experiencia de juego en vivo.","og_url":"https:\/\/www.top10casinowebsites.net\/es\/casinos-en-vivo\/blackjack","og_site_name":"ES","article_modified_time":"2017-10-06T15:23:15+00:00","twitter_card":"summary_large_image","twitter_misc":{"Est. reading time":"7 minutes"},"schema":{"@context":"https:\/\/schema.org","@graph":[{"@type":"WebPage","@id":"https:\/\/www.top10casinowebsites.net\/es\/casinos-en-vivo\/blackjack","url":"https:\/\/www.top10casinowebsites.net\/es\/casinos-en-vivo\/blackjack","name":"Blackjack con crupieres en vivo \u2013 disfruta de juegos de blackjack en directo","isPartOf":{"@id":"https:\/\/www.top10casinowebsites.net\/es\/#website"},"primaryImageOfPage":{"@id":"https:\/\/www.top10casinowebsites.net\/es\/casinos-en-vivo\/blackjack#primaryimage"},"image":{"@id":"https:\/\/www.top10casinowebsites.net\/es\/casinos-en-vivo\/blackjack#primaryimage"},"thumbnailUrl":"https:\/\/www.top10casinowebsites.net\/wp-content\/uploads\/2017\/01\/live-blackjack.jpg","datePublished":"2017-01-30T13:06:44+00:00","dateModified":"2017-10-06T15:23:15+00:00","description":"Encuentra los mejores casinos en l\u00ednea para jugar al blackjack con crupieres en directo y disfruta de una aut\u00e9ntica experiencia de juego en vivo.","breadcrumb":{"@id":"https:\/\/www.top10casinowebsites.net\/es\/casinos-en-vivo\/blackjack#breadcrumb"},"inLanguage":"en-US","potentialAction":[{"@type":"ReadAction","target":["https:\/\/www.top10casinowebsites.net\/es\/casinos-en-vivo\/blackjack"]}]},{"@type":"ImageObject","inLanguage":"en-US","@id":"https:\/\/www.top10casinowebsites.net\/es\/casinos-en-vivo\/blackjack#primaryimage","url":"https:\/\/www.top10casinowebsites.net\/wp-content\/uploads\/2017\/01\/live-blackjack.jpg","contentUrl":"https:\/\/www.top10casinowebsites.net\/wp-content\/uploads\/2017\/01\/live-blackjack.jpg"},{"@type":"BreadcrumbList","@id":"https:\/\/www.top10casinowebsites.net\/es\/casinos-en-vivo\/blackjack#breadcrumb","itemListElement":[{"@type":"ListItem","position":1,"name":"Home","item":"https:\/\/www.top10casinowebsites.net\/es\/"},{"@type":"ListItem","position":2,"name":"Casinos en vivo \u2013 casinos en directo con crupieres reales","item":"https:\/\/www.top10casinowebsites.net\/es\/casinos-en-vivo"},{"@type":"ListItem","position":3,"name":"Blackjack con crupieres en vivo \u2013 disfruta de juegos de blackjack en directo"}]},{"@type":"WebSite","@id":"https:\/\/www.top10casinowebsites.net\/es\/#website","url":"https:\/\/www.top10casinowebsites.net\/es\/","name":"ES","description":"","potentialAction":[{"@type":"SearchAction","target":{"@type":"EntryPoint","urlTemplate":"https:\/\/www.top10casinowebsites.net\/es\/?s={search_term_string}"},"query-input":{"@type":"PropertyValueSpecification","valueRequired":true,"valueName":"search_term_string"}}],"inLanguage":"en-US"}]}},"_links":{"self":[{"href":"https:\/\/www.top10casinowebsites.net\/es\/wp-json\/wp\/v2\/pages\/1757","targetHints":{"allow":["GET"]}}],"collection":[{"href":"https:\/\/www.top10casinowebsites.net\/es\/wp-json\/wp\/v2\/pages"}],"about":[{"href":"https:\/\/www.top10casinowebsites.net\/es\/wp-json\/wp\/v2\/types\/page"}],"author":[{"embeddable":true,"href":"https:\/\/www.top10casinowebsites.net\/es\/wp-json\/wp\/v2\/users\/4"}],"replies":[{"embeddable":true,"href":"https:\/\/www.top10casinowebsites.net\/es\/wp-json\/wp\/v2\/comments?post=1757"}],"version-history":[{"count":1,"href":"https:\/\/www.top10casinowebsites.net\/es\/wp-json\/wp\/v2\/pages\/1757\/revisions"}],"predecessor-version":[{"id":2161,"href":"https:\/\/www.top10casinowebsites.net\/es\/wp-json\/wp\/v2\/pages\/1757\/revisions\/2161"}],"up":[{"embeddable":true,"href":"https:\/\/www.top10casinowebsites.net\/es\/wp-json\/wp\/v2\/pages\/141"}],"wp:attachment":[{"href":"https:\/\/www.top10casinowebsites.net\/es\/wp-json\/wp\/v2\/media?parent=1757"}],"curies":[{"name":"wp","href":"https:\/\/api.w.org\/{rel}","templated":true}]}}