{"id":1760,"date":"2017-01-30T13:47:21","date_gmt":"2017-01-30T13:47:21","guid":{"rendered":"https:\/\/www.top10casinowebsites.net\/?page_id=1760"},"modified":"2017-10-06T15:57:31","modified_gmt":"2017-10-06T15:57:31","slug":"casino-holdem","status":"publish","type":"page","link":"https:\/\/www.top10casinowebsites.net\/es\/casinos-en-vivo\/casino-holdem","title":{"rendered":"Crupieres en vivo para casino Hold\u00b4em \u2013 Juegos de casino Hold\u00b4em en directo"},"content":{"rendered":"<p><img decoding=\"async\" class=\"alignright size-full wp-image-1761\" src=\"https:\/\/www.top10casinowebsites.net\/wp-content\/uploads\/2017\/01\/live-casino-holdem.jpg\" alt=\"\" width=\"300\" \/>Si eres un fan del p\u00f3ker, entonces tienes todos los motivos para estar en nuestra p\u00e1gina <strong>Top 10 Casino Websites<\/strong>. Aqu\u00ed te mostramos p\u00e1ginas de casino Hold\u00b4em en vivo que llevan este juego a un nivel superior.<\/p>\n<p>Y lo que es m\u00e1s importante, vas a poder jugar este vibrante juego contra crupieres profesionales con a\u00f1os de experiencia en el sector, lo que te dar\u00e1 la posibilidad de disfrutar de gran acci\u00f3n en tiempo real sin tener que desplazarte a un casino f\u00edsico. En el cat\u00e1logo de casinos de nuestra p\u00e1gina podr\u00e1s encontrar:<\/p>\n<h2>Las mejores p\u00e1ginas de casino Hold\u00b4em con crupieres en directo<\/h2>\n<div class=\"grid-contents\" id=\"grid-contents\"><table class=\"cas_table\" ><tbody><tr class=\"rank-1\">\n                                <td class=\"ranking\">1<\/td>\n                                <td class=\"brandcol\">\n                                    <a href=https:\/\/www.top10casinowebsites.net\/es\/review\/888-casino class=\"brand brand-bg\"><img loading=\"lazy\" decoding=\"async\" class=\"group list-group-image\" src=\"https:\/\/static.top10casinowebsites.net\/images\/casino-rooms\/888-casino-logo.png\" width=\"200\" height=\"128\"\/><\/a>\n                                <\/td>\n                                <td class=\"bonus\" data-title=\"Bonus\">\n\t\t\t\t\t               <p class=\"bonus-text\"><strong>$888<\/strong>Welcome Bonus <br>(<a href=\"https:\/\/www.top10casinowebsites.net\/es\/review\/888-casino\">T&Cs apply, 18+<\/a>)<\/p>\n\t\t\t\t                <\/td>\n\t\t\t\t\t            <td class=\"badge_game\" data-title=\"Rating\">\n                                    <div class=\"rating\"><strong>5<\/strong>\/5<\/div>\n                                    <div class=\"rating stars\" style=\"margin-top: 5px;\"><span class=\"icon icon-stars\"><span class=\"icon-stars green\" style=\"width: 100%;\"><\/span><\/span><\/div>\n\t\t\t\t\t            <\/td>\n                               \n                                <td class=\"play\">\n\t\t\t\t\t               <a class=\"button-gold\" rel=\"nofollow\" href=\"https:\/\/www.top10casinowebsites.net\/es\/review\/888-casino\">Visit<\/a>\n\t                               <div class=\"\">\n\t\t\t\t\t                   <a class=\"review-snippet-link-play-now-col\" href=\"https:\/\/www.top10casinowebsites.net\/es\/review\/888-casino\">Read Review<\/a>\n\t\t\t\t\t               <\/div>\n\t\t\t\t\t           <\/td>\n     \t\t\t\t        <\/tr><\/tbody><\/table><\/div>\n<p>Los juegos de casino Hold\u00b4em son retransmitidos en vivo desde el casino o el estudio de la marca proveedora del servicio directamente a la pantalla de tu ordenador o port\u00e1til y te ofrecen:<\/p>\n<ul>\n<li>Casinos que te dan la posibilidad de jugar en mesas para apuestas altas y bajas.<\/li>\n<li>Permite a los jugadores ganar bonos y puntos complementarios.<\/li>\n<li>Juegos multi-mesas.<\/li>\n<li>Secciones en las que jugar casinos hold\u00b4em en el momento.<\/li>\n<\/ul>\n<p>Casinos Hold\u00b4em es una de las <a href=\"http:\/\/www.wikihow.com\/Play-Five-Card-Draw\">variantes del Five Card Poker<\/a> o P\u00f3ker de cinco cartas, que te permite comprobar tus habilidades como jugador hasta el l\u00edmite y enfrentarte a otros jugadores desde el confort de tu hogar.<\/p>\n<p>As\u00ed que si est\u00e1s listo para disfrutar de esta experiencia con crupieres reales y demostrar tu destreza como jugador, entonces nosotros somos los m\u00e1s indicados para ayudarte a dar los primeros pasos en el mundo de los casinos en vivo.<\/p>\n<h2>\u00bfPor qu\u00e9 jugar al casino Hold\u00b4em con crupieres en directo?<\/h2>\n<p><img loading=\"lazy\" decoding=\"async\" class=\"alignleft size-full\" src=\"https:\/\/static.top10casinowebsites.net\/images\/icons\/help-and-tips.png\" alt=\"\" width=\"128\" height=\"128\" \/>El Casino Hold\u00b4em en vivo ofrece a los aficionados al p\u00f3ker excelentes tratos para sacar el m\u00e1ximo rendimiento a estas mesas de juego. Aqu\u00ed te mostramos algunas de estas ventajas:<\/p>\n<ul>\n<li>Una amplia gama de opciones de apuestas<\/li>\n<li>Juega en contra de crupieres reales e interact\u00faa con ellos.<\/li>\n<li>Juega donde y cuando quieras.<\/li>\n<li>Disfruta de pagos con un ratio de hasta 100:1 dependiendo de la combinaci\u00f3n ganadora.<\/li>\n<li>Realiza apuestas paralelas y gana premios acorde con los bonos que ofrece la mesa.<\/li>\n<li>Disfruta de la destreza de los crupieres profesionales al barajar y repartir las cartas.<\/li>\n<li>Cambia de mesa si en la que est\u00e1s jugando no te interesa.<\/li>\n<\/ul>\n<p><strong>OfficialEuroPartners<\/strong><\/p>\n<h2>\u00bfC\u00f3mo se juega al casino Hold\u00b4em?<\/h2>\n<p><img loading=\"lazy\" decoding=\"async\" class=\"alignleft size-full\" src=\"https:\/\/static.top10casinowebsites.net\/images\/icons\/help-and-tips.png\" alt=\"\" width=\"128\" height=\"128\" \/>El casino Hold\u00b4em se juega con una baraja de 52 cartas. Al contrario que el p\u00f3ker cl\u00e1sico, en esta modalidad se juega en contra del crupier. Te explicamos a continuaci\u00f3n los aspectos a tener en cuenta:<\/p>\n<ul>\n<li>El juego empieza con los jugadores realizando una apuesta.<\/li>\n<li>El crupier reparte a cada usuario sus cartas y coloca otras 2 cartas boca arriba encima de la mesa.<\/li>\n<li>Cada jugador debe intentar obtener la mejor mano bas\u00e1ndose en las dos cartas que posee y las comunes.<\/li>\n<li>Una vez se realiza una nueva tanda de apuestas, el crupier a\u00f1ade una carta m\u00e1s en el centro de la mesa.<\/li>\n<li>Con la aparici\u00f3n de una nueva carta sobre la mesa, el jugador tiene la posibilidad de retirarse, mantener su apuesta, igualar la apuesta o subirla.<\/li>\n<li>El juego contin\u00faa hasta que el crupier saca una quinta y definitiva carta. Entonces todos los jugadores deben mostrar su mano, llev\u00e1ndose el dinero acumulado la combinaci\u00f3n m\u00e1s poderosa.<\/li>\n<\/ul>\n<h2>Consejos de expertos para casino Hold\u00b4em en vivo<\/h2>\n<p><img loading=\"lazy\" decoding=\"async\" class=\"alignleft size-full\" src=\"https:\/\/static.top10casinowebsites.net\/images\/icons\/help-and-tips.png\" alt=\"\" width=\"128\" height=\"128\" \/>La clave del juego se encuentra en tomar la decisi\u00f3n correcta con respecto a seguir jugando o retirarse una vez que se han repartido las primeras cartas.<\/p>\n<ul>\n<li>Ten en cuenta la fortaleza de tu mano inicial, adem\u00e1s de la posible mejora con la incorporaci\u00f3n del resto de cartas.<\/li>\n<li>Si, de entrada tienes pareja, AS o Rey, entonces lo ideal ser\u00eda continuar jugando.<\/li>\n<li>Si a\u00fan quedan cartas por mostrar, puedes seguir jugando.<\/li>\n<li>Si tienes la posibilidad de conseguir color o escalera a\u00f1adiendo una carta m\u00e1s a tu mano, entonces ser\u00eda conveniente seguir jugando.<\/li>\n<li>Si no tienes cartas propias que coincidan con las de la mesa, entonces deber\u00edas retirarte de dicha mano.<\/li>\n<\/ul>\n<h2>Preguntas frecuentes relacionadas con el juego de casino Hold\u00b4em en vivo<\/h2>\n<div class='dt-sc-toggle-frame-set'><div class=\"dt-sc-toggle-frame\">\t<h5 class='dt-sc-toggle-accordion '><a href='#'>1. \u00bfSon los juegos de casino Hold\u00b4em en vivo fiables?<\/a><\/h5>\t<div class=\"dt-sc-toggle-content\" style=\"display: none;\">\t\t<div class=\"block\">Todos los juegos de casino en vivo que aparecen en el listado de nuestra p\u00e1gina poseen su licencia pertinente, adem\u00e1s de contar con los permisos reglamentarios para operar. Los juegos que recomendamos han sido revisados y certificados por administraciones del sector, lo que garantiza su fiabilidad.<\/p>\n<p>Desde nuestra p\u00e1gina, s\u00f3lo recomendamos aquellos casinos en directo que ofrecen los est\u00e1ndares de calidad m\u00e1s elevados. Adem\u00e1s, vas a estar jugando contra un crupier real, lo que desecha cualquier opci\u00f3n de manipulaci\u00f3n de las partidas.\t\t<\/div>\t<\/div><\/div>\n<div class=\"dt-sc-toggle-frame\">\t<h5 class='dt-sc-toggle-accordion '><a href='#'>2. \u00bfExisten torneos de casino Hold\u00b4em en directo a los que pueda jugar?<\/a><\/h5>\t<div class=\"dt-sc-toggle-content\" style=\"display: none;\">\t\t<div class=\"block\">Normalmente no vas a encontrar torneos de este tipo, ya que esto supondr\u00eda contar con una gran cantidad de mesas y crupieres disponibles. Sin embargo, algunos casinos pueden desarrollar alg\u00fan que otro torneo muy de vez en cuando. Los casinos online s\u00ed que te ofrecen la posibilidad de jugar cientos de torneos cada semana.\t\t<\/div>\t<\/div><\/div>\n<div class=\"dt-sc-toggle-frame\">\t<h5 class='dt-sc-toggle-accordion '><a href='#'>3. \u00bfPuedo participar en algunos juegos gratuitos en directo?<\/a><\/h5>\t<div class=\"dt-sc-toggle-content\" style=\"display: none;\">\t\t<div class=\"block\">Esta opci\u00f3n no suele estar disponible para este tipo de juegos con crupieres reales. Tendr\u00e1s que hacer un dep\u00f3sito y jugar con dinero real si quieres disfrutar de esta experiencia. Sin embargo, siempre puedes <a href=\"\/juegos\">probar los juegos de casino online<\/a> de forma gratuita antes de jugar a los que utilizan crupieres reales en vivo.\t\t<\/div>\t<\/div><\/div>\n<div class=\"dt-sc-toggle-frame\">\t<h5 class='dt-sc-toggle-accordion '><a href='#'>4. \u00bfQu\u00e9 tipo de conexi\u00f3n a internet necesito para jugar?<\/a><\/h5>\t<div class=\"dt-sc-toggle-content\" style=\"display: none;\">\t\t<div class=\"block\">Una conexi\u00f3n de banda ancha es suficientes para que puedas disfrutar de una completa experiencia en un casino en vivo sin ning\u00fan tipo de problema. El video se reproduce en directo hasta la pantalla de tu ordenador, por lo que basta con tener una conexi\u00f3n razonablemente buena.\t\t<\/div>\t<\/div><\/div>\n<div class=\"dt-sc-toggle-frame\">\t<h5 class='dt-sc-toggle-accordion '><a href='#'>5. \u00bfPuedo usar mi tel\u00e9fono m\u00f3vil o tableta?<\/a><\/h5>\t<div class=\"dt-sc-toggle-content\" style=\"display: none;\">\t\t<div class=\"block\">Existen algunos casinos ofrecen un servicio para disfrutar de su juego de casino hold\u00b4em en directo desde tel\u00e9fonos m\u00f3viles y Tabletas, aunque no la mayor\u00eda. En cualquier caso, siempre tienes la opci\u00f3n de consultar con el servicio de atenci\u00f3n al cliente si tienes alguna duda en relaci\u00f3n con los <a href=\"\/moviles\">juegos de casino para m\u00f3viles<\/a>.\t\t<\/div>\t<\/div><\/div>\n<div class=\"dt-sc-toggle-frame\">\t<h5 class='dt-sc-toggle-accordion '><a href='#'>6. \u00bfD\u00f3nde puedo encontrar los mejores juegos de casino Hold\u00b4em en vivo?<\/a><\/h5>\t<div class=\"dt-sc-toggle-content\" style=\"display: none;\">\t\t<div class=\"block\">Aqu\u00ed mismo, en el listado de casinos de nuestro cat\u00e1logo. Nuestro equipo de expertos ha trabajado durante un largo tiempo hasta conseguir detectar y reclutar \u00fanicamente las mejores p\u00e1ginas de casino en directo.\t\t<\/div>\t<\/div><\/div>\n<div class=\"dt-sc-toggle-frame\">\t<h5 class='dt-sc-toggle-accordion '><a href='#'>7. \u00bfSe necesita alg\u00fan software para disfrutar de estos juegos en directo?<\/a><\/h5>\t<div class=\"dt-sc-toggle-content\" style=\"display: none;\">\t\t<div class=\"block\">Lo \u00fanico que necesitas es una webcam, eso es todo.\t\t<\/div>\t<\/div><\/div><\/div>\n","protected":false},"excerpt":{"rendered":"<p>Si eres un fan del p\u00f3ker, entonces tienes todos los motivos para estar en nuestra p\u00e1gina Top 10 Casino Websites. Aqu\u00ed te mostramos p\u00e1ginas de casino Hold\u00b4em en vivo que llevan este juego a un nivel superior. Y lo que es m\u00e1s importante, vas a poder jugar este vibrante juego contra crupieres profesionales con a\u00f1os [&hellip;]<\/p>\n","protected":false},"author":4,"featured_media":0,"parent":141,"menu_order":0,"comment_status":"closed","ping_status":"closed","template":"","meta":{"_acf_changed":false,"footnotes":""},"class_list":["post-1760","page","type-page","status-publish","hentry"],"acf":[],"yoast_head":"<!-- This site is optimized with the Yoast SEO plugin v27.4 - https:\/\/yoast.com\/product\/yoast-seo-wordpress\/ -->\n<title>Crupieres en vivo para casino Hold\u00b4em \u2013 juegos de casino Hold\u00b4em en directo<\/title>\n<meta name=\"description\" content=\"Juega a la variante hold\u00b4em para poker en directo en las mejores p\u00e1ginas y si\u00e9ntete como si estuvieras en tu casino f\u00edsico favorito desafiando a crupieres reales.\" \/>\n<meta name=\"robots\" content=\"index, follow, max-snippet:-1, max-image-preview:large, max-video-preview:-1\" \/>\n<link rel=\"canonical\" href=\"https:\/\/www.top10casinowebsites.net\/es\/casinos-en-vivo\/casino-holdem\" \/>\n<meta property=\"og:locale\" content=\"en_US\" \/>\n<meta property=\"og:type\" content=\"article\" \/>\n<meta property=\"og:title\" content=\"Crupieres en vivo para casino Hold\u00b4em \u2013 juegos de casino Hold\u00b4em en directo\" \/>\n<meta property=\"og:description\" content=\"Juega a la variante hold\u00b4em para poker en directo en las mejores p\u00e1ginas y si\u00e9ntete como si estuvieras en tu casino f\u00edsico favorito desafiando a crupieres reales.\" \/>\n<meta property=\"og:url\" content=\"https:\/\/www.top10casinowebsites.net\/es\/casinos-en-vivo\/casino-holdem\" \/>\n<meta property=\"og:site_name\" content=\"ES\" \/>\n<meta property=\"article:modified_time\" content=\"2017-10-06T15:57:31+00:00\" \/>\n<meta name=\"twitter:card\" content=\"summary_large_image\" \/>\n<meta name=\"twitter:label1\" content=\"Est. reading time\" \/>\n\t<meta name=\"twitter:data1\" content=\"6 minutes\" \/>\n<script type=\"application\/ld+json\" class=\"yoast-schema-graph\">{\"@context\":\"https:\\\/\\\/schema.org\",\"@graph\":[{\"@type\":\"WebPage\",\"@id\":\"https:\\\/\\\/www.top10casinowebsites.net\\\/es\\\/casinos-en-vivo\\\/casino-holdem\",\"url\":\"https:\\\/\\\/www.top10casinowebsites.net\\\/es\\\/casinos-en-vivo\\\/casino-holdem\",\"name\":\"Crupieres en vivo para casino Hold\u00b4em \u2013 juegos de casino Hold\u00b4em en directo\",\"isPartOf\":{\"@id\":\"https:\\\/\\\/www.top10casinowebsites.net\\\/es\\\/#website\"},\"primaryImageOfPage\":{\"@id\":\"https:\\\/\\\/www.top10casinowebsites.net\\\/es\\\/casinos-en-vivo\\\/casino-holdem#primaryimage\"},\"image\":{\"@id\":\"https:\\\/\\\/www.top10casinowebsites.net\\\/es\\\/casinos-en-vivo\\\/casino-holdem#primaryimage\"},\"thumbnailUrl\":\"https:\\\/\\\/www.top10casinowebsites.net\\\/wp-content\\\/uploads\\\/2017\\\/01\\\/live-casino-holdem.jpg\",\"datePublished\":\"2017-01-30T13:47:21+00:00\",\"dateModified\":\"2017-10-06T15:57:31+00:00\",\"description\":\"Juega a la variante hold\u00b4em para poker en directo en las mejores p\u00e1ginas y si\u00e9ntete como si estuvieras en tu casino f\u00edsico favorito desafiando a crupieres reales.\",\"breadcrumb\":{\"@id\":\"https:\\\/\\\/www.top10casinowebsites.net\\\/es\\\/casinos-en-vivo\\\/casino-holdem#breadcrumb\"},\"inLanguage\":\"en-US\",\"potentialAction\":[{\"@type\":\"ReadAction\",\"target\":[\"https:\\\/\\\/www.top10casinowebsites.net\\\/es\\\/casinos-en-vivo\\\/casino-holdem\"]}]},{\"@type\":\"ImageObject\",\"inLanguage\":\"en-US\",\"@id\":\"https:\\\/\\\/www.top10casinowebsites.net\\\/es\\\/casinos-en-vivo\\\/casino-holdem#primaryimage\",\"url\":\"https:\\\/\\\/www.top10casinowebsites.net\\\/wp-content\\\/uploads\\\/2017\\\/01\\\/live-casino-holdem.jpg\",\"contentUrl\":\"https:\\\/\\\/www.top10casinowebsites.net\\\/wp-content\\\/uploads\\\/2017\\\/01\\\/live-casino-holdem.jpg\"},{\"@type\":\"BreadcrumbList\",\"@id\":\"https:\\\/\\\/www.top10casinowebsites.net\\\/es\\\/casinos-en-vivo\\\/casino-holdem#breadcrumb\",\"itemListElement\":[{\"@type\":\"ListItem\",\"position\":1,\"name\":\"Home\",\"item\":\"https:\\\/\\\/www.top10casinowebsites.net\\\/es\\\/\"},{\"@type\":\"ListItem\",\"position\":2,\"name\":\"Casinos en vivo \u2013 casinos en directo con crupieres reales\",\"item\":\"https:\\\/\\\/www.top10casinowebsites.net\\\/es\\\/casinos-en-vivo\"},{\"@type\":\"ListItem\",\"position\":3,\"name\":\"Crupieres en vivo para casino Hold\u00b4em \u2013 Juegos de casino Hold\u00b4em en directo\"}]},{\"@type\":\"WebSite\",\"@id\":\"https:\\\/\\\/www.top10casinowebsites.net\\\/es\\\/#website\",\"url\":\"https:\\\/\\\/www.top10casinowebsites.net\\\/es\\\/\",\"name\":\"ES\",\"description\":\"\",\"potentialAction\":[{\"@type\":\"SearchAction\",\"target\":{\"@type\":\"EntryPoint\",\"urlTemplate\":\"https:\\\/\\\/www.top10casinowebsites.net\\\/es\\\/?s={search_term_string}\"},\"query-input\":{\"@type\":\"PropertyValueSpecification\",\"valueRequired\":true,\"valueName\":\"search_term_string\"}}],\"inLanguage\":\"en-US\"}]}<\/script>\n<!-- \/ Yoast SEO plugin. -->","yoast_head_json":{"title":"Crupieres en vivo para casino Hold\u00b4em \u2013 juegos de casino Hold\u00b4em en directo","description":"Juega a la variante hold\u00b4em para poker en directo en las mejores p\u00e1ginas y si\u00e9ntete como si estuvieras en tu casino f\u00edsico favorito desafiando a crupieres reales.","robots":{"index":"index","follow":"follow","max-snippet":"max-snippet:-1","max-image-preview":"max-image-preview:large","max-video-preview":"max-video-preview:-1"},"canonical":"https:\/\/www.top10casinowebsites.net\/es\/casinos-en-vivo\/casino-holdem","og_locale":"en_US","og_type":"article","og_title":"Crupieres en vivo para casino Hold\u00b4em \u2013 juegos de casino Hold\u00b4em en directo","og_description":"Juega a la variante hold\u00b4em para poker en directo en las mejores p\u00e1ginas y si\u00e9ntete como si estuvieras en tu casino f\u00edsico favorito desafiando a crupieres reales.","og_url":"https:\/\/www.top10casinowebsites.net\/es\/casinos-en-vivo\/casino-holdem","og_site_name":"ES","article_modified_time":"2017-10-06T15:57:31+00:00","twitter_card":"summary_large_image","twitter_misc":{"Est. reading time":"6 minutes"},"schema":{"@context":"https:\/\/schema.org","@graph":[{"@type":"WebPage","@id":"https:\/\/www.top10casinowebsites.net\/es\/casinos-en-vivo\/casino-holdem","url":"https:\/\/www.top10casinowebsites.net\/es\/casinos-en-vivo\/casino-holdem","name":"Crupieres en vivo para casino Hold\u00b4em \u2013 juegos de casino Hold\u00b4em en directo","isPartOf":{"@id":"https:\/\/www.top10casinowebsites.net\/es\/#website"},"primaryImageOfPage":{"@id":"https:\/\/www.top10casinowebsites.net\/es\/casinos-en-vivo\/casino-holdem#primaryimage"},"image":{"@id":"https:\/\/www.top10casinowebsites.net\/es\/casinos-en-vivo\/casino-holdem#primaryimage"},"thumbnailUrl":"https:\/\/www.top10casinowebsites.net\/wp-content\/uploads\/2017\/01\/live-casino-holdem.jpg","datePublished":"2017-01-30T13:47:21+00:00","dateModified":"2017-10-06T15:57:31+00:00","description":"Juega a la variante hold\u00b4em para poker en directo en las mejores p\u00e1ginas y si\u00e9ntete como si estuvieras en tu casino f\u00edsico favorito desafiando a crupieres reales.","breadcrumb":{"@id":"https:\/\/www.top10casinowebsites.net\/es\/casinos-en-vivo\/casino-holdem#breadcrumb"},"inLanguage":"en-US","potentialAction":[{"@type":"ReadAction","target":["https:\/\/www.top10casinowebsites.net\/es\/casinos-en-vivo\/casino-holdem"]}]},{"@type":"ImageObject","inLanguage":"en-US","@id":"https:\/\/www.top10casinowebsites.net\/es\/casinos-en-vivo\/casino-holdem#primaryimage","url":"https:\/\/www.top10casinowebsites.net\/wp-content\/uploads\/2017\/01\/live-casino-holdem.jpg","contentUrl":"https:\/\/www.top10casinowebsites.net\/wp-content\/uploads\/2017\/01\/live-casino-holdem.jpg"},{"@type":"BreadcrumbList","@id":"https:\/\/www.top10casinowebsites.net\/es\/casinos-en-vivo\/casino-holdem#breadcrumb","itemListElement":[{"@type":"ListItem","position":1,"name":"Home","item":"https:\/\/www.top10casinowebsites.net\/es\/"},{"@type":"ListItem","position":2,"name":"Casinos en vivo \u2013 casinos en directo con crupieres reales","item":"https:\/\/www.top10casinowebsites.net\/es\/casinos-en-vivo"},{"@type":"ListItem","position":3,"name":"Crupieres en vivo para casino Hold\u00b4em \u2013 Juegos de casino Hold\u00b4em en directo"}]},{"@type":"WebSite","@id":"https:\/\/www.top10casinowebsites.net\/es\/#website","url":"https:\/\/www.top10casinowebsites.net\/es\/","name":"ES","description":"","potentialAction":[{"@type":"SearchAction","target":{"@type":"EntryPoint","urlTemplate":"https:\/\/www.top10casinowebsites.net\/es\/?s={search_term_string}"},"query-input":{"@type":"PropertyValueSpecification","valueRequired":true,"valueName":"search_term_string"}}],"inLanguage":"en-US"}]}},"_links":{"self":[{"href":"https:\/\/www.top10casinowebsites.net\/es\/wp-json\/wp\/v2\/pages\/1760","targetHints":{"allow":["GET"]}}],"collection":[{"href":"https:\/\/www.top10casinowebsites.net\/es\/wp-json\/wp\/v2\/pages"}],"about":[{"href":"https:\/\/www.top10casinowebsites.net\/es\/wp-json\/wp\/v2\/types\/page"}],"author":[{"embeddable":true,"href":"https:\/\/www.top10casinowebsites.net\/es\/wp-json\/wp\/v2\/users\/4"}],"replies":[{"embeddable":true,"href":"https:\/\/www.top10casinowebsites.net\/es\/wp-json\/wp\/v2\/comments?post=1760"}],"version-history":[{"count":2,"href":"https:\/\/www.top10casinowebsites.net\/es\/wp-json\/wp\/v2\/pages\/1760\/revisions"}],"predecessor-version":[{"id":2088,"href":"https:\/\/www.top10casinowebsites.net\/es\/wp-json\/wp\/v2\/pages\/1760\/revisions\/2088"}],"up":[{"embeddable":true,"href":"https:\/\/www.top10casinowebsites.net\/es\/wp-json\/wp\/v2\/pages\/141"}],"wp:attachment":[{"href":"https:\/\/www.top10casinowebsites.net\/es\/wp-json\/wp\/v2\/media?parent=1760"}],"curies":[{"name":"wp","href":"https:\/\/api.w.org\/{rel}","templated":true}]}}