{"id":1763,"date":"2017-01-30T14:08:51","date_gmt":"2017-01-30T14:08:51","guid":{"rendered":"https:\/\/www.top10casinowebsites.net\/?page_id=1763"},"modified":"2017-10-06T16:06:22","modified_gmt":"2017-10-06T16:06:22","slug":"ruleta","status":"publish","type":"page","link":"https:\/\/www.top10casinowebsites.net\/es\/casinos-en-vivo\/ruleta","title":{"rendered":"Crupieres en vivo para Ruleta \u2013 participa en juegos de Ruleta en vivo"},"content":{"rendered":"<p><img decoding=\"async\" class=\"alignright size-full wp-image-1764\" src=\"https:\/\/www.top10casinowebsites.net\/wp-content\/uploads\/2017\/01\/live-roulette.jpg\" alt=\"\" width=\"300\" \/><a href=\"\/es\/ruleta\">La ruleta es sin duda alguna el juego de casino m\u00e1s antiguo<\/a> y, que mejor forma de revivir todas las emociones que ofrece, que disfrutando de la experiencia en su versi\u00f3n en vivo.<\/p>\n<p><strong>Top 10 Casino Websites<\/strong> te trae lo mejor de lo mejor en cuanto al juego de ruleta con crupieres en vivo, donde podr\u00e1s sentir la experiencia de jugar en un casino f\u00edsico desde la comodidad de tu ordenador. Llevamos a tu hogar los m\u00e1s destacados proveedores y el mejor software de casino en vivo, con la m\u00e1xima calidad de emisi\u00f3n de video en directo.<\/p>\n<h2>Las mejores p\u00e1ginas de Ruleta con crupieres en vivo<\/h2>\n<div class=\"grid-contents\" id=\"grid-contents\"><table class=\"cas_table\" ><tbody><tr class=\"rank-1\">\n                                <td class=\"ranking\">1<\/td>\n                                <td class=\"brandcol\">\n                                    <a href=https:\/\/www.top10casinowebsites.net\/es\/review\/888-casino class=\"brand brand-bg\"><img loading=\"lazy\" decoding=\"async\" class=\"group list-group-image\" src=\"https:\/\/static.top10casinowebsites.net\/images\/casino-rooms\/888-casino-logo.png\" width=\"200\" height=\"128\"\/><\/a>\n                                <\/td>\n                                <td class=\"bonus\" data-title=\"Bonus\">\n\t\t\t\t\t               <p class=\"bonus-text\"><strong>$888<\/strong>Welcome Bonus <br>(<a href=\"https:\/\/www.top10casinowebsites.net\/es\/review\/888-casino\">T&Cs apply, 18+<\/a>)<\/p>\n\t\t\t\t                <\/td>\n\t\t\t\t\t            <td class=\"badge_game\" data-title=\"Rating\">\n                                    <div class=\"rating\"><strong>5<\/strong>\/5<\/div>\n                                    <div class=\"rating stars\" style=\"margin-top: 5px;\"><span class=\"icon icon-stars\"><span class=\"icon-stars green\" style=\"width: 100%;\"><\/span><\/span><\/div>\n\t\t\t\t\t            <\/td>\n                               \n                                <td class=\"play\">\n\t\t\t\t\t               <a class=\"button-gold\" rel=\"nofollow\" href=\"https:\/\/www.top10casinowebsites.net\/es\/review\/888-casino\">Visit<\/a>\n\t                               <div class=\"\">\n\t\t\t\t\t                   <a class=\"review-snippet-link-play-now-col\" href=\"https:\/\/www.top10casinowebsites.net\/es\/review\/888-casino\">Read Review<\/a>\n\t\t\t\t\t               <\/div>\n\t\t\t\t\t           <\/td>\n     \t\t\t\t        <\/tr><\/tbody><\/table><\/div>\n<p>\u00bfQu\u00e9 obtienes cuando juegas a cualquier casino de nuestro listado?<\/p>\n<ul>\n<li>Casinos de renombre con crupieres profesionales en vivo para juegos de ruleta de primera categor\u00eda.<\/li>\n<li>Emisi\u00f3n en tiempo real y sin cortes de tu juego de ruleta preferido.<\/li>\n<li>Excelentes bonos para jugadores de la ruleta.<\/li>\n<li>Seguros y c\u00f3modos m\u00e9todos de ingreso y retirada de fondos.<\/li>\n<li>Juegos para ruleta americana y ruleta europea.<\/li>\n<\/ul>\n<p>Si est\u00e1s listo para para deleitarse con el juego de casino m\u00e1s cl\u00e1sico desde la tranquilidad de tu hogar, d\u00e9janos acompa\u00f1arte en tu aventura con la ruleta en vivo.<\/p>\n<p>[toc]<\/p>\n<h2>\u00bfPor qu\u00e9 jugar a la Ruleta con crupieres en directo?<\/h2>\n<p><img loading=\"lazy\" decoding=\"async\" class=\"alignleft size-full\" src=\"https:\/\/static.top10casinowebsites.net\/images\/icons\/help-and-tips.png\" alt=\"\" width=\"128\" height=\"128\" \/>En primer lugar, nuestros expertos han querido mostrarte qu\u00e9 puedes esperar de esta variante del juego y los beneficios que podr\u00e1s obtener.<\/p>\n<ul>\n<li>Disfruta en tu ordenador o dispositivo m\u00f3vil de emisiones de m\u00e1xima calidad en directo desde el estudio del proveedor del servicio o incluso desde un casino f\u00edsico.<\/li>\n<li>Los juegos est\u00e1n dirigidos por crupieres profesionales con a\u00f1os de experiencia.<\/li>\n<li>M\u00faltiples l\u00edmites de apuesta con diferentes opciones de fichas.<\/li>\n<li>Mesas de ruleta adaptadas a todos los tipos de bolsillo.<\/li>\n<li>Excelentes plataformas para ruletas de todas las modalidades.<\/li>\n<li>Obt\u00e9n puntos extra en tu cuenta de casino al jugar a su ruleta en vivo.<\/li>\n<li>Los juegos se encuentran 100% certificados.<\/li>\n<li>Interact\u00faa con crupieres y otros jugadores.<\/li>\n<li>Funci\u00f3n especial para ver la cuenta completa con las apuestas realizadas en cada jugada.<\/li>\n<li>Comprueba la biograf\u00eda del crupier.<\/li>\n<li>Revisa todas las estad\u00edsticas del juego cuando desees.<\/li>\n<li>Utiliza diferentes m\u00e9todos de apuesta, incluyendo apuestas m\u00faltiples.<\/li>\n<li>Disfruta de la ruleta a un ritmo m\u00e1s lento.<\/li>\n<\/ul>\n<p><strong>Livedealer.org<\/strong><\/p>\n<h2>\u00bfC\u00f3mo se juega a la Ruleta en vivo?<\/h2>\n<p><img loading=\"lazy\" decoding=\"async\" class=\"alignleft size-full\" src=\"https:\/\/static.top10casinowebsites.net\/images\/icons\/help-and-tips.png\" alt=\"\" width=\"128\" height=\"128\" \/>La ruleta con crupieres en vivo se juega exactamente de la misma manera que en cualquier casino f\u00edsico. En este caso tambi\u00e9n tienes un crupier y una ruleta reales, lo que lo convierte esta modalidad en la m\u00e1s cercana posible a jugar en un casino de verdad pero desde la comodidad de tu casa. Estos son los pasos a seguir:<\/p>\n<ul>\n<li>Para empezar, primero debe estar seguro que su cuenta de casino tiene fondos suficientes para jugar. A continuaci\u00f3n, tendr\u00e1s que dirigirte a la secci\u00f3n de casino en vivo o <a href=\"\/es\/casinos-en-vivo\">crupieres en directo<\/a> de la p\u00e1gina.<\/li>\n<li>Selecciona la variante de la ruleta a la que te gustar\u00eda jugar. La mayor\u00eda de casinos ofrece la versi\u00f3n americana y europea de la ruleta, adem\u00e1s de tener como otras opciones la ruleta real y la francesa.<\/li>\n<li>Elige la mesa con un l\u00edmite de apuesta que se adapte a los fondos de tu bolsa y ya estar\u00e1s listo para jugar.<\/li>\n<li>El casino f\u00edsico o el estudio donde se desarrolla el juego aparecer\u00e1 en tu pantalla en tiempo real.<\/li>\n<li>El desarrollo del juego, que tiene lugar en un casino o en un estudio, llega v\u00eda streaming directamente y en vivo hasta la pantalla de tu ordenador.<\/li>\n<li>Basta un simple clic para realizar las apuestas que quieras. Puedes escoger entre una gran variedad de apuestas, que incluye: apuestas a uno o varios n\u00fameros, a par o impar, a color, a una columna, etc.<\/li>\n<li>Una vez se han realizado todas las apuestas (el jugador tiene un determinado tiempo para ello), el crupier lanzar\u00e1 la bola en la ruleta mientras esta gira. Ahora basta esperar a que la rueda se detenga para comprobar si tu previsi\u00f3n fue correcta y la cantidad de dinero que obtuviste. Las ganancias se a\u00f1aden a tu cuenta de manera inmediata.<\/li>\n<\/ul>\n<h2>Preguntas frecuentes sobre la Ruleta con crupieres en vivo<\/h2>\n<div class=\"accordion\"><div class=\"accordion-box\"><a href=\"#\">1. \u00bfQu\u00e9 tipos de casino para ruleta en directo puedo elegir?<\/a><\/div><div class=\"accordion_text\"><\/p>\n<p>Las p\u00e1ginas de casino de nuestro cat\u00e1logo ofrecen un variado n\u00famero de ruletas basadas en el formato de crupieres en vivo. Las m\u00e1s comunes son la ruleta europea y la americana. La ruleta francesa, junto con la <em>royale<\/em>, tambi\u00e9n aparecen disponibles en la secci\u00f3n en vivo de algunos casinos online. <\/div><\/div>\n<div class=\"accordion\"><div class=\"accordion-box\"><a href=\"#\">2. \u00bfEs seguro jugar a la ruleta en directo?<\/a><\/div><div class=\"accordion_text\"><\/p>\n<p>Este juego resulta tan seguro como el que m\u00e1s, siempre y cuando escojas un <a href=\"\/es\/casinos\">casino de renombre 100% licenciado<\/a>, como los que encontrar\u00e1s en nuestra p\u00e1gina. Uno de los beneficios que posee este tipo de ruleta, es que funciona con un crupier real, por lo que podr\u00e1s ver todos los movimientos que se hacen durante el juego y comprobar que todo se desarrolla con normalidad. <\/div><\/div>\n<div class=\"accordion\"><div class=\"accordion-box\"><a href=\"#\">3. \u00bfCu\u00e1les son las probabilidades de ganar jugando a esta modalidad de ruleta?<\/a><\/div><div class=\"accordion_text\"><\/p>\n<p>Las probabilidades son exactamente las mismas que si juegas a la ruleta online. Los pagos son los mismos en ambas versiones, independientemente del tipo de apuestas que realices. Recuerda que la ruleta americana tiene un doble cero, por lo que recomendamos que juegues a ella una vez te hayas familiarizado con la ruleta europea, que posee un cero. <\/div><\/div>\n<div class=\"accordion\"><div class=\"accordion-box\"><a href=\"#\">4. \u00bfPuedo practicar con los juegos de ruleta en directo igual que con la versi\u00f3n online?<\/a><\/div><div class=\"accordion_text\"><\/p>\n<p>Desafortunadamente, la ruleta con crupieres en directo puede ser jugada \u00fanicamente con dinero real. Sin embargo, hay casinos que te permiten observar partidas en modo demostraci\u00f3n para que puedas comprobar c\u00f3mo funciona este juego. <\/div><\/div>\n<div class=\"accordion\"><div class=\"accordion-box\"><a href=\"#\">5. \u00bfPuedo jugar la ruleta en directo en un dispositivo m\u00f3vil?<\/a><\/div><div class=\"accordion_text\"><\/p>\n<p>Hay casinos con ruleta en vivo que han optimizado la versi\u00f3n del juego para que pueda adaptarse a tel\u00e9fonos m\u00f3viles y tabletas. Puedes comprobar si esta versi\u00f3n est\u00e1 disponible en tu casino favorito dirigi\u00e9ndote al servicio de atenci\u00f3n al cliente de la p\u00e1gina. <\/div><\/div>\n<div class=\"accordion\"><div class=\"accordion-box\"><a href=\"#\">6. \u00bfNecesito un tipo de conexi\u00f3n a internet espec\u00edfica para jugar a la ruleta en vivo?<\/a><\/div><div class=\"accordion_text\"><\/p>\n<p>Todo lo que necesitas es una conexi\u00f3n de banda ancha razonablemente r\u00e1pida o, si utilizas un dispositivo m\u00f3vil, una conexi\u00f3n wifi, 3G o 4G.<\/div><\/div>\n<div class=\"accordion\"><div class=\"accordion-box\"><a href=\"#\">7. \u00bfC\u00f3mo se realizan los pagos de ganancias?<\/a><\/div><div class=\"accordion_text\"><\/p>\n<p>En el momento en el que ganas jugando a la ruleta en vivo, los beneficios se a\u00f1aden a tu cuenta de manera inmediata.<\/div><\/div>\n<div class=\"accordion\"><div class=\"accordion-box\"><a href=\"#\">8. \u00bfEst\u00e1n disponibles estos juegos de ruleta en vivo a cualquier hora?<\/a><\/div><div class=\"accordion_text\"><\/p>\n<p>Todo depende del casino que elijas. Sin embargo, la mayor\u00eda de casinos tienen restricciones horarias, ya que estos juegos necesitan crupieres reales para poderse desarrollar. <\/div><\/div>\n<div class=\"accordion\"><div class=\"accordion-box\"><a href=\"#\">9. \u00bfPuedo usar una estrategia para la ruleta?<\/a><\/div><div class=\"accordion_text\"><\/p>\n<p>Si est\u00e1s familiarizado con las reglas de la ruleta cl\u00e1sica y conoces los aspectos clave del juego, puedes utilizar una estrategia. Comenzar con apuestas a par\/impar o rojo\/negro es un bueno comienzo si eres nuevo en el juego. En este sentido, nuestros expertos avisan que no existe una estrategia que funcione siempre, por lo que deber\u00eda ignoras aquellas p\u00e1ginas que claman poseer estrategias infalibles. La ruleta es, al fin y al cabo, un juego de azar, no de habilidad. <\/div><\/div>\n","protected":false},"excerpt":{"rendered":"<p>La ruleta es sin duda alguna el juego de casino m\u00e1s antiguo y, que mejor forma de revivir todas las emociones que ofrece, que disfrutando de la experiencia en su versi\u00f3n en vivo. Top 10 Casino Websites te trae lo mejor de lo mejor en cuanto al juego de ruleta con crupieres en vivo, donde [&hellip;]<\/p>\n","protected":false},"author":4,"featured_media":0,"parent":141,"menu_order":0,"comment_status":"closed","ping_status":"closed","template":"","meta":{"_acf_changed":false,"footnotes":""},"class_list":["post-1763","page","type-page","status-publish","hentry"],"acf":[],"yoast_head":"<!-- This site is optimized with the Yoast SEO plugin v27.4 - https:\/\/yoast.com\/product\/yoast-seo-wordpress\/ -->\n<title>Crupieres en vivo para Ruleta \u2013 participa en juegos de Ruleta en vivo<\/title>\n<meta name=\"description\" content=\"Disfruta de una experiencia \u00fanica jugando a la ruleta en vivo con crupieres reales en cualquiera de nuestros mejores casinos online para ruleta en directo.\" \/>\n<meta name=\"robots\" content=\"index, follow, max-snippet:-1, max-image-preview:large, max-video-preview:-1\" \/>\n<link rel=\"canonical\" href=\"https:\/\/www.top10casinowebsites.net\/es\/casinos-en-vivo\/ruleta\" \/>\n<meta property=\"og:locale\" content=\"en_US\" \/>\n<meta property=\"og:type\" content=\"article\" \/>\n<meta property=\"og:title\" content=\"Crupieres en vivo para Ruleta \u2013 participa en juegos de Ruleta en vivo\" \/>\n<meta property=\"og:description\" content=\"Disfruta de una experiencia \u00fanica jugando a la ruleta en vivo con crupieres reales en cualquiera de nuestros mejores casinos online para ruleta en directo.\" \/>\n<meta property=\"og:url\" content=\"https:\/\/www.top10casinowebsites.net\/es\/casinos-en-vivo\/ruleta\" \/>\n<meta property=\"og:site_name\" content=\"ES\" \/>\n<meta property=\"article:modified_time\" content=\"2017-10-06T16:06:22+00:00\" \/>\n<meta name=\"twitter:card\" content=\"summary_large_image\" \/>\n<meta name=\"twitter:label1\" content=\"Est. reading time\" \/>\n\t<meta name=\"twitter:data1\" content=\"6 minutes\" \/>\n<script type=\"application\/ld+json\" class=\"yoast-schema-graph\">{\"@context\":\"https:\\\/\\\/schema.org\",\"@graph\":[{\"@type\":\"WebPage\",\"@id\":\"https:\\\/\\\/www.top10casinowebsites.net\\\/es\\\/casinos-en-vivo\\\/ruleta\",\"url\":\"https:\\\/\\\/www.top10casinowebsites.net\\\/es\\\/casinos-en-vivo\\\/ruleta\",\"name\":\"Crupieres en vivo para Ruleta \u2013 participa en juegos de Ruleta en vivo\",\"isPartOf\":{\"@id\":\"https:\\\/\\\/www.top10casinowebsites.net\\\/es\\\/#website\"},\"primaryImageOfPage\":{\"@id\":\"https:\\\/\\\/www.top10casinowebsites.net\\\/es\\\/casinos-en-vivo\\\/ruleta#primaryimage\"},\"image\":{\"@id\":\"https:\\\/\\\/www.top10casinowebsites.net\\\/es\\\/casinos-en-vivo\\\/ruleta#primaryimage\"},\"thumbnailUrl\":\"https:\\\/\\\/www.top10casinowebsites.net\\\/wp-content\\\/uploads\\\/2017\\\/01\\\/live-roulette.jpg\",\"datePublished\":\"2017-01-30T14:08:51+00:00\",\"dateModified\":\"2017-10-06T16:06:22+00:00\",\"description\":\"Disfruta de una experiencia \u00fanica jugando a la ruleta en vivo con crupieres reales en cualquiera de nuestros mejores casinos online para ruleta en directo.\",\"breadcrumb\":{\"@id\":\"https:\\\/\\\/www.top10casinowebsites.net\\\/es\\\/casinos-en-vivo\\\/ruleta#breadcrumb\"},\"inLanguage\":\"en-US\",\"potentialAction\":[{\"@type\":\"ReadAction\",\"target\":[\"https:\\\/\\\/www.top10casinowebsites.net\\\/es\\\/casinos-en-vivo\\\/ruleta\"]}]},{\"@type\":\"ImageObject\",\"inLanguage\":\"en-US\",\"@id\":\"https:\\\/\\\/www.top10casinowebsites.net\\\/es\\\/casinos-en-vivo\\\/ruleta#primaryimage\",\"url\":\"https:\\\/\\\/www.top10casinowebsites.net\\\/wp-content\\\/uploads\\\/2017\\\/01\\\/live-roulette.jpg\",\"contentUrl\":\"https:\\\/\\\/www.top10casinowebsites.net\\\/wp-content\\\/uploads\\\/2017\\\/01\\\/live-roulette.jpg\"},{\"@type\":\"BreadcrumbList\",\"@id\":\"https:\\\/\\\/www.top10casinowebsites.net\\\/es\\\/casinos-en-vivo\\\/ruleta#breadcrumb\",\"itemListElement\":[{\"@type\":\"ListItem\",\"position\":1,\"name\":\"Home\",\"item\":\"https:\\\/\\\/www.top10casinowebsites.net\\\/es\\\/\"},{\"@type\":\"ListItem\",\"position\":2,\"name\":\"Casinos en vivo \u2013 casinos en directo con crupieres reales\",\"item\":\"https:\\\/\\\/www.top10casinowebsites.net\\\/es\\\/casinos-en-vivo\"},{\"@type\":\"ListItem\",\"position\":3,\"name\":\"Crupieres en vivo para Ruleta \u2013 participa en juegos de Ruleta en vivo\"}]},{\"@type\":\"WebSite\",\"@id\":\"https:\\\/\\\/www.top10casinowebsites.net\\\/es\\\/#website\",\"url\":\"https:\\\/\\\/www.top10casinowebsites.net\\\/es\\\/\",\"name\":\"ES\",\"description\":\"\",\"potentialAction\":[{\"@type\":\"SearchAction\",\"target\":{\"@type\":\"EntryPoint\",\"urlTemplate\":\"https:\\\/\\\/www.top10casinowebsites.net\\\/es\\\/?s={search_term_string}\"},\"query-input\":{\"@type\":\"PropertyValueSpecification\",\"valueRequired\":true,\"valueName\":\"search_term_string\"}}],\"inLanguage\":\"en-US\"}]}<\/script>\n<!-- \/ Yoast SEO plugin. -->","yoast_head_json":{"title":"Crupieres en vivo para Ruleta \u2013 participa en juegos de Ruleta en vivo","description":"Disfruta de una experiencia \u00fanica jugando a la ruleta en vivo con crupieres reales en cualquiera de nuestros mejores casinos online para ruleta en directo.","robots":{"index":"index","follow":"follow","max-snippet":"max-snippet:-1","max-image-preview":"max-image-preview:large","max-video-preview":"max-video-preview:-1"},"canonical":"https:\/\/www.top10casinowebsites.net\/es\/casinos-en-vivo\/ruleta","og_locale":"en_US","og_type":"article","og_title":"Crupieres en vivo para Ruleta \u2013 participa en juegos de Ruleta en vivo","og_description":"Disfruta de una experiencia \u00fanica jugando a la ruleta en vivo con crupieres reales en cualquiera de nuestros mejores casinos online para ruleta en directo.","og_url":"https:\/\/www.top10casinowebsites.net\/es\/casinos-en-vivo\/ruleta","og_site_name":"ES","article_modified_time":"2017-10-06T16:06:22+00:00","twitter_card":"summary_large_image","twitter_misc":{"Est. reading time":"6 minutes"},"schema":{"@context":"https:\/\/schema.org","@graph":[{"@type":"WebPage","@id":"https:\/\/www.top10casinowebsites.net\/es\/casinos-en-vivo\/ruleta","url":"https:\/\/www.top10casinowebsites.net\/es\/casinos-en-vivo\/ruleta","name":"Crupieres en vivo para Ruleta \u2013 participa en juegos de Ruleta en vivo","isPartOf":{"@id":"https:\/\/www.top10casinowebsites.net\/es\/#website"},"primaryImageOfPage":{"@id":"https:\/\/www.top10casinowebsites.net\/es\/casinos-en-vivo\/ruleta#primaryimage"},"image":{"@id":"https:\/\/www.top10casinowebsites.net\/es\/casinos-en-vivo\/ruleta#primaryimage"},"thumbnailUrl":"https:\/\/www.top10casinowebsites.net\/wp-content\/uploads\/2017\/01\/live-roulette.jpg","datePublished":"2017-01-30T14:08:51+00:00","dateModified":"2017-10-06T16:06:22+00:00","description":"Disfruta de una experiencia \u00fanica jugando a la ruleta en vivo con crupieres reales en cualquiera de nuestros mejores casinos online para ruleta en directo.","breadcrumb":{"@id":"https:\/\/www.top10casinowebsites.net\/es\/casinos-en-vivo\/ruleta#breadcrumb"},"inLanguage":"en-US","potentialAction":[{"@type":"ReadAction","target":["https:\/\/www.top10casinowebsites.net\/es\/casinos-en-vivo\/ruleta"]}]},{"@type":"ImageObject","inLanguage":"en-US","@id":"https:\/\/www.top10casinowebsites.net\/es\/casinos-en-vivo\/ruleta#primaryimage","url":"https:\/\/www.top10casinowebsites.net\/wp-content\/uploads\/2017\/01\/live-roulette.jpg","contentUrl":"https:\/\/www.top10casinowebsites.net\/wp-content\/uploads\/2017\/01\/live-roulette.jpg"},{"@type":"BreadcrumbList","@id":"https:\/\/www.top10casinowebsites.net\/es\/casinos-en-vivo\/ruleta#breadcrumb","itemListElement":[{"@type":"ListItem","position":1,"name":"Home","item":"https:\/\/www.top10casinowebsites.net\/es\/"},{"@type":"ListItem","position":2,"name":"Casinos en vivo \u2013 casinos en directo con crupieres reales","item":"https:\/\/www.top10casinowebsites.net\/es\/casinos-en-vivo"},{"@type":"ListItem","position":3,"name":"Crupieres en vivo para Ruleta \u2013 participa en juegos de Ruleta en vivo"}]},{"@type":"WebSite","@id":"https:\/\/www.top10casinowebsites.net\/es\/#website","url":"https:\/\/www.top10casinowebsites.net\/es\/","name":"ES","description":"","potentialAction":[{"@type":"SearchAction","target":{"@type":"EntryPoint","urlTemplate":"https:\/\/www.top10casinowebsites.net\/es\/?s={search_term_string}"},"query-input":{"@type":"PropertyValueSpecification","valueRequired":true,"valueName":"search_term_string"}}],"inLanguage":"en-US"}]}},"_links":{"self":[{"href":"https:\/\/www.top10casinowebsites.net\/es\/wp-json\/wp\/v2\/pages\/1763","targetHints":{"allow":["GET"]}}],"collection":[{"href":"https:\/\/www.top10casinowebsites.net\/es\/wp-json\/wp\/v2\/pages"}],"about":[{"href":"https:\/\/www.top10casinowebsites.net\/es\/wp-json\/wp\/v2\/types\/page"}],"author":[{"embeddable":true,"href":"https:\/\/www.top10casinowebsites.net\/es\/wp-json\/wp\/v2\/users\/4"}],"replies":[{"embeddable":true,"href":"https:\/\/www.top10casinowebsites.net\/es\/wp-json\/wp\/v2\/comments?post=1763"}],"version-history":[{"count":2,"href":"https:\/\/www.top10casinowebsites.net\/es\/wp-json\/wp\/v2\/pages\/1763\/revisions"}],"predecessor-version":[{"id":2132,"href":"https:\/\/www.top10casinowebsites.net\/es\/wp-json\/wp\/v2\/pages\/1763\/revisions\/2132"}],"up":[{"embeddable":true,"href":"https:\/\/www.top10casinowebsites.net\/es\/wp-json\/wp\/v2\/pages\/141"}],"wp:attachment":[{"href":"https:\/\/www.top10casinowebsites.net\/es\/wp-json\/wp\/v2\/media?parent=1763"}],"curies":[{"name":"wp","href":"https:\/\/api.w.org\/{rel}","templated":true}]}}