{"id":1766,"date":"2017-01-30T15:18:06","date_gmt":"2017-01-30T15:18:06","guid":{"rendered":"https:\/\/www.top10casinowebsites.net\/?page_id=1766"},"modified":"2017-10-06T16:17:31","modified_gmt":"2017-10-06T16:17:31","slug":"metodos-de-deposito","status":"publish","type":"page","link":"https:\/\/www.top10casinowebsites.net\/es\/metodos-de-deposito","title":{"rendered":"M\u00e9todos de dep\u00f3sito \u2013 gu\u00eda completa de las opciones de dep\u00f3sito para casinos"},"content":{"rendered":"<p><img decoding=\"async\" class=\"alignleft size-full wp-image-156\" src=\"https:\/\/www.top10casinowebsites.net\/wp-content\/uploads\/2016\/01\/deposit-options.jpg\" alt=\"Deposit Options\" width=\"300\" \/>Hoy en d\u00eda existen una gran variedad de m\u00e9todos de pagos disponibles en los casinos online.<\/p>\n<p>Los distintos modos de pago han aumentado r\u00e1pidamente en los \u00faltimos a\u00f1os y los casinos online est\u00e1n siempre innovando para proporcionar siempre los m\u00e9todos m\u00e1s adecuados acorde a las necesidades delos jugadores.<\/p>\n<p>No es raro encontrarse con nuevos m\u00e9todos de pago frecuentemente, ya que es importante estar a la \u00faltima y ofrecer siempre tantas opciones como sea posible y adaptarse a las necesidades y estilos de todos los jugadores.<\/p>\n<div class=\"grid-contents\" id=\"grid-contents\"><table class=\"cas_table\" ><tbody><tr class=\"rank-1\">\n                                <td class=\"ranking\">1<\/td>\n                                <td class=\"brandcol\">\n                                    <a href=https:\/\/www.top10casinowebsites.net\/es\/review\/888-casino class=\"brand brand-bg\"><img loading=\"lazy\" decoding=\"async\" class=\"group list-group-image\" src=\"https:\/\/static.top10casinowebsites.net\/images\/casino-rooms\/888-casino-logo.png\" width=\"200\" height=\"128\"\/><\/a>\n                                <\/td>\n                                <td class=\"bonus\" data-title=\"Bonus\">\n\t\t\t\t\t               <p class=\"bonus-text\"><strong>$888<\/strong>Welcome Bonus <br>(<a href=\"https:\/\/www.top10casinowebsites.net\/es\/review\/888-casino\">T&Cs apply, 18+<\/a>)<\/p>\n\t\t\t\t                <\/td>\n\t\t\t\t\t            <td class=\"badge_game\" data-title=\"Rating\">\n                                    <div class=\"rating\"><strong>5<\/strong>\/5<\/div>\n                                    <div class=\"rating stars\" style=\"margin-top: 5px;\"><span class=\"icon icon-stars\"><span class=\"icon-stars green\" style=\"width: 100%;\"><\/span><\/span><\/div>\n\t\t\t\t\t            <\/td>\n                               \n                                <td class=\"play\">\n\t\t\t\t\t               <a class=\"button-gold\" rel=\"nofollow\" href=\"https:\/\/www.top10casinowebsites.net\/es\/review\/888-casino\">Visit<\/a>\n\t                               <div class=\"\">\n\t\t\t\t\t                   <a class=\"review-snippet-link-play-now-col\" href=\"https:\/\/www.top10casinowebsites.net\/es\/review\/888-casino\">Read Review<\/a>\n\t\t\t\t\t               <\/div>\n\t\t\t\t\t           <\/td>\n     \t\t\t\t        <\/tr><\/tbody><\/table><\/div>\n<p>En este art\u00edculo encontrar\u00e1s diferentes m\u00e9todos y c\u00f3mo seleccionar la modalidad de pago que mejor se adapte a tus necesidades. Tambi\u00e9n te informaremos de los factores m\u00e1s importantes a tener en cuenta antes de decidir que opci\u00f3n tomar. Asimismo, resolveremos todas tus preguntas acerca de todos los m\u00e9todos de pago m\u00e1s frecuentes en casinos online.<\/p>\n<h2>Elige la mejor opci\u00f3n de dep\u00f3sito en casinos online<\/h2>\n<p><img loading=\"lazy\" decoding=\"async\" class=\"alignleft size-full\" src=\"https:\/\/static.top10casinowebsites.net\/images\/icons\/help-and-tips.png\" alt=\"\" width=\"128\" height=\"128\" \/>A algunos de nosotros no nos gusta mucho cambiar y cuando encontramos algo que funciona solemos quedarnos con ello. Lo mismo ocurre con los casinos online. Muchos jugadores han elegido ya un m\u00e9todo de pago que les funciona y no desean cambiarlo.<\/p>\n<p>Incluso con la incorporaci\u00f3n de nuevas modalidades de dep\u00f3sito, algunos jugadores se resisten a probar algo nuevo y prefieren quedarse con lo que ya conocen. Y es que no s\u00f3lo existen una gran variedad de m\u00e9todos de pago, tambi\u00e9n hay una gran oferta de casinos donde elegir.<\/p>\n<p>Si de antemano conoces la opci\u00f3n de pago que quieres utilizar, aseg\u00farate de que el casino en el que quieres jugar ofrece esa posibilidad. No todos los casinos ofrecen las mismas opciones y puedes encontrar variedades entre unos y otros.<\/p>\n<p>Puede que te resulte frustrante y una p\u00e9rdida de tiempo registrarte en un casino solo para conocer los m\u00e9todos de pago que ofrece. Y m\u00e1s a\u00fan, si finalmente al terminar el proceso no encuentras la opci\u00f3n que estabas esperando.<\/p>\n<h2>M\u00e9todos de pago de prestigio<\/h2>\n<p><img loading=\"lazy\" decoding=\"async\" class=\"alignleft size-full\" src=\"https:\/\/static.top10casinowebsites.net\/images\/icons\/help-and-tips.png\" alt=\"\" width=\"128\" height=\"128\" \/>Es extremadamente importante que solamente elijas un m\u00e9todo de pago fiable y de renombre.<\/p>\n<p>La seguridad de tus fondos y la informaci\u00f3n de cuenta es lo que m\u00e1s importa, por eso es altamente recomendable usar modalidades de pago que demuestren que son seguros y fiables.<\/p>\n<p>Antes de probar un nuevo m\u00e9todo y si no quieres llevarte un buen susto, aseg\u00farate de estar bien informado.<\/p>\n<p>No se recomienda usar un m\u00e9todo de pago del que no se conoce nada. Especialmente si se trata de algo nuevo y que no ha sido todav\u00eda verificado. Existe una lista de modalidades de dep\u00f3sito que es segura y que ha sido usada satisfactoriamente por muchos otros jugadores alrededor del mundo.<\/p>\n<h2>Opciones de dep\u00f3sito: restricciones<\/h2>\n<p><img loading=\"lazy\" decoding=\"async\" class=\"alignleft size-full\" src=\"https:\/\/static.top10casinowebsites.net\/images\/icons\/help-and-tips.png\" alt=\"\" width=\"128\" height=\"128\" \/>Algunos m\u00e9todos de pago disponibles en los casinos online tienen ciertas restricciones asociadas a ellos. Conocerlas es el mejor modo de saber las limitaciones de cada opci\u00f3n y no llevarse sorpresas.<\/p>\n<p>Ciertas modalidades de pago tienen una limitaci\u00f3n de monedas de curso legal permitidas, por lo que es importante asegurarse de que el m\u00e9todo de pago que elijas acepta la moneda de tu pa\u00eds.<\/p>\n<p>S\u00ed seleccionas una modalidad que no acepta tu moneda local, ser\u00e1 un inconveniente pagar la conversi\u00f3n de honorarios para convertir tus fondos en la moneda aceptada.<\/p>\n<p>Es un coste innecesario en un proceso tan simple como elegir una modalidad de pago que te permita seleccionar la moneda de tu pa\u00eds. Las restricciones geogr\u00e1ficas pueden estar asociadas a ciertos m\u00e9todos de pago, esto significa que esos m\u00e9todos solo pueden ser seleccionados por jugadores de ciertos pa\u00edses y localizaciones.<\/p>\n<p>Otras restricciones pueden incluir l\u00edmites de dep\u00f3sito y cobro, as\u00ed como tasas asociadas a cada distinto m\u00e9todo de pago. Lo mejor es que te asegures que la modalidad elegida te permita decidir qu\u00e9 cantidad dep\u00f3sito quieres. Tambi\u00e9n es importante conocer las tasas asociadas a cada m\u00e9todo ya que cada modalidad puede tener cargos adicionales asociados.<\/p>\n<h2>Opciones de dep\u00f3sito: velocidad de transacci\u00f3n<\/h2>\n<p><img loading=\"lazy\" decoding=\"async\" class=\"alignleft size-full\" src=\"https:\/\/static.top10casinowebsites.net\/images\/icons\/help-and-tips.png\" alt=\"\" width=\"128\" height=\"128\" \/>Un factor importante para todos los jugadores de casino es la velocidad.<\/p>\n<p>No hay nada m\u00e1s frustrante que querer comenzar a jugar a tu juego favorito y que tengas que esperar a que tu dep\u00f3sito sea procesado.<\/p>\n<p>Puedes evitar estas incomodas esperas haciendo un b\u00fasqueda y seleccionando el m\u00e9todo de pago m\u00e1s r\u00e1pido y seguro.<\/p>\n<h2>Preguntas frecuentes<\/h2>\n<div class='dt-sc-toggle-frame-set'><div class=\"dt-sc-toggle-frame\">\t<h5 class='dt-sc-toggle-accordion '><a href='#'>1. \u00bfTengo que registrarme para hacer un dep\u00f3sito y jugar en un casino online?<\/a><\/h5>\t<div class=\"dt-sc-toggle-content\" style=\"display: none;\">\t\t<div class=\"block\">S\u00ed, para hacer un dep\u00f3sito y jugar con dinero real necesitas registrar una cuenta en el casino online que hayas elegido. Es posible que puedas jugar de manera gratuita y sin abrir una cuenta a juegos en versi\u00f3n demo, pero no podr\u00e1s ganar o depositar dinero real.\t\t<\/div>\t<\/div><\/div>\n<div class=\"dt-sc-toggle-frame\">\t<h5 class='dt-sc-toggle-accordion '><a href='#'>2. \u00bfC\u00f3mo sabr\u00e9 que mi informaci\u00f3n est\u00e1 segura?<\/a><\/h5>\t<div class=\"dt-sc-toggle-content\" style=\"display: none;\">\t\t<div class=\"block\">Todos los casinos online est\u00e1n obligados a tener alguna forma de seguridad con el fin de verificar que la informaci\u00f3n estar\u00e1 segura y protegida. La mayor\u00eda de los casinos online usan un Secure Socket Layer (SSL) que es una forma de protecci\u00f3n a trav\u00e9s del cifrado. Es importante jugar s\u00f3lo con casinos que tienen una forma de protecci\u00f3n, de lo contrario tu informaci\u00f3n puede terminar en manos equivocadas.\t\t<\/div>\t<\/div><\/div>\n<div class=\"dt-sc-toggle-frame\">\t<h5 class='dt-sc-toggle-accordion '><a href='#'>3. \u00bfCu\u00e1nto tiempo tengo que esperar hasta que mis pagos sean procesados?<\/a><\/h5>\t<div class=\"dt-sc-toggle-content\" style=\"display: none;\">\t\t<div class=\"block\">Depende de cada m\u00e9todo de pago, sin embargo los dep\u00f3sitos se procesan inmediatamente, sin tiempo de espera. Las retiradas tambi\u00e9n son procesadas al instante pero est\u00e1n sujetos a un tiempo de espera que var\u00eda en funci\u00f3n del m\u00e9todo. Por ejemplo, al hacer una retirada a trav\u00e9s de una transferencia bancaria, el casino puede procesarlo inmediatamente, pero el banco tardar\u00e1 unos d\u00edas hasta que procesa la retirada.\t\t<\/div>\t<\/div><\/div><\/div>\n","protected":false},"excerpt":{"rendered":"<p>Hoy en d\u00eda existen una gran variedad de m\u00e9todos de pagos disponibles en los casinos online. Los distintos modos de pago han aumentado r\u00e1pidamente en los \u00faltimos a\u00f1os y los casinos online est\u00e1n siempre innovando para proporcionar siempre los m\u00e9todos m\u00e1s adecuados acorde a las necesidades delos jugadores. No es raro encontrarse con nuevos m\u00e9todos [&hellip;]<\/p>\n","protected":false},"author":4,"featured_media":0,"parent":0,"menu_order":0,"comment_status":"closed","ping_status":"closed","template":"","meta":{"_acf_changed":false,"footnotes":""},"class_list":["post-1766","page","type-page","status-publish","hentry"],"acf":[],"yoast_head":"<!-- This site is optimized with the Yoast SEO plugin v27.4 - https:\/\/yoast.com\/product\/yoast-seo-wordpress\/ -->\n<title>M\u00e9todos de dep\u00f3sito \u2013 gu\u00eda completa de las opciones de dep\u00f3sito para casinos<\/title>\n<meta name=\"description\" content=\"M\u00e9todos de pago para casinos en l\u00ednea, consejos exclusivos e informaci\u00f3n para ayudarle a hacer la mejor selecci\u00f3n, todo reunido en una misma p\u00e1gina.\" \/>\n<meta name=\"robots\" content=\"index, follow, max-snippet:-1, max-image-preview:large, max-video-preview:-1\" \/>\n<link rel=\"canonical\" href=\"https:\/\/www.top10casinowebsites.net\/es\/metodos-de-deposito\" \/>\n<meta property=\"og:locale\" content=\"en_US\" \/>\n<meta property=\"og:type\" content=\"article\" \/>\n<meta property=\"og:title\" content=\"M\u00e9todos de dep\u00f3sito \u2013 gu\u00eda completa de las opciones de dep\u00f3sito para casinos\" \/>\n<meta property=\"og:description\" content=\"M\u00e9todos de pago para casinos en l\u00ednea, consejos exclusivos e informaci\u00f3n para ayudarle a hacer la mejor selecci\u00f3n, todo reunido en una misma p\u00e1gina.\" \/>\n<meta property=\"og:url\" content=\"https:\/\/www.top10casinowebsites.net\/es\/metodos-de-deposito\" \/>\n<meta property=\"og:site_name\" content=\"ES\" \/>\n<meta property=\"article:modified_time\" content=\"2017-10-06T16:17:31+00:00\" \/>\n<meta name=\"twitter:card\" content=\"summary_large_image\" \/>\n<meta name=\"twitter:label1\" content=\"Est. reading time\" \/>\n\t<meta name=\"twitter:data1\" content=\"5 minutes\" \/>\n<script type=\"application\/ld+json\" class=\"yoast-schema-graph\">{\"@context\":\"https:\\\/\\\/schema.org\",\"@graph\":[{\"@type\":\"WebPage\",\"@id\":\"https:\\\/\\\/www.top10casinowebsites.net\\\/es\\\/metodos-de-deposito\",\"url\":\"https:\\\/\\\/www.top10casinowebsites.net\\\/es\\\/metodos-de-deposito\",\"name\":\"M\u00e9todos de dep\u00f3sito \u2013 gu\u00eda completa de las opciones de dep\u00f3sito para casinos\",\"isPartOf\":{\"@id\":\"https:\\\/\\\/www.top10casinowebsites.net\\\/es\\\/#website\"},\"primaryImageOfPage\":{\"@id\":\"https:\\\/\\\/www.top10casinowebsites.net\\\/es\\\/metodos-de-deposito#primaryimage\"},\"image\":{\"@id\":\"https:\\\/\\\/www.top10casinowebsites.net\\\/es\\\/metodos-de-deposito#primaryimage\"},\"thumbnailUrl\":\"https:\\\/\\\/www.top10casinowebsites.net\\\/wp-content\\\/uploads\\\/2016\\\/01\\\/deposit-options.jpg\",\"datePublished\":\"2017-01-30T15:18:06+00:00\",\"dateModified\":\"2017-10-06T16:17:31+00:00\",\"description\":\"M\u00e9todos de pago para casinos en l\u00ednea, consejos exclusivos e informaci\u00f3n para ayudarle a hacer la mejor selecci\u00f3n, todo reunido en una misma p\u00e1gina.\",\"breadcrumb\":{\"@id\":\"https:\\\/\\\/www.top10casinowebsites.net\\\/es\\\/metodos-de-deposito#breadcrumb\"},\"inLanguage\":\"en-US\",\"potentialAction\":[{\"@type\":\"ReadAction\",\"target\":[\"https:\\\/\\\/www.top10casinowebsites.net\\\/es\\\/metodos-de-deposito\"]}]},{\"@type\":\"ImageObject\",\"inLanguage\":\"en-US\",\"@id\":\"https:\\\/\\\/www.top10casinowebsites.net\\\/es\\\/metodos-de-deposito#primaryimage\",\"url\":\"https:\\\/\\\/www.top10casinowebsites.net\\\/wp-content\\\/uploads\\\/2016\\\/01\\\/deposit-options.jpg\",\"contentUrl\":\"https:\\\/\\\/www.top10casinowebsites.net\\\/wp-content\\\/uploads\\\/2016\\\/01\\\/deposit-options.jpg\"},{\"@type\":\"BreadcrumbList\",\"@id\":\"https:\\\/\\\/www.top10casinowebsites.net\\\/es\\\/metodos-de-deposito#breadcrumb\",\"itemListElement\":[{\"@type\":\"ListItem\",\"position\":1,\"name\":\"Home\",\"item\":\"https:\\\/\\\/www.top10casinowebsites.net\\\/es\\\/\"},{\"@type\":\"ListItem\",\"position\":2,\"name\":\"M\u00e9todos de dep\u00f3sito \u2013 gu\u00eda completa de las opciones de dep\u00f3sito para casinos\"}]},{\"@type\":\"WebSite\",\"@id\":\"https:\\\/\\\/www.top10casinowebsites.net\\\/es\\\/#website\",\"url\":\"https:\\\/\\\/www.top10casinowebsites.net\\\/es\\\/\",\"name\":\"ES\",\"description\":\"\",\"potentialAction\":[{\"@type\":\"SearchAction\",\"target\":{\"@type\":\"EntryPoint\",\"urlTemplate\":\"https:\\\/\\\/www.top10casinowebsites.net\\\/es\\\/?s={search_term_string}\"},\"query-input\":{\"@type\":\"PropertyValueSpecification\",\"valueRequired\":true,\"valueName\":\"search_term_string\"}}],\"inLanguage\":\"en-US\"}]}<\/script>\n<!-- \/ Yoast SEO plugin. -->","yoast_head_json":{"title":"M\u00e9todos de dep\u00f3sito \u2013 gu\u00eda completa de las opciones de dep\u00f3sito para casinos","description":"M\u00e9todos de pago para casinos en l\u00ednea, consejos exclusivos e informaci\u00f3n para ayudarle a hacer la mejor selecci\u00f3n, todo reunido en una misma p\u00e1gina.","robots":{"index":"index","follow":"follow","max-snippet":"max-snippet:-1","max-image-preview":"max-image-preview:large","max-video-preview":"max-video-preview:-1"},"canonical":"https:\/\/www.top10casinowebsites.net\/es\/metodos-de-deposito","og_locale":"en_US","og_type":"article","og_title":"M\u00e9todos de dep\u00f3sito \u2013 gu\u00eda completa de las opciones de dep\u00f3sito para casinos","og_description":"M\u00e9todos de pago para casinos en l\u00ednea, consejos exclusivos e informaci\u00f3n para ayudarle a hacer la mejor selecci\u00f3n, todo reunido en una misma p\u00e1gina.","og_url":"https:\/\/www.top10casinowebsites.net\/es\/metodos-de-deposito","og_site_name":"ES","article_modified_time":"2017-10-06T16:17:31+00:00","twitter_card":"summary_large_image","twitter_misc":{"Est. reading time":"5 minutes"},"schema":{"@context":"https:\/\/schema.org","@graph":[{"@type":"WebPage","@id":"https:\/\/www.top10casinowebsites.net\/es\/metodos-de-deposito","url":"https:\/\/www.top10casinowebsites.net\/es\/metodos-de-deposito","name":"M\u00e9todos de dep\u00f3sito \u2013 gu\u00eda completa de las opciones de dep\u00f3sito para casinos","isPartOf":{"@id":"https:\/\/www.top10casinowebsites.net\/es\/#website"},"primaryImageOfPage":{"@id":"https:\/\/www.top10casinowebsites.net\/es\/metodos-de-deposito#primaryimage"},"image":{"@id":"https:\/\/www.top10casinowebsites.net\/es\/metodos-de-deposito#primaryimage"},"thumbnailUrl":"https:\/\/www.top10casinowebsites.net\/wp-content\/uploads\/2016\/01\/deposit-options.jpg","datePublished":"2017-01-30T15:18:06+00:00","dateModified":"2017-10-06T16:17:31+00:00","description":"M\u00e9todos de pago para casinos en l\u00ednea, consejos exclusivos e informaci\u00f3n para ayudarle a hacer la mejor selecci\u00f3n, todo reunido en una misma p\u00e1gina.","breadcrumb":{"@id":"https:\/\/www.top10casinowebsites.net\/es\/metodos-de-deposito#breadcrumb"},"inLanguage":"en-US","potentialAction":[{"@type":"ReadAction","target":["https:\/\/www.top10casinowebsites.net\/es\/metodos-de-deposito"]}]},{"@type":"ImageObject","inLanguage":"en-US","@id":"https:\/\/www.top10casinowebsites.net\/es\/metodos-de-deposito#primaryimage","url":"https:\/\/www.top10casinowebsites.net\/wp-content\/uploads\/2016\/01\/deposit-options.jpg","contentUrl":"https:\/\/www.top10casinowebsites.net\/wp-content\/uploads\/2016\/01\/deposit-options.jpg"},{"@type":"BreadcrumbList","@id":"https:\/\/www.top10casinowebsites.net\/es\/metodos-de-deposito#breadcrumb","itemListElement":[{"@type":"ListItem","position":1,"name":"Home","item":"https:\/\/www.top10casinowebsites.net\/es\/"},{"@type":"ListItem","position":2,"name":"M\u00e9todos de dep\u00f3sito \u2013 gu\u00eda completa de las opciones de dep\u00f3sito para casinos"}]},{"@type":"WebSite","@id":"https:\/\/www.top10casinowebsites.net\/es\/#website","url":"https:\/\/www.top10casinowebsites.net\/es\/","name":"ES","description":"","potentialAction":[{"@type":"SearchAction","target":{"@type":"EntryPoint","urlTemplate":"https:\/\/www.top10casinowebsites.net\/es\/?s={search_term_string}"},"query-input":{"@type":"PropertyValueSpecification","valueRequired":true,"valueName":"search_term_string"}}],"inLanguage":"en-US"}]}},"_links":{"self":[{"href":"https:\/\/www.top10casinowebsites.net\/es\/wp-json\/wp\/v2\/pages\/1766","targetHints":{"allow":["GET"]}}],"collection":[{"href":"https:\/\/www.top10casinowebsites.net\/es\/wp-json\/wp\/v2\/pages"}],"about":[{"href":"https:\/\/www.top10casinowebsites.net\/es\/wp-json\/wp\/v2\/types\/page"}],"author":[{"embeddable":true,"href":"https:\/\/www.top10casinowebsites.net\/es\/wp-json\/wp\/v2\/users\/4"}],"replies":[{"embeddable":true,"href":"https:\/\/www.top10casinowebsites.net\/es\/wp-json\/wp\/v2\/comments?post=1766"}],"version-history":[{"count":2,"href":"https:\/\/www.top10casinowebsites.net\/es\/wp-json\/wp\/v2\/pages\/1766\/revisions"}],"predecessor-version":[{"id":2100,"href":"https:\/\/www.top10casinowebsites.net\/es\/wp-json\/wp\/v2\/pages\/1766\/revisions\/2100"}],"wp:attachment":[{"href":"https:\/\/www.top10casinowebsites.net\/es\/wp-json\/wp\/v2\/media?parent=1766"}],"curies":[{"name":"wp","href":"https:\/\/api.w.org\/{rel}","templated":true}]}}