{"id":1774,"date":"2017-01-30T17:19:50","date_gmt":"2017-01-30T17:19:50","guid":{"rendered":"https:\/\/www.top10casinowebsites.net\/?page_id=1774"},"modified":"2017-10-12T17:02:19","modified_gmt":"2017-10-12T17:02:19","slug":"bitcoin","status":"publish","type":"page","link":"https:\/\/www.top10casinowebsites.net\/es\/metodos-de-deposito\/bitcoin","title":{"rendered":"Casinos Bitcoin \u2013 casinos online que aceptan Bitcoins"},"content":{"rendered":"<p><img decoding=\"async\" class=\"alignright size-full wp-image-1775\" src=\"https:\/\/www.top10casinowebsites.net\/wp-content\/uploads\/2017\/01\/bitcoin.jpg\" alt=\"Deposit using Bitcoins\" width=\"300\" \/><a href=\"https:\/\/bitcoin.org\/es\/\">Bitcoin<\/a> es la moneda virtual m\u00e1s famosa a nivel mundial. Este tipo de moneda virtual te permite transferir fondos online de manera segura y an\u00f3nima.<\/p>\n<p>Bitcoin ha crecido en popularidad desde que llego al mundo y millones de jugadores la eligieron como su m\u00e9todo de pago por excelencia.<\/p>\n<p>La cripmoneda es tan popular que incluso muchos casinos solo permiten esta como \u00fanica opci\u00f3n de pago.<\/p>\n<p>Se le conoce como \u201c<em>Bitcoin casinos<\/em>\u201d y son frecuentados por jugadores con carteras llenas de Bitcoins, en versi\u00f3n figurada, claro est\u00e1.<\/p>\n<div class=\"grid-contents\" id=\"grid-contents\"><table class=\"cas_table\" ><tbody><tr class=\"rank-1\">\n                                <td class=\"ranking\">1<\/td>\n                                <td class=\"brandcol\">\n                                    <a href=https:\/\/www.top10casinowebsites.net\/es\/review\/888-casino class=\"brand brand-bg\"><img loading=\"lazy\" decoding=\"async\" class=\"group list-group-image\" src=\"https:\/\/static.top10casinowebsites.net\/images\/casino-rooms\/888-casino-logo.png\" width=\"200\" height=\"128\"\/><\/a>\n                                <\/td>\n                                <td class=\"bonus\" data-title=\"Bonus\">\n\t\t\t\t\t               <p class=\"bonus-text\"><strong>$888<\/strong>Welcome Bonus <br>(<a href=\"https:\/\/www.top10casinowebsites.net\/es\/review\/888-casino\">T&Cs apply, 18+<\/a>)<\/p>\n\t\t\t\t                <\/td>\n\t\t\t\t\t            <td class=\"badge_game\" data-title=\"Rating\">\n                                    <div class=\"rating\"><strong>5<\/strong>\/5<\/div>\n                                    <div class=\"rating stars\" style=\"margin-top: 5px;\"><span class=\"icon icon-stars\"><span class=\"icon-stars green\" style=\"width: 100%;\"><\/span><\/span><\/div>\n\t\t\t\t\t            <\/td>\n                               \n                                <td class=\"play\">\n\t\t\t\t\t               <a class=\"button-gold\" rel=\"nofollow\" href=\"https:\/\/www.top10casinowebsites.net\/es\/review\/888-casino\">Visit<\/a>\n\t                               <div class=\"\">\n\t\t\t\t\t                   <a class=\"review-snippet-link-play-now-col\" href=\"https:\/\/www.top10casinowebsites.net\/es\/review\/888-casino\">Read Review<\/a>\n\t\t\t\t\t               <\/div>\n\t\t\t\t\t           <\/td>\n     \t\t\t\t        <\/tr><\/tbody><\/table><\/div>\n<p>Esta moneda fue inventada para cubrir la necesidad de realizar pago de manera completamente an\u00f3nima y sin involucrar a autoridades, gobiernos, bancos o terceras partes. Esta es una delas razones por las que Bitcoin es una modalidad de pago tan popular entre los jugadores online, ya que muchos sistemas bancarios monitorean las transacciones que se realizan entre los casinos online y los jugadores.<\/p>\n<p><strong>WeUseCoins<\/strong><\/p>\n<p><strong>Para evitar problemas con su cuenta, restricciones o l\u00edmites en los dep\u00f3sitos y retiros, Bitcoin puede ser tu soluci\u00f3n<\/strong>. Las transacciones de Bitcoin son seguras y no implican muchos de los cargos adicionales sujetos a pagar con otros m\u00e9todos de pago que involucran a terceros.<\/p>\n<p>Usando Bitcoin como m\u00e9todo de pago predeterminado te evitara problemas y eliminar\u00e1 los retrasos en los tiempos de espera.<\/p>\n<h2>\u00bfC\u00f3mo funciona Bitcoin como m\u00e9todo de pago?<\/h2>\n<p>Para comenzar a usar Bitcoin y poder realizar dep\u00f3sitos y pagos en un casino online, primero necesitas crear una cuenta Bitcoin y llenar tu cartera con esta moneda virtual.<\/p>\n<p>Para ello necesitas acceder a la web de Bitcoin y seleccionar la opci\u00f3n de abrir una cuenta para crear una cartera. Puedes elegir la opci\u00f3n de crear una cartera en la nube, en el software o en el hardware. Las carteras en la nube suelen ser la opci\u00f3n m\u00e1s sencilla y al seleccionar esta opci\u00f3n, su cartera de Bitcoin ser\u00e1 almacenada en l\u00ednea a trav\u00e9s de un servidor en la nube.<\/p>\n<p>La cartera de software te permite almacenar tus Bitcoins dentro de tu ordenador personal y la cartera de hardware almacenar\u00e1 tu cartera Bitcoin en un dispositivo externo, como una memoria USB por lo que la \u00fanica manera de acceder a tu billetera Bitcoin es conectando la memoria USB.<\/p>\n<p>Una vez seleccionada tu cartera necesitaras llenar la billetera con Bitcoins. Para poder hacerlo necesitaras un proveedor de intercambio online Bitcoin, de los cuales hay muchos. Puedes comprar Bitcoins utilizando diferentes m\u00e9todos de pago est\u00e1ndar, incluyendo transferencias bancarias o tarjetas de cr\u00e9dito y d\u00e9bito. Tambi\u00e9n puedes adquirir Bitcoins localizando un cajero autom\u00e1tico Bitcoin cerca. Una vez que haya comprado los Bitcoins, ser\u00e1n transferidos instant\u00e1neamente a tu cartera.<\/p>\n<p>Para hacer dep\u00f3sitos o retiros en un casino online usando Bitcoin, necesitar\u00e1s encontrar la direcci\u00f3n de Bitcoin del casino. Para eso entra en tu cartera Bitcoin y agrega la direcci\u00f3n Bitcoin del casino, as\u00ed como la cantidad que deseas depositar. El pago se reflejar\u00e1 instant\u00e1neamente en tu cuenta de casino.<\/p>\n<p>Para realizar retiros usando Bitcoin, selecciona realizar un retiro usando Bitcoin e introduce los datos de tu direcci\u00f3n de cartera Bitcoin as\u00ed como la cantidad que deseas retirar. \u00a1Bitcoin es muy r\u00e1pido! Tanto los pagos como las retiradas ser\u00e1n procesados al instante.<\/p>\n<h2>\u00bfCu\u00e1les son las ventajas de usar el m\u00e9todo de pago de Bitcoin?<\/h2>\n<p>Son muchos los beneficios de usar Bitcoin como m\u00e9todo de pago para los casinos online y esto es evidente con respecto a la gran cantidad de jugadores que prefieren este m\u00e9todo. Las transacciones de Bitcoin son totalmente seguras y fiables, adem\u00e1s de ser muy r\u00e1pidas y eficientes. La ventaja principal de usar Bitcoin es el hecho de que no hay terceras partes involucradas en la transacci\u00f3n lo cual reduce las molestias y cargos adicionales.<\/p>\n","protected":false},"excerpt":{"rendered":"<p>Bitcoin es la moneda virtual m\u00e1s famosa a nivel mundial. Este tipo de moneda virtual te permite transferir fondos online de manera segura y an\u00f3nima. Bitcoin ha crecido en popularidad desde que llego al mundo y millones de jugadores la eligieron como su m\u00e9todo de pago por excelencia. La cripmoneda es tan popular que incluso [&hellip;]<\/p>\n","protected":false},"author":4,"featured_media":0,"parent":1766,"menu_order":0,"comment_status":"closed","ping_status":"closed","template":"","meta":{"_acf_changed":false,"footnotes":""},"class_list":["post-1774","page","type-page","status-publish","hentry"],"acf":[],"yoast_head":"<!-- This site is optimized with the Yoast SEO plugin v27.4 - https:\/\/yoast.com\/product\/yoast-seo-wordpress\/ -->\n<title>Casinos Bitcoin \u2013 casinos online que aceptan Bitcoins<\/title>\n<meta name=\"description\" content=\"Te explicamos el sistema de pago Bitcoin para casinos en l\u00ednea al detalle. Descubra c\u00f3mo funciona este novedoso m\u00e9todo de pago y las ventajas de usarlo.\" \/>\n<meta name=\"robots\" content=\"index, follow, max-snippet:-1, max-image-preview:large, max-video-preview:-1\" \/>\n<link rel=\"canonical\" href=\"https:\/\/www.top10casinowebsites.net\/es\/metodos-de-deposito\/bitcoin\" \/>\n<meta property=\"og:locale\" content=\"en_US\" \/>\n<meta property=\"og:type\" content=\"article\" \/>\n<meta property=\"og:title\" content=\"Casinos Bitcoin \u2013 casinos online que aceptan Bitcoins\" \/>\n<meta property=\"og:description\" content=\"Te explicamos el sistema de pago Bitcoin para casinos en l\u00ednea al detalle. Descubra c\u00f3mo funciona este novedoso m\u00e9todo de pago y las ventajas de usarlo.\" \/>\n<meta property=\"og:url\" content=\"https:\/\/www.top10casinowebsites.net\/es\/metodos-de-deposito\/bitcoin\" \/>\n<meta property=\"og:site_name\" content=\"ES\" \/>\n<meta property=\"article:modified_time\" content=\"2017-10-12T17:02:19+00:00\" \/>\n<meta name=\"twitter:card\" content=\"summary_large_image\" \/>\n<meta name=\"twitter:label1\" content=\"Est. reading time\" \/>\n\t<meta name=\"twitter:data1\" content=\"3 minutes\" \/>\n<script type=\"application\/ld+json\" class=\"yoast-schema-graph\">{\"@context\":\"https:\\\/\\\/schema.org\",\"@graph\":[{\"@type\":\"WebPage\",\"@id\":\"https:\\\/\\\/www.top10casinowebsites.net\\\/es\\\/metodos-de-deposito\\\/bitcoin\",\"url\":\"https:\\\/\\\/www.top10casinowebsites.net\\\/es\\\/metodos-de-deposito\\\/bitcoin\",\"name\":\"Casinos Bitcoin \u2013 casinos online que aceptan Bitcoins\",\"isPartOf\":{\"@id\":\"https:\\\/\\\/www.top10casinowebsites.net\\\/es\\\/#website\"},\"primaryImageOfPage\":{\"@id\":\"https:\\\/\\\/www.top10casinowebsites.net\\\/es\\\/metodos-de-deposito\\\/bitcoin#primaryimage\"},\"image\":{\"@id\":\"https:\\\/\\\/www.top10casinowebsites.net\\\/es\\\/metodos-de-deposito\\\/bitcoin#primaryimage\"},\"thumbnailUrl\":\"https:\\\/\\\/www.top10casinowebsites.net\\\/wp-content\\\/uploads\\\/2017\\\/01\\\/bitcoin.jpg\",\"datePublished\":\"2017-01-30T17:19:50+00:00\",\"dateModified\":\"2017-10-12T17:02:19+00:00\",\"description\":\"Te explicamos el sistema de pago Bitcoin para casinos en l\u00ednea al detalle. Descubra c\u00f3mo funciona este novedoso m\u00e9todo de pago y las ventajas de usarlo.\",\"breadcrumb\":{\"@id\":\"https:\\\/\\\/www.top10casinowebsites.net\\\/es\\\/metodos-de-deposito\\\/bitcoin#breadcrumb\"},\"inLanguage\":\"en-US\",\"potentialAction\":[{\"@type\":\"ReadAction\",\"target\":[\"https:\\\/\\\/www.top10casinowebsites.net\\\/es\\\/metodos-de-deposito\\\/bitcoin\"]}]},{\"@type\":\"ImageObject\",\"inLanguage\":\"en-US\",\"@id\":\"https:\\\/\\\/www.top10casinowebsites.net\\\/es\\\/metodos-de-deposito\\\/bitcoin#primaryimage\",\"url\":\"https:\\\/\\\/www.top10casinowebsites.net\\\/wp-content\\\/uploads\\\/2017\\\/01\\\/bitcoin.jpg\",\"contentUrl\":\"https:\\\/\\\/www.top10casinowebsites.net\\\/wp-content\\\/uploads\\\/2017\\\/01\\\/bitcoin.jpg\"},{\"@type\":\"BreadcrumbList\",\"@id\":\"https:\\\/\\\/www.top10casinowebsites.net\\\/es\\\/metodos-de-deposito\\\/bitcoin#breadcrumb\",\"itemListElement\":[{\"@type\":\"ListItem\",\"position\":1,\"name\":\"Home\",\"item\":\"https:\\\/\\\/www.top10casinowebsites.net\\\/es\\\/\"},{\"@type\":\"ListItem\",\"position\":2,\"name\":\"M\u00e9todos de dep\u00f3sito \u2013 gu\u00eda completa de las opciones de dep\u00f3sito para casinos\",\"item\":\"https:\\\/\\\/www.top10casinowebsites.net\\\/es\\\/metodos-de-deposito\"},{\"@type\":\"ListItem\",\"position\":3,\"name\":\"Casinos Bitcoin \u2013 casinos online que aceptan Bitcoins\"}]},{\"@type\":\"WebSite\",\"@id\":\"https:\\\/\\\/www.top10casinowebsites.net\\\/es\\\/#website\",\"url\":\"https:\\\/\\\/www.top10casinowebsites.net\\\/es\\\/\",\"name\":\"ES\",\"description\":\"\",\"potentialAction\":[{\"@type\":\"SearchAction\",\"target\":{\"@type\":\"EntryPoint\",\"urlTemplate\":\"https:\\\/\\\/www.top10casinowebsites.net\\\/es\\\/?s={search_term_string}\"},\"query-input\":{\"@type\":\"PropertyValueSpecification\",\"valueRequired\":true,\"valueName\":\"search_term_string\"}}],\"inLanguage\":\"en-US\"}]}<\/script>\n<!-- \/ Yoast SEO plugin. -->","yoast_head_json":{"title":"Casinos Bitcoin \u2013 casinos online que aceptan Bitcoins","description":"Te explicamos el sistema de pago Bitcoin para casinos en l\u00ednea al detalle. Descubra c\u00f3mo funciona este novedoso m\u00e9todo de pago y las ventajas de usarlo.","robots":{"index":"index","follow":"follow","max-snippet":"max-snippet:-1","max-image-preview":"max-image-preview:large","max-video-preview":"max-video-preview:-1"},"canonical":"https:\/\/www.top10casinowebsites.net\/es\/metodos-de-deposito\/bitcoin","og_locale":"en_US","og_type":"article","og_title":"Casinos Bitcoin \u2013 casinos online que aceptan Bitcoins","og_description":"Te explicamos el sistema de pago Bitcoin para casinos en l\u00ednea al detalle. Descubra c\u00f3mo funciona este novedoso m\u00e9todo de pago y las ventajas de usarlo.","og_url":"https:\/\/www.top10casinowebsites.net\/es\/metodos-de-deposito\/bitcoin","og_site_name":"ES","article_modified_time":"2017-10-12T17:02:19+00:00","twitter_card":"summary_large_image","twitter_misc":{"Est. reading time":"3 minutes"},"schema":{"@context":"https:\/\/schema.org","@graph":[{"@type":"WebPage","@id":"https:\/\/www.top10casinowebsites.net\/es\/metodos-de-deposito\/bitcoin","url":"https:\/\/www.top10casinowebsites.net\/es\/metodos-de-deposito\/bitcoin","name":"Casinos Bitcoin \u2013 casinos online que aceptan Bitcoins","isPartOf":{"@id":"https:\/\/www.top10casinowebsites.net\/es\/#website"},"primaryImageOfPage":{"@id":"https:\/\/www.top10casinowebsites.net\/es\/metodos-de-deposito\/bitcoin#primaryimage"},"image":{"@id":"https:\/\/www.top10casinowebsites.net\/es\/metodos-de-deposito\/bitcoin#primaryimage"},"thumbnailUrl":"https:\/\/www.top10casinowebsites.net\/wp-content\/uploads\/2017\/01\/bitcoin.jpg","datePublished":"2017-01-30T17:19:50+00:00","dateModified":"2017-10-12T17:02:19+00:00","description":"Te explicamos el sistema de pago Bitcoin para casinos en l\u00ednea al detalle. Descubra c\u00f3mo funciona este novedoso m\u00e9todo de pago y las ventajas de usarlo.","breadcrumb":{"@id":"https:\/\/www.top10casinowebsites.net\/es\/metodos-de-deposito\/bitcoin#breadcrumb"},"inLanguage":"en-US","potentialAction":[{"@type":"ReadAction","target":["https:\/\/www.top10casinowebsites.net\/es\/metodos-de-deposito\/bitcoin"]}]},{"@type":"ImageObject","inLanguage":"en-US","@id":"https:\/\/www.top10casinowebsites.net\/es\/metodos-de-deposito\/bitcoin#primaryimage","url":"https:\/\/www.top10casinowebsites.net\/wp-content\/uploads\/2017\/01\/bitcoin.jpg","contentUrl":"https:\/\/www.top10casinowebsites.net\/wp-content\/uploads\/2017\/01\/bitcoin.jpg"},{"@type":"BreadcrumbList","@id":"https:\/\/www.top10casinowebsites.net\/es\/metodos-de-deposito\/bitcoin#breadcrumb","itemListElement":[{"@type":"ListItem","position":1,"name":"Home","item":"https:\/\/www.top10casinowebsites.net\/es\/"},{"@type":"ListItem","position":2,"name":"M\u00e9todos de dep\u00f3sito \u2013 gu\u00eda completa de las opciones de dep\u00f3sito para casinos","item":"https:\/\/www.top10casinowebsites.net\/es\/metodos-de-deposito"},{"@type":"ListItem","position":3,"name":"Casinos Bitcoin \u2013 casinos online que aceptan Bitcoins"}]},{"@type":"WebSite","@id":"https:\/\/www.top10casinowebsites.net\/es\/#website","url":"https:\/\/www.top10casinowebsites.net\/es\/","name":"ES","description":"","potentialAction":[{"@type":"SearchAction","target":{"@type":"EntryPoint","urlTemplate":"https:\/\/www.top10casinowebsites.net\/es\/?s={search_term_string}"},"query-input":{"@type":"PropertyValueSpecification","valueRequired":true,"valueName":"search_term_string"}}],"inLanguage":"en-US"}]}},"_links":{"self":[{"href":"https:\/\/www.top10casinowebsites.net\/es\/wp-json\/wp\/v2\/pages\/1774","targetHints":{"allow":["GET"]}}],"collection":[{"href":"https:\/\/www.top10casinowebsites.net\/es\/wp-json\/wp\/v2\/pages"}],"about":[{"href":"https:\/\/www.top10casinowebsites.net\/es\/wp-json\/wp\/v2\/types\/page"}],"author":[{"embeddable":true,"href":"https:\/\/www.top10casinowebsites.net\/es\/wp-json\/wp\/v2\/users\/4"}],"replies":[{"embeddable":true,"href":"https:\/\/www.top10casinowebsites.net\/es\/wp-json\/wp\/v2\/comments?post=1774"}],"version-history":[{"count":2,"href":"https:\/\/www.top10casinowebsites.net\/es\/wp-json\/wp\/v2\/pages\/1774\/revisions"}],"predecessor-version":[{"id":2125,"href":"https:\/\/www.top10casinowebsites.net\/es\/wp-json\/wp\/v2\/pages\/1774\/revisions\/2125"}],"up":[{"embeddable":true,"href":"https:\/\/www.top10casinowebsites.net\/es\/wp-json\/wp\/v2\/pages\/1766"}],"wp:attachment":[{"href":"https:\/\/www.top10casinowebsites.net\/es\/wp-json\/wp\/v2\/media?parent=1774"}],"curies":[{"name":"wp","href":"https:\/\/api.w.org\/{rel}","templated":true}]}}