{"id":1778,"date":"2017-01-31T09:15:34","date_gmt":"2017-01-31T09:15:34","guid":{"rendered":"https:\/\/www.top10casinowebsites.net\/?page_id=1778"},"modified":"2017-10-06T17:05:18","modified_gmt":"2017-10-06T17:05:18","slug":"tarjetas-de-credito","status":"publish","type":"page","link":"https:\/\/www.top10casinowebsites.net\/es\/metodos-de-deposito\/tarjetas-de-credito","title":{"rendered":"Tarjetas de cr\u00e9dito para casinos \u2013 casinos online que aceptan tarjetas de cr\u00e9dito"},"content":{"rendered":"<p><img decoding=\"async\" class=\"alignright size-full wp-image-156\" src=\"https:\/\/www.top10casinowebsites.net\/wp-content\/uploads\/2016\/01\/deposit-options.jpg\" alt=\"Deposit using Credit Cards\" width=\"300\" \/>Las <strong>tarjetas de cr\u00e9dito<\/strong> son probablemente el m\u00e9todo de pago m\u00e1s aceptado en los casinos online de todo el mundo.<\/p>\n<p>La mayor\u00eda, si no todos, de los casinos online <a href=\"https:\/\/it.wikipedia.org\/wiki\/Carta_di_credito\">aceptan dep\u00f3sitos y retiros hechos con tarjetas de cr\u00e9dito<\/a>. Las tarjetas de cr\u00e9dito tienen muchas regulaciones estrictas y son una forma fiable y segura de pagos en l\u00ednea cuando juegas en un casino.<\/p>\n<p>Dado que hay muchos tipos diferentes de tarjetas de cr\u00e9dito, se recomienda asegurarse de que el casino online que has elegido juega acepta el tipo de tarjeta de cr\u00e9dito que utiliza.<\/p>\n<p>Un factor importante a considerar cuando se utilizan tarjetas de cr\u00e9dito para depositar o retirar dinero de tu cuenta de casino es asegurarse de que su banco permite que las transacciones se realicen desde y para los casinos online.<\/p>\n<p>Hay algunos bancos que no permiten que se realicen este tipo de transacciones a casinos online, y esto puede ser un quebradero de cabeza a la hora de depositar fondos en tu cuenta. Para evitar que esto suceda, averigua si tu banco permite que los pagos se realicen en casinos online.<\/p>\n<div class=\"grid-contents\" id=\"grid-contents\"><table class=\"cas_table\" ><tbody><tr class=\"rank-1\">\n                                <td class=\"ranking\">1<\/td>\n                                <td class=\"brandcol\">\n                                    <a href=https:\/\/www.top10casinowebsites.net\/es\/review\/888-casino class=\"brand brand-bg\"><img loading=\"lazy\" decoding=\"async\" class=\"group list-group-image\" src=\"https:\/\/static.top10casinowebsites.net\/images\/casino-rooms\/888-casino-logo.png\" width=\"200\" height=\"128\"\/><\/a>\n                                <\/td>\n                                <td class=\"bonus\" data-title=\"Bonus\">\n\t\t\t\t\t               <p class=\"bonus-text\"><strong>$888<\/strong>Welcome Bonus <br>(<a href=\"https:\/\/www.top10casinowebsites.net\/es\/review\/888-casino\">T&Cs apply, 18+<\/a>)<\/p>\n\t\t\t\t                <\/td>\n\t\t\t\t\t            <td class=\"badge_game\" data-title=\"Rating\">\n                                    <div class=\"rating\"><strong>5<\/strong>\/5<\/div>\n                                    <div class=\"rating stars\" style=\"margin-top: 5px;\"><span class=\"icon icon-stars\"><span class=\"icon-stars green\" style=\"width: 100%;\"><\/span><\/span><\/div>\n\t\t\t\t\t            <\/td>\n                               \n                                <td class=\"play\">\n\t\t\t\t\t               <a class=\"button-gold\" rel=\"nofollow\" href=\"https:\/\/www.top10casinowebsites.net\/es\/review\/888-casino\">Visit<\/a>\n\t                               <div class=\"\">\n\t\t\t\t\t                   <a class=\"review-snippet-link-play-now-col\" href=\"https:\/\/www.top10casinowebsites.net\/es\/review\/888-casino\">Read Review<\/a>\n\t\t\t\t\t               <\/div>\n\t\t\t\t\t           <\/td>\n     \t\t\t\t        <\/tr><\/tbody><\/table><\/div>\n<p>Otro factor a tener en cuenta es que incluso si un banco permite que los pagos se realicen con casinos online, a veces supervisar\u00e1n las transacciones entre jugador y casino, e incluso pueden decidir imponer l\u00edmites o restricciones si sienten que est\u00e1s enviando o recibiendo demasiado con un casino online.<\/p>\n<p>Aseg\u00farate de estar al tanto de las limitaciones y reglas de tu banco relativas a las <a href=\"\/es\/casinos\">transacciones con casinos<\/a> online y ten en cuenta que el banco tendr\u00e1 acceso a toda la actividad que realices.<\/p>\n<h2>\u00bfC\u00f3mo funcionan los pagos con tarjetas de cr\u00e9dito?<\/h2>\n<p>Performing deposits or withdrawals at online casinos using a credit card works in the same way as any other online transactions involving your credit card. In order to make a deposit, navigate to the \u2018<em>Cashier<\/em>\u2019 section of your online gambling account and select to make a deposit. You will then be provided with a selection of different payment methods to choose from, and you will then select the \u2018<em>Credit Card<\/em>\u2019 option.<\/p>\n<p><strong>AuthorizeNet<\/strong><\/p>\n<p>Realizar dep\u00f3sitos o retiros en casinos online usando una tarjeta de cr\u00e9dito funciona de la misma manera que cualquier otra transacci\u00f3n online. Para realizar un dep\u00f3sito, debes ir a la secci\u00f3n &#8220;Cajero&#8221; de tu cuenta de juego online y seleccionar la opci\u00f3n de realizar un dep\u00f3sito. A continuaci\u00f3n, se te presentar\u00e1 una selecci\u00f3n de diferentes m\u00e9todos de pago para elegir, y es ah\u00ed donde tienes que seleccionar la opci\u00f3n de &#8220;<em>tarjeta de cr\u00e9dito<\/em>&#8220;.<\/p>\n<p>Seguidamente, aparecer\u00e1 una breve lista de proveedores de tarjetas de cr\u00e9dito y todo lo que necesitas hacer es seleccionar la marca de tu tarjeta de cr\u00e9dito. Una vez hecho esto, te pedir\u00e1n que env\u00edes los datos de su tarjeta de cr\u00e9dito, despu\u00e9s de lo cual se transferir\u00e1 el dinero de tu cuenta bancaria a tu cuenta de jugador. Todos los casinos online suelen procesar los dep\u00f3sitos al instante, a menos que se indique lo contrario por el proveedor de tarjetas de cr\u00e9dito.<\/p>\n<p>Para realizar el proceso inverso, una retirada de dinero usando una tarjeta de cr\u00e9dito, simplemente acceda a la secci\u00f3n &#8216;<em>Cajero<\/em>&#8216; del casino online y selecciona \u201c<em>retirar mis fondos<\/em>\u201d. Introduce los datos de tu tarjeta de cr\u00e9dito y los fondos se transferir\u00e1n a tu cuenta bancaria.<\/p>\n<p>El tiempo de procesamiento de los retiros depender\u00e1 del banco con el que tengas la cuenta y puede tardar desde 3-5 d\u00edas laborables, aunque a veces el proceso puede alargarse en el tiempo. La mayor\u00eda de los casinos online te permiten guardar tus datos de facturaci\u00f3n o tarjeta de cr\u00e9dito para que no tengas que volver a introducirlos cada vez que desees realizar una transacci\u00f3n.<\/p>\n","protected":false},"excerpt":{"rendered":"<p>Las tarjetas de cr\u00e9dito son probablemente el m\u00e9todo de pago m\u00e1s aceptado en los casinos online de todo el mundo. La mayor\u00eda, si no todos, de los casinos online aceptan dep\u00f3sitos y retiros hechos con tarjetas de cr\u00e9dito. Las tarjetas de cr\u00e9dito tienen muchas regulaciones estrictas y son una forma fiable y segura de pagos [&hellip;]<\/p>\n","protected":false},"author":4,"featured_media":0,"parent":1766,"menu_order":0,"comment_status":"closed","ping_status":"closed","template":"","meta":{"_acf_changed":false,"footnotes":""},"class_list":["post-1778","page","type-page","status-publish","hentry"],"acf":[],"yoast_head":"<!-- This site is optimized with the Yoast SEO plugin v27.4 - https:\/\/yoast.com\/product\/yoast-seo-wordpress\/ -->\n<title>Tarjetas de cr\u00e9dito para casinos \u2013 casinos online que aceptan tarjetas de cr\u00e9dito<\/title>\n<meta name=\"description\" content=\"Descubre uno de los m\u00e9todos de pago y retirada de dinero m\u00e1s extendidos y populares entre los usuarios de casinos online de todo el planeta: la tarjeta de cr\u00e9dito.\" \/>\n<meta name=\"robots\" content=\"index, follow, max-snippet:-1, max-image-preview:large, max-video-preview:-1\" \/>\n<link rel=\"canonical\" href=\"https:\/\/www.top10casinowebsites.net\/es\/metodos-de-deposito\/tarjetas-de-credito\" \/>\n<meta property=\"og:locale\" content=\"en_US\" \/>\n<meta property=\"og:type\" content=\"article\" \/>\n<meta property=\"og:title\" content=\"Tarjetas de cr\u00e9dito para casinos \u2013 casinos online que aceptan tarjetas de cr\u00e9dito\" \/>\n<meta property=\"og:description\" content=\"Descubre uno de los m\u00e9todos de pago y retirada de dinero m\u00e1s extendidos y populares entre los usuarios de casinos online de todo el planeta: la tarjeta de cr\u00e9dito.\" \/>\n<meta property=\"og:url\" content=\"https:\/\/www.top10casinowebsites.net\/es\/metodos-de-deposito\/tarjetas-de-credito\" \/>\n<meta property=\"og:site_name\" content=\"ES\" \/>\n<meta property=\"article:modified_time\" content=\"2017-10-06T17:05:18+00:00\" \/>\n<meta name=\"twitter:card\" content=\"summary_large_image\" \/>\n<meta name=\"twitter:label1\" content=\"Est. reading time\" \/>\n\t<meta name=\"twitter:data1\" content=\"3 minutes\" \/>\n<script type=\"application\/ld+json\" class=\"yoast-schema-graph\">{\"@context\":\"https:\\\/\\\/schema.org\",\"@graph\":[{\"@type\":\"WebPage\",\"@id\":\"https:\\\/\\\/www.top10casinowebsites.net\\\/es\\\/metodos-de-deposito\\\/tarjetas-de-credito\",\"url\":\"https:\\\/\\\/www.top10casinowebsites.net\\\/es\\\/metodos-de-deposito\\\/tarjetas-de-credito\",\"name\":\"Tarjetas de cr\u00e9dito para casinos \u2013 casinos online que aceptan tarjetas de cr\u00e9dito\",\"isPartOf\":{\"@id\":\"https:\\\/\\\/www.top10casinowebsites.net\\\/es\\\/#website\"},\"primaryImageOfPage\":{\"@id\":\"https:\\\/\\\/www.top10casinowebsites.net\\\/es\\\/metodos-de-deposito\\\/tarjetas-de-credito#primaryimage\"},\"image\":{\"@id\":\"https:\\\/\\\/www.top10casinowebsites.net\\\/es\\\/metodos-de-deposito\\\/tarjetas-de-credito#primaryimage\"},\"thumbnailUrl\":\"https:\\\/\\\/www.top10casinowebsites.net\\\/wp-content\\\/uploads\\\/2016\\\/01\\\/deposit-options.jpg\",\"datePublished\":\"2017-01-31T09:15:34+00:00\",\"dateModified\":\"2017-10-06T17:05:18+00:00\",\"description\":\"Descubre uno de los m\u00e9todos de pago y retirada de dinero m\u00e1s extendidos y populares entre los usuarios de casinos online de todo el planeta: la tarjeta de cr\u00e9dito.\",\"breadcrumb\":{\"@id\":\"https:\\\/\\\/www.top10casinowebsites.net\\\/es\\\/metodos-de-deposito\\\/tarjetas-de-credito#breadcrumb\"},\"inLanguage\":\"en-US\",\"potentialAction\":[{\"@type\":\"ReadAction\",\"target\":[\"https:\\\/\\\/www.top10casinowebsites.net\\\/es\\\/metodos-de-deposito\\\/tarjetas-de-credito\"]}]},{\"@type\":\"ImageObject\",\"inLanguage\":\"en-US\",\"@id\":\"https:\\\/\\\/www.top10casinowebsites.net\\\/es\\\/metodos-de-deposito\\\/tarjetas-de-credito#primaryimage\",\"url\":\"https:\\\/\\\/www.top10casinowebsites.net\\\/wp-content\\\/uploads\\\/2016\\\/01\\\/deposit-options.jpg\",\"contentUrl\":\"https:\\\/\\\/www.top10casinowebsites.net\\\/wp-content\\\/uploads\\\/2016\\\/01\\\/deposit-options.jpg\"},{\"@type\":\"BreadcrumbList\",\"@id\":\"https:\\\/\\\/www.top10casinowebsites.net\\\/es\\\/metodos-de-deposito\\\/tarjetas-de-credito#breadcrumb\",\"itemListElement\":[{\"@type\":\"ListItem\",\"position\":1,\"name\":\"Home\",\"item\":\"https:\\\/\\\/www.top10casinowebsites.net\\\/es\\\/\"},{\"@type\":\"ListItem\",\"position\":2,\"name\":\"M\u00e9todos de dep\u00f3sito \u2013 gu\u00eda completa de las opciones de dep\u00f3sito para casinos\",\"item\":\"https:\\\/\\\/www.top10casinowebsites.net\\\/es\\\/metodos-de-deposito\"},{\"@type\":\"ListItem\",\"position\":3,\"name\":\"Tarjetas de cr\u00e9dito para casinos \u2013 casinos online que aceptan tarjetas de cr\u00e9dito\"}]},{\"@type\":\"WebSite\",\"@id\":\"https:\\\/\\\/www.top10casinowebsites.net\\\/es\\\/#website\",\"url\":\"https:\\\/\\\/www.top10casinowebsites.net\\\/es\\\/\",\"name\":\"ES\",\"description\":\"\",\"potentialAction\":[{\"@type\":\"SearchAction\",\"target\":{\"@type\":\"EntryPoint\",\"urlTemplate\":\"https:\\\/\\\/www.top10casinowebsites.net\\\/es\\\/?s={search_term_string}\"},\"query-input\":{\"@type\":\"PropertyValueSpecification\",\"valueRequired\":true,\"valueName\":\"search_term_string\"}}],\"inLanguage\":\"en-US\"}]}<\/script>\n<!-- \/ Yoast SEO plugin. -->","yoast_head_json":{"title":"Tarjetas de cr\u00e9dito para casinos \u2013 casinos online que aceptan tarjetas de cr\u00e9dito","description":"Descubre uno de los m\u00e9todos de pago y retirada de dinero m\u00e1s extendidos y populares entre los usuarios de casinos online de todo el planeta: la tarjeta de cr\u00e9dito.","robots":{"index":"index","follow":"follow","max-snippet":"max-snippet:-1","max-image-preview":"max-image-preview:large","max-video-preview":"max-video-preview:-1"},"canonical":"https:\/\/www.top10casinowebsites.net\/es\/metodos-de-deposito\/tarjetas-de-credito","og_locale":"en_US","og_type":"article","og_title":"Tarjetas de cr\u00e9dito para casinos \u2013 casinos online que aceptan tarjetas de cr\u00e9dito","og_description":"Descubre uno de los m\u00e9todos de pago y retirada de dinero m\u00e1s extendidos y populares entre los usuarios de casinos online de todo el planeta: la tarjeta de cr\u00e9dito.","og_url":"https:\/\/www.top10casinowebsites.net\/es\/metodos-de-deposito\/tarjetas-de-credito","og_site_name":"ES","article_modified_time":"2017-10-06T17:05:18+00:00","twitter_card":"summary_large_image","twitter_misc":{"Est. reading time":"3 minutes"},"schema":{"@context":"https:\/\/schema.org","@graph":[{"@type":"WebPage","@id":"https:\/\/www.top10casinowebsites.net\/es\/metodos-de-deposito\/tarjetas-de-credito","url":"https:\/\/www.top10casinowebsites.net\/es\/metodos-de-deposito\/tarjetas-de-credito","name":"Tarjetas de cr\u00e9dito para casinos \u2013 casinos online que aceptan tarjetas de cr\u00e9dito","isPartOf":{"@id":"https:\/\/www.top10casinowebsites.net\/es\/#website"},"primaryImageOfPage":{"@id":"https:\/\/www.top10casinowebsites.net\/es\/metodos-de-deposito\/tarjetas-de-credito#primaryimage"},"image":{"@id":"https:\/\/www.top10casinowebsites.net\/es\/metodos-de-deposito\/tarjetas-de-credito#primaryimage"},"thumbnailUrl":"https:\/\/www.top10casinowebsites.net\/wp-content\/uploads\/2016\/01\/deposit-options.jpg","datePublished":"2017-01-31T09:15:34+00:00","dateModified":"2017-10-06T17:05:18+00:00","description":"Descubre uno de los m\u00e9todos de pago y retirada de dinero m\u00e1s extendidos y populares entre los usuarios de casinos online de todo el planeta: la tarjeta de cr\u00e9dito.","breadcrumb":{"@id":"https:\/\/www.top10casinowebsites.net\/es\/metodos-de-deposito\/tarjetas-de-credito#breadcrumb"},"inLanguage":"en-US","potentialAction":[{"@type":"ReadAction","target":["https:\/\/www.top10casinowebsites.net\/es\/metodos-de-deposito\/tarjetas-de-credito"]}]},{"@type":"ImageObject","inLanguage":"en-US","@id":"https:\/\/www.top10casinowebsites.net\/es\/metodos-de-deposito\/tarjetas-de-credito#primaryimage","url":"https:\/\/www.top10casinowebsites.net\/wp-content\/uploads\/2016\/01\/deposit-options.jpg","contentUrl":"https:\/\/www.top10casinowebsites.net\/wp-content\/uploads\/2016\/01\/deposit-options.jpg"},{"@type":"BreadcrumbList","@id":"https:\/\/www.top10casinowebsites.net\/es\/metodos-de-deposito\/tarjetas-de-credito#breadcrumb","itemListElement":[{"@type":"ListItem","position":1,"name":"Home","item":"https:\/\/www.top10casinowebsites.net\/es\/"},{"@type":"ListItem","position":2,"name":"M\u00e9todos de dep\u00f3sito \u2013 gu\u00eda completa de las opciones de dep\u00f3sito para casinos","item":"https:\/\/www.top10casinowebsites.net\/es\/metodos-de-deposito"},{"@type":"ListItem","position":3,"name":"Tarjetas de cr\u00e9dito para casinos \u2013 casinos online que aceptan tarjetas de cr\u00e9dito"}]},{"@type":"WebSite","@id":"https:\/\/www.top10casinowebsites.net\/es\/#website","url":"https:\/\/www.top10casinowebsites.net\/es\/","name":"ES","description":"","potentialAction":[{"@type":"SearchAction","target":{"@type":"EntryPoint","urlTemplate":"https:\/\/www.top10casinowebsites.net\/es\/?s={search_term_string}"},"query-input":{"@type":"PropertyValueSpecification","valueRequired":true,"valueName":"search_term_string"}}],"inLanguage":"en-US"}]}},"_links":{"self":[{"href":"https:\/\/www.top10casinowebsites.net\/es\/wp-json\/wp\/v2\/pages\/1778","targetHints":{"allow":["GET"]}}],"collection":[{"href":"https:\/\/www.top10casinowebsites.net\/es\/wp-json\/wp\/v2\/pages"}],"about":[{"href":"https:\/\/www.top10casinowebsites.net\/es\/wp-json\/wp\/v2\/types\/page"}],"author":[{"embeddable":true,"href":"https:\/\/www.top10casinowebsites.net\/es\/wp-json\/wp\/v2\/users\/4"}],"replies":[{"embeddable":true,"href":"https:\/\/www.top10casinowebsites.net\/es\/wp-json\/wp\/v2\/comments?post=1778"}],"version-history":[{"count":1,"href":"https:\/\/www.top10casinowebsites.net\/es\/wp-json\/wp\/v2\/pages\/1778\/revisions"}],"predecessor-version":[{"id":2103,"href":"https:\/\/www.top10casinowebsites.net\/es\/wp-json\/wp\/v2\/pages\/1778\/revisions\/2103"}],"up":[{"embeddable":true,"href":"https:\/\/www.top10casinowebsites.net\/es\/wp-json\/wp\/v2\/pages\/1766"}],"wp:attachment":[{"href":"https:\/\/www.top10casinowebsites.net\/es\/wp-json\/wp\/v2\/media?parent=1778"}],"curies":[{"name":"wp","href":"https:\/\/api.w.org\/{rel}","templated":true}]}}