{"id":1781,"date":"2017-01-31T09:42:20","date_gmt":"2017-01-31T09:42:20","guid":{"rendered":"https:\/\/www.top10casinowebsites.net\/?page_id=1781"},"modified":"2017-10-06T17:38:09","modified_gmt":"2017-10-06T17:38:09","slug":"mastercard","status":"publish","type":"page","link":"https:\/\/www.top10casinowebsites.net\/es\/metodos-de-deposito\/mastercard","title":{"rendered":"Casinos Mastercard \u2013 los casinos online aceptan el m\u00e9todo de pago con Mastercard"},"content":{"rendered":"<p><img decoding=\"async\" class=\"alignright size-full wp-image-1782\" src=\"https:\/\/www.top10casinowebsites.net\/wp-content\/uploads\/2017\/01\/mastercard.jpg\" alt=\"Deposit using mastercard\" width=\"300\" \/><a href=\"https:\/\/www.mastercard.es\/es-es.html\">MasterCard es una excelente elecci\u00f3n como m\u00e9todo<\/a> de pago cuando juegas a tu casino online favorito, ya que es una forma muy segura de ingresar dinero y una de las tarjetas de cr\u00e9dito m\u00e1s aceptadas para realizar este tipo de servicios.<\/p>\n<p>La mayor\u00eda de los casinos online ofrecen el m\u00e9todo de pago con tarjeta de cr\u00e9dito como una de sus opciones y la mayor\u00eda de ellos aceptar\u00e1n MasterCard como una de las principales tarjetas de cr\u00e9dito. Es altamente probable que su casino favorito admita la tarjeta de cr\u00e9dito de MasterCard como forma de pago.<\/p>\n<p>Como la mayor\u00eda de los casinos en l\u00ednea aceptan la MasterCard como v\u00eda de pago, habr\u00e1 pocas limitaciones en cuanto a qu\u00e9 p\u00e1ginas puedes elegir para jugar. B\u00e1sicamente, esto te permite jugar en casi cualquier casino online del mercado.<\/p>\n<p>MasterCard lleva siendo una empresa de gran reputaci\u00f3n desde 1966 y ciertamente lleva funcionando en el mercado mucho m\u00e1s tiempo que la mayor\u00eda de los m\u00e9todos de pago. No hace falta decir que el uso de MasterCard como forma de pago cuando se juega en casinos online es muy fiable y seguro. Algunos de los aspectos que se pueden tener en cuenta a la hora de evaluar la fiabilidad de un sistema de pago, son el tiempo que lleva funcionando y la cantidad de jugadores que lo utilizan. MasterCard pasa con nota esta prueba.<\/p>\n<h2>Las mejores salas de casino online<\/h2>\n<div class=\"grid-contents\" id=\"grid-contents\"><table class=\"cas_table\" ><tbody><tr class=\"rank-1\">\n                                <td class=\"ranking\">1<\/td>\n                                <td class=\"brandcol\">\n                                    <a href=https:\/\/www.top10casinowebsites.net\/es\/review\/888-casino class=\"brand brand-bg\"><img loading=\"lazy\" decoding=\"async\" class=\"group list-group-image\" src=\"https:\/\/static.top10casinowebsites.net\/images\/casino-rooms\/888-casino-logo.png\" width=\"200\" height=\"128\"\/><\/a>\n                                <\/td>\n                                <td class=\"bonus\" data-title=\"Bonus\">\n\t\t\t\t\t               <p class=\"bonus-text\"><strong>$888<\/strong>Welcome Bonus <br>(<a href=\"https:\/\/www.top10casinowebsites.net\/es\/review\/888-casino\">T&Cs apply, 18+<\/a>)<\/p>\n\t\t\t\t                <\/td>\n\t\t\t\t\t            <td class=\"badge_game\" data-title=\"Rating\">\n                                    <div class=\"rating\"><strong>5<\/strong>\/5<\/div>\n                                    <div class=\"rating stars\" style=\"margin-top: 5px;\"><span class=\"icon icon-stars\"><span class=\"icon-stars green\" style=\"width: 100%;\"><\/span><\/span><\/div>\n\t\t\t\t\t            <\/td>\n                               \n                                <td class=\"play\">\n\t\t\t\t\t               <a class=\"button-gold\" rel=\"nofollow\" href=\"https:\/\/www.top10casinowebsites.net\/es\/review\/888-casino\">Visit<\/a>\n\t                               <div class=\"\">\n\t\t\t\t\t                   <a class=\"review-snippet-link-play-now-col\" href=\"https:\/\/www.top10casinowebsites.net\/es\/review\/888-casino\">Read Review<\/a>\n\t\t\t\t\t               <\/div>\n\t\t\t\t\t           <\/td>\n     \t\t\t\t        <\/tr><\/tbody><\/table><\/div>\n<p>MasterCard es uno de los m\u00e9todos de pago m\u00e1s antiguos del mundo y es usado de forma global por una inmensa cantidad de personas. La popularidad del m\u00e9todo de pago MasterCard es una buena indicaci\u00f3n de que se trata de un tipo de pago fiable, ya que muchos jugadores no lo utilizar\u00edan si no se sintieran seguros con \u00e9l.<\/p>\n<p>Muchos de los jugadores que poseen una tarjeta de cr\u00e9dito MasterCard, ya est\u00e1n m\u00e1s que acostumbrados a usarla para realizar transacciones online tales como: pagar las facturas, hacer transferencias, comprar productos online, etc. Para estos usuarios resulta muy f\u00e1cil seleccionar el mismo m\u00e9todo de pago que ya usaron en otras websites y utilizarlo para ingresar o retirar dinero de su cuenta de casino online particular.<\/p>\n<h2>\u00bfC\u00f3mo se usa la tarjeta de cr\u00e9dito Mastercard para realizar transacciones online?<\/h2>\n<p>Realizar dep\u00f3sitos y retirada de fondos utilizando la tarjeta de cr\u00e9dito MasterCard en los casinos online es muy sencillo. Todo lo que necesitas es dirigirte a la secci\u00f3n \u00b4<em>cajero<\/em>\u00b4 tras entrar en tu cuenta personal de casino online. Si deseas realizar un dep\u00f3sito de dinero, tendr\u00e1s que escoger la opci\u00f3n de \u00b4<em>hacer un dep\u00f3sito<\/em>\u00b4, y entonces aparecer\u00e1 una lista con las diferentes alternativas de pago disponibles.<\/p>\n<p><strong>Mastercard<\/strong><\/p>\n<p>A continuaci\u00f3n tendr\u00e1s que seleccionar pago con \u00b4<em>Tarjeta de cr\u00e9dito<\/em>\u00b4. Una vez haya escogido esta opci\u00f3n se te proporcionar\u00e1 una <a href=\"\/es\/metodos-de-deposito\/tarjetas-de-credito\">lista de proveedores de tarjetas de cr\u00e9dito<\/a> para elegir, entre las que se incluir\u00e1 la opci\u00f3n de MasterCard. Una vez elegido el m\u00e9todo de pago con MasterCard, se te pedir\u00e1 que proporciones los detalles de dicha tarjeta. Tras ingresar y enviar la informaci\u00f3n correspondiente, los fondos ser\u00e1n transferidos a tu cuenta de casino en l\u00ednea de forma inmediata.<\/p>\n<p>Retirar dinero de tu cuenta con MasterCard de casino resulta igual de sencillo. En primer lugar debes dirigirte a la secci\u00f3n \u00b4<em>cajero<\/em>\u00b4 de tu cuenta de usuario y selecci\u00f3n la opci\u00f3n de \u00b4<em>retirar<\/em>\u00b4 dinero. Si ya has usado MasterCard para a\u00f1adir fondos a tu cuenta, es probable que tus datos bancarios se encuentren almacenados de forma segura en la p\u00e1gina, por lo que no tendr\u00e1s que introducir la informaci\u00f3n nuevamente. Una vez hayas confirmado los detalles de la retirada, los fondos se transferir\u00e1n a tu cuenta bancaria de forma r\u00e1pida. Piensa que la retirada de fondos usando MasterCard podr\u00eda llevar entre 48-72 horas en procesarse. MasterCard tambi\u00e9n tiene una tasa de <strong>procesamiento en este tipo de transacciones del 2% o 3%<\/strong>, algo que deber\u00e1s tener en cuenta.<\/p>\n<h2>Ventajas de usar Mastercard en los casinos online<\/h2>\n<p>Una de las ventajas m\u00e1s evidentes que ofrece el uso de las tarjetas de cr\u00e9dito MasterCard cuando se realizan dep\u00f3sitos o retirada de dinero de una cuenta de casino online, es la seguridad y fiabilidad que se brinda al usuario. Usar MasterCard para realizar movimientos de dinero desde o hacia tu cuenta de usuario de casino, te da gran tranquilidad y la garant\u00eda de que se est\u00e1 utilizando efectivos m\u00e9todos de seguridad que protegen tus datos personales y bancarios. MasterCard est\u00e1 ampliamente aceptada, por lo que podr\u00e1s usarla en casi cualquier casino online del planeta.<\/p>\n","protected":false},"excerpt":{"rendered":"<p>MasterCard es una excelente elecci\u00f3n como m\u00e9todo de pago cuando juegas a tu casino online favorito, ya que es una forma muy segura de ingresar dinero y una de las tarjetas de cr\u00e9dito m\u00e1s aceptadas para realizar este tipo de servicios. La mayor\u00eda de los casinos online ofrecen el m\u00e9todo de pago con tarjeta de [&hellip;]<\/p>\n","protected":false},"author":4,"featured_media":0,"parent":1766,"menu_order":0,"comment_status":"closed","ping_status":"closed","template":"","meta":{"_acf_changed":false,"footnotes":""},"class_list":["post-1781","page","type-page","status-publish","hentry"],"acf":[],"yoast_head":"<!-- This site is optimized with the Yoast SEO plugin v27.4 - https:\/\/yoast.com\/product\/yoast-seo-wordpress\/ -->\n<title>Casinos mastercard \u2013 los casinos online aceptan el m\u00e9todo de pago con mastercard<\/title>\n<meta name=\"description\" content=\"Te explicamos con total claridad como usar el sistema de pago para casinos de Mastercard. Te contamos como utilizarlo y las ventajas que posee esta v\u00eda de pago.\" \/>\n<meta name=\"robots\" content=\"index, follow, max-snippet:-1, max-image-preview:large, max-video-preview:-1\" \/>\n<link rel=\"canonical\" href=\"https:\/\/www.top10casinowebsites.net\/es\/metodos-de-deposito\/mastercard\" \/>\n<meta property=\"og:locale\" content=\"en_US\" \/>\n<meta property=\"og:type\" content=\"article\" \/>\n<meta property=\"og:title\" content=\"Casinos mastercard \u2013 los casinos online aceptan el m\u00e9todo de pago con mastercard\" \/>\n<meta property=\"og:description\" content=\"Te explicamos con total claridad como usar el sistema de pago para casinos de Mastercard. Te contamos como utilizarlo y las ventajas que posee esta v\u00eda de pago.\" \/>\n<meta property=\"og:url\" content=\"https:\/\/www.top10casinowebsites.net\/es\/metodos-de-deposito\/mastercard\" \/>\n<meta property=\"og:site_name\" content=\"ES\" \/>\n<meta property=\"article:modified_time\" content=\"2017-10-06T17:38:09+00:00\" \/>\n<meta name=\"twitter:card\" content=\"summary_large_image\" \/>\n<meta name=\"twitter:label1\" content=\"Est. reading time\" \/>\n\t<meta name=\"twitter:data1\" content=\"4 minutes\" \/>\n<script type=\"application\/ld+json\" class=\"yoast-schema-graph\">{\"@context\":\"https:\\\/\\\/schema.org\",\"@graph\":[{\"@type\":\"WebPage\",\"@id\":\"https:\\\/\\\/www.top10casinowebsites.net\\\/es\\\/metodos-de-deposito\\\/mastercard\",\"url\":\"https:\\\/\\\/www.top10casinowebsites.net\\\/es\\\/metodos-de-deposito\\\/mastercard\",\"name\":\"Casinos mastercard \u2013 los casinos online aceptan el m\u00e9todo de pago con mastercard\",\"isPartOf\":{\"@id\":\"https:\\\/\\\/www.top10casinowebsites.net\\\/es\\\/#website\"},\"primaryImageOfPage\":{\"@id\":\"https:\\\/\\\/www.top10casinowebsites.net\\\/es\\\/metodos-de-deposito\\\/mastercard#primaryimage\"},\"image\":{\"@id\":\"https:\\\/\\\/www.top10casinowebsites.net\\\/es\\\/metodos-de-deposito\\\/mastercard#primaryimage\"},\"thumbnailUrl\":\"https:\\\/\\\/www.top10casinowebsites.net\\\/wp-content\\\/uploads\\\/2017\\\/01\\\/mastercard.jpg\",\"datePublished\":\"2017-01-31T09:42:20+00:00\",\"dateModified\":\"2017-10-06T17:38:09+00:00\",\"description\":\"Te explicamos con total claridad como usar el sistema de pago para casinos de Mastercard. Te contamos como utilizarlo y las ventajas que posee esta v\u00eda de pago.\",\"breadcrumb\":{\"@id\":\"https:\\\/\\\/www.top10casinowebsites.net\\\/es\\\/metodos-de-deposito\\\/mastercard#breadcrumb\"},\"inLanguage\":\"en-US\",\"potentialAction\":[{\"@type\":\"ReadAction\",\"target\":[\"https:\\\/\\\/www.top10casinowebsites.net\\\/es\\\/metodos-de-deposito\\\/mastercard\"]}]},{\"@type\":\"ImageObject\",\"inLanguage\":\"en-US\",\"@id\":\"https:\\\/\\\/www.top10casinowebsites.net\\\/es\\\/metodos-de-deposito\\\/mastercard#primaryimage\",\"url\":\"https:\\\/\\\/www.top10casinowebsites.net\\\/wp-content\\\/uploads\\\/2017\\\/01\\\/mastercard.jpg\",\"contentUrl\":\"https:\\\/\\\/www.top10casinowebsites.net\\\/wp-content\\\/uploads\\\/2017\\\/01\\\/mastercard.jpg\"},{\"@type\":\"BreadcrumbList\",\"@id\":\"https:\\\/\\\/www.top10casinowebsites.net\\\/es\\\/metodos-de-deposito\\\/mastercard#breadcrumb\",\"itemListElement\":[{\"@type\":\"ListItem\",\"position\":1,\"name\":\"Home\",\"item\":\"https:\\\/\\\/www.top10casinowebsites.net\\\/es\\\/\"},{\"@type\":\"ListItem\",\"position\":2,\"name\":\"M\u00e9todos de dep\u00f3sito \u2013 gu\u00eda completa de las opciones de dep\u00f3sito para casinos\",\"item\":\"https:\\\/\\\/www.top10casinowebsites.net\\\/es\\\/metodos-de-deposito\"},{\"@type\":\"ListItem\",\"position\":3,\"name\":\"Casinos Mastercard \u2013 los casinos online aceptan el m\u00e9todo de pago con Mastercard\"}]},{\"@type\":\"WebSite\",\"@id\":\"https:\\\/\\\/www.top10casinowebsites.net\\\/es\\\/#website\",\"url\":\"https:\\\/\\\/www.top10casinowebsites.net\\\/es\\\/\",\"name\":\"ES\",\"description\":\"\",\"potentialAction\":[{\"@type\":\"SearchAction\",\"target\":{\"@type\":\"EntryPoint\",\"urlTemplate\":\"https:\\\/\\\/www.top10casinowebsites.net\\\/es\\\/?s={search_term_string}\"},\"query-input\":{\"@type\":\"PropertyValueSpecification\",\"valueRequired\":true,\"valueName\":\"search_term_string\"}}],\"inLanguage\":\"en-US\"}]}<\/script>\n<!-- \/ Yoast SEO plugin. -->","yoast_head_json":{"title":"Casinos mastercard \u2013 los casinos online aceptan el m\u00e9todo de pago con mastercard","description":"Te explicamos con total claridad como usar el sistema de pago para casinos de Mastercard. Te contamos como utilizarlo y las ventajas que posee esta v\u00eda de pago.","robots":{"index":"index","follow":"follow","max-snippet":"max-snippet:-1","max-image-preview":"max-image-preview:large","max-video-preview":"max-video-preview:-1"},"canonical":"https:\/\/www.top10casinowebsites.net\/es\/metodos-de-deposito\/mastercard","og_locale":"en_US","og_type":"article","og_title":"Casinos mastercard \u2013 los casinos online aceptan el m\u00e9todo de pago con mastercard","og_description":"Te explicamos con total claridad como usar el sistema de pago para casinos de Mastercard. Te contamos como utilizarlo y las ventajas que posee esta v\u00eda de pago.","og_url":"https:\/\/www.top10casinowebsites.net\/es\/metodos-de-deposito\/mastercard","og_site_name":"ES","article_modified_time":"2017-10-06T17:38:09+00:00","twitter_card":"summary_large_image","twitter_misc":{"Est. reading time":"4 minutes"},"schema":{"@context":"https:\/\/schema.org","@graph":[{"@type":"WebPage","@id":"https:\/\/www.top10casinowebsites.net\/es\/metodos-de-deposito\/mastercard","url":"https:\/\/www.top10casinowebsites.net\/es\/metodos-de-deposito\/mastercard","name":"Casinos mastercard \u2013 los casinos online aceptan el m\u00e9todo de pago con mastercard","isPartOf":{"@id":"https:\/\/www.top10casinowebsites.net\/es\/#website"},"primaryImageOfPage":{"@id":"https:\/\/www.top10casinowebsites.net\/es\/metodos-de-deposito\/mastercard#primaryimage"},"image":{"@id":"https:\/\/www.top10casinowebsites.net\/es\/metodos-de-deposito\/mastercard#primaryimage"},"thumbnailUrl":"https:\/\/www.top10casinowebsites.net\/wp-content\/uploads\/2017\/01\/mastercard.jpg","datePublished":"2017-01-31T09:42:20+00:00","dateModified":"2017-10-06T17:38:09+00:00","description":"Te explicamos con total claridad como usar el sistema de pago para casinos de Mastercard. Te contamos como utilizarlo y las ventajas que posee esta v\u00eda de pago.","breadcrumb":{"@id":"https:\/\/www.top10casinowebsites.net\/es\/metodos-de-deposito\/mastercard#breadcrumb"},"inLanguage":"en-US","potentialAction":[{"@type":"ReadAction","target":["https:\/\/www.top10casinowebsites.net\/es\/metodos-de-deposito\/mastercard"]}]},{"@type":"ImageObject","inLanguage":"en-US","@id":"https:\/\/www.top10casinowebsites.net\/es\/metodos-de-deposito\/mastercard#primaryimage","url":"https:\/\/www.top10casinowebsites.net\/wp-content\/uploads\/2017\/01\/mastercard.jpg","contentUrl":"https:\/\/www.top10casinowebsites.net\/wp-content\/uploads\/2017\/01\/mastercard.jpg"},{"@type":"BreadcrumbList","@id":"https:\/\/www.top10casinowebsites.net\/es\/metodos-de-deposito\/mastercard#breadcrumb","itemListElement":[{"@type":"ListItem","position":1,"name":"Home","item":"https:\/\/www.top10casinowebsites.net\/es\/"},{"@type":"ListItem","position":2,"name":"M\u00e9todos de dep\u00f3sito \u2013 gu\u00eda completa de las opciones de dep\u00f3sito para casinos","item":"https:\/\/www.top10casinowebsites.net\/es\/metodos-de-deposito"},{"@type":"ListItem","position":3,"name":"Casinos Mastercard \u2013 los casinos online aceptan el m\u00e9todo de pago con Mastercard"}]},{"@type":"WebSite","@id":"https:\/\/www.top10casinowebsites.net\/es\/#website","url":"https:\/\/www.top10casinowebsites.net\/es\/","name":"ES","description":"","potentialAction":[{"@type":"SearchAction","target":{"@type":"EntryPoint","urlTemplate":"https:\/\/www.top10casinowebsites.net\/es\/?s={search_term_string}"},"query-input":{"@type":"PropertyValueSpecification","valueRequired":true,"valueName":"search_term_string"}}],"inLanguage":"en-US"}]}},"_links":{"self":[{"href":"https:\/\/www.top10casinowebsites.net\/es\/wp-json\/wp\/v2\/pages\/1781","targetHints":{"allow":["GET"]}}],"collection":[{"href":"https:\/\/www.top10casinowebsites.net\/es\/wp-json\/wp\/v2\/pages"}],"about":[{"href":"https:\/\/www.top10casinowebsites.net\/es\/wp-json\/wp\/v2\/types\/page"}],"author":[{"embeddable":true,"href":"https:\/\/www.top10casinowebsites.net\/es\/wp-json\/wp\/v2\/users\/4"}],"replies":[{"embeddable":true,"href":"https:\/\/www.top10casinowebsites.net\/es\/wp-json\/wp\/v2\/comments?post=1781"}],"version-history":[{"count":2,"href":"https:\/\/www.top10casinowebsites.net\/es\/wp-json\/wp\/v2\/pages\/1781\/revisions"}],"predecessor-version":[{"id":2126,"href":"https:\/\/www.top10casinowebsites.net\/es\/wp-json\/wp\/v2\/pages\/1781\/revisions\/2126"}],"up":[{"embeddable":true,"href":"https:\/\/www.top10casinowebsites.net\/es\/wp-json\/wp\/v2\/pages\/1766"}],"wp:attachment":[{"href":"https:\/\/www.top10casinowebsites.net\/es\/wp-json\/wp\/v2\/media?parent=1781"}],"curies":[{"name":"wp","href":"https:\/\/api.w.org\/{rel}","templated":true}]}}