{"id":1787,"date":"2017-01-31T10:45:12","date_gmt":"2017-01-31T10:45:12","guid":{"rendered":"https:\/\/www.top10casinowebsites.net\/?page_id=1787"},"modified":"2018-07-17T15:30:37","modified_gmt":"2018-07-17T15:30:37","slug":"paypal","status":"publish","type":"page","link":"https:\/\/www.top10casinowebsites.net\/es\/metodos-de-deposito\/paypal","title":{"rendered":"Casinos Paypal \u2013 dep\u00f3sitos usando Paypal en casinos online"},"content":{"rendered":"<p><img decoding=\"async\" class=\"alignright size-full wp-image-1788\" src=\"https:\/\/www.top10casinowebsites.net\/wp-content\/uploads\/2017\/01\/paypal.jpg\" alt=\"\" width=\"300\" \/><a href=\"https:\/\/www.paypal.com\/es\/\">PayPal<\/a> es uno de los m\u00e9todos de pago m\u00e1s populares entre los jugadores de casinos online de todo el mundo, as\u00ed como un m\u00e9todo de pago popular para muchas personas que realizan transacciones online, tales como compras.<\/p>\n<p>Muchos jugadores, por lo tanto, ya tienen una cuenta de PayPal que utilizan para otras transacciones online y para ellos resulta tarea sencilla realizar sus transacciones con un casino online utilizando esta misma cuenta.<\/p>\n<p>Dado que PayPal es una forma popular y ampliamente utilizada, la mayor\u00eda de los casinos proporcionan este m\u00e9todo de pago.<\/p>\n<p>PayPal salt\u00f3 a la palestra en el a\u00f1o 1999 y se lanz\u00f3 oficialmente al mercado en el a\u00f1o 2000. Esto significa que PayPal fue uno de los primeros y originales servicios de cartera electr\u00f3nica, mucho antes de que la mayor\u00eda de la gente supiera siquiera lo que esto significaba.<\/p>\n<div class=\"grid-contents\" id=\"grid-contents\"><table class=\"cas_table\" ><tbody><tr class=\"rank-1\">\n                                <td class=\"ranking\">1<\/td>\n                                <td class=\"brandcol\">\n                                    <a href=https:\/\/www.top10casinowebsites.net\/es\/review\/888-casino class=\"brand brand-bg\"><img loading=\"lazy\" decoding=\"async\" class=\"group list-group-image\" src=\"https:\/\/static.top10casinowebsites.net\/images\/casino-rooms\/888-casino-logo.png\" width=\"200\" height=\"128\"\/><\/a>\n                                <\/td>\n                                <td class=\"bonus\" data-title=\"Bonus\">\n\t\t\t\t\t               <p class=\"bonus-text\"><strong>$888<\/strong>Welcome Bonus <br>(<a href=\"https:\/\/www.top10casinowebsites.net\/es\/review\/888-casino\">T&Cs apply, 18+<\/a>)<\/p>\n\t\t\t\t                <\/td>\n\t\t\t\t\t            <td class=\"badge_game\" data-title=\"Rating\">\n                                    <div class=\"rating\"><strong>5<\/strong>\/5<\/div>\n                                    <div class=\"rating stars\" style=\"margin-top: 5px;\"><span class=\"icon icon-stars\"><span class=\"icon-stars green\" style=\"width: 100%;\"><\/span><\/span><\/div>\n\t\t\t\t\t            <\/td>\n                               \n                                <td class=\"play\">\n\t\t\t\t\t               <a class=\"button-gold\" rel=\"nofollow\" href=\"https:\/\/www.top10casinowebsites.net\/es\/review\/888-casino\">Visit<\/a>\n\t                               <div class=\"\">\n\t\t\t\t\t                   <a class=\"review-snippet-link-play-now-col\" href=\"https:\/\/www.top10casinowebsites.net\/es\/review\/888-casino\">Read Review<\/a>\n\t\t\t\t\t               <\/div>\n\t\t\t\t\t           <\/td>\n     \t\t\t\t        <\/tr><\/tbody><\/table><\/div>\n<p>Desde su nacimiento, hace algo m\u00e1s de17 a\u00f1os, PayPal ha resistido la prueba del tiempo y ha demostrado ser seguro y fiable por muchos jugadores online de casinos de todo el mundo. PayPal es definitivamente un m\u00e9todo de pago de confianza, seguro y r\u00e1pido avalado por millones de jugadores.<\/p>\n<p>Muchos de ellos utilizan PayPal como m\u00e9todo de pago preferido, ya que acepta m\u00e1s de 22 monedas diferentes. Esta amplia selecci\u00f3n de opciones de divisas hace que el servicio de PayPal est\u00e9 disponible para una gama m\u00e1s amplia de jugadores internacionales. Esto es un claro ejemplo que permite ver por qu\u00e9 se considera un hecho que PayPal es el m\u00e9todo m\u00e1s utilizado por los jugadores de casino online en m\u00e1s de 175 pa\u00edses de todo el mundo. Un m\u00e9todo de pago con una alta cantidad de popularidad y en el que puedes confiar.<\/p>\n<h2>\u00bfC\u00f3mo funciona paypal?<\/h2>\n<p>Para poder utilizar los servicios del monedero electr\u00f3nico de PayPal en un casino online, primero debes registrarte en una cuenta de PayPal. Por supuesto, tambi\u00e9n necesitar\u00e1s registrar una cuenta con tu casino online preferido. Una vez hecho esto, al seleccionar realizar transacciones a trav\u00e9s de PayPal, compartir\u00e1s tu informaci\u00f3n personal \u00fanicamente con este servicio y nunca con el casino online.<\/p>\n<p><strong>PayPal <\/strong><\/p>\n<p>Para abrir una cuenta con PayPal, necesitas entrar en el sitio web de PayPal y seguir las instrucciones para abrir una cuenta. Deber\u00e1s proporcionar tu informaci\u00f3n personal, tales como datos bancarios. La ventaja aqu\u00ed es que solo necesitas compartir tus datos personales con PayPal, un portal de pago de confianza y 100% seguro, en lugar de tener que compartir tus datos personales con casinos online. Una idea que a veces pueden salir mal si el casino no es de buena reputaci\u00f3n.<\/p>\n<p>Este tipo de casinos pretenden proporcionar un servicio de juegos de azar, pero una vez que han obtenido tus datos bancarios se olvidan de cumplir con sus promesas. A menudo, los datos bancarios son compartidos con terceros y entregados a manos equivocadas. Estos problemas se pueden evitar mediante el uso de un servicio de confianza, como PayPal.<\/p>\n<p>Una vez que hayas abierto tu cuenta de PayPal, simplemente deposita fondos en la cuenta utilizando cualquier otro m\u00e9todo de pago de tu elecci\u00f3n. En cuanto la cuenta de PayPal se haya cargado con fondos, podr\u00e1s transferirlos a tu cuenta de casino y comenzar a jugar. Los retiros funcionan de manera similar. Todo lo que necesitas hacer es aceptar la transferencia que se est\u00e1 realizando en tu cuenta de PayPal, y cuando se haya recibido la transferencia, puedes decidir si mantenerlos en la cuenta de PayPal para su uso posterior, o puede transferirlos a tu cuenta bancaria.<\/p>\n<h2>\u00bfQu\u00e9 ventajas tiene usar paypal?<\/h2>\n<p>PayPal es un portal de pago altamente seguro y en el que puedes confiar. Las posibilidades de enfrentarse a fraudes o problemas de seguridad con PayPal son muy bajas, lo que hace que este m\u00e9todo de pago sea una opci\u00f3n buena y segura.<\/p>\n<p>PayPal tambi\u00e9n tiene una aplicaci\u00f3n m\u00f3vil que permite a los jugadores hacer transacciones online de forma segura a trav\u00e9s de sus tel\u00e9fonos <a href=\"\/moviles\">m\u00f3viles<\/a>, y dado que muchos jugadores usan sus Smartphone para jugar en estos d\u00edas, tener un portal de pago m\u00f3vil seguro es altamente ventajoso y necesario. Otra gran ventaja es no tener que compartir tus datos personales con los casinos online con los que habitualmente juegas.<\/p>\n","protected":false},"excerpt":{"rendered":"<p>PayPal es uno de los m\u00e9todos de pago m\u00e1s populares entre los jugadores de casinos online de todo el mundo, as\u00ed como un m\u00e9todo de pago popular para muchas personas que realizan transacciones online, tales como compras. Muchos jugadores, por lo tanto, ya tienen una cuenta de PayPal que utilizan para otras transacciones online y [&hellip;]<\/p>\n","protected":false},"author":4,"featured_media":0,"parent":1766,"menu_order":0,"comment_status":"closed","ping_status":"closed","template":"","meta":{"_acf_changed":false,"footnotes":""},"class_list":["post-1787","page","type-page","status-publish","hentry"],"acf":[],"yoast_head":"<!-- This site is optimized with the Yoast SEO plugin v27.4 - https:\/\/yoast.com\/product\/yoast-seo-wordpress\/ -->\n<title>Casinos paypal \u2013 dep\u00f3sitos usando paypal en casinos online<\/title>\n<meta name=\"description\" content=\"Descrube las muchas y variadas ventajas que te ofrece el m\u00e9todo de pago Paypal para realizar ingresos a tu cuenta de casino online preferida.\" \/>\n<meta name=\"robots\" content=\"index, follow, max-snippet:-1, max-image-preview:large, max-video-preview:-1\" \/>\n<link rel=\"canonical\" href=\"https:\/\/www.top10casinowebsites.net\/es\/metodos-de-deposito\/paypal\" \/>\n<meta property=\"og:locale\" content=\"en_US\" \/>\n<meta property=\"og:type\" content=\"article\" \/>\n<meta property=\"og:title\" content=\"Casinos paypal \u2013 dep\u00f3sitos usando paypal en casinos online\" \/>\n<meta property=\"og:description\" content=\"Descrube las muchas y variadas ventajas que te ofrece el m\u00e9todo de pago Paypal para realizar ingresos a tu cuenta de casino online preferida.\" \/>\n<meta property=\"og:url\" content=\"https:\/\/www.top10casinowebsites.net\/es\/metodos-de-deposito\/paypal\" \/>\n<meta property=\"og:site_name\" content=\"ES\" \/>\n<meta property=\"article:modified_time\" content=\"2018-07-17T15:30:37+00:00\" \/>\n<meta name=\"twitter:card\" content=\"summary_large_image\" \/>\n<meta name=\"twitter:label1\" content=\"Est. reading time\" \/>\n\t<meta name=\"twitter:data1\" content=\"4 minutes\" \/>\n<script type=\"application\/ld+json\" class=\"yoast-schema-graph\">{\"@context\":\"https:\\\/\\\/schema.org\",\"@graph\":[{\"@type\":\"WebPage\",\"@id\":\"https:\\\/\\\/www.top10casinowebsites.net\\\/es\\\/metodos-de-deposito\\\/paypal\",\"url\":\"https:\\\/\\\/www.top10casinowebsites.net\\\/es\\\/metodos-de-deposito\\\/paypal\",\"name\":\"Casinos paypal \u2013 dep\u00f3sitos usando paypal en casinos online\",\"isPartOf\":{\"@id\":\"https:\\\/\\\/www.top10casinowebsites.net\\\/es\\\/#website\"},\"primaryImageOfPage\":{\"@id\":\"https:\\\/\\\/www.top10casinowebsites.net\\\/es\\\/metodos-de-deposito\\\/paypal#primaryimage\"},\"image\":{\"@id\":\"https:\\\/\\\/www.top10casinowebsites.net\\\/es\\\/metodos-de-deposito\\\/paypal#primaryimage\"},\"thumbnailUrl\":\"https:\\\/\\\/www.top10casinowebsites.net\\\/wp-content\\\/uploads\\\/2017\\\/01\\\/paypal.jpg\",\"datePublished\":\"2017-01-31T10:45:12+00:00\",\"dateModified\":\"2018-07-17T15:30:37+00:00\",\"description\":\"Descrube las muchas y variadas ventajas que te ofrece el m\u00e9todo de pago Paypal para realizar ingresos a tu cuenta de casino online preferida.\",\"breadcrumb\":{\"@id\":\"https:\\\/\\\/www.top10casinowebsites.net\\\/es\\\/metodos-de-deposito\\\/paypal#breadcrumb\"},\"inLanguage\":\"en-US\",\"potentialAction\":[{\"@type\":\"ReadAction\",\"target\":[\"https:\\\/\\\/www.top10casinowebsites.net\\\/es\\\/metodos-de-deposito\\\/paypal\"]}]},{\"@type\":\"ImageObject\",\"inLanguage\":\"en-US\",\"@id\":\"https:\\\/\\\/www.top10casinowebsites.net\\\/es\\\/metodos-de-deposito\\\/paypal#primaryimage\",\"url\":\"https:\\\/\\\/www.top10casinowebsites.net\\\/wp-content\\\/uploads\\\/2017\\\/01\\\/paypal.jpg\",\"contentUrl\":\"https:\\\/\\\/www.top10casinowebsites.net\\\/wp-content\\\/uploads\\\/2017\\\/01\\\/paypal.jpg\"},{\"@type\":\"BreadcrumbList\",\"@id\":\"https:\\\/\\\/www.top10casinowebsites.net\\\/es\\\/metodos-de-deposito\\\/paypal#breadcrumb\",\"itemListElement\":[{\"@type\":\"ListItem\",\"position\":1,\"name\":\"Home\",\"item\":\"https:\\\/\\\/www.top10casinowebsites.net\\\/es\\\/\"},{\"@type\":\"ListItem\",\"position\":2,\"name\":\"M\u00e9todos de dep\u00f3sito \u2013 gu\u00eda completa de las opciones de dep\u00f3sito para casinos\",\"item\":\"https:\\\/\\\/www.top10casinowebsites.net\\\/es\\\/metodos-de-deposito\"},{\"@type\":\"ListItem\",\"position\":3,\"name\":\"Casinos Paypal \u2013 dep\u00f3sitos usando Paypal en casinos online\"}]},{\"@type\":\"WebSite\",\"@id\":\"https:\\\/\\\/www.top10casinowebsites.net\\\/es\\\/#website\",\"url\":\"https:\\\/\\\/www.top10casinowebsites.net\\\/es\\\/\",\"name\":\"ES\",\"description\":\"\",\"potentialAction\":[{\"@type\":\"SearchAction\",\"target\":{\"@type\":\"EntryPoint\",\"urlTemplate\":\"https:\\\/\\\/www.top10casinowebsites.net\\\/es\\\/?s={search_term_string}\"},\"query-input\":{\"@type\":\"PropertyValueSpecification\",\"valueRequired\":true,\"valueName\":\"search_term_string\"}}],\"inLanguage\":\"en-US\"}]}<\/script>\n<!-- \/ Yoast SEO plugin. -->","yoast_head_json":{"title":"Casinos paypal \u2013 dep\u00f3sitos usando paypal en casinos online","description":"Descrube las muchas y variadas ventajas que te ofrece el m\u00e9todo de pago Paypal para realizar ingresos a tu cuenta de casino online preferida.","robots":{"index":"index","follow":"follow","max-snippet":"max-snippet:-1","max-image-preview":"max-image-preview:large","max-video-preview":"max-video-preview:-1"},"canonical":"https:\/\/www.top10casinowebsites.net\/es\/metodos-de-deposito\/paypal","og_locale":"en_US","og_type":"article","og_title":"Casinos paypal \u2013 dep\u00f3sitos usando paypal en casinos online","og_description":"Descrube las muchas y variadas ventajas que te ofrece el m\u00e9todo de pago Paypal para realizar ingresos a tu cuenta de casino online preferida.","og_url":"https:\/\/www.top10casinowebsites.net\/es\/metodos-de-deposito\/paypal","og_site_name":"ES","article_modified_time":"2018-07-17T15:30:37+00:00","twitter_card":"summary_large_image","twitter_misc":{"Est. reading time":"4 minutes"},"schema":{"@context":"https:\/\/schema.org","@graph":[{"@type":"WebPage","@id":"https:\/\/www.top10casinowebsites.net\/es\/metodos-de-deposito\/paypal","url":"https:\/\/www.top10casinowebsites.net\/es\/metodos-de-deposito\/paypal","name":"Casinos paypal \u2013 dep\u00f3sitos usando paypal en casinos online","isPartOf":{"@id":"https:\/\/www.top10casinowebsites.net\/es\/#website"},"primaryImageOfPage":{"@id":"https:\/\/www.top10casinowebsites.net\/es\/metodos-de-deposito\/paypal#primaryimage"},"image":{"@id":"https:\/\/www.top10casinowebsites.net\/es\/metodos-de-deposito\/paypal#primaryimage"},"thumbnailUrl":"https:\/\/www.top10casinowebsites.net\/wp-content\/uploads\/2017\/01\/paypal.jpg","datePublished":"2017-01-31T10:45:12+00:00","dateModified":"2018-07-17T15:30:37+00:00","description":"Descrube las muchas y variadas ventajas que te ofrece el m\u00e9todo de pago Paypal para realizar ingresos a tu cuenta de casino online preferida.","breadcrumb":{"@id":"https:\/\/www.top10casinowebsites.net\/es\/metodos-de-deposito\/paypal#breadcrumb"},"inLanguage":"en-US","potentialAction":[{"@type":"ReadAction","target":["https:\/\/www.top10casinowebsites.net\/es\/metodos-de-deposito\/paypal"]}]},{"@type":"ImageObject","inLanguage":"en-US","@id":"https:\/\/www.top10casinowebsites.net\/es\/metodos-de-deposito\/paypal#primaryimage","url":"https:\/\/www.top10casinowebsites.net\/wp-content\/uploads\/2017\/01\/paypal.jpg","contentUrl":"https:\/\/www.top10casinowebsites.net\/wp-content\/uploads\/2017\/01\/paypal.jpg"},{"@type":"BreadcrumbList","@id":"https:\/\/www.top10casinowebsites.net\/es\/metodos-de-deposito\/paypal#breadcrumb","itemListElement":[{"@type":"ListItem","position":1,"name":"Home","item":"https:\/\/www.top10casinowebsites.net\/es\/"},{"@type":"ListItem","position":2,"name":"M\u00e9todos de dep\u00f3sito \u2013 gu\u00eda completa de las opciones de dep\u00f3sito para casinos","item":"https:\/\/www.top10casinowebsites.net\/es\/metodos-de-deposito"},{"@type":"ListItem","position":3,"name":"Casinos Paypal \u2013 dep\u00f3sitos usando Paypal en casinos online"}]},{"@type":"WebSite","@id":"https:\/\/www.top10casinowebsites.net\/es\/#website","url":"https:\/\/www.top10casinowebsites.net\/es\/","name":"ES","description":"","potentialAction":[{"@type":"SearchAction","target":{"@type":"EntryPoint","urlTemplate":"https:\/\/www.top10casinowebsites.net\/es\/?s={search_term_string}"},"query-input":{"@type":"PropertyValueSpecification","valueRequired":true,"valueName":"search_term_string"}}],"inLanguage":"en-US"}]}},"_links":{"self":[{"href":"https:\/\/www.top10casinowebsites.net\/es\/wp-json\/wp\/v2\/pages\/1787","targetHints":{"allow":["GET"]}}],"collection":[{"href":"https:\/\/www.top10casinowebsites.net\/es\/wp-json\/wp\/v2\/pages"}],"about":[{"href":"https:\/\/www.top10casinowebsites.net\/es\/wp-json\/wp\/v2\/types\/page"}],"author":[{"embeddable":true,"href":"https:\/\/www.top10casinowebsites.net\/es\/wp-json\/wp\/v2\/users\/4"}],"replies":[{"embeddable":true,"href":"https:\/\/www.top10casinowebsites.net\/es\/wp-json\/wp\/v2\/comments?post=1787"}],"version-history":[{"count":2,"href":"https:\/\/www.top10casinowebsites.net\/es\/wp-json\/wp\/v2\/pages\/1787\/revisions"}],"predecessor-version":[{"id":2127,"href":"https:\/\/www.top10casinowebsites.net\/es\/wp-json\/wp\/v2\/pages\/1787\/revisions\/2127"}],"up":[{"embeddable":true,"href":"https:\/\/www.top10casinowebsites.net\/es\/wp-json\/wp\/v2\/pages\/1766"}],"wp:attachment":[{"href":"https:\/\/www.top10casinowebsites.net\/es\/wp-json\/wp\/v2\/media?parent=1787"}],"curies":[{"name":"wp","href":"https:\/\/api.w.org\/{rel}","templated":true}]}}