{"id":1789,"date":"2017-01-31T11:07:58","date_gmt":"2017-01-31T11:07:58","guid":{"rendered":"https:\/\/www.top10casinowebsites.net\/?page_id=1789"},"modified":"2017-10-06T17:13:06","modified_gmt":"2017-10-06T17:13:06","slug":"paysafecard","status":"publish","type":"page","link":"https:\/\/www.top10casinowebsites.net\/es\/metodos-de-deposito\/paysafecard","title":{"rendered":"Casinos Paysafecard \u2013 deposita dinero en tu cuenta de casino online con Paysafecard"},"content":{"rendered":"<p><img decoding=\"async\" class=\"alignright size-full wp-image-1790\" src=\"https:\/\/www.top10casinowebsites.net\/wp-content\/uploads\/2017\/01\/paysafecard.jpg\" alt=\"Deposit using paysafecard\" width=\"300\" \/><a href=\"https:\/\/www.paysafecard.com\/es-es\/\">Paysafecard<\/a> es una de las m\u00e1s seguras, simples y f\u00e1ciles formas de realizar transacciones online. Paysafecard es un magn\u00edfico m\u00e9todo de pago que se puede usar en los casinos online y que podr\u00e1s encontrar en cualquiera de estas p\u00e1ginas como v\u00eda de ingreso y retirada de dinero debido a su gran demanda.<\/p>\n<p>El principal objetivo del servicio Paysafecard es la seguridad y la privacidad, y es por esto que este es uno de los m\u00e9todos de pago online m\u00e1s seguros, adem\u00e1s que no necesitas a\u00f1adir ning\u00fan tipo de informaci\u00f3n personal o bancaria cuando realizas los movimientos. De hecho, no es necesario siquiera que tengas una cuenta bancaria para comprar una tarjeta Paysafecard.<\/p>\n<p>Usar Paysafecard es uno de los m\u00e9todos m\u00e1s cercanos a pagar directamente con dinero en met\u00e1lico para pagos online. Debido a los problemas de intento de fraude en el pasado usando m\u00e9todos como las transacciones online y los pagos con tarjetas de cr\u00e9dito, la opci\u00f3n Paysafecard ofrece al usuario un servicio totalmente seguro y privado.<\/p>\n<h2>Mejores p\u00e1ginas de casino<\/h2>\n<div class=\"grid-contents\" id=\"grid-contents\"><table class=\"cas_table\" ><tbody><tr class=\"rank-1\">\n                                <td class=\"ranking\">1<\/td>\n                                <td class=\"brandcol\">\n                                    <a href=https:\/\/www.top10casinowebsites.net\/es\/review\/888-casino class=\"brand brand-bg\"><img loading=\"lazy\" decoding=\"async\" class=\"group list-group-image\" src=\"https:\/\/static.top10casinowebsites.net\/images\/casino-rooms\/888-casino-logo.png\" width=\"200\" height=\"128\"\/><\/a>\n                                <\/td>\n                                <td class=\"bonus\" data-title=\"Bonus\">\n\t\t\t\t\t               <p class=\"bonus-text\"><strong>$888<\/strong>Welcome Bonus <br>(<a href=\"https:\/\/www.top10casinowebsites.net\/es\/review\/888-casino\">T&Cs apply, 18+<\/a>)<\/p>\n\t\t\t\t                <\/td>\n\t\t\t\t\t            <td class=\"badge_game\" data-title=\"Rating\">\n                                    <div class=\"rating\"><strong>5<\/strong>\/5<\/div>\n                                    <div class=\"rating stars\" style=\"margin-top: 5px;\"><span class=\"icon icon-stars\"><span class=\"icon-stars green\" style=\"width: 100%;\"><\/span><\/span><\/div>\n\t\t\t\t\t            <\/td>\n                               \n                                <td class=\"play\">\n\t\t\t\t\t               <a class=\"button-gold\" rel=\"nofollow\" href=\"https:\/\/www.top10casinowebsites.net\/es\/review\/888-casino\">Visit<\/a>\n\t                               <div class=\"\">\n\t\t\t\t\t                   <a class=\"review-snippet-link-play-now-col\" href=\"https:\/\/www.top10casinowebsites.net\/es\/review\/888-casino\">Read Review<\/a>\n\t\t\t\t\t               <\/div>\n\t\t\t\t\t           <\/td>\n     \t\t\t\t        <\/tr><\/tbody><\/table><\/div>\n<p>Paysafecard est\u00e1 disponible para su compra en <strong>m\u00e1s de 500.000 establecimientos y localizaciones<\/strong> en muchos pa\u00edses alrededor del mundo. Estos recibos se pueden obtener en estaciones de servicio, oficinas de correos, bancos, supermercados, tiendas y otros espacios similares. Para encontrar un distribuidor en tu zona, entra a la p\u00e1gina web de Paysafecard e introduce tu localidad en la barra de b\u00fasqueda de puntos de venta. A continuaci\u00f3n aparecer\u00e1n los negocios de tu ciudad o m\u00e1s cercana a ella donde se venden estas tarjetas.<\/p>\n<h2>\u00bfC\u00f3mo funciona el m\u00e9todo de pago de Paysafecard?<\/h2>\n<p>Este es uno de los m\u00e9todos de pago online tan simple y f\u00e1cil, que resulta tan sencillo como realizar una compra con dinero en efectivo en cualquier establecimiento o comercio. Todo lo que tienes que hacer es dirigirte hacia un proveedor Paysafecard de tu ciudad y comprar dicho servicio. Debes elegir la cantidad de dinero que deseas que se cargue en tu recibo Paysafecard y, una vez hayas pagado, recibir\u00e1s un ticket valorado en la cantidad seleccionada. Dicho cup\u00f3n tendr\u00e1 un <strong>n\u00famero de 16 d\u00edgitos<\/strong>, que ser\u00e1 el que tengas que usar para realizar el pago online.<\/p>\n<p><strong>paysafecard<\/strong><\/p>\n<p>Para usar Paysafecard en tu cuenta de casino online, dir\u00edgete a la secci\u00f3n \u00b4cajero\u00b4 una vez hayas iniciado sesi\u00f3n con tu nombre de usuario. Selecciona \u00b4realizar un dep\u00f3sito\u00b4 y cuando aparezca la lista de m\u00e9todos de pago, elige Paysafecard. A continuaci\u00f3n tendr\u00e1s que escribir el n\u00famero de 16 d\u00edgitos proporcionado con el ticket de compra. Una vez hayas introducido y confirmado el n\u00famero, los fondos ser\u00e1n a\u00f1adidos a tu cuenta de manera instant\u00e1nea.<\/p>\n<p>Paysafecard es m\u00e1s beneficiosa gracias a su alta seguridad en pagos r\u00e1pidos en casinos online. El \u00fanico inconveniente que posee Paysafecard, es que no podr\u00e1s retirar fondos de tu cuenta utilizando esta v\u00eda y que el ticket podr\u00e1 usarse en una sola ocasi\u00f3n. A parte de estos peque\u00f1os inconvenientes, Paysafecard es un excelente y efectivo m\u00e9todo para depositar dinero en tu cuenta de casino online.<\/p>\n<h2>Ventajas de usar el m\u00e9todo de pago Paysafecard<\/h2>\n<p>Actualmente, Paysafecard es aceptada por la mayor\u00eda de <a href=\"\/es\/casinos\">casinos online del mundo<\/a> y resulta un m\u00e9todo para depositar fondos en tu cuenta muy seguro y fiable. Resulta tambi\u00e9n bastante \u00fatil si has excedido tu l\u00edmite de ingreso de fondos con otras alternativas como la tarjeta de cr\u00e9dito o d\u00e9bito, ya que podr\u00e1s usar Paysafecard para recargar tu cuenta con la m\u00e1xima discreci\u00f3n.<\/p>\n<p>En este sentido, te recomendamos que uses este m\u00e9todo de pago como opci\u00f3n alternativa, en el caso que experimentes problemas o retrasos en los pagos con tu servicio de pago habitual.<\/p>\n<p>Utilizar Paysafecard te ayudar\u00e1 tambi\u00e9n a monitorizar los fondos de tu cuenta y establecer l\u00edmites, ya que en tu bolsa se depositar\u00e1 \u00fanicamente la cantidad que pagaste previamente. Para jugadores de casino online que necesitan reducir su gasto o que tienen ciertos problemas para auto imponerse ciertos l\u00edmites en las cantidades apostadas, usar Paysafecard puede resultar de gran asistencia.<\/p>\n","protected":false},"excerpt":{"rendered":"<p>Paysafecard es una de las m\u00e1s seguras, simples y f\u00e1ciles formas de realizar transacciones online. Paysafecard es un magn\u00edfico m\u00e9todo de pago que se puede usar en los casinos online y que podr\u00e1s encontrar en cualquiera de estas p\u00e1ginas como v\u00eda de ingreso y retirada de dinero debido a su gran demanda. El principal objetivo [&hellip;]<\/p>\n","protected":false},"author":4,"featured_media":0,"parent":1766,"menu_order":0,"comment_status":"closed","ping_status":"closed","template":"","meta":{"_acf_changed":false,"footnotes":""},"class_list":["post-1789","page","type-page","status-publish","hentry"],"acf":[],"yoast_head":"<!-- This site is optimized with the Yoast SEO plugin v27.4 - https:\/\/yoast.com\/product\/yoast-seo-wordpress\/ -->\n<title>Casinos Paysafecard \u2013 deposita dinero en tu cuenta de casino online con Paysafecard<\/title>\n<meta name=\"description\" content=\"Te mostramos los beneficios que supone para el jugador de casinos online utilizar el m\u00e9todo de pago Paysafecard como alternativa al ingreso de fondos en su cuenta.\" \/>\n<meta name=\"robots\" content=\"index, follow, max-snippet:-1, max-image-preview:large, max-video-preview:-1\" \/>\n<link rel=\"canonical\" href=\"https:\/\/www.top10casinowebsites.net\/es\/metodos-de-deposito\/paysafecard\" \/>\n<meta property=\"og:locale\" content=\"en_US\" \/>\n<meta property=\"og:type\" content=\"article\" \/>\n<meta property=\"og:title\" content=\"Casinos Paysafecard \u2013 deposita dinero en tu cuenta de casino online con Paysafecard\" \/>\n<meta property=\"og:description\" content=\"Te mostramos los beneficios que supone para el jugador de casinos online utilizar el m\u00e9todo de pago Paysafecard como alternativa al ingreso de fondos en su cuenta.\" \/>\n<meta property=\"og:url\" content=\"https:\/\/www.top10casinowebsites.net\/es\/metodos-de-deposito\/paysafecard\" \/>\n<meta property=\"og:site_name\" content=\"ES\" \/>\n<meta property=\"article:modified_time\" content=\"2017-10-06T17:13:06+00:00\" \/>\n<meta name=\"twitter:card\" content=\"summary_large_image\" \/>\n<meta name=\"twitter:label1\" content=\"Est. reading time\" \/>\n\t<meta name=\"twitter:data1\" content=\"4 minutes\" \/>\n<script type=\"application\/ld+json\" class=\"yoast-schema-graph\">{\"@context\":\"https:\\\/\\\/schema.org\",\"@graph\":[{\"@type\":\"WebPage\",\"@id\":\"https:\\\/\\\/www.top10casinowebsites.net\\\/es\\\/metodos-de-deposito\\\/paysafecard\",\"url\":\"https:\\\/\\\/www.top10casinowebsites.net\\\/es\\\/metodos-de-deposito\\\/paysafecard\",\"name\":\"Casinos Paysafecard \u2013 deposita dinero en tu cuenta de casino online con Paysafecard\",\"isPartOf\":{\"@id\":\"https:\\\/\\\/www.top10casinowebsites.net\\\/es\\\/#website\"},\"primaryImageOfPage\":{\"@id\":\"https:\\\/\\\/www.top10casinowebsites.net\\\/es\\\/metodos-de-deposito\\\/paysafecard#primaryimage\"},\"image\":{\"@id\":\"https:\\\/\\\/www.top10casinowebsites.net\\\/es\\\/metodos-de-deposito\\\/paysafecard#primaryimage\"},\"thumbnailUrl\":\"https:\\\/\\\/www.top10casinowebsites.net\\\/wp-content\\\/uploads\\\/2017\\\/01\\\/paysafecard.jpg\",\"datePublished\":\"2017-01-31T11:07:58+00:00\",\"dateModified\":\"2017-10-06T17:13:06+00:00\",\"description\":\"Te mostramos los beneficios que supone para el jugador de casinos online utilizar el m\u00e9todo de pago Paysafecard como alternativa al ingreso de fondos en su cuenta.\",\"breadcrumb\":{\"@id\":\"https:\\\/\\\/www.top10casinowebsites.net\\\/es\\\/metodos-de-deposito\\\/paysafecard#breadcrumb\"},\"inLanguage\":\"en-US\",\"potentialAction\":[{\"@type\":\"ReadAction\",\"target\":[\"https:\\\/\\\/www.top10casinowebsites.net\\\/es\\\/metodos-de-deposito\\\/paysafecard\"]}]},{\"@type\":\"ImageObject\",\"inLanguage\":\"en-US\",\"@id\":\"https:\\\/\\\/www.top10casinowebsites.net\\\/es\\\/metodos-de-deposito\\\/paysafecard#primaryimage\",\"url\":\"https:\\\/\\\/www.top10casinowebsites.net\\\/wp-content\\\/uploads\\\/2017\\\/01\\\/paysafecard.jpg\",\"contentUrl\":\"https:\\\/\\\/www.top10casinowebsites.net\\\/wp-content\\\/uploads\\\/2017\\\/01\\\/paysafecard.jpg\"},{\"@type\":\"BreadcrumbList\",\"@id\":\"https:\\\/\\\/www.top10casinowebsites.net\\\/es\\\/metodos-de-deposito\\\/paysafecard#breadcrumb\",\"itemListElement\":[{\"@type\":\"ListItem\",\"position\":1,\"name\":\"Home\",\"item\":\"https:\\\/\\\/www.top10casinowebsites.net\\\/es\\\/\"},{\"@type\":\"ListItem\",\"position\":2,\"name\":\"M\u00e9todos de dep\u00f3sito \u2013 gu\u00eda completa de las opciones de dep\u00f3sito para casinos\",\"item\":\"https:\\\/\\\/www.top10casinowebsites.net\\\/es\\\/metodos-de-deposito\"},{\"@type\":\"ListItem\",\"position\":3,\"name\":\"Casinos Paysafecard \u2013 deposita dinero en tu cuenta de casino online con Paysafecard\"}]},{\"@type\":\"WebSite\",\"@id\":\"https:\\\/\\\/www.top10casinowebsites.net\\\/es\\\/#website\",\"url\":\"https:\\\/\\\/www.top10casinowebsites.net\\\/es\\\/\",\"name\":\"ES\",\"description\":\"\",\"potentialAction\":[{\"@type\":\"SearchAction\",\"target\":{\"@type\":\"EntryPoint\",\"urlTemplate\":\"https:\\\/\\\/www.top10casinowebsites.net\\\/es\\\/?s={search_term_string}\"},\"query-input\":{\"@type\":\"PropertyValueSpecification\",\"valueRequired\":true,\"valueName\":\"search_term_string\"}}],\"inLanguage\":\"en-US\"}]}<\/script>\n<!-- \/ Yoast SEO plugin. -->","yoast_head_json":{"title":"Casinos Paysafecard \u2013 deposita dinero en tu cuenta de casino online con Paysafecard","description":"Te mostramos los beneficios que supone para el jugador de casinos online utilizar el m\u00e9todo de pago Paysafecard como alternativa al ingreso de fondos en su cuenta.","robots":{"index":"index","follow":"follow","max-snippet":"max-snippet:-1","max-image-preview":"max-image-preview:large","max-video-preview":"max-video-preview:-1"},"canonical":"https:\/\/www.top10casinowebsites.net\/es\/metodos-de-deposito\/paysafecard","og_locale":"en_US","og_type":"article","og_title":"Casinos Paysafecard \u2013 deposita dinero en tu cuenta de casino online con Paysafecard","og_description":"Te mostramos los beneficios que supone para el jugador de casinos online utilizar el m\u00e9todo de pago Paysafecard como alternativa al ingreso de fondos en su cuenta.","og_url":"https:\/\/www.top10casinowebsites.net\/es\/metodos-de-deposito\/paysafecard","og_site_name":"ES","article_modified_time":"2017-10-06T17:13:06+00:00","twitter_card":"summary_large_image","twitter_misc":{"Est. reading time":"4 minutes"},"schema":{"@context":"https:\/\/schema.org","@graph":[{"@type":"WebPage","@id":"https:\/\/www.top10casinowebsites.net\/es\/metodos-de-deposito\/paysafecard","url":"https:\/\/www.top10casinowebsites.net\/es\/metodos-de-deposito\/paysafecard","name":"Casinos Paysafecard \u2013 deposita dinero en tu cuenta de casino online con Paysafecard","isPartOf":{"@id":"https:\/\/www.top10casinowebsites.net\/es\/#website"},"primaryImageOfPage":{"@id":"https:\/\/www.top10casinowebsites.net\/es\/metodos-de-deposito\/paysafecard#primaryimage"},"image":{"@id":"https:\/\/www.top10casinowebsites.net\/es\/metodos-de-deposito\/paysafecard#primaryimage"},"thumbnailUrl":"https:\/\/www.top10casinowebsites.net\/wp-content\/uploads\/2017\/01\/paysafecard.jpg","datePublished":"2017-01-31T11:07:58+00:00","dateModified":"2017-10-06T17:13:06+00:00","description":"Te mostramos los beneficios que supone para el jugador de casinos online utilizar el m\u00e9todo de pago Paysafecard como alternativa al ingreso de fondos en su cuenta.","breadcrumb":{"@id":"https:\/\/www.top10casinowebsites.net\/es\/metodos-de-deposito\/paysafecard#breadcrumb"},"inLanguage":"en-US","potentialAction":[{"@type":"ReadAction","target":["https:\/\/www.top10casinowebsites.net\/es\/metodos-de-deposito\/paysafecard"]}]},{"@type":"ImageObject","inLanguage":"en-US","@id":"https:\/\/www.top10casinowebsites.net\/es\/metodos-de-deposito\/paysafecard#primaryimage","url":"https:\/\/www.top10casinowebsites.net\/wp-content\/uploads\/2017\/01\/paysafecard.jpg","contentUrl":"https:\/\/www.top10casinowebsites.net\/wp-content\/uploads\/2017\/01\/paysafecard.jpg"},{"@type":"BreadcrumbList","@id":"https:\/\/www.top10casinowebsites.net\/es\/metodos-de-deposito\/paysafecard#breadcrumb","itemListElement":[{"@type":"ListItem","position":1,"name":"Home","item":"https:\/\/www.top10casinowebsites.net\/es\/"},{"@type":"ListItem","position":2,"name":"M\u00e9todos de dep\u00f3sito \u2013 gu\u00eda completa de las opciones de dep\u00f3sito para casinos","item":"https:\/\/www.top10casinowebsites.net\/es\/metodos-de-deposito"},{"@type":"ListItem","position":3,"name":"Casinos Paysafecard \u2013 deposita dinero en tu cuenta de casino online con Paysafecard"}]},{"@type":"WebSite","@id":"https:\/\/www.top10casinowebsites.net\/es\/#website","url":"https:\/\/www.top10casinowebsites.net\/es\/","name":"ES","description":"","potentialAction":[{"@type":"SearchAction","target":{"@type":"EntryPoint","urlTemplate":"https:\/\/www.top10casinowebsites.net\/es\/?s={search_term_string}"},"query-input":{"@type":"PropertyValueSpecification","valueRequired":true,"valueName":"search_term_string"}}],"inLanguage":"en-US"}]}},"_links":{"self":[{"href":"https:\/\/www.top10casinowebsites.net\/es\/wp-json\/wp\/v2\/pages\/1789","targetHints":{"allow":["GET"]}}],"collection":[{"href":"https:\/\/www.top10casinowebsites.net\/es\/wp-json\/wp\/v2\/pages"}],"about":[{"href":"https:\/\/www.top10casinowebsites.net\/es\/wp-json\/wp\/v2\/types\/page"}],"author":[{"embeddable":true,"href":"https:\/\/www.top10casinowebsites.net\/es\/wp-json\/wp\/v2\/users\/4"}],"replies":[{"embeddable":true,"href":"https:\/\/www.top10casinowebsites.net\/es\/wp-json\/wp\/v2\/comments?post=1789"}],"version-history":[{"count":2,"href":"https:\/\/www.top10casinowebsites.net\/es\/wp-json\/wp\/v2\/pages\/1789\/revisions"}],"predecessor-version":[{"id":2128,"href":"https:\/\/www.top10casinowebsites.net\/es\/wp-json\/wp\/v2\/pages\/1789\/revisions\/2128"}],"up":[{"embeddable":true,"href":"https:\/\/www.top10casinowebsites.net\/es\/wp-json\/wp\/v2\/pages\/1766"}],"wp:attachment":[{"href":"https:\/\/www.top10casinowebsites.net\/es\/wp-json\/wp\/v2\/media?parent=1789"}],"curies":[{"name":"wp","href":"https:\/\/api.w.org\/{rel}","templated":true}]}}